{"id":12564,"date":"2022-01-23T03:35:11","date_gmt":"2022-01-23T03:35:11","guid":{"rendered":"https:\/\/test.shrimataji.org\/?page_id=6283"},"modified":"2025-07-09T19:05:39","modified_gmt":"2025-07-09T19:05:39","slug":"kollektiivinen-meditaatio","status":"publish","type":"page","link":"https:\/\/shrimataji.org\/test\/fi\/kollektiivinen-meditaatio\/","title":{"rendered":"Kollektiivinen meditaatio"},"content":{"rendered":"\n\n\t<h1>Kollektiivinen meditaatio<\/h1>\n<h2>Tuleminen osaksi kokonaisuutta<\/h2>\n<div class=\"su-quote su-quote-style-default\"><div class=\"su-quote-inner su-u-clearfix su-u-trim\">Henki on kollektiivinen olento meiss\u00e4. Kun se ilmenee, h\u00e4mm\u00e4styt siit\u00e4, ett\u00e4 voit tuntea toisen ihmisen hienojakoiset keskukset sormenp\u00e4iss\u00e4si ja voit tuntea my\u00f6s oman olemuksesi hienojakoiset keskukset sormenp\u00e4iss\u00e4si. <\/div><\/div>\n<h4>Shri Mataji paljastaa opetuksissaan, ett\u00e4 olemme itse asiassa osa el\u00e4v\u00e4\u00e4 henkist\u00e4 maailmankaikkeutta (Virata), joka on olemassa ikuisesti avaruuden, ajan ja materian ulottuvuuksien ulkopuolella. Aivan kuten kehomme solut, jotka s\u00e4ilyv\u00e4t, kun ne ovat osa kehoa, ja lakkaavat olemasta, kun ne erotetaan muusta kehosta, henkisen tietoisuutemme ikuinen kasvu s\u00e4ilyy parhaiten, kun kehit\u00e4mme tunteen siit\u00e4, ett\u00e4 olemme osa yht\u00e4 kokonaista kehoa ja meditoimme yhdess\u00e4, muiden kanssa, kollektiivisesti.<\/h4>\n<p>Ei tarvita tiloja, joissa on paljon mukavuuksia ja ylellisyytt\u00e4. Paikka voi olla yksinkertainen; t\u00e4rke\u00e4\u00e4 on, ett\u00e4 ihminen tulee sinne yksinkertaisella ja puhtaalla halulla meditoida ja tuntea olonsa mukavaksi kaikessa asustavan ikuisen Hengen kanssa, nauttia hiljaisen meditaation valtameren autuudesta, kun oivaltaneet sielut meditoivat yhdess\u00e4.<\/p>\n<p>Shri Mataji suositteli sahaja-joogeille, jotka ovat saaneet itseoivalluksensa, ett\u00e4 he etsisiv\u00e4t yksinkertaisia paikkoja, joihin alueella asuvat ihmiset p\u00e4\u00e4sev\u00e4t helposti, ja voivat kokoontua yhteen meditoimaan.<\/p>\n<p>Vuodesta 1970 l\u00e4htien Sahaja Yogan harjoittajat ovat vapaaehtoisesti yll\u00e4pit\u00e4neet tuhansia paikallisia Sahaja Yoga -meditaatiokeskuksia ymp\u00e4ri maailmaa auttaakseen kaikkia totuuden etsij\u00f6it\u00e4 saamaan itseoivalluksensa ja vakiintumaan meditaatioon. Itseoivalluksen kokemuksesta ja Shri Matajin perustaman Sahaja Yogan harjoittamiseen tarvittavan tiedon hankkimisesta ei ole koskaan peritty rahaa.<\/p>\n<h2>Maailmanlaajuiset Sahaja Yoga -meditaatiokeskukset<\/h2>\n<p>L\u00f6yd\u00e4t l\u00e4himm\u00e4n Sahaja Yoga -meditaatiokeskuksen ja online-meditaatiokurssit ja -ohjelmat interaktiivisen kartan avulla. K\u00e4yt\u00e4 linkkej\u00e4 Sahaja Yogan verkkosivujen l\u00f6yt\u00e4miseen saadaksesi lis\u00e4tietoja.<\/p>\n\t\t\t\t\t<a href=\"#\"  id=\"fl-accordion--label-0\" tabindex=\"0\" aria-controls=\"fl-accordion--panel-0\">Kartta<\/a>\n\t\t\t\t\t\t\t\t\t\t\t<a href=\"#\" id=\"fl-accordion--icon-0\"  tabindex=\"0\"><i title=\"Expand\">Expand<\/i><\/a>\n\t\t\t\t\t<h4>Note: <\/h4>\n<p>This map is a work in progress and currently only represents a small sample of the Sahaja Yoga meeting centers and courses around the world. Please zoom in to see more meeting locations which you can contact. The list is being updated on a regular basis, so be sure to revisit if you can&#8217;t locate a meeting close to you at this time.<\/p>\n<p><iframe loading=\"lazy\" src=\"\/map\/atlas.html\" width=\"100%\" height=\"500px\">Your browser does not support iframes.<\/iframe><\/p>\n\t\t\t\t\t<a href=\"#\"  id=\"fl-accordion--label-1\" tabindex=\"0\" aria-controls=\"fl-accordion--panel-1\">Linkit<\/a>\n\t\t\t\t\t\t\t\t\t\t\t<a href=\"#\" id=\"fl-accordion--icon-1\"  tabindex=\"0\"><i title=\"Expand\">Expand<\/i><\/a>\n\t\t\t\t\t<h4><strong>List of international Sahaja Yoga Websites<\/strong><\/h4>\n<p>Locate a Sahaja Yoga website in your country<\/p>\n<p><iframe loading=\"lazy\" src=\"\/map\/world.html\" width=\"100%\" height=\"500px\">Your browser does not support iframes.<\/iframe><\/p>\n\n","protected":false},"excerpt":{"rendered":"<p>Kollektiivinen meditaatio Tuleminen osaksi kokonaisuutta Shri Mataji paljastaa opetuksissaan, ett\u00e4 olemme itse asiassa osa el\u00e4v\u00e4\u00e4 henkist\u00e4 maailmankaikkeutta (Virata), joka on olemassa ikuisesti avaruuden, ajan ja materian ulottuvuuksien ulkopuolella. Aivan kuten kehomme solut, jotka s\u00e4ilyv\u00e4t, kun ne ovat osa kehoa, ja lakkaavat olemasta, kun ne erotetaan muusta kehosta, henkisen tietoisuutemme ikuinen kasvu s\u00e4ilyy parhaiten, kun kehit\u00e4mme&hellip; <br \/> <a class=\"read-more\" href=\"https:\/\/shrimataji.org\/test\/fi\/kollektiivinen-meditaatio\/\">Read more<\/a><\/p>\n","protected":false},"author":29,"featured_media":9241,"parent":0,"menu_order":0,"comment_status":"closed","ping_status":"closed","template":"","meta":{"inline_featured_image":false,"footnotes":""},"class_list":["post-12564","page","type-page","status-publish","has-post-thumbnail","hentry"],"yoast_head":"<!-- This site is optimized with the Yoast SEO plugin v27.4 - https:\/\/yoast.com\/product\/yoast-seo-wordpress\/ -->\n<title>Kollektiivinen meditaatio - TEST - SMND<\/title>\n<meta name=\"robots\" content=\"noindex, follow, max-snippet:-1, max-image-preview:large, max-video-preview:-1\" \/>\n<meta property=\"og:locale\" content=\"en_US\" \/>\n<meta property=\"og:type\" content=\"article\" \/>\n<meta property=\"og:title\" content=\"Kollektiivinen meditaatio - TEST - SMND\" \/>\n<meta property=\"og:description\" content=\"Kollektiivinen meditaatio Tuleminen osaksi kokonaisuutta Shri Mataji paljastaa opetuksissaan, ett\u00e4 olemme itse asiassa osa el\u00e4v\u00e4\u00e4 henkist\u00e4 maailmankaikkeutta (Virata), joka on olemassa ikuisesti avaruuden, ajan ja materian ulottuvuuksien ulkopuolella. Aivan kuten kehomme solut, jotka s\u00e4ilyv\u00e4t, kun ne ovat osa kehoa, ja lakkaavat olemasta, kun ne erotetaan muusta kehosta, henkisen tietoisuutemme ikuinen kasvu s\u00e4ilyy parhaiten, kun kehit\u00e4mme&hellip; Read more\" \/>\n<meta property=\"og:url\" content=\"https:\/\/shrimataji.org\/test\/fi\/kollektiivinen-meditaatio\/\" \/>\n<meta property=\"og:site_name\" content=\"TEST - SMND\" \/>\n<meta property=\"article:publisher\" content=\"https:\/\/www.facebook.com\/shrimataji\" \/>\n<meta property=\"article:modified_time\" content=\"2025-07-09T19:05:39+00:00\" \/>\n<meta property=\"og:image\" content=\"https:\/\/shrimataji.org\/test\/wp-content\/uploads\/2023\/03\/6_Banner-SY-collective-scaled.jpg\" \/>\n\t<meta property=\"og:image:width\" content=\"2560\" \/>\n\t<meta property=\"og:image:height\" content=\"905\" \/>\n\t<meta property=\"og:image:type\" content=\"image\/jpeg\" \/>\n<meta name=\"twitter:card\" content=\"summary_large_image\" \/>\n<meta name=\"twitter:site\" content=\"@shrimataji\" \/>\n<meta name=\"twitter:label1\" content=\"Est. reading time\" \/>\n\t<meta name=\"twitter:data1\" content=\"2 minutes\" \/>\n<script type=\"application\/ld+json\" class=\"yoast-schema-graph\">{\"@context\":\"https:\\\/\\\/schema.org\",\"@graph\":[{\"@type\":\"WebPage\",\"@id\":\"https:\\\/\\\/shrimataji.org\\\/test\\\/fi\\\/kollektiivinen-meditaatio\\\/\",\"url\":\"https:\\\/\\\/shrimataji.org\\\/test\\\/fi\\\/kollektiivinen-meditaatio\\\/\",\"name\":\"Kollektiivinen meditaatio - TEST - SMND\",\"isPartOf\":{\"@id\":\"https:\\\/\\\/shrimataji.org\\\/test\\\/#website\"},\"primaryImageOfPage\":{\"@id\":\"https:\\\/\\\/shrimataji.org\\\/test\\\/fi\\\/kollektiivinen-meditaatio\\\/#primaryimage\"},\"image\":{\"@id\":\"https:\\\/\\\/shrimataji.org\\\/test\\\/fi\\\/kollektiivinen-meditaatio\\\/#primaryimage\"},\"thumbnailUrl\":\"https:\\\/\\\/shrimataji.org\\\/test\\\/wp-content\\\/uploads\\\/2023\\\/03\\\/6_Banner-SY-collective-scaled.jpg\",\"datePublished\":\"2022-01-23T03:35:11+00:00\",\"dateModified\":\"2025-07-09T19:05:39+00:00\",\"breadcrumb\":{\"@id\":\"https:\\\/\\\/shrimataji.org\\\/test\\\/fi\\\/kollektiivinen-meditaatio\\\/#breadcrumb\"},\"inLanguage\":\"en-US\",\"potentialAction\":[{\"@type\":\"ReadAction\",\"target\":[\"https:\\\/\\\/shrimataji.org\\\/test\\\/fi\\\/kollektiivinen-meditaatio\\\/\"]}]},{\"@type\":\"ImageObject\",\"inLanguage\":\"en-US\",\"@id\":\"https:\\\/\\\/shrimataji.org\\\/test\\\/fi\\\/kollektiivinen-meditaatio\\\/#primaryimage\",\"url\":\"https:\\\/\\\/shrimataji.org\\\/test\\\/wp-content\\\/uploads\\\/2023\\\/03\\\/6_Banner-SY-collective-scaled.jpg\",\"contentUrl\":\"https:\\\/\\\/shrimataji.org\\\/test\\\/wp-content\\\/uploads\\\/2023\\\/03\\\/6_Banner-SY-collective-scaled.jpg\",\"width\":2560,\"height\":905},{\"@type\":\"BreadcrumbList\",\"@id\":\"https:\\\/\\\/shrimataji.org\\\/test\\\/fi\\\/kollektiivinen-meditaatio\\\/#breadcrumb\",\"itemListElement\":[{\"@type\":\"ListItem\",\"position\":1,\"name\":\"Home\",\"item\":\"https:\\\/\\\/shrimataji.org\\\/test\\\/uk\\\/home-en\\\/\"},{\"@type\":\"ListItem\",\"position\":2,\"name\":\"Kollektiivinen meditaatio\"}]},{\"@type\":\"WebSite\",\"@id\":\"https:\\\/\\\/shrimataji.org\\\/test\\\/#website\",\"url\":\"https:\\\/\\\/shrimataji.org\\\/test\\\/\",\"name\":\"Shri Mataji Nirmala Devi\",\"description\":\"A Life Dedicated to Humanity\",\"publisher\":{\"@id\":\"https:\\\/\\\/shrimataji.org\\\/test\\\/#\\\/schema\\\/person\\\/a1b3419c6585f164aa96da1ff85715d1\"},\"potentialAction\":[{\"@type\":\"SearchAction\",\"target\":{\"@type\":\"EntryPoint\",\"urlTemplate\":\"https:\\\/\\\/shrimataji.org\\\/test\\\/?s={search_term_string}\"},\"query-input\":{\"@type\":\"PropertyValueSpecification\",\"valueRequired\":true,\"valueName\":\"search_term_string\"}}],\"inLanguage\":\"en-US\"},{\"@type\":[\"Person\",\"Organization\"],\"@id\":\"https:\\\/\\\/shrimataji.org\\\/test\\\/#\\\/schema\\\/person\\\/a1b3419c6585f164aa96da1ff85715d1\",\"name\":\"Nirmala Shrivastava\",\"image\":{\"@type\":\"ImageObject\",\"inLanguage\":\"en-US\",\"@id\":\"https:\\\/\\\/shrimataji.org\\\/test\\\/wp-content\\\/uploads\\\/2023\\\/02\\\/SMO_LOGO-03.svg\",\"url\":\"https:\\\/\\\/shrimataji.org\\\/test\\\/wp-content\\\/uploads\\\/2023\\\/02\\\/SMO_LOGO-03.svg\",\"contentUrl\":\"https:\\\/\\\/shrimataji.org\\\/test\\\/wp-content\\\/uploads\\\/2023\\\/02\\\/SMO_LOGO-03.svg\",\"width\":\"1024\",\"height\":\"1024\",\"caption\":\"Nirmala Shrivastava\"},\"logo\":{\"@id\":\"https:\\\/\\\/shrimataji.org\\\/test\\\/wp-content\\\/uploads\\\/2023\\\/02\\\/SMO_LOGO-03.svg\"},\"sameAs\":[\"https:\\\/\\\/shrimataji.org\\\/test\",\"https:\\\/\\\/www.facebook.com\\\/shrimataji\",\"https:\\\/\\\/x.com\\\/shrimataji\",\"https:\\\/\\\/www.youtube.com\\\/@Shri_Mataji_Nirmala_Devi\\\/featured\"]}]}<\/script>\n<!-- \/ Yoast SEO plugin. -->","yoast_head_json":{"title":"Kollektiivinen meditaatio - TEST - SMND","robots":{"index":"noindex","follow":"follow","max-snippet":"max-snippet:-1","max-image-preview":"max-image-preview:large","max-video-preview":"max-video-preview:-1"},"og_locale":"en_US","og_type":"article","og_title":"Kollektiivinen meditaatio - TEST - SMND","og_description":"Kollektiivinen meditaatio Tuleminen osaksi kokonaisuutta Shri Mataji paljastaa opetuksissaan, ett\u00e4 olemme itse asiassa osa el\u00e4v\u00e4\u00e4 henkist\u00e4 maailmankaikkeutta (Virata), joka on olemassa ikuisesti avaruuden, ajan ja materian ulottuvuuksien ulkopuolella. Aivan kuten kehomme solut, jotka s\u00e4ilyv\u00e4t, kun ne ovat osa kehoa, ja lakkaavat olemasta, kun ne erotetaan muusta kehosta, henkisen tietoisuutemme ikuinen kasvu s\u00e4ilyy parhaiten, kun kehit\u00e4mme&hellip; Read more","og_url":"https:\/\/shrimataji.org\/test\/fi\/kollektiivinen-meditaatio\/","og_site_name":"TEST - SMND","article_publisher":"https:\/\/www.facebook.com\/shrimataji","article_modified_time":"2025-07-09T19:05:39+00:00","og_image":[{"width":2560,"height":905,"url":"https:\/\/shrimataji.org\/test\/wp-content\/uploads\/2023\/03\/6_Banner-SY-collective-scaled.jpg","type":"image\/jpeg"}],"twitter_card":"summary_large_image","twitter_site":"@shrimataji","twitter_misc":{"Est. reading time":"2 minutes"},"schema":{"@context":"https:\/\/schema.org","@graph":[{"@type":"WebPage","@id":"https:\/\/shrimataji.org\/test\/fi\/kollektiivinen-meditaatio\/","url":"https:\/\/shrimataji.org\/test\/fi\/kollektiivinen-meditaatio\/","name":"Kollektiivinen meditaatio - TEST - SMND","isPartOf":{"@id":"https:\/\/shrimataji.org\/test\/#website"},"primaryImageOfPage":{"@id":"https:\/\/shrimataji.org\/test\/fi\/kollektiivinen-meditaatio\/#primaryimage"},"image":{"@id":"https:\/\/shrimataji.org\/test\/fi\/kollektiivinen-meditaatio\/#primaryimage"},"thumbnailUrl":"https:\/\/shrimataji.org\/test\/wp-content\/uploads\/2023\/03\/6_Banner-SY-collective-scaled.jpg","datePublished":"2022-01-23T03:35:11+00:00","dateModified":"2025-07-09T19:05:39+00:00","breadcrumb":{"@id":"https:\/\/shrimataji.org\/test\/fi\/kollektiivinen-meditaatio\/#breadcrumb"},"inLanguage":"en-US","potentialAction":[{"@type":"ReadAction","target":["https:\/\/shrimataji.org\/test\/fi\/kollektiivinen-meditaatio\/"]}]},{"@type":"ImageObject","inLanguage":"en-US","@id":"https:\/\/shrimataji.org\/test\/fi\/kollektiivinen-meditaatio\/#primaryimage","url":"https:\/\/shrimataji.org\/test\/wp-content\/uploads\/2023\/03\/6_Banner-SY-collective-scaled.jpg","contentUrl":"https:\/\/shrimataji.org\/test\/wp-content\/uploads\/2023\/03\/6_Banner-SY-collective-scaled.jpg","width":2560,"height":905},{"@type":"BreadcrumbList","@id":"https:\/\/shrimataji.org\/test\/fi\/kollektiivinen-meditaatio\/#breadcrumb","itemListElement":[{"@type":"ListItem","position":1,"name":"Home","item":"https:\/\/shrimataji.org\/test\/uk\/home-en\/"},{"@type":"ListItem","position":2,"name":"Kollektiivinen meditaatio"}]},{"@type":"WebSite","@id":"https:\/\/shrimataji.org\/test\/#website","url":"https:\/\/shrimataji.org\/test\/","name":"Shri Mataji Nirmala Devi","description":"A Life Dedicated to Humanity","publisher":{"@id":"https:\/\/shrimataji.org\/test\/#\/schema\/person\/a1b3419c6585f164aa96da1ff85715d1"},"potentialAction":[{"@type":"SearchAction","target":{"@type":"EntryPoint","urlTemplate":"https:\/\/shrimataji.org\/test\/?s={search_term_string}"},"query-input":{"@type":"PropertyValueSpecification","valueRequired":true,"valueName":"search_term_string"}}],"inLanguage":"en-US"},{"@type":["Person","Organization"],"@id":"https:\/\/shrimataji.org\/test\/#\/schema\/person\/a1b3419c6585f164aa96da1ff85715d1","name":"Nirmala Shrivastava","image":{"@type":"ImageObject","inLanguage":"en-US","@id":"https:\/\/shrimataji.org\/test\/wp-content\/uploads\/2023\/02\/SMO_LOGO-03.svg","url":"https:\/\/shrimataji.org\/test\/wp-content\/uploads\/2023\/02\/SMO_LOGO-03.svg","contentUrl":"https:\/\/shrimataji.org\/test\/wp-content\/uploads\/2023\/02\/SMO_LOGO-03.svg","width":"1024","height":"1024","caption":"Nirmala Shrivastava"},"logo":{"@id":"https:\/\/shrimataji.org\/test\/wp-content\/uploads\/2023\/02\/SMO_LOGO-03.svg"},"sameAs":["https:\/\/shrimataji.org\/test","https:\/\/www.facebook.com\/shrimataji","https:\/\/x.com\/shrimataji","https:\/\/www.youtube.com\/@Shri_Mataji_Nirmala_Devi\/featured"]}]}},"lang":"fi","translations":{"fi":12564,"ur":37402,"en":7046,"am":17973,"th":19904,"hu":19448,"sq":18374,"zh":17271,"hi":7378,"tr":10143,"pt":10356,"de":10630,"fr":10728,"it":10826,"es":10923,"ja":11220,"ru":11408,"bn":11600,"te":11708,"sw":11831,"he":11979,"el":12270,"sk":12368,"fa":12466,"bg":13407,"ro":14481,"cs":14674,"nl":16534,"ku":16694,"ar":16870,"be":18581,"kn":18855,"mr":20268,"uk":20560,"ml":20859,"ta":22689,"sv":22962,"gu":28810,"pa":28968,"fil":29408,"da":37716,"pl":37933,"nn":38268},"pll_sync_post":[],"_links":{"self":[{"href":"https:\/\/shrimataji.org\/test\/wp-json\/wp\/v2\/pages\/12564","targetHints":{"allow":["GET"]}}],"collection":[{"href":"https:\/\/shrimataji.org\/test\/wp-json\/wp\/v2\/pages"}],"about":[{"href":"https:\/\/shrimataji.org\/test\/wp-json\/wp\/v2\/types\/page"}],"author":[{"embeddable":true,"href":"https:\/\/shrimataji.org\/test\/wp-json\/wp\/v2\/users\/29"}],"replies":[{"embeddable":true,"href":"https:\/\/shrimataji.org\/test\/wp-json\/wp\/v2\/comments?post=12564"}],"version-history":[{"count":0,"href":"https:\/\/shrimataji.org\/test\/wp-json\/wp\/v2\/pages\/12564\/revisions"}],"wp:featuredmedia":[{"embeddable":true,"href":"https:\/\/shrimataji.org\/test\/wp-json\/wp\/v2\/media\/9241"}],"wp:attachment":[{"href":"https:\/\/shrimataji.org\/test\/wp-json\/wp\/v2\/media?parent=12564"}],"curies":[{"name":"wp","href":"https:\/\/api.w.org\/{rel}","templated":true}]}}