{"id":12567,"date":"2018-07-10T06:54:42","date_gmt":"2018-07-10T06:54:42","guid":{"rendered":"http:\/\/testwordpress.nirmalnagari.org\/smnd\/index.php\/creativity\/"},"modified":"2025-07-09T20:03:16","modified_gmt":"2025-07-09T20:03:16","slug":"luovuus","status":"publish","type":"page","link":"https:\/\/shrimataji.org\/test\/fi\/luovuus\/","title":{"rendered":"Luovuus"},"content":{"rendered":"\n\n\t<h1>Luovuus<\/h1>\n<h2>Sis\u00e4isen kauneuden ilmaiseminen<\/h2>\n\t<h4>Koko el\u00e4m\u00e4ns\u00e4 ja ty\u00f6ns\u00e4 ajan Shri Mataji omisti paljon aikaa ja energiaa taiteiden edist\u00e4miseen. H\u00e4n piti niit\u00e4 yhten\u00e4 t\u00e4rkeimmist\u00e4 keinoista ilmaista ja ravita maailman kulttuureja. Erityisesti h\u00e4n halusi s\u00e4ilytt\u00e4\u00e4 kotimaansa Intian rikkaat, muinaiset taideperinteet ja kannusti aktiivisesti niiden levitt\u00e4mist\u00e4 ymp\u00e4ri maailmaa.<\/h4>\n\t\t\t\t<img decoding=\"async\" src=\"https:\/\/shrimataji.org\/test\/wp-content\/uploads\/2018\/07\/media_originals\/images\/art\/blick-vom-garten-1024x722.jpg\" alt=\"blick-vom-garten\" itemprop=\"image\" height=\"722\" width=\"1024\" height=\"722\" width=\"1024\" title=\"blick-vom-garten\" onerror=\"this.style.display='none'\" loading='lazy' \/>\n\t<p>Vuonna 2003 Shri Mataji perusti veljens\u00e4 (joka tunnetaan lempinimell\u00e4 Babamama) avustuksella taidekeskuksen Maharashtraan, Intiaan. Oppilaat tulevat kaikkialta maailmasta oppimaan klassista intialaista musiikkia, tanssia ja maalausta t\u00e4ss\u00e4 rauhallisessa maaseutuymp\u00e4rist\u00f6ss\u00e4. Shri Mataji ohjasi henkil\u00f6kohtaisesti <a href=\"https:\/\/www.pksacademy.com\/\" target=\"_blank\" rel=\"noopener\">PK Salve Arts Academyn<\/a> arkkitehtonista suunnittelua samoin kuin muiden humanitaarisiin tarkoituksiin rakennettujen rakennusten suunnittelua, mukaan lukien Delhiss\u00e4 sijaitseva <a href=\"https:\/\/www.nirmalprem.org\/\" target=\"_blank\" rel=\"noopener\">Vishwa Nirmala Prem Centre for Destitute Women and Orphan Children<\/a> (v\u00e4h\u00e4varaisten naisten ja orpolasten keskus).<\/p>\n<p>H\u00e4n ymm\u00e4rsi k\u00e4sintehtyjen tuotteiden merkityksen ja tuki m\u00e4\u00e4r\u00e4tietoisesti Mahatma Gandhin perinteen mukaisesti Intian talous- ja kulttuuriel\u00e4m\u00e4lle elint\u00e4rke\u00e4\u00e4 kotiteollisuutta.<\/p>\n\t<p>Vuosien mittaan Shri Mataji tuki joitakin klassisen intialaisen musiikin ja tanssin tunnetuimpia edustajia ja kutsui heit\u00e4 esiintym\u00e4\u00e4n konsertteihin ja tilaisuuksiin. Monet niist\u00e4, jotka ovat esiintyneet h\u00e4nen l\u00e4sn\u00e4ollessaan, ovat kuvailleet sit\u00e4 mullistavaksi hetkeksi omassa taiteellisessa kehityksess\u00e4\u00e4n. He huomasivat, ett\u00e4 Shri Matajin voimakas luova energia lis\u00e4si heid\u00e4n omaa luovuuttaan ja esiintymistaitojaan.<\/p>\n\t<p>Ustad Amjad Ali Khan, Debu Chaudhari ja Ustad Bismillah Khan ovat vain muutamia tunnettuja taiteilijoita, jotka ovat esiintyneet Shri Matajin kutsusta. H\u00e4n itse kirjoitti kirjoja, bhajaneja (intialaisia hartaita lauluja) ja runoja.<\/p>\n<p>Shri Matajin taiteiden edist\u00e4miseen kuului my\u00f6s teatterin voimakas tukeminen. H\u00e4n rohkaisi lahjakkaiden teatteritaiteilijoiden ryhm\u00e4\u00e4 tekem\u00e4\u00e4n yhteisty\u00f6t\u00e4 kokoonpanossa <a href=\"https:\/\/www.theatreofeternalvalues.com\/\" target=\"_blank\" rel=\"noopener\">Theatre of Eternal Values<\/a> (Ikuisten arvojen teatteri). Vuonna 1993 Gentin kaupungissa Belgiassa perustettu teatteriryhm\u00e4 kiert\u00e4\u00e4 edelleen kansainv\u00e4lisesti ja esitt\u00e4\u00e4 n\u00e4ytelm\u00e4kirjailijoiden teoksia, jotka inspiroivat yleis\u00f6\u00e4\u00e4n itsetuntemukseen ja henkisyyteen.<\/p>\n\t<div class=\"su-quote su-quote-style-default\"><div class=\"su-quote-inner su-u-clearfix su-u-trim\"> Oikeastaan materialistinen oleminen sen todellisessa merkityksess\u00e4 tarkoittaa sit\u00e4, ett\u00e4 ymm\u00e4rr\u00e4mme materian arvon. Ja materian arvo on estetiikkaa: taiteellisia asioita, todellisia taiteellisia asioita. Sen lis\u00e4ksi materian arvo on se, ett\u00e4 voitte antaa rakkautta toisille.<\/div><\/div>\n\t<p>Theatre of Eternal Values tekee my\u00f6s yhteisty\u00f6t\u00e4 koulujen, yliopistojen, yritysten ja yhteis\u00f6jen kanssa tarjoten k\u00e4yt\u00e4nn\u00f6n asiantuntemusta koulutus- ja taideprojekteissa, kuten <a href=\"https:\/\/www.theatreofeternalvalues.com\/events\" target=\"_blank\" rel=\"noopener\">Hengen kulttuuri -festivaalissa<\/a> ja <a href=\"https:\/\/www.theatreofeternalvalues.com\/education\/academy\" target=\"_blank\" rel=\"noopener\">kansainv\u00e4lisess\u00e4 Nirmal-taideakatemiassa<\/a>, jotka j\u00e4rjestet\u00e4\u00e4n vuosittain Piemontessa, Italiassa.<\/p>\n\n\t\t\t\t<img decoding=\"async\" src=\"https:\/\/shrimataji.org\/test\/wp-content\/uploads\/2020\/05\/theater-of-eternal-values.jpg\" alt=\"Theater of Eternal Values esitt\u00e4\u00e4 William Blaken teoksen &#039;Divine Humanity&#039; Lontoossa, Englannissa\" itemprop=\"image\" height=\"270\" width=\"1500\" title=\"theater-of-eternal-values\" onerror=\"this.style.display='none'\" loading='lazy' \/>\n\t\tTheater of Eternal Values esitt\u00e4\u00e4 William Blaken teoksen &#8216;Divine Humanity&#8217; Lontoossa, Englannissa\n\t<p>Intian muinaisen joogaperinteen mukaan ihmisess\u00e4 on seitsem\u00e4n olennaista ominaisuutta. Toinen n\u00e4ist\u00e4 on luovuuden periaate, jota ilman <a href=\"https:\/\/shrimataji.org\/test\/fi\/itseoivallus\/\" target=\"_blank\" rel=\"noopener\">itseoivalluksen<\/a> tai itsetietoisuuden mahdollisuus on \u00e4\u00e4rimm\u00e4isen rajallinen, ellei jopa mahdoton. T\u00e4st\u00e4 syyst\u00e4 Shri Mataji pyrki her\u00e4tt\u00e4m\u00e4\u00e4n yksil\u00f6iden ja yhteis\u00f6jen luovia voimia kaikissa maissa, joissa h\u00e4n vieraili.<\/p>\n\t<div class=\"su-quote su-quote-style-default\"><div class=\"su-quote-inner su-u-clearfix su-u-trim\">T\u00e4llainen on taiteilijaa motivoiva voima. He ovat luomakunnan kauneimpia kukkia, Luojan suloisimpia unelmia ja ihmisyhteis\u00f6n rakkaimpia osasia. Ehk\u00e4 he eiv\u00e4t tied\u00e4, miten katsojat rakastavat, palvovat ja seuraavat heit\u00e4&#8230;<\/div><\/div>\n\n","protected":false},"excerpt":{"rendered":"<p>Luovuus Sis\u00e4isen kauneuden ilmaiseminen Koko el\u00e4m\u00e4ns\u00e4 ja ty\u00f6ns\u00e4 ajan Shri Mataji omisti paljon aikaa ja energiaa taiteiden edist\u00e4miseen. H\u00e4n piti niit\u00e4 yhten\u00e4 t\u00e4rkeimmist\u00e4 keinoista ilmaista ja ravita maailman kulttuureja. Erityisesti h\u00e4n halusi s\u00e4ilytt\u00e4\u00e4 kotimaansa Intian rikkaat, muinaiset taideperinteet ja kannusti aktiivisesti niiden levitt\u00e4mist\u00e4 ymp\u00e4ri maailmaa. Vuonna 2003 Shri Mataji perusti veljens\u00e4 (joka tunnetaan lempinimell\u00e4 Babamama)&hellip; <br \/> <a class=\"read-more\" href=\"https:\/\/shrimataji.org\/test\/fi\/luovuus\/\">Read more<\/a><\/p>\n","protected":false},"author":29,"featured_media":162,"parent":0,"menu_order":0,"comment_status":"closed","ping_status":"closed","template":"pro\/page-templates\/full-width-page.php","meta":{"inline_featured_image":false,"footnotes":""},"class_list":["post-12567","page","type-page","status-publish","has-post-thumbnail","hentry"],"yoast_head":"<!-- This site is optimized with the Yoast SEO plugin v27.4 - https:\/\/yoast.com\/product\/yoast-seo-wordpress\/ -->\n<title>Luovuus - TEST - SMND<\/title>\n<meta name=\"robots\" content=\"noindex, follow, max-snippet:-1, max-image-preview:large, max-video-preview:-1\" \/>\n<meta property=\"og:locale\" content=\"en_US\" \/>\n<meta property=\"og:type\" content=\"article\" \/>\n<meta property=\"og:title\" content=\"Luovuus - TEST - SMND\" \/>\n<meta property=\"og:description\" content=\"Luovuus Sis\u00e4isen kauneuden ilmaiseminen Koko el\u00e4m\u00e4ns\u00e4 ja ty\u00f6ns\u00e4 ajan Shri Mataji omisti paljon aikaa ja energiaa taiteiden edist\u00e4miseen. H\u00e4n piti niit\u00e4 yhten\u00e4 t\u00e4rkeimmist\u00e4 keinoista ilmaista ja ravita maailman kulttuureja. Erityisesti h\u00e4n halusi s\u00e4ilytt\u00e4\u00e4 kotimaansa Intian rikkaat, muinaiset taideperinteet ja kannusti aktiivisesti niiden levitt\u00e4mist\u00e4 ymp\u00e4ri maailmaa. Vuonna 2003 Shri Mataji perusti veljens\u00e4 (joka tunnetaan lempinimell\u00e4 Babamama)&hellip; Read more\" \/>\n<meta property=\"og:url\" content=\"https:\/\/shrimataji.org\/test\/fi\/luovuus\/\" \/>\n<meta property=\"og:site_name\" content=\"TEST - SMND\" \/>\n<meta property=\"article:publisher\" content=\"https:\/\/www.facebook.com\/shrimataji\" \/>\n<meta property=\"article:modified_time\" content=\"2025-07-09T20:03:16+00:00\" \/>\n<meta property=\"og:image\" content=\"https:\/\/shrimataji.org\/test\/wp-content\/uploads\/2018\/07\/media_originals\/images\/headers-work-creativity\/dance-scene-cabella-italy.jpg\" \/>\n\t<meta property=\"og:image:width\" content=\"990\" \/>\n\t<meta property=\"og:image:height\" content=\"350\" \/>\n\t<meta property=\"og:image:type\" content=\"image\/jpeg\" \/>\n<meta name=\"twitter:card\" content=\"summary_large_image\" \/>\n<meta name=\"twitter:site\" content=\"@shrimataji\" \/>\n<meta name=\"twitter:label1\" content=\"Est. reading time\" \/>\n\t<meta name=\"twitter:data1\" content=\"3 minutes\" \/>\n<script type=\"application\/ld+json\" class=\"yoast-schema-graph\">{\"@context\":\"https:\\\/\\\/schema.org\",\"@graph\":[{\"@type\":\"WebPage\",\"@id\":\"https:\\\/\\\/shrimataji.org\\\/test\\\/fi\\\/luovuus\\\/\",\"url\":\"https:\\\/\\\/shrimataji.org\\\/test\\\/fi\\\/luovuus\\\/\",\"name\":\"Luovuus - TEST - SMND\",\"isPartOf\":{\"@id\":\"https:\\\/\\\/shrimataji.org\\\/test\\\/#website\"},\"primaryImageOfPage\":{\"@id\":\"https:\\\/\\\/shrimataji.org\\\/test\\\/fi\\\/luovuus\\\/#primaryimage\"},\"image\":{\"@id\":\"https:\\\/\\\/shrimataji.org\\\/test\\\/fi\\\/luovuus\\\/#primaryimage\"},\"thumbnailUrl\":\"https:\\\/\\\/shrimataji.org\\\/test\\\/wp-content\\\/uploads\\\/2018\\\/07\\\/media_originals\\\/images\\\/headers-work-creativity\\\/dance-scene-cabella-italy.jpg\",\"datePublished\":\"2018-07-10T06:54:42+00:00\",\"dateModified\":\"2025-07-09T20:03:16+00:00\",\"breadcrumb\":{\"@id\":\"https:\\\/\\\/shrimataji.org\\\/test\\\/fi\\\/luovuus\\\/#breadcrumb\"},\"inLanguage\":\"en-US\",\"potentialAction\":[{\"@type\":\"ReadAction\",\"target\":[\"https:\\\/\\\/shrimataji.org\\\/test\\\/fi\\\/luovuus\\\/\"]}]},{\"@type\":\"ImageObject\",\"inLanguage\":\"en-US\",\"@id\":\"https:\\\/\\\/shrimataji.org\\\/test\\\/fi\\\/luovuus\\\/#primaryimage\",\"url\":\"https:\\\/\\\/shrimataji.org\\\/test\\\/wp-content\\\/uploads\\\/2018\\\/07\\\/media_originals\\\/images\\\/headers-work-creativity\\\/dance-scene-cabella-italy.jpg\",\"contentUrl\":\"https:\\\/\\\/shrimataji.org\\\/test\\\/wp-content\\\/uploads\\\/2018\\\/07\\\/media_originals\\\/images\\\/headers-work-creativity\\\/dance-scene-cabella-italy.jpg\",\"width\":990,\"height\":350},{\"@type\":\"BreadcrumbList\",\"@id\":\"https:\\\/\\\/shrimataji.org\\\/test\\\/fi\\\/luovuus\\\/#breadcrumb\",\"itemListElement\":[{\"@type\":\"ListItem\",\"position\":1,\"name\":\"Home\",\"item\":\"https:\\\/\\\/shrimataji.org\\\/test\\\/uk\\\/home-en\\\/\"},{\"@type\":\"ListItem\",\"position\":2,\"name\":\"Luovuus\"}]},{\"@type\":\"WebSite\",\"@id\":\"https:\\\/\\\/shrimataji.org\\\/test\\\/#website\",\"url\":\"https:\\\/\\\/shrimataji.org\\\/test\\\/\",\"name\":\"Shri Mataji Nirmala Devi\",\"description\":\"A Life Dedicated to Humanity\",\"publisher\":{\"@id\":\"https:\\\/\\\/shrimataji.org\\\/test\\\/#\\\/schema\\\/person\\\/a1b3419c6585f164aa96da1ff85715d1\"},\"potentialAction\":[{\"@type\":\"SearchAction\",\"target\":{\"@type\":\"EntryPoint\",\"urlTemplate\":\"https:\\\/\\\/shrimataji.org\\\/test\\\/?s={search_term_string}\"},\"query-input\":{\"@type\":\"PropertyValueSpecification\",\"valueRequired\":true,\"valueName\":\"search_term_string\"}}],\"inLanguage\":\"en-US\"},{\"@type\":[\"Person\",\"Organization\"],\"@id\":\"https:\\\/\\\/shrimataji.org\\\/test\\\/#\\\/schema\\\/person\\\/a1b3419c6585f164aa96da1ff85715d1\",\"name\":\"Nirmala Shrivastava\",\"image\":{\"@type\":\"ImageObject\",\"inLanguage\":\"en-US\",\"@id\":\"https:\\\/\\\/shrimataji.org\\\/test\\\/wp-content\\\/uploads\\\/2023\\\/02\\\/SMO_LOGO-03.svg\",\"url\":\"https:\\\/\\\/shrimataji.org\\\/test\\\/wp-content\\\/uploads\\\/2023\\\/02\\\/SMO_LOGO-03.svg\",\"contentUrl\":\"https:\\\/\\\/shrimataji.org\\\/test\\\/wp-content\\\/uploads\\\/2023\\\/02\\\/SMO_LOGO-03.svg\",\"width\":\"1024\",\"height\":\"1024\",\"caption\":\"Nirmala Shrivastava\"},\"logo\":{\"@id\":\"https:\\\/\\\/shrimataji.org\\\/test\\\/wp-content\\\/uploads\\\/2023\\\/02\\\/SMO_LOGO-03.svg\"},\"sameAs\":[\"https:\\\/\\\/shrimataji.org\\\/test\",\"https:\\\/\\\/www.facebook.com\\\/shrimataji\",\"https:\\\/\\\/x.com\\\/shrimataji\",\"https:\\\/\\\/www.youtube.com\\\/@Shri_Mataji_Nirmala_Devi\\\/featured\"]}]}<\/script>\n<!-- \/ Yoast SEO plugin. -->","yoast_head_json":{"title":"Luovuus - TEST - SMND","robots":{"index":"noindex","follow":"follow","max-snippet":"max-snippet:-1","max-image-preview":"max-image-preview:large","max-video-preview":"max-video-preview:-1"},"og_locale":"en_US","og_type":"article","og_title":"Luovuus - TEST - SMND","og_description":"Luovuus Sis\u00e4isen kauneuden ilmaiseminen Koko el\u00e4m\u00e4ns\u00e4 ja ty\u00f6ns\u00e4 ajan Shri Mataji omisti paljon aikaa ja energiaa taiteiden edist\u00e4miseen. H\u00e4n piti niit\u00e4 yhten\u00e4 t\u00e4rkeimmist\u00e4 keinoista ilmaista ja ravita maailman kulttuureja. Erityisesti h\u00e4n halusi s\u00e4ilytt\u00e4\u00e4 kotimaansa Intian rikkaat, muinaiset taideperinteet ja kannusti aktiivisesti niiden levitt\u00e4mist\u00e4 ymp\u00e4ri maailmaa. Vuonna 2003 Shri Mataji perusti veljens\u00e4 (joka tunnetaan lempinimell\u00e4 Babamama)&hellip; Read more","og_url":"https:\/\/shrimataji.org\/test\/fi\/luovuus\/","og_site_name":"TEST - SMND","article_publisher":"https:\/\/www.facebook.com\/shrimataji","article_modified_time":"2025-07-09T20:03:16+00:00","og_image":[{"width":990,"height":350,"url":"https:\/\/shrimataji.org\/test\/wp-content\/uploads\/2018\/07\/media_originals\/images\/headers-work-creativity\/dance-scene-cabella-italy.jpg","type":"image\/jpeg"}],"twitter_card":"summary_large_image","twitter_site":"@shrimataji","twitter_misc":{"Est. reading time":"3 minutes"},"schema":{"@context":"https:\/\/schema.org","@graph":[{"@type":"WebPage","@id":"https:\/\/shrimataji.org\/test\/fi\/luovuus\/","url":"https:\/\/shrimataji.org\/test\/fi\/luovuus\/","name":"Luovuus - TEST - SMND","isPartOf":{"@id":"https:\/\/shrimataji.org\/test\/#website"},"primaryImageOfPage":{"@id":"https:\/\/shrimataji.org\/test\/fi\/luovuus\/#primaryimage"},"image":{"@id":"https:\/\/shrimataji.org\/test\/fi\/luovuus\/#primaryimage"},"thumbnailUrl":"https:\/\/shrimataji.org\/test\/wp-content\/uploads\/2018\/07\/media_originals\/images\/headers-work-creativity\/dance-scene-cabella-italy.jpg","datePublished":"2018-07-10T06:54:42+00:00","dateModified":"2025-07-09T20:03:16+00:00","breadcrumb":{"@id":"https:\/\/shrimataji.org\/test\/fi\/luovuus\/#breadcrumb"},"inLanguage":"en-US","potentialAction":[{"@type":"ReadAction","target":["https:\/\/shrimataji.org\/test\/fi\/luovuus\/"]}]},{"@type":"ImageObject","inLanguage":"en-US","@id":"https:\/\/shrimataji.org\/test\/fi\/luovuus\/#primaryimage","url":"https:\/\/shrimataji.org\/test\/wp-content\/uploads\/2018\/07\/media_originals\/images\/headers-work-creativity\/dance-scene-cabella-italy.jpg","contentUrl":"https:\/\/shrimataji.org\/test\/wp-content\/uploads\/2018\/07\/media_originals\/images\/headers-work-creativity\/dance-scene-cabella-italy.jpg","width":990,"height":350},{"@type":"BreadcrumbList","@id":"https:\/\/shrimataji.org\/test\/fi\/luovuus\/#breadcrumb","itemListElement":[{"@type":"ListItem","position":1,"name":"Home","item":"https:\/\/shrimataji.org\/test\/uk\/home-en\/"},{"@type":"ListItem","position":2,"name":"Luovuus"}]},{"@type":"WebSite","@id":"https:\/\/shrimataji.org\/test\/#website","url":"https:\/\/shrimataji.org\/test\/","name":"Shri Mataji Nirmala Devi","description":"A Life Dedicated to Humanity","publisher":{"@id":"https:\/\/shrimataji.org\/test\/#\/schema\/person\/a1b3419c6585f164aa96da1ff85715d1"},"potentialAction":[{"@type":"SearchAction","target":{"@type":"EntryPoint","urlTemplate":"https:\/\/shrimataji.org\/test\/?s={search_term_string}"},"query-input":{"@type":"PropertyValueSpecification","valueRequired":true,"valueName":"search_term_string"}}],"inLanguage":"en-US"},{"@type":["Person","Organization"],"@id":"https:\/\/shrimataji.org\/test\/#\/schema\/person\/a1b3419c6585f164aa96da1ff85715d1","name":"Nirmala Shrivastava","image":{"@type":"ImageObject","inLanguage":"en-US","@id":"https:\/\/shrimataji.org\/test\/wp-content\/uploads\/2023\/02\/SMO_LOGO-03.svg","url":"https:\/\/shrimataji.org\/test\/wp-content\/uploads\/2023\/02\/SMO_LOGO-03.svg","contentUrl":"https:\/\/shrimataji.org\/test\/wp-content\/uploads\/2023\/02\/SMO_LOGO-03.svg","width":"1024","height":"1024","caption":"Nirmala Shrivastava"},"logo":{"@id":"https:\/\/shrimataji.org\/test\/wp-content\/uploads\/2023\/02\/SMO_LOGO-03.svg"},"sameAs":["https:\/\/shrimataji.org\/test","https:\/\/www.facebook.com\/shrimataji","https:\/\/x.com\/shrimataji","https:\/\/www.youtube.com\/@Shri_Mataji_Nirmala_Devi\/featured"]}]}},"lang":"fi","translations":{"fi":12567,"ur":37407,"en":400,"am":17978,"th":19911,"hu":19453,"sq":18379,"zh":17276,"tr":10146,"pt":10359,"de":10633,"fr":10731,"it":10829,"es":10926,"ja":11223,"ru":11411,"bn":11603,"te":11711,"sw":11834,"he":11982,"el":12273,"sk":12371,"fa":12469,"bg":13474,"ro":14546,"cs":14739,"nl":16539,"ku":16699,"ar":16875,"be":18586,"kn":18860,"mr":20275,"uk":20567,"ml":20866,"ta":22694,"sv":22967,"gu":28815,"pa":28973,"fil":29413,"da":37721,"pl":37938,"nn":38273},"pll_sync_post":[],"_links":{"self":[{"href":"https:\/\/shrimataji.org\/test\/wp-json\/wp\/v2\/pages\/12567","targetHints":{"allow":["GET"]}}],"collection":[{"href":"https:\/\/shrimataji.org\/test\/wp-json\/wp\/v2\/pages"}],"about":[{"href":"https:\/\/shrimataji.org\/test\/wp-json\/wp\/v2\/types\/page"}],"author":[{"embeddable":true,"href":"https:\/\/shrimataji.org\/test\/wp-json\/wp\/v2\/users\/29"}],"replies":[{"embeddable":true,"href":"https:\/\/shrimataji.org\/test\/wp-json\/wp\/v2\/comments?post=12567"}],"version-history":[{"count":0,"href":"https:\/\/shrimataji.org\/test\/wp-json\/wp\/v2\/pages\/12567\/revisions"}],"wp:featuredmedia":[{"embeddable":true,"href":"https:\/\/shrimataji.org\/test\/wp-json\/wp\/v2\/media\/162"}],"wp:attachment":[{"href":"https:\/\/shrimataji.org\/test\/wp-json\/wp\/v2\/media?parent=12567"}],"curies":[{"name":"wp","href":"https:\/\/api.w.org\/{rel}","templated":true}]}}