{"id":12568,"date":"2018-07-10T06:54:42","date_gmt":"2018-07-10T06:54:42","guid":{"rendered":"http:\/\/testwordpress.nirmalnagari.org\/smnd\/index.php\/cultural-integration\/"},"modified":"2025-04-22T11:22:22","modified_gmt":"2025-04-22T11:22:22","slug":"kulttuurien-integraatio","status":"publish","type":"page","link":"https:\/\/shrimataji.org\/test\/fi\/kulttuurien-integraatio\/","title":{"rendered":"Kulttuurien integraatio"},"content":{"rendered":"\n\n\t<h1>Kulttuurien integraatio<\/h1>\n<h2><b>Kohti kest\u00e4v\u00e4\u00e4 sivistyst\u00e4<\/b><\/h2>\n\t<h4>Seminaareissa, lehdist\u00f6tilaisuuksissa ja ep\u00e4virallisissa luennoissa Shri Mataji sanoi usein, ett\u00e4 kautta historian profeetat ja pyhimykset puhuivat kaikki tarpeesta tuntea oma Itse, oma Henki. &#8220;Se on se, mit\u00e4 meid\u00e4n on teht\u00e4v\u00e4. On kehitett\u00e4v\u00e4 Henkemme uskontoa&#8221;, H\u00e4n sanoi. H\u00e4n vertasi uskontojen kasvua suureen puuhun, joka on yksitt\u00e4inen, mutta jolla on paljon kukkia. Tiet\u00e4m\u00e4tt\u00f6myytt\u00e4\u00e4n ihmiset nyppiv\u00e4t kukkia ja k\u00e4ytt\u00e4v\u00e4t niit\u00e4 taistellakseen toisiaan vastaan unohtaen, ett\u00e4 n\u00e4m\u00e4 kukat ovat per\u00e4isin samasta puusta.<\/h4>\n\t<div class=\"su-quote su-quote-style-default\"><div class=\"su-quote-inner su-u-clearfix su-u-trim\"> Meid\u00e4n on siis kunnioitettava kaikkia ihmisi\u00e4, kaikkia ihmisolentoja, riippumatta siit\u00e4, mit\u00e4 kansakuntaa he edustavat, mihin maahan he kuuluvat tai mink\u00e4 v\u00e4risi\u00e4 he ovat, koska heill\u00e4 kaikilla on Kundaliininsa. <\/div><\/div>\n\t<p>Er\u00e4\u00e4n yleis\u00f6tilaisuuden aikana er\u00e4s huolestunut kuuntelija kysyi Shri Matajilta: &#8220;\u00c4iti, miten muut ihmiset ymm\u00e4rt\u00e4v\u00e4t viestinne?&#8221;. Shri Mataji hymyili: &#8220;Kaikki ymm\u00e4rt\u00e4v\u00e4t rakkauden, eik\u00f6 niin?&#8221;. Ja Sahaja Yoga -meditaation avulla H\u00e4n paljasti menetelm\u00e4n, jolla voidaan saavuttaa eri kulttuureihin ja uskontoihin kuuluvien yksil\u00f6iden v\u00e4linen integraatio: tietoisuuden tila, joka mielen ollessa t\u00e4ysin tyyni, muuttuu integroivaksi voimaksi, joka tunnetaan kollektiivisena tietoisuutena.<\/p>\n\t\t\t\t<img loading=\"lazy\" decoding=\"async\" src=\"https:\/\/shrimataji.org\/test\/wp-content\/uploads\/2018\/07\/media_originals\/images\/headers-general\/shri-mataji-meets-sufis-in-delhi-india.jpg\" alt=\"Shri Mataji vierailee Nizamuddinin pyh\u00e4k\u00f6ss\u00e4, Delhi, Intia 1993.\" itemprop=\"image\" height=\"350\" width=\"990\" title=\"shri-mataji-meets-sufis-in-delhi-india\" onerror=\"this.style.display='none'\"  \/>\n\t\tShri Mataji vierailee Nizamuddinin pyh\u00e4k\u00f6ss\u00e4, Delhi, Intia 1993.\n\t<p>Carl Jung kuvasi kollektiivista tietoisuutta n\u00e4in: &#8220;Sen lis\u00e4ksi, ett\u00e4 v\u00e4litt\u00f6m\u00e4ll\u00e4 tietoisuudellamme on t\u00e4ysin henkil\u00f6kohtainen luonne ja ett\u00e4 uskomme sen olevan ainoa empiirinen psyykkeemme, on olemassa toinen psyykkinen j\u00e4rjestelm\u00e4, joka on luonteeltaan kollektiivinen, universaali ja persoonaton ja joka on identtinen kaikissa yksil\u00f6iss\u00e4. <a href=\"https:\/\/www.deepl.com\/en\/translator-windows?windows_app_version=25.1.4.15077%2b495e4eb7b7cc47c7c43de87ac335c76ea3e6a019&amp;theme=0#citation-note-1\">[1]<\/a> Sahaja Yoga -meditaatio aktivoi tietoisuutta syvemm\u00e4ll\u00e4 tasolla, itse autonomisen hermoston juurilla. Kun mielen h\u00e4iritsev\u00e4 l\u00f6rp\u00f6ttely ja pitk\u00e4\u00e4n jatkuneet ehdollistumat ovat hiljentyneet, ihminen pystyy tunnistamaan, ett\u00e4 kulttuurierot ilmenev\u00e4t pinnallisella tasolla. &#8220;Universaali ja persoonaton luonto&#8221; on yksi.<\/p>\n\t<p>&#8220;Ja n\u00e4in meid\u00e4n on ymm\u00e4rrett\u00e4v\u00e4, ett\u00e4 meit\u00e4 kaikkia sitoo jokin yhteinen el\u00e4m\u00e4n periaate&#8221;, Shri Mataji selitti, &#8220;ett\u00e4 meill\u00e4 kaikilla on Kundaliini sis\u00e4ll\u00e4mme&#8221;. Meid\u00e4n on siis kunnioitettava kaikkia ihmisi\u00e4, kaikkia ihmisolentoja, olivatpa he mist\u00e4 tahansa kansakunnasta tai maasta tai mink\u00e4 v\u00e4risi\u00e4 tahansa, koska heill\u00e4 kaikilla on Kundaliininsa.&#8221;<\/p>\n\t<p>Matkoillaan Shri Mataji oli hyvin kiinnostunut kunkin maan taiteesta ja k\u00e4sity\u00f6st\u00e4 ja tarkkaili, miten ne heijastivat hengen kulttuuria. &#8220;T\u00e4ss\u00e4 kulttuurissa emme taivu millek\u00e4\u00e4n siksi, ett\u00e4 se on kallista tai ett\u00e4 se on mahtipontista ja n\u00e4ytt\u00e4v\u00e4\u00e4 tai julkisuutta tavoittelevaa&#8221;, H\u00e4n sanoi. &#8220;T\u00e4ss\u00e4 kulttuurissa on t\u00e4rke\u00e4\u00e4 se, kuinka paljon se tuottaa iloa.&#8221;<\/p>\n\t<p>Vuosien mittaan Shri Mataji kutsui eri maista, taustoista ja uskonnoista tulevia taiteilijoita esiintym\u00e4\u00e4n kulttuurifestivaaleille. Niille, jotka eiv\u00e4t tunteneet n\u00e4it\u00e4 taiteita, h\u00e4n selitti qawwalin, ragan, Vivaldin, konserton tai klassisen intialaisen tanssin merkityksen. H\u00e4n j\u00e4rjesti n\u00e4it\u00e4 esityksi\u00e4 paitsi tukeakseen taiteilijoiden toimeentuloa ja pit\u00e4\u00e4kseen taideperinteet elossa my\u00f6s osoittaakseen, ett\u00e4 eri kulttuureista ja taustoista per\u00e4isin oleva taide ja musiikki voivat ilment\u00e4\u00e4 yleismaailmallista ja yleismaailmallisesti nautittavaa hengen kulttuuria.<\/p>\n\t<hr \/>\n<h3>1. <a href=\"#citation-ref-1\">^<\/a><a name=\"citation-note-1\"><\/a> C. G. Jung, &#8216;Archetypes and the Collective Unconscious,&#8217; teoskokoelmassa Collected Works of C. G. Jung, kirja 9, osa 1, Lontoo, 1969.<\/h3>\n\n","protected":false},"excerpt":{"rendered":"<p>Kulttuurien integraatio Kohti kest\u00e4v\u00e4\u00e4 sivistyst\u00e4 Seminaareissa, lehdist\u00f6tilaisuuksissa ja ep\u00e4virallisissa luennoissa Shri Mataji sanoi usein, ett\u00e4 kautta historian profeetat ja pyhimykset puhuivat kaikki tarpeesta tuntea oma Itse, oma Henki. &#8220;Se on se, mit\u00e4 meid\u00e4n on teht\u00e4v\u00e4. On kehitett\u00e4v\u00e4 Henkemme uskontoa&#8221;, H\u00e4n sanoi. H\u00e4n vertasi uskontojen kasvua suureen puuhun, joka on yksitt\u00e4inen, mutta jolla on paljon kukkia.&hellip; <br \/> <a class=\"read-more\" href=\"https:\/\/shrimataji.org\/test\/fi\/kulttuurien-integraatio\/\">Read more<\/a><\/p>\n","protected":false},"author":29,"featured_media":138,"parent":0,"menu_order":0,"comment_status":"closed","ping_status":"closed","template":"","meta":{"inline_featured_image":false,"footnotes":""},"class_list":["post-12568","page","type-page","status-publish","has-post-thumbnail","hentry"],"yoast_head":"<!-- This site is optimized with the Yoast SEO plugin v27.4 - https:\/\/yoast.com\/product\/yoast-seo-wordpress\/ -->\n<title>Kulttuurien integraatio - TEST - SMND<\/title>\n<meta name=\"robots\" content=\"noindex, follow, max-snippet:-1, max-image-preview:large, max-video-preview:-1\" \/>\n<meta property=\"og:locale\" content=\"en_US\" \/>\n<meta property=\"og:type\" content=\"article\" \/>\n<meta property=\"og:title\" content=\"Kulttuurien integraatio - TEST - SMND\" \/>\n<meta property=\"og:description\" content=\"Kulttuurien integraatio Kohti kest\u00e4v\u00e4\u00e4 sivistyst\u00e4 Seminaareissa, lehdist\u00f6tilaisuuksissa ja ep\u00e4virallisissa luennoissa Shri Mataji sanoi usein, ett\u00e4 kautta historian profeetat ja pyhimykset puhuivat kaikki tarpeesta tuntea oma Itse, oma Henki. &#8220;Se on se, mit\u00e4 meid\u00e4n on teht\u00e4v\u00e4. On kehitett\u00e4v\u00e4 Henkemme uskontoa&#8221;, H\u00e4n sanoi. H\u00e4n vertasi uskontojen kasvua suureen puuhun, joka on yksitt\u00e4inen, mutta jolla on paljon kukkia.&hellip; Read more\" \/>\n<meta property=\"og:url\" content=\"https:\/\/shrimataji.org\/test\/fi\/kulttuurien-integraatio\/\" \/>\n<meta property=\"og:site_name\" content=\"TEST - SMND\" \/>\n<meta property=\"article:publisher\" content=\"https:\/\/www.facebook.com\/shrimataji\" \/>\n<meta property=\"article:modified_time\" content=\"2025-04-22T11:22:22+00:00\" \/>\n<meta property=\"og:image\" content=\"https:\/\/shrimataji.org\/test\/wp-content\/uploads\/2018\/07\/media_originals\/images\/headers-general\/mauli-art-by-graham-brown.jpg\" \/>\n\t<meta property=\"og:image:width\" content=\"990\" \/>\n\t<meta property=\"og:image:height\" content=\"350\" \/>\n\t<meta property=\"og:image:type\" content=\"image\/jpeg\" \/>\n<meta name=\"twitter:card\" content=\"summary_large_image\" \/>\n<meta name=\"twitter:site\" content=\"@shrimataji\" \/>\n<script type=\"application\/ld+json\" class=\"yoast-schema-graph\">{\"@context\":\"https:\\\/\\\/schema.org\",\"@graph\":[{\"@type\":\"WebPage\",\"@id\":\"https:\\\/\\\/shrimataji.org\\\/test\\\/fi\\\/kulttuurien-integraatio\\\/\",\"url\":\"https:\\\/\\\/shrimataji.org\\\/test\\\/fi\\\/kulttuurien-integraatio\\\/\",\"name\":\"Kulttuurien integraatio - TEST - SMND\",\"isPartOf\":{\"@id\":\"https:\\\/\\\/shrimataji.org\\\/test\\\/#website\"},\"primaryImageOfPage\":{\"@id\":\"https:\\\/\\\/shrimataji.org\\\/test\\\/fi\\\/kulttuurien-integraatio\\\/#primaryimage\"},\"image\":{\"@id\":\"https:\\\/\\\/shrimataji.org\\\/test\\\/fi\\\/kulttuurien-integraatio\\\/#primaryimage\"},\"thumbnailUrl\":\"https:\\\/\\\/shrimataji.org\\\/test\\\/wp-content\\\/uploads\\\/2018\\\/07\\\/media_originals\\\/images\\\/headers-general\\\/mauli-art-by-graham-brown.jpg\",\"datePublished\":\"2018-07-10T06:54:42+00:00\",\"dateModified\":\"2025-04-22T11:22:22+00:00\",\"breadcrumb\":{\"@id\":\"https:\\\/\\\/shrimataji.org\\\/test\\\/fi\\\/kulttuurien-integraatio\\\/#breadcrumb\"},\"inLanguage\":\"en-US\",\"potentialAction\":[{\"@type\":\"ReadAction\",\"target\":[\"https:\\\/\\\/shrimataji.org\\\/test\\\/fi\\\/kulttuurien-integraatio\\\/\"]}]},{\"@type\":\"ImageObject\",\"inLanguage\":\"en-US\",\"@id\":\"https:\\\/\\\/shrimataji.org\\\/test\\\/fi\\\/kulttuurien-integraatio\\\/#primaryimage\",\"url\":\"https:\\\/\\\/shrimataji.org\\\/test\\\/wp-content\\\/uploads\\\/2018\\\/07\\\/media_originals\\\/images\\\/headers-general\\\/mauli-art-by-graham-brown.jpg\",\"contentUrl\":\"https:\\\/\\\/shrimataji.org\\\/test\\\/wp-content\\\/uploads\\\/2018\\\/07\\\/media_originals\\\/images\\\/headers-general\\\/mauli-art-by-graham-brown.jpg\",\"width\":990,\"height\":350},{\"@type\":\"BreadcrumbList\",\"@id\":\"https:\\\/\\\/shrimataji.org\\\/test\\\/fi\\\/kulttuurien-integraatio\\\/#breadcrumb\",\"itemListElement\":[{\"@type\":\"ListItem\",\"position\":1,\"name\":\"Home\",\"item\":\"https:\\\/\\\/shrimataji.org\\\/test\\\/uk\\\/home-en\\\/\"},{\"@type\":\"ListItem\",\"position\":2,\"name\":\"Kulttuurien integraatio\"}]},{\"@type\":\"WebSite\",\"@id\":\"https:\\\/\\\/shrimataji.org\\\/test\\\/#website\",\"url\":\"https:\\\/\\\/shrimataji.org\\\/test\\\/\",\"name\":\"Shri Mataji Nirmala Devi\",\"description\":\"A Life Dedicated to Humanity\",\"publisher\":{\"@id\":\"https:\\\/\\\/shrimataji.org\\\/test\\\/#\\\/schema\\\/person\\\/a1b3419c6585f164aa96da1ff85715d1\"},\"potentialAction\":[{\"@type\":\"SearchAction\",\"target\":{\"@type\":\"EntryPoint\",\"urlTemplate\":\"https:\\\/\\\/shrimataji.org\\\/test\\\/?s={search_term_string}\"},\"query-input\":{\"@type\":\"PropertyValueSpecification\",\"valueRequired\":true,\"valueName\":\"search_term_string\"}}],\"inLanguage\":\"en-US\"},{\"@type\":[\"Person\",\"Organization\"],\"@id\":\"https:\\\/\\\/shrimataji.org\\\/test\\\/#\\\/schema\\\/person\\\/a1b3419c6585f164aa96da1ff85715d1\",\"name\":\"Nirmala Shrivastava\",\"image\":{\"@type\":\"ImageObject\",\"inLanguage\":\"en-US\",\"@id\":\"https:\\\/\\\/shrimataji.org\\\/test\\\/wp-content\\\/uploads\\\/2023\\\/02\\\/SMO_LOGO-03.svg\",\"url\":\"https:\\\/\\\/shrimataji.org\\\/test\\\/wp-content\\\/uploads\\\/2023\\\/02\\\/SMO_LOGO-03.svg\",\"contentUrl\":\"https:\\\/\\\/shrimataji.org\\\/test\\\/wp-content\\\/uploads\\\/2023\\\/02\\\/SMO_LOGO-03.svg\",\"width\":\"1024\",\"height\":\"1024\",\"caption\":\"Nirmala Shrivastava\"},\"logo\":{\"@id\":\"https:\\\/\\\/shrimataji.org\\\/test\\\/wp-content\\\/uploads\\\/2023\\\/02\\\/SMO_LOGO-03.svg\"},\"sameAs\":[\"https:\\\/\\\/shrimataji.org\\\/test\",\"https:\\\/\\\/www.facebook.com\\\/shrimataji\",\"https:\\\/\\\/x.com\\\/shrimataji\",\"https:\\\/\\\/www.youtube.com\\\/@Shri_Mataji_Nirmala_Devi\\\/featured\"]}]}<\/script>\n<!-- \/ Yoast SEO plugin. -->","yoast_head_json":{"title":"Kulttuurien integraatio - TEST - SMND","robots":{"index":"noindex","follow":"follow","max-snippet":"max-snippet:-1","max-image-preview":"max-image-preview:large","max-video-preview":"max-video-preview:-1"},"og_locale":"en_US","og_type":"article","og_title":"Kulttuurien integraatio - TEST - SMND","og_description":"Kulttuurien integraatio Kohti kest\u00e4v\u00e4\u00e4 sivistyst\u00e4 Seminaareissa, lehdist\u00f6tilaisuuksissa ja ep\u00e4virallisissa luennoissa Shri Mataji sanoi usein, ett\u00e4 kautta historian profeetat ja pyhimykset puhuivat kaikki tarpeesta tuntea oma Itse, oma Henki. &#8220;Se on se, mit\u00e4 meid\u00e4n on teht\u00e4v\u00e4. On kehitett\u00e4v\u00e4 Henkemme uskontoa&#8221;, H\u00e4n sanoi. H\u00e4n vertasi uskontojen kasvua suureen puuhun, joka on yksitt\u00e4inen, mutta jolla on paljon kukkia.&hellip; Read more","og_url":"https:\/\/shrimataji.org\/test\/fi\/kulttuurien-integraatio\/","og_site_name":"TEST - SMND","article_publisher":"https:\/\/www.facebook.com\/shrimataji","article_modified_time":"2025-04-22T11:22:22+00:00","og_image":[{"width":990,"height":350,"url":"https:\/\/shrimataji.org\/test\/wp-content\/uploads\/2018\/07\/media_originals\/images\/headers-general\/mauli-art-by-graham-brown.jpg","type":"image\/jpeg"}],"twitter_card":"summary_large_image","twitter_site":"@shrimataji","schema":{"@context":"https:\/\/schema.org","@graph":[{"@type":"WebPage","@id":"https:\/\/shrimataji.org\/test\/fi\/kulttuurien-integraatio\/","url":"https:\/\/shrimataji.org\/test\/fi\/kulttuurien-integraatio\/","name":"Kulttuurien integraatio - TEST - SMND","isPartOf":{"@id":"https:\/\/shrimataji.org\/test\/#website"},"primaryImageOfPage":{"@id":"https:\/\/shrimataji.org\/test\/fi\/kulttuurien-integraatio\/#primaryimage"},"image":{"@id":"https:\/\/shrimataji.org\/test\/fi\/kulttuurien-integraatio\/#primaryimage"},"thumbnailUrl":"https:\/\/shrimataji.org\/test\/wp-content\/uploads\/2018\/07\/media_originals\/images\/headers-general\/mauli-art-by-graham-brown.jpg","datePublished":"2018-07-10T06:54:42+00:00","dateModified":"2025-04-22T11:22:22+00:00","breadcrumb":{"@id":"https:\/\/shrimataji.org\/test\/fi\/kulttuurien-integraatio\/#breadcrumb"},"inLanguage":"en-US","potentialAction":[{"@type":"ReadAction","target":["https:\/\/shrimataji.org\/test\/fi\/kulttuurien-integraatio\/"]}]},{"@type":"ImageObject","inLanguage":"en-US","@id":"https:\/\/shrimataji.org\/test\/fi\/kulttuurien-integraatio\/#primaryimage","url":"https:\/\/shrimataji.org\/test\/wp-content\/uploads\/2018\/07\/media_originals\/images\/headers-general\/mauli-art-by-graham-brown.jpg","contentUrl":"https:\/\/shrimataji.org\/test\/wp-content\/uploads\/2018\/07\/media_originals\/images\/headers-general\/mauli-art-by-graham-brown.jpg","width":990,"height":350},{"@type":"BreadcrumbList","@id":"https:\/\/shrimataji.org\/test\/fi\/kulttuurien-integraatio\/#breadcrumb","itemListElement":[{"@type":"ListItem","position":1,"name":"Home","item":"https:\/\/shrimataji.org\/test\/uk\/home-en\/"},{"@type":"ListItem","position":2,"name":"Kulttuurien integraatio"}]},{"@type":"WebSite","@id":"https:\/\/shrimataji.org\/test\/#website","url":"https:\/\/shrimataji.org\/test\/","name":"Shri Mataji Nirmala Devi","description":"A Life Dedicated to Humanity","publisher":{"@id":"https:\/\/shrimataji.org\/test\/#\/schema\/person\/a1b3419c6585f164aa96da1ff85715d1"},"potentialAction":[{"@type":"SearchAction","target":{"@type":"EntryPoint","urlTemplate":"https:\/\/shrimataji.org\/test\/?s={search_term_string}"},"query-input":{"@type":"PropertyValueSpecification","valueRequired":true,"valueName":"search_term_string"}}],"inLanguage":"en-US"},{"@type":["Person","Organization"],"@id":"https:\/\/shrimataji.org\/test\/#\/schema\/person\/a1b3419c6585f164aa96da1ff85715d1","name":"Nirmala Shrivastava","image":{"@type":"ImageObject","inLanguage":"en-US","@id":"https:\/\/shrimataji.org\/test\/wp-content\/uploads\/2023\/02\/SMO_LOGO-03.svg","url":"https:\/\/shrimataji.org\/test\/wp-content\/uploads\/2023\/02\/SMO_LOGO-03.svg","contentUrl":"https:\/\/shrimataji.org\/test\/wp-content\/uploads\/2023\/02\/SMO_LOGO-03.svg","width":"1024","height":"1024","caption":"Nirmala Shrivastava"},"logo":{"@id":"https:\/\/shrimataji.org\/test\/wp-content\/uploads\/2023\/02\/SMO_LOGO-03.svg"},"sameAs":["https:\/\/shrimataji.org\/test","https:\/\/www.facebook.com\/shrimataji","https:\/\/x.com\/shrimataji","https:\/\/www.youtube.com\/@Shri_Mataji_Nirmala_Devi\/featured"]}]}},"lang":"fi","translations":{"fi":12568,"ur":37409,"en":405,"am":17980,"th":19914,"hu":19455,"sq":18381,"zh":17278,"tr":10147,"pt":10360,"de":10634,"fr":10732,"it":10830,"es":10927,"ja":11224,"ru":11412,"bn":11604,"te":11712,"sw":11835,"he":11983,"el":12274,"sk":12372,"fa":12470,"bg":13481,"ro":14553,"cs":14746,"nl":16541,"ku":16701,"ar":16877,"be":18588,"kn":18862,"mr":20278,"uk":20570,"ml":20869,"ta":22696,"sv":22969,"gu":28817,"pa":28975,"fil":29415,"da":37723,"pl":37940,"nn":38275},"pll_sync_post":[],"_links":{"self":[{"href":"https:\/\/shrimataji.org\/test\/wp-json\/wp\/v2\/pages\/12568","targetHints":{"allow":["GET"]}}],"collection":[{"href":"https:\/\/shrimataji.org\/test\/wp-json\/wp\/v2\/pages"}],"about":[{"href":"https:\/\/shrimataji.org\/test\/wp-json\/wp\/v2\/types\/page"}],"author":[{"embeddable":true,"href":"https:\/\/shrimataji.org\/test\/wp-json\/wp\/v2\/users\/29"}],"replies":[{"embeddable":true,"href":"https:\/\/shrimataji.org\/test\/wp-json\/wp\/v2\/comments?post=12568"}],"version-history":[{"count":0,"href":"https:\/\/shrimataji.org\/test\/wp-json\/wp\/v2\/pages\/12568\/revisions"}],"wp:featuredmedia":[{"embeddable":true,"href":"https:\/\/shrimataji.org\/test\/wp-json\/wp\/v2\/media\/138"}],"wp:attachment":[{"href":"https:\/\/shrimataji.org\/test\/wp-json\/wp\/v2\/media?parent=12568"}],"curies":[{"name":"wp","href":"https:\/\/api.w.org\/{rel}","templated":true}]}}