{"id":12571,"date":"2018-07-10T06:54:42","date_gmt":"2018-07-10T06:54:42","guid":{"rendered":"http:\/\/testwordpress.nirmalnagari.org\/smnd\/index.php\/education-2\/"},"modified":"2025-04-22T13:02:09","modified_gmt":"2025-04-22T13:02:09","slug":"valaistunut-koulutus","status":"publish","type":"page","link":"https:\/\/shrimataji.org\/test\/fi\/valaistunut-koulutus\/","title":{"rendered":"Valaistunut koulutus"},"content":{"rendered":"\n\n\t<h1>Valaistunut koulutus<\/h1>\n<h2>Henkisen hyvinvoinnin vaaliminen<\/h2>\n\t<div class=\"su-quote su-quote-style-default\"><div class=\"su-quote-inner su-u-clearfix su-u-trim\">Kasvatuksen tulisi \u00e4lyllisen ja emotionaalisen kasvun lis\u00e4ksi kattaa my\u00f6s lasten henkinen hyvinvointi.<\/div><\/div>\n\t<h4>Lapset tarvitsevat tasapainoista koulutusta nyt enemm\u00e4n kuin koskaan. Koulutuksen ei pit\u00e4isi ainoastaan edist\u00e4\u00e4 lasten \u00e4lyllist\u00e4 ja emotionaalista kasvua, vaan siin\u00e4 pit\u00e4isi k\u00e4sitell\u00e4 my\u00f6s heid\u00e4n henkist\u00e4 hyvinvointiaan. Kun lapset ymm\u00e4rt\u00e4v\u00e4t sis\u00e4iset kykyns\u00e4 ja voimansa, he voivat kukoistaa miss\u00e4 tahansa ymp\u00e4rist\u00f6ss\u00e4. Keskittynyt huomio ja globaali n\u00e4k\u00f6kulma ovat kaksi muuta avainta valaistuneeseen koulutukseen.<\/h4>\n\t<p>Shri Mataji painotti voimakkaasti vankan perustan rakentamista varhaiskasvatukselle ja uskoi, ett\u00e4 sen tulisi olla vanhempien ja opettajien yhteinen prosessi. My\u00f6s luontoymp\u00e4rist\u00f6ll\u00e4 on opetuksellinen rooli. Kun lapset oppivat kasveista, el\u00e4imist\u00e4 ja luonnonsuojelusta, he oppivat kunnioittamaan \u00c4iti Maata ja sen arvokkaita luonnonvaroja.<\/p>\n\t<h5>&#8220;Kirjallisella koulutuksella ei ole mit\u00e4\u00e4n arvoa, jos se ei kykene rakentamaan tervett\u00e4 luonnetta.&#8221;<\/h5>\n<h5>Mahatma Gandhi<\/h5>\n\t\t\t\t<img loading=\"lazy\" decoding=\"async\" src=\"https:\/\/shrimataji.org\/test\/wp-content\/uploads\/2018\/07\/media_originals\/images\/shri-mataji-with-people\/shri-mataji-nirmala-devi-being-greeted-at-the-train-station-in-rome-italy.jpg\" alt=\"\" itemprop=\"image\" height=\"974\" width=\"1500\" onerror=\"this.style.display='none'\"  \/>\n\t<p>Itsetunnon ja arvokkuuden tunteen juurruttamiseksi Shri Mataji antoi suuren arvon kurinalaisuudelle &#8211; kurinalaisuudelle, jonka juuret ovat rakkaudessa ja kunnioituksessa. &#8220;Velvollisuutemme on huolehtia siit\u00e4, ett\u00e4 lapsistamme kasvaa suuria ihmisi\u00e4. Suurempia kuin me&#8221;, Shri Mataji sanoi. &#8220;Heid\u00e4n on huolehdittava maailmasta.&#8221;<\/p>\n<p>Shri Mataji toteutti visiotaan k\u00e4yt\u00e4nn\u00f6ss\u00e4 ja loi koulutusj\u00e4rjestelm\u00e4n, jonka ytimess\u00e4 on Sahaja Yoga. Haastavan akateemisen opetussuunnitelman lis\u00e4ksi opiskelijat meditoivat s\u00e4\u00e4nn\u00f6llisesti. T\u00e4m\u00e4 auttaa heit\u00e4 parantamaan huomiokyky\u00e4 ja keskittymiskyky\u00e4 sek\u00e4 kasvattamaan itseluottamusta ja itsens\u00e4 ymm\u00e4rt\u00e4mist\u00e4. Nuoret ymp\u00e4ri maailmaa viihtyv\u00e4t Shri Matajin kouluissa Intiassa, Italiassa, Kanadassa, It\u00e4vallassa, Yhdysvalloissa, T\u0161ekin tasavallassa, Ven\u00e4j\u00e4ll\u00e4 ja Australiassa, joissa he jatkavat syvien ihmissuhteiden luomista.<\/p>\n\t<div class=\"su-quote su-quote-style-default\"><div class=\"su-quote-inner su-u-clearfix su-u-trim\">Olen tavannut lapsia, jotka tulevat Dharamshalan koulustamme. \u00c4\u00e4rimm\u00e4isen itsevarmoja ja \u00e4\u00e4rimm\u00e4isen n\u00f6yri\u00e4. Kysyin heilt\u00e4: &#8216;Mit\u00e4 teette?&#8217; He vastasivat: &#8216;Meditoimme iltaisin ja aamuisin, ja se auttaa meit\u00e4 paljon.&#8217;<\/div><\/div>\n\t<p>Nobel-palkittu kirjailija Rabindranath Tagore totesi lapsista: &#8220;He ovat el\u00e4vi\u00e4 olentoja &#8211; el\u00e4v\u00e4mpi\u00e4 kuin aikuiset ihmiset, jotka ovat rakentaneet ymp\u00e4rilleen tottumusten kuoria. Siksi heid\u00e4n mielenterveytens\u00e4 ja kehityksens\u00e4 kannalta on ehdottoman v\u00e4ltt\u00e4m\u00e4t\u00f6nt\u00e4, ett\u00e4 heill\u00e4 ei ole vain kouluja opinahjoinaan, vaan maailma, jonka ohjaavana ajatuksena on henkil\u00f6kohtainen rakkaus.&#8221;<\/p>\n<p>T\u00e4m\u00e4n p\u00e4iv\u00e4n lapset ovat huomisen tulevaisuus, ja sijoitus hyv\u00e4\u00e4n koulutukseen on synonyymi sijoitukselle parempaan maailmaan. Lasten sosiaalinen ja psykologinen hyvinvointi vaarantuu kuitenkin yh\u00e4 useammin kouluissa. V\u00e4hint\u00e4\u00e4n yhdell\u00e4 viidest\u00e4 lapsella ja nuorella voi olla mielenterveysongelmia mink\u00e4 tahansa opiskeluvuoden aikana, ja Yhdysvalloissa arviolta yksi kymmenest\u00e4 lapsesta ja nuoresta k\u00e4rsii mielenterveysongelmasta, joka on niin vakava, ett\u00e4 se aiheuttaa jonkinasteista haittaa.<\/p>\n<p>Meditaatiota koskeva tieteellinen tutkimus<a href=\"https:\/\/www.deepl.com\/en\/%E2%80%9Dhttps:\/\/shrimataji.org\/test\/education-2\/#_ftn1%E2%80%9D\">[1]<\/a> paljastaa, ett\u00e4 biologis-henkisell\u00e4 l\u00e4hestymistavalla voidaan todistetusti ehk\u00e4ist\u00e4 ja hallita stressin j\u00e4lkiseurauksia, jotka johtuvat el\u00e4m\u00e4mme rutiinien ep\u00e4tasapainosta, joko koulussa, ty\u00f6paikalla tai kotona. Sahaja Yoga -meditaatio on osoittanut, ett\u00e4 se on ainutlaatuinen, koska se on spontaani, yksinkertainen ja vaivaton. Kaikki n\u00e4m\u00e4 Sahaja Yoga -meditaation ominaisuudet ovat tehneet siit\u00e4 hyv\u00e4ksytt\u00e4v\u00e4\u00e4, miellytt\u00e4v\u00e4\u00e4 ja suosittua niin lasten kuin koulujen opettajienkin keskuudessa. Se on my\u00f6s ollut tehokas keino tarjota opettajille ty\u00f6- ja yksityisel\u00e4m\u00e4n tasapainottamiseen t\u00e4ht\u00e4\u00e4v\u00e4 l\u00e4hestymistapa, jonka avulla he voivat selviyty\u00e4 raskaasta kuormituksesta, joka liittyy opetussuunnitelman hallintaan ja toteuttamiseen aikataulussa ja laadukkaasti.<\/p>\n<p>Erilaiset aloitteet, kuten The Inner Peace Project <a href=\"http:\/\/www.innerpeaceday.org\/\">(www.innerpeaceday.org<\/a>) ja Dhyaandhara<a href=\"https:\/\/shrimataji.org\/test\/education-2\/#_ftn2\">[2]<\/a> (Intia), tuovat Sahaja Yoga-meditaation avulla tavallisiin kouluihin hy\u00f6tyj\u00e4 lasten yleiseen kouluterveyteen ja el\u00e4m\u00e4\u00e4n.<\/p>\n\t<hr \/>\n<h3><a href=\"https:\/\/shrimataji.org\/test\/education-2\/#_ftnref1\" name=\"_ftn1\">[1]<\/a>\u00a0https:\/\/researchingmeditation.org\/<\/h3>\n<h3><a href=\"https:\/\/shrimataji.org\/test\/education-2\/#_ftnref2\" name=\"_ftn2\">[2]<\/a> LMP-korkeakoulujen v\u00e4linen Dhyaandhara -tutkimus Lucknowssa, Intiassa<\/h3>\n\n","protected":false},"excerpt":{"rendered":"<p>Valaistunut koulutus Henkisen hyvinvoinnin vaaliminen Lapset tarvitsevat tasapainoista koulutusta nyt enemm\u00e4n kuin koskaan. Koulutuksen ei pit\u00e4isi ainoastaan edist\u00e4\u00e4 lasten \u00e4lyllist\u00e4 ja emotionaalista kasvua, vaan siin\u00e4 pit\u00e4isi k\u00e4sitell\u00e4 my\u00f6s heid\u00e4n henkist\u00e4 hyvinvointiaan. Kun lapset ymm\u00e4rt\u00e4v\u00e4t sis\u00e4iset kykyns\u00e4 ja voimansa, he voivat kukoistaa miss\u00e4 tahansa ymp\u00e4rist\u00f6ss\u00e4. Keskittynyt huomio ja globaali n\u00e4k\u00f6kulma ovat kaksi muuta avainta valaistuneeseen koulutukseen.&hellip; <br \/> <a class=\"read-more\" href=\"https:\/\/shrimataji.org\/test\/fi\/valaistunut-koulutus\/\">Read more<\/a><\/p>\n","protected":false},"author":29,"featured_media":104,"parent":0,"menu_order":0,"comment_status":"closed","ping_status":"closed","template":"pro\/page-templates\/full-width-page.php","meta":{"inline_featured_image":false,"footnotes":""},"class_list":["post-12571","page","type-page","status-publish","has-post-thumbnail","hentry"],"yoast_head":"<!-- This site is optimized with the Yoast SEO plugin v27.4 - https:\/\/yoast.com\/product\/yoast-seo-wordpress\/ -->\n<title>Valaistunut koulutus - TEST - SMND<\/title>\n<meta name=\"robots\" content=\"noindex, follow, max-snippet:-1, max-image-preview:large, max-video-preview:-1\" \/>\n<meta property=\"og:locale\" content=\"en_US\" \/>\n<meta property=\"og:type\" content=\"article\" \/>\n<meta property=\"og:title\" content=\"Valaistunut koulutus - TEST - SMND\" \/>\n<meta property=\"og:description\" content=\"Valaistunut koulutus Henkisen hyvinvoinnin vaaliminen Lapset tarvitsevat tasapainoista koulutusta nyt enemm\u00e4n kuin koskaan. Koulutuksen ei pit\u00e4isi ainoastaan edist\u00e4\u00e4 lasten \u00e4lyllist\u00e4 ja emotionaalista kasvua, vaan siin\u00e4 pit\u00e4isi k\u00e4sitell\u00e4 my\u00f6s heid\u00e4n henkist\u00e4 hyvinvointiaan. Kun lapset ymm\u00e4rt\u00e4v\u00e4t sis\u00e4iset kykyns\u00e4 ja voimansa, he voivat kukoistaa miss\u00e4 tahansa ymp\u00e4rist\u00f6ss\u00e4. Keskittynyt huomio ja globaali n\u00e4k\u00f6kulma ovat kaksi muuta avainta valaistuneeseen koulutukseen.&hellip; Read more\" \/>\n<meta property=\"og:url\" content=\"https:\/\/shrimataji.org\/test\/fi\/valaistunut-koulutus\/\" \/>\n<meta property=\"og:site_name\" content=\"TEST - SMND\" \/>\n<meta property=\"article:publisher\" content=\"https:\/\/www.facebook.com\/shrimataji\" \/>\n<meta property=\"article:modified_time\" content=\"2025-04-22T13:02:09+00:00\" \/>\n<meta property=\"og:image\" content=\"https:\/\/shrimataji.org\/test\/wp-content\/uploads\/2018\/07\/media_originals\/images\/headers-general\/students-cheering-in-rajasthan-india.jpg\" \/>\n\t<meta property=\"og:image:width\" content=\"990\" \/>\n\t<meta property=\"og:image:height\" content=\"350\" \/>\n\t<meta property=\"og:image:type\" content=\"image\/jpeg\" \/>\n<meta name=\"twitter:card\" content=\"summary_large_image\" \/>\n<meta name=\"twitter:site\" content=\"@shrimataji\" \/>\n<script type=\"application\/ld+json\" class=\"yoast-schema-graph\">{\"@context\":\"https:\\\/\\\/schema.org\",\"@graph\":[{\"@type\":\"WebPage\",\"@id\":\"https:\\\/\\\/shrimataji.org\\\/test\\\/fi\\\/valaistunut-koulutus\\\/\",\"url\":\"https:\\\/\\\/shrimataji.org\\\/test\\\/fi\\\/valaistunut-koulutus\\\/\",\"name\":\"Valaistunut koulutus - TEST - SMND\",\"isPartOf\":{\"@id\":\"https:\\\/\\\/shrimataji.org\\\/test\\\/#website\"},\"primaryImageOfPage\":{\"@id\":\"https:\\\/\\\/shrimataji.org\\\/test\\\/fi\\\/valaistunut-koulutus\\\/#primaryimage\"},\"image\":{\"@id\":\"https:\\\/\\\/shrimataji.org\\\/test\\\/fi\\\/valaistunut-koulutus\\\/#primaryimage\"},\"thumbnailUrl\":\"https:\\\/\\\/shrimataji.org\\\/test\\\/wp-content\\\/uploads\\\/2018\\\/07\\\/media_originals\\\/images\\\/headers-general\\\/students-cheering-in-rajasthan-india.jpg\",\"datePublished\":\"2018-07-10T06:54:42+00:00\",\"dateModified\":\"2025-04-22T13:02:09+00:00\",\"breadcrumb\":{\"@id\":\"https:\\\/\\\/shrimataji.org\\\/test\\\/fi\\\/valaistunut-koulutus\\\/#breadcrumb\"},\"inLanguage\":\"en-US\",\"potentialAction\":[{\"@type\":\"ReadAction\",\"target\":[\"https:\\\/\\\/shrimataji.org\\\/test\\\/fi\\\/valaistunut-koulutus\\\/\"]}]},{\"@type\":\"ImageObject\",\"inLanguage\":\"en-US\",\"@id\":\"https:\\\/\\\/shrimataji.org\\\/test\\\/fi\\\/valaistunut-koulutus\\\/#primaryimage\",\"url\":\"https:\\\/\\\/shrimataji.org\\\/test\\\/wp-content\\\/uploads\\\/2018\\\/07\\\/media_originals\\\/images\\\/headers-general\\\/students-cheering-in-rajasthan-india.jpg\",\"contentUrl\":\"https:\\\/\\\/shrimataji.org\\\/test\\\/wp-content\\\/uploads\\\/2018\\\/07\\\/media_originals\\\/images\\\/headers-general\\\/students-cheering-in-rajasthan-india.jpg\",\"width\":990,\"height\":350},{\"@type\":\"BreadcrumbList\",\"@id\":\"https:\\\/\\\/shrimataji.org\\\/test\\\/fi\\\/valaistunut-koulutus\\\/#breadcrumb\",\"itemListElement\":[{\"@type\":\"ListItem\",\"position\":1,\"name\":\"Home\",\"item\":\"https:\\\/\\\/shrimataji.org\\\/test\\\/uk\\\/home-en\\\/\"},{\"@type\":\"ListItem\",\"position\":2,\"name\":\"Valaistunut koulutus\"}]},{\"@type\":\"WebSite\",\"@id\":\"https:\\\/\\\/shrimataji.org\\\/test\\\/#website\",\"url\":\"https:\\\/\\\/shrimataji.org\\\/test\\\/\",\"name\":\"Shri Mataji Nirmala Devi\",\"description\":\"A Life Dedicated to Humanity\",\"publisher\":{\"@id\":\"https:\\\/\\\/shrimataji.org\\\/test\\\/#\\\/schema\\\/person\\\/a1b3419c6585f164aa96da1ff85715d1\"},\"potentialAction\":[{\"@type\":\"SearchAction\",\"target\":{\"@type\":\"EntryPoint\",\"urlTemplate\":\"https:\\\/\\\/shrimataji.org\\\/test\\\/?s={search_term_string}\"},\"query-input\":{\"@type\":\"PropertyValueSpecification\",\"valueRequired\":true,\"valueName\":\"search_term_string\"}}],\"inLanguage\":\"en-US\"},{\"@type\":[\"Person\",\"Organization\"],\"@id\":\"https:\\\/\\\/shrimataji.org\\\/test\\\/#\\\/schema\\\/person\\\/a1b3419c6585f164aa96da1ff85715d1\",\"name\":\"Nirmala Shrivastava\",\"image\":{\"@type\":\"ImageObject\",\"inLanguage\":\"en-US\",\"@id\":\"https:\\\/\\\/shrimataji.org\\\/test\\\/wp-content\\\/uploads\\\/2023\\\/02\\\/SMO_LOGO-03.svg\",\"url\":\"https:\\\/\\\/shrimataji.org\\\/test\\\/wp-content\\\/uploads\\\/2023\\\/02\\\/SMO_LOGO-03.svg\",\"contentUrl\":\"https:\\\/\\\/shrimataji.org\\\/test\\\/wp-content\\\/uploads\\\/2023\\\/02\\\/SMO_LOGO-03.svg\",\"width\":\"1024\",\"height\":\"1024\",\"caption\":\"Nirmala Shrivastava\"},\"logo\":{\"@id\":\"https:\\\/\\\/shrimataji.org\\\/test\\\/wp-content\\\/uploads\\\/2023\\\/02\\\/SMO_LOGO-03.svg\"},\"sameAs\":[\"https:\\\/\\\/shrimataji.org\\\/test\",\"https:\\\/\\\/www.facebook.com\\\/shrimataji\",\"https:\\\/\\\/x.com\\\/shrimataji\",\"https:\\\/\\\/www.youtube.com\\\/@Shri_Mataji_Nirmala_Devi\\\/featured\"]}]}<\/script>\n<!-- \/ Yoast SEO plugin. -->","yoast_head_json":{"title":"Valaistunut koulutus - TEST - SMND","robots":{"index":"noindex","follow":"follow","max-snippet":"max-snippet:-1","max-image-preview":"max-image-preview:large","max-video-preview":"max-video-preview:-1"},"og_locale":"en_US","og_type":"article","og_title":"Valaistunut koulutus - TEST - SMND","og_description":"Valaistunut koulutus Henkisen hyvinvoinnin vaaliminen Lapset tarvitsevat tasapainoista koulutusta nyt enemm\u00e4n kuin koskaan. Koulutuksen ei pit\u00e4isi ainoastaan edist\u00e4\u00e4 lasten \u00e4lyllist\u00e4 ja emotionaalista kasvua, vaan siin\u00e4 pit\u00e4isi k\u00e4sitell\u00e4 my\u00f6s heid\u00e4n henkist\u00e4 hyvinvointiaan. Kun lapset ymm\u00e4rt\u00e4v\u00e4t sis\u00e4iset kykyns\u00e4 ja voimansa, he voivat kukoistaa miss\u00e4 tahansa ymp\u00e4rist\u00f6ss\u00e4. Keskittynyt huomio ja globaali n\u00e4k\u00f6kulma ovat kaksi muuta avainta valaistuneeseen koulutukseen.&hellip; Read more","og_url":"https:\/\/shrimataji.org\/test\/fi\/valaistunut-koulutus\/","og_site_name":"TEST - SMND","article_publisher":"https:\/\/www.facebook.com\/shrimataji","article_modified_time":"2025-04-22T13:02:09+00:00","og_image":[{"width":990,"height":350,"url":"https:\/\/shrimataji.org\/test\/wp-content\/uploads\/2018\/07\/media_originals\/images\/headers-general\/students-cheering-in-rajasthan-india.jpg","type":"image\/jpeg"}],"twitter_card":"summary_large_image","twitter_site":"@shrimataji","schema":{"@context":"https:\/\/schema.org","@graph":[{"@type":"WebPage","@id":"https:\/\/shrimataji.org\/test\/fi\/valaistunut-koulutus\/","url":"https:\/\/shrimataji.org\/test\/fi\/valaistunut-koulutus\/","name":"Valaistunut koulutus - TEST - SMND","isPartOf":{"@id":"https:\/\/shrimataji.org\/test\/#website"},"primaryImageOfPage":{"@id":"https:\/\/shrimataji.org\/test\/fi\/valaistunut-koulutus\/#primaryimage"},"image":{"@id":"https:\/\/shrimataji.org\/test\/fi\/valaistunut-koulutus\/#primaryimage"},"thumbnailUrl":"https:\/\/shrimataji.org\/test\/wp-content\/uploads\/2018\/07\/media_originals\/images\/headers-general\/students-cheering-in-rajasthan-india.jpg","datePublished":"2018-07-10T06:54:42+00:00","dateModified":"2025-04-22T13:02:09+00:00","breadcrumb":{"@id":"https:\/\/shrimataji.org\/test\/fi\/valaistunut-koulutus\/#breadcrumb"},"inLanguage":"en-US","potentialAction":[{"@type":"ReadAction","target":["https:\/\/shrimataji.org\/test\/fi\/valaistunut-koulutus\/"]}]},{"@type":"ImageObject","inLanguage":"en-US","@id":"https:\/\/shrimataji.org\/test\/fi\/valaistunut-koulutus\/#primaryimage","url":"https:\/\/shrimataji.org\/test\/wp-content\/uploads\/2018\/07\/media_originals\/images\/headers-general\/students-cheering-in-rajasthan-india.jpg","contentUrl":"https:\/\/shrimataji.org\/test\/wp-content\/uploads\/2018\/07\/media_originals\/images\/headers-general\/students-cheering-in-rajasthan-india.jpg","width":990,"height":350},{"@type":"BreadcrumbList","@id":"https:\/\/shrimataji.org\/test\/fi\/valaistunut-koulutus\/#breadcrumb","itemListElement":[{"@type":"ListItem","position":1,"name":"Home","item":"https:\/\/shrimataji.org\/test\/uk\/home-en\/"},{"@type":"ListItem","position":2,"name":"Valaistunut koulutus"}]},{"@type":"WebSite","@id":"https:\/\/shrimataji.org\/test\/#website","url":"https:\/\/shrimataji.org\/test\/","name":"Shri Mataji Nirmala Devi","description":"A Life Dedicated to Humanity","publisher":{"@id":"https:\/\/shrimataji.org\/test\/#\/schema\/person\/a1b3419c6585f164aa96da1ff85715d1"},"potentialAction":[{"@type":"SearchAction","target":{"@type":"EntryPoint","urlTemplate":"https:\/\/shrimataji.org\/test\/?s={search_term_string}"},"query-input":{"@type":"PropertyValueSpecification","valueRequired":true,"valueName":"search_term_string"}}],"inLanguage":"en-US"},{"@type":["Person","Organization"],"@id":"https:\/\/shrimataji.org\/test\/#\/schema\/person\/a1b3419c6585f164aa96da1ff85715d1","name":"Nirmala Shrivastava","image":{"@type":"ImageObject","inLanguage":"en-US","@id":"https:\/\/shrimataji.org\/test\/wp-content\/uploads\/2023\/02\/SMO_LOGO-03.svg","url":"https:\/\/shrimataji.org\/test\/wp-content\/uploads\/2023\/02\/SMO_LOGO-03.svg","contentUrl":"https:\/\/shrimataji.org\/test\/wp-content\/uploads\/2023\/02\/SMO_LOGO-03.svg","width":"1024","height":"1024","caption":"Nirmala Shrivastava"},"logo":{"@id":"https:\/\/shrimataji.org\/test\/wp-content\/uploads\/2023\/02\/SMO_LOGO-03.svg"},"sameAs":["https:\/\/shrimataji.org\/test","https:\/\/www.facebook.com\/shrimataji","https:\/\/x.com\/shrimataji","https:\/\/www.youtube.com\/@Shri_Mataji_Nirmala_Devi\/featured"]}]}},"lang":"fi","translations":{"fi":12571,"ur":37415,"en":398,"am":17986,"th":19923,"hu":19461,"sq":18387,"zh":17284,"hi":8488,"tr":10150,"pt":10363,"de":10637,"fr":10735,"it":10833,"es":10930,"ja":11227,"ru":11415,"bn":11607,"te":11715,"sw":11838,"he":11986,"el":12277,"sk":12375,"fa":12473,"bg":13472,"ro":14544,"cs":14737,"nl":16547,"ku":16707,"ar":16883,"be":18594,"kn":18868,"mr":20287,"uk":20579,"ml":20878,"ta":22702,"sv":22975,"gu":28823,"pa":28981,"fil":29421,"da":37729,"pl":37946,"nn":38281},"pll_sync_post":[],"_links":{"self":[{"href":"https:\/\/shrimataji.org\/test\/wp-json\/wp\/v2\/pages\/12571","targetHints":{"allow":["GET"]}}],"collection":[{"href":"https:\/\/shrimataji.org\/test\/wp-json\/wp\/v2\/pages"}],"about":[{"href":"https:\/\/shrimataji.org\/test\/wp-json\/wp\/v2\/types\/page"}],"author":[{"embeddable":true,"href":"https:\/\/shrimataji.org\/test\/wp-json\/wp\/v2\/users\/29"}],"replies":[{"embeddable":true,"href":"https:\/\/shrimataji.org\/test\/wp-json\/wp\/v2\/comments?post=12571"}],"version-history":[{"count":0,"href":"https:\/\/shrimataji.org\/test\/wp-json\/wp\/v2\/pages\/12571\/revisions"}],"wp:featuredmedia":[{"embeddable":true,"href":"https:\/\/shrimataji.org\/test\/wp-json\/wp\/v2\/media\/104"}],"wp:attachment":[{"href":"https:\/\/shrimataji.org\/test\/wp-json\/wp\/v2\/media?parent=12571"}],"curies":[{"name":"wp","href":"https:\/\/api.w.org\/{rel}","templated":true}]}}