{"id":12572,"date":"2018-07-10T06:54:54","date_gmt":"2018-07-10T06:54:54","guid":{"rendered":"http:\/\/testwordpress.nirmalnagari.org\/smnd\/index.php\/effortless-meditation\/"},"modified":"2025-04-22T13:11:10","modified_gmt":"2025-04-22T13:11:10","slug":"vaivaton-meditaatio","status":"publish","type":"page","link":"https:\/\/shrimataji.org\/test\/fi\/vaivaton-meditaatio\/","title":{"rendered":"Vaivaton meditaatio"},"content":{"rendered":"\n\n\t<h1>Vaivaton meditaatio<\/h1>\n<h2>Ote Shri Matajin antamista neuvoista, Lontoo 1. tammikuuta 1980<\/h2>\n\t<p>V\u00e4r\u00e4htelyt tulevat samalla tavalla, ne s\u00e4teilev\u00e4t. Teid\u00e4n on vain asetettava itsenne alttiiksi niille. Paras tapa on olla yritt\u00e4m\u00e4tt\u00e4 mit\u00e4\u00e4n.<\/p>\n<p>\u00c4lk\u00e4\u00e4 huolehtiko siit\u00e4, miss\u00e4 teill\u00e4 on ongelma. Teid\u00e4n ei tarvitse huolehtia lainkaan. Annatte sen vain tapahtua, ja se toimii itsest\u00e4\u00e4n. Teid\u00e4n ei siis tarvitse n\u00e4hd\u00e4 mit\u00e4\u00e4n vaivaa. T\u00e4t\u00e4 on meditaatio.<\/p>\n<p>Meditaatio tarkoittaa Jumalan armolle altistumista. Armo itsess\u00e4\u00e4n tiet\u00e4\u00e4, miten teid\u00e4t parannetaan. Se tiet\u00e4\u00e4, miten parantaa teid\u00e4t, miten asettua itse omaan olemukseen, miten pit\u00e4\u00e4 Henki sytytettyn\u00e4. Se tiet\u00e4\u00e4 kaiken, joten teid\u00e4n ei tarvitse huolehtia siit\u00e4, mit\u00e4 teid\u00e4n pit\u00e4\u00e4 tehd\u00e4 tai mik\u00e4 nimi tai mit\u00e4 mantroja teid\u00e4n pit\u00e4\u00e4 lausua. Meditaatiossa teid\u00e4n on oltava t\u00e4ysin tekem\u00e4tt\u00e4 mit\u00e4\u00e4n, altistettava itsenne t\u00e4ysin ja teid\u00e4n on oltava silloin t\u00e4ysin ilman ajatuksia.<\/p>\n<p>Jos ette pysty olemaan ajattelematta, teid\u00e4n on silloin vain tarkkailtava ajatuksianne, mutta \u00e4lk\u00e4\u00e4 menk\u00f6 mukaan niihin. Huomaatte, ett\u00e4 v\u00e4hitellen, kuten auringon noustessa, pimeys h\u00e4vi\u00e4\u00e4 ja auringons\u00e4teet tunkeutuvat kaikkialle ja valaisevat koko paikan. Samalla tavalla teid\u00e4n olemuksenne valaistuu t\u00e4ysin. Mutta jos ponnistelette tuolloin tai yrit\u00e4tte pys\u00e4ytt\u00e4\u00e4 jotakin sis\u00e4ll\u00e4nne, silloin sit\u00e4 ei tapahdu. Vaivattomuus on ainoa tie meditaatioon, mutta teid\u00e4n ei pid\u00e4 olla letargisia sen suhteen. Teid\u00e4n pit\u00e4\u00e4 olla valppaina ja tarkkailla sit\u00e4.<\/p>\n<p>Toinen puoli voi olla se, ett\u00e4 ihmiset vain nukahtavat. Teid\u00e4n on oltava valppaita. Jos nukahdatte, mik\u00e4\u00e4n ei onnistu. Se on toinen puoli. Jos sen suhteen on laiska, ei mik\u00e4\u00e4n onnistu. Teid\u00e4n on oltava valppaita ja avoimia, t\u00e4ysin tietoisia, t\u00e4ysin vailla ponnisteluja, aivan kokonaan. Jos ette yrit\u00e4 yht\u00e4\u00e4n mit\u00e4\u00e4n, meditaatio toimii parhaiten.<\/p>\n\t<p><img loading=\"lazy\" decoding=\"async\" src=\"https:\/\/shrimataji.org\/test\/wp-content\/uploads\/2018\/07\/media_originals\/images\/meditation\/effortless-meditation-and-thoughtless-awareness.jpg\" alt=\"Effortless Meditation and Thoughtless Awareness\" width=\"406\" height=\"272\" align=\"left\" \/><\/p>\n\t<p>\u00c4lk\u00e4\u00e4 lainkaan miettik\u00f6 ongelmianne. Altistakaa vain itsenne v\u00e4r\u00e4htelyille. Kun aurinko paistaa, koko luonto altistuu auringolle ja saa auringon siunaukset vaivattomasti itselleen. Se ei ponnistele. Se vain vastaanottaa auringon. Auringon s\u00e4teet alkavat toimia. Samalla tavalla kaikkialla oleva Voima alkaa toimia.<\/p>\n<p>Teid\u00e4n ei pid\u00e4 ohjailla sit\u00e4. Ette saa tehd\u00e4 sille mit\u00e4\u00e4n. Olkaa vain tekem\u00e4tt\u00e4 mit\u00e4\u00e4n, yht\u00e4\u00e4n mit\u00e4\u00e4n. Se toimii. Se jatkaa ty\u00f6skentely\u00e4 niin kauan kuin voi ja tekee sen ihmeen, mik\u00e4 sen on teht\u00e4v\u00e4. Teid\u00e4n ei tarvitse huolehtia siit\u00e4. Se tiet\u00e4\u00e4 ty\u00f6ns\u00e4, mutta kun ponnistelette, luotte itse asiassa sille esteen. Ponnistelua ei siis tarvita. \u00c4lk\u00e4\u00e4 tehk\u00f6 mit\u00e4\u00e4n, sanokaa vain: &#8220;Antaa sen tapahtua, antaa sen tapahtua.&#8221; Siin\u00e4 kaikki.<\/p>\n\n","protected":false},"excerpt":{"rendered":"<p>Vaivaton meditaatio Ote Shri Matajin antamista neuvoista, Lontoo 1. tammikuuta 1980 V\u00e4r\u00e4htelyt tulevat samalla tavalla, ne s\u00e4teilev\u00e4t. Teid\u00e4n on vain asetettava itsenne alttiiksi niille. Paras tapa on olla yritt\u00e4m\u00e4tt\u00e4 mit\u00e4\u00e4n. \u00c4lk\u00e4\u00e4 huolehtiko siit\u00e4, miss\u00e4 teill\u00e4 on ongelma. Teid\u00e4n ei tarvitse huolehtia lainkaan. Annatte sen vain tapahtua, ja se toimii itsest\u00e4\u00e4n. Teid\u00e4n ei siis tarvitse n\u00e4hd\u00e4&hellip; <br \/> <a class=\"read-more\" href=\"https:\/\/shrimataji.org\/test\/fi\/vaivaton-meditaatio\/\">Read more<\/a><\/p>\n","protected":false},"author":29,"featured_media":147,"parent":0,"menu_order":0,"comment_status":"closed","ping_status":"closed","template":"","meta":{"inline_featured_image":false,"footnotes":""},"class_list":["post-12572","page","type-page","status-publish","has-post-thumbnail","hentry"],"yoast_head":"<!-- This site is optimized with the Yoast SEO plugin v27.4 - https:\/\/yoast.com\/product\/yoast-seo-wordpress\/ -->\n<title>Vaivaton meditaatio - TEST - SMND<\/title>\n<meta name=\"robots\" content=\"noindex, follow, max-snippet:-1, max-image-preview:large, max-video-preview:-1\" \/>\n<meta property=\"og:locale\" content=\"en_US\" \/>\n<meta property=\"og:type\" content=\"article\" \/>\n<meta property=\"og:title\" content=\"Vaivaton meditaatio - TEST - SMND\" \/>\n<meta property=\"og:description\" content=\"Vaivaton meditaatio Ote Shri Matajin antamista neuvoista, Lontoo 1. tammikuuta 1980 V\u00e4r\u00e4htelyt tulevat samalla tavalla, ne s\u00e4teilev\u00e4t. Teid\u00e4n on vain asetettava itsenne alttiiksi niille. Paras tapa on olla yritt\u00e4m\u00e4tt\u00e4 mit\u00e4\u00e4n. \u00c4lk\u00e4\u00e4 huolehtiko siit\u00e4, miss\u00e4 teill\u00e4 on ongelma. Teid\u00e4n ei tarvitse huolehtia lainkaan. Annatte sen vain tapahtua, ja se toimii itsest\u00e4\u00e4n. Teid\u00e4n ei siis tarvitse n\u00e4hd\u00e4&hellip; Read more\" \/>\n<meta property=\"og:url\" content=\"https:\/\/shrimataji.org\/test\/fi\/vaivaton-meditaatio\/\" \/>\n<meta property=\"og:site_name\" content=\"TEST - SMND\" \/>\n<meta property=\"article:publisher\" content=\"https:\/\/www.facebook.com\/shrimataji\" \/>\n<meta property=\"article:modified_time\" content=\"2025-04-22T13:11:10+00:00\" \/>\n<meta property=\"og:image\" content=\"https:\/\/shrimataji.org\/test\/wp-content\/uploads\/2018\/07\/media_originals\/images\/headers-general\/effortless-sahaja-yoga-meditation.jpg\" \/>\n\t<meta property=\"og:image:width\" content=\"990\" \/>\n\t<meta property=\"og:image:height\" content=\"350\" \/>\n\t<meta property=\"og:image:type\" content=\"image\/jpeg\" \/>\n<meta name=\"twitter:card\" content=\"summary_large_image\" \/>\n<meta name=\"twitter:site\" content=\"@shrimataji\" \/>\n<script type=\"application\/ld+json\" class=\"yoast-schema-graph\">{\"@context\":\"https:\\\/\\\/schema.org\",\"@graph\":[{\"@type\":\"WebPage\",\"@id\":\"https:\\\/\\\/shrimataji.org\\\/test\\\/fi\\\/vaivaton-meditaatio\\\/\",\"url\":\"https:\\\/\\\/shrimataji.org\\\/test\\\/fi\\\/vaivaton-meditaatio\\\/\",\"name\":\"Vaivaton meditaatio - TEST - SMND\",\"isPartOf\":{\"@id\":\"https:\\\/\\\/shrimataji.org\\\/test\\\/#website\"},\"primaryImageOfPage\":{\"@id\":\"https:\\\/\\\/shrimataji.org\\\/test\\\/fi\\\/vaivaton-meditaatio\\\/#primaryimage\"},\"image\":{\"@id\":\"https:\\\/\\\/shrimataji.org\\\/test\\\/fi\\\/vaivaton-meditaatio\\\/#primaryimage\"},\"thumbnailUrl\":\"https:\\\/\\\/shrimataji.org\\\/test\\\/wp-content\\\/uploads\\\/2018\\\/07\\\/media_originals\\\/images\\\/headers-general\\\/effortless-sahaja-yoga-meditation.jpg\",\"datePublished\":\"2018-07-10T06:54:54+00:00\",\"dateModified\":\"2025-04-22T13:11:10+00:00\",\"breadcrumb\":{\"@id\":\"https:\\\/\\\/shrimataji.org\\\/test\\\/fi\\\/vaivaton-meditaatio\\\/#breadcrumb\"},\"inLanguage\":\"en-US\",\"potentialAction\":[{\"@type\":\"ReadAction\",\"target\":[\"https:\\\/\\\/shrimataji.org\\\/test\\\/fi\\\/vaivaton-meditaatio\\\/\"]}]},{\"@type\":\"ImageObject\",\"inLanguage\":\"en-US\",\"@id\":\"https:\\\/\\\/shrimataji.org\\\/test\\\/fi\\\/vaivaton-meditaatio\\\/#primaryimage\",\"url\":\"https:\\\/\\\/shrimataji.org\\\/test\\\/wp-content\\\/uploads\\\/2018\\\/07\\\/media_originals\\\/images\\\/headers-general\\\/effortless-sahaja-yoga-meditation.jpg\",\"contentUrl\":\"https:\\\/\\\/shrimataji.org\\\/test\\\/wp-content\\\/uploads\\\/2018\\\/07\\\/media_originals\\\/images\\\/headers-general\\\/effortless-sahaja-yoga-meditation.jpg\",\"width\":990,\"height\":350},{\"@type\":\"BreadcrumbList\",\"@id\":\"https:\\\/\\\/shrimataji.org\\\/test\\\/fi\\\/vaivaton-meditaatio\\\/#breadcrumb\",\"itemListElement\":[{\"@type\":\"ListItem\",\"position\":1,\"name\":\"Home\",\"item\":\"https:\\\/\\\/shrimataji.org\\\/test\\\/uk\\\/home-en\\\/\"},{\"@type\":\"ListItem\",\"position\":2,\"name\":\"Vaivaton meditaatio\"}]},{\"@type\":\"WebSite\",\"@id\":\"https:\\\/\\\/shrimataji.org\\\/test\\\/#website\",\"url\":\"https:\\\/\\\/shrimataji.org\\\/test\\\/\",\"name\":\"Shri Mataji Nirmala Devi\",\"description\":\"A Life Dedicated to Humanity\",\"publisher\":{\"@id\":\"https:\\\/\\\/shrimataji.org\\\/test\\\/#\\\/schema\\\/person\\\/a1b3419c6585f164aa96da1ff85715d1\"},\"potentialAction\":[{\"@type\":\"SearchAction\",\"target\":{\"@type\":\"EntryPoint\",\"urlTemplate\":\"https:\\\/\\\/shrimataji.org\\\/test\\\/?s={search_term_string}\"},\"query-input\":{\"@type\":\"PropertyValueSpecification\",\"valueRequired\":true,\"valueName\":\"search_term_string\"}}],\"inLanguage\":\"en-US\"},{\"@type\":[\"Person\",\"Organization\"],\"@id\":\"https:\\\/\\\/shrimataji.org\\\/test\\\/#\\\/schema\\\/person\\\/a1b3419c6585f164aa96da1ff85715d1\",\"name\":\"Nirmala Shrivastava\",\"image\":{\"@type\":\"ImageObject\",\"inLanguage\":\"en-US\",\"@id\":\"https:\\\/\\\/shrimataji.org\\\/test\\\/wp-content\\\/uploads\\\/2023\\\/02\\\/SMO_LOGO-03.svg\",\"url\":\"https:\\\/\\\/shrimataji.org\\\/test\\\/wp-content\\\/uploads\\\/2023\\\/02\\\/SMO_LOGO-03.svg\",\"contentUrl\":\"https:\\\/\\\/shrimataji.org\\\/test\\\/wp-content\\\/uploads\\\/2023\\\/02\\\/SMO_LOGO-03.svg\",\"width\":\"1024\",\"height\":\"1024\",\"caption\":\"Nirmala Shrivastava\"},\"logo\":{\"@id\":\"https:\\\/\\\/shrimataji.org\\\/test\\\/wp-content\\\/uploads\\\/2023\\\/02\\\/SMO_LOGO-03.svg\"},\"sameAs\":[\"https:\\\/\\\/shrimataji.org\\\/test\",\"https:\\\/\\\/www.facebook.com\\\/shrimataji\",\"https:\\\/\\\/x.com\\\/shrimataji\",\"https:\\\/\\\/www.youtube.com\\\/@Shri_Mataji_Nirmala_Devi\\\/featured\"]}]}<\/script>\n<!-- \/ Yoast SEO plugin. -->","yoast_head_json":{"title":"Vaivaton meditaatio - TEST - SMND","robots":{"index":"noindex","follow":"follow","max-snippet":"max-snippet:-1","max-image-preview":"max-image-preview:large","max-video-preview":"max-video-preview:-1"},"og_locale":"en_US","og_type":"article","og_title":"Vaivaton meditaatio - TEST - SMND","og_description":"Vaivaton meditaatio Ote Shri Matajin antamista neuvoista, Lontoo 1. tammikuuta 1980 V\u00e4r\u00e4htelyt tulevat samalla tavalla, ne s\u00e4teilev\u00e4t. Teid\u00e4n on vain asetettava itsenne alttiiksi niille. Paras tapa on olla yritt\u00e4m\u00e4tt\u00e4 mit\u00e4\u00e4n. \u00c4lk\u00e4\u00e4 huolehtiko siit\u00e4, miss\u00e4 teill\u00e4 on ongelma. Teid\u00e4n ei tarvitse huolehtia lainkaan. Annatte sen vain tapahtua, ja se toimii itsest\u00e4\u00e4n. Teid\u00e4n ei siis tarvitse n\u00e4hd\u00e4&hellip; Read more","og_url":"https:\/\/shrimataji.org\/test\/fi\/vaivaton-meditaatio\/","og_site_name":"TEST - SMND","article_publisher":"https:\/\/www.facebook.com\/shrimataji","article_modified_time":"2025-04-22T13:11:10+00:00","og_image":[{"width":990,"height":350,"url":"https:\/\/shrimataji.org\/test\/wp-content\/uploads\/2018\/07\/media_originals\/images\/headers-general\/effortless-sahaja-yoga-meditation.jpg","type":"image\/jpeg"}],"twitter_card":"summary_large_image","twitter_site":"@shrimataji","schema":{"@context":"https:\/\/schema.org","@graph":[{"@type":"WebPage","@id":"https:\/\/shrimataji.org\/test\/fi\/vaivaton-meditaatio\/","url":"https:\/\/shrimataji.org\/test\/fi\/vaivaton-meditaatio\/","name":"Vaivaton meditaatio - TEST - SMND","isPartOf":{"@id":"https:\/\/shrimataji.org\/test\/#website"},"primaryImageOfPage":{"@id":"https:\/\/shrimataji.org\/test\/fi\/vaivaton-meditaatio\/#primaryimage"},"image":{"@id":"https:\/\/shrimataji.org\/test\/fi\/vaivaton-meditaatio\/#primaryimage"},"thumbnailUrl":"https:\/\/shrimataji.org\/test\/wp-content\/uploads\/2018\/07\/media_originals\/images\/headers-general\/effortless-sahaja-yoga-meditation.jpg","datePublished":"2018-07-10T06:54:54+00:00","dateModified":"2025-04-22T13:11:10+00:00","breadcrumb":{"@id":"https:\/\/shrimataji.org\/test\/fi\/vaivaton-meditaatio\/#breadcrumb"},"inLanguage":"en-US","potentialAction":[{"@type":"ReadAction","target":["https:\/\/shrimataji.org\/test\/fi\/vaivaton-meditaatio\/"]}]},{"@type":"ImageObject","inLanguage":"en-US","@id":"https:\/\/shrimataji.org\/test\/fi\/vaivaton-meditaatio\/#primaryimage","url":"https:\/\/shrimataji.org\/test\/wp-content\/uploads\/2018\/07\/media_originals\/images\/headers-general\/effortless-sahaja-yoga-meditation.jpg","contentUrl":"https:\/\/shrimataji.org\/test\/wp-content\/uploads\/2018\/07\/media_originals\/images\/headers-general\/effortless-sahaja-yoga-meditation.jpg","width":990,"height":350},{"@type":"BreadcrumbList","@id":"https:\/\/shrimataji.org\/test\/fi\/vaivaton-meditaatio\/#breadcrumb","itemListElement":[{"@type":"ListItem","position":1,"name":"Home","item":"https:\/\/shrimataji.org\/test\/uk\/home-en\/"},{"@type":"ListItem","position":2,"name":"Vaivaton meditaatio"}]},{"@type":"WebSite","@id":"https:\/\/shrimataji.org\/test\/#website","url":"https:\/\/shrimataji.org\/test\/","name":"Shri Mataji Nirmala Devi","description":"A Life Dedicated to Humanity","publisher":{"@id":"https:\/\/shrimataji.org\/test\/#\/schema\/person\/a1b3419c6585f164aa96da1ff85715d1"},"potentialAction":[{"@type":"SearchAction","target":{"@type":"EntryPoint","urlTemplate":"https:\/\/shrimataji.org\/test\/?s={search_term_string}"},"query-input":{"@type":"PropertyValueSpecification","valueRequired":true,"valueName":"search_term_string"}}],"inLanguage":"en-US"},{"@type":["Person","Organization"],"@id":"https:\/\/shrimataji.org\/test\/#\/schema\/person\/a1b3419c6585f164aa96da1ff85715d1","name":"Nirmala Shrivastava","image":{"@type":"ImageObject","inLanguage":"en-US","@id":"https:\/\/shrimataji.org\/test\/wp-content\/uploads\/2023\/02\/SMO_LOGO-03.svg","url":"https:\/\/shrimataji.org\/test\/wp-content\/uploads\/2023\/02\/SMO_LOGO-03.svg","contentUrl":"https:\/\/shrimataji.org\/test\/wp-content\/uploads\/2023\/02\/SMO_LOGO-03.svg","width":"1024","height":"1024","caption":"Nirmala Shrivastava"},"logo":{"@id":"https:\/\/shrimataji.org\/test\/wp-content\/uploads\/2023\/02\/SMO_LOGO-03.svg"},"sameAs":["https:\/\/shrimataji.org\/test","https:\/\/www.facebook.com\/shrimataji","https:\/\/x.com\/shrimataji","https:\/\/www.youtube.com\/@Shri_Mataji_Nirmala_Devi\/featured"]}]}},"lang":"fi","translations":{"fi":12572,"ur":37417,"en":451,"am":17988,"th":19926,"hu":19463,"sq":18389,"zh":17286,"tr":10151,"pt":10364,"de":10638,"fr":10736,"it":10834,"es":10931,"ja":11228,"ru":11416,"bn":11608,"te":11716,"sw":11839,"he":11987,"el":12278,"sk":12376,"fa":12474,"bg":13433,"ro":14507,"cs":14700,"nl":16549,"ku":16709,"ar":16885,"be":18596,"kn":18870,"mr":20290,"uk":20582,"ml":20881,"ta":22704,"sv":22977,"gu":28825,"pa":28983,"fil":29423,"da":37731,"pl":37948,"nn":38283},"pll_sync_post":[],"_links":{"self":[{"href":"https:\/\/shrimataji.org\/test\/wp-json\/wp\/v2\/pages\/12572","targetHints":{"allow":["GET"]}}],"collection":[{"href":"https:\/\/shrimataji.org\/test\/wp-json\/wp\/v2\/pages"}],"about":[{"href":"https:\/\/shrimataji.org\/test\/wp-json\/wp\/v2\/types\/page"}],"author":[{"embeddable":true,"href":"https:\/\/shrimataji.org\/test\/wp-json\/wp\/v2\/users\/29"}],"replies":[{"embeddable":true,"href":"https:\/\/shrimataji.org\/test\/wp-json\/wp\/v2\/comments?post=12572"}],"version-history":[{"count":0,"href":"https:\/\/shrimataji.org\/test\/wp-json\/wp\/v2\/pages\/12572\/revisions"}],"wp:featuredmedia":[{"embeddable":true,"href":"https:\/\/shrimataji.org\/test\/wp-json\/wp\/v2\/media\/147"}],"wp:attachment":[{"href":"https:\/\/shrimataji.org\/test\/wp-json\/wp\/v2\/media?parent=12572"}],"curies":[{"name":"wp","href":"https:\/\/api.w.org\/{rel}","templated":true}]}}