{"id":12573,"date":"2017-09-02T04:00:00","date_gmt":"2017-09-02T04:00:00","guid":{"rendered":"http:\/\/testwordpress.nirmalnagari.org\/smnd\/index.php\/enlightening-encounters\/"},"modified":"2025-04-22T13:27:06","modified_gmt":"2025-04-22T13:27:06","slug":"valaisevia-kohtaamisia","status":"publish","type":"page","link":"https:\/\/shrimataji.org\/test\/fi\/valaisevia-kohtaamisia\/","title":{"rendered":"Valaisevia kohtaamisia"},"content":{"rendered":"\n\n\t<h1>Valaisevia kohtaamisia<\/h1>\n<h2>H\u00e4nen \u00e4\u00e4ret\u00f6n empatiansa ja rakkautensa ihmiskuntaa kohtaan<\/h2>\n\t<h4>Er\u00e4s toimittaja kysyi kerran Englannissa: &#8220;Oletteko joutunut pettym\u00e4\u00e4n?&#8221; Shri Mataji vastasi: &#8220;En ole pettynyt enk\u00e4 pett\u00e4nyt!&#8221; Sit\u00e4 seurannut nauru luonnehti monia niit\u00e4 keskusteluja Shri Matajin kanssa, jotka saattoivat olla humoristisia, ep\u00e4tavallisia ja saada usein yll\u00e4tt\u00e4v\u00e4n k\u00e4\u00e4nteen.<\/h4>\n<p>Shri Matajilla oli kyky tuoda esiin aiheiden v\u00e4lisi\u00e4 yhteyksi\u00e4, joita useimmat ihmiset eiv\u00e4t olleet ennen huomanneet, ja t\u00e4m\u00e4 teki H\u00e4nen puheistaan ja tarinoistaan mukaansatempaavia, lumoavia ja mieleenpainuvia. Shri Mataji piti tuhansia t\u00e4llaisia puheita, jotka olivat aina opettavaisia ja valaisevia. H\u00e4nen laajennettu passinsa oli l\u00e4hes tuuman paksuinen, ja siin\u00e4 oli leima monista paikoista, joissa H\u00e4n vieraili kiert\u00e4ess\u00e4\u00e4n maailmaa yhden ainoan tarkoituksen vuoksi: tavoittaakseen mahdollisimman monta ihmist\u00e4 ja antaakseen heille itseoivalluksen.<\/p>\n<p>H\u00e4n todellakin tapasi tuhansia ihmisi\u00e4, mutta ei min\u00e4\u00e4n lyhyin\u00e4 tervehdysk\u00e4yntein\u00e4. Shri Mataji paneutui edess\u00e4\u00e4n istuvaan henkil\u00f6\u00f6n, olipa h\u00e4n sitten maailmaa n\u00e4hnyt ja menestynyt tai n\u00f6yr\u00e4 kyl\u00e4l\u00e4inen, ja H\u00e4n paneutui syv\u00e4lle ihmisen olemukseen, sill\u00e4 H\u00e4nelle jokainen oli t\u00e4rke\u00e4, jokaisessa oli potentiaalia.<\/p>\n<p>Juuri t\u00e4m\u00e4 potentiaali innoitti Shri Matajin tekem\u00e4\u00e4n ty\u00f6t\u00e4\u00e4n. Jokaisen ihmisen valmius tulla Hengeksi, p\u00e4\u00e4st\u00e4 yhteyteen, saavuttaa itseoivallus. Jotkut ihmiset tunnistivat Shri Matajin, jotkut yksinkertaisesti eiv\u00e4t. Se riippui pikemminkin yksil\u00f6n tilasta ja siit\u00e4, mihin h\u00e4n oli sijoittanut itsens\u00e4, kuin siit\u00e4, kuka h\u00e4n oli. Jotkut ihmiset n\u00e4kiv\u00e4t H\u00e4net, tajusivat H\u00e4net, tulivat l\u00e4hemm\u00e4ksi, toiset taas k\u00e4\u00e4ntyiv\u00e4t pois&#8230;<\/p>\n\tJa kuka oli Shri Mataji? Mik\u00e4 oli Shri Mataji?<br \/>\nShri Mataji oli guru. Ja mik\u00e4 on guru? &#8211; Sanalla guru on aivan erityinen merkitys: <i>Gu<\/i> = tiet\u00e4m\u00e4tt\u00f6myys. <i>Ru<\/i> = h\u00e4lvent\u00e4j\u00e4. Gurun pit\u00e4isi siis pysty\u00e4 poistamaan henkinen tiet\u00e4m\u00e4tt\u00f6myys ja illuusio, jotka valtaavat ihmisen.\n<p>Monet niist\u00e4, jotka tulivat l\u00e4hemm\u00e4s, tunsivat, ett\u00e4 Shri Mataji oli aito asia, t\u00e4ydellinen kokonaisuus, <i>axis mundi<\/i>. Jumalallinen \u00c4iti. Jotenkin H\u00e4nell\u00e4 oli kyky, synnynn\u00e4inen kyky auttaa ihmisi\u00e4 k\u00e4sittelem\u00e4\u00e4n ja ratkaisemaan omia ongelmiaan. H\u00e4nen taikansa oli kuin rakastavan puutarhurin, joka id\u00e4tt\u00e4\u00e4 siemeni\u00e4, jotka saattavat yksil\u00f6n kukoistamaan ja tuottamaan hedelm\u00e4\u00e4.<\/p>\n\t<h5>&#8220;Viisaus on s\u00e4teilev\u00e4\u00e4 ja katoamatonta,<\/h5>\n<h5>Ja ne, jotka h\u00e4nt\u00e4 rakastavat, tunnistavat h\u00e4net helposti,<\/h5>\n<h5>Ja h\u00e4net l\u00f6yt\u00e4v\u00e4t ne, jotka h\u00e4nt\u00e4 etsiv\u00e4t.<\/h5>\n<h5>H\u00e4n kiiruhtaa ilmoittamaan itsens\u00e4 niille, jotka h\u00e4nt\u00e4 kaipaavat.<\/h5>\n<h5>&#8230; h\u00e4n etsii niit\u00e4, jotka ovat h\u00e4nen arvoisiaan,<\/h5>\n<h5>Ja h\u00e4n n\u00e4ytt\u00e4ytyy heille armollisesti heid\u00e4n poluillaan.&#8221;<\/h5>\n<h5>Salomonin viisauksia kpl 6 s.12-17<\/h5>\n\t<p>Silti h\u00e4nen viestins\u00e4 oli vakaa: &#8221; Tule omaksi guruksesi, tule Hengeksi&#8221;, ja se osoittautui toisinaan olevan hieman vaikeaa. Se vaati p\u00e4\u00e4tt\u00e4v\u00e4isyytt\u00e4 ja kurinalaisuutta.<\/p>\n<p>Heikko ja hajautuva huomio, h\u00e4mmennys, laiskuus, heikko itsetunto ja lukemattomat muut ongelmat haittaisivat jokaisen yksil\u00f6n kyky\u00e4 ja p\u00e4\u00e4tt\u00e4v\u00e4isyytt\u00e4 ty\u00f6skennell\u00e4 itsens\u00e4 hyv\u00e4ksi, huolehtia itsest\u00e4\u00e4n ja ymm\u00e4rt\u00e4\u00e4 t\u00e4ysin potentiaalinsa.<\/p>\n<p>T\u00e4ss\u00e4 prosessissa Shri Mataji saattoi guruna olla hurja kuin tiikeri, mahtava katsella, mutta \u00e4itin\u00e4 h\u00e4n saattoi olla lempe\u00e4, k\u00e4rsiv\u00e4llinen lohduttaja. \u00c4idillisell\u00e4 tavalla H\u00e4n pyrki inspiroimaan ja rohkaisemaan ihmisi\u00e4; jopa silloin, kun H\u00e4n n\u00e4ki heid\u00e4n horjuvan, H\u00e4n oli valmis ojentamaan k\u00e4tens\u00e4 ja ohjaamaan heid\u00e4t takaisin oikealle tielle. <\/p>\n<p>Kun sai olla h\u00e4nen huomiossaan, tuntui kuin olisi ollut itse evoluution k\u00e4siss\u00e4. H\u00e4nen hymyns\u00e4 lohdutti ja rauhoitti. H\u00e4nen \u00e4\u00e4nens\u00e4 tarjosi tukea ja neuvoja. Valinta j\u00e4i aina kunkin omaan syd\u00e4meen, kuuntelisiko H\u00e4nen sanojaan vai ei. Jokainen koki Shri Matajin ainutlaatuisesti ymm\u00e4rryksen tasosta riippuen.<\/p>\n\t<p>H\u00e4nen herkkyytens\u00e4 ihmisten k\u00e4sittelyss\u00e4 oli suurenmoista. H\u00e4n pystyi viritt\u00e4ytym\u00e4\u00e4n tilanteeseen todella tarkasti, ja H\u00e4nen huomionsa tunkeutui l\u00e4pi kuulemaan mit\u00e4 sanottiin ja mit\u00e4 j\u00e4tettiin sanomatta. <\/p>\n\t<p>H\u00e4nen naurunsa oli tarttuvaa, H\u00e4nen todistusvoimansa uskomatonta ja h\u00e4nen nauttimisensa el\u00e4m\u00e4n yl\u00e4- ja alam\u00e4ist\u00e4 vapauttavaa. Ihmisten muistoissa Shri Matajista kaikuu aina sama tunne: tunne etuoikeudesta, hyv\u00e4st\u00e4 onnesta tai ihmeellisest\u00e4 sattumasta, ett\u00e4 he olivat jotenkin kohdanneet Shri Matajin ja H\u00e4nen opetuksensa.<\/p>\n<p>Shri Matajin viesti ymm\u00e4rryksest\u00e4 ja viisaudesta pysyy samana, kun H\u00e4n sanoi:<\/p>\n&#8220;Kumarran kaikkia totuuden etsij\u00f6it\u00e4&#8221;<br \/>\n&#8220;Sin\u00e4 olet Henki&#8221;<br \/>\n&#8220;Sinussa asustaa Voima&#8221;<br \/>\n&#8220;Tule omaksi guruksesi&#8221;<br \/>\n&#8220;Nauti!&#8221;<br \/>\n&#8220;Voit saada itseoivalluksesi. Voit tuntea viile\u00e4n tuulahduksen k\u00e4mmenill\u00e4si ja p\u00e4\u00e4si yl\u00e4puolella&#8221;.\n<p>Keskeinen viesti ei koskaan muuttunut. Ainoa kysymys on se, kuinka moni kuulee viestin ja tarttuu tilaisuuteen l\u00f6yt\u00e4\u00e4 oma todellinen itsens\u00e4?<\/p>\n<p>Shri Matajin perint\u00f6 j\u00e4\u00e4 niihin, jotka kuulivat H\u00e4nen viestins\u00e4, ottivat H\u00e4nen lahjansa omakseen, nauttivat Sahaja Yogasta ja levitt\u00e4v\u00e4t sit\u00e4.<\/p>\n<p>H\u00e4nen olemuksensa tuntee viile\u00e4ss\u00e4 tuulahduksessa k\u00e4siss\u00e4mme ja p\u00e4\u00e4mme yl\u00e4puolella. H\u00e4nen armonsa pehment\u00e4\u00e4 lempe\u00e4sti syd\u00e4mi\u00e4mme, ja jumalallinen rakkaus kaikuu olemuksissamme. <\/p>\n\n","protected":false},"excerpt":{"rendered":"<p>Valaisevia kohtaamisia H\u00e4nen \u00e4\u00e4ret\u00f6n empatiansa ja rakkautensa ihmiskuntaa kohtaan Er\u00e4s toimittaja kysyi kerran Englannissa: &#8220;Oletteko joutunut pettym\u00e4\u00e4n?&#8221; Shri Mataji vastasi: &#8220;En ole pettynyt enk\u00e4 pett\u00e4nyt!&#8221; Sit\u00e4 seurannut nauru luonnehti monia niit\u00e4 keskusteluja Shri Matajin kanssa, jotka saattoivat olla humoristisia, ep\u00e4tavallisia ja saada usein yll\u00e4tt\u00e4v\u00e4n k\u00e4\u00e4nteen. Shri Matajilla oli kyky tuoda esiin aiheiden v\u00e4lisi\u00e4 yhteyksi\u00e4, joita&hellip; <br \/> <a class=\"read-more\" href=\"https:\/\/shrimataji.org\/test\/fi\/valaisevia-kohtaamisia\/\">Read more<\/a><\/p>\n","protected":false},"author":29,"featured_media":159,"parent":0,"menu_order":0,"comment_status":"closed","ping_status":"closed","template":"","meta":{"inline_featured_image":false,"footnotes":""},"class_list":["post-12573","page","type-page","status-publish","has-post-thumbnail","hentry"],"yoast_head":"<!-- This site is optimized with the Yoast SEO plugin v27.4 - https:\/\/yoast.com\/product\/yoast-seo-wordpress\/ -->\n<title>Valaisevia kohtaamisia - TEST - SMND<\/title>\n<meta name=\"robots\" content=\"noindex, follow, max-snippet:-1, max-image-preview:large, max-video-preview:-1\" \/>\n<meta property=\"og:locale\" content=\"en_US\" \/>\n<meta property=\"og:type\" content=\"article\" \/>\n<meta property=\"og:title\" content=\"Valaisevia kohtaamisia - TEST - SMND\" \/>\n<meta property=\"og:description\" content=\"Valaisevia kohtaamisia H\u00e4nen \u00e4\u00e4ret\u00f6n empatiansa ja rakkautensa ihmiskuntaa kohtaan Er\u00e4s toimittaja kysyi kerran Englannissa: &#8220;Oletteko joutunut pettym\u00e4\u00e4n?&#8221; Shri Mataji vastasi: &#8220;En ole pettynyt enk\u00e4 pett\u00e4nyt!&#8221; Sit\u00e4 seurannut nauru luonnehti monia niit\u00e4 keskusteluja Shri Matajin kanssa, jotka saattoivat olla humoristisia, ep\u00e4tavallisia ja saada usein yll\u00e4tt\u00e4v\u00e4n k\u00e4\u00e4nteen. Shri Matajilla oli kyky tuoda esiin aiheiden v\u00e4lisi\u00e4 yhteyksi\u00e4, joita&hellip; Read more\" \/>\n<meta property=\"og:url\" content=\"https:\/\/shrimataji.org\/test\/fi\/valaisevia-kohtaamisia\/\" \/>\n<meta property=\"og:site_name\" content=\"TEST - SMND\" \/>\n<meta property=\"article:publisher\" content=\"https:\/\/www.facebook.com\/shrimataji\" \/>\n<meta property=\"article:modified_time\" content=\"2025-04-22T13:27:06+00:00\" \/>\n<meta property=\"og:image\" content=\"https:\/\/shrimataji.org\/test\/wp-content\/uploads\/2018\/07\/media_originals\/images\/headers-people\/shri-mataji-nirmala-devi-with-village-people-in-india.jpg\" \/>\n\t<meta property=\"og:image:width\" content=\"990\" \/>\n\t<meta property=\"og:image:height\" content=\"350\" \/>\n\t<meta property=\"og:image:type\" content=\"image\/jpeg\" \/>\n<meta name=\"twitter:card\" content=\"summary_large_image\" \/>\n<meta name=\"twitter:site\" content=\"@shrimataji\" \/>\n<script type=\"application\/ld+json\" class=\"yoast-schema-graph\">{\"@context\":\"https:\\\/\\\/schema.org\",\"@graph\":[{\"@type\":\"WebPage\",\"@id\":\"https:\\\/\\\/shrimataji.org\\\/test\\\/fi\\\/valaisevia-kohtaamisia\\\/\",\"url\":\"https:\\\/\\\/shrimataji.org\\\/test\\\/fi\\\/valaisevia-kohtaamisia\\\/\",\"name\":\"Valaisevia kohtaamisia - TEST - SMND\",\"isPartOf\":{\"@id\":\"https:\\\/\\\/shrimataji.org\\\/test\\\/#website\"},\"primaryImageOfPage\":{\"@id\":\"https:\\\/\\\/shrimataji.org\\\/test\\\/fi\\\/valaisevia-kohtaamisia\\\/#primaryimage\"},\"image\":{\"@id\":\"https:\\\/\\\/shrimataji.org\\\/test\\\/fi\\\/valaisevia-kohtaamisia\\\/#primaryimage\"},\"thumbnailUrl\":\"https:\\\/\\\/shrimataji.org\\\/test\\\/wp-content\\\/uploads\\\/2018\\\/07\\\/media_originals\\\/images\\\/headers-people\\\/shri-mataji-nirmala-devi-with-village-people-in-india.jpg\",\"datePublished\":\"2017-09-02T04:00:00+00:00\",\"dateModified\":\"2025-04-22T13:27:06+00:00\",\"breadcrumb\":{\"@id\":\"https:\\\/\\\/shrimataji.org\\\/test\\\/fi\\\/valaisevia-kohtaamisia\\\/#breadcrumb\"},\"inLanguage\":\"en-US\",\"potentialAction\":[{\"@type\":\"ReadAction\",\"target\":[\"https:\\\/\\\/shrimataji.org\\\/test\\\/fi\\\/valaisevia-kohtaamisia\\\/\"]}]},{\"@type\":\"ImageObject\",\"inLanguage\":\"en-US\",\"@id\":\"https:\\\/\\\/shrimataji.org\\\/test\\\/fi\\\/valaisevia-kohtaamisia\\\/#primaryimage\",\"url\":\"https:\\\/\\\/shrimataji.org\\\/test\\\/wp-content\\\/uploads\\\/2018\\\/07\\\/media_originals\\\/images\\\/headers-people\\\/shri-mataji-nirmala-devi-with-village-people-in-india.jpg\",\"contentUrl\":\"https:\\\/\\\/shrimataji.org\\\/test\\\/wp-content\\\/uploads\\\/2018\\\/07\\\/media_originals\\\/images\\\/headers-people\\\/shri-mataji-nirmala-devi-with-village-people-in-india.jpg\",\"width\":990,\"height\":350},{\"@type\":\"BreadcrumbList\",\"@id\":\"https:\\\/\\\/shrimataji.org\\\/test\\\/fi\\\/valaisevia-kohtaamisia\\\/#breadcrumb\",\"itemListElement\":[{\"@type\":\"ListItem\",\"position\":1,\"name\":\"Home\",\"item\":\"https:\\\/\\\/shrimataji.org\\\/test\\\/uk\\\/home-en\\\/\"},{\"@type\":\"ListItem\",\"position\":2,\"name\":\"Valaisevia kohtaamisia\"}]},{\"@type\":\"WebSite\",\"@id\":\"https:\\\/\\\/shrimataji.org\\\/test\\\/#website\",\"url\":\"https:\\\/\\\/shrimataji.org\\\/test\\\/\",\"name\":\"Shri Mataji Nirmala Devi\",\"description\":\"A Life Dedicated to Humanity\",\"publisher\":{\"@id\":\"https:\\\/\\\/shrimataji.org\\\/test\\\/#\\\/schema\\\/person\\\/a1b3419c6585f164aa96da1ff85715d1\"},\"potentialAction\":[{\"@type\":\"SearchAction\",\"target\":{\"@type\":\"EntryPoint\",\"urlTemplate\":\"https:\\\/\\\/shrimataji.org\\\/test\\\/?s={search_term_string}\"},\"query-input\":{\"@type\":\"PropertyValueSpecification\",\"valueRequired\":true,\"valueName\":\"search_term_string\"}}],\"inLanguage\":\"en-US\"},{\"@type\":[\"Person\",\"Organization\"],\"@id\":\"https:\\\/\\\/shrimataji.org\\\/test\\\/#\\\/schema\\\/person\\\/a1b3419c6585f164aa96da1ff85715d1\",\"name\":\"Nirmala Shrivastava\",\"image\":{\"@type\":\"ImageObject\",\"inLanguage\":\"en-US\",\"@id\":\"https:\\\/\\\/shrimataji.org\\\/test\\\/wp-content\\\/uploads\\\/2023\\\/02\\\/SMO_LOGO-03.svg\",\"url\":\"https:\\\/\\\/shrimataji.org\\\/test\\\/wp-content\\\/uploads\\\/2023\\\/02\\\/SMO_LOGO-03.svg\",\"contentUrl\":\"https:\\\/\\\/shrimataji.org\\\/test\\\/wp-content\\\/uploads\\\/2023\\\/02\\\/SMO_LOGO-03.svg\",\"width\":\"1024\",\"height\":\"1024\",\"caption\":\"Nirmala Shrivastava\"},\"logo\":{\"@id\":\"https:\\\/\\\/shrimataji.org\\\/test\\\/wp-content\\\/uploads\\\/2023\\\/02\\\/SMO_LOGO-03.svg\"},\"sameAs\":[\"https:\\\/\\\/shrimataji.org\\\/test\",\"https:\\\/\\\/www.facebook.com\\\/shrimataji\",\"https:\\\/\\\/x.com\\\/shrimataji\",\"https:\\\/\\\/www.youtube.com\\\/@Shri_Mataji_Nirmala_Devi\\\/featured\"]}]}<\/script>\n<!-- \/ Yoast SEO plugin. -->","yoast_head_json":{"title":"Valaisevia kohtaamisia - TEST - SMND","robots":{"index":"noindex","follow":"follow","max-snippet":"max-snippet:-1","max-image-preview":"max-image-preview:large","max-video-preview":"max-video-preview:-1"},"og_locale":"en_US","og_type":"article","og_title":"Valaisevia kohtaamisia - TEST - SMND","og_description":"Valaisevia kohtaamisia H\u00e4nen \u00e4\u00e4ret\u00f6n empatiansa ja rakkautensa ihmiskuntaa kohtaan Er\u00e4s toimittaja kysyi kerran Englannissa: &#8220;Oletteko joutunut pettym\u00e4\u00e4n?&#8221; Shri Mataji vastasi: &#8220;En ole pettynyt enk\u00e4 pett\u00e4nyt!&#8221; Sit\u00e4 seurannut nauru luonnehti monia niit\u00e4 keskusteluja Shri Matajin kanssa, jotka saattoivat olla humoristisia, ep\u00e4tavallisia ja saada usein yll\u00e4tt\u00e4v\u00e4n k\u00e4\u00e4nteen. Shri Matajilla oli kyky tuoda esiin aiheiden v\u00e4lisi\u00e4 yhteyksi\u00e4, joita&hellip; Read more","og_url":"https:\/\/shrimataji.org\/test\/fi\/valaisevia-kohtaamisia\/","og_site_name":"TEST - SMND","article_publisher":"https:\/\/www.facebook.com\/shrimataji","article_modified_time":"2025-04-22T13:27:06+00:00","og_image":[{"width":990,"height":350,"url":"https:\/\/shrimataji.org\/test\/wp-content\/uploads\/2018\/07\/media_originals\/images\/headers-people\/shri-mataji-nirmala-devi-with-village-people-in-india.jpg","type":"image\/jpeg"}],"twitter_card":"summary_large_image","twitter_site":"@shrimataji","schema":{"@context":"https:\/\/schema.org","@graph":[{"@type":"WebPage","@id":"https:\/\/shrimataji.org\/test\/fi\/valaisevia-kohtaamisia\/","url":"https:\/\/shrimataji.org\/test\/fi\/valaisevia-kohtaamisia\/","name":"Valaisevia kohtaamisia - TEST - SMND","isPartOf":{"@id":"https:\/\/shrimataji.org\/test\/#website"},"primaryImageOfPage":{"@id":"https:\/\/shrimataji.org\/test\/fi\/valaisevia-kohtaamisia\/#primaryimage"},"image":{"@id":"https:\/\/shrimataji.org\/test\/fi\/valaisevia-kohtaamisia\/#primaryimage"},"thumbnailUrl":"https:\/\/shrimataji.org\/test\/wp-content\/uploads\/2018\/07\/media_originals\/images\/headers-people\/shri-mataji-nirmala-devi-with-village-people-in-india.jpg","datePublished":"2017-09-02T04:00:00+00:00","dateModified":"2025-04-22T13:27:06+00:00","breadcrumb":{"@id":"https:\/\/shrimataji.org\/test\/fi\/valaisevia-kohtaamisia\/#breadcrumb"},"inLanguage":"en-US","potentialAction":[{"@type":"ReadAction","target":["https:\/\/shrimataji.org\/test\/fi\/valaisevia-kohtaamisia\/"]}]},{"@type":"ImageObject","inLanguage":"en-US","@id":"https:\/\/shrimataji.org\/test\/fi\/valaisevia-kohtaamisia\/#primaryimage","url":"https:\/\/shrimataji.org\/test\/wp-content\/uploads\/2018\/07\/media_originals\/images\/headers-people\/shri-mataji-nirmala-devi-with-village-people-in-india.jpg","contentUrl":"https:\/\/shrimataji.org\/test\/wp-content\/uploads\/2018\/07\/media_originals\/images\/headers-people\/shri-mataji-nirmala-devi-with-village-people-in-india.jpg","width":990,"height":350},{"@type":"BreadcrumbList","@id":"https:\/\/shrimataji.org\/test\/fi\/valaisevia-kohtaamisia\/#breadcrumb","itemListElement":[{"@type":"ListItem","position":1,"name":"Home","item":"https:\/\/shrimataji.org\/test\/uk\/home-en\/"},{"@type":"ListItem","position":2,"name":"Valaisevia kohtaamisia"}]},{"@type":"WebSite","@id":"https:\/\/shrimataji.org\/test\/#website","url":"https:\/\/shrimataji.org\/test\/","name":"Shri Mataji Nirmala Devi","description":"A Life Dedicated to Humanity","publisher":{"@id":"https:\/\/shrimataji.org\/test\/#\/schema\/person\/a1b3419c6585f164aa96da1ff85715d1"},"potentialAction":[{"@type":"SearchAction","target":{"@type":"EntryPoint","urlTemplate":"https:\/\/shrimataji.org\/test\/?s={search_term_string}"},"query-input":{"@type":"PropertyValueSpecification","valueRequired":true,"valueName":"search_term_string"}}],"inLanguage":"en-US"},{"@type":["Person","Organization"],"@id":"https:\/\/shrimataji.org\/test\/#\/schema\/person\/a1b3419c6585f164aa96da1ff85715d1","name":"Nirmala Shrivastava","image":{"@type":"ImageObject","inLanguage":"en-US","@id":"https:\/\/shrimataji.org\/test\/wp-content\/uploads\/2023\/02\/SMO_LOGO-03.svg","url":"https:\/\/shrimataji.org\/test\/wp-content\/uploads\/2023\/02\/SMO_LOGO-03.svg","contentUrl":"https:\/\/shrimataji.org\/test\/wp-content\/uploads\/2023\/02\/SMO_LOGO-03.svg","width":"1024","height":"1024","caption":"Nirmala Shrivastava"},"logo":{"@id":"https:\/\/shrimataji.org\/test\/wp-content\/uploads\/2023\/02\/SMO_LOGO-03.svg"},"sameAs":["https:\/\/shrimataji.org\/test","https:\/\/www.facebook.com\/shrimataji","https:\/\/x.com\/shrimataji","https:\/\/www.youtube.com\/@Shri_Mataji_Nirmala_Devi\/featured"]}]}},"lang":"fi","translations":{"fi":12573,"ur":37419,"en":435,"am":17990,"th":19929,"hu":19465,"sq":18391,"zh":17288,"tr":10152,"pt":10365,"de":10639,"fr":10737,"it":10835,"es":10932,"ja":11229,"ru":11417,"bn":11609,"te":11717,"sw":11840,"he":11988,"el":12279,"sk":12377,"fa":12475,"bg":13485,"ro":14560,"cs":14753,"nl":16551,"ku":16711,"ar":16887,"be":18598,"kn":18872,"mr":20293,"uk":20585,"ml":20884,"ta":22706,"sv":22979,"gu":28827,"pa":28985,"fil":29425,"da":37733,"pl":37950,"nn":38285},"pll_sync_post":[],"_links":{"self":[{"href":"https:\/\/shrimataji.org\/test\/wp-json\/wp\/v2\/pages\/12573","targetHints":{"allow":["GET"]}}],"collection":[{"href":"https:\/\/shrimataji.org\/test\/wp-json\/wp\/v2\/pages"}],"about":[{"href":"https:\/\/shrimataji.org\/test\/wp-json\/wp\/v2\/types\/page"}],"author":[{"embeddable":true,"href":"https:\/\/shrimataji.org\/test\/wp-json\/wp\/v2\/users\/29"}],"replies":[{"embeddable":true,"href":"https:\/\/shrimataji.org\/test\/wp-json\/wp\/v2\/comments?post=12573"}],"version-history":[{"count":0,"href":"https:\/\/shrimataji.org\/test\/wp-json\/wp\/v2\/pages\/12573\/revisions"}],"wp:featuredmedia":[{"embeddable":true,"href":"https:\/\/shrimataji.org\/test\/wp-json\/wp\/v2\/media\/159"}],"wp:attachment":[{"href":"https:\/\/shrimataji.org\/test\/wp-json\/wp\/v2\/media?parent=12573"}],"curies":[{"name":"wp","href":"https:\/\/api.w.org\/{rel}","templated":true}]}}