{"id":12574,"date":"2022-01-29T09:41:42","date_gmt":"2022-01-29T09:41:42","guid":{"rendered":"https:\/\/test.shrimataji.org\/?page_id=6385"},"modified":"2025-04-22T13:40:51","modified_gmt":"2025-04-22T13:40:51","slug":"tasapainon-saavuttaminen","status":"publish","type":"page","link":"https:\/\/shrimataji.org\/test\/fi\/tasapainon-saavuttaminen\/","title":{"rendered":"Tasapainon saavuttaminen"},"content":{"rendered":"\n\n\t<h1>Tasapainon saavuttaminen<\/h1>\n<h2>El\u00e4m\u00e4n jin ja jang<\/h2>\n<div class=\"su-quote su-quote-style-default\"><div class=\"su-quote-inner su-u-clearfix su-u-trim\"> Ymp\u00e4rist\u00f6ongelma voidaan ratkaista heti, kun ihmiset muuttuvat ja kehitt\u00e4v\u00e4t tasapainoaan. Olemme ep\u00e4tasapainossa, ja siksi luonto on mennyt ep\u00e4tasapainoon. <\/div><\/div>\n<p>Nykyp\u00e4iv\u00e4n nopeatempoinen maailma asettaa monia haasteita rauhanomaiselle el\u00e4m\u00e4lle sek\u00e4 itsellemme yksil\u00f6in\u00e4 ett\u00e4 osana globaalia yhteiskuntaa, joka kohtaa maailmanlaajuisia ongelmia. Ilmastonmuutos, taloudellinen ja sosiaalinen ep\u00e4tasapaino ovat kaikki oireita inhimillisen tietoisuutemme syvist\u00e4 ristiriidoista, joita emme voi tasapainottaa vain etsim\u00e4ll\u00e4 ulkoisia ratkaisuja. Tiet\u00e4m\u00e4tt\u00e4 olemassaolomme todellista tarkoitusta jatkamme paradoksaalisesti ongelmien ratkaisujen etsimist\u00e4 ulkoisesti katsomatta syv\u00e4lle itseemme. Jos pystymme luomaan yhteyden sis\u00e4iseen luontoomme, saamme yhteyden l\u00e4hteeseen, joka tarjoaa ratkaisut.<\/p>\n<h4>L\u00f6yt\u00e4\u00e4ksemme oman keskitiemme, meid\u00e4n on oltava tietoisia omasta hienojakoisesta sis\u00e4isest\u00e4 tasapainostamme. Feminiininen (jin) ja maskuliininen (jang) arkkityyppi muovaavat persoonallisuuttamme ja ilmenev\u00e4t tunteissamme, haluissamme ja teoissamme, jotka vaikuttavat energian hienojakoiseen tasapainoon vasemmassa ja oikeassa kanavassamme. Liiallisuuteen liittyv\u00e4t taipumukset elintavoissamme rasittavat t\u00e4t\u00e4 luonnollista tasapainoa, ja koemme fyysisi\u00e4, mentaalisia ja emotionaalisia ongelmia.<\/h4>\n<p>Sahaja Yoga -meditaatio johdattaa meid\u00e4t uuteen ajatuksettoman tietoisuuden tilaan. Syv\u00e4n hiljaisuuden tilassa l\u00f6yd\u00e4mme oikean polun itsellemme, l\u00e4himm\u00e4isillemme ja yhteiskunnallemme, ja kaikki avautuu spontaanisti paljastaen kokonaan uuden maailman, jota emme osaa edes kuvitella.<\/p>\n<h5>&#8220;Me vain peilaamme maailmaa. Kaikki ulkomaailmassa esiintyv\u00e4t taipumukset l\u00f6ytyv\u00e4t kehomme maailmasta. Jos voisimme muuttaa itse\u00e4mme, my\u00f6s maailman taipumukset muuttuisivat. Kun ihminen muuttaa omaa luonnettaan, niin my\u00f6s maailman asenne h\u00e4nt\u00e4 kohtaan muuttuu. T\u00e4m\u00e4 on korkein jumalallinen mysteeri. Se on ihmeellinen asia ja onnellisuutemme l\u00e4hde. Meid\u00e4n ei tarvitse odottaa, mit\u00e4 muut tekev\u00e4t.&#8221;<\/h5>\n<h5>Mahatma Gandhi<\/h5>\n<p>Sahaja Yoga -meditaatio tarjoaa meille ainutlaatuisen hetken syvent\u00e4\u00e4 henkist\u00e4 kokemustamme mielemme yl\u00e4puolella olevassa maailmassa. Se on rauhallinen hetki, jolloin voimme todella ottaa et\u00e4isyytt\u00e4 ajattelun sekamelskaan, sen ajattelemiseen, mit\u00e4 tulee tapahtumaan tai mit\u00e4 on jo tapahtunut. Ajatukseton tietoisuus sallii meid\u00e4n keskitty\u00e4 nykyhetkeen, mik\u00e4 on olennaista, jotta voimme k\u00e4sitell\u00e4 rauhassa mit\u00e4 tahansa el\u00e4m\u00e4ntilannetta.<\/p>\n<div class=\"epyt-video-wrapper\"><div  data-ep-a=\"fadeIn\"  style=\"display: block; margin: 0px auto;\"  id=\"_ytid_45326\"  width=\"3840\" height=\"2160\"  data-origwidth=\"3840\" data-origheight=\"2160\" data-facadesrc=\"https:\/\/www.youtube.com\/embed\/vM4CGusCUAk?enablejsapi=1&autoplay=0&cc_load_policy=0&cc_lang_pref=&iv_load_policy=1&loop=0&rel=0&fs=1&playsinline=1&autohide=2&theme=dark&color=red&controls=1&disablekb=0&\" class=\"__youtube_prefs__ epyt-facade  no-lazyload\" data-epautoplay=\"1\" ><img decoding=\"async\" data-spai-excluded=\"true\" class=\"epyt-facade-poster skip-lazy\" loading=\"lazy\"  alt=\"YouTube player\"  src=\"https:\/\/i.ytimg.com\/vi\/vM4CGusCUAk\/maxresdefault.jpg\"  \/><button class=\"epyt-facade-play\" aria-label=\"Play\"><svg data-no-lazy=\"1\" height=\"100%\" version=\"1.1\" viewBox=\"0 0 68 48\" width=\"100%\"><path class=\"ytp-large-play-button-bg\" d=\"M66.52,7.74c-0.78-2.93-2.49-5.41-5.42-6.19C55.79,.13,34,0,34,0S12.21,.13,6.9,1.55 C3.97,2.33,2.27,4.81,1.48,7.74C0.06,13.05,0,24,0,24s0.06,10.95,1.48,16.26c0.78,2.93,2.49,5.41,5.42,6.19 C12.21,47.87,34,48,34,48s21.79-0.13,27.1-1.55c2.93-0.78,4.64-3.26,5.42-6.19C67.94,34.95,68,24,68,24S67.94,13.05,66.52,7.74z\" fill=\"#f00\"><\/path><path d=\"M 45,24 27,14 27,34\" fill=\"#fff\"><\/path><\/svg><\/button><\/div><\/div><span itemprop=\"video\" itemscope itemtype=\"http:\/\/schema.org\/VideoObject\"><meta itemprop=\"embedUrl\" content=\"https:\/\/www.youtube.com\/embed\/vM4CGusCUAk\"><meta itemprop=\"name\" content=\"Establishing balance\"><meta itemprop=\"description\" content=\"YouTube video\"><meta itemprop=\"thumbnailUrl\" content=\"https:\/\/i.ytimg.com\/vi\/vM4CGusCUAk\/0.jpg\"><meta itemprop=\"duration\" content=\"PT2M40S\"><meta itemprop=\"uploadDate\" content=\"2022-11-12T03:29:52Z\"><\/span>\n\t<div class=\"su-quote su-quote-style-default\"><div class=\"su-quote-inner su-u-clearfix su-u-trim\">\n<p>Vakiinnuttakaa itsenne, tulkaa tasapainoon ja kasvakaa. Kasvakaa suuriksi ihmisiksi.<\/p>\n<\/div><\/div>\n\n","protected":false},"excerpt":{"rendered":"<p>Tasapainon saavuttaminen El\u00e4m\u00e4n jin ja jang Nykyp\u00e4iv\u00e4n nopeatempoinen maailma asettaa monia haasteita rauhanomaiselle el\u00e4m\u00e4lle sek\u00e4 itsellemme yksil\u00f6in\u00e4 ett\u00e4 osana globaalia yhteiskuntaa, joka kohtaa maailmanlaajuisia ongelmia. Ilmastonmuutos, taloudellinen ja sosiaalinen ep\u00e4tasapaino ovat kaikki oireita inhimillisen tietoisuutemme syvist\u00e4 ristiriidoista, joita emme voi tasapainottaa vain etsim\u00e4ll\u00e4 ulkoisia ratkaisuja. Tiet\u00e4m\u00e4tt\u00e4 olemassaolomme todellista tarkoitusta jatkamme paradoksaalisesti ongelmien ratkaisujen etsimist\u00e4 ulkoisesti&hellip; <br \/> <a class=\"read-more\" href=\"https:\/\/shrimataji.org\/test\/fi\/tasapainon-saavuttaminen\/\">Read more<\/a><\/p>\n","protected":false},"author":29,"featured_media":9260,"parent":0,"menu_order":0,"comment_status":"closed","ping_status":"closed","template":"","meta":{"inline_featured_image":false,"footnotes":""},"class_list":["post-12574","page","type-page","status-publish","has-post-thumbnail","hentry"],"yoast_head":"<!-- This site is optimized with the Yoast SEO plugin v27.4 - https:\/\/yoast.com\/product\/yoast-seo-wordpress\/ -->\n<title>Tasapainon saavuttaminen - TEST - SMND<\/title>\n<meta name=\"robots\" content=\"noindex, follow, max-snippet:-1, max-image-preview:large, max-video-preview:-1\" \/>\n<meta property=\"og:locale\" content=\"en_US\" \/>\n<meta property=\"og:type\" content=\"article\" \/>\n<meta property=\"og:title\" content=\"Tasapainon saavuttaminen - TEST - SMND\" \/>\n<meta property=\"og:description\" content=\"Tasapainon saavuttaminen El\u00e4m\u00e4n jin ja jang Nykyp\u00e4iv\u00e4n nopeatempoinen maailma asettaa monia haasteita rauhanomaiselle el\u00e4m\u00e4lle sek\u00e4 itsellemme yksil\u00f6in\u00e4 ett\u00e4 osana globaalia yhteiskuntaa, joka kohtaa maailmanlaajuisia ongelmia. Ilmastonmuutos, taloudellinen ja sosiaalinen ep\u00e4tasapaino ovat kaikki oireita inhimillisen tietoisuutemme syvist\u00e4 ristiriidoista, joita emme voi tasapainottaa vain etsim\u00e4ll\u00e4 ulkoisia ratkaisuja. Tiet\u00e4m\u00e4tt\u00e4 olemassaolomme todellista tarkoitusta jatkamme paradoksaalisesti ongelmien ratkaisujen etsimist\u00e4 ulkoisesti&hellip; Read more\" \/>\n<meta property=\"og:url\" content=\"https:\/\/shrimataji.org\/test\/fi\/tasapainon-saavuttaminen\/\" \/>\n<meta property=\"og:site_name\" content=\"TEST - SMND\" \/>\n<meta property=\"article:publisher\" content=\"https:\/\/www.facebook.com\/shrimataji\" \/>\n<meta property=\"article:modified_time\" content=\"2025-04-22T13:40:51+00:00\" \/>\n<meta property=\"og:image\" content=\"https:\/\/shrimataji.org\/test\/wp-content\/uploads\/2023\/03\/25_Banner-SY-Balance-scaled.jpg\" \/>\n\t<meta property=\"og:image:width\" content=\"2560\" \/>\n\t<meta property=\"og:image:height\" content=\"905\" \/>\n\t<meta property=\"og:image:type\" content=\"image\/jpeg\" \/>\n<meta name=\"twitter:card\" content=\"summary_large_image\" \/>\n<meta name=\"twitter:site\" content=\"@shrimataji\" \/>\n<meta name=\"twitter:label1\" content=\"Est. reading time\" \/>\n\t<meta name=\"twitter:data1\" content=\"2 minutes\" \/>\n<script type=\"application\/ld+json\" class=\"yoast-schema-graph\">{\"@context\":\"https:\\\/\\\/schema.org\",\"@graph\":[{\"@type\":\"WebPage\",\"@id\":\"https:\\\/\\\/shrimataji.org\\\/test\\\/fi\\\/tasapainon-saavuttaminen\\\/\",\"url\":\"https:\\\/\\\/shrimataji.org\\\/test\\\/fi\\\/tasapainon-saavuttaminen\\\/\",\"name\":\"Tasapainon saavuttaminen - TEST - SMND\",\"isPartOf\":{\"@id\":\"https:\\\/\\\/shrimataji.org\\\/test\\\/#website\"},\"primaryImageOfPage\":{\"@id\":\"https:\\\/\\\/shrimataji.org\\\/test\\\/fi\\\/tasapainon-saavuttaminen\\\/#primaryimage\"},\"image\":{\"@id\":\"https:\\\/\\\/shrimataji.org\\\/test\\\/fi\\\/tasapainon-saavuttaminen\\\/#primaryimage\"},\"thumbnailUrl\":\"https:\\\/\\\/shrimataji.org\\\/test\\\/wp-content\\\/uploads\\\/2023\\\/03\\\/25_Banner-SY-Balance-scaled.jpg\",\"datePublished\":\"2022-01-29T09:41:42+00:00\",\"dateModified\":\"2025-04-22T13:40:51+00:00\",\"breadcrumb\":{\"@id\":\"https:\\\/\\\/shrimataji.org\\\/test\\\/fi\\\/tasapainon-saavuttaminen\\\/#breadcrumb\"},\"inLanguage\":\"en-US\",\"potentialAction\":[{\"@type\":\"ReadAction\",\"target\":[\"https:\\\/\\\/shrimataji.org\\\/test\\\/fi\\\/tasapainon-saavuttaminen\\\/\"]}]},{\"@type\":\"ImageObject\",\"inLanguage\":\"en-US\",\"@id\":\"https:\\\/\\\/shrimataji.org\\\/test\\\/fi\\\/tasapainon-saavuttaminen\\\/#primaryimage\",\"url\":\"https:\\\/\\\/shrimataji.org\\\/test\\\/wp-content\\\/uploads\\\/2023\\\/03\\\/25_Banner-SY-Balance-scaled.jpg\",\"contentUrl\":\"https:\\\/\\\/shrimataji.org\\\/test\\\/wp-content\\\/uploads\\\/2023\\\/03\\\/25_Banner-SY-Balance-scaled.jpg\",\"width\":2560,\"height\":905},{\"@type\":\"BreadcrumbList\",\"@id\":\"https:\\\/\\\/shrimataji.org\\\/test\\\/fi\\\/tasapainon-saavuttaminen\\\/#breadcrumb\",\"itemListElement\":[{\"@type\":\"ListItem\",\"position\":1,\"name\":\"Home\",\"item\":\"https:\\\/\\\/shrimataji.org\\\/test\\\/uk\\\/home-en\\\/\"},{\"@type\":\"ListItem\",\"position\":2,\"name\":\"Tasapainon saavuttaminen\"}]},{\"@type\":\"WebSite\",\"@id\":\"https:\\\/\\\/shrimataji.org\\\/test\\\/#website\",\"url\":\"https:\\\/\\\/shrimataji.org\\\/test\\\/\",\"name\":\"Shri Mataji Nirmala Devi\",\"description\":\"A Life Dedicated to Humanity\",\"publisher\":{\"@id\":\"https:\\\/\\\/shrimataji.org\\\/test\\\/#\\\/schema\\\/person\\\/a1b3419c6585f164aa96da1ff85715d1\"},\"potentialAction\":[{\"@type\":\"SearchAction\",\"target\":{\"@type\":\"EntryPoint\",\"urlTemplate\":\"https:\\\/\\\/shrimataji.org\\\/test\\\/?s={search_term_string}\"},\"query-input\":{\"@type\":\"PropertyValueSpecification\",\"valueRequired\":true,\"valueName\":\"search_term_string\"}}],\"inLanguage\":\"en-US\"},{\"@type\":[\"Person\",\"Organization\"],\"@id\":\"https:\\\/\\\/shrimataji.org\\\/test\\\/#\\\/schema\\\/person\\\/a1b3419c6585f164aa96da1ff85715d1\",\"name\":\"Nirmala Shrivastava\",\"image\":{\"@type\":\"ImageObject\",\"inLanguage\":\"en-US\",\"@id\":\"https:\\\/\\\/shrimataji.org\\\/test\\\/wp-content\\\/uploads\\\/2023\\\/02\\\/SMO_LOGO-03.svg\",\"url\":\"https:\\\/\\\/shrimataji.org\\\/test\\\/wp-content\\\/uploads\\\/2023\\\/02\\\/SMO_LOGO-03.svg\",\"contentUrl\":\"https:\\\/\\\/shrimataji.org\\\/test\\\/wp-content\\\/uploads\\\/2023\\\/02\\\/SMO_LOGO-03.svg\",\"width\":\"1024\",\"height\":\"1024\",\"caption\":\"Nirmala Shrivastava\"},\"logo\":{\"@id\":\"https:\\\/\\\/shrimataji.org\\\/test\\\/wp-content\\\/uploads\\\/2023\\\/02\\\/SMO_LOGO-03.svg\"},\"sameAs\":[\"https:\\\/\\\/shrimataji.org\\\/test\",\"https:\\\/\\\/www.facebook.com\\\/shrimataji\",\"https:\\\/\\\/x.com\\\/shrimataji\",\"https:\\\/\\\/www.youtube.com\\\/@Shri_Mataji_Nirmala_Devi\\\/featured\"]}]}<\/script>\n<!-- \/ Yoast SEO plugin. -->","yoast_head_json":{"title":"Tasapainon saavuttaminen - TEST - SMND","robots":{"index":"noindex","follow":"follow","max-snippet":"max-snippet:-1","max-image-preview":"max-image-preview:large","max-video-preview":"max-video-preview:-1"},"og_locale":"en_US","og_type":"article","og_title":"Tasapainon saavuttaminen - TEST - SMND","og_description":"Tasapainon saavuttaminen El\u00e4m\u00e4n jin ja jang Nykyp\u00e4iv\u00e4n nopeatempoinen maailma asettaa monia haasteita rauhanomaiselle el\u00e4m\u00e4lle sek\u00e4 itsellemme yksil\u00f6in\u00e4 ett\u00e4 osana globaalia yhteiskuntaa, joka kohtaa maailmanlaajuisia ongelmia. Ilmastonmuutos, taloudellinen ja sosiaalinen ep\u00e4tasapaino ovat kaikki oireita inhimillisen tietoisuutemme syvist\u00e4 ristiriidoista, joita emme voi tasapainottaa vain etsim\u00e4ll\u00e4 ulkoisia ratkaisuja. Tiet\u00e4m\u00e4tt\u00e4 olemassaolomme todellista tarkoitusta jatkamme paradoksaalisesti ongelmien ratkaisujen etsimist\u00e4 ulkoisesti&hellip; Read more","og_url":"https:\/\/shrimataji.org\/test\/fi\/tasapainon-saavuttaminen\/","og_site_name":"TEST - SMND","article_publisher":"https:\/\/www.facebook.com\/shrimataji","article_modified_time":"2025-04-22T13:40:51+00:00","og_image":[{"width":2560,"height":905,"url":"https:\/\/shrimataji.org\/test\/wp-content\/uploads\/2023\/03\/25_Banner-SY-Balance-scaled.jpg","type":"image\/jpeg"}],"twitter_card":"summary_large_image","twitter_site":"@shrimataji","twitter_misc":{"Est. reading time":"2 minutes"},"schema":{"@context":"https:\/\/schema.org","@graph":[{"@type":"WebPage","@id":"https:\/\/shrimataji.org\/test\/fi\/tasapainon-saavuttaminen\/","url":"https:\/\/shrimataji.org\/test\/fi\/tasapainon-saavuttaminen\/","name":"Tasapainon saavuttaminen - TEST - SMND","isPartOf":{"@id":"https:\/\/shrimataji.org\/test\/#website"},"primaryImageOfPage":{"@id":"https:\/\/shrimataji.org\/test\/fi\/tasapainon-saavuttaminen\/#primaryimage"},"image":{"@id":"https:\/\/shrimataji.org\/test\/fi\/tasapainon-saavuttaminen\/#primaryimage"},"thumbnailUrl":"https:\/\/shrimataji.org\/test\/wp-content\/uploads\/2023\/03\/25_Banner-SY-Balance-scaled.jpg","datePublished":"2022-01-29T09:41:42+00:00","dateModified":"2025-04-22T13:40:51+00:00","breadcrumb":{"@id":"https:\/\/shrimataji.org\/test\/fi\/tasapainon-saavuttaminen\/#breadcrumb"},"inLanguage":"en-US","potentialAction":[{"@type":"ReadAction","target":["https:\/\/shrimataji.org\/test\/fi\/tasapainon-saavuttaminen\/"]}]},{"@type":"ImageObject","inLanguage":"en-US","@id":"https:\/\/shrimataji.org\/test\/fi\/tasapainon-saavuttaminen\/#primaryimage","url":"https:\/\/shrimataji.org\/test\/wp-content\/uploads\/2023\/03\/25_Banner-SY-Balance-scaled.jpg","contentUrl":"https:\/\/shrimataji.org\/test\/wp-content\/uploads\/2023\/03\/25_Banner-SY-Balance-scaled.jpg","width":2560,"height":905},{"@type":"BreadcrumbList","@id":"https:\/\/shrimataji.org\/test\/fi\/tasapainon-saavuttaminen\/#breadcrumb","itemListElement":[{"@type":"ListItem","position":1,"name":"Home","item":"https:\/\/shrimataji.org\/test\/uk\/home-en\/"},{"@type":"ListItem","position":2,"name":"Tasapainon saavuttaminen"}]},{"@type":"WebSite","@id":"https:\/\/shrimataji.org\/test\/#website","url":"https:\/\/shrimataji.org\/test\/","name":"Shri Mataji Nirmala Devi","description":"A Life Dedicated to Humanity","publisher":{"@id":"https:\/\/shrimataji.org\/test\/#\/schema\/person\/a1b3419c6585f164aa96da1ff85715d1"},"potentialAction":[{"@type":"SearchAction","target":{"@type":"EntryPoint","urlTemplate":"https:\/\/shrimataji.org\/test\/?s={search_term_string}"},"query-input":{"@type":"PropertyValueSpecification","valueRequired":true,"valueName":"search_term_string"}}],"inLanguage":"en-US"},{"@type":["Person","Organization"],"@id":"https:\/\/shrimataji.org\/test\/#\/schema\/person\/a1b3419c6585f164aa96da1ff85715d1","name":"Nirmala Shrivastava","image":{"@type":"ImageObject","inLanguage":"en-US","@id":"https:\/\/shrimataji.org\/test\/wp-content\/uploads\/2023\/02\/SMO_LOGO-03.svg","url":"https:\/\/shrimataji.org\/test\/wp-content\/uploads\/2023\/02\/SMO_LOGO-03.svg","contentUrl":"https:\/\/shrimataji.org\/test\/wp-content\/uploads\/2023\/02\/SMO_LOGO-03.svg","width":"1024","height":"1024","caption":"Nirmala Shrivastava"},"logo":{"@id":"https:\/\/shrimataji.org\/test\/wp-content\/uploads\/2023\/02\/SMO_LOGO-03.svg"},"sameAs":["https:\/\/shrimataji.org\/test","https:\/\/www.facebook.com\/shrimataji","https:\/\/x.com\/shrimataji","https:\/\/www.youtube.com\/@Shri_Mataji_Nirmala_Devi\/featured"]}]}},"lang":"fi","translations":{"fi":12574,"ur":37421,"en":6385,"am":17992,"th":19932,"hu":19467,"sq":18393,"zh":17290,"hi":8343,"tr":10153,"pt":10366,"de":10640,"fr":10738,"it":10836,"es":10933,"ja":11230,"ru":11418,"bn":11610,"te":11718,"sw":11841,"he":11989,"el":12280,"sk":12378,"fa":12476,"bg":13402,"ro":14476,"cs":14669,"nl":16553,"ku":16713,"ar":16889,"be":18600,"kn":18874,"mr":20296,"uk":20588,"ml":20887,"ta":22708,"sv":22981,"gu":28829,"pa":28987,"fil":29427,"da":37735,"pl":37952,"nn":38287},"pll_sync_post":[],"_links":{"self":[{"href":"https:\/\/shrimataji.org\/test\/wp-json\/wp\/v2\/pages\/12574","targetHints":{"allow":["GET"]}}],"collection":[{"href":"https:\/\/shrimataji.org\/test\/wp-json\/wp\/v2\/pages"}],"about":[{"href":"https:\/\/shrimataji.org\/test\/wp-json\/wp\/v2\/types\/page"}],"author":[{"embeddable":true,"href":"https:\/\/shrimataji.org\/test\/wp-json\/wp\/v2\/users\/29"}],"replies":[{"embeddable":true,"href":"https:\/\/shrimataji.org\/test\/wp-json\/wp\/v2\/comments?post=12574"}],"version-history":[{"count":0,"href":"https:\/\/shrimataji.org\/test\/wp-json\/wp\/v2\/pages\/12574\/revisions"}],"wp:featuredmedia":[{"embeddable":true,"href":"https:\/\/shrimataji.org\/test\/wp-json\/wp\/v2\/media\/9260"}],"wp:attachment":[{"href":"https:\/\/shrimataji.org\/test\/wp-json\/wp\/v2\/media?parent=12574"}],"curies":[{"name":"wp","href":"https:\/\/api.w.org\/{rel}","templated":true}]}}