{"id":12576,"date":"2022-01-23T02:49:35","date_gmt":"2022-01-23T02:49:35","guid":{"rendered":"https:\/\/test.shrimataji.org\/?page_id=6269"},"modified":"2025-07-11T16:30:21","modified_gmt":"2025-07-11T16:30:21","slug":"koe-itseoivalluksesi","status":"publish","type":"page","link":"https:\/\/shrimataji.org\/test\/fi\/koe-itseoivalluksesi\/","title":{"rendered":"Koe itseoivalluksesi"},"content":{"rendered":"\n\n\t<h1>Koe itseoivalluksesi<\/h1>\n<h2>Tarvitset vain puhdasta halua<\/h2>\n<div class=\"su-quote su-quote-style-default\"><div class=\"su-quote-inner su-u-clearfix su-u-trim\"> Jokaisella on oikeus saavuttaa t\u00e4m\u00e4 evoluution tila, ja kaikki tarvittava on jo sis\u00e4\u00e4nrakennettuna. Mutta koska kunnioitan vapauttanne, teill\u00e4 on oltava halu saavuttaa t\u00e4m\u00e4 tila, sit\u00e4 ei voida pakottaa teille. <\/div><\/div>\n\t<h4>Shri Mataji on ihmiskunnan historian ainoa henkinen guru, joka on ymp\u00e4ri maailmaa antanut tuhansissa yleis\u00f6tilaisuuksissaan itseoivalluskokemuksen suurille ihmisjoukoille. Miljoonat ovat hy\u00f6tyneet t\u00e4st\u00e4 ainutlaatuisesta kokemuksesta, josta on tullut k\u00e4\u00e4nnekohta heid\u00e4n el\u00e4m\u00e4ss\u00e4\u00e4n. Tilaisuuksiin osallistuneet etsij\u00e4t kokivat itseoivalluksen t\u00e4ydellisen\u00e4 sis\u00e4isen\u00e4 hiljaisuutena, rentoutuneena fyysisen\u00e4 olotilana ja usein l\u00e4mpim\u00e4n\u00e4 tai viile\u00e4n\u00e4 tuulahduksena k\u00e4mmenill\u00e4 ja joskus koko keholla.<\/h4>\n<p>Seuraavat vaiheet auttavat sinua valmistautumaan itseoivalluskokemukseen. Istu mukavasti selk\u00e4 suorana, kenkien riisuminen saattaa my\u00f6s auttaa, sill\u00e4 \u00c4iti Maa imee kaikki negatiiviset energiat jalkojemme kautta.<\/p>\n<p>Aseta molemmat k\u00e4tesi syliin k\u00e4mmenet yl\u00f6sp\u00e4in. Voit rauhoittaa harhailevan huomiosi katsomalla Shri Matajin kuvaa ruudulta. Kun olet rauhoittunut sis\u00e4ll\u00e4si, yrit\u00e4 tarkkailla ajatuksiasi.<\/p>\n<p>Jos koet t\u00e4ydellisen sis\u00e4isen hiljaisuuden ja ehk\u00e4 tunnet lempe\u00e4n viile\u00e4n tuulen puhaltavan k\u00e4mmeniesi tai p\u00e4\u00e4si l\u00e4pi fontanellialueella, tied\u00e4, ett\u00e4 olet oivaltanut sielu ja ett\u00e4 olet sis\u00e4isesti saanut itseoivalluksesi. T\u00e4m\u00e4 on eritt\u00e4in hyv\u00e4 alku, ja jatkovaiheet auttavat sinua syvent\u00e4m\u00e4\u00e4n meditaatiokokemustasi.<\/p>\n<p>&nbsp;<\/p>\n\t\t\t\t<img decoding=\"async\" src=\"https:\/\/shrimataji.org\/test\/wp-content\/uploads\/2023\/02\/ShriMataji_BW.webp\" alt=\"ShriMataji_BW\" itemprop=\"image\" height=\"960\" width=\"671\" title=\"ShriMataji_BW\" onerror=\"this.style.display='none'\" loading='lazy' \/>\n\t<p>Vaikka on hyvin harvinaista, ett\u00e4 jotkut ihmiset ovat kokeneet t\u00e4ydellisen itseoivalluksen Shri Matajin tai H\u00e4nen valokuvansa edess\u00e4, on hy\u00f6dyllist\u00e4 k\u00e4ytt\u00e4\u00e4 ohjattua meditaatiota itseoivallukseen, jota Shri Mataji on esitt\u00e4nyt yli tuhat kertaa ymp\u00e4ri maailmaa.<\/p>\n\t<p>Jotta voisit seurata ohjattua meditaatiota Shri Matajin kanssa oheisella videolla, olisi hy\u00f6dyllist\u00e4 tutustua sen vaiheisiin, sill\u00e4 teet koko harjoituksen silm\u00e4t kiinni. Silmien sulkeminen auttaa meit\u00e4 kokemaan syv\u00e4llisemmin itseoivalluksen ja sit\u00e4 v\u00e4litt\u00f6m\u00e4sti seuraavan meditatiivisen tilan. Voit tutkia huolellisesti alla olevaa kuvasarjaa ja teksti\u00e4 l\u00f6yt\u00e4\u00e4ksesi oikean k\u00e4den paikan kehollasi, johon Shri Mataji opastaa sinut itseoivallusharjoituksessa, yhdess\u00e4 kutakin paikkaa koskevien vahvistuslauseiden kera.<\/p>\n<p>Koko itseoivallusistunnon ajan asetamme <b>oikean <\/b><strong>k\u00e4den<\/strong> vasemman puolen<strong>keskuksille<\/strong> ja pid\u00e4mme <b>vasemman <\/b><strong>k\u00e4den<\/strong> k\u00e4mmenen <strong>avoinna<\/strong>, kuten seuraavissa piirroksissa on esitetty.<\/p>\n\t\t\t\t<img decoding=\"async\" src=\"https:\/\/shrimataji.org\/test\/wp-content\/uploads\/2025\/04\/Finnish-1-01-1.png\" alt=\"Finnish-1-01\" itemprop=\"image\" height=\"767\" width=\"546\" title=\"Finnish-1-01\" onerror=\"this.style.display='none'\" loading='lazy' \/>\n\t\t\t\t<img decoding=\"async\" src=\"https:\/\/shrimataji.org\/test\/wp-content\/uploads\/2025\/04\/Finnish-2-01-1.png\" alt=\"Finnish-2-01\" itemprop=\"image\" height=\"767\" width=\"548\" title=\"Finnish-2-01\" onerror=\"this.style.display='none'\" loading='lazy' \/>\n\t\t\t\t<img decoding=\"async\" src=\"https:\/\/shrimataji.org\/test\/wp-content\/uploads\/2025\/04\/Finnish-3-01-1.png\" alt=\"Finnish-3-01\" itemprop=\"image\" height=\"768\" width=\"549\" title=\"Finnish-3-01\" onerror=\"this.style.display='none'\" loading='lazy' \/>\n\t\t\t\t<img decoding=\"async\" src=\"https:\/\/shrimataji.org\/test\/wp-content\/uploads\/2025\/04\/Finnish-4-01-1.png\" alt=\"Finnish-4-01\" itemprop=\"image\" height=\"767\" width=\"548\" title=\"Finnish-4-01\" onerror=\"this.style.display='none'\" loading='lazy' \/>\n\t\t\t\t<img decoding=\"async\" src=\"https:\/\/shrimataji.org\/test\/wp-content\/uploads\/2025\/04\/Finnish-5-01-1.png\" alt=\"Finnish-5-01\" itemprop=\"image\" height=\"766\" width=\"546\" title=\"Finnish-5-01\" onerror=\"this.style.display='none'\" loading='lazy' \/>\n\t\t\t\t<img decoding=\"async\" src=\"https:\/\/shrimataji.org\/test\/wp-content\/uploads\/2025\/04\/Finnish-6-01-1.png\" alt=\"Finnish-6-01\" itemprop=\"image\" height=\"767\" width=\"548\" title=\"Finnish-6-01\" onerror=\"this.style.display='none'\" loading='lazy' \/>\n\t\t\t\t<img decoding=\"async\" src=\"https:\/\/shrimataji.org\/test\/wp-content\/uploads\/2025\/04\/Finnish-7-01-1.png\" alt=\"Finnish-7-01\" itemprop=\"image\" height=\"767\" width=\"548\" title=\"Finnish-7-01\" onerror=\"this.style.display='none'\" loading='lazy' \/>\n\t\t\t\t<img decoding=\"async\" src=\"https:\/\/shrimataji.org\/test\/wp-content\/uploads\/2025\/04\/Finnish-8_01-1.png\" alt=\"Finnish-8_01\" itemprop=\"image\" height=\"768\" width=\"550\" title=\"Finnish-8_01\" onerror=\"this.style.display='none'\" loading='lazy' \/>\n\t\t\t\t<img decoding=\"async\" src=\"https:\/\/shrimataji.org\/test\/wp-content\/uploads\/2025\/04\/Finnish-9_01-1.png\" alt=\"Finnish-9_01\" itemprop=\"image\" height=\"768\" width=\"548\" title=\"Finnish-9_01\" onerror=\"this.style.display='none'\" loading='lazy' \/>\n\t\t<img decoding=\"async\" data-spai-excluded=\"true\" loading=\"lazy\"  alt=\"YouTube player\"  src=\"https:\/\/i.ytimg.com\/vi\/16KZE6xkDYA\/maxresdefault.jpg\"  \/><button aria-label=\"Play\"><\/button><meta itemprop=\"embedUrl\" content=\"https:\/\/www.youtube.com\/embed\/16KZE6xkDYA\"\/><meta itemprop=\"name\" content=\"Shri Mataji gives Self Realization\"\/><meta itemprop=\"description\" content=\"YouTube video\"\/><meta itemprop=\"thumbnailUrl\" content=\"https:\/\/i.ytimg.com\/vi\/16KZE6xkDYA\/0.jpg\"\/><meta itemprop=\"duration\" content=\"PT9M43S\"\/><meta itemprop=\"uploadDate\" content=\"2022-11-12T03:23:50Z\"\/>\t\n\t<p>Ohjatun meditaation lopussa tarkkaile, tunnetko olosi rentoutuneeksi ja ovatko ajatuksesi rauhoittuneet tai kadonneet v\u00e4hitellen. T\u00e4m\u00e4 on meditaation ensimm\u00e4inen tila &#8211; ajatukseton tietoisuus. Se on puhdas ja rauhallinen tietoisuuden tila itsest\u00e4si ja ymp\u00e4rist\u00f6st\u00e4si.<\/p>\n<p>Tarkista nyt, tunnetko kevyen viile\u00e4n tuulahduksen tunteen k\u00e4mmeniss\u00e4si ja p\u00e4\u00e4si yl\u00e4puolella fontanellan alueella. Aluksi se saattaa tuntua l\u00e4mpim\u00e4lt\u00e4, mik\u00e4 on merkki siit\u00e4, ett\u00e4 <a>Kundaliini-energiasi<\/a> puhdistaa hienojakoista j\u00e4rjestelm\u00e4\u00e4si, mutta lopulta se viilenee. Voit varmistaa sen asettamalla vasemman k\u00e4mmenesi hieman p\u00e4\u00e4si yl\u00e4puolelle ja sen j\u00e4lkeen kokeilla taas oikealla k\u00e4mmenell\u00e4.<\/p>\n<p>Jos et pysty tuntemaan sit\u00e4, siihen voi olla useita syit\u00e4. Yksi yleisimmist\u00e4 on se, ett\u00e4 emme pysty antamaan anteeksi. Saattaa auttaa, jos sanot syd\u00e4mest\u00e4si: &#8220;\u00c4iti (tai jos haluat, sano Shri Mataji), annan anteeksi kaikille&#8221; muutaman kerran ja tarkistat uudelleen, tunnetko viile\u00e4n tuulahduksen p\u00e4\u00e4si yl\u00e4puolella.<\/p>\n<p>T\u00e4m\u00e4 on sis\u00e4isen matkasi alku uuteen ikuisen henkisen olemassaolon maailmaan, jota voit nyt tutkia t\u00e4ydellisess\u00e4 rauhassa ja harmoniassa. Yll\u00e4pit\u00e4m\u00e4ll\u00e4 t\u00e4t\u00e4 uutta tietoisuutta s\u00e4\u00e4nn\u00f6llisen meditaation avulla pystyt tuntemaan oman hienojakoisen j\u00e4rjestelm\u00e4si sek\u00e4 muiden ihmisten hienojakoisen j\u00e4rjestelm\u00e4n tilan sormenp\u00e4ill\u00e4si ja korjaamaan niit\u00e4 omalla synnynn\u00e4isell\u00e4 henkisell\u00e4 energiallasi (Kundaliini).<\/p>\n<p>Seuraavat osiot auttavat sinua oppimaan lis\u00e4\u00e4 <a href=\"https:\/\/shrimataji.org\/test\/fi\/sahaja-yoga-meditaatio\/\" target=\"_blank\" rel=\"noopener\">Sahaja Yoga -meditaatiosta<\/a> ja my\u00f6s siit\u00e4, miten voit harjoittaa yksinkertaista ja vaivatonta meditaatiota kotona. Osio <a href=\"https:\/\/shrimataji.org\/test\/fi\/kollektiivinen-meditaatio\/\" target=\"_blank\" rel=\"noopener\">kollektiivisesta meditaatiosta<\/a> perehdytt\u00e4\u00e4 sinut kollektiivisen meditaation ulottuvuuteen, kuten Shri Mataji on neuvonut, ja auttaa sinua l\u00f6yt\u00e4m\u00e4\u00e4n Sahaja Yoga -meditaatiokeskuksia ymp\u00e4ri maailmaa.<\/p>\n\n","protected":false},"excerpt":{"rendered":"<p>Koe itseoivalluksesi Tarvitset vain puhdasta halua Shri Mataji on ihmiskunnan historian ainoa henkinen guru, joka on ymp\u00e4ri maailmaa antanut tuhansissa yleis\u00f6tilaisuuksissaan itseoivalluskokemuksen suurille ihmisjoukoille. Miljoonat ovat hy\u00f6tyneet t\u00e4st\u00e4 ainutlaatuisesta kokemuksesta, josta on tullut k\u00e4\u00e4nnekohta heid\u00e4n el\u00e4m\u00e4ss\u00e4\u00e4n. Tilaisuuksiin osallistuneet etsij\u00e4t kokivat itseoivalluksen t\u00e4ydellisen\u00e4 sis\u00e4isen\u00e4 hiljaisuutena, rentoutuneena fyysisen\u00e4 olotilana ja usein l\u00e4mpim\u00e4n\u00e4 tai viile\u00e4n\u00e4 tuulahduksena k\u00e4mmenill\u00e4 ja&hellip; <br \/> <a class=\"read-more\" href=\"https:\/\/shrimataji.org\/test\/fi\/koe-itseoivalluksesi\/\">Read more<\/a><\/p>\n","protected":false},"author":29,"featured_media":9265,"parent":0,"menu_order":0,"comment_status":"closed","ping_status":"closed","template":"","meta":{"inline_featured_image":false,"footnotes":""},"class_list":["post-12576","page","type-page","status-publish","has-post-thumbnail","hentry"],"yoast_head":"<!-- This site is optimized with the Yoast SEO plugin v27.4 - https:\/\/yoast.com\/product\/yoast-seo-wordpress\/ -->\n<title>Koe itseoivalluksesi - TEST - SMND<\/title>\n<meta name=\"robots\" content=\"noindex, follow, max-snippet:-1, max-image-preview:large, max-video-preview:-1\" \/>\n<meta property=\"og:locale\" content=\"en_US\" \/>\n<meta property=\"og:type\" content=\"article\" \/>\n<meta property=\"og:title\" content=\"Koe itseoivalluksesi - TEST - SMND\" \/>\n<meta property=\"og:description\" content=\"Koe itseoivalluksesi Tarvitset vain puhdasta halua Shri Mataji on ihmiskunnan historian ainoa henkinen guru, joka on ymp\u00e4ri maailmaa antanut tuhansissa yleis\u00f6tilaisuuksissaan itseoivalluskokemuksen suurille ihmisjoukoille. Miljoonat ovat hy\u00f6tyneet t\u00e4st\u00e4 ainutlaatuisesta kokemuksesta, josta on tullut k\u00e4\u00e4nnekohta heid\u00e4n el\u00e4m\u00e4ss\u00e4\u00e4n. Tilaisuuksiin osallistuneet etsij\u00e4t kokivat itseoivalluksen t\u00e4ydellisen\u00e4 sis\u00e4isen\u00e4 hiljaisuutena, rentoutuneena fyysisen\u00e4 olotilana ja usein l\u00e4mpim\u00e4n\u00e4 tai viile\u00e4n\u00e4 tuulahduksena k\u00e4mmenill\u00e4 ja&hellip; Read more\" \/>\n<meta property=\"og:url\" content=\"https:\/\/shrimataji.org\/test\/fi\/koe-itseoivalluksesi\/\" \/>\n<meta property=\"og:site_name\" content=\"TEST - SMND\" \/>\n<meta property=\"article:publisher\" content=\"https:\/\/www.facebook.com\/shrimataji\" \/>\n<meta property=\"article:modified_time\" content=\"2025-07-11T16:30:21+00:00\" \/>\n<meta property=\"og:image\" content=\"https:\/\/shrimataji.org\/test\/wp-content\/uploads\/2023\/03\/3_Banner-SY-Experience-2-scaled.jpg\" \/>\n\t<meta property=\"og:image:width\" content=\"2560\" \/>\n\t<meta property=\"og:image:height\" content=\"905\" \/>\n\t<meta property=\"og:image:type\" content=\"image\/jpeg\" \/>\n<meta name=\"twitter:card\" content=\"summary_large_image\" \/>\n<meta name=\"twitter:site\" content=\"@shrimataji\" \/>\n<script type=\"application\/ld+json\" class=\"yoast-schema-graph\">{\"@context\":\"https:\\\/\\\/schema.org\",\"@graph\":[{\"@type\":\"WebPage\",\"@id\":\"https:\\\/\\\/shrimataji.org\\\/test\\\/fi\\\/koe-itseoivalluksesi\\\/\",\"url\":\"https:\\\/\\\/shrimataji.org\\\/test\\\/fi\\\/koe-itseoivalluksesi\\\/\",\"name\":\"Koe itseoivalluksesi - TEST - SMND\",\"isPartOf\":{\"@id\":\"https:\\\/\\\/shrimataji.org\\\/test\\\/#website\"},\"primaryImageOfPage\":{\"@id\":\"https:\\\/\\\/shrimataji.org\\\/test\\\/fi\\\/koe-itseoivalluksesi\\\/#primaryimage\"},\"image\":{\"@id\":\"https:\\\/\\\/shrimataji.org\\\/test\\\/fi\\\/koe-itseoivalluksesi\\\/#primaryimage\"},\"thumbnailUrl\":\"https:\\\/\\\/shrimataji.org\\\/test\\\/wp-content\\\/uploads\\\/2023\\\/03\\\/3_Banner-SY-Experience-2-scaled.jpg\",\"datePublished\":\"2022-01-23T02:49:35+00:00\",\"dateModified\":\"2025-07-11T16:30:21+00:00\",\"breadcrumb\":{\"@id\":\"https:\\\/\\\/shrimataji.org\\\/test\\\/fi\\\/koe-itseoivalluksesi\\\/#breadcrumb\"},\"inLanguage\":\"en-US\",\"potentialAction\":[{\"@type\":\"ReadAction\",\"target\":[\"https:\\\/\\\/shrimataji.org\\\/test\\\/fi\\\/koe-itseoivalluksesi\\\/\"]}]},{\"@type\":\"ImageObject\",\"inLanguage\":\"en-US\",\"@id\":\"https:\\\/\\\/shrimataji.org\\\/test\\\/fi\\\/koe-itseoivalluksesi\\\/#primaryimage\",\"url\":\"https:\\\/\\\/shrimataji.org\\\/test\\\/wp-content\\\/uploads\\\/2023\\\/03\\\/3_Banner-SY-Experience-2-scaled.jpg\",\"contentUrl\":\"https:\\\/\\\/shrimataji.org\\\/test\\\/wp-content\\\/uploads\\\/2023\\\/03\\\/3_Banner-SY-Experience-2-scaled.jpg\",\"width\":2560,\"height\":905},{\"@type\":\"BreadcrumbList\",\"@id\":\"https:\\\/\\\/shrimataji.org\\\/test\\\/fi\\\/koe-itseoivalluksesi\\\/#breadcrumb\",\"itemListElement\":[{\"@type\":\"ListItem\",\"position\":1,\"name\":\"Home\",\"item\":\"https:\\\/\\\/shrimataji.org\\\/test\\\/uk\\\/home-en\\\/\"},{\"@type\":\"ListItem\",\"position\":2,\"name\":\"Koe itseoivalluksesi\"}]},{\"@type\":\"WebSite\",\"@id\":\"https:\\\/\\\/shrimataji.org\\\/test\\\/#website\",\"url\":\"https:\\\/\\\/shrimataji.org\\\/test\\\/\",\"name\":\"Shri Mataji Nirmala Devi\",\"description\":\"A Life Dedicated to Humanity\",\"publisher\":{\"@id\":\"https:\\\/\\\/shrimataji.org\\\/test\\\/#\\\/schema\\\/person\\\/a1b3419c6585f164aa96da1ff85715d1\"},\"potentialAction\":[{\"@type\":\"SearchAction\",\"target\":{\"@type\":\"EntryPoint\",\"urlTemplate\":\"https:\\\/\\\/shrimataji.org\\\/test\\\/?s={search_term_string}\"},\"query-input\":{\"@type\":\"PropertyValueSpecification\",\"valueRequired\":true,\"valueName\":\"search_term_string\"}}],\"inLanguage\":\"en-US\"},{\"@type\":[\"Person\",\"Organization\"],\"@id\":\"https:\\\/\\\/shrimataji.org\\\/test\\\/#\\\/schema\\\/person\\\/a1b3419c6585f164aa96da1ff85715d1\",\"name\":\"Nirmala Shrivastava\",\"image\":{\"@type\":\"ImageObject\",\"inLanguage\":\"en-US\",\"@id\":\"https:\\\/\\\/shrimataji.org\\\/test\\\/wp-content\\\/uploads\\\/2023\\\/02\\\/SMO_LOGO-03.svg\",\"url\":\"https:\\\/\\\/shrimataji.org\\\/test\\\/wp-content\\\/uploads\\\/2023\\\/02\\\/SMO_LOGO-03.svg\",\"contentUrl\":\"https:\\\/\\\/shrimataji.org\\\/test\\\/wp-content\\\/uploads\\\/2023\\\/02\\\/SMO_LOGO-03.svg\",\"width\":\"1024\",\"height\":\"1024\",\"caption\":\"Nirmala Shrivastava\"},\"logo\":{\"@id\":\"https:\\\/\\\/shrimataji.org\\\/test\\\/wp-content\\\/uploads\\\/2023\\\/02\\\/SMO_LOGO-03.svg\"},\"sameAs\":[\"https:\\\/\\\/shrimataji.org\\\/test\",\"https:\\\/\\\/www.facebook.com\\\/shrimataji\",\"https:\\\/\\\/x.com\\\/shrimataji\",\"https:\\\/\\\/www.youtube.com\\\/@Shri_Mataji_Nirmala_Devi\\\/featured\"]}]}<\/script>\n<!-- \/ Yoast SEO plugin. -->","yoast_head_json":{"title":"Koe itseoivalluksesi - TEST - SMND","robots":{"index":"noindex","follow":"follow","max-snippet":"max-snippet:-1","max-image-preview":"max-image-preview:large","max-video-preview":"max-video-preview:-1"},"og_locale":"en_US","og_type":"article","og_title":"Koe itseoivalluksesi - TEST - SMND","og_description":"Koe itseoivalluksesi Tarvitset vain puhdasta halua Shri Mataji on ihmiskunnan historian ainoa henkinen guru, joka on ymp\u00e4ri maailmaa antanut tuhansissa yleis\u00f6tilaisuuksissaan itseoivalluskokemuksen suurille ihmisjoukoille. Miljoonat ovat hy\u00f6tyneet t\u00e4st\u00e4 ainutlaatuisesta kokemuksesta, josta on tullut k\u00e4\u00e4nnekohta heid\u00e4n el\u00e4m\u00e4ss\u00e4\u00e4n. Tilaisuuksiin osallistuneet etsij\u00e4t kokivat itseoivalluksen t\u00e4ydellisen\u00e4 sis\u00e4isen\u00e4 hiljaisuutena, rentoutuneena fyysisen\u00e4 olotilana ja usein l\u00e4mpim\u00e4n\u00e4 tai viile\u00e4n\u00e4 tuulahduksena k\u00e4mmenill\u00e4 ja&hellip; Read more","og_url":"https:\/\/shrimataji.org\/test\/fi\/koe-itseoivalluksesi\/","og_site_name":"TEST - SMND","article_publisher":"https:\/\/www.facebook.com\/shrimataji","article_modified_time":"2025-07-11T16:30:21+00:00","og_image":[{"width":2560,"height":905,"url":"https:\/\/shrimataji.org\/test\/wp-content\/uploads\/2023\/03\/3_Banner-SY-Experience-2-scaled.jpg","type":"image\/jpeg"}],"twitter_card":"summary_large_image","twitter_site":"@shrimataji","schema":{"@context":"https:\/\/schema.org","@graph":[{"@type":"WebPage","@id":"https:\/\/shrimataji.org\/test\/fi\/koe-itseoivalluksesi\/","url":"https:\/\/shrimataji.org\/test\/fi\/koe-itseoivalluksesi\/","name":"Koe itseoivalluksesi - TEST - SMND","isPartOf":{"@id":"https:\/\/shrimataji.org\/test\/#website"},"primaryImageOfPage":{"@id":"https:\/\/shrimataji.org\/test\/fi\/koe-itseoivalluksesi\/#primaryimage"},"image":{"@id":"https:\/\/shrimataji.org\/test\/fi\/koe-itseoivalluksesi\/#primaryimage"},"thumbnailUrl":"https:\/\/shrimataji.org\/test\/wp-content\/uploads\/2023\/03\/3_Banner-SY-Experience-2-scaled.jpg","datePublished":"2022-01-23T02:49:35+00:00","dateModified":"2025-07-11T16:30:21+00:00","breadcrumb":{"@id":"https:\/\/shrimataji.org\/test\/fi\/koe-itseoivalluksesi\/#breadcrumb"},"inLanguage":"en-US","potentialAction":[{"@type":"ReadAction","target":["https:\/\/shrimataji.org\/test\/fi\/koe-itseoivalluksesi\/"]}]},{"@type":"ImageObject","inLanguage":"en-US","@id":"https:\/\/shrimataji.org\/test\/fi\/koe-itseoivalluksesi\/#primaryimage","url":"https:\/\/shrimataji.org\/test\/wp-content\/uploads\/2023\/03\/3_Banner-SY-Experience-2-scaled.jpg","contentUrl":"https:\/\/shrimataji.org\/test\/wp-content\/uploads\/2023\/03\/3_Banner-SY-Experience-2-scaled.jpg","width":2560,"height":905},{"@type":"BreadcrumbList","@id":"https:\/\/shrimataji.org\/test\/fi\/koe-itseoivalluksesi\/#breadcrumb","itemListElement":[{"@type":"ListItem","position":1,"name":"Home","item":"https:\/\/shrimataji.org\/test\/uk\/home-en\/"},{"@type":"ListItem","position":2,"name":"Koe itseoivalluksesi"}]},{"@type":"WebSite","@id":"https:\/\/shrimataji.org\/test\/#website","url":"https:\/\/shrimataji.org\/test\/","name":"Shri Mataji Nirmala Devi","description":"A Life Dedicated to Humanity","publisher":{"@id":"https:\/\/shrimataji.org\/test\/#\/schema\/person\/a1b3419c6585f164aa96da1ff85715d1"},"potentialAction":[{"@type":"SearchAction","target":{"@type":"EntryPoint","urlTemplate":"https:\/\/shrimataji.org\/test\/?s={search_term_string}"},"query-input":{"@type":"PropertyValueSpecification","valueRequired":true,"valueName":"search_term_string"}}],"inLanguage":"en-US"},{"@type":["Person","Organization"],"@id":"https:\/\/shrimataji.org\/test\/#\/schema\/person\/a1b3419c6585f164aa96da1ff85715d1","name":"Nirmala Shrivastava","image":{"@type":"ImageObject","inLanguage":"en-US","@id":"https:\/\/shrimataji.org\/test\/wp-content\/uploads\/2023\/02\/SMO_LOGO-03.svg","url":"https:\/\/shrimataji.org\/test\/wp-content\/uploads\/2023\/02\/SMO_LOGO-03.svg","contentUrl":"https:\/\/shrimataji.org\/test\/wp-content\/uploads\/2023\/02\/SMO_LOGO-03.svg","width":"1024","height":"1024","caption":"Nirmala Shrivastava"},"logo":{"@id":"https:\/\/shrimataji.org\/test\/wp-content\/uploads\/2023\/02\/SMO_LOGO-03.svg"},"sameAs":["https:\/\/shrimataji.org\/test","https:\/\/www.facebook.com\/shrimataji","https:\/\/x.com\/shrimataji","https:\/\/www.youtube.com\/@Shri_Mataji_Nirmala_Devi\/featured"]}]}},"lang":"fi","translations":{"fi":12576,"ur":37424,"en":7043,"pa":25836,"gu":25439,"th":19936,"hu":19470,"sq":18396,"zh":17293,"hi":8277,"tr":10155,"pt":10368,"de":10642,"fr":10740,"it":10838,"es":10935,"ja":11232,"ru":11420,"bn":11612,"te":11720,"sw":11843,"he":11991,"el":12282,"sk":12380,"fa":12478,"bg":13413,"ro":14487,"cs":14680,"nl":16556,"ku":16716,"ar":16892,"be":18603,"kn":18877,"mr":20300,"uk":20592,"ml":20891,"ta":22711,"sv":22984,"bs":27284,"fil":29430,"sd":30998,"da":37738,"pl":37955,"nn":38290},"pll_sync_post":[],"_links":{"self":[{"href":"https:\/\/shrimataji.org\/test\/wp-json\/wp\/v2\/pages\/12576","targetHints":{"allow":["GET"]}}],"collection":[{"href":"https:\/\/shrimataji.org\/test\/wp-json\/wp\/v2\/pages"}],"about":[{"href":"https:\/\/shrimataji.org\/test\/wp-json\/wp\/v2\/types\/page"}],"author":[{"embeddable":true,"href":"https:\/\/shrimataji.org\/test\/wp-json\/wp\/v2\/users\/29"}],"replies":[{"embeddable":true,"href":"https:\/\/shrimataji.org\/test\/wp-json\/wp\/v2\/comments?post=12576"}],"version-history":[{"count":0,"href":"https:\/\/shrimataji.org\/test\/wp-json\/wp\/v2\/pages\/12576\/revisions"}],"wp:featuredmedia":[{"embeddable":true,"href":"https:\/\/shrimataji.org\/test\/wp-json\/wp\/v2\/media\/9265"}],"wp:attachment":[{"href":"https:\/\/shrimataji.org\/test\/wp-json\/wp\/v2\/media?parent=12576"}],"curies":[{"name":"wp","href":"https:\/\/api.w.org\/{rel}","templated":true}]}}