{"id":12577,"date":"2018-07-10T06:54:42","date_gmt":"2018-07-10T06:54:42","guid":{"rendered":"http:\/\/testwordpress.nirmalnagari.org\/smnd\/index.php\/family\/"},"modified":"2025-09-02T11:17:57","modified_gmt":"2025-09-02T11:17:57","slug":"perhe","status":"publish","type":"page","link":"https:\/\/shrimataji.org\/test\/fi\/perhe\/","title":{"rendered":"Perhe"},"content":{"rendered":"\n\n\t<h1>Perhe<\/h1>\n<h2>Valistunut kasvatus<\/h2>\n\t<h4>Shri Mataji, syntyj\u00e4\u00e4n Nirmala Salve, syntyi arvostettuun perheeseen, joka polveutui Intian kuninkaallisesta Shalivahana-dynastiasta. T\u00e4m\u00e4n poikkeuksellisen suvun luonne n\u00e4kyy sukupolvesta toiseen, samoin kuin heid\u00e4n vankkumaton sitoutumisensa korkeimpiin moraalisiin ja eettisiin periaatteisiin.<\/h4>\n\t<p>Shri Matajin esi-is\u00e4t k\u00e4\u00e4ntyiv\u00e4t kristinuskoon vastoin perinteit\u00e4 ja laajalti hyv\u00e4ksyttyj\u00e4 uskomuksia, kun he n\u00e4kiv\u00e4t, miten julmasti hinduleski\u00e4, erityisesti lapsileski\u00e4, kohdeltiin tuohon aikaan.<\/p>\n<p>H\u00e4nen veljens\u00e4 H.P. Salve kuvaili muistelmissaan iso\u00e4iti\u00e4\u00e4n, joka itse j\u00e4i varhain leskeksi, &#8220;mahtavaksi persoonallisuudeksi, joka oli t\u00e4ynn\u00e4 rohkeutta ja vakaumuksen voimaa taistellessaan ep\u00e4oikeudenmukaisuutta vastaan; henkil\u00f6, jolla oli toisaalta valtavan urheuden ja rohkeuden ominaisuuksia ja toisaalta \u00e4idin rakkautta ja hyv\u00e4ntahtoisuutta lapsiaan kohtaan&#8221;. Korostan t\u00e4t\u00e4, koska kaikki n\u00e4m\u00e4 ominaisuudet ovat siirtyneet h\u00e4nen lapsiinsa ja lapsenlapsiinsa, erityisesti Shri Matajiin.&#8221;<\/p>\n<p>Shri Matajin vanhemmat jatkoivat el\u00e4m\u00e4\u00e4ns\u00e4 omistautuneina oikeudenmukaisuudelle ja tasa-arvolle. He liittyiv\u00e4t Mahatma Gandhin mukaan taisteluun Intian itsen\u00e4isyyden puolesta, ja oli selv\u00e4\u00e4, ettei kukaan saanut vuodattaa kyyneleit\u00e4, kun joku perheenj\u00e4senist\u00e4 pid\u00e4tettiin ja vangittiin. Itsen\u00e4istymisen j\u00e4lkeen h\u00e4nen is\u00e4ns\u00e4 ja monet h\u00e4nen sisaruksistaan siirtyiv\u00e4t palvelemaan vastaperustettua hallitusta.<\/p>\n<p>Shri Matajin aviomies Sir C.P. Srivastava eli my\u00f6s esimerkillist\u00e4 el\u00e4m\u00e4\u00e4 omistautuneena korkean tason julkiselle palvelulle. H\u00e4nen kirjoihinsa kuuluvat Intian entisen p\u00e4\u00e4ministerin el\u00e4m\u00e4kerta, Lal Bahadur Shastri: a Life of Truth in Politics <a href=\"https:\/\/www.deepl.com\/en\/translator-windows?windows_app_version=25.1.5.15194%2b743dfcfc0be287cc1c6432c8e06286b753c72e06&amp;theme=0#citation-note-1\">[1]<\/a> ja kirja korruptiosta Intiassa, Corruption: India&#8217;s Enemy Within. <a href=\"#citation-note-2\" target=\"_blank\" rel=\"noopener\">[2]<\/a><\/p>\n\t<p>Shri Matajilta, joka kuoli vuonna 2011, on j\u00e4\u00e4nyt j\u00e4ljelle kaksi tyt\u00e4rt\u00e4, nelj\u00e4 lastenlasta ja monta lastenlastenlasta.<\/p>\n\t<div class=\"epyt-video-wrapper\"><div  data-ep-a=\"fadeIn\"  style=\"display: block; margin: 0px auto;\"  id=\"_ytid_78419\"  width=\"3840\" height=\"2160\"  data-origwidth=\"3840\" data-origheight=\"2160\" data-facadesrc=\"https:\/\/www.youtube.com\/embed\/BlhbfY8PoHs?enablejsapi=1&autoplay=0&cc_load_policy=0&cc_lang_pref=&iv_load_policy=1&loop=0&rel=0&fs=1&playsinline=1&autohide=2&theme=dark&color=red&controls=1&disablekb=0&\" class=\"__youtube_prefs__ epyt-facade  no-lazyload\" data-epautoplay=\"1\" ><img decoding=\"async\" data-spai-excluded=\"true\" class=\"epyt-facade-poster skip-lazy\" loading=\"lazy\"  alt=\"YouTube player\"  src=\"https:\/\/i.ytimg.com\/vi\/BlhbfY8PoHs\/maxresdefault.jpg\"  \/><button class=\"epyt-facade-play\" aria-label=\"Play\"><svg data-no-lazy=\"1\" height=\"100%\" version=\"1.1\" viewBox=\"0 0 68 48\" width=\"100%\"><path class=\"ytp-large-play-button-bg\" d=\"M66.52,7.74c-0.78-2.93-2.49-5.41-5.42-6.19C55.79,.13,34,0,34,0S12.21,.13,6.9,1.55 C3.97,2.33,2.27,4.81,1.48,7.74C0.06,13.05,0,24,0,24s0.06,10.95,1.48,16.26c0.78,2.93,2.49,5.41,5.42,6.19 C12.21,47.87,34,48,34,48s21.79-0.13,27.1-1.55c2.93-0.78,4.64-3.26,5.42-6.19C67.94,34.95,68,24,68,24S67.94,13.05,66.52,7.74z\" fill=\"#f00\"><\/path><path d=\"M 45,24 27,14 27,34\" fill=\"#fff\"><\/path><\/svg><\/button><\/div><\/div><span itemprop=\"video\" itemscope itemtype=\"http:\/\/schema.org\/VideoObject\"><meta itemprop=\"embedUrl\" content=\"https:\/\/www.youtube.com\/embed\/BlhbfY8PoHs\"><meta itemprop=\"name\" content=\"Remembering Their Mother\"><meta itemprop=\"description\" content=\"Shri Mataji&#039;s daughters describe the extent of their mother&#039;s travels and global duties. They describe the experience of sharing a mother with the world. &#039;She became renowned all over the world, but to me always a mother.&#039; They recall the strong mother of childhood, keen that her children be correct and dharmic. Shri Mataji emphasized that her children should never do anything wrong. More videos at: http:\/\/ShriMataji.org ~ A Life Dedicated to Humanity ~\"><meta itemprop=\"thumbnailUrl\" content=\"https:\/\/i.ytimg.com\/vi\/BlhbfY8PoHs\/0.jpg\"><meta itemprop=\"duration\" content=\"PT3M13S\"><meta itemprop=\"uploadDate\" content=\"2020-07-20T00:11:57Z\"><\/span>\n\t<h5>&#8220;Tuohon aikaan meill\u00e4 ei ollut kulutuskulttuuria &#8211; elimme yksinkertaisesti. Uskon my\u00f6s, ett\u00e4 sukupolvien v\u00e4lill\u00e4 ei ollut niin paljon ristiriitoja, ja perheell\u00e4 meni hyvin.&#8221;<\/h5>\n<h5>Shri Matajin tyt\u00e4r Sadhana Varma&#8221;<\/h5>\n\t<hr \/>\n<h3>1.\u00a0<a href=\"#citation-ref-1\">^<\/a> C. P. Srivastava, &#8216;Lal Bahadur Shastri: A Life of Truth in Politics&#8217; New Delhi: Oxford University Press, 1995.<\/h3>\n<h3>2. <a href=\"#citation-ref-2\">^<\/a> C. P. Srivastava, &#8216;Corruption: India&#8217;s Enemy Within&#8217; New Delhi: Macmillan India, 2001.<\/h3>\n\n","protected":false},"excerpt":{"rendered":"<p>Perhe Valistunut kasvatus Shri Mataji, syntyj\u00e4\u00e4n Nirmala Salve, syntyi arvostettuun perheeseen, joka polveutui Intian kuninkaallisesta Shalivahana-dynastiasta. T\u00e4m\u00e4n poikkeuksellisen suvun luonne n\u00e4kyy sukupolvesta toiseen, samoin kuin heid\u00e4n vankkumaton sitoutumisensa korkeimpiin moraalisiin ja eettisiin periaatteisiin. Shri Matajin esi-is\u00e4t k\u00e4\u00e4ntyiv\u00e4t kristinuskoon vastoin perinteit\u00e4 ja laajalti hyv\u00e4ksyttyj\u00e4 uskomuksia, kun he n\u00e4kiv\u00e4t, miten julmasti hinduleski\u00e4, erityisesti lapsileski\u00e4, kohdeltiin tuohon aikaan.&hellip; <br \/> <a class=\"read-more\" href=\"https:\/\/shrimataji.org\/test\/fi\/perhe\/\">Read more<\/a><\/p>\n","protected":false},"author":29,"featured_media":9511,"parent":0,"menu_order":0,"comment_status":"closed","ping_status":"closed","template":"","meta":{"inline_featured_image":false,"footnotes":""},"class_list":["post-12577","page","type-page","status-publish","has-post-thumbnail","hentry"],"yoast_head":"<!-- This site is optimized with the Yoast SEO plugin v27.4 - https:\/\/yoast.com\/product\/yoast-seo-wordpress\/ -->\n<title>Perhe - TEST - SMND<\/title>\n<meta name=\"robots\" content=\"noindex, follow, max-snippet:-1, max-image-preview:large, max-video-preview:-1\" \/>\n<meta property=\"og:locale\" content=\"en_US\" \/>\n<meta property=\"og:type\" content=\"article\" \/>\n<meta property=\"og:title\" content=\"Perhe - TEST - SMND\" \/>\n<meta property=\"og:description\" content=\"Perhe Valistunut kasvatus Shri Mataji, syntyj\u00e4\u00e4n Nirmala Salve, syntyi arvostettuun perheeseen, joka polveutui Intian kuninkaallisesta Shalivahana-dynastiasta. T\u00e4m\u00e4n poikkeuksellisen suvun luonne n\u00e4kyy sukupolvesta toiseen, samoin kuin heid\u00e4n vankkumaton sitoutumisensa korkeimpiin moraalisiin ja eettisiin periaatteisiin. Shri Matajin esi-is\u00e4t k\u00e4\u00e4ntyiv\u00e4t kristinuskoon vastoin perinteit\u00e4 ja laajalti hyv\u00e4ksyttyj\u00e4 uskomuksia, kun he n\u00e4kiv\u00e4t, miten julmasti hinduleski\u00e4, erityisesti lapsileski\u00e4, kohdeltiin tuohon aikaan.&hellip; Read more\" \/>\n<meta property=\"og:url\" content=\"https:\/\/shrimataji.org\/test\/fi\/perhe\/\" \/>\n<meta property=\"og:site_name\" content=\"TEST - SMND\" \/>\n<meta property=\"article:publisher\" content=\"https:\/\/www.facebook.com\/shrimataji\" \/>\n<meta property=\"article:modified_time\" content=\"2025-09-02T11:17:57+00:00\" \/>\n<meta property=\"og:image\" content=\"https:\/\/shrimataji.org\/test\/wp-content\/uploads\/2023\/03\/6_Banner-Family-scaled.jpg\" \/>\n\t<meta property=\"og:image:width\" content=\"2560\" \/>\n\t<meta property=\"og:image:height\" content=\"905\" \/>\n\t<meta property=\"og:image:type\" content=\"image\/jpeg\" \/>\n<meta name=\"twitter:card\" content=\"summary_large_image\" \/>\n<meta name=\"twitter:site\" content=\"@shrimataji\" \/>\n<meta name=\"twitter:label1\" content=\"Est. reading time\" \/>\n\t<meta name=\"twitter:data1\" content=\"2 minutes\" \/>\n<script type=\"application\/ld+json\" class=\"yoast-schema-graph\">{\"@context\":\"https:\\\/\\\/schema.org\",\"@graph\":[{\"@type\":\"WebPage\",\"@id\":\"https:\\\/\\\/shrimataji.org\\\/test\\\/fi\\\/perhe\\\/\",\"url\":\"https:\\\/\\\/shrimataji.org\\\/test\\\/fi\\\/perhe\\\/\",\"name\":\"Perhe - TEST - SMND\",\"isPartOf\":{\"@id\":\"https:\\\/\\\/shrimataji.org\\\/test\\\/#website\"},\"primaryImageOfPage\":{\"@id\":\"https:\\\/\\\/shrimataji.org\\\/test\\\/fi\\\/perhe\\\/#primaryimage\"},\"image\":{\"@id\":\"https:\\\/\\\/shrimataji.org\\\/test\\\/fi\\\/perhe\\\/#primaryimage\"},\"thumbnailUrl\":\"https:\\\/\\\/shrimataji.org\\\/test\\\/wp-content\\\/uploads\\\/2023\\\/03\\\/6_Banner-Family-scaled.jpg\",\"datePublished\":\"2018-07-10T06:54:42+00:00\",\"dateModified\":\"2025-09-02T11:17:57+00:00\",\"breadcrumb\":{\"@id\":\"https:\\\/\\\/shrimataji.org\\\/test\\\/fi\\\/perhe\\\/#breadcrumb\"},\"inLanguage\":\"en-US\",\"potentialAction\":[{\"@type\":\"ReadAction\",\"target\":[\"https:\\\/\\\/shrimataji.org\\\/test\\\/fi\\\/perhe\\\/\"]}]},{\"@type\":\"ImageObject\",\"inLanguage\":\"en-US\",\"@id\":\"https:\\\/\\\/shrimataji.org\\\/test\\\/fi\\\/perhe\\\/#primaryimage\",\"url\":\"https:\\\/\\\/shrimataji.org\\\/test\\\/wp-content\\\/uploads\\\/2023\\\/03\\\/6_Banner-Family-scaled.jpg\",\"contentUrl\":\"https:\\\/\\\/shrimataji.org\\\/test\\\/wp-content\\\/uploads\\\/2023\\\/03\\\/6_Banner-Family-scaled.jpg\",\"width\":2560,\"height\":905},{\"@type\":\"BreadcrumbList\",\"@id\":\"https:\\\/\\\/shrimataji.org\\\/test\\\/fi\\\/perhe\\\/#breadcrumb\",\"itemListElement\":[{\"@type\":\"ListItem\",\"position\":1,\"name\":\"Home\",\"item\":\"https:\\\/\\\/shrimataji.org\\\/test\\\/uk\\\/home-en\\\/\"},{\"@type\":\"ListItem\",\"position\":2,\"name\":\"Perhe\"}]},{\"@type\":\"WebSite\",\"@id\":\"https:\\\/\\\/shrimataji.org\\\/test\\\/#website\",\"url\":\"https:\\\/\\\/shrimataji.org\\\/test\\\/\",\"name\":\"Shri Mataji Nirmala Devi\",\"description\":\"A Life Dedicated to Humanity\",\"publisher\":{\"@id\":\"https:\\\/\\\/shrimataji.org\\\/test\\\/#\\\/schema\\\/person\\\/a1b3419c6585f164aa96da1ff85715d1\"},\"potentialAction\":[{\"@type\":\"SearchAction\",\"target\":{\"@type\":\"EntryPoint\",\"urlTemplate\":\"https:\\\/\\\/shrimataji.org\\\/test\\\/?s={search_term_string}\"},\"query-input\":{\"@type\":\"PropertyValueSpecification\",\"valueRequired\":true,\"valueName\":\"search_term_string\"}}],\"inLanguage\":\"en-US\"},{\"@type\":[\"Person\",\"Organization\"],\"@id\":\"https:\\\/\\\/shrimataji.org\\\/test\\\/#\\\/schema\\\/person\\\/a1b3419c6585f164aa96da1ff85715d1\",\"name\":\"Nirmala Shrivastava\",\"image\":{\"@type\":\"ImageObject\",\"inLanguage\":\"en-US\",\"@id\":\"https:\\\/\\\/shrimataji.org\\\/test\\\/wp-content\\\/uploads\\\/2023\\\/02\\\/SMO_LOGO-03.svg\",\"url\":\"https:\\\/\\\/shrimataji.org\\\/test\\\/wp-content\\\/uploads\\\/2023\\\/02\\\/SMO_LOGO-03.svg\",\"contentUrl\":\"https:\\\/\\\/shrimataji.org\\\/test\\\/wp-content\\\/uploads\\\/2023\\\/02\\\/SMO_LOGO-03.svg\",\"width\":\"1024\",\"height\":\"1024\",\"caption\":\"Nirmala Shrivastava\"},\"logo\":{\"@id\":\"https:\\\/\\\/shrimataji.org\\\/test\\\/wp-content\\\/uploads\\\/2023\\\/02\\\/SMO_LOGO-03.svg\"},\"sameAs\":[\"https:\\\/\\\/shrimataji.org\\\/test\",\"https:\\\/\\\/www.facebook.com\\\/shrimataji\",\"https:\\\/\\\/x.com\\\/shrimataji\",\"https:\\\/\\\/www.youtube.com\\\/@Shri_Mataji_Nirmala_Devi\\\/featured\"]}]}<\/script>\n<!-- \/ Yoast SEO plugin. -->","yoast_head_json":{"title":"Perhe - TEST - SMND","robots":{"index":"noindex","follow":"follow","max-snippet":"max-snippet:-1","max-image-preview":"max-image-preview:large","max-video-preview":"max-video-preview:-1"},"og_locale":"en_US","og_type":"article","og_title":"Perhe - TEST - SMND","og_description":"Perhe Valistunut kasvatus Shri Mataji, syntyj\u00e4\u00e4n Nirmala Salve, syntyi arvostettuun perheeseen, joka polveutui Intian kuninkaallisesta Shalivahana-dynastiasta. T\u00e4m\u00e4n poikkeuksellisen suvun luonne n\u00e4kyy sukupolvesta toiseen, samoin kuin heid\u00e4n vankkumaton sitoutumisensa korkeimpiin moraalisiin ja eettisiin periaatteisiin. Shri Matajin esi-is\u00e4t k\u00e4\u00e4ntyiv\u00e4t kristinuskoon vastoin perinteit\u00e4 ja laajalti hyv\u00e4ksyttyj\u00e4 uskomuksia, kun he n\u00e4kiv\u00e4t, miten julmasti hinduleski\u00e4, erityisesti lapsileski\u00e4, kohdeltiin tuohon aikaan.&hellip; Read more","og_url":"https:\/\/shrimataji.org\/test\/fi\/perhe\/","og_site_name":"TEST - SMND","article_publisher":"https:\/\/www.facebook.com\/shrimataji","article_modified_time":"2025-09-02T11:17:57+00:00","og_image":[{"width":2560,"height":905,"url":"https:\/\/shrimataji.org\/test\/wp-content\/uploads\/2023\/03\/6_Banner-Family-scaled.jpg","type":"image\/jpeg"}],"twitter_card":"summary_large_image","twitter_site":"@shrimataji","twitter_misc":{"Est. reading time":"2 minutes"},"schema":{"@context":"https:\/\/schema.org","@graph":[{"@type":"WebPage","@id":"https:\/\/shrimataji.org\/test\/fi\/perhe\/","url":"https:\/\/shrimataji.org\/test\/fi\/perhe\/","name":"Perhe - TEST - SMND","isPartOf":{"@id":"https:\/\/shrimataji.org\/test\/#website"},"primaryImageOfPage":{"@id":"https:\/\/shrimataji.org\/test\/fi\/perhe\/#primaryimage"},"image":{"@id":"https:\/\/shrimataji.org\/test\/fi\/perhe\/#primaryimage"},"thumbnailUrl":"https:\/\/shrimataji.org\/test\/wp-content\/uploads\/2023\/03\/6_Banner-Family-scaled.jpg","datePublished":"2018-07-10T06:54:42+00:00","dateModified":"2025-09-02T11:17:57+00:00","breadcrumb":{"@id":"https:\/\/shrimataji.org\/test\/fi\/perhe\/#breadcrumb"},"inLanguage":"en-US","potentialAction":[{"@type":"ReadAction","target":["https:\/\/shrimataji.org\/test\/fi\/perhe\/"]}]},{"@type":"ImageObject","inLanguage":"en-US","@id":"https:\/\/shrimataji.org\/test\/fi\/perhe\/#primaryimage","url":"https:\/\/shrimataji.org\/test\/wp-content\/uploads\/2023\/03\/6_Banner-Family-scaled.jpg","contentUrl":"https:\/\/shrimataji.org\/test\/wp-content\/uploads\/2023\/03\/6_Banner-Family-scaled.jpg","width":2560,"height":905},{"@type":"BreadcrumbList","@id":"https:\/\/shrimataji.org\/test\/fi\/perhe\/#breadcrumb","itemListElement":[{"@type":"ListItem","position":1,"name":"Home","item":"https:\/\/shrimataji.org\/test\/uk\/home-en\/"},{"@type":"ListItem","position":2,"name":"Perhe"}]},{"@type":"WebSite","@id":"https:\/\/shrimataji.org\/test\/#website","url":"https:\/\/shrimataji.org\/test\/","name":"Shri Mataji Nirmala Devi","description":"A Life Dedicated to Humanity","publisher":{"@id":"https:\/\/shrimataji.org\/test\/#\/schema\/person\/a1b3419c6585f164aa96da1ff85715d1"},"potentialAction":[{"@type":"SearchAction","target":{"@type":"EntryPoint","urlTemplate":"https:\/\/shrimataji.org\/test\/?s={search_term_string}"},"query-input":{"@type":"PropertyValueSpecification","valueRequired":true,"valueName":"search_term_string"}}],"inLanguage":"en-US"},{"@type":["Person","Organization"],"@id":"https:\/\/shrimataji.org\/test\/#\/schema\/person\/a1b3419c6585f164aa96da1ff85715d1","name":"Nirmala Shrivastava","image":{"@type":"ImageObject","inLanguage":"en-US","@id":"https:\/\/shrimataji.org\/test\/wp-content\/uploads\/2023\/02\/SMO_LOGO-03.svg","url":"https:\/\/shrimataji.org\/test\/wp-content\/uploads\/2023\/02\/SMO_LOGO-03.svg","contentUrl":"https:\/\/shrimataji.org\/test\/wp-content\/uploads\/2023\/02\/SMO_LOGO-03.svg","width":"1024","height":"1024","caption":"Nirmala Shrivastava"},"logo":{"@id":"https:\/\/shrimataji.org\/test\/wp-content\/uploads\/2023\/02\/SMO_LOGO-03.svg"},"sameAs":["https:\/\/shrimataji.org\/test","https:\/\/www.facebook.com\/shrimataji","https:\/\/x.com\/shrimataji","https:\/\/www.youtube.com\/@Shri_Mataji_Nirmala_Devi\/featured"]}]}},"lang":"fi","translations":{"fi":12577},"pll_sync_post":[],"_links":{"self":[{"href":"https:\/\/shrimataji.org\/test\/wp-json\/wp\/v2\/pages\/12577","targetHints":{"allow":["GET"]}}],"collection":[{"href":"https:\/\/shrimataji.org\/test\/wp-json\/wp\/v2\/pages"}],"about":[{"href":"https:\/\/shrimataji.org\/test\/wp-json\/wp\/v2\/types\/page"}],"author":[{"embeddable":true,"href":"https:\/\/shrimataji.org\/test\/wp-json\/wp\/v2\/users\/29"}],"replies":[{"embeddable":true,"href":"https:\/\/shrimataji.org\/test\/wp-json\/wp\/v2\/comments?post=12577"}],"version-history":[{"count":0,"href":"https:\/\/shrimataji.org\/test\/wp-json\/wp\/v2\/pages\/12577\/revisions"}],"wp:featuredmedia":[{"embeddable":true,"href":"https:\/\/shrimataji.org\/test\/wp-json\/wp\/v2\/media\/9511"}],"wp:attachment":[{"href":"https:\/\/shrimataji.org\/test\/wp-json\/wp\/v2\/media?parent=12577"}],"curies":[{"name":"wp","href":"https:\/\/api.w.org\/{rel}","templated":true}]}}