{"id":12584,"date":"2018-07-10T06:54:50","date_gmt":"2018-07-10T06:54:50","guid":{"rendered":"http:\/\/testwordpress.nirmalnagari.org\/smnd\/index.php\/glossary\/"},"modified":"2025-04-23T19:15:19","modified_gmt":"2025-04-23T19:15:19","slug":"sanastoa","status":"publish","type":"page","link":"https:\/\/shrimataji.org\/test\/fi\/sanastoa\/","title":{"rendered":"Sanastoa"},"content":{"rendered":"\n\n\t<h1>Sanastoa<\/h1>\n<h1>\u00a0<\/h1>\n\t<p><a href=\"#Dharma\">Dharma<\/a><\/p>\n<p><a href=\"#Kundalini\">Kundaliini<\/a><\/p>\n<p><a href=\"#SahajaYoga\"> Sahaja Yoga<\/a><\/p>\n<p><a href=\"#SahajaYogaMeditation\">Sahaja Yoga -meditaatio<\/a><\/p>\n<p><a href=\"#Sahasrara\">Sahasrara<\/a><\/p>\n<p><a href=\"#Self\">Itse<\/a><\/p>\n<p><a href=\"#Self-Realization\"> Itseoivallus<\/a><\/p>\n<p><a href=\"#Spirit\">Henki<\/a><\/p>\n<p><a href=\"#SubtleSystem\"> Hienorakenne<\/a><\/p>\n<p><a href=\"#ThoughtlessAwareness\"> Ajatukseton tietoisuus<\/a><\/p>\n<p><a href=\"#Vibrations\">V\u00e4r\u00e4htelyt<\/a><\/p>\n<p><a href=\"#Yoga\">Jooga<\/a><\/p>\n\t<p><strong>Dharma<\/strong><\/p>\n<p>Oikean k\u00e4yt\u00f6ksen tai oikeudenmukaisuuden s\u00e4\u00e4nn\u00f6st\u00f6 ekologiaa ja evoluutiota yll\u00e4pit\u00e4v\u00e4n\u00e4 ja tasapainottavana tekij\u00e4n\u00e4.<\/p>\n<p><a name=\"Kundalini\"><\/a><\/p>\n<p><strong>Kundaliini<\/strong><\/p>\n<p>Piilossa oleva energia, joka on kokoon kiertyneen\u00e4 selk\u00e4rangan tyvess\u00e4. Her\u00e4tess\u00e4\u00e4n t\u00e4m\u00e4 suotuisa, hoivaava energia kulkee yl\u00f6sp\u00e4in kehon hermoverkoston kautta ja tulee ulos p\u00e4\u00e4n yl\u00e4osasta fontanellan kohdalta. T\u00e4m\u00e4n energian voi tuntea viile\u00e4n\u00e4 tuulahduksena p\u00e4\u00e4n yl\u00e4puolella sek\u00e4 k\u00e4mmeniss\u00e4.<\/p>\n<p><a name=\"SahajaYoga\"><\/a><\/p>\n<p><strong>Sahaja Yoga<\/strong><\/p>\n<p>Sahaja tarkoittaa &#8220;syntynyt kanssasi&#8221; &#8211; &#8216;saha&#8217; on &#8216;kanssasi&#8217;, &#8216;ja&#8217; on &#8216;syntynyt&#8217;. Shri Mataji selitt\u00e4\u00e4: &#8220;Sahaja tarkoittaa my\u00f6s &#8216;spontaania&#8217;, koska t\u00e4m\u00e4 on se el\u00e4v\u00e4 voima, joka toteuttaa sen. Sis\u00e4ll\u00e4mme on el\u00e4v\u00e4 voima, joka on tehnyt meist\u00e4 ihmisi\u00e4 ameeba-asteelta alkaen. On olemassa j\u00e4\u00e4nn\u00f6svoima, joka yhdist\u00e4\u00e4 meid\u00e4t Jumaluuteen. T\u00e4m\u00e4 on sanan &#8216;jooga&#8217; todellinen merkitys. Jokaisella ihmisell\u00e4 on oikeus yhdisty\u00e4 tuohon kaikkialla l\u00e4sn\u00e4 olevaan voimaan. T\u00e4m\u00e4 on siis evoluutiomme viimeinen l\u00e4pimurto.&#8221;<\/p>\n<p><a name=\"SahajaYogaMeditation\"><\/a><\/p>\n<p><strong>Sahaja Yoga -meditaatio<\/strong><\/p>\n<p>Tekniikka, joka yll\u00e4pit\u00e4\u00e4 &#8221;itseoivalluksen&#8221; kokemusta (Kundaliinin her\u00e4\u00e4minen). Sahaja Yoga -meditaation avulla ihminen voi muodostaa yhteyden todelliseen itseens\u00e4 ja saavuttaa ajatuksettoman tietoisuuden tilan &#8211; molemmat n\u00e4ist\u00e4 ovat &#8216;joogan&#8217; eli &#8216;yhteyden&#8217; toteutumista. S\u00e4\u00e4nn\u00f6llisell\u00e4 harjoittelulla voi vakiinnuttaa t\u00e4m\u00e4n ajatuksettoman tietoisuuden tilan ja aikaansaada henkist\u00e4 kasvua.<\/p>\n<p><a name=\"Sahasrara\"><\/a><\/p>\n<p><strong>Sahasrara<\/strong><\/p>\n<p>Seitsem\u00e4s energiakeskus, joka sijaitsee fontanellissa, p\u00e4\u00e4laella. Kundaliinienergia kulkee t\u00e4m\u00e4n kohdan kautta ja saa aikaan ajatuksettoman tietoisuuden tilan.<\/p>\n<p><a name=\"Self\"><\/a><\/p>\n<p><strong>Itse<\/strong><\/p>\n<p>Henkisyyden perinteess\u00e4 kerrotaan, ett\u00e4 ihmisess\u00e4 on voima saada itseoivallus, saavuttaa oma Itse. Shri Mataji selitt\u00e4\u00e4, ett\u00e4 totuus on: me emme ole t\u00e4m\u00e4 keho, me emme ole t\u00e4m\u00e4 mieli, me emme ole t\u00e4m\u00e4 ego, me emme ole n\u00e4m\u00e4 ehdollistumat. Itse on puhdas henki meid\u00e4n jokaisen sis\u00e4ll\u00e4. Itse on se, joka s\u00e4teilee. Itse on se, joka antaa loiston. Itse on se, joka antaa kaikki puhtaan rakkauden, turvallisuuden ja avun siunaukset, jotka jokainen ihminen ansaitsee.<\/p>\n<p><a name=\"Self-Realization\"><\/a><\/p>\n<p><strong>Itseoivallus<\/strong><\/p>\n<p>Toteutunut yhteys yksil\u00f6n ymm\u00e4rryksen ja Itsen ja Jumaluuden luonteen v\u00e4lill\u00e4, joka tapahtuu puhtaan ja suoran tietoisuuden kautta. Se ei ole henkisen evoluution p\u00e4\u00e4tepiste vaan pikemminkin sen todellinen alku. Itseoivallus avaa tien kehitykselle poistamalla kaiken samaistumisen valheellisuuteen sallimalla Kundaliinin virrata vapaasti, luomalla todellisen yhteyden jumalalliseen voimaan ja her\u00e4tt\u00e4m\u00e4ll\u00e4 n\u00e4in kaikki yksil\u00f6n sis\u00e4syntyiset itsekorjaavat voimat.<\/p>\n<p><a name=\"Spirit\"><\/a><\/p>\n<p><strong>Henki<\/strong><\/p>\n<p>Jumaluuden heijastus jokaisessa ihmisess\u00e4, todellinen eli puhdas Itse. Itseoivalluksen j\u00e4lkeen Henki voidaan havaita ja tuntea huomiossamme.<\/p>\n<p><a name=\"SubtleSystem\"><\/a><\/p>\n<p><strong>Hienorakenne<\/strong><\/p>\n<p>Hienorakenne on energiakeskusten ja -kanavien verkosto, jonka kautta sis\u00e4inen energia virtaa. Sahaja Yoga -meditaatio auttaa sinua oppimaan tuntemaan, ymm\u00e4rt\u00e4m\u00e4\u00e4n ja lopulta k\u00e4ytt\u00e4m\u00e4\u00e4n hienojakoista j\u00e4rjestelm\u00e4\u00e4 parantamaan terveytt\u00e4, tasapainoa ja hyvinvointia. T\u00e4m\u00e4 prosessi k\u00e4ynnistyy her\u00e4tt\u00e4m\u00e4ll\u00e4 sis\u00e4inen energia, joka tunnetaan nimell\u00e4 Kundaliini.<\/p>\n<p><a name=\"ThoughtlessAwareness\"><\/a><\/p>\n<strong>Ajatukseton tietoisuus<br \/>\n<\/strong>\n<p>Korkeamman tietoisuuden tila, jossa mieli on rauhallinen mutta valpas. Ei-toivottu mielen toiminta lakkaa, jolloin huomio voi keskitty\u00e4 nykyhetkeen. Stressi ja v\u00e4symys johtuvat useimmiten menneisyyden tai tulevaisuuden ajattelusta. Kun ajatukset hiljentyv\u00e4t, hermoston luonnollinen parantava voima k\u00e4ynnistyy ja palauttaa energian, tasapainon ja terveyden.<\/p>\n<p><a name=\"Vibrations\"><\/a><\/p>\n<p><strong>V\u00e4r\u00e4htelyt<\/strong><\/p>\n<p>Kaikki el\u00e4v\u00e4t olennot ovat yhdistelm\u00e4 hiukkasia ja aaltoja, jotka s\u00e4teilev\u00e4t er\u00e4\u00e4nlaisia v\u00e4r\u00e4htelyj\u00e4, joko positiivisia tai negatiivisia. Positiiviset v\u00e4r\u00e4htelyt ovat suotuisia ja ravitsevia. Itseoivalluksen j\u00e4lkeen positiiviset v\u00e4r\u00e4htelyt voi tuntea keskushermostossa viile\u00e4n\u00e4 tuulahduksena k\u00e4mmeniss\u00e4 ja fontanella-alueen yl\u00e4puolella. &#8220;V\u00e4r\u00e4htelyt eiv\u00e4t ole mit\u00e4\u00e4n muuta kuin jumalallista rakkautta&#8221;, Shri Mataji kertoo.<\/p>\n<p><strong>Jooga<\/strong><\/p>\n<p>Toisin kuin yleisesti luullaan, jooga ei tarkoita sarjaa harjoituksia tai asentoja, vaan itse asiassa se tarkoittaa &#8220;liittymist\u00e4, yhdistymist\u00e4&#8221;. Varhainen viittaus joogaan l\u00f6ytyy Patanjalin Yoga Sutras -teoksesta, joka on kokoelma aforismeja 2. vuosisadalta eaa. Intiasta.<\/p>\n\n","protected":false},"excerpt":{"rendered":"<p>Sanastoa \u00a0 Dharma Kundaliini Sahaja Yoga Sahaja Yoga -meditaatio Sahasrara Itse Itseoivallus Henki Hienorakenne Ajatukseton tietoisuus V\u00e4r\u00e4htelyt Jooga Dharma Oikean k\u00e4yt\u00f6ksen tai oikeudenmukaisuuden s\u00e4\u00e4nn\u00f6st\u00f6 ekologiaa ja evoluutiota yll\u00e4pit\u00e4v\u00e4n\u00e4 ja tasapainottavana tekij\u00e4n\u00e4. Kundaliini Piilossa oleva energia, joka on kokoon kiertyneen\u00e4 selk\u00e4rangan tyvess\u00e4. Her\u00e4tess\u00e4\u00e4n t\u00e4m\u00e4 suotuisa, hoivaava energia kulkee yl\u00f6sp\u00e4in kehon hermoverkoston kautta ja tulee ulos p\u00e4\u00e4n&hellip; <br \/> <a class=\"read-more\" href=\"https:\/\/shrimataji.org\/test\/fi\/sanastoa\/\">Read more<\/a><\/p>\n","protected":false},"author":29,"featured_media":9552,"parent":0,"menu_order":0,"comment_status":"closed","ping_status":"closed","template":"","meta":{"inline_featured_image":false,"footnotes":""},"class_list":["post-12584","page","type-page","status-publish","has-post-thumbnail","hentry"],"yoast_head":"<!-- This site is optimized with the Yoast SEO plugin v27.4 - https:\/\/yoast.com\/product\/yoast-seo-wordpress\/ -->\n<title>Sanastoa - TEST - SMND<\/title>\n<meta name=\"robots\" content=\"noindex, follow, max-snippet:-1, max-image-preview:large, max-video-preview:-1\" \/>\n<meta property=\"og:locale\" content=\"en_US\" \/>\n<meta property=\"og:type\" content=\"article\" \/>\n<meta property=\"og:title\" content=\"Sanastoa - TEST - SMND\" \/>\n<meta property=\"og:description\" content=\"Sanastoa \u00a0 Dharma Kundaliini Sahaja Yoga Sahaja Yoga -meditaatio Sahasrara Itse Itseoivallus Henki Hienorakenne Ajatukseton tietoisuus V\u00e4r\u00e4htelyt Jooga Dharma Oikean k\u00e4yt\u00f6ksen tai oikeudenmukaisuuden s\u00e4\u00e4nn\u00f6st\u00f6 ekologiaa ja evoluutiota yll\u00e4pit\u00e4v\u00e4n\u00e4 ja tasapainottavana tekij\u00e4n\u00e4. Kundaliini Piilossa oleva energia, joka on kokoon kiertyneen\u00e4 selk\u00e4rangan tyvess\u00e4. Her\u00e4tess\u00e4\u00e4n t\u00e4m\u00e4 suotuisa, hoivaava energia kulkee yl\u00f6sp\u00e4in kehon hermoverkoston kautta ja tulee ulos p\u00e4\u00e4n&hellip; Read more\" \/>\n<meta property=\"og:url\" content=\"https:\/\/shrimataji.org\/test\/fi\/sanastoa\/\" \/>\n<meta property=\"og:site_name\" content=\"TEST - SMND\" \/>\n<meta property=\"article:publisher\" content=\"https:\/\/www.facebook.com\/shrimataji\" \/>\n<meta property=\"article:modified_time\" content=\"2025-04-23T19:15:19+00:00\" \/>\n<meta property=\"og:image\" content=\"https:\/\/shrimataji.org\/test\/wp-content\/uploads\/2023\/03\/Banner-Footer-Castle-1-scaled.jpg\" \/>\n\t<meta property=\"og:image:width\" content=\"2560\" \/>\n\t<meta property=\"og:image:height\" content=\"905\" \/>\n\t<meta property=\"og:image:type\" content=\"image\/jpeg\" \/>\n<meta name=\"twitter:card\" content=\"summary_large_image\" \/>\n<meta name=\"twitter:site\" content=\"@shrimataji\" \/>\n<script type=\"application\/ld+json\" class=\"yoast-schema-graph\">{\"@context\":\"https:\\\/\\\/schema.org\",\"@graph\":[{\"@type\":\"WebPage\",\"@id\":\"https:\\\/\\\/shrimataji.org\\\/test\\\/fi\\\/sanastoa\\\/\",\"url\":\"https:\\\/\\\/shrimataji.org\\\/test\\\/fi\\\/sanastoa\\\/\",\"name\":\"Sanastoa - TEST - SMND\",\"isPartOf\":{\"@id\":\"https:\\\/\\\/shrimataji.org\\\/test\\\/#website\"},\"primaryImageOfPage\":{\"@id\":\"https:\\\/\\\/shrimataji.org\\\/test\\\/fi\\\/sanastoa\\\/#primaryimage\"},\"image\":{\"@id\":\"https:\\\/\\\/shrimataji.org\\\/test\\\/fi\\\/sanastoa\\\/#primaryimage\"},\"thumbnailUrl\":\"https:\\\/\\\/shrimataji.org\\\/test\\\/wp-content\\\/uploads\\\/2023\\\/03\\\/Banner-Footer-Castle-1-scaled.jpg\",\"datePublished\":\"2018-07-10T06:54:50+00:00\",\"dateModified\":\"2025-04-23T19:15:19+00:00\",\"breadcrumb\":{\"@id\":\"https:\\\/\\\/shrimataji.org\\\/test\\\/fi\\\/sanastoa\\\/#breadcrumb\"},\"inLanguage\":\"en-US\",\"potentialAction\":[{\"@type\":\"ReadAction\",\"target\":[\"https:\\\/\\\/shrimataji.org\\\/test\\\/fi\\\/sanastoa\\\/\"]}]},{\"@type\":\"ImageObject\",\"inLanguage\":\"en-US\",\"@id\":\"https:\\\/\\\/shrimataji.org\\\/test\\\/fi\\\/sanastoa\\\/#primaryimage\",\"url\":\"https:\\\/\\\/shrimataji.org\\\/test\\\/wp-content\\\/uploads\\\/2023\\\/03\\\/Banner-Footer-Castle-1-scaled.jpg\",\"contentUrl\":\"https:\\\/\\\/shrimataji.org\\\/test\\\/wp-content\\\/uploads\\\/2023\\\/03\\\/Banner-Footer-Castle-1-scaled.jpg\",\"width\":2560,\"height\":905},{\"@type\":\"BreadcrumbList\",\"@id\":\"https:\\\/\\\/shrimataji.org\\\/test\\\/fi\\\/sanastoa\\\/#breadcrumb\",\"itemListElement\":[{\"@type\":\"ListItem\",\"position\":1,\"name\":\"Home\",\"item\":\"https:\\\/\\\/shrimataji.org\\\/test\\\/uk\\\/home-en\\\/\"},{\"@type\":\"ListItem\",\"position\":2,\"name\":\"Sanastoa\"}]},{\"@type\":\"WebSite\",\"@id\":\"https:\\\/\\\/shrimataji.org\\\/test\\\/#website\",\"url\":\"https:\\\/\\\/shrimataji.org\\\/test\\\/\",\"name\":\"Shri Mataji Nirmala Devi\",\"description\":\"A Life Dedicated to Humanity\",\"publisher\":{\"@id\":\"https:\\\/\\\/shrimataji.org\\\/test\\\/#\\\/schema\\\/person\\\/a1b3419c6585f164aa96da1ff85715d1\"},\"potentialAction\":[{\"@type\":\"SearchAction\",\"target\":{\"@type\":\"EntryPoint\",\"urlTemplate\":\"https:\\\/\\\/shrimataji.org\\\/test\\\/?s={search_term_string}\"},\"query-input\":{\"@type\":\"PropertyValueSpecification\",\"valueRequired\":true,\"valueName\":\"search_term_string\"}}],\"inLanguage\":\"en-US\"},{\"@type\":[\"Person\",\"Organization\"],\"@id\":\"https:\\\/\\\/shrimataji.org\\\/test\\\/#\\\/schema\\\/person\\\/a1b3419c6585f164aa96da1ff85715d1\",\"name\":\"Nirmala Shrivastava\",\"image\":{\"@type\":\"ImageObject\",\"inLanguage\":\"en-US\",\"@id\":\"https:\\\/\\\/shrimataji.org\\\/test\\\/wp-content\\\/uploads\\\/2023\\\/02\\\/SMO_LOGO-03.svg\",\"url\":\"https:\\\/\\\/shrimataji.org\\\/test\\\/wp-content\\\/uploads\\\/2023\\\/02\\\/SMO_LOGO-03.svg\",\"contentUrl\":\"https:\\\/\\\/shrimataji.org\\\/test\\\/wp-content\\\/uploads\\\/2023\\\/02\\\/SMO_LOGO-03.svg\",\"width\":\"1024\",\"height\":\"1024\",\"caption\":\"Nirmala Shrivastava\"},\"logo\":{\"@id\":\"https:\\\/\\\/shrimataji.org\\\/test\\\/wp-content\\\/uploads\\\/2023\\\/02\\\/SMO_LOGO-03.svg\"},\"sameAs\":[\"https:\\\/\\\/shrimataji.org\\\/test\",\"https:\\\/\\\/www.facebook.com\\\/shrimataji\",\"https:\\\/\\\/x.com\\\/shrimataji\",\"https:\\\/\\\/www.youtube.com\\\/@Shri_Mataji_Nirmala_Devi\\\/featured\"]}]}<\/script>\n<!-- \/ Yoast SEO plugin. -->","yoast_head_json":{"title":"Sanastoa - TEST - SMND","robots":{"index":"noindex","follow":"follow","max-snippet":"max-snippet:-1","max-image-preview":"max-image-preview:large","max-video-preview":"max-video-preview:-1"},"og_locale":"en_US","og_type":"article","og_title":"Sanastoa - TEST - SMND","og_description":"Sanastoa \u00a0 Dharma Kundaliini Sahaja Yoga Sahaja Yoga -meditaatio Sahasrara Itse Itseoivallus Henki Hienorakenne Ajatukseton tietoisuus V\u00e4r\u00e4htelyt Jooga Dharma Oikean k\u00e4yt\u00f6ksen tai oikeudenmukaisuuden s\u00e4\u00e4nn\u00f6st\u00f6 ekologiaa ja evoluutiota yll\u00e4pit\u00e4v\u00e4n\u00e4 ja tasapainottavana tekij\u00e4n\u00e4. Kundaliini Piilossa oleva energia, joka on kokoon kiertyneen\u00e4 selk\u00e4rangan tyvess\u00e4. Her\u00e4tess\u00e4\u00e4n t\u00e4m\u00e4 suotuisa, hoivaava energia kulkee yl\u00f6sp\u00e4in kehon hermoverkoston kautta ja tulee ulos p\u00e4\u00e4n&hellip; Read more","og_url":"https:\/\/shrimataji.org\/test\/fi\/sanastoa\/","og_site_name":"TEST - SMND","article_publisher":"https:\/\/www.facebook.com\/shrimataji","article_modified_time":"2025-04-23T19:15:19+00:00","og_image":[{"width":2560,"height":905,"url":"https:\/\/shrimataji.org\/test\/wp-content\/uploads\/2023\/03\/Banner-Footer-Castle-1-scaled.jpg","type":"image\/jpeg"}],"twitter_card":"summary_large_image","twitter_site":"@shrimataji","schema":{"@context":"https:\/\/schema.org","@graph":[{"@type":"WebPage","@id":"https:\/\/shrimataji.org\/test\/fi\/sanastoa\/","url":"https:\/\/shrimataji.org\/test\/fi\/sanastoa\/","name":"Sanastoa - TEST - SMND","isPartOf":{"@id":"https:\/\/shrimataji.org\/test\/#website"},"primaryImageOfPage":{"@id":"https:\/\/shrimataji.org\/test\/fi\/sanastoa\/#primaryimage"},"image":{"@id":"https:\/\/shrimataji.org\/test\/fi\/sanastoa\/#primaryimage"},"thumbnailUrl":"https:\/\/shrimataji.org\/test\/wp-content\/uploads\/2023\/03\/Banner-Footer-Castle-1-scaled.jpg","datePublished":"2018-07-10T06:54:50+00:00","dateModified":"2025-04-23T19:15:19+00:00","breadcrumb":{"@id":"https:\/\/shrimataji.org\/test\/fi\/sanastoa\/#breadcrumb"},"inLanguage":"en-US","potentialAction":[{"@type":"ReadAction","target":["https:\/\/shrimataji.org\/test\/fi\/sanastoa\/"]}]},{"@type":"ImageObject","inLanguage":"en-US","@id":"https:\/\/shrimataji.org\/test\/fi\/sanastoa\/#primaryimage","url":"https:\/\/shrimataji.org\/test\/wp-content\/uploads\/2023\/03\/Banner-Footer-Castle-1-scaled.jpg","contentUrl":"https:\/\/shrimataji.org\/test\/wp-content\/uploads\/2023\/03\/Banner-Footer-Castle-1-scaled.jpg","width":2560,"height":905},{"@type":"BreadcrumbList","@id":"https:\/\/shrimataji.org\/test\/fi\/sanastoa\/#breadcrumb","itemListElement":[{"@type":"ListItem","position":1,"name":"Home","item":"https:\/\/shrimataji.org\/test\/uk\/home-en\/"},{"@type":"ListItem","position":2,"name":"Sanastoa"}]},{"@type":"WebSite","@id":"https:\/\/shrimataji.org\/test\/#website","url":"https:\/\/shrimataji.org\/test\/","name":"Shri Mataji Nirmala Devi","description":"A Life Dedicated to Humanity","publisher":{"@id":"https:\/\/shrimataji.org\/test\/#\/schema\/person\/a1b3419c6585f164aa96da1ff85715d1"},"potentialAction":[{"@type":"SearchAction","target":{"@type":"EntryPoint","urlTemplate":"https:\/\/shrimataji.org\/test\/?s={search_term_string}"},"query-input":{"@type":"PropertyValueSpecification","valueRequired":true,"valueName":"search_term_string"}}],"inLanguage":"en-US"},{"@type":["Person","Organization"],"@id":"https:\/\/shrimataji.org\/test\/#\/schema\/person\/a1b3419c6585f164aa96da1ff85715d1","name":"Nirmala Shrivastava","image":{"@type":"ImageObject","inLanguage":"en-US","@id":"https:\/\/shrimataji.org\/test\/wp-content\/uploads\/2023\/02\/SMO_LOGO-03.svg","url":"https:\/\/shrimataji.org\/test\/wp-content\/uploads\/2023\/02\/SMO_LOGO-03.svg","contentUrl":"https:\/\/shrimataji.org\/test\/wp-content\/uploads\/2023\/02\/SMO_LOGO-03.svg","width":"1024","height":"1024","caption":"Nirmala Shrivastava"},"logo":{"@id":"https:\/\/shrimataji.org\/test\/wp-content\/uploads\/2023\/02\/SMO_LOGO-03.svg"},"sameAs":["https:\/\/shrimataji.org\/test","https:\/\/www.facebook.com\/shrimataji","https:\/\/x.com\/shrimataji","https:\/\/www.youtube.com\/@Shri_Mataji_Nirmala_Devi\/featured"]}]}},"lang":"fi","translations":{"fi":12584,"ur":38951,"en":448,"am":18007,"th":19953,"hu":19483,"sq":18408,"zh":17305,"tr":10164,"pt":10376,"de":10650,"fr":10748,"it":10846,"es":10943,"ja":11240,"ru":11428,"bn":11620,"te":11728,"sw":11851,"he":11999,"el":12290,"sk":12388,"fa":12486,"bg":13451,"ro":14525,"cs":14718,"nl":16568,"ku":16728,"ar":16904,"be":18615,"kn":18889,"mr":20317,"uk":20609,"ml":20905,"ta":22723,"sv":22996,"gu":28842,"pa":29000,"fil":29442,"da":38947,"nn":38949,"pl":39854},"pll_sync_post":[],"_links":{"self":[{"href":"https:\/\/shrimataji.org\/test\/wp-json\/wp\/v2\/pages\/12584","targetHints":{"allow":["GET"]}}],"collection":[{"href":"https:\/\/shrimataji.org\/test\/wp-json\/wp\/v2\/pages"}],"about":[{"href":"https:\/\/shrimataji.org\/test\/wp-json\/wp\/v2\/types\/page"}],"author":[{"embeddable":true,"href":"https:\/\/shrimataji.org\/test\/wp-json\/wp\/v2\/users\/29"}],"replies":[{"embeddable":true,"href":"https:\/\/shrimataji.org\/test\/wp-json\/wp\/v2\/comments?post=12584"}],"version-history":[{"count":0,"href":"https:\/\/shrimataji.org\/test\/wp-json\/wp\/v2\/pages\/12584\/revisions"}],"wp:featuredmedia":[{"embeddable":true,"href":"https:\/\/shrimataji.org\/test\/wp-json\/wp\/v2\/media\/9552"}],"wp:attachment":[{"href":"https:\/\/shrimataji.org\/test\/wp-json\/wp\/v2\/media?parent=12584"}],"curies":[{"name":"wp","href":"https:\/\/api.w.org\/{rel}","templated":true}]}}