{"id":12585,"date":"2018-07-10T06:54:42","date_gmt":"2018-07-10T06:54:42","guid":{"rendered":"http:\/\/testwordpress.nirmalnagari.org\/smnd\/index.php\/holistic-health\/"},"modified":"2025-07-09T19:55:12","modified_gmt":"2025-07-09T19:55:12","slug":"kokonaisvaltainen-terveys","status":"publish","type":"page","link":"https:\/\/shrimataji.org\/test\/fi\/kokonaisvaltainen-terveys\/","title":{"rendered":"Kokonaisvaltainen terveys"},"content":{"rendered":"\n\n\t<h1>Kokonaisvaltainen terveys<\/h1>\n<h2><b>Sis\u00e4isen parantumisen hienojakoinen tiede<\/b><\/h2>\n\t<h4>Vaikka valtavirtainen l\u00e4\u00e4ketiede on monin tavoin hy\u00f6dyllist\u00e4, se ep\u00e4onnistuu usein psykosomaattisten ja psykiatristen h\u00e4iri\u00f6iden perusteellisessa ja pitk\u00e4aikaisessa hoidossa, koska se keskittyy oireisiin eik\u00e4 syihin ja koska se k\u00e4sittelee niit\u00e4 erikseen eik\u00e4 koko elimist\u00f6n kokonaisuutena.<\/h4>\n\t<p>Shri Mataji opiskeli l\u00e4\u00e4ketiedett\u00e4 useita vuosia, kunnes Intian jakautumisen j\u00e4lkeiset poliittiset tapahtumat pakottivat H\u00e4net keskeytt\u00e4m\u00e4\u00e4n opiskelun. Koska H\u00e4nen perinteens\u00e4 kunnioitti kokonaisvaltaista n\u00e4kemyst\u00e4, jossa tunnustettiin henkisyyden ja terveyden v\u00e4linen yhteys, H\u00e4n omisti aikaa meditaatiolle ja meditaation vaikutuksen tarkkailulle mieleen ja kehoon.<\/p>\n\t<p>T\u00e4ss\u00e4 prosessissa H\u00e4n ei ainoastaan l\u00f6yt\u00e4nyt uudelleen hienojakoisten energiakanavien ja hermoverkkojen muodostamaa j\u00e4rjestelm\u00e4\u00e4, joka hallitsee ihmiskehoa, vaan my\u00f6s oivalsi t\u00e4m\u00e4n j\u00e4rjestelm\u00e4n avaimen: ravitsevan, feminiinisen energian, johon muinaisissa intialaisissa kirjoituksissa viitataan nimell\u00e4 Kundaliini. Shri Mataji tutki ihmisen k\u00e4ytt\u00e4ytymist\u00e4 ja sen vaikutuksia t\u00e4h\u00e4n energiaan ja hienojakoiseen j\u00e4rjestelm\u00e4\u00e4n. H\u00e4n n\u00e4ki, miten ep\u00e4tasapainoinen k\u00e4ytt\u00e4ytyminen voi johtaa fyysisiin, henkisiin tai emotionaalisiin \u00e4\u00e4rimm\u00e4isyyksiin, jotka johtavat huonoon terveyteen.<\/p>\n<p>Shri Mataji korosti, ett\u00e4 vaikka Sahaja Yogalla on parantavia vaikutuksia, sen tarkoitus ei ole parantaa vaan her\u00e4tt\u00e4\u00e4 t\u00e4m\u00e4 energia ja tietoisuus ihmisiss\u00e4 itseoivalluksen kautta.<\/p>\n\t<div class=\"su-quote su-quote-style-default\"><div class=\"su-quote-inner su-u-clearfix su-u-trim\">&#8230; Kun Kundaliini kulkee n\u00e4iden kuuden keskuksen l\u00e4pi, se valaisee ne, ravitsee niit\u00e4 ja yhdist\u00e4\u00e4 ne &#8211; olette siis kunnossa kokonaisuutena. Ei niin, ett\u00e4 yht\u00e4 kehon osaa hoidetaan ja toista laiminly\u00f6d\u00e4\u00e4n &#8211; kokonaisuutena, t\u00e4ydess\u00e4 tasapainossa. Ja Kundaliini vie teid\u00e4t tasapainon keskitielle.<\/div><\/div>\n\t\t<iframe loading=\"lazy\" title=\"Holistic Health\" width=\"1920\" height=\"1080\" src=\"https:\/\/www.youtube.com\/embed\/7g9itxwuKiU?feature=oembed\" frameborder=\"0\" allow=\"accelerometer; autoplay; clipboard-write; encrypted-media; gyroscope; picture-in-picture; web-share\" allowfullscreen><\/iframe>\t\n\t<p>Tilaisuuksissaan Shri Mataji esitti t\u00e4m\u00e4n sis\u00e4isen energiaj\u00e4rjestelm\u00e4n hypoteesina ja kannusti yleis\u00f6\u00e4 olemaan hyv\u00e4ksym\u00e4tt\u00e4 sit\u00e4 sokeasti vaan testaamaan sit\u00e4 avoimin mielin. T\u00e4m\u00e4n seurauksena yh\u00e4 useammat l\u00e4\u00e4k\u00e4rit ja tiedemiehet, jotka harjoittavat Sahaja Yogaa ja jotka ovat n\u00e4hneet merkitt\u00e4vi\u00e4 parannuksia omassa terveydentilassaan, ovat tehneet tutkimuksia eri maissa ja tieteellisiss\u00e4 yhteyksiss\u00e4 &#8211; kaikki on julkaistu vertaisarvioituina l\u00e4\u00e4ketieteellisiss\u00e4 julkaisuissa.<\/p>\n\t<p>Tohtori Ramesh Manocha, australialainen yleisl\u00e4\u00e4k\u00e4ri ja Sydneyss\u00e4 sijaitsevan Royal Hospital for Women -sairaalan luontaishoitoyksik\u00f6n tutkija, on raportoinut <a href=\"https:\/\/researchingmeditation.org\/meditation-research-summary\/\" target=\"_blank\" rel=\"noopener\">vakuuttavia tuloksia Sahaja Yoga -meditaation vaikutuksista (englanniksi)<\/a> muun muassa verenpainetaudin, vaihdevuosiin liittyvien vaivojen<a href=\"https:\/\/www.deepl.com\/en\/%E2%80%9D#citstion-note-1%E2%80%9D\">[1]<\/a>, stressiin liittyvien oireiden<a href=\"https:\/\/www.deepl.com\/en\/%E2%80%9D#citation-note-2%E2%80%9D\">[2]<\/a>, ADHD:n<a href=\"https:\/\/www.deepl.com\/en\/%E2%80%9D#citation-note-3%E2%80%9D\">[3]<\/a>ja astman<a href=\"https:\/\/www.deepl.com\/en\/%E2%80%9D#citation-note-4%E2%80%9D\">[4<\/a>] hoidossa ja ehk\u00e4isyss\u00e4. Sahaja Yoga -meditaation aikana saavutettu mielen hiljaisuus liittyy tohtori Manochan mukaan &#8220;ainutlaatuiseen fysiologisen toiminnan malliin&#8221;.<\/p>\n<p>H\u00e4n t\u00e4sment\u00e4\u00e4, ett\u00e4 useista meditaatiomenetelmist\u00e4 ja rentoutumistekniikoista vain Sahaja Yoga -meditaatio on osoittautunut tehokkaaksi terapeuttisten vaikutusten kannalta.<\/p>\n\t<div class=\"epyt-video-wrapper\"><div  data-ep-a=\"fadeIn\"  style=\"display: block; margin: 0px auto;\"  id=\"_ytid_87883\"  width=\"3840\" height=\"2160\"  data-origwidth=\"3840\" data-origheight=\"2160\" data-facadesrc=\"https:\/\/www.youtube.com\/embed\/itvKZ5WxrFs?enablejsapi=1&autoplay=0&cc_load_policy=0&cc_lang_pref=&iv_load_policy=1&loop=0&rel=0&fs=1&playsinline=1&autohide=2&theme=dark&color=red&controls=1&disablekb=0&\" class=\"__youtube_prefs__ epyt-facade  no-lazyload\" data-epautoplay=\"1\" ><img decoding=\"async\" data-spai-excluded=\"true\" class=\"epyt-facade-poster skip-lazy\" loading=\"lazy\"  alt=\"YouTube player\"  src=\"https:\/\/i.ytimg.com\/vi\/itvKZ5WxrFs\/maxresdefault.jpg\"  \/><button class=\"epyt-facade-play\" aria-label=\"Play\"><svg data-no-lazy=\"1\" height=\"100%\" version=\"1.1\" viewBox=\"0 0 68 48\" width=\"100%\"><path class=\"ytp-large-play-button-bg\" d=\"M66.52,7.74c-0.78-2.93-2.49-5.41-5.42-6.19C55.79,.13,34,0,34,0S12.21,.13,6.9,1.55 C3.97,2.33,2.27,4.81,1.48,7.74C0.06,13.05,0,24,0,24s0.06,10.95,1.48,16.26c0.78,2.93,2.49,5.41,5.42,6.19 C12.21,47.87,34,48,34,48s21.79-0.13,27.1-1.55c2.93-0.78,4.64-3.26,5.42-6.19C67.94,34.95,68,24,68,24S67.94,13.05,66.52,7.74z\" fill=\"#f00\"><\/path><path d=\"M 45,24 27,14 27,34\" fill=\"#fff\"><\/path><\/svg><\/button><\/div><\/div><span itemprop=\"video\" itemscope itemtype=\"http:\/\/schema.org\/VideoObject\"><meta itemprop=\"embedUrl\" content=\"https:\/\/www.youtube.com\/embed\/itvKZ5WxrFs\"><meta itemprop=\"name\" content=\"Meditation Study Finds Improvement\"><meta itemprop=\"description\" content=\"In an Australian television news report, a quality-of-life study finds that short periods of daily meditation can significantly improve a person&#039;s mental health. Meditation appears to give people a protective effect. Those who have been meditating for two years are more than ten percent better off than non-meditators. Those who do not drink or smoke had even better mental health. More videos at: http:\/\/ShriMataji.org ~ A Life Dedicated to Humanity ~\"><meta itemprop=\"thumbnailUrl\" content=\"https:\/\/i.ytimg.com\/vi\/itvKZ5WxrFs\/0.jpg\"><meta itemprop=\"duration\" content=\"PT1M43S\"><meta itemprop=\"uploadDate\" content=\"2020-07-20T00:07:33Z\"><\/span>\n\t<p>Vuonna 1996 Shri Mataji perusti Kansainv\u00e4lisen Sahaja Yogan tutkimus- ja terveyskeskuksen Belapuriin, Mumbain l\u00e4helle Intiaan. Klinikka palvelee edelleen sek\u00e4 paikallisia ett\u00e4 ulkomaalaisia potilaita, jotka saavat diagnoosin ja hoitoa Sahaja Yogan tekniikoilla perinteisen ayurveda- ja allopaattisen hoidon lis\u00e4ksi. Terveyskeskuksessa toteutettu meditaatiohoito paransi merkitt\u00e4v\u00e4sti el\u00e4m\u00e4nlaatua, v\u00e4hensi ahdistusta ja verenpaineen hallintaa verrattuna perinteiseen l\u00e4nsimaiseen l\u00e4\u00e4ketieteeseen.<a href=\"#citation-note-5\" data-cp-link=\"1\">[5]<\/a><\/p>\n\t<p>Shri Mataji kuvasi ihmisen hienojakoista j\u00e4rjestelm\u00e4\u00e4 yl\u00f6salaisin olevaksi puuksi, jonka juuret ovat aivoissa ja oksat ja hedelm\u00e4t kehossa. Kehon energiaj\u00e4rjestelm\u00e4n juuret sijaitsevat aivoissa, ja ne imev\u00e4t sis\u00e4\u00e4ns\u00e4 kosmista henkist\u00e4 energiaa, joka ravitsee puun oksia. N\u00e4m\u00e4 jatkuvat takaisinkytkenn\u00e4t aivojen hienojakoisen j\u00e4rjestelm\u00e4n ja kehon energiakeskusten v\u00e4lill\u00e4 meditaation aikana kulminoituvat kehon ja mielen asteittaiseen tasapainoon ja yhdentymiseen. Pit\u00e4\u00e4ksemme t\u00e4m\u00e4n puun terveen\u00e4 ja vahvana meid\u00e4n on k\u00e4\u00e4nnett\u00e4v\u00e4 huomiomme aivoissa oleviin juuriin, ja t\u00e4m\u00e4 voidaan saavuttaa Sahaja Yogan meditaatioharjoitusten avulla.<\/p>\n\t<div class=\"su-quote su-quote-style-default\"><div class=\"su-quote-inner su-u-clearfix su-u-trim\">Jos haluatte hoitaa puuta ja alatte laittaa l\u00e4\u00e4kett\u00e4 sen lehtiin, puu ei koskaan parane. Teid\u00e4n on ment\u00e4v\u00e4 juurille.<\/div><\/div>\n\t<hr \/>\n<h3>1. ^ Dr Ramesh Manocha, Dr Semmar B. Black, A Pilot Study of a Mental Silence Form of Meditation for Women in Perimenopause.\u00a0 Journal of Clinical Psychology in Medical Settings. 2007\u00a0 Sep ; 14(3):266-273; e-book: <a href=\"https:\/\/www.beyondthemind.com\" target=\"_blank\" rel=\"noopener\" data-cp-link=\"1\">&#8216;Silence Your Mind&#8217;<\/a> published by Hachette Australia 2013.<br \/>\n2. <a href=\"#citation-ref-1-4\" data-cp-link=\"1\">^<\/a> Dr Ramesh Manocha, Black D, Sarris J, Stough C. A randomized, controlled trial of meditation for work stress, anxiety and depressed mood in full-time workers. Evid Based Complement Alternat Med. 2011;2011:960583. Epub 2011 Jun 7.<br \/>\n3. <a href=\"#citation-ref-1-4\" data-cp-link=\"1\">^<\/a> Dr Linda J.Harrison, Dr Ramesh Manocha, Dr Katya Rubia, &#8216;Sahaja Yoga Meditation as a Family Treatment Program for Children with Attention Deficit-Hyperactivity Disorder&#8217;, Clinical Child Psychology and Psychiatry 9 (4) (2004).<br \/>\n4. <a href=\"#citation-ref-1-4\" data-cp-link=\"1\">^<\/a>Dr Ramesh Manocha, Marks GB, Kenchington P, Peters D, et al. Sahaja yoga in the management of moderate to severe asthma: a randomised controlled trial. Thorax. 2002 Feb; 57(2): 110-5.<br \/>\n5. <a href=\"#citation-ref-5\" data-cp-link=\"1\">^<\/a> Sheng-Chia Chung PhD, Maria M. Brooks PhD, Madhur Rai MD, Judith L. Balk MD MPH, Sandeep Rai MD: &#8216;Effect of Sahaja Yoga Meditation on Quality of Life, Anxiety, and Blood Pressure Control&#8217; (THE JOURNAL OF ALTERNATIVE AND COMPLEMENTARY MEDICINE Volume 18, Number 6, 2012)<\/h3>\n\n","protected":false},"excerpt":{"rendered":"<p>Kokonaisvaltainen terveys Sis\u00e4isen parantumisen hienojakoinen tiede Vaikka valtavirtainen l\u00e4\u00e4ketiede on monin tavoin hy\u00f6dyllist\u00e4, se ep\u00e4onnistuu usein psykosomaattisten ja psykiatristen h\u00e4iri\u00f6iden perusteellisessa ja pitk\u00e4aikaisessa hoidossa, koska se keskittyy oireisiin eik\u00e4 syihin ja koska se k\u00e4sittelee niit\u00e4 erikseen eik\u00e4 koko elimist\u00f6n kokonaisuutena. Shri Mataji opiskeli l\u00e4\u00e4ketiedett\u00e4 useita vuosia, kunnes Intian jakautumisen j\u00e4lkeiset poliittiset tapahtumat pakottivat H\u00e4net keskeytt\u00e4m\u00e4\u00e4n&hellip; <br \/> <a class=\"read-more\" href=\"https:\/\/shrimataji.org\/test\/fi\/kokonaisvaltainen-terveys\/\">Read more<\/a><\/p>\n","protected":false},"author":29,"featured_media":144,"parent":0,"menu_order":0,"comment_status":"closed","ping_status":"closed","template":"pro\/page-templates\/full-width-page.php","meta":{"inline_featured_image":false,"footnotes":""},"class_list":["post-12585","page","type-page","status-publish","has-post-thumbnail","hentry"],"yoast_head":"<!-- This site is optimized with the Yoast SEO plugin v27.4 - https:\/\/yoast.com\/product\/yoast-seo-wordpress\/ -->\n<title>Kokonaisvaltainen terveys - TEST - SMND<\/title>\n<meta name=\"robots\" content=\"noindex, follow, max-snippet:-1, max-image-preview:large, max-video-preview:-1\" \/>\n<meta property=\"og:locale\" content=\"en_US\" \/>\n<meta property=\"og:type\" content=\"article\" \/>\n<meta property=\"og:title\" content=\"Kokonaisvaltainen terveys - TEST - SMND\" \/>\n<meta property=\"og:description\" content=\"Kokonaisvaltainen terveys Sis\u00e4isen parantumisen hienojakoinen tiede Vaikka valtavirtainen l\u00e4\u00e4ketiede on monin tavoin hy\u00f6dyllist\u00e4, se ep\u00e4onnistuu usein psykosomaattisten ja psykiatristen h\u00e4iri\u00f6iden perusteellisessa ja pitk\u00e4aikaisessa hoidossa, koska se keskittyy oireisiin eik\u00e4 syihin ja koska se k\u00e4sittelee niit\u00e4 erikseen eik\u00e4 koko elimist\u00f6n kokonaisuutena. Shri Mataji opiskeli l\u00e4\u00e4ketiedett\u00e4 useita vuosia, kunnes Intian jakautumisen j\u00e4lkeiset poliittiset tapahtumat pakottivat H\u00e4net keskeytt\u00e4m\u00e4\u00e4n&hellip; Read more\" \/>\n<meta property=\"og:url\" content=\"https:\/\/shrimataji.org\/test\/fi\/kokonaisvaltainen-terveys\/\" \/>\n<meta property=\"og:site_name\" content=\"TEST - SMND\" \/>\n<meta property=\"article:publisher\" content=\"https:\/\/www.facebook.com\/shrimataji\" \/>\n<meta property=\"article:modified_time\" content=\"2025-07-09T19:55:12+00:00\" \/>\n<meta property=\"og:image\" content=\"https:\/\/shrimataji.org\/test\/wp-content\/uploads\/2018\/07\/media_originals\/images\/headers-general\/holistic-health-foot-soaking-in-the-ocean.jpg\" \/>\n\t<meta property=\"og:image:width\" content=\"990\" \/>\n\t<meta property=\"og:image:height\" content=\"350\" \/>\n\t<meta property=\"og:image:type\" content=\"image\/jpeg\" \/>\n<meta name=\"twitter:card\" content=\"summary_large_image\" \/>\n<meta name=\"twitter:site\" content=\"@shrimataji\" \/>\n<script type=\"application\/ld+json\" class=\"yoast-schema-graph\">{\"@context\":\"https:\\\/\\\/schema.org\",\"@graph\":[{\"@type\":\"WebPage\",\"@id\":\"https:\\\/\\\/shrimataji.org\\\/test\\\/fi\\\/kokonaisvaltainen-terveys\\\/\",\"url\":\"https:\\\/\\\/shrimataji.org\\\/test\\\/fi\\\/kokonaisvaltainen-terveys\\\/\",\"name\":\"Kokonaisvaltainen terveys - TEST - SMND\",\"isPartOf\":{\"@id\":\"https:\\\/\\\/shrimataji.org\\\/test\\\/#website\"},\"primaryImageOfPage\":{\"@id\":\"https:\\\/\\\/shrimataji.org\\\/test\\\/fi\\\/kokonaisvaltainen-terveys\\\/#primaryimage\"},\"image\":{\"@id\":\"https:\\\/\\\/shrimataji.org\\\/test\\\/fi\\\/kokonaisvaltainen-terveys\\\/#primaryimage\"},\"thumbnailUrl\":\"https:\\\/\\\/shrimataji.org\\\/test\\\/wp-content\\\/uploads\\\/2018\\\/07\\\/media_originals\\\/images\\\/headers-general\\\/holistic-health-foot-soaking-in-the-ocean.jpg\",\"datePublished\":\"2018-07-10T06:54:42+00:00\",\"dateModified\":\"2025-07-09T19:55:12+00:00\",\"breadcrumb\":{\"@id\":\"https:\\\/\\\/shrimataji.org\\\/test\\\/fi\\\/kokonaisvaltainen-terveys\\\/#breadcrumb\"},\"inLanguage\":\"en-US\",\"potentialAction\":[{\"@type\":\"ReadAction\",\"target\":[\"https:\\\/\\\/shrimataji.org\\\/test\\\/fi\\\/kokonaisvaltainen-terveys\\\/\"]}]},{\"@type\":\"ImageObject\",\"inLanguage\":\"en-US\",\"@id\":\"https:\\\/\\\/shrimataji.org\\\/test\\\/fi\\\/kokonaisvaltainen-terveys\\\/#primaryimage\",\"url\":\"https:\\\/\\\/shrimataji.org\\\/test\\\/wp-content\\\/uploads\\\/2018\\\/07\\\/media_originals\\\/images\\\/headers-general\\\/holistic-health-foot-soaking-in-the-ocean.jpg\",\"contentUrl\":\"https:\\\/\\\/shrimataji.org\\\/test\\\/wp-content\\\/uploads\\\/2018\\\/07\\\/media_originals\\\/images\\\/headers-general\\\/holistic-health-foot-soaking-in-the-ocean.jpg\",\"width\":990,\"height\":350},{\"@type\":\"BreadcrumbList\",\"@id\":\"https:\\\/\\\/shrimataji.org\\\/test\\\/fi\\\/kokonaisvaltainen-terveys\\\/#breadcrumb\",\"itemListElement\":[{\"@type\":\"ListItem\",\"position\":1,\"name\":\"Home\",\"item\":\"https:\\\/\\\/shrimataji.org\\\/test\\\/uk\\\/home-en\\\/\"},{\"@type\":\"ListItem\",\"position\":2,\"name\":\"Kokonaisvaltainen terveys\"}]},{\"@type\":\"WebSite\",\"@id\":\"https:\\\/\\\/shrimataji.org\\\/test\\\/#website\",\"url\":\"https:\\\/\\\/shrimataji.org\\\/test\\\/\",\"name\":\"Shri Mataji Nirmala Devi\",\"description\":\"A Life Dedicated to Humanity\",\"publisher\":{\"@id\":\"https:\\\/\\\/shrimataji.org\\\/test\\\/#\\\/schema\\\/person\\\/a1b3419c6585f164aa96da1ff85715d1\"},\"potentialAction\":[{\"@type\":\"SearchAction\",\"target\":{\"@type\":\"EntryPoint\",\"urlTemplate\":\"https:\\\/\\\/shrimataji.org\\\/test\\\/?s={search_term_string}\"},\"query-input\":{\"@type\":\"PropertyValueSpecification\",\"valueRequired\":true,\"valueName\":\"search_term_string\"}}],\"inLanguage\":\"en-US\"},{\"@type\":[\"Person\",\"Organization\"],\"@id\":\"https:\\\/\\\/shrimataji.org\\\/test\\\/#\\\/schema\\\/person\\\/a1b3419c6585f164aa96da1ff85715d1\",\"name\":\"Nirmala Shrivastava\",\"image\":{\"@type\":\"ImageObject\",\"inLanguage\":\"en-US\",\"@id\":\"https:\\\/\\\/shrimataji.org\\\/test\\\/wp-content\\\/uploads\\\/2023\\\/02\\\/SMO_LOGO-03.svg\",\"url\":\"https:\\\/\\\/shrimataji.org\\\/test\\\/wp-content\\\/uploads\\\/2023\\\/02\\\/SMO_LOGO-03.svg\",\"contentUrl\":\"https:\\\/\\\/shrimataji.org\\\/test\\\/wp-content\\\/uploads\\\/2023\\\/02\\\/SMO_LOGO-03.svg\",\"width\":\"1024\",\"height\":\"1024\",\"caption\":\"Nirmala Shrivastava\"},\"logo\":{\"@id\":\"https:\\\/\\\/shrimataji.org\\\/test\\\/wp-content\\\/uploads\\\/2023\\\/02\\\/SMO_LOGO-03.svg\"},\"sameAs\":[\"https:\\\/\\\/shrimataji.org\\\/test\",\"https:\\\/\\\/www.facebook.com\\\/shrimataji\",\"https:\\\/\\\/x.com\\\/shrimataji\",\"https:\\\/\\\/www.youtube.com\\\/@Shri_Mataji_Nirmala_Devi\\\/featured\"]}]}<\/script>\n<!-- \/ Yoast SEO plugin. -->","yoast_head_json":{"title":"Kokonaisvaltainen terveys - TEST - SMND","robots":{"index":"noindex","follow":"follow","max-snippet":"max-snippet:-1","max-image-preview":"max-image-preview:large","max-video-preview":"max-video-preview:-1"},"og_locale":"en_US","og_type":"article","og_title":"Kokonaisvaltainen terveys - TEST - SMND","og_description":"Kokonaisvaltainen terveys Sis\u00e4isen parantumisen hienojakoinen tiede Vaikka valtavirtainen l\u00e4\u00e4ketiede on monin tavoin hy\u00f6dyllist\u00e4, se ep\u00e4onnistuu usein psykosomaattisten ja psykiatristen h\u00e4iri\u00f6iden perusteellisessa ja pitk\u00e4aikaisessa hoidossa, koska se keskittyy oireisiin eik\u00e4 syihin ja koska se k\u00e4sittelee niit\u00e4 erikseen eik\u00e4 koko elimist\u00f6n kokonaisuutena. Shri Mataji opiskeli l\u00e4\u00e4ketiedett\u00e4 useita vuosia, kunnes Intian jakautumisen j\u00e4lkeiset poliittiset tapahtumat pakottivat H\u00e4net keskeytt\u00e4m\u00e4\u00e4n&hellip; Read more","og_url":"https:\/\/shrimataji.org\/test\/fi\/kokonaisvaltainen-terveys\/","og_site_name":"TEST - SMND","article_publisher":"https:\/\/www.facebook.com\/shrimataji","article_modified_time":"2025-07-09T19:55:12+00:00","og_image":[{"width":990,"height":350,"url":"https:\/\/shrimataji.org\/test\/wp-content\/uploads\/2018\/07\/media_originals\/images\/headers-general\/holistic-health-foot-soaking-in-the-ocean.jpg","type":"image\/jpeg"}],"twitter_card":"summary_large_image","twitter_site":"@shrimataji","schema":{"@context":"https:\/\/schema.org","@graph":[{"@type":"WebPage","@id":"https:\/\/shrimataji.org\/test\/fi\/kokonaisvaltainen-terveys\/","url":"https:\/\/shrimataji.org\/test\/fi\/kokonaisvaltainen-terveys\/","name":"Kokonaisvaltainen terveys - TEST - SMND","isPartOf":{"@id":"https:\/\/shrimataji.org\/test\/#website"},"primaryImageOfPage":{"@id":"https:\/\/shrimataji.org\/test\/fi\/kokonaisvaltainen-terveys\/#primaryimage"},"image":{"@id":"https:\/\/shrimataji.org\/test\/fi\/kokonaisvaltainen-terveys\/#primaryimage"},"thumbnailUrl":"https:\/\/shrimataji.org\/test\/wp-content\/uploads\/2018\/07\/media_originals\/images\/headers-general\/holistic-health-foot-soaking-in-the-ocean.jpg","datePublished":"2018-07-10T06:54:42+00:00","dateModified":"2025-07-09T19:55:12+00:00","breadcrumb":{"@id":"https:\/\/shrimataji.org\/test\/fi\/kokonaisvaltainen-terveys\/#breadcrumb"},"inLanguage":"en-US","potentialAction":[{"@type":"ReadAction","target":["https:\/\/shrimataji.org\/test\/fi\/kokonaisvaltainen-terveys\/"]}]},{"@type":"ImageObject","inLanguage":"en-US","@id":"https:\/\/shrimataji.org\/test\/fi\/kokonaisvaltainen-terveys\/#primaryimage","url":"https:\/\/shrimataji.org\/test\/wp-content\/uploads\/2018\/07\/media_originals\/images\/headers-general\/holistic-health-foot-soaking-in-the-ocean.jpg","contentUrl":"https:\/\/shrimataji.org\/test\/wp-content\/uploads\/2018\/07\/media_originals\/images\/headers-general\/holistic-health-foot-soaking-in-the-ocean.jpg","width":990,"height":350},{"@type":"BreadcrumbList","@id":"https:\/\/shrimataji.org\/test\/fi\/kokonaisvaltainen-terveys\/#breadcrumb","itemListElement":[{"@type":"ListItem","position":1,"name":"Home","item":"https:\/\/shrimataji.org\/test\/uk\/home-en\/"},{"@type":"ListItem","position":2,"name":"Kokonaisvaltainen terveys"}]},{"@type":"WebSite","@id":"https:\/\/shrimataji.org\/test\/#website","url":"https:\/\/shrimataji.org\/test\/","name":"Shri Mataji Nirmala Devi","description":"A Life Dedicated to Humanity","publisher":{"@id":"https:\/\/shrimataji.org\/test\/#\/schema\/person\/a1b3419c6585f164aa96da1ff85715d1"},"potentialAction":[{"@type":"SearchAction","target":{"@type":"EntryPoint","urlTemplate":"https:\/\/shrimataji.org\/test\/?s={search_term_string}"},"query-input":{"@type":"PropertyValueSpecification","valueRequired":true,"valueName":"search_term_string"}}],"inLanguage":"en-US"},{"@type":["Person","Organization"],"@id":"https:\/\/shrimataji.org\/test\/#\/schema\/person\/a1b3419c6585f164aa96da1ff85715d1","name":"Nirmala Shrivastava","image":{"@type":"ImageObject","inLanguage":"en-US","@id":"https:\/\/shrimataji.org\/test\/wp-content\/uploads\/2023\/02\/SMO_LOGO-03.svg","url":"https:\/\/shrimataji.org\/test\/wp-content\/uploads\/2023\/02\/SMO_LOGO-03.svg","contentUrl":"https:\/\/shrimataji.org\/test\/wp-content\/uploads\/2023\/02\/SMO_LOGO-03.svg","width":"1024","height":"1024","caption":"Nirmala Shrivastava"},"logo":{"@id":"https:\/\/shrimataji.org\/test\/wp-content\/uploads\/2023\/02\/SMO_LOGO-03.svg"},"sameAs":["https:\/\/shrimataji.org\/test","https:\/\/www.facebook.com\/shrimataji","https:\/\/x.com\/shrimataji","https:\/\/www.youtube.com\/@Shri_Mataji_Nirmala_Devi\/featured"]}]}},"lang":"fi","translations":{"fi":12585,"ur":37436,"en":403,"am":18008,"th":19955,"hu":19485,"sq":18409,"zh":17306,"hi":8491,"tr":10165,"pt":10377,"de":10651,"fr":10749,"it":10847,"es":10944,"ja":11241,"ru":11429,"bn":11621,"te":11729,"sw":11852,"he":12000,"el":12291,"sk":12389,"fa":12487,"bg":13478,"ro":14550,"cs":14743,"nl":16569,"ku":16729,"ar":16905,"be":18616,"kn":18890,"mr":20319,"uk":20611,"ml":20908,"ta":22724,"sv":22997,"gu":28843,"pa":29001,"fil":29443,"da":37748,"pl":37963,"nn":38300},"pll_sync_post":[],"_links":{"self":[{"href":"https:\/\/shrimataji.org\/test\/wp-json\/wp\/v2\/pages\/12585","targetHints":{"allow":["GET"]}}],"collection":[{"href":"https:\/\/shrimataji.org\/test\/wp-json\/wp\/v2\/pages"}],"about":[{"href":"https:\/\/shrimataji.org\/test\/wp-json\/wp\/v2\/types\/page"}],"author":[{"embeddable":true,"href":"https:\/\/shrimataji.org\/test\/wp-json\/wp\/v2\/users\/29"}],"replies":[{"embeddable":true,"href":"https:\/\/shrimataji.org\/test\/wp-json\/wp\/v2\/comments?post=12585"}],"version-history":[{"count":0,"href":"https:\/\/shrimataji.org\/test\/wp-json\/wp\/v2\/pages\/12585\/revisions"}],"wp:featuredmedia":[{"embeddable":true,"href":"https:\/\/shrimataji.org\/test\/wp-json\/wp\/v2\/media\/144"}],"wp:attachment":[{"href":"https:\/\/shrimataji.org\/test\/wp-json\/wp\/v2\/media?parent=12585"}],"curies":[{"name":"wp","href":"https:\/\/api.w.org\/{rel}","templated":true}]}}