{"id":12588,"date":"2018-07-10T06:54:50","date_gmt":"2018-07-10T06:54:50","guid":{"rendered":"http:\/\/testwordpress.nirmalnagari.org\/smnd\/index.php\/house-and-home\/"},"modified":"2025-06-29T19:14:04","modified_gmt":"2025-06-29T19:14:04","slug":"talo-ja-koti","status":"publish","type":"page","link":"https:\/\/shrimataji.org\/test\/fi\/talo-ja-koti\/","title":{"rendered":"Talo ja koti"},"content":{"rendered":"\n\n\t<h1>Talo ja koti<\/h1>\n<h2>Jossa koko maailma on perhe<\/h2>\n\t\t\t\t<img decoding=\"async\" src=\"https:\/\/shrimataji.org\/test\/wp-content\/uploads\/2018\/07\/media_originals\/images\/shri-mataji-with-people\/shri-mataji-in-england.jpg\" alt=\"Shri Mataji muusikoiden kanssa Englannissa\" itemprop=\"image\" height=\"1044\" width=\"1500\" title=\"shri-mataji-in-england\" onerror=\"this.style.display='none'\" loading='lazy' \/>\n\t\tShri Mataji muusikoiden kanssa Englannissa\n\t<p>Shri Matajin nuorempi veli Hemant Prasad Rao (&#8220;H.P.&#8221;) Salve asui usein H\u00e4nen luonaan, kun h\u00e4n valmistautui laskentatoimen tutkintoonsa. H.P. Salve muisteli, kuinka paljon h\u00e4nen sisarensa huolehti ja huomioi h\u00e4nt\u00e4 tuohon aikaan ja jopa valvoi my\u00f6h\u00e4\u00e4n valmistaakseen h\u00e4nelle tavanomaisen keskiy\u00f6n teekupposen. H\u00e4n nukutti ensin tytt\u00e4rens\u00e4, ja sitten &#8230; hierottuaan p\u00e4\u00e4t\u00e4ni noin tunnin ajan, H\u00e4n meni valmistamaan kupin kuumaa teet\u00e4 ja tarjosi sen minulle.&#8221;<a href=\"#citation-note-1\" target=\"_blank\" rel=\"noopener\">[1]<\/a><\/p>\n<p>Tenttien j\u00e4lkeen Shri Mataji vei veljens\u00e4 arvostettujen muusikoiden konsertteihin. Shri Mataji oli varhain Sur Singar Samsadin varapuheenjohtaja, musiikkiesityksi\u00e4 edist\u00e4v\u00e4n kulttuurij\u00e4rjest\u00f6n (l\u00f6ytyv\u00e4t nyky\u00e4\u00e4n Facebookista), sek\u00e4 Bombayn musiikkikerhon j\u00e4sen, ja H\u00e4net kutsuttiin usein erilaisiin konsertteihin. Salve muisteli, ett\u00e4 h\u00e4nell\u00e4 oli valtava etuoikeus kuunnella Bismillah Khanin, Amir Khanin, Bhinsen Joshin, Shivkumar Sharman ja Vilayat Khanin kaltaisia suuria taiteilijoita. Vuosia my\u00f6hemmin monet tunnetut muusikot soittivat Shri Matajille henkil\u00f6kohtaisesti, kuten Amjad Ali Khan, Hariprasad Chaurasia ja Debu Chaudhari.<\/p>\n\t\t\t\t<img decoding=\"async\" src=\"https:\/\/shrimataji.org\/test\/wp-content\/uploads\/2018\/07\/media_originals\/images\/shri-mataji-and-family\/shri-mataji-with-her-brother-hp-salve-babamama.jpg\" alt=\"Shri Mataji yhdess\u00e4 Babamaman, H.P. Salven kanssa\" itemprop=\"image\" height=\"422\" width=\"640\" title=\"shri-mataji-with-her-brother-hp-salve-babamama\" onerror=\"this.style.display='none'\" loading='lazy' \/>\n\t\tShri Mataji yhdess\u00e4 Babamaman, H.P. Salven kanssa\n\t<p>Vuonna 1961 Shri Mataji perusti &#8220;Youth Society for Films&#8221; -elokuvayhdistyksen edist\u00e4\u00e4kseen nuorten kansallisia, sosiaalisia ja moraalisia arvoja. H\u00e4n oli my\u00f6s Mumbain elokuvasensuurilautakunnan j\u00e4sen.<\/p>\n\t\t\t\t<img decoding=\"async\" src=\"https:\/\/shrimataji.org\/test\/wp-content\/uploads\/2018\/07\/media_originals\/images\/shri-mataji-ceremonies-awards\/shri-mataji-attending-the-film-fare-award-ceremony-in-bombay.jpg\" alt=\"Shri Mataji osallistuu FilmFare-palkintotilaisuuteen Mumbaissa 1970-luvulla.\" itemprop=\"image\" height=\"446\" width=\"663\" title=\"shri-mataji-attending-the-film-fare-award-ceremony-in-bombay\" onerror=\"this.style.display='none'\" loading='lazy' \/>\n\t\tShri Mataji osallistuu FilmFare-palkintotilaisuuteen Mumbaissa 1970-luvulla.\n\t\t\t\t<img decoding=\"async\" src=\"https:\/\/shrimataji.org\/test\/wp-content\/uploads\/2018\/07\/media_originals\/images\/shri-mataji-with-people\/shri-mataji-nirmala-devi-with-indian-film-board-members-in-mumbai.jpg\" alt=\"Shri Mataji ja elokuvapalkintolautakunnan j\u00e4senet Mumbaissa\" itemprop=\"image\" height=\"512\" width=\"648\" title=\"shri-mataji-nirmala-devi-with-indian-film-board-members-in-mumbai\" onerror=\"this.style.display='none'\" loading='lazy' \/>\n\t\tShri Mataji ja elokuvapalkintolautakunnan j\u00e4senet Mumbaissa\n\t<p>&#8220;&#8230; Shri Mataji oli alkanut rakentaa taloa Lucknowiin&#8221;, H.P. Salve muisteli. Kun H\u00e4n matkusti Jabalpuriin ostamaan marmoria irtotavarana, h\u00e4n tuli usein H\u00e4nen mukaansa ja huomasi siskonsa k\u00e4yt\u00e4nn\u00f6llisen kyvyn hankkia korkealaatuisia, esteettisesti miellytt\u00e4vi\u00e4 materiaaleja niiden valmistuspaikoilta ja erinomaiseen hintaan. T\u00e4m\u00e4 taito s\u00e4ilyi hy\u00f6dyllisen\u00e4 l\u00e4pi vuosien, sill\u00e4 Shri Mataji valvoi monien eri talojen rakentamista ja kunnostamista. R\u00e4nsistyneiden kiinteist\u00f6jen hankkimisesta ja korjaamisesta tuli Shri Matajin my\u00f6hemm\u00e4lle el\u00e4m\u00e4lle ominainen piirre, samoin kuin H\u00e4nen kyvyst\u00e4\u00e4n toivottaa kovia kokeneet ihmiset tervetulleiksi kotiinsa ja auttaa heit\u00e4 palaamaan tasapainoon ja terveeseen el\u00e4m\u00e4\u00e4n.<\/p>\n\t\t\t\t<img decoding=\"async\" src=\"https:\/\/shrimataji.org\/test\/wp-content\/uploads\/2023\/03\/Prasthisthan_Outside.webp\" alt=\"Shri Matajin talo Prathisthanissa, Punessa\" itemprop=\"image\" height=\"1333\" width=\"2000\" title=\"Prasthisthan_Outside\" onerror=\"this.style.display='none'\" loading='lazy' \/>\n\t\tShri Matajin talo Prathisthanissa, Punessa\n\t\t\t\t<img decoding=\"async\" src=\"https:\/\/shrimataji.org\/test\/wp-content\/uploads\/2023\/03\/Prasthisthan_Inside1.jpg\" alt=\"Shri Matajin talo Prathisthanissa, Punessa\" itemprop=\"image\" height=\"800\" width=\"1200\" title=\"Prasthisthan_Inside1\" onerror=\"this.style.display='none'\" loading='lazy' \/>\n\t\tShri Matajin talo Prathisthanissa, Punessa\n\t<p>H.P. Salve kirjoitti muistelmissaan: &#8220;Kun olimme tilanneet marmorin, menimme tapaamaan er\u00e4st\u00e4 serkkuamme. H\u00e4nen tytt\u00e4rens\u00e4 osoittautui olevan paikallisen Robertson Collegen professorin oppilas, joka piti hengellisi\u00e4 puheita. Koska serkkuni tiesi Shri Matajin taipumuksen henkisyyteen, h\u00e4n j\u00e4rjesti tapaamisen Shri Matajin ja professorin v\u00e4lille. N\u00e4hdess\u00e4\u00e4n Nirmalan h\u00e4n juoksi k\u00e4det kohotettuna H\u00e4nt\u00e4 kohti ja huudahti: &#8216;Voi \u00c4iti, &#8230; olen odottanut tapaamistanne niin kauan! Ja t\u00e4n\u00e4\u00e4n unelmani on toteutunut.&#8217; N\u00e4in sanoen h\u00e4n laskeutui maahan Shri Matajin jalkojen juureen. Olin henkil\u00f6kohtaisesti todistamassa kaikkea t\u00e4t\u00e4, samoin serkkuni ja h\u00e4nen tytt\u00e4rens\u00e4.&#8221;<\/p>\n<p>T\u00e4m\u00e4 tapahtui vuonna 1961, eik\u00e4 Nirmala viel\u00e4 ollut aloittanut henkist\u00e4 ty\u00f6t\u00e4\u00e4n. Rakastavana ja omistautuneena vaimona ja \u00e4itin\u00e4 H\u00e4n odotti, kunnes H\u00e4nen kaksi tyt\u00e4rt\u00e4\u00e4n olivat aikuisia ja naimisissa.<\/p>\n\t<h5>&#8220;Jotta saisimme maailman kuntoon, meid\u00e4n on ensin saatava kansakunta kuntoon; jotta saisimme kansakunnan kuntoon, meid\u00e4n on saatava perhe kuntoon; jotta saisimme perheen kuntoon, meid\u00e4n on vaalittava henkil\u00f6kohtaista el\u00e4m\u00e4\u00e4mme; ja jotta voisimme vaalia henkil\u00f6kohtaista el\u00e4m\u00e4\u00e4mme, meid\u00e4n on ensin saatava syd\u00e4memme kuntoon.&#8221;<\/h5>\n<h5>Konfutse<\/h5>\n\t<hr \/>\n<h3>1. <a href=\"#citation-ref-1\">^<\/a>\u00a0 H. P. Salve, &#8216;My Memoirs&#8217; New Delhi: Life Eternal Trust, 2000.<\/h3>\n\n","protected":false},"excerpt":{"rendered":"<p>Talo ja koti Jossa koko maailma on perhe Shri Mataji muusikoiden kanssa Englannissa Shri Matajin nuorempi veli Hemant Prasad Rao (&#8220;H.P.&#8221;) Salve asui usein H\u00e4nen luonaan, kun h\u00e4n valmistautui laskentatoimen tutkintoonsa. H.P. Salve muisteli, kuinka paljon h\u00e4nen sisarensa huolehti ja huomioi h\u00e4nt\u00e4 tuohon aikaan ja jopa valvoi my\u00f6h\u00e4\u00e4n valmistaakseen h\u00e4nelle tavanomaisen keskiy\u00f6n teekupposen. H\u00e4n nukutti&hellip; <br \/> <a class=\"read-more\" href=\"https:\/\/shrimataji.org\/test\/fi\/talo-ja-koti\/\">Read more<\/a><\/p>\n","protected":false},"author":29,"featured_media":9509,"parent":0,"menu_order":0,"comment_status":"closed","ping_status":"closed","template":"","meta":{"inline_featured_image":false,"footnotes":""},"class_list":["post-12588","page","type-page","status-publish","has-post-thumbnail","hentry"],"yoast_head":"<!-- This site is optimized with the Yoast SEO plugin v27.4 - https:\/\/yoast.com\/product\/yoast-seo-wordpress\/ -->\n<title>Talo ja koti - TEST - SMND<\/title>\n<meta name=\"robots\" content=\"noindex, follow, max-snippet:-1, max-image-preview:large, max-video-preview:-1\" \/>\n<meta property=\"og:locale\" content=\"en_US\" \/>\n<meta property=\"og:type\" content=\"article\" \/>\n<meta property=\"og:title\" content=\"Talo ja koti - TEST - SMND\" \/>\n<meta property=\"og:description\" content=\"Talo ja koti Jossa koko maailma on perhe Shri Mataji muusikoiden kanssa Englannissa Shri Matajin nuorempi veli Hemant Prasad Rao (&#8220;H.P.&#8221;) Salve asui usein H\u00e4nen luonaan, kun h\u00e4n valmistautui laskentatoimen tutkintoonsa. H.P. Salve muisteli, kuinka paljon h\u00e4nen sisarensa huolehti ja huomioi h\u00e4nt\u00e4 tuohon aikaan ja jopa valvoi my\u00f6h\u00e4\u00e4n valmistaakseen h\u00e4nelle tavanomaisen keskiy\u00f6n teekupposen. H\u00e4n nukutti&hellip; Read more\" \/>\n<meta property=\"og:url\" content=\"https:\/\/shrimataji.org\/test\/fi\/talo-ja-koti\/\" \/>\n<meta property=\"og:site_name\" content=\"TEST - SMND\" \/>\n<meta property=\"article:publisher\" content=\"https:\/\/www.facebook.com\/shrimataji\" \/>\n<meta property=\"article:modified_time\" content=\"2025-06-29T19:14:04+00:00\" \/>\n<meta property=\"og:image\" content=\"https:\/\/shrimataji.org\/test\/wp-content\/uploads\/2023\/03\/3_Banner_EarlyLife-House-scaled.jpg\" \/>\n\t<meta property=\"og:image:width\" content=\"2560\" \/>\n\t<meta property=\"og:image:height\" content=\"905\" \/>\n\t<meta property=\"og:image:type\" content=\"image\/jpeg\" \/>\n<meta name=\"twitter:card\" content=\"summary_large_image\" \/>\n<meta name=\"twitter:site\" content=\"@shrimataji\" \/>\n<meta name=\"twitter:label1\" content=\"Est. reading time\" \/>\n\t<meta name=\"twitter:data1\" content=\"4 minutes\" \/>\n<script type=\"application\/ld+json\" class=\"yoast-schema-graph\">{\"@context\":\"https:\\\/\\\/schema.org\",\"@graph\":[{\"@type\":\"WebPage\",\"@id\":\"https:\\\/\\\/shrimataji.org\\\/test\\\/fi\\\/talo-ja-koti\\\/\",\"url\":\"https:\\\/\\\/shrimataji.org\\\/test\\\/fi\\\/talo-ja-koti\\\/\",\"name\":\"Talo ja koti - TEST - SMND\",\"isPartOf\":{\"@id\":\"https:\\\/\\\/shrimataji.org\\\/test\\\/#website\"},\"primaryImageOfPage\":{\"@id\":\"https:\\\/\\\/shrimataji.org\\\/test\\\/fi\\\/talo-ja-koti\\\/#primaryimage\"},\"image\":{\"@id\":\"https:\\\/\\\/shrimataji.org\\\/test\\\/fi\\\/talo-ja-koti\\\/#primaryimage\"},\"thumbnailUrl\":\"https:\\\/\\\/shrimataji.org\\\/test\\\/wp-content\\\/uploads\\\/2023\\\/03\\\/3_Banner_EarlyLife-House-scaled.jpg\",\"datePublished\":\"2018-07-10T06:54:50+00:00\",\"dateModified\":\"2025-06-29T19:14:04+00:00\",\"breadcrumb\":{\"@id\":\"https:\\\/\\\/shrimataji.org\\\/test\\\/fi\\\/talo-ja-koti\\\/#breadcrumb\"},\"inLanguage\":\"en-US\",\"potentialAction\":[{\"@type\":\"ReadAction\",\"target\":[\"https:\\\/\\\/shrimataji.org\\\/test\\\/fi\\\/talo-ja-koti\\\/\"]}]},{\"@type\":\"ImageObject\",\"inLanguage\":\"en-US\",\"@id\":\"https:\\\/\\\/shrimataji.org\\\/test\\\/fi\\\/talo-ja-koti\\\/#primaryimage\",\"url\":\"https:\\\/\\\/shrimataji.org\\\/test\\\/wp-content\\\/uploads\\\/2023\\\/03\\\/3_Banner_EarlyLife-House-scaled.jpg\",\"contentUrl\":\"https:\\\/\\\/shrimataji.org\\\/test\\\/wp-content\\\/uploads\\\/2023\\\/03\\\/3_Banner_EarlyLife-House-scaled.jpg\",\"width\":2560,\"height\":905},{\"@type\":\"BreadcrumbList\",\"@id\":\"https:\\\/\\\/shrimataji.org\\\/test\\\/fi\\\/talo-ja-koti\\\/#breadcrumb\",\"itemListElement\":[{\"@type\":\"ListItem\",\"position\":1,\"name\":\"Home\",\"item\":\"https:\\\/\\\/shrimataji.org\\\/test\\\/uk\\\/home-en\\\/\"},{\"@type\":\"ListItem\",\"position\":2,\"name\":\"Talo ja koti\"}]},{\"@type\":\"WebSite\",\"@id\":\"https:\\\/\\\/shrimataji.org\\\/test\\\/#website\",\"url\":\"https:\\\/\\\/shrimataji.org\\\/test\\\/\",\"name\":\"Shri Mataji Nirmala Devi\",\"description\":\"A Life Dedicated to Humanity\",\"publisher\":{\"@id\":\"https:\\\/\\\/shrimataji.org\\\/test\\\/#\\\/schema\\\/person\\\/a1b3419c6585f164aa96da1ff85715d1\"},\"potentialAction\":[{\"@type\":\"SearchAction\",\"target\":{\"@type\":\"EntryPoint\",\"urlTemplate\":\"https:\\\/\\\/shrimataji.org\\\/test\\\/?s={search_term_string}\"},\"query-input\":{\"@type\":\"PropertyValueSpecification\",\"valueRequired\":true,\"valueName\":\"search_term_string\"}}],\"inLanguage\":\"en-US\"},{\"@type\":[\"Person\",\"Organization\"],\"@id\":\"https:\\\/\\\/shrimataji.org\\\/test\\\/#\\\/schema\\\/person\\\/a1b3419c6585f164aa96da1ff85715d1\",\"name\":\"Nirmala Shrivastava\",\"image\":{\"@type\":\"ImageObject\",\"inLanguage\":\"en-US\",\"@id\":\"https:\\\/\\\/shrimataji.org\\\/test\\\/wp-content\\\/uploads\\\/2023\\\/02\\\/SMO_LOGO-03.svg\",\"url\":\"https:\\\/\\\/shrimataji.org\\\/test\\\/wp-content\\\/uploads\\\/2023\\\/02\\\/SMO_LOGO-03.svg\",\"contentUrl\":\"https:\\\/\\\/shrimataji.org\\\/test\\\/wp-content\\\/uploads\\\/2023\\\/02\\\/SMO_LOGO-03.svg\",\"width\":\"1024\",\"height\":\"1024\",\"caption\":\"Nirmala Shrivastava\"},\"logo\":{\"@id\":\"https:\\\/\\\/shrimataji.org\\\/test\\\/wp-content\\\/uploads\\\/2023\\\/02\\\/SMO_LOGO-03.svg\"},\"sameAs\":[\"https:\\\/\\\/shrimataji.org\\\/test\",\"https:\\\/\\\/www.facebook.com\\\/shrimataji\",\"https:\\\/\\\/x.com\\\/shrimataji\",\"https:\\\/\\\/www.youtube.com\\\/@Shri_Mataji_Nirmala_Devi\\\/featured\"]}]}<\/script>\n<!-- \/ Yoast SEO plugin. -->","yoast_head_json":{"title":"Talo ja koti - TEST - SMND","robots":{"index":"noindex","follow":"follow","max-snippet":"max-snippet:-1","max-image-preview":"max-image-preview:large","max-video-preview":"max-video-preview:-1"},"og_locale":"en_US","og_type":"article","og_title":"Talo ja koti - TEST - SMND","og_description":"Talo ja koti Jossa koko maailma on perhe Shri Mataji muusikoiden kanssa Englannissa Shri Matajin nuorempi veli Hemant Prasad Rao (&#8220;H.P.&#8221;) Salve asui usein H\u00e4nen luonaan, kun h\u00e4n valmistautui laskentatoimen tutkintoonsa. H.P. Salve muisteli, kuinka paljon h\u00e4nen sisarensa huolehti ja huomioi h\u00e4nt\u00e4 tuohon aikaan ja jopa valvoi my\u00f6h\u00e4\u00e4n valmistaakseen h\u00e4nelle tavanomaisen keskiy\u00f6n teekupposen. H\u00e4n nukutti&hellip; Read more","og_url":"https:\/\/shrimataji.org\/test\/fi\/talo-ja-koti\/","og_site_name":"TEST - SMND","article_publisher":"https:\/\/www.facebook.com\/shrimataji","article_modified_time":"2025-06-29T19:14:04+00:00","og_image":[{"width":2560,"height":905,"url":"https:\/\/shrimataji.org\/test\/wp-content\/uploads\/2023\/03\/3_Banner_EarlyLife-House-scaled.jpg","type":"image\/jpeg"}],"twitter_card":"summary_large_image","twitter_site":"@shrimataji","twitter_misc":{"Est. reading time":"4 minutes"},"schema":{"@context":"https:\/\/schema.org","@graph":[{"@type":"WebPage","@id":"https:\/\/shrimataji.org\/test\/fi\/talo-ja-koti\/","url":"https:\/\/shrimataji.org\/test\/fi\/talo-ja-koti\/","name":"Talo ja koti - TEST - SMND","isPartOf":{"@id":"https:\/\/shrimataji.org\/test\/#website"},"primaryImageOfPage":{"@id":"https:\/\/shrimataji.org\/test\/fi\/talo-ja-koti\/#primaryimage"},"image":{"@id":"https:\/\/shrimataji.org\/test\/fi\/talo-ja-koti\/#primaryimage"},"thumbnailUrl":"https:\/\/shrimataji.org\/test\/wp-content\/uploads\/2023\/03\/3_Banner_EarlyLife-House-scaled.jpg","datePublished":"2018-07-10T06:54:50+00:00","dateModified":"2025-06-29T19:14:04+00:00","breadcrumb":{"@id":"https:\/\/shrimataji.org\/test\/fi\/talo-ja-koti\/#breadcrumb"},"inLanguage":"en-US","potentialAction":[{"@type":"ReadAction","target":["https:\/\/shrimataji.org\/test\/fi\/talo-ja-koti\/"]}]},{"@type":"ImageObject","inLanguage":"en-US","@id":"https:\/\/shrimataji.org\/test\/fi\/talo-ja-koti\/#primaryimage","url":"https:\/\/shrimataji.org\/test\/wp-content\/uploads\/2023\/03\/3_Banner_EarlyLife-House-scaled.jpg","contentUrl":"https:\/\/shrimataji.org\/test\/wp-content\/uploads\/2023\/03\/3_Banner_EarlyLife-House-scaled.jpg","width":2560,"height":905},{"@type":"BreadcrumbList","@id":"https:\/\/shrimataji.org\/test\/fi\/talo-ja-koti\/#breadcrumb","itemListElement":[{"@type":"ListItem","position":1,"name":"Home","item":"https:\/\/shrimataji.org\/test\/uk\/home-en\/"},{"@type":"ListItem","position":2,"name":"Talo ja koti"}]},{"@type":"WebSite","@id":"https:\/\/shrimataji.org\/test\/#website","url":"https:\/\/shrimataji.org\/test\/","name":"Shri Mataji Nirmala Devi","description":"A Life Dedicated to Humanity","publisher":{"@id":"https:\/\/shrimataji.org\/test\/#\/schema\/person\/a1b3419c6585f164aa96da1ff85715d1"},"potentialAction":[{"@type":"SearchAction","target":{"@type":"EntryPoint","urlTemplate":"https:\/\/shrimataji.org\/test\/?s={search_term_string}"},"query-input":{"@type":"PropertyValueSpecification","valueRequired":true,"valueName":"search_term_string"}}],"inLanguage":"en-US"},{"@type":["Person","Organization"],"@id":"https:\/\/shrimataji.org\/test\/#\/schema\/person\/a1b3419c6585f164aa96da1ff85715d1","name":"Nirmala Shrivastava","image":{"@type":"ImageObject","inLanguage":"en-US","@id":"https:\/\/shrimataji.org\/test\/wp-content\/uploads\/2023\/02\/SMO_LOGO-03.svg","url":"https:\/\/shrimataji.org\/test\/wp-content\/uploads\/2023\/02\/SMO_LOGO-03.svg","contentUrl":"https:\/\/shrimataji.org\/test\/wp-content\/uploads\/2023\/02\/SMO_LOGO-03.svg","width":"1024","height":"1024","caption":"Nirmala Shrivastava"},"logo":{"@id":"https:\/\/shrimataji.org\/test\/wp-content\/uploads\/2023\/02\/SMO_LOGO-03.svg"},"sameAs":["https:\/\/shrimataji.org\/test","https:\/\/www.facebook.com\/shrimataji","https:\/\/x.com\/shrimataji","https:\/\/www.youtube.com\/@Shri_Mataji_Nirmala_Devi\/featured"]}]}},"lang":"fi","translations":{"fi":12588,"ur":37439,"en":440,"am":18013,"th":19962,"hu":19490,"sq":18414,"zh":17311,"tr":10168,"pt":10380,"de":10654,"fr":10752,"es":10947,"ja":11244,"ru":11432,"bn":11624,"te":11732,"sw":11855,"he":12003,"el":12294,"sk":12392,"fa":12490,"bg":13445,"it":13527,"ro":14519,"cs":14712,"nl":16574,"ku":16734,"ar":16910,"be":18621,"kn":18895,"mr":20326,"uk":20618,"ml":20915,"ta":22729,"sv":23002,"gu":28846,"pa":29006,"fil":29448,"da":37753,"pl":37966,"nn":38305},"pll_sync_post":[],"_links":{"self":[{"href":"https:\/\/shrimataji.org\/test\/wp-json\/wp\/v2\/pages\/12588","targetHints":{"allow":["GET"]}}],"collection":[{"href":"https:\/\/shrimataji.org\/test\/wp-json\/wp\/v2\/pages"}],"about":[{"href":"https:\/\/shrimataji.org\/test\/wp-json\/wp\/v2\/types\/page"}],"author":[{"embeddable":true,"href":"https:\/\/shrimataji.org\/test\/wp-json\/wp\/v2\/users\/29"}],"replies":[{"embeddable":true,"href":"https:\/\/shrimataji.org\/test\/wp-json\/wp\/v2\/comments?post=12588"}],"version-history":[{"count":0,"href":"https:\/\/shrimataji.org\/test\/wp-json\/wp\/v2\/pages\/12588\/revisions"}],"wp:featuredmedia":[{"embeddable":true,"href":"https:\/\/shrimataji.org\/test\/wp-json\/wp\/v2\/media\/9509"}],"wp:attachment":[{"href":"https:\/\/shrimataji.org\/test\/wp-json\/wp\/v2\/media?parent=12588"}],"curies":[{"name":"wp","href":"https:\/\/api.w.org\/{rel}","templated":true}]}}