{"id":12589,"date":"2022-01-23T03:18:48","date_gmt":"2022-01-23T03:18:48","guid":{"rendered":"https:\/\/test.shrimataji.org\/?page_id=6279"},"modified":"2025-07-11T16:22:08","modified_gmt":"2025-07-11T16:22:08","slug":"kuinka-meditoida","status":"publish","type":"page","link":"https:\/\/shrimataji.org\/test\/fi\/kuinka-meditoida\/","title":{"rendered":"Kuinka meditoida"},"content":{"rendered":"\n\n\t<h1>Kuinka meditoida<\/h1>\n<h2>P\u00e4ivitt\u00e4isen rutiinin luominen<\/h2>\n<div class=\"su-quote su-quote-style-default\"><div class=\"su-quote-inner su-u-clearfix su-u-trim\"> Sahaja Yogassa teid\u00e4n ei tarvitse harjoittaa meditaatiota. Te olette meditaatiossa. Teist\u00e4 tulee meditatiivisia. <\/div><\/div>\n<h4>Kun olet saanut <a href=\"https:\/\/shrimataji.org\/test\/fi\/koe-itseoivalluksesi\/\" target=\"_blank\" rel=\"noopener\">itseoivalluksesi<\/a> <a href=\"https:\/\/shrimataji.org\/test\/fi\/kundaliini\/\" target=\"_blank\" rel=\"noopener\">Kundaliinin<\/a> her\u00e4\u00e4misen kautta, sinun on vaalittava t\u00e4t\u00e4 kokemusta, jotta se pysyy yll\u00e4 ja syvenee, aivan kuten hoitaisit it\u00e4v\u00e4\u00e4 siement\u00e4 auringon ja veden avulla. T\u00e4rkein yksitt\u00e4inen tapa tehd\u00e4 t\u00e4m\u00e4 on meditoida s\u00e4\u00e4nn\u00f6llisesti. Meditaatio on enemm\u00e4nkin tila kuin toiminta, mutta on olemassa muutamia yksinkertaisia askeleita, joita voimme ottaa luodaksemme ymp\u00e4rist\u00f6n ja rutiinin, jotka edist\u00e4v\u00e4t meditatiivisen tilan syventymist\u00e4.<\/h4>\n<p>Etsi ensin paikka, jossa tunnet olosi mukavaksi ja jossa sinua ei h\u00e4irit\u00e4. Voit istua lattialla tai tuolilla, kumpi tahansa sinulle on helpointa. Aseta k\u00e4tesi syliin k\u00e4mmenet yl\u00f6sp\u00e4in. Rauhoitu, rentoudu ja k\u00e4\u00e4nn\u00e4 huomio sis\u00e4\u00e4np\u00e4in, yrit\u00e4 tarkkailla, mit\u00e4 sis\u00e4ll\u00e4si tapahtuu. Tarkkaile ajatuksiasi ja anna niiden hidastua. Toivo sitten sit\u00e4 hiljaisuuden ja autuuden tilaa, jonka meditaatio voi tuoda ja johon p\u00e4\u00e4sit tutustumaan ensimm\u00e4isen k\u00e4yt\u00e4nn\u00f6n meditaatioharjoituksen aikana, kun koit itseoivalluksesi. Haluaminen on <a href=\"https:\/\/shrimataji.org\/test\/fi\/sahaja-yoga-meditaatio\/\" target=\"_blank\" rel=\"noopener\">Sahaja Yoga -meditaation<\/a> ensimm\u00e4inen tekniikka, ja se tuo sinut askeleen syvemm\u00e4lle meditatiiviseen tilaan joka kerta, kun suuntaat huomiosi sis\u00e4\u00e4np\u00e4in.<\/p>\n\t<p>Toinen tekniikka, kun olet rauhoittunut, on vied\u00e4 huomio varovasti fontanellin alueelle, joka sijaitsee p\u00e4\u00e4laen p\u00e4\u00e4ll\u00e4. T\u00e4m\u00e4 on <a href=\"https:\/\/shrimataji.org\/test\/fi\/sahasrara-chakra-fi\/\" target=\"_blank\" rel=\"noopener\">Sahasrara-chakra<\/a>, jossa Kundaliini tulee ulos p\u00e4\u00e4st\u00e4 valaistuaan limbisen j\u00e4rjestelm\u00e4n. T\u00e4m\u00e4 on alue, joka on ajatusprosessimme yl\u00e4puolella ja jossa olemme yhteydess\u00e4 kollektiiviseen tiedostamattomaan. Voit my\u00f6s asettaa k\u00e4mmenen keskikohdan fontanellan kohdalle, ojentaa sormet suoriksi ja painaa hiukan p\u00e4\u00e4nahkaa alasp\u00e4in samalla kun teet py\u00f6ritt\u00e4v\u00e4\u00e4 liikett\u00e4. T\u00e4m\u00e4 on samanlainen liike kuin se viimeinen vaihe, jonka teit harjoituksen aikana saadaksesi oivalluksesi. T\u00e4m\u00e4 auttaa tuomaan huomion viimeiseen chakraan ja luomaan yhteyden.<\/p>\n<p>Anna nyt itsellesi aikaa meditatiivisen tilan asettumiseen. Tarkkaile itse\u00e4si, Kundalinin liikkeit\u00e4, tarkkaavaisuutesi syvenemist\u00e4, rauhaa ja tyyneytt\u00e4, joka syntyy, kun ajatukset v\u00e4henev\u00e4t, sek\u00e4 kasvavaa ilon tunnetta. El\u00e4v\u00e4n\u00e4 prosessina meditaatio kulkee omaa rataansa, ja Kundaliini tuo valoa uusiin ja kauniisiin puoliin itsess\u00e4si. Vaikka chakrojen ja nadien (kanavien) hienojakoinen j\u00e4rjestelm\u00e4 on sama meiss\u00e4 jokaisessa, jokaisella ihmisell\u00e4 on oma henkil\u00f6kohtainen kokemuksensa ja henkinen polkunsa &#8211; seuraa t\u00e4t\u00e4 polkua matkalla itsesi l\u00f6yt\u00e4miseen.<\/p>\n<p>Meditaatiosi loppupuolella voit nostaa k\u00e4tesi muutaman senttimetrin p\u00e4\u00e4si yl\u00e4puolelle ja katsoa, tunnetko viile\u00e4n tai l\u00e4mpim\u00e4n tuulahduksen. Kun olet harjoitellut enemm\u00e4n, voit pit\u00e4\u00e4 huomion Sahasrara-chakrassa my\u00f6s p\u00e4iv\u00e4n aikana. Kundaliinin her\u00e4tt\u00e4v\u00e4 energia l\u00e4htee Shri Matajilta, joten Shri Matajin kuvan asettaminen eteesi meditoidessasi auttaa vahvistamaan Kundaliinin her\u00e4\u00e4mist\u00e4 ja syvent\u00e4m\u00e4\u00e4n meditaatiotasi. Voit halutessasi ladata ja tulostaa kuvan t\u00e4st\u00e4 <a href=\"https:\/\/shrimataji.org\/test\/fi\/koe-itseoivalluksesi\/\" target=\"_blank\" rel=\"noopener\"><u>linkist\u00e4<\/u><\/a>.<\/p>\n<p>My\u00f6s elementtien k\u00e4ytt\u00e4minen auttaa: Voit asettaa kynttil\u00e4n Shri Matajin kuvan eteen, jotta saat tulta ja valoa. Suitsukkeen tuoksu edustaa maaelementti\u00e4. Tasapainoinen ja rauhoittava musiikki (useimmat klassisen musiikin muodot sek\u00e4 it\u00e4maisesta ett\u00e4 l\u00e4nsimaisesta musiikista) voi auttaa sinua rauhoittumaan, mutta muista viett\u00e4\u00e4 jonkin aikaa hiljaisuudessa ja huomio sis\u00e4\u00e4np\u00e4in k\u00e4\u00e4nnettyn\u00e4.<\/p>\n<div class=\"su-quote su-quote-style-default\"><div class=\"su-quote-inner su-u-clearfix su-u-trim\"> Meditaatiossa teist\u00e4 tulee ajatuksettomasti tietoisia. Ajatuksettomassa tietoisuudessa alatte kasvaa. Se on tila, joka teid\u00e4n pit\u00e4\u00e4 saavuttaa. <\/div><\/div>\n<p>Kuten mik\u00e4 tahansa el\u00e4v\u00e4 prosessi, meditatiivinen kokemuksesi kulkee luonnollista polkuaan harjoittaessasi Sahaja Yogaa. T\u00e4ss\u00e4 kuvaamamme rutiini tarjoaa puitteet, joissa t\u00e4m\u00e4 prosessi voi tapahtua. S\u00e4\u00e4nn\u00f6llinen meditaatio auttaa sinua vahvistamaan Kundaliiniasi, syvent\u00e4m\u00e4\u00e4n meditatiivista tilaasi ja kokemaan sis\u00e4isen itsesi ilon.<\/p>\n<p>Ihanteellisinta olisi, jos voisit k\u00e4ytt\u00e4\u00e4 aikaa meditaatioon aamuin ja illoin. Muutaman viikon kuluttua sinun pit\u00e4isi jo huomata tulokset ja hy\u00f6dyt. Ei ole olemassa selke\u00e4\u00e4 s\u00e4\u00e4nt\u00f6\u00e4 siit\u00e4, kuinka kauan sinun pit\u00e4isi meditoida &#8211; jotkut meditoivat 10 minuuttia, toiset yli tunnin, ja t\u00e4m\u00e4 voi vaihdella p\u00e4iv\u00e4st\u00e4 toiseen. T\u00e4rke\u00e4\u00e4 on, ett\u00e4 koet meditatiivisen tilan. Hyv\u00e4n\u00e4 aloitusrutiinina suosittelemme v\u00e4hint\u00e4\u00e4n 10-15 minuuttia, jotta Kundaliini voi vahvistaa hienojakoista j\u00e4rjestelm\u00e4\u00e4si ja jotta meditatiivinen tila p\u00e4\u00e4see asettumaan.<\/p>\n<p>Voit k\u00e4ytt\u00e4\u00e4 <a href=\"https:\/\/shrimataji.org\/test\/wp-content\/uploads\/2025\/07\/MEDITAATIO-JA-TASAPAINOTUSOPAS_2024-FI.pdf\" target=\"_blank\" rel=\"noopener\"><strong>meditaatio- ja tasapainotusopasta<\/strong><\/a>, jotta voit aloittaa p\u00e4ivitt\u00e4isen meditaatiorutiinin.<\/p>\n<p>Oivalluksen saaminen on henkisen matkan ensimm\u00e4inen askel, ja jokainen meditaatio on askel t\u00e4ll\u00e4 matkalla &#8211; toivotamme sinulle kaikkea hyv\u00e4\u00e4, kun l\u00e4hdet itsesi l\u00f6yt\u00e4misen tielle.<\/p>\n\n","protected":false},"excerpt":{"rendered":"<p>Kuinka meditoida P\u00e4ivitt\u00e4isen rutiinin luominen Kun olet saanut itseoivalluksesi Kundaliinin her\u00e4\u00e4misen kautta, sinun on vaalittava t\u00e4t\u00e4 kokemusta, jotta se pysyy yll\u00e4 ja syvenee, aivan kuten hoitaisit it\u00e4v\u00e4\u00e4 siement\u00e4 auringon ja veden avulla. T\u00e4rkein yksitt\u00e4inen tapa tehd\u00e4 t\u00e4m\u00e4 on meditoida s\u00e4\u00e4nn\u00f6llisesti. Meditaatio on enemm\u00e4nkin tila kuin toiminta, mutta on olemassa muutamia yksinkertaisia askeleita, joita voimme ottaa&hellip; <br \/> <a class=\"read-more\" href=\"https:\/\/shrimataji.org\/test\/fi\/kuinka-meditoida\/\">Read more<\/a><\/p>\n","protected":false},"author":29,"featured_media":9267,"parent":0,"menu_order":0,"comment_status":"closed","ping_status":"closed","template":"","meta":{"inline_featured_image":false,"footnotes":""},"class_list":["post-12589","page","type-page","status-publish","has-post-thumbnail","hentry"],"yoast_head":"<!-- This site is optimized with the Yoast SEO plugin v27.4 - https:\/\/yoast.com\/product\/yoast-seo-wordpress\/ -->\n<title>Kuinka meditoida - TEST - SMND<\/title>\n<meta name=\"robots\" content=\"noindex, follow, max-snippet:-1, max-image-preview:large, max-video-preview:-1\" \/>\n<meta property=\"og:locale\" content=\"en_US\" \/>\n<meta property=\"og:type\" content=\"article\" \/>\n<meta property=\"og:title\" content=\"Kuinka meditoida - TEST - SMND\" \/>\n<meta property=\"og:description\" content=\"Kuinka meditoida P\u00e4ivitt\u00e4isen rutiinin luominen Kun olet saanut itseoivalluksesi Kundaliinin her\u00e4\u00e4misen kautta, sinun on vaalittava t\u00e4t\u00e4 kokemusta, jotta se pysyy yll\u00e4 ja syvenee, aivan kuten hoitaisit it\u00e4v\u00e4\u00e4 siement\u00e4 auringon ja veden avulla. T\u00e4rkein yksitt\u00e4inen tapa tehd\u00e4 t\u00e4m\u00e4 on meditoida s\u00e4\u00e4nn\u00f6llisesti. Meditaatio on enemm\u00e4nkin tila kuin toiminta, mutta on olemassa muutamia yksinkertaisia askeleita, joita voimme ottaa&hellip; Read more\" \/>\n<meta property=\"og:url\" content=\"https:\/\/shrimataji.org\/test\/fi\/kuinka-meditoida\/\" \/>\n<meta property=\"og:site_name\" content=\"TEST - SMND\" \/>\n<meta property=\"article:publisher\" content=\"https:\/\/www.facebook.com\/shrimataji\" \/>\n<meta property=\"article:modified_time\" content=\"2025-07-11T16:22:08+00:00\" \/>\n<meta property=\"og:image\" content=\"https:\/\/shrimataji.org\/test\/wp-content\/uploads\/2023\/03\/5_Banner-SY-HowtoMeditate-scaled.jpg\" \/>\n\t<meta property=\"og:image:width\" content=\"2560\" \/>\n\t<meta property=\"og:image:height\" content=\"905\" \/>\n\t<meta property=\"og:image:type\" content=\"image\/jpeg\" \/>\n<meta name=\"twitter:card\" content=\"summary_large_image\" \/>\n<meta name=\"twitter:site\" content=\"@shrimataji\" \/>\n<script type=\"application\/ld+json\" class=\"yoast-schema-graph\">{\"@context\":\"https:\\\/\\\/schema.org\",\"@graph\":[{\"@type\":\"WebPage\",\"@id\":\"https:\\\/\\\/shrimataji.org\\\/test\\\/fi\\\/kuinka-meditoida\\\/\",\"url\":\"https:\\\/\\\/shrimataji.org\\\/test\\\/fi\\\/kuinka-meditoida\\\/\",\"name\":\"Kuinka meditoida - TEST - SMND\",\"isPartOf\":{\"@id\":\"https:\\\/\\\/shrimataji.org\\\/test\\\/#website\"},\"primaryImageOfPage\":{\"@id\":\"https:\\\/\\\/shrimataji.org\\\/test\\\/fi\\\/kuinka-meditoida\\\/#primaryimage\"},\"image\":{\"@id\":\"https:\\\/\\\/shrimataji.org\\\/test\\\/fi\\\/kuinka-meditoida\\\/#primaryimage\"},\"thumbnailUrl\":\"https:\\\/\\\/shrimataji.org\\\/test\\\/wp-content\\\/uploads\\\/2023\\\/03\\\/5_Banner-SY-HowtoMeditate-scaled.jpg\",\"datePublished\":\"2022-01-23T03:18:48+00:00\",\"dateModified\":\"2025-07-11T16:22:08+00:00\",\"breadcrumb\":{\"@id\":\"https:\\\/\\\/shrimataji.org\\\/test\\\/fi\\\/kuinka-meditoida\\\/#breadcrumb\"},\"inLanguage\":\"en-US\",\"potentialAction\":[{\"@type\":\"ReadAction\",\"target\":[\"https:\\\/\\\/shrimataji.org\\\/test\\\/fi\\\/kuinka-meditoida\\\/\"]}]},{\"@type\":\"ImageObject\",\"inLanguage\":\"en-US\",\"@id\":\"https:\\\/\\\/shrimataji.org\\\/test\\\/fi\\\/kuinka-meditoida\\\/#primaryimage\",\"url\":\"https:\\\/\\\/shrimataji.org\\\/test\\\/wp-content\\\/uploads\\\/2023\\\/03\\\/5_Banner-SY-HowtoMeditate-scaled.jpg\",\"contentUrl\":\"https:\\\/\\\/shrimataji.org\\\/test\\\/wp-content\\\/uploads\\\/2023\\\/03\\\/5_Banner-SY-HowtoMeditate-scaled.jpg\",\"width\":2560,\"height\":905},{\"@type\":\"BreadcrumbList\",\"@id\":\"https:\\\/\\\/shrimataji.org\\\/test\\\/fi\\\/kuinka-meditoida\\\/#breadcrumb\",\"itemListElement\":[{\"@type\":\"ListItem\",\"position\":1,\"name\":\"Home\",\"item\":\"https:\\\/\\\/shrimataji.org\\\/test\\\/uk\\\/home-en\\\/\"},{\"@type\":\"ListItem\",\"position\":2,\"name\":\"Kuinka meditoida\"}]},{\"@type\":\"WebSite\",\"@id\":\"https:\\\/\\\/shrimataji.org\\\/test\\\/#website\",\"url\":\"https:\\\/\\\/shrimataji.org\\\/test\\\/\",\"name\":\"Shri Mataji Nirmala Devi\",\"description\":\"A Life Dedicated to Humanity\",\"publisher\":{\"@id\":\"https:\\\/\\\/shrimataji.org\\\/test\\\/#\\\/schema\\\/person\\\/a1b3419c6585f164aa96da1ff85715d1\"},\"potentialAction\":[{\"@type\":\"SearchAction\",\"target\":{\"@type\":\"EntryPoint\",\"urlTemplate\":\"https:\\\/\\\/shrimataji.org\\\/test\\\/?s={search_term_string}\"},\"query-input\":{\"@type\":\"PropertyValueSpecification\",\"valueRequired\":true,\"valueName\":\"search_term_string\"}}],\"inLanguage\":\"en-US\"},{\"@type\":[\"Person\",\"Organization\"],\"@id\":\"https:\\\/\\\/shrimataji.org\\\/test\\\/#\\\/schema\\\/person\\\/a1b3419c6585f164aa96da1ff85715d1\",\"name\":\"Nirmala Shrivastava\",\"image\":{\"@type\":\"ImageObject\",\"inLanguage\":\"en-US\",\"@id\":\"https:\\\/\\\/shrimataji.org\\\/test\\\/wp-content\\\/uploads\\\/2023\\\/02\\\/SMO_LOGO-03.svg\",\"url\":\"https:\\\/\\\/shrimataji.org\\\/test\\\/wp-content\\\/uploads\\\/2023\\\/02\\\/SMO_LOGO-03.svg\",\"contentUrl\":\"https:\\\/\\\/shrimataji.org\\\/test\\\/wp-content\\\/uploads\\\/2023\\\/02\\\/SMO_LOGO-03.svg\",\"width\":\"1024\",\"height\":\"1024\",\"caption\":\"Nirmala Shrivastava\"},\"logo\":{\"@id\":\"https:\\\/\\\/shrimataji.org\\\/test\\\/wp-content\\\/uploads\\\/2023\\\/02\\\/SMO_LOGO-03.svg\"},\"sameAs\":[\"https:\\\/\\\/shrimataji.org\\\/test\",\"https:\\\/\\\/www.facebook.com\\\/shrimataji\",\"https:\\\/\\\/x.com\\\/shrimataji\",\"https:\\\/\\\/www.youtube.com\\\/@Shri_Mataji_Nirmala_Devi\\\/featured\"]}]}<\/script>\n<!-- \/ Yoast SEO plugin. -->","yoast_head_json":{"title":"Kuinka meditoida - TEST - SMND","robots":{"index":"noindex","follow":"follow","max-snippet":"max-snippet:-1","max-image-preview":"max-image-preview:large","max-video-preview":"max-video-preview:-1"},"og_locale":"en_US","og_type":"article","og_title":"Kuinka meditoida - TEST - SMND","og_description":"Kuinka meditoida P\u00e4ivitt\u00e4isen rutiinin luominen Kun olet saanut itseoivalluksesi Kundaliinin her\u00e4\u00e4misen kautta, sinun on vaalittava t\u00e4t\u00e4 kokemusta, jotta se pysyy yll\u00e4 ja syvenee, aivan kuten hoitaisit it\u00e4v\u00e4\u00e4 siement\u00e4 auringon ja veden avulla. T\u00e4rkein yksitt\u00e4inen tapa tehd\u00e4 t\u00e4m\u00e4 on meditoida s\u00e4\u00e4nn\u00f6llisesti. Meditaatio on enemm\u00e4nkin tila kuin toiminta, mutta on olemassa muutamia yksinkertaisia askeleita, joita voimme ottaa&hellip; Read more","og_url":"https:\/\/shrimataji.org\/test\/fi\/kuinka-meditoida\/","og_site_name":"TEST - SMND","article_publisher":"https:\/\/www.facebook.com\/shrimataji","article_modified_time":"2025-07-11T16:22:08+00:00","og_image":[{"width":2560,"height":905,"url":"https:\/\/shrimataji.org\/test\/wp-content\/uploads\/2023\/03\/5_Banner-SY-HowtoMeditate-scaled.jpg","type":"image\/jpeg"}],"twitter_card":"summary_large_image","twitter_site":"@shrimataji","schema":{"@context":"https:\/\/schema.org","@graph":[{"@type":"WebPage","@id":"https:\/\/shrimataji.org\/test\/fi\/kuinka-meditoida\/","url":"https:\/\/shrimataji.org\/test\/fi\/kuinka-meditoida\/","name":"Kuinka meditoida - TEST - SMND","isPartOf":{"@id":"https:\/\/shrimataji.org\/test\/#website"},"primaryImageOfPage":{"@id":"https:\/\/shrimataji.org\/test\/fi\/kuinka-meditoida\/#primaryimage"},"image":{"@id":"https:\/\/shrimataji.org\/test\/fi\/kuinka-meditoida\/#primaryimage"},"thumbnailUrl":"https:\/\/shrimataji.org\/test\/wp-content\/uploads\/2023\/03\/5_Banner-SY-HowtoMeditate-scaled.jpg","datePublished":"2022-01-23T03:18:48+00:00","dateModified":"2025-07-11T16:22:08+00:00","breadcrumb":{"@id":"https:\/\/shrimataji.org\/test\/fi\/kuinka-meditoida\/#breadcrumb"},"inLanguage":"en-US","potentialAction":[{"@type":"ReadAction","target":["https:\/\/shrimataji.org\/test\/fi\/kuinka-meditoida\/"]}]},{"@type":"ImageObject","inLanguage":"en-US","@id":"https:\/\/shrimataji.org\/test\/fi\/kuinka-meditoida\/#primaryimage","url":"https:\/\/shrimataji.org\/test\/wp-content\/uploads\/2023\/03\/5_Banner-SY-HowtoMeditate-scaled.jpg","contentUrl":"https:\/\/shrimataji.org\/test\/wp-content\/uploads\/2023\/03\/5_Banner-SY-HowtoMeditate-scaled.jpg","width":2560,"height":905},{"@type":"BreadcrumbList","@id":"https:\/\/shrimataji.org\/test\/fi\/kuinka-meditoida\/#breadcrumb","itemListElement":[{"@type":"ListItem","position":1,"name":"Home","item":"https:\/\/shrimataji.org\/test\/uk\/home-en\/"},{"@type":"ListItem","position":2,"name":"Kuinka meditoida"}]},{"@type":"WebSite","@id":"https:\/\/shrimataji.org\/test\/#website","url":"https:\/\/shrimataji.org\/test\/","name":"Shri Mataji Nirmala Devi","description":"A Life Dedicated to Humanity","publisher":{"@id":"https:\/\/shrimataji.org\/test\/#\/schema\/person\/a1b3419c6585f164aa96da1ff85715d1"},"potentialAction":[{"@type":"SearchAction","target":{"@type":"EntryPoint","urlTemplate":"https:\/\/shrimataji.org\/test\/?s={search_term_string}"},"query-input":{"@type":"PropertyValueSpecification","valueRequired":true,"valueName":"search_term_string"}}],"inLanguage":"en-US"},{"@type":["Person","Organization"],"@id":"https:\/\/shrimataji.org\/test\/#\/schema\/person\/a1b3419c6585f164aa96da1ff85715d1","name":"Nirmala Shrivastava","image":{"@type":"ImageObject","inLanguage":"en-US","@id":"https:\/\/shrimataji.org\/test\/wp-content\/uploads\/2023\/02\/SMO_LOGO-03.svg","url":"https:\/\/shrimataji.org\/test\/wp-content\/uploads\/2023\/02\/SMO_LOGO-03.svg","contentUrl":"https:\/\/shrimataji.org\/test\/wp-content\/uploads\/2023\/02\/SMO_LOGO-03.svg","width":"1024","height":"1024","caption":"Nirmala Shrivastava"},"logo":{"@id":"https:\/\/shrimataji.org\/test\/wp-content\/uploads\/2023\/02\/SMO_LOGO-03.svg"},"sameAs":["https:\/\/shrimataji.org\/test","https:\/\/www.facebook.com\/shrimataji","https:\/\/x.com\/shrimataji","https:\/\/www.youtube.com\/@Shri_Mataji_Nirmala_Devi\/featured"]}]}},"lang":"fi","translations":{"fi":12589,"ur":37441,"en":7045,"am":18015,"th":19965,"hu":19492,"sq":18416,"zh":17313,"hi":8283,"tr":10169,"pt":10381,"de":10655,"fr":10753,"it":10851,"es":10948,"ja":11245,"ru":11433,"bn":11625,"te":11733,"sw":11856,"he":12004,"el":12295,"sk":12393,"fa":12491,"bg":13409,"ro":14483,"cs":14676,"nl":16576,"ku":16736,"ar":16912,"be":18623,"kn":18897,"mr":20329,"uk":20621,"ml":20918,"ta":22731,"sv":23004,"gu":28848,"pa":29008,"fil":29450,"da":37755,"pl":37968,"nn":38307},"pll_sync_post":[],"_links":{"self":[{"href":"https:\/\/shrimataji.org\/test\/wp-json\/wp\/v2\/pages\/12589","targetHints":{"allow":["GET"]}}],"collection":[{"href":"https:\/\/shrimataji.org\/test\/wp-json\/wp\/v2\/pages"}],"about":[{"href":"https:\/\/shrimataji.org\/test\/wp-json\/wp\/v2\/types\/page"}],"author":[{"embeddable":true,"href":"https:\/\/shrimataji.org\/test\/wp-json\/wp\/v2\/users\/29"}],"replies":[{"embeddable":true,"href":"https:\/\/shrimataji.org\/test\/wp-json\/wp\/v2\/comments?post=12589"}],"version-history":[{"count":0,"href":"https:\/\/shrimataji.org\/test\/wp-json\/wp\/v2\/pages\/12589\/revisions"}],"wp:featuredmedia":[{"embeddable":true,"href":"https:\/\/shrimataji.org\/test\/wp-json\/wp\/v2\/media\/9267"}],"wp:attachment":[{"href":"https:\/\/shrimataji.org\/test\/wp-json\/wp\/v2\/media?parent=12589"}],"curies":[{"name":"wp","href":"https:\/\/api.w.org\/{rel}","templated":true}]}}