{"id":12595,"date":"2022-01-29T10:02:47","date_gmt":"2022-01-29T10:02:47","guid":{"rendered":"https:\/\/test.shrimataji.org\/?page_id=6394"},"modified":"2025-09-02T11:37:59","modified_gmt":"2025-09-02T11:37:59","slug":"tieto-juurista-hienorakenne","status":"publish","type":"page","link":"https:\/\/shrimataji.org\/test\/fi\/tieto-juurista-hienorakenne\/","title":{"rendered":"Tieto juurista &#8211; Hienorakenne"},"content":{"rendered":"\n\n\t<h1>Tieto juurista &#8211; Hienorakenne<\/h1>\n<h2>Ikivanha tieto sis\u00e4isest\u00e4 olemuksestamme<\/h2>\n<h4>T\u00e4rke\u00e4 osa joogan hallintaa on t\u00e4ydellinen ymm\u00e4rrys hienojakoisesta j\u00e4rjestelm\u00e4st\u00e4, joka toimii tietoisuutemme tienn\u00e4ytt\u00e4j\u00e4n\u00e4 sis\u00e4isen evoluutiomme kokemisessa.<\/h4>\n\t<p>Muinaisissa intialaisissa veda-kirjoituksissa kuvataan hienojakoisen j\u00e4rjestelm\u00e4n koostuvan <a href=\"https:\/\/shrimataji.org\/test\/fi\/nadit-ja-kolme-mielialaa\/\" target=\"_blank\" rel=\"noopener\">nadeista<\/a> (nadi on kanava sanskritiksi). Kuten jokien l\u00e4pi virtaava vesi, nadit helpottavat hienojakoisten energioiden virtausta olemuksessamme. J\u00e4rjestelm\u00e4 sis\u00e4lt\u00e4\u00e4 my\u00f6s <a href=\"https:\/\/shrimataji.org\/test\/fi\/chakrat-ja-ominaisuudet\/\" target=\"_blank\" rel=\"noopener\">chakrat<\/a> (chakra sanskritiksi tarkoittaa py\u00f6r\u00e4n lailla py\u00f6riv\u00e4\u00e4 hienojakoista energiakeskusta) ja <a href=\"https:\/\/shrimataji.org\/test\/fi\/kundaliini\/\" target=\"_blank\" rel=\"noopener\">Kundaliinin<\/a> (joka tarkoittaa ker\u00e4lle kiertynytt\u00e4 energiaa, joka on ristiluussamme heijastuva evoluution voiman j\u00e4\u00e4nne). Hienojakoinen kehomme koostuu tuhansista nadeista ja chakroista, jotka muodostuvat kolmen t\u00e4rkeimm\u00e4n nadin (Ida-, Pingala- ja Sushumna-) ja seitsem\u00e4n chakran (<a href=\"https:\/\/shrimataji.org\/test\/fi\/muladhara-chakra\/\" target=\"_blank\" rel=\"noopener\">Muladhara<\/a>, <a href=\"https:\/\/shrimataji.org\/test\/fi\/swadhisthan-chakra-fi\/\" target=\"_blank\" rel=\"noopener\">Swadhisthan<\/a>, <a href=\"https:\/\/shrimataji.org\/test\/fi\/nabhi-chakra-fi\/\" target=\"_blank\" rel=\"noopener\">Nabhi<\/a>, <a href=\"https:\/\/shrimataji.org\/test\/fi\/anahata-chakra-fi\/\" target=\"_blank\" rel=\"noopener\">Anahata<\/a>, <a href=\"https:\/\/shrimataji.org\/test\/fi\/vishuddhi-chakra-fi\/\" target=\"_blank\" rel=\"noopener\">Vishuddhi<\/a>, <a href=\"https:\/\/shrimataji.org\/test\/fi\/agnya-chakra-fi\/\" target=\"_blank\" rel=\"noopener\">Agnya <\/a>ja <a href=\"https:\/\/shrimataji.org\/test\/fi\/sahasrara-chakra-fi\/\" target=\"_blank\" rel=\"noopener\">Sahasrara<\/a>) muodostamaksi kokonaisuudeksi.<\/p>\n<p><a href=\"https:\/\/shrimataji.org\/test\/fi\/atma-henki\/\" target=\"_blank\" rel=\"noopener\">Atma<\/a>, ikuinen Henki, heijastuu syd\u00e4mess\u00e4mme.<\/p>\n\t\t\t\t<a href=\"https:\/\/shrimataji.org\/test\/wp-content\/uploads\/2023\/02\/01_Nadis-_-Chakras-01.png\"  target=\"_blank\" rel=\"noopener\"  itemprop=\"url\">\n\t\t\t\t<img decoding=\"async\" src=\"https:\/\/shrimataji.org\/test\/wp-content\/uploads\/2025\/04\/Nadis_Chakras-01-1-scaled.png\" alt=\"Nadis_Chakras-01\" itemprop=\"image\" height=\"2560\" width=\"2095\" title=\"Nadis_Chakras-01\" onerror=\"this.style.display='none'\" loading=\"lazy\" \/>\n\t\t\t\t<\/a>\n\t<p>Aivan kuten meill\u00e4 on hyvin monimutkainen hermojen ja hermoratojen verkosto, joka ohjaa ja kontrolloi aistielimi\u00e4mme ja motorisia reaktioitamme, jokaisella ihmisell\u00e4 on synnynn\u00e4inen hienojakoinen j\u00e4rjestelm\u00e4, joka sopii hyvin yhteen sympaattisen ja parasympaattisen hermoston kanssa. Kanavista (nadit) ja energiakeskuksista (chakrat) koostuvan hienojakoisen j\u00e4rjestelm\u00e4mme monimutkainen vuorovaikutus kehomme hermoverkon ja aivojen kanssa huolehtii fyysisest\u00e4, \u00e4lyllisest\u00e4, emotionaalisesta ja henkisest\u00e4 olemuksestamme. Hienojakoista j\u00e4rjestelm\u00e4\u00e4 voisi verrata tietokoneen ohjelmistoon.<\/p>\n\t<p>Tieto ihmisen hienojakoisesta j\u00e4rjestelm\u00e4st\u00e4 tunnettiin jo tuhansia vuosia sitten. Intian pyh\u00e4t kirjoitukset paljastavat, ett\u00e4 Shri Shiva oli ensimm\u00e4inen &#8216;adiyogi&#8217; (alkuper\u00e4inen joogi), joka toi t\u00e4m\u00e4n tiedon &#8216;saptha risheille&#8217; (seitsem\u00e4lle tiet\u00e4j\u00e4lle). N\u00e4m\u00e4 seitsem\u00e4n tiet\u00e4j\u00e4\u00e4 veiv\u00e4t t\u00e4t\u00e4 joogatiedett\u00e4 eri puolille maailmaa. Joogaj\u00e4rjestelm\u00e4 sai kuitenkin t\u00e4ydellisimm\u00e4n ilmaisunsa Intiassa.<\/p>\n<p>Vaikka t\u00e4m\u00e4 tieto hienojakoisesta j\u00e4rjestelm\u00e4st\u00e4mme oli hyvin tiedossa intialaisissa joogaperinteiss\u00e4, Shri Mataji oli se, joka ensimm\u00e4isen\u00e4 havainnollisti koko hienojakoisen j\u00e4rjestelm\u00e4n monimutkaisen mekanismin ja sen, miten se el\u00e4\u00e4 kohdussa el\u00e4v\u00e4n kehon sis\u00e4ll\u00e4 jo siki\u00f6n varhaisista kehitysvaiheista l\u00e4htien.<\/p>\n<div class=\"su-quote su-quote-style-default\"><div class=\"su-quote-inner su-u-clearfix su-u-trim\"> Kun vauva on kahden kuukauden ik\u00e4inen \u00e4itins\u00e4 kohdussa, t\u00e4m\u00e4 el\u00e4m\u00e4nvoima tulee sieluun. T\u00e4\u00e4lt\u00e4 se tulee sis\u00e4\u00e4n. Se suuntaa alasp\u00e4in (sis\u00e4lle) p\u00e4\u00e4laelta, alas aivojen keskelle, selk\u00e4ytimen &#8211; niin kutsutun selk\u00e4ytimen &#8211; l\u00e4pi ja alas kolmioluuhun. Kun t\u00e4m\u00e4 Kundaliinivoima liikkuu alas, se pys\u00e4htyy v\u00e4lill\u00e4 ja muodostaa chakroja. Ja nuo chakrat el\u00e4v\u00e4t kehon sis\u00e4ll\u00e4 keskuksina, ja sen ulkopuolella l\u00e4\u00e4k\u00e4rit kutsuvat niit\u00e4 hermopunoksiksi, eli parasympaattiseksi hermostoksi. <\/div><\/div>\n<p>K\u00e4ytt\u00e4en yksinkertaista analogiaa valon taittumisesta prismassa Shri Mataji selitti, kuinka ihmisen aivot, jotka ovat kehittyneet miljoonien vuosien aikana litte\u00e4st\u00e4 rakenteesta prisman muotoon, mahdollistavat hienojakoisten energioiden monimutkaisen arkkitehtuurin, joka heijastuu ja sekoittuu ihmisen monimutkaiseen hermoj\u00e4rjestelm\u00e4\u00e4n.<\/p>\n<p>Oivaltanut henkil\u00f6 voi usein tuntea viile\u00e4n tuulahduksen, joka l\u00e4htee vastasyntyneiden vauvojen aukileen alueelta. Shri Mataji selitti t\u00e4m\u00e4n kasvumme varhaisvaiheissa tapahtuvan ilmi\u00f6n olevan osoitus Jumalan rakkauden kaikkialla olevasta energiasta, jota H\u00e4n kutsui nimell\u00e4 <a href=\"https:\/\/shrimataji.org\/test\/fi\/paramchaitanya-kaikkialla-lasna\/\" target=\"_blank\" rel=\"noopener\">Paramchaitanya<\/a>. Usein vauvojen n\u00e4hd\u00e4\u00e4n imev\u00e4n tietty\u00e4 sormea, jonka oivaltaneet sielut voivat helposti tulkita liittyv\u00e4n tietyn chakran tukkeutumiseen meiss\u00e4. My\u00f6hemmin kallon luiden kalkkeutumisen ja ihmisen egon ja ehdollistumisen kehittymisen my\u00f6t\u00e4 t\u00e4m\u00e4 hienojakoinen tietoisuus v\u00e4istyy, ja meist\u00e4 tulee tietoisempia ymp\u00e4r\u00f6iv\u00e4st\u00e4 karkeajakoisesta maailmasta, johon alamme samaistua.<\/p>\n<p>Itseoivalluksen ja meditaatioprosessin kautta pystymme palauttamaan t\u00e4m\u00e4n alkuper\u00e4isen yhteyden hienojakoisessa olemuksessamme.<\/p>\n\t\t<img decoding=\"async\" data-spai-excluded=\"true\" loading=\"lazy\"  alt=\"YouTube player\"  src=\"https:\/\/i.ytimg.com\/vi\/PrwmhC45nVc\/maxresdefault.jpg\"  \/><button aria-label=\"Play\"><\/button><meta itemprop=\"embedUrl\" content=\"https:\/\/www.youtube.com\/embed\/PrwmhC45nVc\"\/><meta itemprop=\"name\" content=\"Knowledge of the roots\"\/><meta itemprop=\"description\" content=\"YouTube video\"\/><meta itemprop=\"thumbnailUrl\" content=\"https:\/\/i.ytimg.com\/vi\/PrwmhC45nVc\/0.jpg\"\/><meta itemprop=\"duration\" content=\"PT1M35S\"\/><meta itemprop=\"uploadDate\" content=\"2022-11-12T03:23:30Z\"\/>\t\n\n","protected":false},"excerpt":{"rendered":"<p>Tieto juurista &#8211; Hienorakenne Ikivanha tieto sis\u00e4isest\u00e4 olemuksestamme T\u00e4rke\u00e4 osa joogan hallintaa on t\u00e4ydellinen ymm\u00e4rrys hienojakoisesta j\u00e4rjestelm\u00e4st\u00e4, joka toimii tietoisuutemme tienn\u00e4ytt\u00e4j\u00e4n\u00e4 sis\u00e4isen evoluutiomme kokemisessa. Muinaisissa intialaisissa veda-kirjoituksissa kuvataan hienojakoisen j\u00e4rjestelm\u00e4n koostuvan nadeista (nadi on kanava sanskritiksi). Kuten jokien l\u00e4pi virtaava vesi, nadit helpottavat hienojakoisten energioiden virtausta olemuksessamme. J\u00e4rjestelm\u00e4 sis\u00e4lt\u00e4\u00e4 my\u00f6s chakrat (chakra sanskritiksi tarkoittaa py\u00f6r\u00e4n&hellip; <br \/> <a class=\"read-more\" href=\"https:\/\/shrimataji.org\/test\/fi\/tieto-juurista-hienorakenne\/\">Read more<\/a><\/p>\n","protected":false},"author":29,"featured_media":9242,"parent":0,"menu_order":0,"comment_status":"closed","ping_status":"closed","template":"","meta":{"inline_featured_image":false,"footnotes":""},"class_list":["post-12595","page","type-page","status-publish","has-post-thumbnail","hentry"],"yoast_head":"<!-- This site is optimized with the Yoast SEO plugin v27.4 - https:\/\/yoast.com\/product\/yoast-seo-wordpress\/ -->\n<title>Tieto juurista - Hienorakenne - TEST - SMND<\/title>\n<meta name=\"robots\" content=\"noindex, follow, max-snippet:-1, max-image-preview:large, max-video-preview:-1\" \/>\n<meta property=\"og:locale\" content=\"en_US\" \/>\n<meta property=\"og:type\" content=\"article\" \/>\n<meta property=\"og:title\" content=\"Tieto juurista - Hienorakenne - TEST - SMND\" \/>\n<meta property=\"og:description\" content=\"Tieto juurista &#8211; Hienorakenne Ikivanha tieto sis\u00e4isest\u00e4 olemuksestamme T\u00e4rke\u00e4 osa joogan hallintaa on t\u00e4ydellinen ymm\u00e4rrys hienojakoisesta j\u00e4rjestelm\u00e4st\u00e4, joka toimii tietoisuutemme tienn\u00e4ytt\u00e4j\u00e4n\u00e4 sis\u00e4isen evoluutiomme kokemisessa. Muinaisissa intialaisissa veda-kirjoituksissa kuvataan hienojakoisen j\u00e4rjestelm\u00e4n koostuvan nadeista (nadi on kanava sanskritiksi). Kuten jokien l\u00e4pi virtaava vesi, nadit helpottavat hienojakoisten energioiden virtausta olemuksessamme. J\u00e4rjestelm\u00e4 sis\u00e4lt\u00e4\u00e4 my\u00f6s chakrat (chakra sanskritiksi tarkoittaa py\u00f6r\u00e4n&hellip; Read more\" \/>\n<meta property=\"og:url\" content=\"https:\/\/shrimataji.org\/test\/fi\/tieto-juurista-hienorakenne\/\" \/>\n<meta property=\"og:site_name\" content=\"TEST - SMND\" \/>\n<meta property=\"article:publisher\" content=\"https:\/\/www.facebook.com\/shrimataji\" \/>\n<meta property=\"article:modified_time\" content=\"2025-09-02T11:37:59+00:00\" \/>\n<meta property=\"og:image\" content=\"https:\/\/shrimataji.org\/test\/wp-content\/uploads\/2023\/03\/7_Banner-SY-Roots-2-scaled.jpg\" \/>\n\t<meta property=\"og:image:width\" content=\"2560\" \/>\n\t<meta property=\"og:image:height\" content=\"905\" \/>\n\t<meta property=\"og:image:type\" content=\"image\/jpeg\" \/>\n<meta name=\"twitter:card\" content=\"summary_large_image\" \/>\n<meta name=\"twitter:site\" content=\"@shrimataji\" \/>\n<meta name=\"twitter:label1\" content=\"Est. reading time\" \/>\n\t<meta name=\"twitter:data1\" content=\"3 minutes\" \/>\n<script type=\"application\/ld+json\" class=\"yoast-schema-graph\">{\"@context\":\"https:\\\/\\\/schema.org\",\"@graph\":[{\"@type\":\"WebPage\",\"@id\":\"https:\\\/\\\/shrimataji.org\\\/test\\\/fi\\\/tieto-juurista-hienorakenne\\\/\",\"url\":\"https:\\\/\\\/shrimataji.org\\\/test\\\/fi\\\/tieto-juurista-hienorakenne\\\/\",\"name\":\"Tieto juurista - Hienorakenne - TEST - SMND\",\"isPartOf\":{\"@id\":\"https:\\\/\\\/shrimataji.org\\\/test\\\/#website\"},\"primaryImageOfPage\":{\"@id\":\"https:\\\/\\\/shrimataji.org\\\/test\\\/fi\\\/tieto-juurista-hienorakenne\\\/#primaryimage\"},\"image\":{\"@id\":\"https:\\\/\\\/shrimataji.org\\\/test\\\/fi\\\/tieto-juurista-hienorakenne\\\/#primaryimage\"},\"thumbnailUrl\":\"https:\\\/\\\/shrimataji.org\\\/test\\\/wp-content\\\/uploads\\\/2023\\\/03\\\/7_Banner-SY-Roots-2-scaled.jpg\",\"datePublished\":\"2022-01-29T10:02:47+00:00\",\"dateModified\":\"2025-09-02T11:37:59+00:00\",\"breadcrumb\":{\"@id\":\"https:\\\/\\\/shrimataji.org\\\/test\\\/fi\\\/tieto-juurista-hienorakenne\\\/#breadcrumb\"},\"inLanguage\":\"en-US\",\"potentialAction\":[{\"@type\":\"ReadAction\",\"target\":[\"https:\\\/\\\/shrimataji.org\\\/test\\\/fi\\\/tieto-juurista-hienorakenne\\\/\"]}]},{\"@type\":\"ImageObject\",\"inLanguage\":\"en-US\",\"@id\":\"https:\\\/\\\/shrimataji.org\\\/test\\\/fi\\\/tieto-juurista-hienorakenne\\\/#primaryimage\",\"url\":\"https:\\\/\\\/shrimataji.org\\\/test\\\/wp-content\\\/uploads\\\/2023\\\/03\\\/7_Banner-SY-Roots-2-scaled.jpg\",\"contentUrl\":\"https:\\\/\\\/shrimataji.org\\\/test\\\/wp-content\\\/uploads\\\/2023\\\/03\\\/7_Banner-SY-Roots-2-scaled.jpg\",\"width\":2560,\"height\":905},{\"@type\":\"BreadcrumbList\",\"@id\":\"https:\\\/\\\/shrimataji.org\\\/test\\\/fi\\\/tieto-juurista-hienorakenne\\\/#breadcrumb\",\"itemListElement\":[{\"@type\":\"ListItem\",\"position\":1,\"name\":\"Home\",\"item\":\"https:\\\/\\\/shrimataji.org\\\/test\\\/uk\\\/home-en\\\/\"},{\"@type\":\"ListItem\",\"position\":2,\"name\":\"Tieto juurista &#8211; Hienorakenne\"}]},{\"@type\":\"WebSite\",\"@id\":\"https:\\\/\\\/shrimataji.org\\\/test\\\/#website\",\"url\":\"https:\\\/\\\/shrimataji.org\\\/test\\\/\",\"name\":\"Shri Mataji Nirmala Devi\",\"description\":\"A Life Dedicated to Humanity\",\"publisher\":{\"@id\":\"https:\\\/\\\/shrimataji.org\\\/test\\\/#\\\/schema\\\/person\\\/a1b3419c6585f164aa96da1ff85715d1\"},\"potentialAction\":[{\"@type\":\"SearchAction\",\"target\":{\"@type\":\"EntryPoint\",\"urlTemplate\":\"https:\\\/\\\/shrimataji.org\\\/test\\\/?s={search_term_string}\"},\"query-input\":{\"@type\":\"PropertyValueSpecification\",\"valueRequired\":true,\"valueName\":\"search_term_string\"}}],\"inLanguage\":\"en-US\"},{\"@type\":[\"Person\",\"Organization\"],\"@id\":\"https:\\\/\\\/shrimataji.org\\\/test\\\/#\\\/schema\\\/person\\\/a1b3419c6585f164aa96da1ff85715d1\",\"name\":\"Nirmala Shrivastava\",\"image\":{\"@type\":\"ImageObject\",\"inLanguage\":\"en-US\",\"@id\":\"https:\\\/\\\/shrimataji.org\\\/test\\\/wp-content\\\/uploads\\\/2023\\\/02\\\/SMO_LOGO-03.svg\",\"url\":\"https:\\\/\\\/shrimataji.org\\\/test\\\/wp-content\\\/uploads\\\/2023\\\/02\\\/SMO_LOGO-03.svg\",\"contentUrl\":\"https:\\\/\\\/shrimataji.org\\\/test\\\/wp-content\\\/uploads\\\/2023\\\/02\\\/SMO_LOGO-03.svg\",\"width\":\"1024\",\"height\":\"1024\",\"caption\":\"Nirmala Shrivastava\"},\"logo\":{\"@id\":\"https:\\\/\\\/shrimataji.org\\\/test\\\/wp-content\\\/uploads\\\/2023\\\/02\\\/SMO_LOGO-03.svg\"},\"sameAs\":[\"https:\\\/\\\/shrimataji.org\\\/test\",\"https:\\\/\\\/www.facebook.com\\\/shrimataji\",\"https:\\\/\\\/x.com\\\/shrimataji\",\"https:\\\/\\\/www.youtube.com\\\/@Shri_Mataji_Nirmala_Devi\\\/featured\"]}]}<\/script>\n<!-- \/ Yoast SEO plugin. -->","yoast_head_json":{"title":"Tieto juurista - Hienorakenne - TEST - SMND","robots":{"index":"noindex","follow":"follow","max-snippet":"max-snippet:-1","max-image-preview":"max-image-preview:large","max-video-preview":"max-video-preview:-1"},"og_locale":"en_US","og_type":"article","og_title":"Tieto juurista - Hienorakenne - TEST - SMND","og_description":"Tieto juurista &#8211; Hienorakenne Ikivanha tieto sis\u00e4isest\u00e4 olemuksestamme T\u00e4rke\u00e4 osa joogan hallintaa on t\u00e4ydellinen ymm\u00e4rrys hienojakoisesta j\u00e4rjestelm\u00e4st\u00e4, joka toimii tietoisuutemme tienn\u00e4ytt\u00e4j\u00e4n\u00e4 sis\u00e4isen evoluutiomme kokemisessa. Muinaisissa intialaisissa veda-kirjoituksissa kuvataan hienojakoisen j\u00e4rjestelm\u00e4n koostuvan nadeista (nadi on kanava sanskritiksi). Kuten jokien l\u00e4pi virtaava vesi, nadit helpottavat hienojakoisten energioiden virtausta olemuksessamme. J\u00e4rjestelm\u00e4 sis\u00e4lt\u00e4\u00e4 my\u00f6s chakrat (chakra sanskritiksi tarkoittaa py\u00f6r\u00e4n&hellip; Read more","og_url":"https:\/\/shrimataji.org\/test\/fi\/tieto-juurista-hienorakenne\/","og_site_name":"TEST - SMND","article_publisher":"https:\/\/www.facebook.com\/shrimataji","article_modified_time":"2025-09-02T11:37:59+00:00","og_image":[{"width":2560,"height":905,"url":"https:\/\/shrimataji.org\/test\/wp-content\/uploads\/2023\/03\/7_Banner-SY-Roots-2-scaled.jpg","type":"image\/jpeg"}],"twitter_card":"summary_large_image","twitter_site":"@shrimataji","twitter_misc":{"Est. reading time":"3 minutes"},"schema":{"@context":"https:\/\/schema.org","@graph":[{"@type":"WebPage","@id":"https:\/\/shrimataji.org\/test\/fi\/tieto-juurista-hienorakenne\/","url":"https:\/\/shrimataji.org\/test\/fi\/tieto-juurista-hienorakenne\/","name":"Tieto juurista - Hienorakenne - TEST - SMND","isPartOf":{"@id":"https:\/\/shrimataji.org\/test\/#website"},"primaryImageOfPage":{"@id":"https:\/\/shrimataji.org\/test\/fi\/tieto-juurista-hienorakenne\/#primaryimage"},"image":{"@id":"https:\/\/shrimataji.org\/test\/fi\/tieto-juurista-hienorakenne\/#primaryimage"},"thumbnailUrl":"https:\/\/shrimataji.org\/test\/wp-content\/uploads\/2023\/03\/7_Banner-SY-Roots-2-scaled.jpg","datePublished":"2022-01-29T10:02:47+00:00","dateModified":"2025-09-02T11:37:59+00:00","breadcrumb":{"@id":"https:\/\/shrimataji.org\/test\/fi\/tieto-juurista-hienorakenne\/#breadcrumb"},"inLanguage":"en-US","potentialAction":[{"@type":"ReadAction","target":["https:\/\/shrimataji.org\/test\/fi\/tieto-juurista-hienorakenne\/"]}]},{"@type":"ImageObject","inLanguage":"en-US","@id":"https:\/\/shrimataji.org\/test\/fi\/tieto-juurista-hienorakenne\/#primaryimage","url":"https:\/\/shrimataji.org\/test\/wp-content\/uploads\/2023\/03\/7_Banner-SY-Roots-2-scaled.jpg","contentUrl":"https:\/\/shrimataji.org\/test\/wp-content\/uploads\/2023\/03\/7_Banner-SY-Roots-2-scaled.jpg","width":2560,"height":905},{"@type":"BreadcrumbList","@id":"https:\/\/shrimataji.org\/test\/fi\/tieto-juurista-hienorakenne\/#breadcrumb","itemListElement":[{"@type":"ListItem","position":1,"name":"Home","item":"https:\/\/shrimataji.org\/test\/uk\/home-en\/"},{"@type":"ListItem","position":2,"name":"Tieto juurista &#8211; Hienorakenne"}]},{"@type":"WebSite","@id":"https:\/\/shrimataji.org\/test\/#website","url":"https:\/\/shrimataji.org\/test\/","name":"Shri Mataji Nirmala Devi","description":"A Life Dedicated to Humanity","publisher":{"@id":"https:\/\/shrimataji.org\/test\/#\/schema\/person\/a1b3419c6585f164aa96da1ff85715d1"},"potentialAction":[{"@type":"SearchAction","target":{"@type":"EntryPoint","urlTemplate":"https:\/\/shrimataji.org\/test\/?s={search_term_string}"},"query-input":{"@type":"PropertyValueSpecification","valueRequired":true,"valueName":"search_term_string"}}],"inLanguage":"en-US"},{"@type":["Person","Organization"],"@id":"https:\/\/shrimataji.org\/test\/#\/schema\/person\/a1b3419c6585f164aa96da1ff85715d1","name":"Nirmala Shrivastava","image":{"@type":"ImageObject","inLanguage":"en-US","@id":"https:\/\/shrimataji.org\/test\/wp-content\/uploads\/2023\/02\/SMO_LOGO-03.svg","url":"https:\/\/shrimataji.org\/test\/wp-content\/uploads\/2023\/02\/SMO_LOGO-03.svg","contentUrl":"https:\/\/shrimataji.org\/test\/wp-content\/uploads\/2023\/02\/SMO_LOGO-03.svg","width":"1024","height":"1024","caption":"Nirmala Shrivastava"},"logo":{"@id":"https:\/\/shrimataji.org\/test\/wp-content\/uploads\/2023\/02\/SMO_LOGO-03.svg"},"sameAs":["https:\/\/shrimataji.org\/test","https:\/\/www.facebook.com\/shrimataji","https:\/\/x.com\/shrimataji","https:\/\/www.youtube.com\/@Shri_Mataji_Nirmala_Devi\/featured"]}]}},"lang":"fi","translations":{"fi":12595,"ur":37451,"en":6394,"am":18023,"th":19978,"hu":19503,"sq":18424,"zh":17321,"hi":8288,"tr":10174,"pt":10386,"de":10660,"fr":10758,"it":10856,"es":10953,"ja":11250,"ru":11438,"bn":11630,"te":11738,"sw":11861,"he":12009,"el":12301,"sk":12399,"fa":12497,"bg":13395,"ro":14469,"cs":14662,"nl":16584,"ku":16744,"ar":16920,"be":18631,"kn":18905,"mr":20342,"uk":20634,"ml":20929,"ta":22742,"sv":23014,"gu":28856,"pa":29016,"fil":29460,"da":37764,"pl":37976,"nn":38316},"pll_sync_post":[],"_links":{"self":[{"href":"https:\/\/shrimataji.org\/test\/wp-json\/wp\/v2\/pages\/12595","targetHints":{"allow":["GET"]}}],"collection":[{"href":"https:\/\/shrimataji.org\/test\/wp-json\/wp\/v2\/pages"}],"about":[{"href":"https:\/\/shrimataji.org\/test\/wp-json\/wp\/v2\/types\/page"}],"author":[{"embeddable":true,"href":"https:\/\/shrimataji.org\/test\/wp-json\/wp\/v2\/users\/29"}],"replies":[{"embeddable":true,"href":"https:\/\/shrimataji.org\/test\/wp-json\/wp\/v2\/comments?post=12595"}],"version-history":[{"count":0,"href":"https:\/\/shrimataji.org\/test\/wp-json\/wp\/v2\/pages\/12595\/revisions"}],"wp:featuredmedia":[{"embeddable":true,"href":"https:\/\/shrimataji.org\/test\/wp-json\/wp\/v2\/media\/9242"}],"wp:attachment":[{"href":"https:\/\/shrimataji.org\/test\/wp-json\/wp\/v2\/media?parent=12595"}],"curies":[{"name":"wp","href":"https:\/\/api.w.org\/{rel}","templated":true}]}}