{"id":12596,"date":"2022-01-29T10:17:23","date_gmt":"2022-01-29T10:17:23","guid":{"rendered":"https:\/\/test.shrimataji.org\/?page_id=6401"},"modified":"2025-07-09T19:14:09","modified_gmt":"2025-07-09T19:14:09","slug":"kundaliini","status":"publish","type":"page","link":"https:\/\/shrimataji.org\/test\/fi\/kundaliini\/","title":{"rendered":"Kundaliini"},"content":{"rendered":"\n\n\t<h1>Kundaliini<\/h1>\n<h2>Rakkauden evoluutiovoima<\/h2>\n\t<div class=\"su-quote su-quote-style-default\"><div class=\"su-quote-inner su-u-clearfix su-u-trim\">N\u00e4in esiaikaisen Kundaliinin nousevan kuin suuri sulatusuuni, ja uuni oli hyvin hiljainen, mutta se n\u00e4ytti palavalta: kuin jos kuumentaa jotain metallia ja siin\u00e4 on monia v\u00e4rej\u00e4, samalla tavalla Kundaliini nousi esiin kuin valtava sulatusuuni, kuin, voi sanoa, kuin uuni, joka on kuin tunneli, kuin n\u00e4m\u00e4 hiilt\u00e4 polttavat laitokset, jotka tuottavat s\u00e4hk\u00f6\u00e4, ja se venyi kuin teleskooppi, osa toisensa j\u00e4lkeen tuli ulos &#8211; shuu, shuu, shuu &#8211; sill\u00e4 tavalla.<\/div><\/div>\n\t<h4>Shri Matajin sis\u00e4isest\u00e4 henkisest\u00e4 Kundaliinin her\u00e4\u00e4misen kokemuksesta ja sen monimutkaisesta toiminnasta hienojakoisessa j\u00e4rjestelm\u00e4ss\u00e4mme tuli Sahaja Yoga -meditaation perusta, jota H\u00e4n levitti koko maailmaan. T\u00e4m\u00e4n alan ehdottomana mestarina ja auktoriteettina H\u00e4n kuvailee yksityiskohtaisesti, miten Kundaliini hyvin varhaisessa vaiheessa tulee sis\u00e4\u00e4n siki\u00f6\u00f6n, sen jumalallista luonnetta ja syit\u00e4 siihen, miksi t\u00e4m\u00e4 vahva jumalallisen rakkauden voima kunnioittaa vapauttamme eik\u00e4 puutu vapaaseen tahtoomme.<\/h4>\n<p>Vain puhdas halumme kokea absoluuttinen totuus saa t\u00e4m\u00e4n henkisen voiman her\u00e4\u00e4m\u00e4\u00e4n tietoisuudessamme ja johtaa itseoivallukseemme.<\/p>\n\t<p>Jokaisessa ihmisess\u00e4 on t\u00e4m\u00e4 hienojakoinen, feminiininen henkisen energian arkkityyppinen muoto, joka sijaitsee ristiluussa, suuressa, kolmiomaisessa luussa selk\u00e4rangan tyvess\u00e4. T\u00e4m\u00e4 feminiininen energia tunnetaan sanskritiksi nimell\u00e4 Kundaliini, joka tarkoittaa kiertynytt\u00e4, koska se on kiertynyt kolmelle ja puolelle kierrokselle. Kun Kundaliini her\u00e4\u00e4, se nousee selk\u00e4rangan l\u00e4pi ja kulkee energiakeskuksiemme &#8211; <a href=\"https:\/\/shrimataji.org\/test\/fi\/chakrat-ja-ominaisuudet\/\" target=\"_blank\" rel=\"noopener\"><u>chakrojen<\/u><\/a> &#8211; l\u00e4pi, nousten ulos fontanellin alueelta, joka on vauvoilla pehme\u00e4 osa p\u00e4\u00e4lakea. Kun Kundaliini kulkee t\u00e4m\u00e4n kohdan l\u00e4pi, koemme sen lempe\u00e4n viile\u00e4n\u00e4 tuulahduksena, ik\u00e4\u00e4n kuin suihkul\u00e4hteen virtauksena. Mielenkiintoista on, ett\u00e4 nimi fontanelli on per\u00e4isin vanhasta ranskalaisesta sanasta &#8216;fontanelle&#8217;, joka tarkoittaa &#8220;pient\u00e4 suihkul\u00e4hdett\u00e4&#8221;.<\/p>\n<p>Kundaliini on heijastus Jumalan rakkauden ikuisesta voimasta, kaiken luomisen l\u00e4hteest\u00e4. Se on universaali voima, joka ajattelee, ymm\u00e4rt\u00e4\u00e4, koordinoi, toimii yhdess\u00e4 ja kehitt\u00e4\u00e4 kaikkea harmonisesti pienimmist\u00e4 atomihiukkasista yksisoluisiin el\u00e4m\u00e4nmuotoihin.<\/p>\n\t\t\t\t<a href=\"https:\/\/shrimataji.org\/test\/wp-content\/uploads\/2023\/02\/1a-Kundalini-01.png\"  target=\"_blank\" rel=\"noopener\"  itemprop=\"url\">\n\t\t\t\t<img decoding=\"async\" src=\"https:\/\/shrimataji.org\/test\/wp-content\/uploads\/2025\/04\/1a-Kundalini-01-1-scaled.png\" alt=\"1a-Kundalini-01\" itemprop=\"image\" height=\"2560\" width=\"2402\" title=\"1a-Kundalini-01\" onerror=\"this.style.display='none'\" loading='lazy' \/>\n\t\t\t\t<\/a>\n\t\t\t\t<img decoding=\"async\" src=\"https:\/\/shrimataji.org\/test\/wp-content\/uploads\/2023\/02\/Sacrum-1-scaled.jpg\" alt=\"Sacrum\" itemprop=\"image\" height=\"2225\" width=\"2560\" title=\"Sacrum\" onerror=\"this.style.display='none'\" loading='lazy' \/>\n\t<p>Shri Mataji huomautti, ett\u00e4 vaikka tietoa Kundaliinista on pidetty salassa tiettyjen joogaperinteiden lahkoissa, kuten Natha Panthissa, Kundaliinista on runsaasti viitteit\u00e4 monissa muinaisissa kulttuureissa ja perinteiss\u00e4. N\u00e4ihin kuuluvat muinaiset viittaukset selk\u00e4rangan tyvess\u00e4 olevaan kolmionmuotoiseen luuhun, jossa Kundaliini asustaa, nimelt\u00e4\u00e4n &#8216;os sacrum&#8217;, joka tarkoittaa pyh\u00e4\u00e4 ja joka on johdettu suorana k\u00e4\u00e4nn\u00f6ksen\u00e4 vanhemmasta kreikan kielen sanasta &#8216;hieron osteon&#8217;. L\u00f6ytyy my\u00f6s viittauksia muinaiseen egyptil\u00e4iseen kulttuuriin, jossa t\u00e4t\u00e4 pidettiin Osiriksen, yl\u00f6snousemuksen ja maanviljelyn jumalan pyh\u00e4n\u00e4 luuna. T\u00e4h\u00e4n pyh\u00e4\u00e4n luuhun viitataan my\u00f6s Raamatussa Psalmien kirjassa 34:21: &#8220;H\u00e4n varjelee kaikkia h\u00e4nen luitaan, yksik\u00e4\u00e4n niist\u00e4 ei murru.&#8221; Caduceus, josta tuli keskiajan Euroopassa alkemian ja farmasian symboli, esitt\u00e4\u00e4 kahta k\u00e4\u00e4rmett\u00e4, jotka kiertyv\u00e4t seitsem\u00e4n kertaa sauvaa pitkin yl\u00f6sp\u00e4in. Monissa muinaisissa taideteoksissa on kuvattu Kundaliinin kolmen ja puolen kierroksen muoto. Kaikki t\u00e4m\u00e4 osoittaa, ett\u00e4 ihmiset ovat kautta historian olleet t\u00e4m\u00e4n hienovaraisen voiman ohjaamia tiedostamattaan.<\/p>\n\t<div class=\"epyt-video-wrapper\"><div  data-ep-a=\"fadeIn\"  style=\"display: block; margin: 0px auto;\"  id=\"_ytid_89539\"  width=\"3840\" height=\"2160\"  data-origwidth=\"3840\" data-origheight=\"2160\" data-facadesrc=\"https:\/\/www.youtube.com\/embed\/d9vKBI_X_QY?enablejsapi=1&autoplay=0&cc_load_policy=0&cc_lang_pref=&iv_load_policy=1&loop=0&rel=0&fs=1&playsinline=1&autohide=2&theme=dark&color=red&controls=1&disablekb=0&\" class=\"__youtube_prefs__ epyt-facade  no-lazyload\" data-epautoplay=\"1\" ><img decoding=\"async\" data-spai-excluded=\"true\" class=\"epyt-facade-poster skip-lazy\" loading=\"lazy\"  alt=\"YouTube player\"  src=\"https:\/\/i.ytimg.com\/vi\/d9vKBI_X_QY\/maxresdefault.jpg\"  \/><button class=\"epyt-facade-play\" aria-label=\"Play\"><svg data-no-lazy=\"1\" height=\"100%\" version=\"1.1\" viewBox=\"0 0 68 48\" width=\"100%\"><path class=\"ytp-large-play-button-bg\" d=\"M66.52,7.74c-0.78-2.93-2.49-5.41-5.42-6.19C55.79,.13,34,0,34,0S12.21,.13,6.9,1.55 C3.97,2.33,2.27,4.81,1.48,7.74C0.06,13.05,0,24,0,24s0.06,10.95,1.48,16.26c0.78,2.93,2.49,5.41,5.42,6.19 C12.21,47.87,34,48,34,48s21.79-0.13,27.1-1.55c2.93-0.78,4.64-3.26,5.42-6.19C67.94,34.95,68,24,68,24S67.94,13.05,66.52,7.74z\" fill=\"#f00\"><\/path><path d=\"M 45,24 27,14 27,34\" fill=\"#fff\"><\/path><\/svg><\/button><\/div><\/div><span itemprop=\"video\" itemscope itemtype=\"http:\/\/schema.org\/VideoObject\"><meta itemprop=\"embedUrl\" content=\"https:\/\/www.youtube.com\/embed\/d9vKBI_X_QY\"><meta itemprop=\"name\" content=\"Kundalini, the pure desire\"><meta itemprop=\"description\" content=\"YouTube video\"><meta itemprop=\"thumbnailUrl\" content=\"https:\/\/i.ytimg.com\/vi\/d9vKBI_X_QY\/0.jpg\"><meta itemprop=\"duration\" content=\"PT3M57S\"><meta itemprop=\"uploadDate\" content=\"2022-11-12T03:31:46Z\"><\/span>\n\t<p>Shri Mataji selvitti monia v\u00e4\u00e4ri\u00e4 k\u00e4sityksi\u00e4 siit\u00e4, ett\u00e4 Kundaliinin her\u00e4\u00e4minen olisi vaarallista tai haitallista. H\u00e4n esitti selke\u00e4n analogian Kundaliinista omana sis\u00e4ll\u00e4mme olevana henkisen\u00e4 \u00e4itin\u00e4mme, joka kulkee mukana el\u00e4m\u00e4mme matkalla monien syntymien l\u00e4pi ja odottaa k\u00e4rsiv\u00e4llisesti, kunnes haluamme saada itseoivalluksemme. Miss\u00e4\u00e4n luonnon lajissa maan p\u00e4\u00e4ll\u00e4 ei tapahdu niin, ett\u00e4 \u00e4iti vahingoittaisi omaa lastaan. Pikemminkin \u00e4iti on se, joka suojelee, hoivaa ja tukee lasta, jotta se voi saavuttaa t\u00e4yden evoluutiopotentiaalinsa.<\/p>\n<h5>&#8220;Muotoa vailla, mutta t\u00e4ydellinen, ollut olemassa ennen taivasta ja maata. Hiljainen ja rajaton, yksin ja muuttumaton. Kaikkialle levitt\u00e4ytyv\u00e4, mutta v\u00e4sym\u00e4t\u00f6n. Se on kaiken taivaan alla olevan \u00e4iti. En tied\u00e4 sen nime\u00e4, joten kutsun sit\u00e4 Taoksi.&#8221;<\/h5>\n<h5>Lao-tse &#8211; Tao-te-king<\/h5>\n<p>Monet intialaiset pyhimykset, kuten Adi Shankaracharya (700 jKr.), Kabir (1400 jKr.) ja Jnanadeva (1200 jKr.) ovat kuvailleet t\u00e4t\u00e4 mystist\u00e4 Kundaliini-kokemusta.<\/p>\n<p>Kundaliini-energia on yleens\u00e4 lepotilassa. Itseoivalluksen tavoitteena on her\u00e4tt\u00e4\u00e4 t\u00e4m\u00e4 energia niin, ett\u00e4 sen ominaisuudet tulevat esiin. Se voidaan her\u00e4tt\u00e4\u00e4 puhtaan halumme voimalla &#8211; halun tuntea todellinen itsemme, henkemme. Ajatuksemme ja tunteemme k\u00e4tkev\u00e4t meilt\u00e4 usein todellisen itsemme, mutta kun Kundaliini nousee, se vie meid\u00e4t spontaanisti meditaation tilaan, jolloin puhdas henkemme voi ilmenty\u00e4 hiljaisessa huomiossamme. N\u00e4in voimme irrottautua ajatuksista ja tunteista ja kokea sen puhtaan ilon ja rauhan, joka on ikuisesti olemassa meiss\u00e4 kaikissa.<\/p>\n<h5>&#8220;K\u00e4\u00e4ntym\u00e4ll\u00e4 pois materialismista&#8230; olen astunut mielen taivaalle ja avannut kymmenennen portin. Kierteisen Kundaliini-energian chakrat ovat avautuneet, ja olen kohdannut Valtiaani, Herrani Kuninkaani, ilman pelkoa&#8221;<\/h5>\n<h5>Sant Kabir<\/h5>\n<p>Kundaliinin vaikutukset tuntuvat hienojakoisessa j\u00e4rjestelm\u00e4ss\u00e4, jota fyysisell\u00e4 tasolla edustaa keskushermosto. Kun Kundaliini nousee, se kulkee chakrojen l\u00e4pi, jotka vastaavat selk\u00e4rangan p\u00e4\u00e4hermopunoksia. Shri Mataji selitti, ett\u00e4 Kundaliinimme voidaan kuvitella k\u00f6ydeksi, jossa on miljoonia s\u00e4ikeit\u00e4. Kun saamme ensimm\u00e4isen kerran itseoivalluksen, vain yksi tai kaksi s\u00e4iett\u00e4 l\u00f6yt\u00e4\u00e4 tiens\u00e4 chakrojen l\u00e4pi saavuttaakseen Sahasraran p\u00e4\u00e4laella. P\u00e4ivitt\u00e4isen meditaation my\u00f6t\u00e4 yh\u00e4 useammat Kundaliini-s\u00e4ikeet nousevat, mik\u00e4 vahvistaa yhteytt\u00e4mme meditaatiokokemukseen, joka syvenee, muuttuu syv\u00e4llisemm\u00e4ksi ja autuaammaksi.<\/p>\n<p>&nbsp;<\/p>\n<div class=\"su-quote su-quote-style-default\"><div class=\"su-quote-inner su-u-clearfix su-u-trim\">Ongelma on siin\u00e4, miten poistaa ajatus mielest\u00e4\u00e4n. Ajatuksia on mieless\u00e4mme koko ajan&#8230; mutta kun Kundaliini nousee, n\u00e4m\u00e4 ajatukset venyv\u00e4t&#8230; ja ajatusten v\u00e4liin j\u00e4\u00e4 aukko, ja t\u00e4m\u00e4 aukko on rauhamme paikka. Jos saavuttaa tuon rauhan, maailmanrauha on mahdollista saavuttaa. Pelkill\u00e4 plakaateilla ja rauhan puolesta huutamisella ei rauhaa saavuteta. Rauhan on tultava ihmisten syd\u00e4mist\u00e4. Rauha voi synty\u00e4 ihmisten syd\u00e4miin vain, kun asetatte Hengen syd\u00e4men ytimeen, jossa se ilment\u00e4\u00e4 rauhan autuutta. Kun alatte nauttia rauhan autuudesta, ette halua sotia, ette ajattele sotaa, ja se on tila, johon ihmisten on nyt noustava ja johon heid\u00e4n on ment\u00e4v\u00e4.<\/div><\/div>\n\n","protected":false},"excerpt":{"rendered":"<p>Kundaliini Rakkauden evoluutiovoima Shri Matajin sis\u00e4isest\u00e4 henkisest\u00e4 Kundaliinin her\u00e4\u00e4misen kokemuksesta ja sen monimutkaisesta toiminnasta hienojakoisessa j\u00e4rjestelm\u00e4ss\u00e4mme tuli Sahaja Yoga -meditaation perusta, jota H\u00e4n levitti koko maailmaan. T\u00e4m\u00e4n alan ehdottomana mestarina ja auktoriteettina H\u00e4n kuvailee yksityiskohtaisesti, miten Kundaliini hyvin varhaisessa vaiheessa tulee sis\u00e4\u00e4n siki\u00f6\u00f6n, sen jumalallista luonnetta ja syit\u00e4 siihen, miksi t\u00e4m\u00e4 vahva jumalallisen rakkauden voima&hellip; <br \/> <a class=\"read-more\" href=\"https:\/\/shrimataji.org\/test\/fi\/kundaliini\/\">Read more<\/a><\/p>\n","protected":false},"author":29,"featured_media":9244,"parent":0,"menu_order":0,"comment_status":"closed","ping_status":"closed","template":"","meta":{"inline_featured_image":false,"footnotes":""},"class_list":["post-12596","page","type-page","status-publish","has-post-thumbnail","hentry"],"yoast_head":"<!-- This site is optimized with the Yoast SEO plugin v27.4 - https:\/\/yoast.com\/product\/yoast-seo-wordpress\/ -->\n<title>Kundaliini - TEST - SMND<\/title>\n<meta name=\"robots\" content=\"noindex, follow, max-snippet:-1, max-image-preview:large, max-video-preview:-1\" \/>\n<meta property=\"og:locale\" content=\"en_US\" \/>\n<meta property=\"og:type\" content=\"article\" \/>\n<meta property=\"og:title\" content=\"Kundaliini - TEST - SMND\" \/>\n<meta property=\"og:description\" content=\"Kundaliini Rakkauden evoluutiovoima Shri Matajin sis\u00e4isest\u00e4 henkisest\u00e4 Kundaliinin her\u00e4\u00e4misen kokemuksesta ja sen monimutkaisesta toiminnasta hienojakoisessa j\u00e4rjestelm\u00e4ss\u00e4mme tuli Sahaja Yoga -meditaation perusta, jota H\u00e4n levitti koko maailmaan. T\u00e4m\u00e4n alan ehdottomana mestarina ja auktoriteettina H\u00e4n kuvailee yksityiskohtaisesti, miten Kundaliini hyvin varhaisessa vaiheessa tulee sis\u00e4\u00e4n siki\u00f6\u00f6n, sen jumalallista luonnetta ja syit\u00e4 siihen, miksi t\u00e4m\u00e4 vahva jumalallisen rakkauden voima&hellip; Read more\" \/>\n<meta property=\"og:url\" content=\"https:\/\/shrimataji.org\/test\/fi\/kundaliini\/\" \/>\n<meta property=\"og:site_name\" content=\"TEST - SMND\" \/>\n<meta property=\"article:publisher\" content=\"https:\/\/www.facebook.com\/shrimataji\" \/>\n<meta property=\"article:modified_time\" content=\"2025-07-09T19:14:09+00:00\" \/>\n<meta property=\"og:image\" content=\"https:\/\/shrimataji.org\/test\/wp-content\/uploads\/2023\/03\/9_Banner-SY-Kundalini-scaled.jpg\" \/>\n\t<meta property=\"og:image:width\" content=\"2560\" \/>\n\t<meta property=\"og:image:height\" content=\"905\" \/>\n\t<meta property=\"og:image:type\" content=\"image\/jpeg\" \/>\n<meta name=\"twitter:card\" content=\"summary_large_image\" \/>\n<meta name=\"twitter:site\" content=\"@shrimataji\" \/>\n<meta name=\"twitter:label1\" content=\"Est. reading time\" \/>\n\t<meta name=\"twitter:data1\" content=\"4 minutes\" \/>\n<script type=\"application\/ld+json\" class=\"yoast-schema-graph\">{\"@context\":\"https:\\\/\\\/schema.org\",\"@graph\":[{\"@type\":\"WebPage\",\"@id\":\"https:\\\/\\\/shrimataji.org\\\/test\\\/fi\\\/kundaliini\\\/\",\"url\":\"https:\\\/\\\/shrimataji.org\\\/test\\\/fi\\\/kundaliini\\\/\",\"name\":\"Kundaliini - TEST - SMND\",\"isPartOf\":{\"@id\":\"https:\\\/\\\/shrimataji.org\\\/test\\\/#website\"},\"primaryImageOfPage\":{\"@id\":\"https:\\\/\\\/shrimataji.org\\\/test\\\/fi\\\/kundaliini\\\/#primaryimage\"},\"image\":{\"@id\":\"https:\\\/\\\/shrimataji.org\\\/test\\\/fi\\\/kundaliini\\\/#primaryimage\"},\"thumbnailUrl\":\"https:\\\/\\\/shrimataji.org\\\/test\\\/wp-content\\\/uploads\\\/2023\\\/03\\\/9_Banner-SY-Kundalini-scaled.jpg\",\"datePublished\":\"2022-01-29T10:17:23+00:00\",\"dateModified\":\"2025-07-09T19:14:09+00:00\",\"breadcrumb\":{\"@id\":\"https:\\\/\\\/shrimataji.org\\\/test\\\/fi\\\/kundaliini\\\/#breadcrumb\"},\"inLanguage\":\"en-US\",\"potentialAction\":[{\"@type\":\"ReadAction\",\"target\":[\"https:\\\/\\\/shrimataji.org\\\/test\\\/fi\\\/kundaliini\\\/\"]}]},{\"@type\":\"ImageObject\",\"inLanguage\":\"en-US\",\"@id\":\"https:\\\/\\\/shrimataji.org\\\/test\\\/fi\\\/kundaliini\\\/#primaryimage\",\"url\":\"https:\\\/\\\/shrimataji.org\\\/test\\\/wp-content\\\/uploads\\\/2023\\\/03\\\/9_Banner-SY-Kundalini-scaled.jpg\",\"contentUrl\":\"https:\\\/\\\/shrimataji.org\\\/test\\\/wp-content\\\/uploads\\\/2023\\\/03\\\/9_Banner-SY-Kundalini-scaled.jpg\",\"width\":2560,\"height\":905},{\"@type\":\"BreadcrumbList\",\"@id\":\"https:\\\/\\\/shrimataji.org\\\/test\\\/fi\\\/kundaliini\\\/#breadcrumb\",\"itemListElement\":[{\"@type\":\"ListItem\",\"position\":1,\"name\":\"Home\",\"item\":\"https:\\\/\\\/shrimataji.org\\\/test\\\/uk\\\/home-en\\\/\"},{\"@type\":\"ListItem\",\"position\":2,\"name\":\"Kundaliini\"}]},{\"@type\":\"WebSite\",\"@id\":\"https:\\\/\\\/shrimataji.org\\\/test\\\/#website\",\"url\":\"https:\\\/\\\/shrimataji.org\\\/test\\\/\",\"name\":\"Shri Mataji Nirmala Devi\",\"description\":\"A Life Dedicated to Humanity\",\"publisher\":{\"@id\":\"https:\\\/\\\/shrimataji.org\\\/test\\\/#\\\/schema\\\/person\\\/a1b3419c6585f164aa96da1ff85715d1\"},\"potentialAction\":[{\"@type\":\"SearchAction\",\"target\":{\"@type\":\"EntryPoint\",\"urlTemplate\":\"https:\\\/\\\/shrimataji.org\\\/test\\\/?s={search_term_string}\"},\"query-input\":{\"@type\":\"PropertyValueSpecification\",\"valueRequired\":true,\"valueName\":\"search_term_string\"}}],\"inLanguage\":\"en-US\"},{\"@type\":[\"Person\",\"Organization\"],\"@id\":\"https:\\\/\\\/shrimataji.org\\\/test\\\/#\\\/schema\\\/person\\\/a1b3419c6585f164aa96da1ff85715d1\",\"name\":\"Nirmala Shrivastava\",\"image\":{\"@type\":\"ImageObject\",\"inLanguage\":\"en-US\",\"@id\":\"https:\\\/\\\/shrimataji.org\\\/test\\\/wp-content\\\/uploads\\\/2023\\\/02\\\/SMO_LOGO-03.svg\",\"url\":\"https:\\\/\\\/shrimataji.org\\\/test\\\/wp-content\\\/uploads\\\/2023\\\/02\\\/SMO_LOGO-03.svg\",\"contentUrl\":\"https:\\\/\\\/shrimataji.org\\\/test\\\/wp-content\\\/uploads\\\/2023\\\/02\\\/SMO_LOGO-03.svg\",\"width\":\"1024\",\"height\":\"1024\",\"caption\":\"Nirmala Shrivastava\"},\"logo\":{\"@id\":\"https:\\\/\\\/shrimataji.org\\\/test\\\/wp-content\\\/uploads\\\/2023\\\/02\\\/SMO_LOGO-03.svg\"},\"sameAs\":[\"https:\\\/\\\/shrimataji.org\\\/test\",\"https:\\\/\\\/www.facebook.com\\\/shrimataji\",\"https:\\\/\\\/x.com\\\/shrimataji\",\"https:\\\/\\\/www.youtube.com\\\/@Shri_Mataji_Nirmala_Devi\\\/featured\"]}]}<\/script>\n<!-- \/ Yoast SEO plugin. -->","yoast_head_json":{"title":"Kundaliini - TEST - SMND","robots":{"index":"noindex","follow":"follow","max-snippet":"max-snippet:-1","max-image-preview":"max-image-preview:large","max-video-preview":"max-video-preview:-1"},"og_locale":"en_US","og_type":"article","og_title":"Kundaliini - TEST - SMND","og_description":"Kundaliini Rakkauden evoluutiovoima Shri Matajin sis\u00e4isest\u00e4 henkisest\u00e4 Kundaliinin her\u00e4\u00e4misen kokemuksesta ja sen monimutkaisesta toiminnasta hienojakoisessa j\u00e4rjestelm\u00e4ss\u00e4mme tuli Sahaja Yoga -meditaation perusta, jota H\u00e4n levitti koko maailmaan. T\u00e4m\u00e4n alan ehdottomana mestarina ja auktoriteettina H\u00e4n kuvailee yksityiskohtaisesti, miten Kundaliini hyvin varhaisessa vaiheessa tulee sis\u00e4\u00e4n siki\u00f6\u00f6n, sen jumalallista luonnetta ja syit\u00e4 siihen, miksi t\u00e4m\u00e4 vahva jumalallisen rakkauden voima&hellip; Read more","og_url":"https:\/\/shrimataji.org\/test\/fi\/kundaliini\/","og_site_name":"TEST - SMND","article_publisher":"https:\/\/www.facebook.com\/shrimataji","article_modified_time":"2025-07-09T19:14:09+00:00","og_image":[{"width":2560,"height":905,"url":"https:\/\/shrimataji.org\/test\/wp-content\/uploads\/2023\/03\/9_Banner-SY-Kundalini-scaled.jpg","type":"image\/jpeg"}],"twitter_card":"summary_large_image","twitter_site":"@shrimataji","twitter_misc":{"Est. reading time":"4 minutes"},"schema":{"@context":"https:\/\/schema.org","@graph":[{"@type":"WebPage","@id":"https:\/\/shrimataji.org\/test\/fi\/kundaliini\/","url":"https:\/\/shrimataji.org\/test\/fi\/kundaliini\/","name":"Kundaliini - TEST - SMND","isPartOf":{"@id":"https:\/\/shrimataji.org\/test\/#website"},"primaryImageOfPage":{"@id":"https:\/\/shrimataji.org\/test\/fi\/kundaliini\/#primaryimage"},"image":{"@id":"https:\/\/shrimataji.org\/test\/fi\/kundaliini\/#primaryimage"},"thumbnailUrl":"https:\/\/shrimataji.org\/test\/wp-content\/uploads\/2023\/03\/9_Banner-SY-Kundalini-scaled.jpg","datePublished":"2022-01-29T10:17:23+00:00","dateModified":"2025-07-09T19:14:09+00:00","breadcrumb":{"@id":"https:\/\/shrimataji.org\/test\/fi\/kundaliini\/#breadcrumb"},"inLanguage":"en-US","potentialAction":[{"@type":"ReadAction","target":["https:\/\/shrimataji.org\/test\/fi\/kundaliini\/"]}]},{"@type":"ImageObject","inLanguage":"en-US","@id":"https:\/\/shrimataji.org\/test\/fi\/kundaliini\/#primaryimage","url":"https:\/\/shrimataji.org\/test\/wp-content\/uploads\/2023\/03\/9_Banner-SY-Kundalini-scaled.jpg","contentUrl":"https:\/\/shrimataji.org\/test\/wp-content\/uploads\/2023\/03\/9_Banner-SY-Kundalini-scaled.jpg","width":2560,"height":905},{"@type":"BreadcrumbList","@id":"https:\/\/shrimataji.org\/test\/fi\/kundaliini\/#breadcrumb","itemListElement":[{"@type":"ListItem","position":1,"name":"Home","item":"https:\/\/shrimataji.org\/test\/uk\/home-en\/"},{"@type":"ListItem","position":2,"name":"Kundaliini"}]},{"@type":"WebSite","@id":"https:\/\/shrimataji.org\/test\/#website","url":"https:\/\/shrimataji.org\/test\/","name":"Shri Mataji Nirmala Devi","description":"A Life Dedicated to Humanity","publisher":{"@id":"https:\/\/shrimataji.org\/test\/#\/schema\/person\/a1b3419c6585f164aa96da1ff85715d1"},"potentialAction":[{"@type":"SearchAction","target":{"@type":"EntryPoint","urlTemplate":"https:\/\/shrimataji.org\/test\/?s={search_term_string}"},"query-input":{"@type":"PropertyValueSpecification","valueRequired":true,"valueName":"search_term_string"}}],"inLanguage":"en-US"},{"@type":["Person","Organization"],"@id":"https:\/\/shrimataji.org\/test\/#\/schema\/person\/a1b3419c6585f164aa96da1ff85715d1","name":"Nirmala Shrivastava","image":{"@type":"ImageObject","inLanguage":"en-US","@id":"https:\/\/shrimataji.org\/test\/wp-content\/uploads\/2023\/02\/SMO_LOGO-03.svg","url":"https:\/\/shrimataji.org\/test\/wp-content\/uploads\/2023\/02\/SMO_LOGO-03.svg","contentUrl":"https:\/\/shrimataji.org\/test\/wp-content\/uploads\/2023\/02\/SMO_LOGO-03.svg","width":"1024","height":"1024","caption":"Nirmala Shrivastava"},"logo":{"@id":"https:\/\/shrimataji.org\/test\/wp-content\/uploads\/2023\/02\/SMO_LOGO-03.svg"},"sameAs":["https:\/\/shrimataji.org\/test","https:\/\/www.facebook.com\/shrimataji","https:\/\/x.com\/shrimataji","https:\/\/www.youtube.com\/@Shri_Mataji_Nirmala_Devi\/featured"]}]}},"lang":"fi","translations":{"fi":12596,"am":18025,"th":19981,"hu":19505,"be":6401,"sq":18426,"zh":17323,"hi":8293,"tr":10175,"pt":10387,"de":10661,"fr":10759,"it":10857,"es":10954,"ja":11251,"ru":11439,"bn":11631,"te":11739,"sw":11862,"he":12010,"el":12302,"sk":12400,"fa":12498,"bg":13390,"ro":14464,"cs":14657,"nl":16586,"ku":16746,"ar":16922,"kn":18907,"mr":20345,"uk":20637,"ml":20932,"ta":22744,"sv":23016,"gu":28858,"pa":29018},"pll_sync_post":[],"_links":{"self":[{"href":"https:\/\/shrimataji.org\/test\/wp-json\/wp\/v2\/pages\/12596","targetHints":{"allow":["GET"]}}],"collection":[{"href":"https:\/\/shrimataji.org\/test\/wp-json\/wp\/v2\/pages"}],"about":[{"href":"https:\/\/shrimataji.org\/test\/wp-json\/wp\/v2\/types\/page"}],"author":[{"embeddable":true,"href":"https:\/\/shrimataji.org\/test\/wp-json\/wp\/v2\/users\/29"}],"replies":[{"embeddable":true,"href":"https:\/\/shrimataji.org\/test\/wp-json\/wp\/v2\/comments?post=12596"}],"version-history":[{"count":0,"href":"https:\/\/shrimataji.org\/test\/wp-json\/wp\/v2\/pages\/12596\/revisions"}],"wp:featuredmedia":[{"embeddable":true,"href":"https:\/\/shrimataji.org\/test\/wp-json\/wp\/v2\/media\/9244"}],"wp:attachment":[{"href":"https:\/\/shrimataji.org\/test\/wp-json\/wp\/v2\/media?parent=12596"}],"curies":[{"name":"wp","href":"https:\/\/api.w.org\/{rel}","templated":true}]}}