{"id":12600,"date":"2017-08-11T05:00:00","date_gmt":"2017-08-11T05:00:00","guid":{"rendered":"http:\/\/testwordpress.nirmalnagari.org\/smnd\/index.php\/legacy\/"},"modified":"2025-09-02T11:37:07","modified_gmt":"2025-09-02T11:37:07","slug":"perinto","status":"publish","type":"page","link":"https:\/\/shrimataji.org\/test\/fi\/perinto\/","title":{"rendered":"Perint\u00f6"},"content":{"rendered":"\n\n\t<h1>Perint\u00f6<\/h1>\n<h2>Muutos &#8211; yksil\u00f6st\u00e4 yhteiskuntaan<\/h2>\n\t<h4>On kirjoja ja kouluja, opetusta ja terveyskeskuksia, taide- ja musiikkiakatemia ja jopa koti v\u00e4h\u00e4osaisille, mutta Shri Matajin perint\u00f6 on jotain paljon enemm\u00e4n.<\/h4>\n<p>Mik\u00e4\u00e4n yksitt\u00e4inen muistomerkki tai kansalaisj\u00e4rjest\u00f6 ei voi tuoda esiin Shri Mataji Nirmala Devin todellista perint\u00f6\u00e4, vaan se on kaikkien n\u00e4iden asioiden yl\u00e4puolella.<\/p>\n<p>Se, mit\u00e4 Shri Mataji lahjoitti maailmalle, ei ole filosofia, oppi tai edes vakaumus, vaan se on yksinkertaisesti ainutlaatuinen asia: itseoivallus. T\u00e4m\u00e4 alkuvoimainen henkinen her\u00e4\u00e4minen on jotain, jolla on kirjaimellisesti kyky muuttaa maailmaa.<\/p>\n<p>Toisin kuin useimmat muutossuunnitelmat, t\u00e4m\u00e4 alkaa ihmisen henkil\u00f6kohtaisesta ja syvenev\u00e4st\u00e4 itsetuntemuksesta. T\u00e4m\u00e4 henkisen tunnistamisen kipin\u00e4 on Shri Matajin perint\u00f6 maailmalle.<\/p>\n<p>Ty\u00f6ns\u00e4 kautta H\u00e4n loi maailmanlaajuisen Sahaja Yogan harjoittajien yhteis\u00f6n yli 100 maassa, joita kaikkia yhdist\u00e4\u00e4 halu muuttaa itse\u00e4\u00e4n ja luoda n\u00e4in mahdollisuus muutokseen laajemmallakin tasolla.<\/p>\n\t\t\t\t<img decoding=\"async\" src=\"https:\/\/shrimataji.org\/test\/wp-content\/uploads\/2018\/07\/media_originals\/images\/shri-mataji-portraits\/shri-mataji-nirmala-devi-in-daglio-italy-7th-july-2007.jpg\" alt=\"Shri Mataji is at Daglio (North Italy, 2007)\" itemprop=\"image\" height=\"1800\" width=\"1200\" title=\"shri-mataji-nirmala-devi-in-daglio-italy-7th-july-2007\" onerror=\"this.style.display='none'\" loading=\"lazy\" \/>\n\t\tShri Mataji Dagliossa, Pohjois-Italiassa, 2007\n\t<p>H\u00e4nen visionsa ei ollut instituutioiden tai j\u00e4rjest\u00f6jen luominen, vaan H\u00e4nen viestins\u00e4 keskittyi yksil\u00f6\u00f6n, Itseen. H\u00e4n opetti maailmalle, ett\u00e4 vain todellisen yksil\u00f6llisen ja kollektiivisen henkisyyden noudattaminen voi ratkaista maailmanlaajuiset ongelmat. H\u00e4n vaati my\u00f6s yksil\u00f6n vapautta &#8211; Sahaja Yogassa ei ole dogmeja tai oppeja, vain valaistunut tietoisuus siit\u00e4, mik\u00e4 on sopivaa oman henkisen kehityksen kannalta.<\/p>\n\t<p>&#8220;Minun teht\u00e4v\u00e4ni on antaa heille valmiudet, jotta he voivat ratkaista omat ongelmansa, se on minun teht\u00e4v\u00e4ni&#8230; Sinun on oltava oma l\u00e4\u00e4k\u00e4risi. Sinun on oltava oma gurusi.&#8221;<\/p>\n<p><em>Kundaliinin<\/em> her\u00e4tt\u00e4misen ja sit\u00e4 seuraavan meditaation avulla H\u00e4n sai aikaan konkreettisen muutoksen yksil\u00f6ss\u00e4 ja opetti maailmalle, miten saavuttaa korkeampi tavoite kuin pelkk\u00e4 aineellinen menestys tai valta. &#8220;Meid\u00e4n on saavutettava sis\u00e4inen rauha&#8221;, H\u00e4n neuvoi. &#8220;Yritt\u00e4k\u00e4\u00e4 meditoida. Meditoikaa niin, ett\u00e4 saavutatte sis\u00e4isen olemuksenne. T\u00e4m\u00e4 sis\u00e4inen olento on valtava autuuden valtameri!&#8221;<\/p>\n\t<div class=\"su-quote su-quote-style-default\"><div class=\"su-quote-inner su-u-clearfix su-u-trim\">Meid\u00e4n on n\u00e4ytett\u00e4v\u00e4 Kundaliinin her\u00e4\u00e4misen tulokset&#8230; Se on koko maailmaa varten. Se on Minun visioni.<\/div><\/div>\n\t<p>H\u00e4nen perint\u00f6ns\u00e4 itseoivalluksen kautta tapahtuvasta muutoksesta koskettaa edelleen miljoonien ihmisten el\u00e4m\u00e4\u00e4, jotka saavuttavat Sahaja Yoga -meditaation avulla todellisen sis\u00e4isen rauhan ja ehdottoman vapauden el\u00e4\u00e4 sopusoinnussa toistensa ja Luonto\u00e4idin kanssa.<\/p>\n\n","protected":false},"excerpt":{"rendered":"<p>Perint\u00f6 Muutos &#8211; yksil\u00f6st\u00e4 yhteiskuntaan On kirjoja ja kouluja, opetusta ja terveyskeskuksia, taide- ja musiikkiakatemia ja jopa koti v\u00e4h\u00e4osaisille, mutta Shri Matajin perint\u00f6 on jotain paljon enemm\u00e4n. Mik\u00e4\u00e4n yksitt\u00e4inen muistomerkki tai kansalaisj\u00e4rjest\u00f6 ei voi tuoda esiin Shri Mataji Nirmala Devin todellista perint\u00f6\u00e4, vaan se on kaikkien n\u00e4iden asioiden yl\u00e4puolella. Se, mit\u00e4 Shri Mataji lahjoitti maailmalle,&hellip; <br \/> <a class=\"read-more\" href=\"https:\/\/shrimataji.org\/test\/fi\/perinto\/\">Read more<\/a><\/p>\n","protected":false},"author":29,"featured_media":17085,"parent":0,"menu_order":0,"comment_status":"closed","ping_status":"closed","template":"","meta":{"inline_featured_image":false,"footnotes":""},"class_list":["post-12600","page","type-page","status-publish","has-post-thumbnail","hentry"],"yoast_head":"<!-- This site is optimized with the Yoast SEO plugin v27.4 - https:\/\/yoast.com\/product\/yoast-seo-wordpress\/ -->\n<title>Perint\u00f6 - TEST - SMND<\/title>\n<meta name=\"robots\" content=\"noindex, follow, max-snippet:-1, max-image-preview:large, max-video-preview:-1\" \/>\n<meta property=\"og:locale\" content=\"en_US\" \/>\n<meta property=\"og:type\" content=\"article\" \/>\n<meta property=\"og:title\" content=\"Perint\u00f6 - TEST - SMND\" \/>\n<meta property=\"og:description\" content=\"Perint\u00f6 Muutos &#8211; yksil\u00f6st\u00e4 yhteiskuntaan On kirjoja ja kouluja, opetusta ja terveyskeskuksia, taide- ja musiikkiakatemia ja jopa koti v\u00e4h\u00e4osaisille, mutta Shri Matajin perint\u00f6 on jotain paljon enemm\u00e4n. Mik\u00e4\u00e4n yksitt\u00e4inen muistomerkki tai kansalaisj\u00e4rjest\u00f6 ei voi tuoda esiin Shri Mataji Nirmala Devin todellista perint\u00f6\u00e4, vaan se on kaikkien n\u00e4iden asioiden yl\u00e4puolella. Se, mit\u00e4 Shri Mataji lahjoitti maailmalle,&hellip; Read more\" \/>\n<meta property=\"og:url\" content=\"https:\/\/shrimataji.org\/test\/fi\/perinto\/\" \/>\n<meta property=\"og:site_name\" content=\"TEST - SMND\" \/>\n<meta property=\"article:publisher\" content=\"https:\/\/www.facebook.com\/shrimataji\" \/>\n<meta property=\"article:modified_time\" content=\"2025-09-02T11:37:07+00:00\" \/>\n<meta property=\"og:image\" content=\"https:\/\/shrimataji.org\/test\/wp-content\/uploads\/2024\/05\/teaching.jpg\" \/>\n\t<meta property=\"og:image:width\" content=\"1021\" \/>\n\t<meta property=\"og:image:height\" content=\"360\" \/>\n\t<meta property=\"og:image:type\" content=\"image\/jpeg\" \/>\n<meta name=\"twitter:card\" content=\"summary_large_image\" \/>\n<meta name=\"twitter:site\" content=\"@shrimataji\" \/>\n<script type=\"application\/ld+json\" class=\"yoast-schema-graph\">{\"@context\":\"https:\\\/\\\/schema.org\",\"@graph\":[{\"@type\":\"WebPage\",\"@id\":\"https:\\\/\\\/shrimataji.org\\\/test\\\/fi\\\/perinto\\\/\",\"url\":\"https:\\\/\\\/shrimataji.org\\\/test\\\/fi\\\/perinto\\\/\",\"name\":\"Perint\u00f6 - TEST - SMND\",\"isPartOf\":{\"@id\":\"https:\\\/\\\/shrimataji.org\\\/test\\\/#website\"},\"primaryImageOfPage\":{\"@id\":\"https:\\\/\\\/shrimataji.org\\\/test\\\/fi\\\/perinto\\\/#primaryimage\"},\"image\":{\"@id\":\"https:\\\/\\\/shrimataji.org\\\/test\\\/fi\\\/perinto\\\/#primaryimage\"},\"thumbnailUrl\":\"https:\\\/\\\/shrimataji.org\\\/test\\\/wp-content\\\/uploads\\\/2024\\\/05\\\/teaching.jpg\",\"datePublished\":\"2017-08-11T05:00:00+00:00\",\"dateModified\":\"2025-09-02T11:37:07+00:00\",\"breadcrumb\":{\"@id\":\"https:\\\/\\\/shrimataji.org\\\/test\\\/fi\\\/perinto\\\/#breadcrumb\"},\"inLanguage\":\"en-US\",\"potentialAction\":[{\"@type\":\"ReadAction\",\"target\":[\"https:\\\/\\\/shrimataji.org\\\/test\\\/fi\\\/perinto\\\/\"]}]},{\"@type\":\"ImageObject\",\"inLanguage\":\"en-US\",\"@id\":\"https:\\\/\\\/shrimataji.org\\\/test\\\/fi\\\/perinto\\\/#primaryimage\",\"url\":\"https:\\\/\\\/shrimataji.org\\\/test\\\/wp-content\\\/uploads\\\/2024\\\/05\\\/teaching.jpg\",\"contentUrl\":\"https:\\\/\\\/shrimataji.org\\\/test\\\/wp-content\\\/uploads\\\/2024\\\/05\\\/teaching.jpg\",\"width\":1021,\"height\":360},{\"@type\":\"BreadcrumbList\",\"@id\":\"https:\\\/\\\/shrimataji.org\\\/test\\\/fi\\\/perinto\\\/#breadcrumb\",\"itemListElement\":[{\"@type\":\"ListItem\",\"position\":1,\"name\":\"Home\",\"item\":\"https:\\\/\\\/shrimataji.org\\\/test\\\/uk\\\/home-en\\\/\"},{\"@type\":\"ListItem\",\"position\":2,\"name\":\"Perint\u00f6\"}]},{\"@type\":\"WebSite\",\"@id\":\"https:\\\/\\\/shrimataji.org\\\/test\\\/#website\",\"url\":\"https:\\\/\\\/shrimataji.org\\\/test\\\/\",\"name\":\"Shri Mataji Nirmala Devi\",\"description\":\"A Life Dedicated to Humanity\",\"publisher\":{\"@id\":\"https:\\\/\\\/shrimataji.org\\\/test\\\/#\\\/schema\\\/person\\\/a1b3419c6585f164aa96da1ff85715d1\"},\"potentialAction\":[{\"@type\":\"SearchAction\",\"target\":{\"@type\":\"EntryPoint\",\"urlTemplate\":\"https:\\\/\\\/shrimataji.org\\\/test\\\/?s={search_term_string}\"},\"query-input\":{\"@type\":\"PropertyValueSpecification\",\"valueRequired\":true,\"valueName\":\"search_term_string\"}}],\"inLanguage\":\"en-US\"},{\"@type\":[\"Person\",\"Organization\"],\"@id\":\"https:\\\/\\\/shrimataji.org\\\/test\\\/#\\\/schema\\\/person\\\/a1b3419c6585f164aa96da1ff85715d1\",\"name\":\"Nirmala Shrivastava\",\"image\":{\"@type\":\"ImageObject\",\"inLanguage\":\"en-US\",\"@id\":\"https:\\\/\\\/shrimataji.org\\\/test\\\/wp-content\\\/uploads\\\/2023\\\/02\\\/SMO_LOGO-03.svg\",\"url\":\"https:\\\/\\\/shrimataji.org\\\/test\\\/wp-content\\\/uploads\\\/2023\\\/02\\\/SMO_LOGO-03.svg\",\"contentUrl\":\"https:\\\/\\\/shrimataji.org\\\/test\\\/wp-content\\\/uploads\\\/2023\\\/02\\\/SMO_LOGO-03.svg\",\"width\":\"1024\",\"height\":\"1024\",\"caption\":\"Nirmala Shrivastava\"},\"logo\":{\"@id\":\"https:\\\/\\\/shrimataji.org\\\/test\\\/wp-content\\\/uploads\\\/2023\\\/02\\\/SMO_LOGO-03.svg\"},\"sameAs\":[\"https:\\\/\\\/shrimataji.org\\\/test\",\"https:\\\/\\\/www.facebook.com\\\/shrimataji\",\"https:\\\/\\\/x.com\\\/shrimataji\",\"https:\\\/\\\/www.youtube.com\\\/@Shri_Mataji_Nirmala_Devi\\\/featured\"]}]}<\/script>\n<!-- \/ Yoast SEO plugin. -->","yoast_head_json":{"title":"Perint\u00f6 - TEST - SMND","robots":{"index":"noindex","follow":"follow","max-snippet":"max-snippet:-1","max-image-preview":"max-image-preview:large","max-video-preview":"max-video-preview:-1"},"og_locale":"en_US","og_type":"article","og_title":"Perint\u00f6 - TEST - SMND","og_description":"Perint\u00f6 Muutos &#8211; yksil\u00f6st\u00e4 yhteiskuntaan On kirjoja ja kouluja, opetusta ja terveyskeskuksia, taide- ja musiikkiakatemia ja jopa koti v\u00e4h\u00e4osaisille, mutta Shri Matajin perint\u00f6 on jotain paljon enemm\u00e4n. Mik\u00e4\u00e4n yksitt\u00e4inen muistomerkki tai kansalaisj\u00e4rjest\u00f6 ei voi tuoda esiin Shri Mataji Nirmala Devin todellista perint\u00f6\u00e4, vaan se on kaikkien n\u00e4iden asioiden yl\u00e4puolella. Se, mit\u00e4 Shri Mataji lahjoitti maailmalle,&hellip; Read more","og_url":"https:\/\/shrimataji.org\/test\/fi\/perinto\/","og_site_name":"TEST - SMND","article_publisher":"https:\/\/www.facebook.com\/shrimataji","article_modified_time":"2025-09-02T11:37:07+00:00","og_image":[{"width":1021,"height":360,"url":"https:\/\/shrimataji.org\/test\/wp-content\/uploads\/2024\/05\/teaching.jpg","type":"image\/jpeg"}],"twitter_card":"summary_large_image","twitter_site":"@shrimataji","schema":{"@context":"https:\/\/schema.org","@graph":[{"@type":"WebPage","@id":"https:\/\/shrimataji.org\/test\/fi\/perinto\/","url":"https:\/\/shrimataji.org\/test\/fi\/perinto\/","name":"Perint\u00f6 - TEST - SMND","isPartOf":{"@id":"https:\/\/shrimataji.org\/test\/#website"},"primaryImageOfPage":{"@id":"https:\/\/shrimataji.org\/test\/fi\/perinto\/#primaryimage"},"image":{"@id":"https:\/\/shrimataji.org\/test\/fi\/perinto\/#primaryimage"},"thumbnailUrl":"https:\/\/shrimataji.org\/test\/wp-content\/uploads\/2024\/05\/teaching.jpg","datePublished":"2017-08-11T05:00:00+00:00","dateModified":"2025-09-02T11:37:07+00:00","breadcrumb":{"@id":"https:\/\/shrimataji.org\/test\/fi\/perinto\/#breadcrumb"},"inLanguage":"en-US","potentialAction":[{"@type":"ReadAction","target":["https:\/\/shrimataji.org\/test\/fi\/perinto\/"]}]},{"@type":"ImageObject","inLanguage":"en-US","@id":"https:\/\/shrimataji.org\/test\/fi\/perinto\/#primaryimage","url":"https:\/\/shrimataji.org\/test\/wp-content\/uploads\/2024\/05\/teaching.jpg","contentUrl":"https:\/\/shrimataji.org\/test\/wp-content\/uploads\/2024\/05\/teaching.jpg","width":1021,"height":360},{"@type":"BreadcrumbList","@id":"https:\/\/shrimataji.org\/test\/fi\/perinto\/#breadcrumb","itemListElement":[{"@type":"ListItem","position":1,"name":"Home","item":"https:\/\/shrimataji.org\/test\/uk\/home-en\/"},{"@type":"ListItem","position":2,"name":"Perint\u00f6"}]},{"@type":"WebSite","@id":"https:\/\/shrimataji.org\/test\/#website","url":"https:\/\/shrimataji.org\/test\/","name":"Shri Mataji Nirmala Devi","description":"A Life Dedicated to Humanity","publisher":{"@id":"https:\/\/shrimataji.org\/test\/#\/schema\/person\/a1b3419c6585f164aa96da1ff85715d1"},"potentialAction":[{"@type":"SearchAction","target":{"@type":"EntryPoint","urlTemplate":"https:\/\/shrimataji.org\/test\/?s={search_term_string}"},"query-input":{"@type":"PropertyValueSpecification","valueRequired":true,"valueName":"search_term_string"}}],"inLanguage":"en-US"},{"@type":["Person","Organization"],"@id":"https:\/\/shrimataji.org\/test\/#\/schema\/person\/a1b3419c6585f164aa96da1ff85715d1","name":"Nirmala Shrivastava","image":{"@type":"ImageObject","inLanguage":"en-US","@id":"https:\/\/shrimataji.org\/test\/wp-content\/uploads\/2023\/02\/SMO_LOGO-03.svg","url":"https:\/\/shrimataji.org\/test\/wp-content\/uploads\/2023\/02\/SMO_LOGO-03.svg","contentUrl":"https:\/\/shrimataji.org\/test\/wp-content\/uploads\/2023\/02\/SMO_LOGO-03.svg","width":"1024","height":"1024","caption":"Nirmala Shrivastava"},"logo":{"@id":"https:\/\/shrimataji.org\/test\/wp-content\/uploads\/2023\/02\/SMO_LOGO-03.svg"},"sameAs":["https:\/\/shrimataji.org\/test","https:\/\/www.facebook.com\/shrimataji","https:\/\/x.com\/shrimataji","https:\/\/www.youtube.com\/@Shri_Mataji_Nirmala_Devi\/featured"]}]}},"lang":"fi","translations":{"fi":12600,"ur":37458,"en":409,"am":18030,"th":19988,"hu":19511,"sq":18431,"zh":17328,"tr":10179,"pt":10391,"de":10665,"fr":10763,"it":10861,"es":10958,"ja":11255,"ru":11443,"bn":11635,"te":11743,"sw":11866,"he":12014,"el":12306,"sk":12404,"fa":12502,"bg":13486,"ro":14561,"cs":14754,"nl":16591,"ku":16751,"ar":16927,"be":18638,"kn":18912,"mr":20352,"uk":20646,"ml":20941,"ta":22749,"sv":23020,"gu":28863,"pa":29023,"fil":29468,"da":37771,"pl":37983,"nn":38323},"pll_sync_post":[],"_links":{"self":[{"href":"https:\/\/shrimataji.org\/test\/wp-json\/wp\/v2\/pages\/12600","targetHints":{"allow":["GET"]}}],"collection":[{"href":"https:\/\/shrimataji.org\/test\/wp-json\/wp\/v2\/pages"}],"about":[{"href":"https:\/\/shrimataji.org\/test\/wp-json\/wp\/v2\/types\/page"}],"author":[{"embeddable":true,"href":"https:\/\/shrimataji.org\/test\/wp-json\/wp\/v2\/users\/29"}],"replies":[{"embeddable":true,"href":"https:\/\/shrimataji.org\/test\/wp-json\/wp\/v2\/comments?post=12600"}],"version-history":[{"count":0,"href":"https:\/\/shrimataji.org\/test\/wp-json\/wp\/v2\/pages\/12600\/revisions"}],"wp:featuredmedia":[{"embeddable":true,"href":"https:\/\/shrimataji.org\/test\/wp-json\/wp\/v2\/media\/17085"}],"wp:attachment":[{"href":"https:\/\/shrimataji.org\/test\/wp-json\/wp\/v2\/media?parent=12600"}],"curies":[{"name":"wp","href":"https:\/\/api.w.org\/{rel}","templated":true}]}}