{"id":12605,"date":"2022-02-25T05:44:57","date_gmt":"2022-02-25T05:44:57","guid":{"rendered":"https:\/\/test.shrimataji.org\/?page_id=6480"},"modified":"2025-06-29T16:42:48","modified_gmt":"2025-06-29T16:42:48","slug":"muladhara-chakra","status":"publish","type":"page","link":"https:\/\/shrimataji.org\/test\/fi\/muladhara-chakra\/","title":{"rendered":"Muladhara-chakra"},"content":{"rendered":"\n\n\t<h1>Muladhara-chakra<\/h1>\n<h2>Viattomuus ja viisaus<br \/>\n<\/h2>\n<h2><div class=\"su-quote su-quote-style-default\"><div class=\"su-quote-inner su-u-clearfix su-u-trim\">Muladhara tulee kahdesta sanskritin kielen sanasta: &#8220;mula&#8221; tarkoittaa &#8220;juurta&#8221; ja &#8220;adhara&#8221; tarkoittaa &#8220;tukea&#8221;, joten se tarkoittaa luomisty\u00f6n juurten tukea.<\/div><\/div><\/h2>\n<h4>Synnymme maailmaan viattomina vauvoina, joten voimme sanoa, ett\u00e4 lapsenomaisuus on meiss\u00e4 synnynn\u00e4inen luonteenpiirre. Viattomuus, spontaanius ja viisaus ovat t\u00e4m\u00e4n keskuksen ilmentymi\u00e4. Ne edustavat meiss\u00e4 olevia ikuisia ja tuhoutumattomia ominaisuuksia. N\u00e4m\u00e4 ominaisuudet ilmenev\u00e4t t\u00e4ydess\u00e4 potentiaalissaan, kun Kundaliini-energiamme aktivoi t\u00e4m\u00e4n chakran. Fyysisell\u00e4 tasolla t\u00e4m\u00e4 keskus hallitsee erite- ja lis\u00e4\u00e4ntymisj\u00e4rjestelm\u00e4\u00e4. Henkisell\u00e4 tasolla Muladhara-chakramme muodostaa koko hienojakoisen j\u00e4rjestelm\u00e4n perustan.<\/h4>\n<p>Kun kasvamme meditaation kautta, alamme kokea syv\u00e4\u00e4 viattomuuden, kunnioituksen ja rakkauden tunnetta itse\u00e4mme ja muita kohtaan. Huomaamme my\u00f6s, ett\u00e4 muistimme paranee valtavasti, kun mielemme tyhjent\u00e4\u00e4 itsens\u00e4 ep\u00e4olennaisista h\u00e4iri\u00f6tekij\u00f6ist\u00e4. Kun t\u00e4m\u00e4 keskus kehittyy meiss\u00e4, kehit\u00e4mme persoonallisuuteemme magneettisuutta.<\/p>\n\t\t<iframe loading=\"lazy\" title=\"Mooladhara Chakra\" width=\"1920\" height=\"1080\" src=\"https:\/\/www.youtube.com\/embed\/k_tSck7QxHQ?feature=oembed\" frameborder=\"0\" allow=\"accelerometer; autoplay; clipboard-write; encrypted-media; gyroscope; picture-in-picture; web-share\" allowfullscreen><\/iframe>\t\n\t<strong>Sijainti<\/strong>:<br \/>\nMuladhara-chakra sijaitsee lantiopunoksessa selk\u00e4rangan tyvess\u00e4. T\u00e4m\u00e4n juuri-chakran v\u00e4r\u00e4htelyt tuntuvat k\u00e4mmenen tyvess\u00e4.\n<strong>V\u00e4ri<\/strong>:<strong><br \/>\n<\/strong>T\u00e4t\u00e4 chakraa edustaa korallinpunainen v\u00e4ri. Se on tiiviisti sidoksissa maaelementtiin.\n<p><strong>Muladhara-chakran hienojakoisia ominaisuuksia ovat<\/strong><strong>:<\/strong><\/p>\n<ul>\n<li>Viattomuus<\/li>\n<li>Puhtaus<\/li>\n<li>Yksinkertaisuus<\/li>\n<li>Lapsenkaltainen ilo<\/li>\n<li>Sis\u00e4inen viisaus<\/li>\n<li>Arvokkuus<\/li>\n<li>Tasapaino<\/li>\n<li>Tarkoitus ja suunta<\/li>\n<li>Yhteys maahan<\/li>\n<li>Harmonia luonnon kanssa<\/li>\n<\/ul>\n\t\t\t\t<a href=\"https:\/\/shrimataji.org\/test\/wp-content\/uploads\/2024\/04\/PL_1-Muladhara.png\"  target=\"_blank\" rel=\"noopener\"  itemprop=\"url\">\n\t\t\t\t<img decoding=\"async\" src=\"https:\/\/shrimataji.org\/test\/wp-content\/uploads\/2025\/04\/1-Mooladhara-01-1-scaled.png\" alt=\"1-Mooladhara-01\" itemprop=\"image\" height=\"2560\" width=\"2402\" title=\"1-Mooladhara-01\" onerror=\"this.style.display='none'\" loading='lazy' \/>\n\t\t\t\t<\/a>\n\t<div class=\"su-quote su-quote-style-default\"><div class=\"su-quote-inner su-u-clearfix su-u-trim\">Alimmassa keskuksessa sijaitsee viattomuus. Viattomuuttamme ei voi koskaan tuhoutua, koska se on ikuinen. Se saattaa vain peitty\u00e4 pilvien taakse. Mutta Kundaliinin her\u00e4\u00e4misen my\u00f6t\u00e4 viattomuus palaa luoksemme. Huomiostamme tulee t\u00e4ysin viaton, eik\u00e4 huomiossamme ole himoa ja ahneutta.<\/div><\/div>\n\t<p><strong>Kokemus ja hy\u00f6dyt:<\/strong><\/p>\n<p>Tasapainossa oleva Muladhara-chakra auttaa yll\u00e4pit\u00e4m\u00e4\u00e4n ja laajentamaan sis\u00e4ist\u00e4 viisautta. Saat luontaisen kyvyn erottaa oikea ja v\u00e4\u00e4r\u00e4 toisistaan. Kun todellinen viisaus vallitsee, ihminen v\u00e4ltt\u00e4\u00e4 tekoja (tai tekem\u00e4tt\u00e4 j\u00e4tt\u00e4misi\u00e4), jotka vahingoittavat h\u00e4nt\u00e4 itse\u00e4\u00e4n tai muita.<\/p>\n<p>Tasapainoinen Muladhara-chakra parantaa my\u00f6s muistia, tarkkaavaisuutta ja keskittymist\u00e4. Ihminen pystyy tekem\u00e4\u00e4n \u00e4lyllisi\u00e4 p\u00e4\u00e4t\u00f6ksi\u00e4 tehokkaasti ja tuloksekkaasti s\u00e4ilytt\u00e4en samalla emotionaalisen tasapainon ja vakauden. Koska Muladhara-chakra muodostuu maaelementist\u00e4, sill\u00e4 on t\u00e4rke\u00e4 rooli tietoisuutemme yhdistymisess\u00e4 Luonto\u00e4itiin, ja nautimme el\u00e4m\u00e4st\u00e4 t\u00e4ydellisess\u00e4 harmoniassa sen antimien kanssa. Se auttaa meit\u00e4 my\u00f6s v\u00e4ltt\u00e4m\u00e4\u00e4n luonnottomia tai ep\u00e4terveellisi\u00e4 el\u00e4m\u00e4ntapoja (sellaisia, joita voidaan pit\u00e4\u00e4 &#8220;perverssein\u00e4&#8221; tai &#8220;luonnonvastaisina&#8221;). Kehittynyt Muladhara-chakra antaa meille mahdollisuuden ymm\u00e4rt\u00e4\u00e4 ja kunnioittaa omaa viattomuuttamme ja puhtauttamme sek\u00e4 toisten ihmisten viattomuutta ja puhtautta. Kun koemme h\u00e4iri\u00f6it\u00e4 Muladhara-chakrassamme, seurauksena voi olla monenlaisia sairauksia.<\/p>\n<p>Vasemman kanavan ongelmia, kuten masennusta tai letargiaa, voidaan my\u00f6s ehk\u00e4ist\u00e4 tasapainottamalla Muladhara-chakraa. Oikean kanavan ongelmat, kuten aggressiivinen k\u00e4ytt\u00e4ytyminen, liiallinen ajattelu, liiallinen suunnittelu ja liiallinen nautiskelu, voidaan my\u00f6s poistaa luomalla oikeanlainen tasapaino Muladhara-chakraan.<\/p>\n<strong>Itsearviointi<\/strong><strong>:<br \/>\n<\/strong>\n<p>Jos Muladhara-chakrasi on ep\u00e4tasapainossa, saatat k\u00e4rsi\u00e4 huonosta suuntavaistosta, huonosta muistista tai huonosta tasapainoaistista (painovoima). Muita oireita t\u00e4m\u00e4n chakran h\u00e4iri\u00f6ist\u00e4 ovat eritykseen liittyv\u00e4t ongelmat, seksuaaliset h\u00e4iri\u00f6t ja lis\u00e4\u00e4ntymiseen liittyv\u00e4t vaikeudet.<\/p>\n<p><b><strong>Ep\u00e4tasapainon syit\u00e4:<\/strong><\/b><\/p>\n<ul>\n<li>Ylikuormittunut mielen toiminta ja liialliset aistinautinnot voivat aiheuttaa tukoksen t\u00e4h\u00e4n keskukseen.<\/li>\n<li>Negatiiviset sosiaaliset vaikutteet voivat my\u00f6s vahingoittaa Muladhara-chakraan kuuluvia synnynn\u00e4isi\u00e4 ominaisuuksia, viattomuutta ja viisautta.<\/li>\n<\/ul>\n<strong>Tasapainottaminen<\/strong>:<strong><br \/>\n<\/strong>\n<p>S\u00e4\u00e4nn\u00f6llinen Sahaja Yoga -meditaatio auttaa tasapainottamaan Muladhara-chakraa ja vahvistamaan t\u00e4m\u00e4n keskuksen kauniita luontaisia ominaisuuksia tietoisuudessamme. Aluksi olisi hyv\u00e4 istua paljaan maan p\u00e4\u00e4ll\u00e4 niin usein kuin mahdollista. Kun nautit rauhallisesta hetkest\u00e4 ulkona, voit puhdistaa vasemmanpuoleista Muladhara-chakraasi lep\u00e4\u00e4m\u00e4ll\u00e4 maassa risti-istunnassa. Aseta molemmat k\u00e4tesi maata vasten lantion viereen, k\u00e4mmenet alasp\u00e4in.<\/p>\n<p>Jos et voi olla ulkona, on toinenkin vaihtoehto. Jalkakylpy vadissa, jossa on haaleaa suolavett\u00e4, auttaa my\u00f6s tasapainottamaan Muladhara-chakraa.<\/p>\n\n","protected":false},"excerpt":{"rendered":"<p>Muladhara-chakra Viattomuus ja viisaus Synnymme maailmaan viattomina vauvoina, joten voimme sanoa, ett\u00e4 lapsenomaisuus on meiss\u00e4 synnynn\u00e4inen luonteenpiirre. Viattomuus, spontaanius ja viisaus ovat t\u00e4m\u00e4n keskuksen ilmentymi\u00e4. Ne edustavat meiss\u00e4 olevia ikuisia ja tuhoutumattomia ominaisuuksia. N\u00e4m\u00e4 ominaisuudet ilmenev\u00e4t t\u00e4ydess\u00e4 potentiaalissaan, kun Kundaliini-energiamme aktivoi t\u00e4m\u00e4n chakran. Fyysisell\u00e4 tasolla t\u00e4m\u00e4 keskus hallitsee erite- ja lis\u00e4\u00e4ntymisj\u00e4rjestelm\u00e4\u00e4. Henkisell\u00e4 tasolla Muladhara-chakramme muodostaa&hellip; <br \/> <a class=\"read-more\" href=\"https:\/\/shrimataji.org\/test\/fi\/muladhara-chakra\/\">Read more<\/a><\/p>\n","protected":false},"author":29,"featured_media":9251,"parent":0,"menu_order":0,"comment_status":"closed","ping_status":"closed","template":"","meta":{"inline_featured_image":false,"footnotes":""},"class_list":["post-12605","page","type-page","status-publish","has-post-thumbnail","hentry"],"yoast_head":"<!-- This site is optimized with the Yoast SEO plugin v27.4 - https:\/\/yoast.com\/product\/yoast-seo-wordpress\/ -->\n<title>Muladhara-chakra - TEST - SMND<\/title>\n<meta name=\"robots\" content=\"noindex, follow, max-snippet:-1, max-image-preview:large, max-video-preview:-1\" \/>\n<meta property=\"og:locale\" content=\"en_US\" \/>\n<meta property=\"og:type\" content=\"article\" \/>\n<meta property=\"og:title\" content=\"Muladhara-chakra - TEST - SMND\" \/>\n<meta property=\"og:description\" content=\"Muladhara-chakra Viattomuus ja viisaus Synnymme maailmaan viattomina vauvoina, joten voimme sanoa, ett\u00e4 lapsenomaisuus on meiss\u00e4 synnynn\u00e4inen luonteenpiirre. Viattomuus, spontaanius ja viisaus ovat t\u00e4m\u00e4n keskuksen ilmentymi\u00e4. Ne edustavat meiss\u00e4 olevia ikuisia ja tuhoutumattomia ominaisuuksia. N\u00e4m\u00e4 ominaisuudet ilmenev\u00e4t t\u00e4ydess\u00e4 potentiaalissaan, kun Kundaliini-energiamme aktivoi t\u00e4m\u00e4n chakran. Fyysisell\u00e4 tasolla t\u00e4m\u00e4 keskus hallitsee erite- ja lis\u00e4\u00e4ntymisj\u00e4rjestelm\u00e4\u00e4. Henkisell\u00e4 tasolla Muladhara-chakramme muodostaa&hellip; Read more\" \/>\n<meta property=\"og:url\" content=\"https:\/\/shrimataji.org\/test\/fi\/muladhara-chakra\/\" \/>\n<meta property=\"og:site_name\" content=\"TEST - SMND\" \/>\n<meta property=\"article:publisher\" content=\"https:\/\/www.facebook.com\/shrimataji\" \/>\n<meta property=\"article:modified_time\" content=\"2025-06-29T16:42:48+00:00\" \/>\n<meta property=\"og:image\" content=\"https:\/\/shrimataji.org\/test\/wp-content\/uploads\/2023\/03\/16_Banner-SY-Chakra-mool-scaled.jpg\" \/>\n\t<meta property=\"og:image:width\" content=\"2560\" \/>\n\t<meta property=\"og:image:height\" content=\"905\" \/>\n\t<meta property=\"og:image:type\" content=\"image\/jpeg\" \/>\n<meta name=\"twitter:card\" content=\"summary_large_image\" \/>\n<meta name=\"twitter:site\" content=\"@shrimataji\" \/>\n<meta name=\"twitter:label1\" content=\"Est. reading time\" \/>\n\t<meta name=\"twitter:data1\" content=\"3 minutes\" \/>\n<script type=\"application\/ld+json\" class=\"yoast-schema-graph\">{\"@context\":\"https:\\\/\\\/schema.org\",\"@graph\":[{\"@type\":\"WebPage\",\"@id\":\"https:\\\/\\\/shrimataji.org\\\/test\\\/fi\\\/muladhara-chakra\\\/\",\"url\":\"https:\\\/\\\/shrimataji.org\\\/test\\\/fi\\\/muladhara-chakra\\\/\",\"name\":\"Muladhara-chakra - TEST - SMND\",\"isPartOf\":{\"@id\":\"https:\\\/\\\/shrimataji.org\\\/test\\\/#website\"},\"primaryImageOfPage\":{\"@id\":\"https:\\\/\\\/shrimataji.org\\\/test\\\/fi\\\/muladhara-chakra\\\/#primaryimage\"},\"image\":{\"@id\":\"https:\\\/\\\/shrimataji.org\\\/test\\\/fi\\\/muladhara-chakra\\\/#primaryimage\"},\"thumbnailUrl\":\"https:\\\/\\\/shrimataji.org\\\/test\\\/wp-content\\\/uploads\\\/2023\\\/03\\\/16_Banner-SY-Chakra-mool-scaled.jpg\",\"datePublished\":\"2022-02-25T05:44:57+00:00\",\"dateModified\":\"2025-06-29T16:42:48+00:00\",\"breadcrumb\":{\"@id\":\"https:\\\/\\\/shrimataji.org\\\/test\\\/fi\\\/muladhara-chakra\\\/#breadcrumb\"},\"inLanguage\":\"en-US\",\"potentialAction\":[{\"@type\":\"ReadAction\",\"target\":[\"https:\\\/\\\/shrimataji.org\\\/test\\\/fi\\\/muladhara-chakra\\\/\"]}]},{\"@type\":\"ImageObject\",\"inLanguage\":\"en-US\",\"@id\":\"https:\\\/\\\/shrimataji.org\\\/test\\\/fi\\\/muladhara-chakra\\\/#primaryimage\",\"url\":\"https:\\\/\\\/shrimataji.org\\\/test\\\/wp-content\\\/uploads\\\/2023\\\/03\\\/16_Banner-SY-Chakra-mool-scaled.jpg\",\"contentUrl\":\"https:\\\/\\\/shrimataji.org\\\/test\\\/wp-content\\\/uploads\\\/2023\\\/03\\\/16_Banner-SY-Chakra-mool-scaled.jpg\",\"width\":2560,\"height\":905},{\"@type\":\"BreadcrumbList\",\"@id\":\"https:\\\/\\\/shrimataji.org\\\/test\\\/fi\\\/muladhara-chakra\\\/#breadcrumb\",\"itemListElement\":[{\"@type\":\"ListItem\",\"position\":1,\"name\":\"Home\",\"item\":\"https:\\\/\\\/shrimataji.org\\\/test\\\/uk\\\/home-en\\\/\"},{\"@type\":\"ListItem\",\"position\":2,\"name\":\"Muladhara-chakra\"}]},{\"@type\":\"WebSite\",\"@id\":\"https:\\\/\\\/shrimataji.org\\\/test\\\/#website\",\"url\":\"https:\\\/\\\/shrimataji.org\\\/test\\\/\",\"name\":\"Shri Mataji Nirmala Devi\",\"description\":\"A Life Dedicated to Humanity\",\"publisher\":{\"@id\":\"https:\\\/\\\/shrimataji.org\\\/test\\\/#\\\/schema\\\/person\\\/a1b3419c6585f164aa96da1ff85715d1\"},\"potentialAction\":[{\"@type\":\"SearchAction\",\"target\":{\"@type\":\"EntryPoint\",\"urlTemplate\":\"https:\\\/\\\/shrimataji.org\\\/test\\\/?s={search_term_string}\"},\"query-input\":{\"@type\":\"PropertyValueSpecification\",\"valueRequired\":true,\"valueName\":\"search_term_string\"}}],\"inLanguage\":\"en-US\"},{\"@type\":[\"Person\",\"Organization\"],\"@id\":\"https:\\\/\\\/shrimataji.org\\\/test\\\/#\\\/schema\\\/person\\\/a1b3419c6585f164aa96da1ff85715d1\",\"name\":\"Nirmala Shrivastava\",\"image\":{\"@type\":\"ImageObject\",\"inLanguage\":\"en-US\",\"@id\":\"https:\\\/\\\/shrimataji.org\\\/test\\\/wp-content\\\/uploads\\\/2023\\\/02\\\/SMO_LOGO-03.svg\",\"url\":\"https:\\\/\\\/shrimataji.org\\\/test\\\/wp-content\\\/uploads\\\/2023\\\/02\\\/SMO_LOGO-03.svg\",\"contentUrl\":\"https:\\\/\\\/shrimataji.org\\\/test\\\/wp-content\\\/uploads\\\/2023\\\/02\\\/SMO_LOGO-03.svg\",\"width\":\"1024\",\"height\":\"1024\",\"caption\":\"Nirmala Shrivastava\"},\"logo\":{\"@id\":\"https:\\\/\\\/shrimataji.org\\\/test\\\/wp-content\\\/uploads\\\/2023\\\/02\\\/SMO_LOGO-03.svg\"},\"sameAs\":[\"https:\\\/\\\/shrimataji.org\\\/test\",\"https:\\\/\\\/www.facebook.com\\\/shrimataji\",\"https:\\\/\\\/x.com\\\/shrimataji\",\"https:\\\/\\\/www.youtube.com\\\/@Shri_Mataji_Nirmala_Devi\\\/featured\"]}]}<\/script>\n<!-- \/ Yoast SEO plugin. -->","yoast_head_json":{"title":"Muladhara-chakra - TEST - SMND","robots":{"index":"noindex","follow":"follow","max-snippet":"max-snippet:-1","max-image-preview":"max-image-preview:large","max-video-preview":"max-video-preview:-1"},"og_locale":"en_US","og_type":"article","og_title":"Muladhara-chakra - TEST - SMND","og_description":"Muladhara-chakra Viattomuus ja viisaus Synnymme maailmaan viattomina vauvoina, joten voimme sanoa, ett\u00e4 lapsenomaisuus on meiss\u00e4 synnynn\u00e4inen luonteenpiirre. Viattomuus, spontaanius ja viisaus ovat t\u00e4m\u00e4n keskuksen ilmentymi\u00e4. Ne edustavat meiss\u00e4 olevia ikuisia ja tuhoutumattomia ominaisuuksia. N\u00e4m\u00e4 ominaisuudet ilmenev\u00e4t t\u00e4ydess\u00e4 potentiaalissaan, kun Kundaliini-energiamme aktivoi t\u00e4m\u00e4n chakran. Fyysisell\u00e4 tasolla t\u00e4m\u00e4 keskus hallitsee erite- ja lis\u00e4\u00e4ntymisj\u00e4rjestelm\u00e4\u00e4. Henkisell\u00e4 tasolla Muladhara-chakramme muodostaa&hellip; Read more","og_url":"https:\/\/shrimataji.org\/test\/fi\/muladhara-chakra\/","og_site_name":"TEST - SMND","article_publisher":"https:\/\/www.facebook.com\/shrimataji","article_modified_time":"2025-06-29T16:42:48+00:00","og_image":[{"width":2560,"height":905,"url":"https:\/\/shrimataji.org\/test\/wp-content\/uploads\/2023\/03\/16_Banner-SY-Chakra-mool-scaled.jpg","type":"image\/jpeg"}],"twitter_card":"summary_large_image","twitter_site":"@shrimataji","twitter_misc":{"Est. reading time":"3 minutes"},"schema":{"@context":"https:\/\/schema.org","@graph":[{"@type":"WebPage","@id":"https:\/\/shrimataji.org\/test\/fi\/muladhara-chakra\/","url":"https:\/\/shrimataji.org\/test\/fi\/muladhara-chakra\/","name":"Muladhara-chakra - TEST - SMND","isPartOf":{"@id":"https:\/\/shrimataji.org\/test\/#website"},"primaryImageOfPage":{"@id":"https:\/\/shrimataji.org\/test\/fi\/muladhara-chakra\/#primaryimage"},"image":{"@id":"https:\/\/shrimataji.org\/test\/fi\/muladhara-chakra\/#primaryimage"},"thumbnailUrl":"https:\/\/shrimataji.org\/test\/wp-content\/uploads\/2023\/03\/16_Banner-SY-Chakra-mool-scaled.jpg","datePublished":"2022-02-25T05:44:57+00:00","dateModified":"2025-06-29T16:42:48+00:00","breadcrumb":{"@id":"https:\/\/shrimataji.org\/test\/fi\/muladhara-chakra\/#breadcrumb"},"inLanguage":"en-US","potentialAction":[{"@type":"ReadAction","target":["https:\/\/shrimataji.org\/test\/fi\/muladhara-chakra\/"]}]},{"@type":"ImageObject","inLanguage":"en-US","@id":"https:\/\/shrimataji.org\/test\/fi\/muladhara-chakra\/#primaryimage","url":"https:\/\/shrimataji.org\/test\/wp-content\/uploads\/2023\/03\/16_Banner-SY-Chakra-mool-scaled.jpg","contentUrl":"https:\/\/shrimataji.org\/test\/wp-content\/uploads\/2023\/03\/16_Banner-SY-Chakra-mool-scaled.jpg","width":2560,"height":905},{"@type":"BreadcrumbList","@id":"https:\/\/shrimataji.org\/test\/fi\/muladhara-chakra\/#breadcrumb","itemListElement":[{"@type":"ListItem","position":1,"name":"Home","item":"https:\/\/shrimataji.org\/test\/uk\/home-en\/"},{"@type":"ListItem","position":2,"name":"Muladhara-chakra"}]},{"@type":"WebSite","@id":"https:\/\/shrimataji.org\/test\/#website","url":"https:\/\/shrimataji.org\/test\/","name":"Shri Mataji Nirmala Devi","description":"A Life Dedicated to Humanity","publisher":{"@id":"https:\/\/shrimataji.org\/test\/#\/schema\/person\/a1b3419c6585f164aa96da1ff85715d1"},"potentialAction":[{"@type":"SearchAction","target":{"@type":"EntryPoint","urlTemplate":"https:\/\/shrimataji.org\/test\/?s={search_term_string}"},"query-input":{"@type":"PropertyValueSpecification","valueRequired":true,"valueName":"search_term_string"}}],"inLanguage":"en-US"},{"@type":["Person","Organization"],"@id":"https:\/\/shrimataji.org\/test\/#\/schema\/person\/a1b3419c6585f164aa96da1ff85715d1","name":"Nirmala Shrivastava","image":{"@type":"ImageObject","inLanguage":"en-US","@id":"https:\/\/shrimataji.org\/test\/wp-content\/uploads\/2023\/02\/SMO_LOGO-03.svg","url":"https:\/\/shrimataji.org\/test\/wp-content\/uploads\/2023\/02\/SMO_LOGO-03.svg","contentUrl":"https:\/\/shrimataji.org\/test\/wp-content\/uploads\/2023\/02\/SMO_LOGO-03.svg","width":"1024","height":"1024","caption":"Nirmala Shrivastava"},"logo":{"@id":"https:\/\/shrimataji.org\/test\/wp-content\/uploads\/2023\/02\/SMO_LOGO-03.svg"},"sameAs":["https:\/\/shrimataji.org\/test","https:\/\/www.facebook.com\/shrimataji","https:\/\/x.com\/shrimataji","https:\/\/www.youtube.com\/@Shri_Mataji_Nirmala_Devi\/featured"]}]}},"lang":"fi","translations":{"fi":12605,"ur":37466,"en":10186,"am":18038,"th":20000,"hu":19520,"sq":18439,"zh":17336,"ja":11260,"hi":8319,"pt":10396,"de":10670,"fr":10768,"it":10866,"es":10963,"ru":11448,"bn":11640,"te":11748,"sw":11871,"he":12019,"el":12311,"sk":12409,"fa":12507,"bg":13376,"ro":14450,"cs":14643,"nl":16599,"ku":16759,"ar":16935,"be":18646,"kn":18920,"mr":20364,"uk":20658,"ml":20953,"ta":22757,"sv":23028,"gu":28871,"pa":29031,"fil":29476,"da":37778,"pl":37990,"nn":38330},"pll_sync_post":[],"_links":{"self":[{"href":"https:\/\/shrimataji.org\/test\/wp-json\/wp\/v2\/pages\/12605","targetHints":{"allow":["GET"]}}],"collection":[{"href":"https:\/\/shrimataji.org\/test\/wp-json\/wp\/v2\/pages"}],"about":[{"href":"https:\/\/shrimataji.org\/test\/wp-json\/wp\/v2\/types\/page"}],"author":[{"embeddable":true,"href":"https:\/\/shrimataji.org\/test\/wp-json\/wp\/v2\/users\/29"}],"replies":[{"embeddable":true,"href":"https:\/\/shrimataji.org\/test\/wp-json\/wp\/v2\/comments?post=12605"}],"version-history":[{"count":0,"href":"https:\/\/shrimataji.org\/test\/wp-json\/wp\/v2\/pages\/12605\/revisions"}],"wp:featuredmedia":[{"embeddable":true,"href":"https:\/\/shrimataji.org\/test\/wp-json\/wp\/v2\/media\/9251"}],"wp:attachment":[{"href":"https:\/\/shrimataji.org\/test\/wp-json\/wp\/v2\/media?parent=12605"}],"curies":[{"name":"wp","href":"https:\/\/api.w.org\/{rel}","templated":true}]}}