{"id":12606,"date":"2022-03-05T07:37:21","date_gmt":"2022-03-05T07:37:21","guid":{"rendered":"https:\/\/test.shrimataji.org\/?page_id=6487"},"modified":"2025-09-20T21:07:59","modified_gmt":"2025-09-20T21:07:59","slug":"nabhi-chakra-fi","status":"publish","type":"page","link":"https:\/\/shrimataji.org\/test\/fi\/nabhi-chakra-fi\/","title":{"rendered":"Nabhi-chakra FIN"},"content":{"rendered":"\n\n\t<h1>Nabhi-chakra<\/h1>\n<h2>Tyytyv\u00e4isyys, evoluutio, hyvinvointi<\/h2>\n<h4>Kun kasvamme aikuisiksi ja siirrymme lapsuutemme ja kasvatuksemme tutusta ymp\u00e4rist\u00f6st\u00e4 el\u00e4m\u00e4n realiteetteihin, kohtaamme haasteita, joita t\u00e4m\u00e4 el\u00e4m\u00e4npeli meille asettaa. Meill\u00e4 on kuitenkin joukko eettisi\u00e4 s\u00e4\u00e4nt\u00f6j\u00e4, jotka antavat meille vankat ohjeet siit\u00e4, miten k\u00e4ytt\u00e4yty\u00e4 ja olla vuorovaikutuksessa yhteiskunnan kanssa arvokkaalla ja my\u00f6nteisell\u00e4 tavalla.<\/h4>\n<p>Kolmas tietoisuuskeskus antaa meille sis\u00e4isen tunteen eettisest\u00e4 k\u00e4ytt\u00e4ytymisest\u00e4. T\u00e4t\u00e4 sis\u00e4\u00e4nrakennettua k\u00e4ytt\u00e4ytymiss\u00e4\u00e4nn\u00f6st\u00f6\u00e4 on ilmaistu kautta aikojen monien pyhimysten, n\u00e4kij\u00f6iden ja profeettojen el\u00e4m\u00e4ss\u00e4 ja teoksissa, sellaisten kuin Mooseksen, Jeesuksen, Muhammedin, Abraham Lincolnin ja monien muiden. T\u00e4m\u00e4 keskus antaa meille my\u00f6s tyytyv\u00e4isyyden tunteen el\u00e4m\u00e4\u00e4n ja kyvyn tuntea iloa jakamisesta muiden kanssa.<\/p>\n<p>Toista ja kolmatta chakraa ymp\u00e4r\u00f6i my\u00f6s Void, tyhjyys. T\u00e4m\u00e4 symboloi henkisell\u00e4 tasolla inhimillisen tietoisuutemme ja jumalallisen tietoisuuden v\u00e4list\u00e4 kuilua ja edustaa meiss\u00e4 olevaa mestaruuden periaatetta. Sahaja Yogassa kehit\u00e4mme kyky\u00e4 tulla omaksi mestariksemme, joka perustuu hienojakoisen j\u00e4rjestelm\u00e4mme valaistuneeseen henkiseen tietoisuuteen, jonka tunnemme sek\u00e4 kehossamme ett\u00e4 sormenp\u00e4iss\u00e4mme.<\/p>\n\t<iframe loading=\"lazy\" title=\"Nabhi Chakra\" width=\"1920\" height=\"1080\" src=\"https:\/\/www.youtube.com\/embed\/ZAdSAl2AKEw?feature=oembed\" frameborder=\"0\" allow=\"accelerometer; autoplay; clipboard-write; encrypted-media; gyroscope; picture-in-picture; web-share\" allowfullscreen><\/iframe>\n\t<iframe loading=\"lazy\" title=\"Void\" width=\"1920\" height=\"1080\" src=\"https:\/\/www.youtube.com\/embed\/Sa5uQpqfOrQ?feature=oembed\" frameborder=\"0\" allow=\"accelerometer; autoplay; clipboard-write; encrypted-media; gyroscope; picture-in-picture; web-share\" allowfullscreen><\/iframe>\n\t<strong>Sijainti<\/strong>:<strong><br \/>\n<\/strong>Nabhi-chakramme sijaitsee selk\u00e4rangassa, suunnilleen navan kohdalla. Fyysisell\u00e4 tasolla se vaikuttaa hermoston sisuspunoksen toimintaan. Nabhi-chakran v\u00e4r\u00e4htelyt voidaan tuntea molempien k\u00e4sien keskisormissa. Vatsaelimiemme (mahalaukun, maksan, munuaisten ja suoliston) toimintaa s\u00e4\u00e4telev\u00e4t Nabhi- ja Swadhisthan-chakrat yhdess\u00e4 Voidin kanssa. N\u00e4m\u00e4 kolme hienojakoista keskusta toimivat yhten\u00e4 kokonaisuutena varmistaen harmonisen fysiologisen ymp\u00e4rist\u00f6n kehossamme.\n<strong>V\u00e4ri<\/strong>:<strong><br \/>\n<\/strong>Nabhi-chakraa edustaa vihre\u00e4 v\u00e4ri. Se on yhteydess\u00e4 veden peruselementtiin.\n<p><strong>Nabhi Chakran ominaisuuksiin kuuluvat:<\/strong><\/p>\n<ul>\n<li>Anteliaisuus<\/li>\n<li>Hoivaaminen<\/li>\n<li>Tyytyv\u00e4isyys<\/li>\n<li>Rauha<\/li>\n<li>Ilo<\/li>\n<li>Tasapaino<\/li>\n<li>Oikeamielisyys (tai dharma)<\/li>\n<li>Rehellisyys<\/li>\n<li>Puhdas huomio<\/li>\n<li>Arvokkuus<\/li>\n<li>Evoluutio<\/li>\n<\/ul>\n\t\t\t\t<a href=\"https:\/\/shrimataji.org\/test\/wp-content\/uploads\/2023\/02\/3-Nabhi-Void-01.png\"  target=\"_blank\" rel=\"noopener\"  itemprop=\"url\">\n\t\t\t\t<img loading=\"lazy\" decoding=\"async\" src=\"https:\/\/shrimataji.org\/test\/wp-content\/uploads\/2025\/04\/3-Nabhi-Void-son-01-1-scaled.png\" alt=\"3-Nabhi Void son-01\" itemprop=\"image\" height=\"2560\" width=\"2402\" title=\"3-Nabhi Void son-01\" onerror=\"this.style.display='none'\"  \/>\n\t\t\t\t<\/a>\n\t<p>Nabhi-chakra antaa meille useita perusominaisuuksia, kuten anteliaisuus ja kyky kehitty\u00e4. Nabhi-chakran kautta koemme halun kasvaa, kehitty\u00e4 ja saavuttaa tavoitteemme. Se vaikuttaa jokaiseen &#8220;etsimisen&#8221; toimintaan el\u00e4m\u00e4ss\u00e4mme, perustavanlaatuisesta ruoan ja veden etsimisest\u00e4 rauhan ja henkisyyden etsint\u00e4\u00e4n. T\u00e4m\u00e4n chakran ansiosta meill\u00e4 on kyky kehitty\u00e4 asteittain korkeammalle el\u00e4m\u00e4nasteelle.<\/p>\n<p>Toinen Nabhi-chakran keskeinen ominaisuus on tyytyv\u00e4isyys (tai t\u00e4yttymyksen tunne). Nabhi-chakran avulla pystymme luomaan ihanteellisen tasapainon kaikkien el\u00e4m\u00e4nalueidemme (my\u00f6s perheen, ty\u00f6n ja henkisyyden) v\u00e4lille. Shri Mataji paljasti, ett\u00e4 vasemmanpuoleisen Nabhi-chakran keskeinen aspekti, joka v\u00e4litt\u00e4\u00e4 huolenpidon, hoivaamisen ja kiintymyksen ominaisuuksia, l\u00f6ytyy usein rakastavista vaimoista ja \u00e4ideist\u00e4, mik\u00e4 auttaa heit\u00e4 pit\u00e4m\u00e4\u00e4n huolta perheest\u00e4\u00e4n.<\/p>\n<p><strong>Kokemuksia ja etuja:<\/strong><\/p>\n<p>Nabhi-chakran t\u00e4rkein fysiologinen teht\u00e4v\u00e4 on monien sis\u00e4elinten s\u00e4\u00e4tely. Vasen Nabhi s\u00e4\u00e4telee haimaa ja pernaa. Keski-Nabhi s\u00e4\u00e4telee vatsaa ja suolistoa. Oikea Nabhi s\u00e4\u00e4telee maksaa ja sappirakkoa. Maksan roolia meditaatiossa ei voi korostaa liikaa. Se on ratkaisevan t\u00e4rke\u00e4 t\u00e4ydellisen ajatuksettoman tietoisuuden ja tarkkaavaisuuden tilan saavuttamisessa. Koska el\u00e4mme yleens\u00e4 stressaavaa el\u00e4m\u00e4\u00e4, maksamme on altis ylikuumenemiselle ja uupumukselle. Sahaja Yogan harjoittaminen auttaa tasapainottamaan ja suojelemaan t\u00e4t\u00e4 t\u00e4rke\u00e4\u00e4 elint\u00e4.<\/p>\n<p>Nabhi-chakralla on my\u00f6s t\u00e4rke\u00e4 rooli hyv\u00e4ss\u00e4 ruoansulatuksessa ja aineenvaihdunnassa. Liiallinen ruoalla nautiskelu vaikuttaa Nabhi-chakraan. S\u00e4\u00e4nn\u00f6llisin v\u00e4liajoin sy\u00f6ty hyv\u00e4 ja ravitseva ruoka auttaa pit\u00e4m\u00e4\u00e4n Nabhi-chakran tasapainossa.<\/p>\n<p>Nabhi-chakra on t\u00e4rke\u00e4 my\u00f6s perhe-el\u00e4m\u00e4ss\u00e4. Kun annat sille energiaa ja tasapainotat sit\u00e4 meditaation avulla, saatat l\u00f6yt\u00e4\u00e4 itsest\u00e4si uutta voimaa kohdata perheeseen liittyv\u00e4t velvollisuudet. Saatat jopa huomata nauttivasi velvollisuuksista, joita ennen v\u00e4lttelit.<\/p>\n<p>Vaurauden saavuttaminen on v\u00e4ltt\u00e4m\u00e4t\u00f6n askel ihmisen evoluutiossa. Nabhi-chakra on taloudellisen hyvinvoinnin ytimess\u00e4. Se auttaa ihmist\u00e4 t\u00e4ytt\u00e4m\u00e4\u00e4n olennaiset tarpeet ja toiveet. Ihmisell\u00e4 on syntyess\u00e4\u00e4n kaikki tarvittavat \u00e4lylliset ja fyysiset kyvyt, joiden avulla h\u00e4n voi ansaita rahaa, jolla t\u00e4ytt\u00e4\u00e4 nuo tarpeet. Vahva Nabhi-chakra tarkoittaa, ett\u00e4 kun taloudelliset tarpeet on tyydytetty, ihminen voi alkaa keskitty\u00e4 henkiseen hyvinvointiin.<\/p>\n<p><strong>Itsearviointia<\/strong>:<\/p>\n<p>Jos vasen Nabhi on tukossa tai ep\u00e4tasapainossa, saatat huomata, ett\u00e4 perheeseen ja kotitalouteen liittyv\u00e4t vaikeudet lis\u00e4\u00e4ntyv\u00e4t. Saatat my\u00f6s kokea rahahuolia. Jos keski-Nabhi on tukossa, saatat kokea lievi\u00e4 ongelmia tai ep\u00e4tasapainoa ruoansulatuksessa tai aineenvaihdunnassa. Kun oikea Nabhi on ep\u00e4tasapainossa, saatat huomata olevasi altis huolestumiselle ja ahdistukselle. Saatat my\u00f6s tuntea haluttomuutta antaa muille, anteliaisuuden puutetta. Onneksi Sahaja Yogan harjoittaminen auttaa tasapainottamaan ja palauttamaan t\u00e4m\u00e4n elint\u00e4rke\u00e4n chakran energian.<\/p>\n<p><strong>Ep\u00e4tasapainon syit\u00e4:<\/strong><\/p>\n<ul>\n<li>Liiallinen murehtiminen, stressi ja ep\u00e4vakaat perhesuhteet<\/li>\n<li>Pakkomielteet ty\u00f6h\u00f6n, huumeiden ja alkoholin v\u00e4\u00e4rink\u00e4ytt\u00f6, kaikenlainen fanaattisuus<\/li>\n<\/ul>\n<p><strong>Tasapainon saavuttaminen<\/strong>:<\/p>\n<p>Nabhi-chakran tasapainottaminen on melko yksinkertaista. Pid\u00e4 vain oikeaa k\u00e4tt\u00e4si k\u00e4mmen sis\u00e4\u00e4np\u00e4in k\u00e4\u00e4nnettyn\u00e4 muutaman sentin p\u00e4\u00e4ss\u00e4 Nabhi-chakrasi sijainnista. Kun tunnet energian virtaavan k\u00e4dess\u00e4si, py\u00f6rit\u00e4 sit\u00e4 my\u00f6t\u00e4p\u00e4iv\u00e4\u00e4n chakran ymp\u00e4rill\u00e4. Toista useita kertoja. Voit my\u00f6s tasapainottaa oikeaa Nabhiasi asettamalla j\u00e4\u00e4pussin kehon oikealle puolelle, maksan p\u00e4\u00e4lle. Tasapainottaaksesi vasenta Nabhi-chakraasi, ota jalkakylpy l\u00e4mpim\u00e4ll\u00e4 vedell\u00e4 samalla, kun teet tavanomaista meditaatiotasi.<\/p>\n\n","protected":false},"excerpt":{"rendered":"<p>Nabhi-chakra Tyytyv\u00e4isyys, evoluutio, hyvinvointi Kun kasvamme aikuisiksi ja siirrymme lapsuutemme ja kasvatuksemme tutusta ymp\u00e4rist\u00f6st\u00e4 el\u00e4m\u00e4n realiteetteihin, kohtaamme haasteita, joita t\u00e4m\u00e4 el\u00e4m\u00e4npeli meille asettaa. Meill\u00e4 on kuitenkin joukko eettisi\u00e4 s\u00e4\u00e4nt\u00f6j\u00e4, jotka antavat meille vankat ohjeet siit\u00e4, miten k\u00e4ytt\u00e4yty\u00e4 ja olla vuorovaikutuksessa yhteiskunnan kanssa arvokkaalla ja my\u00f6nteisell\u00e4 tavalla. Kolmas tietoisuuskeskus antaa meille sis\u00e4isen tunteen eettisest\u00e4 k\u00e4ytt\u00e4ytymisest\u00e4. T\u00e4t\u00e4&hellip; <br \/> <a class=\"read-more\" href=\"https:\/\/shrimataji.org\/test\/fi\/nabhi-chakra-fi\/\">Read more<\/a><\/p>\n","protected":false},"author":29,"featured_media":9253,"parent":0,"menu_order":0,"comment_status":"closed","ping_status":"closed","template":"","meta":{"inline_featured_image":false,"footnotes":""},"class_list":["post-12606","page","type-page","status-publish","has-post-thumbnail","hentry"],"yoast_head":"<!-- This site is optimized with the Yoast SEO plugin v27.4 - https:\/\/yoast.com\/product\/yoast-seo-wordpress\/ -->\n<title>Nabhi-chakra FIN - TEST - SMND<\/title>\n<meta name=\"robots\" content=\"noindex, follow, max-snippet:-1, max-image-preview:large, max-video-preview:-1\" \/>\n<meta property=\"og:locale\" content=\"en_US\" \/>\n<meta property=\"og:type\" content=\"article\" \/>\n<meta property=\"og:title\" content=\"Nabhi-chakra FIN - TEST - SMND\" \/>\n<meta property=\"og:description\" content=\"Nabhi-chakra Tyytyv\u00e4isyys, evoluutio, hyvinvointi Kun kasvamme aikuisiksi ja siirrymme lapsuutemme ja kasvatuksemme tutusta ymp\u00e4rist\u00f6st\u00e4 el\u00e4m\u00e4n realiteetteihin, kohtaamme haasteita, joita t\u00e4m\u00e4 el\u00e4m\u00e4npeli meille asettaa. Meill\u00e4 on kuitenkin joukko eettisi\u00e4 s\u00e4\u00e4nt\u00f6j\u00e4, jotka antavat meille vankat ohjeet siit\u00e4, miten k\u00e4ytt\u00e4yty\u00e4 ja olla vuorovaikutuksessa yhteiskunnan kanssa arvokkaalla ja my\u00f6nteisell\u00e4 tavalla. Kolmas tietoisuuskeskus antaa meille sis\u00e4isen tunteen eettisest\u00e4 k\u00e4ytt\u00e4ytymisest\u00e4. T\u00e4t\u00e4&hellip; Read more\" \/>\n<meta property=\"og:url\" content=\"https:\/\/shrimataji.org\/test\/fi\/nabhi-chakra-fi\/\" \/>\n<meta property=\"og:site_name\" content=\"TEST - SMND\" \/>\n<meta property=\"article:publisher\" content=\"https:\/\/www.facebook.com\/shrimataji\" \/>\n<meta property=\"article:modified_time\" content=\"2025-09-20T21:07:59+00:00\" \/>\n<meta property=\"og:image\" content=\"https:\/\/shrimataji.org\/test\/wp-content\/uploads\/2023\/03\/18_Banner-SY-Chakra-nabhi-scaled.jpg\" \/>\n\t<meta property=\"og:image:width\" content=\"2560\" \/>\n\t<meta property=\"og:image:height\" content=\"905\" \/>\n\t<meta property=\"og:image:type\" content=\"image\/jpeg\" \/>\n<meta name=\"twitter:card\" content=\"summary_large_image\" \/>\n<meta name=\"twitter:site\" content=\"@shrimataji\" \/>\n<meta name=\"twitter:label1\" content=\"Est. reading time\" \/>\n\t<meta name=\"twitter:data1\" content=\"5 minutes\" \/>\n<script type=\"application\/ld+json\" class=\"yoast-schema-graph\">{\"@context\":\"https:\\\/\\\/schema.org\",\"@graph\":[{\"@type\":\"WebPage\",\"@id\":\"https:\\\/\\\/shrimataji.org\\\/test\\\/fi\\\/nabhi-chakra-fi\\\/\",\"url\":\"https:\\\/\\\/shrimataji.org\\\/test\\\/fi\\\/nabhi-chakra-fi\\\/\",\"name\":\"Nabhi-chakra FIN - TEST - SMND\",\"isPartOf\":{\"@id\":\"https:\\\/\\\/shrimataji.org\\\/test\\\/#website\"},\"primaryImageOfPage\":{\"@id\":\"https:\\\/\\\/shrimataji.org\\\/test\\\/fi\\\/nabhi-chakra-fi\\\/#primaryimage\"},\"image\":{\"@id\":\"https:\\\/\\\/shrimataji.org\\\/test\\\/fi\\\/nabhi-chakra-fi\\\/#primaryimage\"},\"thumbnailUrl\":\"https:\\\/\\\/shrimataji.org\\\/test\\\/wp-content\\\/uploads\\\/2023\\\/03\\\/18_Banner-SY-Chakra-nabhi-scaled.jpg\",\"datePublished\":\"2022-03-05T07:37:21+00:00\",\"dateModified\":\"2025-09-20T21:07:59+00:00\",\"breadcrumb\":{\"@id\":\"https:\\\/\\\/shrimataji.org\\\/test\\\/fi\\\/nabhi-chakra-fi\\\/#breadcrumb\"},\"inLanguage\":\"en-US\",\"potentialAction\":[{\"@type\":\"ReadAction\",\"target\":[\"https:\\\/\\\/shrimataji.org\\\/test\\\/fi\\\/nabhi-chakra-fi\\\/\"]}]},{\"@type\":\"ImageObject\",\"inLanguage\":\"en-US\",\"@id\":\"https:\\\/\\\/shrimataji.org\\\/test\\\/fi\\\/nabhi-chakra-fi\\\/#primaryimage\",\"url\":\"https:\\\/\\\/shrimataji.org\\\/test\\\/wp-content\\\/uploads\\\/2023\\\/03\\\/18_Banner-SY-Chakra-nabhi-scaled.jpg\",\"contentUrl\":\"https:\\\/\\\/shrimataji.org\\\/test\\\/wp-content\\\/uploads\\\/2023\\\/03\\\/18_Banner-SY-Chakra-nabhi-scaled.jpg\",\"width\":2560,\"height\":905},{\"@type\":\"BreadcrumbList\",\"@id\":\"https:\\\/\\\/shrimataji.org\\\/test\\\/fi\\\/nabhi-chakra-fi\\\/#breadcrumb\",\"itemListElement\":[{\"@type\":\"ListItem\",\"position\":1,\"name\":\"Home\",\"item\":\"https:\\\/\\\/shrimataji.org\\\/test\\\/uk\\\/home-en\\\/\"},{\"@type\":\"ListItem\",\"position\":2,\"name\":\"Nabhi-chakra FIN\"}]},{\"@type\":\"WebSite\",\"@id\":\"https:\\\/\\\/shrimataji.org\\\/test\\\/#website\",\"url\":\"https:\\\/\\\/shrimataji.org\\\/test\\\/\",\"name\":\"Shri Mataji Nirmala Devi\",\"description\":\"A Life Dedicated to Humanity\",\"publisher\":{\"@id\":\"https:\\\/\\\/shrimataji.org\\\/test\\\/#\\\/schema\\\/person\\\/a1b3419c6585f164aa96da1ff85715d1\"},\"potentialAction\":[{\"@type\":\"SearchAction\",\"target\":{\"@type\":\"EntryPoint\",\"urlTemplate\":\"https:\\\/\\\/shrimataji.org\\\/test\\\/?s={search_term_string}\"},\"query-input\":{\"@type\":\"PropertyValueSpecification\",\"valueRequired\":true,\"valueName\":\"search_term_string\"}}],\"inLanguage\":\"en-US\"},{\"@type\":[\"Person\",\"Organization\"],\"@id\":\"https:\\\/\\\/shrimataji.org\\\/test\\\/#\\\/schema\\\/person\\\/a1b3419c6585f164aa96da1ff85715d1\",\"name\":\"Nirmala Shrivastava\",\"image\":{\"@type\":\"ImageObject\",\"inLanguage\":\"en-US\",\"@id\":\"https:\\\/\\\/shrimataji.org\\\/test\\\/wp-content\\\/uploads\\\/2023\\\/02\\\/SMO_LOGO-03.svg\",\"url\":\"https:\\\/\\\/shrimataji.org\\\/test\\\/wp-content\\\/uploads\\\/2023\\\/02\\\/SMO_LOGO-03.svg\",\"contentUrl\":\"https:\\\/\\\/shrimataji.org\\\/test\\\/wp-content\\\/uploads\\\/2023\\\/02\\\/SMO_LOGO-03.svg\",\"width\":\"1024\",\"height\":\"1024\",\"caption\":\"Nirmala Shrivastava\"},\"logo\":{\"@id\":\"https:\\\/\\\/shrimataji.org\\\/test\\\/wp-content\\\/uploads\\\/2023\\\/02\\\/SMO_LOGO-03.svg\"},\"sameAs\":[\"https:\\\/\\\/shrimataji.org\\\/test\",\"https:\\\/\\\/www.facebook.com\\\/shrimataji\",\"https:\\\/\\\/x.com\\\/shrimataji\",\"https:\\\/\\\/www.youtube.com\\\/@Shri_Mataji_Nirmala_Devi\\\/featured\"]}]}<\/script>\n<!-- \/ Yoast SEO plugin. -->","yoast_head_json":{"title":"Nabhi-chakra FIN - TEST - SMND","robots":{"index":"noindex","follow":"follow","max-snippet":"max-snippet:-1","max-image-preview":"max-image-preview:large","max-video-preview":"max-video-preview:-1"},"og_locale":"en_US","og_type":"article","og_title":"Nabhi-chakra FIN - TEST - SMND","og_description":"Nabhi-chakra Tyytyv\u00e4isyys, evoluutio, hyvinvointi Kun kasvamme aikuisiksi ja siirrymme lapsuutemme ja kasvatuksemme tutusta ymp\u00e4rist\u00f6st\u00e4 el\u00e4m\u00e4n realiteetteihin, kohtaamme haasteita, joita t\u00e4m\u00e4 el\u00e4m\u00e4npeli meille asettaa. Meill\u00e4 on kuitenkin joukko eettisi\u00e4 s\u00e4\u00e4nt\u00f6j\u00e4, jotka antavat meille vankat ohjeet siit\u00e4, miten k\u00e4ytt\u00e4yty\u00e4 ja olla vuorovaikutuksessa yhteiskunnan kanssa arvokkaalla ja my\u00f6nteisell\u00e4 tavalla. Kolmas tietoisuuskeskus antaa meille sis\u00e4isen tunteen eettisest\u00e4 k\u00e4ytt\u00e4ytymisest\u00e4. T\u00e4t\u00e4&hellip; Read more","og_url":"https:\/\/shrimataji.org\/test\/fi\/nabhi-chakra-fi\/","og_site_name":"TEST - SMND","article_publisher":"https:\/\/www.facebook.com\/shrimataji","article_modified_time":"2025-09-20T21:07:59+00:00","og_image":[{"width":2560,"height":905,"url":"https:\/\/shrimataji.org\/test\/wp-content\/uploads\/2023\/03\/18_Banner-SY-Chakra-nabhi-scaled.jpg","type":"image\/jpeg"}],"twitter_card":"summary_large_image","twitter_site":"@shrimataji","twitter_misc":{"Est. reading time":"5 minutes"},"schema":{"@context":"https:\/\/schema.org","@graph":[{"@type":"WebPage","@id":"https:\/\/shrimataji.org\/test\/fi\/nabhi-chakra-fi\/","url":"https:\/\/shrimataji.org\/test\/fi\/nabhi-chakra-fi\/","name":"Nabhi-chakra FIN - TEST - SMND","isPartOf":{"@id":"https:\/\/shrimataji.org\/test\/#website"},"primaryImageOfPage":{"@id":"https:\/\/shrimataji.org\/test\/fi\/nabhi-chakra-fi\/#primaryimage"},"image":{"@id":"https:\/\/shrimataji.org\/test\/fi\/nabhi-chakra-fi\/#primaryimage"},"thumbnailUrl":"https:\/\/shrimataji.org\/test\/wp-content\/uploads\/2023\/03\/18_Banner-SY-Chakra-nabhi-scaled.jpg","datePublished":"2022-03-05T07:37:21+00:00","dateModified":"2025-09-20T21:07:59+00:00","breadcrumb":{"@id":"https:\/\/shrimataji.org\/test\/fi\/nabhi-chakra-fi\/#breadcrumb"},"inLanguage":"en-US","potentialAction":[{"@type":"ReadAction","target":["https:\/\/shrimataji.org\/test\/fi\/nabhi-chakra-fi\/"]}]},{"@type":"ImageObject","inLanguage":"en-US","@id":"https:\/\/shrimataji.org\/test\/fi\/nabhi-chakra-fi\/#primaryimage","url":"https:\/\/shrimataji.org\/test\/wp-content\/uploads\/2023\/03\/18_Banner-SY-Chakra-nabhi-scaled.jpg","contentUrl":"https:\/\/shrimataji.org\/test\/wp-content\/uploads\/2023\/03\/18_Banner-SY-Chakra-nabhi-scaled.jpg","width":2560,"height":905},{"@type":"BreadcrumbList","@id":"https:\/\/shrimataji.org\/test\/fi\/nabhi-chakra-fi\/#breadcrumb","itemListElement":[{"@type":"ListItem","position":1,"name":"Home","item":"https:\/\/shrimataji.org\/test\/uk\/home-en\/"},{"@type":"ListItem","position":2,"name":"Nabhi-chakra FIN"}]},{"@type":"WebSite","@id":"https:\/\/shrimataji.org\/test\/#website","url":"https:\/\/shrimataji.org\/test\/","name":"Shri Mataji Nirmala Devi","description":"A Life Dedicated to Humanity","publisher":{"@id":"https:\/\/shrimataji.org\/test\/#\/schema\/person\/a1b3419c6585f164aa96da1ff85715d1"},"potentialAction":[{"@type":"SearchAction","target":{"@type":"EntryPoint","urlTemplate":"https:\/\/shrimataji.org\/test\/?s={search_term_string}"},"query-input":{"@type":"PropertyValueSpecification","valueRequired":true,"valueName":"search_term_string"}}],"inLanguage":"en-US"},{"@type":["Person","Organization"],"@id":"https:\/\/shrimataji.org\/test\/#\/schema\/person\/a1b3419c6585f164aa96da1ff85715d1","name":"Nirmala Shrivastava","image":{"@type":"ImageObject","inLanguage":"en-US","@id":"https:\/\/shrimataji.org\/test\/wp-content\/uploads\/2023\/02\/SMO_LOGO-03.svg","url":"https:\/\/shrimataji.org\/test\/wp-content\/uploads\/2023\/02\/SMO_LOGO-03.svg","contentUrl":"https:\/\/shrimataji.org\/test\/wp-content\/uploads\/2023\/02\/SMO_LOGO-03.svg","width":"1024","height":"1024","caption":"Nirmala Shrivastava"},"logo":{"@id":"https:\/\/shrimataji.org\/test\/wp-content\/uploads\/2023\/02\/SMO_LOGO-03.svg"},"sameAs":["https:\/\/shrimataji.org\/test","https:\/\/www.facebook.com\/shrimataji","https:\/\/x.com\/shrimataji","https:\/\/www.youtube.com\/@Shri_Mataji_Nirmala_Devi\/featured"]}]}},"lang":"fi","translations":{"fi":12606,"ur":37468,"en":6487,"am":18040,"th":20003,"hu":19522,"sq":18441,"zh":17338,"hi":8327,"tr":10187,"pt":10397,"de":10671,"fr":10769,"it":10867,"es":10964,"ja":11261,"ru":11449,"bn":11641,"te":11749,"sw":11872,"he":12020,"el":12312,"sk":12410,"fa":12508,"bg":13372,"ro":14446,"cs":14639,"nl":16601,"ku":16761,"ar":16937,"be":18648,"kn":18922,"mr":20367,"uk":20661,"ml":20956,"ta":22759,"sv":23030,"gu":28873,"pa":29033,"fil":29478,"da":37780,"pl":37992,"nn":38332},"pll_sync_post":[],"_links":{"self":[{"href":"https:\/\/shrimataji.org\/test\/wp-json\/wp\/v2\/pages\/12606","targetHints":{"allow":["GET"]}}],"collection":[{"href":"https:\/\/shrimataji.org\/test\/wp-json\/wp\/v2\/pages"}],"about":[{"href":"https:\/\/shrimataji.org\/test\/wp-json\/wp\/v2\/types\/page"}],"author":[{"embeddable":true,"href":"https:\/\/shrimataji.org\/test\/wp-json\/wp\/v2\/users\/29"}],"replies":[{"embeddable":true,"href":"https:\/\/shrimataji.org\/test\/wp-json\/wp\/v2\/comments?post=12606"}],"version-history":[{"count":0,"href":"https:\/\/shrimataji.org\/test\/wp-json\/wp\/v2\/pages\/12606\/revisions"}],"wp:featuredmedia":[{"embeddable":true,"href":"https:\/\/shrimataji.org\/test\/wp-json\/wp\/v2\/media\/9253"}],"wp:attachment":[{"href":"https:\/\/shrimataji.org\/test\/wp-json\/wp\/v2\/media?parent=12606"}],"curies":[{"name":"wp","href":"https:\/\/api.w.org\/{rel}","templated":true}]}}