{"id":12607,"date":"2022-01-29T10:25:21","date_gmt":"2022-01-29T10:25:21","guid":{"rendered":"https:\/\/test.shrimataji.org\/?page_id=6406"},"modified":"2025-09-02T11:39:31","modified_gmt":"2025-09-02T11:39:31","slug":"nadit-ja-kolme-mielialaa","status":"publish","type":"page","link":"https:\/\/shrimataji.org\/test\/fi\/nadit-ja-kolme-mielialaa\/","title":{"rendered":"Nadit ja kolme mielialaa"},"content":{"rendered":"\n\n\t<h1>Nadit ja kolme mielialaa<\/h1>\n<h2>Tasapainoon p\u00e4\u00e4seminen<\/h2>\n<div class=\"su-quote su-quote-style-default\"><div class=\"su-quote-inner su-u-clearfix su-u-trim\"> N\u00e4it\u00e4 hienojakoisia nadeja ei voi n\u00e4hd\u00e4. Ne voivat ilmenty\u00e4 vain Sahaja Yogassa. <\/div><\/div>\n<h4>Ihmisen hienojakoinen j\u00e4rjestelm\u00e4 on eritt\u00e4in monimutkainen, ja se koostuu tuhansista kanavista, jotka mahdollistavat hienojakoisen energian virtaamisen koko kehossa. N\u00e4iden kanavien kautta virtaavien energioiden ilmenemist\u00e4 tietyiss\u00e4 paikoissa hienojakoista j\u00e4rjestelm\u00e4\u00e4 kutsutaan &#8220;<a href=\"https:\/\/shrimataji.org\/test\/fi\/chakrat-ja-ominaisuudet\/\" target=\"_blank\" rel=\"noopener\">chakroiksi<\/a>&#8221; (tarkoittaa sanskritiksi &#8220;py\u00f6ri\u00e4&#8221;). Koko hienojakoista j\u00e4rjestelm\u00e4\u00e4mme hallitsee kolme prim\u00e4\u00e4ri\u00e4 pystysuoraa energiakanavaa, joita kutsutaan sanskritiksi &#8220;nadeiksi&#8221; ja jotka ovat yhteydess\u00e4 kesken\u00e4\u00e4n seitsem\u00e4n p\u00e4\u00e4chakran kautta.<\/h4>\n<p>Hienojakoinen j\u00e4rjestelm\u00e4mme aktivoituu t\u00e4ysin vasta itseoivalluksen kautta, kun <a href=\"https:\/\/shrimataji.org\/test\/fi\/kundaliini\/\" target=\"_blank\" rel=\"noopener\">Kundaliini<\/a> her\u00e4\u00e4, mik\u00e4 puhdistaa ja tasapainottaa koko hienojakoisen j\u00e4rjestelm\u00e4mme ja valaisee chakrojen puhtaat ominaisuudet sis\u00e4ll\u00e4mme.<\/p>\n\t\t\t\t<a href=\"https:\/\/shrimataji.org\/test\/wp-content\/uploads\/2023\/02\/1_All-Nadis-01.png\"  target=\"_blank\" rel=\"noopener\"  itemprop=\"url\">\n\t\t\t\t<img decoding=\"async\" src=\"https:\/\/shrimataji.org\/test\/wp-content\/uploads\/2025\/04\/All-Nadis-01-1-scaled.png\" alt=\"All Nadis-01\" itemprop=\"image\" height=\"2560\" width=\"2390\" title=\"All Nadis-01\" onerror=\"this.style.display='none'\" loading=\"lazy\" \/>\n\t\t\t\t<\/a>\n\t<p>Kukin energiakanava edustaa tietty\u00e4 mielialaa tai ominaisuutta psyykess\u00e4mme ja tukee kyps\u00e4n persoonallisuuden t\u00e4ytt\u00e4 kehityst\u00e4. K\u00e4yt\u00e4mme jokap\u00e4iv\u00e4isess\u00e4 el\u00e4m\u00e4ss\u00e4mme yleens\u00e4 joko vasenta kanavaa (sanskritiksi Ida-nadi), joka s\u00e4\u00e4telee halujamme ja tunteitamme, tai oikeaa kanavaa (sanskritiksi Pingala-nadi), joka s\u00e4\u00e4telee ajatuksiamme ja tekojamme. Liiallisuus el\u00e4m\u00e4ntavoissamme h\u00e4iritsee usein kanaviemme luonnollista tasapainoa, ja koemme fyysisi\u00e4, henkisi\u00e4 ja emotionaalisia ongelmia. Kolmas energiakanava Sushumna, joka sijaitsee vasemman ja oikean kanavan keskell\u00e4, aktivoituu vasta itseoivalluksen my\u00f6t\u00e4, kun Kundaliini nousee ja valaisee kaikki nadit ja chakrat ja johdattaa meid\u00e4t sis\u00e4isen tasapainon tilaan.<\/p>\n<p>N\u00e4m\u00e4 hienojakoiset kanavat eiv\u00e4t sijaitse ainoastaan selk\u00e4ytimess\u00e4mme, joka ilmentyy karkeampijakoisena sympaattisena ja parasympaattisena hermoj\u00e4rjestelm\u00e4n\u00e4, vaan niill\u00e4 on my\u00f6s vastaavuudet tietyiss\u00e4 paikoissa k\u00e4siss\u00e4mme ja jaloissamme.<\/p>\n\t\t\t\t<img decoding=\"async\" src=\"https:\/\/shrimataji.org\/test\/wp-content\/uploads\/2023\/03\/Nadi_Handsketch.jpg\" alt=\"Shri Matajin alkuper\u00e4inen piirros\" itemprop=\"image\" height=\"511\" width=\"1246\" title=\"Nadi_Handsketch\" onerror=\"this.style.display='none'\" loading=\"lazy\" \/>\n\t\tShri Matajin alkuper\u00e4inen piirros\n\t<p>Itseoivalluksen j\u00e4lkeen tulemme selke\u00e4sti tietoisiksi nadien ja chakrojen ep\u00e4tasapainosta, jonka tunnemme kuumuutena, \u00e4\u00e4rimm\u00e4isen\u00e4 kylmyyten\u00e4 tai tunnottomuutena vastaavissa paikoissa selk\u00e4ydint\u00e4mme tai raajojamme.<\/p>\n<p>Shri Mataji kuvasi yksityiskohtaisesti erilaisia puhdistustekniikoita, joissa usein k\u00e4ytet\u00e4\u00e4n yht\u00e4 tai useampaa elementti\u00e4, kuten maata, vett\u00e4, tulta, ilmaa ja eetteri\u00e4, puhdistamaan tiettyj\u00e4 nadien ja chakrojen tukoksia ja palauttamaan ne luonnolliseen tasapainoon.<\/p>\n\t\t<img decoding=\"async\" data-spai-excluded=\"true\" loading=\"lazy\"  alt=\"YouTube player\"  src=\"https:\/\/i.ytimg.com\/vi\/9phkP0MMMEI\/maxresdefault.jpg\"  \/><button aria-label=\"Play\"><\/button><meta itemprop=\"embedUrl\" content=\"https:\/\/www.youtube.com\/embed\/9phkP0MMMEI\"\/><meta itemprop=\"name\" content=\"The importance of a balanced life\"\/><meta itemprop=\"description\" content=\"YouTube video\"\/><meta itemprop=\"thumbnailUrl\" content=\"https:\/\/i.ytimg.com\/vi\/9phkP0MMMEI\/0.jpg\"\/><meta itemprop=\"duration\" content=\"PT2M5S\"\/><meta itemprop=\"uploadDate\" content=\"2022-11-12T03:31:03Z\"\/>\t\n\n","protected":false},"excerpt":{"rendered":"<p>Nadit ja kolme mielialaa Tasapainoon p\u00e4\u00e4seminen Ihmisen hienojakoinen j\u00e4rjestelm\u00e4 on eritt\u00e4in monimutkainen, ja se koostuu tuhansista kanavista, jotka mahdollistavat hienojakoisen energian virtaamisen koko kehossa. N\u00e4iden kanavien kautta virtaavien energioiden ilmenemist\u00e4 tietyiss\u00e4 paikoissa hienojakoista j\u00e4rjestelm\u00e4\u00e4 kutsutaan &#8220;chakroiksi&#8221; (tarkoittaa sanskritiksi &#8220;py\u00f6ri\u00e4&#8221;). Koko hienojakoista j\u00e4rjestelm\u00e4\u00e4mme hallitsee kolme prim\u00e4\u00e4ri\u00e4 pystysuoraa energiakanavaa, joita kutsutaan sanskritiksi &#8220;nadeiksi&#8221; ja jotka ovat yhteydess\u00e4&hellip; <br \/> <a class=\"read-more\" href=\"https:\/\/shrimataji.org\/test\/fi\/nadit-ja-kolme-mielialaa\/\">Read more<\/a><\/p>\n","protected":false},"author":29,"featured_media":9246,"parent":0,"menu_order":0,"comment_status":"closed","ping_status":"closed","template":"","meta":{"inline_featured_image":false,"footnotes":""},"class_list":["post-12607","page","type-page","status-publish","has-post-thumbnail","hentry"],"yoast_head":"<!-- This site is optimized with the Yoast SEO plugin v27.4 - https:\/\/yoast.com\/product\/yoast-seo-wordpress\/ -->\n<title>Nadit ja kolme mielialaa - TEST - SMND<\/title>\n<meta name=\"robots\" content=\"noindex, follow, max-snippet:-1, max-image-preview:large, max-video-preview:-1\" \/>\n<meta property=\"og:locale\" content=\"en_US\" \/>\n<meta property=\"og:type\" content=\"article\" \/>\n<meta property=\"og:title\" content=\"Nadit ja kolme mielialaa - TEST - SMND\" \/>\n<meta property=\"og:description\" content=\"Nadit ja kolme mielialaa Tasapainoon p\u00e4\u00e4seminen Ihmisen hienojakoinen j\u00e4rjestelm\u00e4 on eritt\u00e4in monimutkainen, ja se koostuu tuhansista kanavista, jotka mahdollistavat hienojakoisen energian virtaamisen koko kehossa. N\u00e4iden kanavien kautta virtaavien energioiden ilmenemist\u00e4 tietyiss\u00e4 paikoissa hienojakoista j\u00e4rjestelm\u00e4\u00e4 kutsutaan &#8220;chakroiksi&#8221; (tarkoittaa sanskritiksi &#8220;py\u00f6ri\u00e4&#8221;). Koko hienojakoista j\u00e4rjestelm\u00e4\u00e4mme hallitsee kolme prim\u00e4\u00e4ri\u00e4 pystysuoraa energiakanavaa, joita kutsutaan sanskritiksi &#8220;nadeiksi&#8221; ja jotka ovat yhteydess\u00e4&hellip; Read more\" \/>\n<meta property=\"og:url\" content=\"https:\/\/shrimataji.org\/test\/fi\/nadit-ja-kolme-mielialaa\/\" \/>\n<meta property=\"og:site_name\" content=\"TEST - SMND\" \/>\n<meta property=\"article:publisher\" content=\"https:\/\/www.facebook.com\/shrimataji\" \/>\n<meta property=\"article:modified_time\" content=\"2025-09-02T11:39:31+00:00\" \/>\n<meta property=\"og:image\" content=\"https:\/\/shrimataji.org\/test\/wp-content\/uploads\/2023\/03\/11_Banner-SY-Nadis-2-scaled.jpg\" \/>\n\t<meta property=\"og:image:width\" content=\"2560\" \/>\n\t<meta property=\"og:image:height\" content=\"905\" \/>\n\t<meta property=\"og:image:type\" content=\"image\/jpeg\" \/>\n<meta name=\"twitter:card\" content=\"summary_large_image\" \/>\n<meta name=\"twitter:site\" content=\"@shrimataji\" \/>\n<meta name=\"twitter:label1\" content=\"Est. reading time\" \/>\n\t<meta name=\"twitter:data1\" content=\"3 minutes\" \/>\n<script type=\"application\/ld+json\" class=\"yoast-schema-graph\">{\"@context\":\"https:\\\/\\\/schema.org\",\"@graph\":[{\"@type\":\"WebPage\",\"@id\":\"https:\\\/\\\/shrimataji.org\\\/test\\\/fi\\\/nadit-ja-kolme-mielialaa\\\/\",\"url\":\"https:\\\/\\\/shrimataji.org\\\/test\\\/fi\\\/nadit-ja-kolme-mielialaa\\\/\",\"name\":\"Nadit ja kolme mielialaa - TEST - SMND\",\"isPartOf\":{\"@id\":\"https:\\\/\\\/shrimataji.org\\\/test\\\/#website\"},\"primaryImageOfPage\":{\"@id\":\"https:\\\/\\\/shrimataji.org\\\/test\\\/fi\\\/nadit-ja-kolme-mielialaa\\\/#primaryimage\"},\"image\":{\"@id\":\"https:\\\/\\\/shrimataji.org\\\/test\\\/fi\\\/nadit-ja-kolme-mielialaa\\\/#primaryimage\"},\"thumbnailUrl\":\"https:\\\/\\\/shrimataji.org\\\/test\\\/wp-content\\\/uploads\\\/2023\\\/03\\\/11_Banner-SY-Nadis-2-scaled.jpg\",\"datePublished\":\"2022-01-29T10:25:21+00:00\",\"dateModified\":\"2025-09-02T11:39:31+00:00\",\"breadcrumb\":{\"@id\":\"https:\\\/\\\/shrimataji.org\\\/test\\\/fi\\\/nadit-ja-kolme-mielialaa\\\/#breadcrumb\"},\"inLanguage\":\"en-US\",\"potentialAction\":[{\"@type\":\"ReadAction\",\"target\":[\"https:\\\/\\\/shrimataji.org\\\/test\\\/fi\\\/nadit-ja-kolme-mielialaa\\\/\"]}]},{\"@type\":\"ImageObject\",\"inLanguage\":\"en-US\",\"@id\":\"https:\\\/\\\/shrimataji.org\\\/test\\\/fi\\\/nadit-ja-kolme-mielialaa\\\/#primaryimage\",\"url\":\"https:\\\/\\\/shrimataji.org\\\/test\\\/wp-content\\\/uploads\\\/2023\\\/03\\\/11_Banner-SY-Nadis-2-scaled.jpg\",\"contentUrl\":\"https:\\\/\\\/shrimataji.org\\\/test\\\/wp-content\\\/uploads\\\/2023\\\/03\\\/11_Banner-SY-Nadis-2-scaled.jpg\",\"width\":2560,\"height\":905},{\"@type\":\"BreadcrumbList\",\"@id\":\"https:\\\/\\\/shrimataji.org\\\/test\\\/fi\\\/nadit-ja-kolme-mielialaa\\\/#breadcrumb\",\"itemListElement\":[{\"@type\":\"ListItem\",\"position\":1,\"name\":\"Home\",\"item\":\"https:\\\/\\\/shrimataji.org\\\/test\\\/uk\\\/home-en\\\/\"},{\"@type\":\"ListItem\",\"position\":2,\"name\":\"Nadit ja kolme mielialaa\"}]},{\"@type\":\"WebSite\",\"@id\":\"https:\\\/\\\/shrimataji.org\\\/test\\\/#website\",\"url\":\"https:\\\/\\\/shrimataji.org\\\/test\\\/\",\"name\":\"Shri Mataji Nirmala Devi\",\"description\":\"A Life Dedicated to Humanity\",\"publisher\":{\"@id\":\"https:\\\/\\\/shrimataji.org\\\/test\\\/#\\\/schema\\\/person\\\/a1b3419c6585f164aa96da1ff85715d1\"},\"potentialAction\":[{\"@type\":\"SearchAction\",\"target\":{\"@type\":\"EntryPoint\",\"urlTemplate\":\"https:\\\/\\\/shrimataji.org\\\/test\\\/?s={search_term_string}\"},\"query-input\":{\"@type\":\"PropertyValueSpecification\",\"valueRequired\":true,\"valueName\":\"search_term_string\"}}],\"inLanguage\":\"en-US\"},{\"@type\":[\"Person\",\"Organization\"],\"@id\":\"https:\\\/\\\/shrimataji.org\\\/test\\\/#\\\/schema\\\/person\\\/a1b3419c6585f164aa96da1ff85715d1\",\"name\":\"Nirmala Shrivastava\",\"image\":{\"@type\":\"ImageObject\",\"inLanguage\":\"en-US\",\"@id\":\"https:\\\/\\\/shrimataji.org\\\/test\\\/wp-content\\\/uploads\\\/2023\\\/02\\\/SMO_LOGO-03.svg\",\"url\":\"https:\\\/\\\/shrimataji.org\\\/test\\\/wp-content\\\/uploads\\\/2023\\\/02\\\/SMO_LOGO-03.svg\",\"contentUrl\":\"https:\\\/\\\/shrimataji.org\\\/test\\\/wp-content\\\/uploads\\\/2023\\\/02\\\/SMO_LOGO-03.svg\",\"width\":\"1024\",\"height\":\"1024\",\"caption\":\"Nirmala Shrivastava\"},\"logo\":{\"@id\":\"https:\\\/\\\/shrimataji.org\\\/test\\\/wp-content\\\/uploads\\\/2023\\\/02\\\/SMO_LOGO-03.svg\"},\"sameAs\":[\"https:\\\/\\\/shrimataji.org\\\/test\",\"https:\\\/\\\/www.facebook.com\\\/shrimataji\",\"https:\\\/\\\/x.com\\\/shrimataji\",\"https:\\\/\\\/www.youtube.com\\\/@Shri_Mataji_Nirmala_Devi\\\/featured\"]}]}<\/script>\n<!-- \/ Yoast SEO plugin. -->","yoast_head_json":{"title":"Nadit ja kolme mielialaa - TEST - SMND","robots":{"index":"noindex","follow":"follow","max-snippet":"max-snippet:-1","max-image-preview":"max-image-preview:large","max-video-preview":"max-video-preview:-1"},"og_locale":"en_US","og_type":"article","og_title":"Nadit ja kolme mielialaa - TEST - SMND","og_description":"Nadit ja kolme mielialaa Tasapainoon p\u00e4\u00e4seminen Ihmisen hienojakoinen j\u00e4rjestelm\u00e4 on eritt\u00e4in monimutkainen, ja se koostuu tuhansista kanavista, jotka mahdollistavat hienojakoisen energian virtaamisen koko kehossa. N\u00e4iden kanavien kautta virtaavien energioiden ilmenemist\u00e4 tietyiss\u00e4 paikoissa hienojakoista j\u00e4rjestelm\u00e4\u00e4 kutsutaan &#8220;chakroiksi&#8221; (tarkoittaa sanskritiksi &#8220;py\u00f6ri\u00e4&#8221;). Koko hienojakoista j\u00e4rjestelm\u00e4\u00e4mme hallitsee kolme prim\u00e4\u00e4ri\u00e4 pystysuoraa energiakanavaa, joita kutsutaan sanskritiksi &#8220;nadeiksi&#8221; ja jotka ovat yhteydess\u00e4&hellip; Read more","og_url":"https:\/\/shrimataji.org\/test\/fi\/nadit-ja-kolme-mielialaa\/","og_site_name":"TEST - SMND","article_publisher":"https:\/\/www.facebook.com\/shrimataji","article_modified_time":"2025-09-02T11:39:31+00:00","og_image":[{"width":2560,"height":905,"url":"https:\/\/shrimataji.org\/test\/wp-content\/uploads\/2023\/03\/11_Banner-SY-Nadis-2-scaled.jpg","type":"image\/jpeg"}],"twitter_card":"summary_large_image","twitter_site":"@shrimataji","twitter_misc":{"Est. reading time":"3 minutes"},"schema":{"@context":"https:\/\/schema.org","@graph":[{"@type":"WebPage","@id":"https:\/\/shrimataji.org\/test\/fi\/nadit-ja-kolme-mielialaa\/","url":"https:\/\/shrimataji.org\/test\/fi\/nadit-ja-kolme-mielialaa\/","name":"Nadit ja kolme mielialaa - TEST - SMND","isPartOf":{"@id":"https:\/\/shrimataji.org\/test\/#website"},"primaryImageOfPage":{"@id":"https:\/\/shrimataji.org\/test\/fi\/nadit-ja-kolme-mielialaa\/#primaryimage"},"image":{"@id":"https:\/\/shrimataji.org\/test\/fi\/nadit-ja-kolme-mielialaa\/#primaryimage"},"thumbnailUrl":"https:\/\/shrimataji.org\/test\/wp-content\/uploads\/2023\/03\/11_Banner-SY-Nadis-2-scaled.jpg","datePublished":"2022-01-29T10:25:21+00:00","dateModified":"2025-09-02T11:39:31+00:00","breadcrumb":{"@id":"https:\/\/shrimataji.org\/test\/fi\/nadit-ja-kolme-mielialaa\/#breadcrumb"},"inLanguage":"en-US","potentialAction":[{"@type":"ReadAction","target":["https:\/\/shrimataji.org\/test\/fi\/nadit-ja-kolme-mielialaa\/"]}]},{"@type":"ImageObject","inLanguage":"en-US","@id":"https:\/\/shrimataji.org\/test\/fi\/nadit-ja-kolme-mielialaa\/#primaryimage","url":"https:\/\/shrimataji.org\/test\/wp-content\/uploads\/2023\/03\/11_Banner-SY-Nadis-2-scaled.jpg","contentUrl":"https:\/\/shrimataji.org\/test\/wp-content\/uploads\/2023\/03\/11_Banner-SY-Nadis-2-scaled.jpg","width":2560,"height":905},{"@type":"BreadcrumbList","@id":"https:\/\/shrimataji.org\/test\/fi\/nadit-ja-kolme-mielialaa\/#breadcrumb","itemListElement":[{"@type":"ListItem","position":1,"name":"Home","item":"https:\/\/shrimataji.org\/test\/uk\/home-en\/"},{"@type":"ListItem","position":2,"name":"Nadit ja kolme mielialaa"}]},{"@type":"WebSite","@id":"https:\/\/shrimataji.org\/test\/#website","url":"https:\/\/shrimataji.org\/test\/","name":"Shri Mataji Nirmala Devi","description":"A Life Dedicated to Humanity","publisher":{"@id":"https:\/\/shrimataji.org\/test\/#\/schema\/person\/a1b3419c6585f164aa96da1ff85715d1"},"potentialAction":[{"@type":"SearchAction","target":{"@type":"EntryPoint","urlTemplate":"https:\/\/shrimataji.org\/test\/?s={search_term_string}"},"query-input":{"@type":"PropertyValueSpecification","valueRequired":true,"valueName":"search_term_string"}}],"inLanguage":"en-US"},{"@type":["Person","Organization"],"@id":"https:\/\/shrimataji.org\/test\/#\/schema\/person\/a1b3419c6585f164aa96da1ff85715d1","name":"Nirmala Shrivastava","image":{"@type":"ImageObject","inLanguage":"en-US","@id":"https:\/\/shrimataji.org\/test\/wp-content\/uploads\/2023\/02\/SMO_LOGO-03.svg","url":"https:\/\/shrimataji.org\/test\/wp-content\/uploads\/2023\/02\/SMO_LOGO-03.svg","contentUrl":"https:\/\/shrimataji.org\/test\/wp-content\/uploads\/2023\/02\/SMO_LOGO-03.svg","width":"1024","height":"1024","caption":"Nirmala Shrivastava"},"logo":{"@id":"https:\/\/shrimataji.org\/test\/wp-content\/uploads\/2023\/02\/SMO_LOGO-03.svg"},"sameAs":["https:\/\/shrimataji.org\/test","https:\/\/www.facebook.com\/shrimataji","https:\/\/x.com\/shrimataji","https:\/\/www.youtube.com\/@Shri_Mataji_Nirmala_Devi\/featured"]}]}},"lang":"fi","translations":{"fi":12607,"ur":37470,"en":6406,"am":18042,"th":20006,"hu":19524,"sq":18443,"zh":17340,"hi":8302,"tr":10188,"pt":10398,"de":10672,"fr":10770,"it":10868,"es":10965,"ja":11262,"ru":11450,"bn":11642,"te":11750,"sw":11873,"he":12021,"el":12313,"sk":12411,"fa":12509,"bg":13386,"ro":14460,"cs":14653,"nl":16603,"ku":16763,"ar":16939,"be":18650,"kn":18924,"mr":20370,"uk":20664,"ml":20959,"ta":22761,"sv":23032,"gu":28875,"pa":29035,"fil":29480,"da":37782,"pl":37994,"nn":38334},"pll_sync_post":[],"_links":{"self":[{"href":"https:\/\/shrimataji.org\/test\/wp-json\/wp\/v2\/pages\/12607","targetHints":{"allow":["GET"]}}],"collection":[{"href":"https:\/\/shrimataji.org\/test\/wp-json\/wp\/v2\/pages"}],"about":[{"href":"https:\/\/shrimataji.org\/test\/wp-json\/wp\/v2\/types\/page"}],"author":[{"embeddable":true,"href":"https:\/\/shrimataji.org\/test\/wp-json\/wp\/v2\/users\/29"}],"replies":[{"embeddable":true,"href":"https:\/\/shrimataji.org\/test\/wp-json\/wp\/v2\/comments?post=12607"}],"version-history":[{"count":0,"href":"https:\/\/shrimataji.org\/test\/wp-json\/wp\/v2\/pages\/12607\/revisions"}],"wp:featuredmedia":[{"embeddable":true,"href":"https:\/\/shrimataji.org\/test\/wp-json\/wp\/v2\/media\/9246"}],"wp:attachment":[{"href":"https:\/\/shrimataji.org\/test\/wp-json\/wp\/v2\/media?parent=12607"}],"curies":[{"name":"wp","href":"https:\/\/api.w.org\/{rel}","templated":true}]}}