{"id":12608,"date":"2018-07-10T06:54:54","date_gmt":"2018-07-10T06:54:54","guid":{"rendered":"http:\/\/testwordpress.nirmalnagari.org\/smnd\/index.php\/obituary-for-sir-c-p-srivastava\/"},"modified":"2025-07-13T08:13:27","modified_gmt":"2025-07-13T08:13:27","slug":"sir-c-p-srivastavan-muistokirjoitus","status":"publish","type":"page","link":"https:\/\/shrimataji.org\/test\/fi\/sir-c-p-srivastavan-muistokirjoitus\/","title":{"rendered":"Sir C.P. Srivastavan muistokirjoitus"},"content":{"rendered":"\n\n\t<h1>Sir C.P. Srivastavan muistokirjoitus<\/h1>\n<h4>Uusintajulkaisu &#8216;The Hindu&#8217; -lehden artikkelista 24. hein\u00e4kuuta 2013 Intiassa:<\/h4>\n<h4>S. Anandan: &#8220;Mies, jolla oli Midaksen kosketus maailman merenkulkuun, on poissa&#8221;<\/h4>\n<p>Merenkulkumaailma on menett\u00e4nyt uraauurtavan johtajan ja vision\u00e4\u00e4rin, kun Padma Vibhushan -palkinnon saanut ja Kansainv\u00e4lisen merenkulkuj\u00e4rjest\u00f6n (IMO) emeritusp\u00e4\u00e4sihteeri C.P. Srivastava kuoli maanantaina Genovassa Italiassa. H\u00e4n oli 93-vuotias. C.P. Srivastava j\u00e4tti j\u00e4lkeens\u00e4 kaksi tyt\u00e4rt\u00e4. H\u00e4nen vaimonsa Nirmala Devi, Sahaja Yogan perustaja, joka vaikutti syv\u00e4llisesti h\u00e4nen el\u00e4m\u00e4nkatsomukseensa, menehtyi jo ennen h\u00e4nt\u00e4.<\/p>\n<p>C.P. Srivastava oli instituutioiden rakentaja ja kansainv\u00e4linen hallintovirkamies, jolla oli Midaksen kosketus. Se, ett\u00e4 h\u00e4net valittiin IMO:n p\u00e4\u00e4sihteeriksi ilman vastaehdokkaita nelj\u00e4ksi per\u00e4kk\u00e4iseksi kaudeksi &#8211; vuodesta 1974 siihen asti, kun h\u00e4n luopui vapaaehtoisesti teht\u00e4v\u00e4st\u00e4\u00e4n 31. joulukuuta 1989 &#8211; kertoo h\u00e4nen vieh\u00e4tysvoimastaan ja siit\u00e4, ett\u00e4 h\u00e4net hyv\u00e4ksyttiin puolueettomana ja vaikutusvaltaisena johtajana. H\u00e4n oli IMO:n pitk\u00e4aikaisin p\u00e4\u00e4sihteeri. Enn\u00e4tys on edelleen rikkomatta.<\/p>\n\tEnnen kansainv\u00e4list\u00e4 uraansa C.P. Srivastava oli Uttar Pradeshin IAS-virkailija (1949), joka ty\u00f6skenteli l\u00e4heisess\u00e4 yhteisty\u00f6ss\u00e4 silloisen liittovaltion liikenneministerin Lal Bahadur Shastrin kanssa.<br \/>\nKun Shastri valittiin liittovaltion kabinetin johtoon, C.P. Srivastava seurasi h\u00e4nt\u00e4 p\u00e4\u00e4ministerin kanslian sihteerist\u00f6\u00f6n. H\u00e4n kuului p\u00e4\u00e4ministerin seurueeseen Ta\u0161kentissa vuonna 1966, jossa Shastri allekirjoitti kuuluisan sodan kielt\u00e4v\u00e4n sopimuksen Pakistanin kanssa ja kuoli yll\u00e4tt\u00e4en seuraavana p\u00e4iv\u00e4n\u00e4. Vuosikymmeni\u00e4 my\u00f6hemmin C.P. Srivastava kirjoitti el\u00e4m\u00e4kerran &#8220;Lal Bahadur Shastri: A Life of Truth in Politics&#8221;. Maailma tuntee Srivastavan kuitenkin merkitt\u00e4v\u00e4n\u00e4 hallintovirkamiehen\u00e4, joka oli mukana perustamassa uraauurtavia merenkulkualan koulutuslaitoksia, kuten Maailman merenkulkuyliopistoa Ruotsiin ja Kansainv\u00e4list\u00e4 merioikeuden instituuttia Maltalle.\n\t<div class=\"su-quote su-quote-style-default\"><div class=\"su-quote-inner su-u-clearfix su-u-trim\">Kaiken todellisuuden l\u00e4pi virtaa hyv\u00e4ntahtoisuuden voima. Kun olet sopusoinnussa tuon voiman kanssa, liikut eteenp\u00e4in valtavalla tarmolla.<\/p>\n<p>&#8211; Lao-tse &#8211;<\/p>\n<\/div><\/div>\n\t<p>H\u00e4n oli luomassa keskeisi\u00e4 merenkulkualan yleissopimuksia ja s\u00e4\u00e4nn\u00f6st\u00f6j\u00e4, jotka edistiv\u00e4t merkitt\u00e4v\u00e4sti miehist\u00f6n turvallisuuden parantamista, korkeaa koulutusta ja turvallisuutta avomerell\u00e4 sek\u00e4 ajattelutapaa, jolla edistet\u00e4\u00e4n puhtaampia ja v\u00e4hemm\u00e4n saastuneita valtameri\u00e4.<\/p>\n<p>H\u00e4n oli mukana, kun IMO kehitti ja vahvisti k\u00e4\u00e4nteentekevi\u00e4 yleissopimuksia, kuten merenkulkijoiden koulutusta, p\u00e4tevyyskirjoja ja vahdinpitoa koskevia standardeja, etsint\u00e4- ja pelastuspalveluja merell\u00e4, merenkulun turvallisuuteen kohdistuvien laittomien tekojen torjuntaa sek\u00e4 mannerjalustalla sijaitsevien kiinteiden alustojen turvallisuuteen kohdistuvien laittomien tekojen torjuntaa koskevaa p\u00f6yt\u00e4kirjaa.<\/p>\n1970-luvun alussa sattuneiden onnettomuuksien vuoksi h\u00e4n j\u00e4rjesti merkitt\u00e4v\u00e4n konferenssin s\u00e4ili\u00f6alusten turvallisuudesta ja saastumisen ehk\u00e4isemisest\u00e4, jonka j\u00e4lkeen s\u00e4ili\u00f6alusten suunnitteluun ja toimintaan vaikuttavat toimenpiteet sis\u00e4llytettiin ihmishengen turvallisuudesta merell\u00e4 tehtyyn yleissopimukseen ja alusten aiheuttaman meren pilaantumisen ehk\u00e4isemisest\u00e4 tehtyyn kansainv\u00e4liseen yleissopimukseen liittyv\u00e4\u00e4n IMO:n vuoden 1978 p\u00f6yt\u00e4kirjaan. Koska Srivastava oli toiminut Intian merenkulkuyhti\u00f6n perustajana, jossa h\u00e4n k\u00e4sitteli miehist\u00f6n hyvinvointiin ja turvallisuuteen liittyvi\u00e4 kysymyksi\u00e4 sek\u00e4 monipuolisti irtolastiliikenteen alalla aloittelevaa yhti\u00f6t\u00e4, h\u00e4n pystyi vaivattomasti opastamaan IMO:ta ottamaan suurempia vastuita ja rooleja.<br \/>\nH\u00e4nen johdollaan j\u00e4rjest\u00f6n j\u00e4senm\u00e4\u00e4r\u00e4 laajeni, ja se luopui elitistiseksi mielletyst\u00e4 asemastaan ja tavoitti kehitysmaat, jotka muodostavat nyky\u00e4\u00e4n suurimman osan j\u00e4rjest\u00f6n j\u00e4senist\u00e4.\n<p>Maailman merenkulkuyliopiston nykyinen puheenjohtaja Bj\u00f6rn Kjerfve kuvailee C.P.Srivastavaa ansiokkaaksi johtajaksi, jolla oli erinomaiset suostuttelutaidot. &#8220;Olemme hyvin surullisia kuullessamme h\u00e4nen poismenostaan. Vierailin h\u00e4nen luonaan noin kaksi vuotta sitten ja kutsuin h\u00e4net t\u00e4m\u00e4n kuun alussa valmistumistilaisuuteemme yliopiston 30-vuotisjuhlan yhteydess\u00e4&#8230; Perustaminen ei ollut mitenk\u00e4\u00e4n helppoa. H\u00e4nen ansiokseen voidaan lukea, ett\u00e4 h\u00e4n onnistui vakuuttamaan IMO:n neuvoston j\u00e4senet ja YK:n kehitysohjelman (UNDP), jotta yliopiston perustamiseen saatiin varoja&#8221;, Kjerfve kertoi The Hindulle puhelimitse Ruotsin Malm\u00f6st\u00e4.<\/p>\n<p>P.M. Abraham, entinen liittovaltion pintaliikenneasioista vastaava ministeri, muistelee C.P. Srivastavaa hurmaavana, n\u00e4kemyksellisen\u00e4 johtajana. &#8220;Tapasin h\u00e4net ensimm\u00e4isen kerran, kun edustin Intiaa IMO:n neuvoston kokouksessa. P\u00e4\u00e4sihteerin\u00e4 h\u00e4n johti teknisen elimen kokouksia puolueettomasti. Muistan er\u00e4\u00e4n tapauksen, jossa er\u00e4s j\u00e4sen nousi seisomaan ja valitti, ettei h\u00e4n ollut saanut kokouksen esityslistaa. Kaikki yll\u00e4ttyiv\u00e4t, kun p\u00e4\u00e4sihteeri nousi puhujalavalta pyyt\u00e4\u00e4kseen anteeksi laiminly\u00f6nti\u00e4 ja meni antamaan h\u00e4nelle kopion. Se oli niin aseistariisuvaa.&#8221;<\/p>\n<p>Tohtori Srivastava suosi hyv\u00e4ntahtoista huumoria. &#8220;Monissa maissa minut tunnetaan Nirmalan aviomiehen\u00e4, ei IMO:n p\u00e4\u00e4sihteerin\u00e4&#8221;, h\u00e4n vitsaili kuuluisammasta puolisostaan.<\/p>\n<p>H\u00e4n oli harvinainen sekoitus n\u00f6yryytt\u00e4, kaukon\u00e4k\u00f6isyytt\u00e4, tervett\u00e4 harkintakyky\u00e4 ja p\u00e4\u00e4tt\u00e4v\u00e4isyytt\u00e4, ja johtajuus oli h\u00e4nen luontainen vahvuutensa. &#8220;On harvinaista, ett\u00e4 henkil\u00f6 saa n\u00e4in nopeasti kansainv\u00e4lisen hyv\u00e4ksynn\u00e4n. H\u00e4net tullaan muistamaan merenkulkijoiden turvallisuutta koskevista merenkulkusopimuksista, jotka laadittiin h\u00e4nen johdollaan&#8221;, sanoo K. Mohandas, entinen liittovaltion merenkulkuministeri. L\u00e4hes 70 maata my\u00f6nsi h\u00e4nelle korkeimmat kunnianosoituksensa.<\/p>\n<p>Lukuisten h\u00e4nen saamiensa kunnianosoitusten joukossa oli kuningatar Elisabet II:n my\u00f6nt\u00e4m\u00e4 Pyh\u00e4n Mikaelin ja Pyh\u00e4n Yrj\u00f6n ritarikunnan kunniakomentajan arvonimi.<\/p>\n\n","protected":false},"excerpt":{"rendered":"<p>Sir C.P. Srivastavan muistokirjoitus Uusintajulkaisu &#8216;The Hindu&#8217; -lehden artikkelista 24. hein\u00e4kuuta 2013 Intiassa: S. Anandan: &#8220;Mies, jolla oli Midaksen kosketus maailman merenkulkuun, on poissa&#8221; Merenkulkumaailma on menett\u00e4nyt uraauurtavan johtajan ja vision\u00e4\u00e4rin, kun Padma Vibhushan -palkinnon saanut ja Kansainv\u00e4lisen merenkulkuj\u00e4rjest\u00f6n (IMO) emeritusp\u00e4\u00e4sihteeri C.P. Srivastava kuoli maanantaina Genovassa Italiassa. H\u00e4n oli 93-vuotias. C.P. Srivastava j\u00e4tti j\u00e4lkeens\u00e4 kaksi&hellip; <br \/> <a class=\"read-more\" href=\"https:\/\/shrimataji.org\/test\/fi\/sir-c-p-srivastavan-muistokirjoitus\/\">Read more<\/a><\/p>\n","protected":false},"author":29,"featured_media":0,"parent":0,"menu_order":0,"comment_status":"closed","ping_status":"closed","template":"","meta":{"inline_featured_image":false,"footnotes":""},"class_list":["post-12608","page","type-page","status-publish","hentry"],"yoast_head":"<!-- This site is optimized with the Yoast SEO plugin v27.4 - https:\/\/yoast.com\/product\/yoast-seo-wordpress\/ -->\n<title>Sir C.P. Srivastavan muistokirjoitus - TEST - SMND<\/title>\n<meta name=\"robots\" content=\"noindex, follow, max-snippet:-1, max-image-preview:large, max-video-preview:-1\" \/>\n<meta property=\"og:locale\" content=\"en_US\" \/>\n<meta property=\"og:type\" content=\"article\" \/>\n<meta property=\"og:title\" content=\"Sir C.P. Srivastavan muistokirjoitus - TEST - SMND\" \/>\n<meta property=\"og:description\" content=\"Sir C.P. Srivastavan muistokirjoitus Uusintajulkaisu &#8216;The Hindu&#8217; -lehden artikkelista 24. hein\u00e4kuuta 2013 Intiassa: S. Anandan: &#8220;Mies, jolla oli Midaksen kosketus maailman merenkulkuun, on poissa&#8221; Merenkulkumaailma on menett\u00e4nyt uraauurtavan johtajan ja vision\u00e4\u00e4rin, kun Padma Vibhushan -palkinnon saanut ja Kansainv\u00e4lisen merenkulkuj\u00e4rjest\u00f6n (IMO) emeritusp\u00e4\u00e4sihteeri C.P. Srivastava kuoli maanantaina Genovassa Italiassa. H\u00e4n oli 93-vuotias. C.P. Srivastava j\u00e4tti j\u00e4lkeens\u00e4 kaksi&hellip; Read more\" \/>\n<meta property=\"og:url\" content=\"https:\/\/shrimataji.org\/test\/fi\/sir-c-p-srivastavan-muistokirjoitus\/\" \/>\n<meta property=\"og:site_name\" content=\"TEST - SMND\" \/>\n<meta property=\"article:publisher\" content=\"https:\/\/www.facebook.com\/shrimataji\" \/>\n<meta property=\"article:modified_time\" content=\"2025-07-13T08:13:27+00:00\" \/>\n<meta property=\"og:image\" content=\"https:\/\/shrimataji.org\/test\/wp-content\/uploads\/2018\/07\/fp11-e1588597806347.jpg\" \/>\n\t<meta property=\"og:image:width\" content=\"707\" \/>\n\t<meta property=\"og:image:height\" content=\"700\" \/>\n\t<meta property=\"og:image:type\" content=\"image\/jpeg\" \/>\n<meta name=\"twitter:card\" content=\"summary_large_image\" \/>\n<meta name=\"twitter:site\" content=\"@shrimataji\" \/>\n<meta name=\"twitter:label1\" content=\"Est. reading time\" \/>\n\t<meta name=\"twitter:data1\" content=\"3 minutes\" \/>\n<script type=\"application\/ld+json\" class=\"yoast-schema-graph\">{\"@context\":\"https:\\\/\\\/schema.org\",\"@graph\":[{\"@type\":\"WebPage\",\"@id\":\"https:\\\/\\\/shrimataji.org\\\/test\\\/fi\\\/sir-c-p-srivastavan-muistokirjoitus\\\/\",\"url\":\"https:\\\/\\\/shrimataji.org\\\/test\\\/fi\\\/sir-c-p-srivastavan-muistokirjoitus\\\/\",\"name\":\"Sir C.P. Srivastavan muistokirjoitus - TEST - SMND\",\"isPartOf\":{\"@id\":\"https:\\\/\\\/shrimataji.org\\\/test\\\/#website\"},\"datePublished\":\"2018-07-10T06:54:54+00:00\",\"dateModified\":\"2025-07-13T08:13:27+00:00\",\"breadcrumb\":{\"@id\":\"https:\\\/\\\/shrimataji.org\\\/test\\\/fi\\\/sir-c-p-srivastavan-muistokirjoitus\\\/#breadcrumb\"},\"inLanguage\":\"en-US\",\"potentialAction\":[{\"@type\":\"ReadAction\",\"target\":[\"https:\\\/\\\/shrimataji.org\\\/test\\\/fi\\\/sir-c-p-srivastavan-muistokirjoitus\\\/\"]}]},{\"@type\":\"BreadcrumbList\",\"@id\":\"https:\\\/\\\/shrimataji.org\\\/test\\\/fi\\\/sir-c-p-srivastavan-muistokirjoitus\\\/#breadcrumb\",\"itemListElement\":[{\"@type\":\"ListItem\",\"position\":1,\"name\":\"Home\",\"item\":\"https:\\\/\\\/shrimataji.org\\\/test\\\/uk\\\/home-en\\\/\"},{\"@type\":\"ListItem\",\"position\":2,\"name\":\"Sir C.P. Srivastavan muistokirjoitus\"}]},{\"@type\":\"WebSite\",\"@id\":\"https:\\\/\\\/shrimataji.org\\\/test\\\/#website\",\"url\":\"https:\\\/\\\/shrimataji.org\\\/test\\\/\",\"name\":\"Shri Mataji Nirmala Devi\",\"description\":\"A Life Dedicated to Humanity\",\"publisher\":{\"@id\":\"https:\\\/\\\/shrimataji.org\\\/test\\\/#\\\/schema\\\/person\\\/a1b3419c6585f164aa96da1ff85715d1\"},\"potentialAction\":[{\"@type\":\"SearchAction\",\"target\":{\"@type\":\"EntryPoint\",\"urlTemplate\":\"https:\\\/\\\/shrimataji.org\\\/test\\\/?s={search_term_string}\"},\"query-input\":{\"@type\":\"PropertyValueSpecification\",\"valueRequired\":true,\"valueName\":\"search_term_string\"}}],\"inLanguage\":\"en-US\"},{\"@type\":[\"Person\",\"Organization\"],\"@id\":\"https:\\\/\\\/shrimataji.org\\\/test\\\/#\\\/schema\\\/person\\\/a1b3419c6585f164aa96da1ff85715d1\",\"name\":\"Nirmala Shrivastava\",\"image\":{\"@type\":\"ImageObject\",\"inLanguage\":\"en-US\",\"@id\":\"https:\\\/\\\/shrimataji.org\\\/test\\\/wp-content\\\/uploads\\\/2023\\\/02\\\/SMO_LOGO-03.svg\",\"url\":\"https:\\\/\\\/shrimataji.org\\\/test\\\/wp-content\\\/uploads\\\/2023\\\/02\\\/SMO_LOGO-03.svg\",\"contentUrl\":\"https:\\\/\\\/shrimataji.org\\\/test\\\/wp-content\\\/uploads\\\/2023\\\/02\\\/SMO_LOGO-03.svg\",\"width\":\"1024\",\"height\":\"1024\",\"caption\":\"Nirmala Shrivastava\"},\"logo\":{\"@id\":\"https:\\\/\\\/shrimataji.org\\\/test\\\/wp-content\\\/uploads\\\/2023\\\/02\\\/SMO_LOGO-03.svg\"},\"sameAs\":[\"https:\\\/\\\/shrimataji.org\\\/test\",\"https:\\\/\\\/www.facebook.com\\\/shrimataji\",\"https:\\\/\\\/x.com\\\/shrimataji\",\"https:\\\/\\\/www.youtube.com\\\/@Shri_Mataji_Nirmala_Devi\\\/featured\"]}]}<\/script>\n<!-- \/ Yoast SEO plugin. -->","yoast_head_json":{"title":"Sir C.P. Srivastavan muistokirjoitus - TEST - SMND","robots":{"index":"noindex","follow":"follow","max-snippet":"max-snippet:-1","max-image-preview":"max-image-preview:large","max-video-preview":"max-video-preview:-1"},"og_locale":"en_US","og_type":"article","og_title":"Sir C.P. Srivastavan muistokirjoitus - TEST - SMND","og_description":"Sir C.P. Srivastavan muistokirjoitus Uusintajulkaisu &#8216;The Hindu&#8217; -lehden artikkelista 24. hein\u00e4kuuta 2013 Intiassa: S. Anandan: &#8220;Mies, jolla oli Midaksen kosketus maailman merenkulkuun, on poissa&#8221; Merenkulkumaailma on menett\u00e4nyt uraauurtavan johtajan ja vision\u00e4\u00e4rin, kun Padma Vibhushan -palkinnon saanut ja Kansainv\u00e4lisen merenkulkuj\u00e4rjest\u00f6n (IMO) emeritusp\u00e4\u00e4sihteeri C.P. Srivastava kuoli maanantaina Genovassa Italiassa. H\u00e4n oli 93-vuotias. C.P. Srivastava j\u00e4tti j\u00e4lkeens\u00e4 kaksi&hellip; Read more","og_url":"https:\/\/shrimataji.org\/test\/fi\/sir-c-p-srivastavan-muistokirjoitus\/","og_site_name":"TEST - SMND","article_publisher":"https:\/\/www.facebook.com\/shrimataji","article_modified_time":"2025-07-13T08:13:27+00:00","og_image":[{"width":707,"height":700,"url":"https:\/\/shrimataji.org\/test\/wp-content\/uploads\/2018\/07\/fp11-e1588597806347.jpg","type":"image\/jpeg"}],"twitter_card":"summary_large_image","twitter_site":"@shrimataji","twitter_misc":{"Est. reading time":"3 minutes"},"schema":{"@context":"https:\/\/schema.org","@graph":[{"@type":"WebPage","@id":"https:\/\/shrimataji.org\/test\/fi\/sir-c-p-srivastavan-muistokirjoitus\/","url":"https:\/\/shrimataji.org\/test\/fi\/sir-c-p-srivastavan-muistokirjoitus\/","name":"Sir C.P. Srivastavan muistokirjoitus - TEST - SMND","isPartOf":{"@id":"https:\/\/shrimataji.org\/test\/#website"},"datePublished":"2018-07-10T06:54:54+00:00","dateModified":"2025-07-13T08:13:27+00:00","breadcrumb":{"@id":"https:\/\/shrimataji.org\/test\/fi\/sir-c-p-srivastavan-muistokirjoitus\/#breadcrumb"},"inLanguage":"en-US","potentialAction":[{"@type":"ReadAction","target":["https:\/\/shrimataji.org\/test\/fi\/sir-c-p-srivastavan-muistokirjoitus\/"]}]},{"@type":"BreadcrumbList","@id":"https:\/\/shrimataji.org\/test\/fi\/sir-c-p-srivastavan-muistokirjoitus\/#breadcrumb","itemListElement":[{"@type":"ListItem","position":1,"name":"Home","item":"https:\/\/shrimataji.org\/test\/uk\/home-en\/"},{"@type":"ListItem","position":2,"name":"Sir C.P. Srivastavan muistokirjoitus"}]},{"@type":"WebSite","@id":"https:\/\/shrimataji.org\/test\/#website","url":"https:\/\/shrimataji.org\/test\/","name":"Shri Mataji Nirmala Devi","description":"A Life Dedicated to Humanity","publisher":{"@id":"https:\/\/shrimataji.org\/test\/#\/schema\/person\/a1b3419c6585f164aa96da1ff85715d1"},"potentialAction":[{"@type":"SearchAction","target":{"@type":"EntryPoint","urlTemplate":"https:\/\/shrimataji.org\/test\/?s={search_term_string}"},"query-input":{"@type":"PropertyValueSpecification","valueRequired":true,"valueName":"search_term_string"}}],"inLanguage":"en-US"},{"@type":["Person","Organization"],"@id":"https:\/\/shrimataji.org\/test\/#\/schema\/person\/a1b3419c6585f164aa96da1ff85715d1","name":"Nirmala Shrivastava","image":{"@type":"ImageObject","inLanguage":"en-US","@id":"https:\/\/shrimataji.org\/test\/wp-content\/uploads\/2023\/02\/SMO_LOGO-03.svg","url":"https:\/\/shrimataji.org\/test\/wp-content\/uploads\/2023\/02\/SMO_LOGO-03.svg","contentUrl":"https:\/\/shrimataji.org\/test\/wp-content\/uploads\/2023\/02\/SMO_LOGO-03.svg","width":"1024","height":"1024","caption":"Nirmala Shrivastava"},"logo":{"@id":"https:\/\/shrimataji.org\/test\/wp-content\/uploads\/2023\/02\/SMO_LOGO-03.svg"},"sameAs":["https:\/\/shrimataji.org\/test","https:\/\/www.facebook.com\/shrimataji","https:\/\/x.com\/shrimataji","https:\/\/www.youtube.com\/@Shri_Mataji_Nirmala_Devi\/featured"]}]}},"lang":"fi","translations":{"fi":12608,"en":459,"am":18044,"th":20009,"hu":19526,"sq":18445,"zh":17342,"tr":10189,"pt":10399,"de":10673,"fr":10771,"it":10869,"es":10966,"ja":11263,"ru":11451,"bn":11643,"te":11751,"sw":11874,"he":12022,"el":12314,"sk":12412,"fa":12510,"bg":13437,"ro":14511,"cs":14704,"nl":16605,"ku":16765,"ar":16941,"be":18652,"kn":18926,"uk":20667,"ml":20962,"ta":22763,"sv":23034,"gu":28877,"pa":29037,"fil":29482},"pll_sync_post":[],"_links":{"self":[{"href":"https:\/\/shrimataji.org\/test\/wp-json\/wp\/v2\/pages\/12608","targetHints":{"allow":["GET"]}}],"collection":[{"href":"https:\/\/shrimataji.org\/test\/wp-json\/wp\/v2\/pages"}],"about":[{"href":"https:\/\/shrimataji.org\/test\/wp-json\/wp\/v2\/types\/page"}],"author":[{"embeddable":true,"href":"https:\/\/shrimataji.org\/test\/wp-json\/wp\/v2\/users\/29"}],"replies":[{"embeddable":true,"href":"https:\/\/shrimataji.org\/test\/wp-json\/wp\/v2\/comments?post=12608"}],"version-history":[{"count":0,"href":"https:\/\/shrimataji.org\/test\/wp-json\/wp\/v2\/pages\/12608\/revisions"}],"wp:attachment":[{"href":"https:\/\/shrimataji.org\/test\/wp-json\/wp\/v2\/media?parent=12608"}],"curies":[{"name":"wp","href":"https:\/\/api.w.org\/{rel}","templated":true}]}}