{"id":12609,"date":"2023-03-18T21:15:49","date_gmt":"2023-03-18T21:15:49","guid":{"rendered":"https:\/\/shrimataji.org\/test\/?page_id=9878"},"modified":"2025-04-23T14:35:12","modified_gmt":"2025-04-23T14:35:12","slug":"online-tapahtumat","status":"publish","type":"page","link":"https:\/\/shrimataji.org\/test\/fi\/online-tapahtumat\/","title":{"rendered":"Online-tapahtumat"},"content":{"rendered":"\n\n\t<h1>Online-tapahtumat<\/h1>\n\t<h4>Dhyananjali &#8211; Valikoima Tagoren meditatiivisia lauluja.<\/h4>\n<p>6. toukokuuta klo 18:30 CET<\/p>\n\t<iframe loading=\"lazy\" title=\"Dhyananjali - a meditative offering of Tagore&#039;s songs\" width=\"1920\" height=\"1080\" src=\"https:\/\/www.youtube.com\/embed\/FpPeU9KGojo?feature=oembed\" frameborder=\"0\" allow=\"accelerometer; autoplay; clipboard-write; encrypted-media; gyroscope; picture-in-picture; web-share\" allowfullscreen><\/iframe>\n\t<p>Nobel-palkitun Tagoren laulut ovat inspiroineet sukupolvien ajan musiikin yst\u00e4vi\u00e4 sek\u00e4 l\u00e4ntisess\u00e4 ett\u00e4 it\u00e4isess\u00e4 maailmassa.<\/p>\n<p>H\u00e4nen laulujensa kuunteleminen meditatiivisessa tilassa lis\u00e4\u00e4 niiden syvien tunteiden hienojakoista kokemusta, jotka osuvat syd\u00e4memme sointuihin.<\/p>\n<p>Tagoren runoja suuresti kunnioittaneen H\u00e4nen Pyhyytens\u00e4 Shri Mataji Nirmala Devin satavuotisjuhlavuoden kunniaksi sahaja-joogit ymp\u00e4ri maailmaa esitt\u00e4v\u00e4t vaatimattoman valikoiman h\u00e4nen laulujaan juhlistaakseen universaalia ihmist\u00e4, visiota, joka oli hyvin rakas sek\u00e4 Tagorelle ett\u00e4 Shri Matajille.<\/p>\n<p>Dhyananjali on meditatiivinen taiteellinen esitys, jossa yhdistyv\u00e4t kaikki musiikin, maalaustaiteen ja tanssin taidemuodot, joilla ilmaistaan Rabindranath Tagoren s\u00e4velt\u00e4mi\u00e4 taivaallisia runoja ja lauluja.<\/p>\n<p>H\u00e4nen s\u00e4vellystens\u00e4 \u00e4\u00e4rett\u00f6m\u00e4st\u00e4 maailmankaikkeudesta on poimittu valikoima kappaleita, jotka viev\u00e4t kuulijan sis\u00e4iselle matkalle l\u00f6yt\u00e4m\u00e4\u00e4n sen tuntemattoman Itsen, joka asuu kaikissa olennoissa&#8230;<\/p>\n\t\n<h4>5.toukokuuta &#8211; Maailman itseoivallusp\u00e4iv\u00e4, alku merkitt\u00e4v\u00e4lle maailmanlaajuiselle liikkeelle<\/h4>\n<p>5. toukokuuta klo 19:00 CET<\/p>\n\t<iframe loading=\"lazy\" title=\"5th May - A Pivotal Movement, Celebrating World Self-Realisation Day\" width=\"1920\" height=\"1080\" src=\"https:\/\/www.youtube.com\/embed\/NDo4xiEKImg?feature=oembed\" frameborder=\"0\" allow=\"accelerometer; autoplay; clipboard-write; encrypted-media; gyroscope; picture-in-picture; web-share\" allowfullscreen><\/iframe>\n\t<p>Varhain aamulla 5. toukokuuta 1970 avattiin uusi luku ihmisen tietoisuuden evoluutiossa. Ennenn\u00e4kem\u00e4t\u00f6n tapahtuma, joka johti vallankumoukselliseen l\u00e4pimurtoon suurten ihmisjoukkojen henkiseen muutokseen p\u00e4\u00e4semisess\u00e4, ja kaikki alkoi autiolla rannalla Nargolissa, Intiassa. T\u00e4n\u00e4\u00e4n, viiden vuosikymmenen j\u00e4lkeen, Sahaja Yogana tunnettu suurten massojen itseoivallus ja sit\u00e4 yll\u00e4pit\u00e4v\u00e4n meditaation harjoittaminen on levinnyt kaikkiin maanosiin tarjoten jokaiselle yksil\u00f6lle ainutlaatuisen mahdollisuuden kokea sis\u00e4inen muutos, joka johtaa tasapainoiseen el\u00e4m\u00e4ntapaan. Miljoonat ihmiset, jotka ovat hy\u00f6tyneet maailmanlaajuisesti tarjolla olevasta ilmaisesta itseoivalluksesta ja Sahaja Yoga -meditaatiosta, juhlivat t\u00e4t\u00e4 p\u00e4iv\u00e4\u00e4 Maailman itseoivallusp\u00e4iv\u00e4n\u00e4.<\/p>\n<p>Osallistu verkkotapahtumaan H\u00e4nen Pyhyytens\u00e4 Shri Mataji Nirmala Devin satavuotisp\u00e4iv\u00e4n\u00e4 ja koe uudelleen t\u00e4m\u00e4 historiallinen, k\u00e4\u00e4nteentekev\u00e4 liike ja opi, miten itseoivallus k\u00e4ynnist\u00e4\u00e4 ratkaisevan muutoksen fyysisess\u00e4 olemuksessamme, jonka ansiosta voimme el\u00e4\u00e4 rauhallista, tyytyv\u00e4ist\u00e4 ja kokonaisvaltaista el\u00e4m\u00e4\u00e4. Itseoivallus ei ole vain avain synnynn\u00e4iseen kykyymme saavuttaa persoonallisuutemme t\u00e4ysi potentiaali, vaan my\u00f6s ainutlaatuinen tapa el\u00e4\u00e4 harmoniassa luonnon kanssa korkeamman henkisen tietoisuuden kautta, johon meill\u00e4 on valtava tarve nykyisess\u00e4 globaalissa tilanteessa.<\/p>\n<p>Tutustu tarkemmin Shri Matajin ainutlaatuiseen henkiseen perint\u00f6\u00f6n ja ennenn\u00e4kem\u00e4tt\u00f6m\u00e4\u00e4n maailmanlaajuiseen ty\u00f6h\u00f6n.<\/p>\n\t<h4><strong>21. maaliskuuta 2023 &#8211; Er\u00e4\u00e4n \u00e4idin matka<\/strong><\/h4>\n<p><strong>vapaustaistelijasta<\/strong> <strong>rakastetuksi guruksi<\/strong><\/p>\n\t<iframe loading=\"lazy\" title=\"Shri Mataji 100th Anniversary - International Presentation\" width=\"1920\" height=\"1080\" src=\"https:\/\/www.youtube.com\/embed\/Yn58GFFaFdc?feature=oembed\" frameborder=\"0\" allow=\"accelerometer; autoplay; clipboard-write; encrypted-media; gyroscope; picture-in-picture; web-share\" allowfullscreen><\/iframe>\n\t<h4>Hy\u00f6dyllisi\u00e4 linjkkej\u00e4<\/h4>\n<p><strong>Shri Mataji<\/strong><\/p>\n<ol>\n<li><a href=\"https:\/\/shrimataji.org\/test\/shrimataji\/\">H\u00e4nen el\u00e4m\u00e4ns\u00e4 ja perint\u00f6ns\u00e4<\/a><\/li>\n<li><a href=\"https:\/\/shrimataji.org\/test\/public-programs\/\">H\u00e4nen maailmanlaajuiset julkiset tilaisuutensa<\/a><\/li>\n<li><a href=\"https:\/\/shrimataji.org\/test\/societal-transformation\/\">Shri Matajin k\u00e4ynnist\u00e4m\u00e4t yhteiskunnalliset muutos- ja kansalaisj\u00e4rjest\u00f6hankkeet<\/a><\/li>\n<\/ol>\n<p><strong>Meditaatio<\/strong><\/p>\n<ol>\n<li>Shri Matajin ohjaama itseoivallusmeditaatio &#8211; <a href=\"https:\/\/shrimataji.org\/test\/experience-your-self-realization\/\" target=\"_blank\" rel=\"noopener\">Koe se nyt<\/a><\/li>\n<li>Lis\u00e4tietoja Sahaja Yoga -meditaatiosta &#8211;\n<ul>\n<li><a href=\"https:\/\/shrimataji.org\/test\/sahaja-yoga-meditation-2\/\" target=\"_blank\" rel=\"noopener\">Sis\u00e4isen hiljaisuuden voima<\/a><\/li>\n<li><a href=\"https:\/\/shrimataji.org\/test\/knowledge-of-the-roots-subtle-system\/\" target=\"_blank\" rel=\"noopener\">Tieto juurista &#8211; Hienorakenteemme<\/a><\/li>\n<li><a href=\"https:\/\/shrimataji.org\/test\/the-art-of-inner-growth\/\" target=\"_blank\" rel=\"noopener\">Sis\u00e4isen kasvun taito<\/a><\/li>\n<\/ul>\n<\/li>\n<\/ol>\n<p><strong>Ilmaiset meditaatiokeskukset ja verkkosivustot maailmalla<\/strong><\/p>\n<ol>\n<li><a href=\"\/worldwide-centers\/\" target=\"_blank\" rel=\"noopener\">Meditaatiokeskukset maailmalla<\/a> &#8211; (t\u00e4ll\u00e4 hetkell\u00e4 vain osa EU:n ja Yhdysvaltojen paikkakunnista on valittavissa).<\/li>\n<li><a href=\"\/international-websites\/\" target=\"_blank\" rel=\"noopener\">Luettelo kansainv\u00e4lisist\u00e4 Sahaja Yoga -sivustoista<\/a><\/li>\n<\/ol>\n<p><b>Meditaatiotutkimuksen linkkej\u00e4<\/b><\/p>\n<ol>\n<li><a href=\"https:\/\/researchingmeditation.org\/\" target=\"_blank\" rel=\"noopener\">Tutkimusta meditaatiosta &#8211; Tieteellinen tutkimus meditaatiosta<\/a><\/li>\n<li><a href=\"https:\/\/vimeo.com\/showcase\/7053569\" target=\"_blank\" rel=\"noopener\">Tutkimus Sahaja Yoga -meditaation hy\u00f6dyist\u00e4<\/a><\/li>\n<\/ol>\n<p><strong>Lehdist\u00f6 ja tiedotusv\u00e4lineet<\/strong><\/p>\n<ul>\n<li><a href=\"https:\/\/shrimataji.org\/test\/press\/\" target=\"_blank\" rel=\"noopener\">Artikkelit ja aiheet lehdist\u00f6ss\u00e4 ja tiedotusv\u00e4lineiss\u00e4<\/a><\/li>\n<\/ul>\n\n","protected":false},"excerpt":{"rendered":"<p>Online-tapahtumat Dhyananjali &#8211; Valikoima Tagoren meditatiivisia lauluja. 6. toukokuuta klo 18:30 CET Nobel-palkitun Tagoren laulut ovat inspiroineet sukupolvien ajan musiikin yst\u00e4vi\u00e4 sek\u00e4 l\u00e4ntisess\u00e4 ett\u00e4 it\u00e4isess\u00e4 maailmassa. H\u00e4nen laulujensa kuunteleminen meditatiivisessa tilassa lis\u00e4\u00e4 niiden syvien tunteiden hienojakoista kokemusta, jotka osuvat syd\u00e4memme sointuihin. Tagoren runoja suuresti kunnioittaneen H\u00e4nen Pyhyytens\u00e4 Shri Mataji Nirmala Devin satavuotisjuhlavuoden kunniaksi sahaja-joogit ymp\u00e4ri&hellip; <br \/> <a class=\"read-more\" href=\"https:\/\/shrimataji.org\/test\/fi\/online-tapahtumat\/\">Read more<\/a><\/p>\n","protected":false},"author":29,"featured_media":9552,"parent":0,"menu_order":0,"comment_status":"closed","ping_status":"closed","template":"","meta":{"inline_featured_image":false,"footnotes":""},"class_list":["post-12609","page","type-page","status-publish","has-post-thumbnail","hentry"],"yoast_head":"<!-- This site is optimized with the Yoast SEO plugin v27.4 - https:\/\/yoast.com\/product\/yoast-seo-wordpress\/ -->\n<title>Online-tapahtumat - TEST - SMND<\/title>\n<meta name=\"robots\" content=\"noindex, follow, max-snippet:-1, max-image-preview:large, max-video-preview:-1\" \/>\n<meta property=\"og:locale\" content=\"en_US\" \/>\n<meta property=\"og:type\" content=\"article\" \/>\n<meta property=\"og:title\" content=\"Online-tapahtumat - TEST - SMND\" \/>\n<meta property=\"og:description\" content=\"Online-tapahtumat Dhyananjali &#8211; Valikoima Tagoren meditatiivisia lauluja. 6. toukokuuta klo 18:30 CET Nobel-palkitun Tagoren laulut ovat inspiroineet sukupolvien ajan musiikin yst\u00e4vi\u00e4 sek\u00e4 l\u00e4ntisess\u00e4 ett\u00e4 it\u00e4isess\u00e4 maailmassa. H\u00e4nen laulujensa kuunteleminen meditatiivisessa tilassa lis\u00e4\u00e4 niiden syvien tunteiden hienojakoista kokemusta, jotka osuvat syd\u00e4memme sointuihin. Tagoren runoja suuresti kunnioittaneen H\u00e4nen Pyhyytens\u00e4 Shri Mataji Nirmala Devin satavuotisjuhlavuoden kunniaksi sahaja-joogit ymp\u00e4ri&hellip; Read more\" \/>\n<meta property=\"og:url\" content=\"https:\/\/shrimataji.org\/test\/fi\/online-tapahtumat\/\" \/>\n<meta property=\"og:site_name\" content=\"TEST - SMND\" \/>\n<meta property=\"article:publisher\" content=\"https:\/\/www.facebook.com\/shrimataji\" \/>\n<meta property=\"article:modified_time\" content=\"2025-04-23T14:35:12+00:00\" \/>\n<meta property=\"og:image\" content=\"https:\/\/shrimataji.org\/test\/wp-content\/uploads\/2023\/03\/Banner-Footer-Castle-1-scaled.jpg\" \/>\n\t<meta property=\"og:image:width\" content=\"2560\" \/>\n\t<meta property=\"og:image:height\" content=\"905\" \/>\n\t<meta property=\"og:image:type\" content=\"image\/jpeg\" \/>\n<meta name=\"twitter:card\" content=\"summary_large_image\" \/>\n<meta name=\"twitter:site\" content=\"@shrimataji\" \/>\n<meta name=\"twitter:label1\" content=\"Est. reading time\" \/>\n\t<meta name=\"twitter:data1\" content=\"1 minute\" \/>\n<script type=\"application\/ld+json\" class=\"yoast-schema-graph\">{\"@context\":\"https:\\\/\\\/schema.org\",\"@graph\":[{\"@type\":\"WebPage\",\"@id\":\"https:\\\/\\\/shrimataji.org\\\/test\\\/fi\\\/online-tapahtumat\\\/\",\"url\":\"https:\\\/\\\/shrimataji.org\\\/test\\\/fi\\\/online-tapahtumat\\\/\",\"name\":\"Online-tapahtumat - TEST - SMND\",\"isPartOf\":{\"@id\":\"https:\\\/\\\/shrimataji.org\\\/test\\\/#website\"},\"primaryImageOfPage\":{\"@id\":\"https:\\\/\\\/shrimataji.org\\\/test\\\/fi\\\/online-tapahtumat\\\/#primaryimage\"},\"image\":{\"@id\":\"https:\\\/\\\/shrimataji.org\\\/test\\\/fi\\\/online-tapahtumat\\\/#primaryimage\"},\"thumbnailUrl\":\"https:\\\/\\\/shrimataji.org\\\/test\\\/wp-content\\\/uploads\\\/2023\\\/03\\\/Banner-Footer-Castle-1-scaled.jpg\",\"datePublished\":\"2023-03-18T21:15:49+00:00\",\"dateModified\":\"2025-04-23T14:35:12+00:00\",\"breadcrumb\":{\"@id\":\"https:\\\/\\\/shrimataji.org\\\/test\\\/fi\\\/online-tapahtumat\\\/#breadcrumb\"},\"inLanguage\":\"en-US\",\"potentialAction\":[{\"@type\":\"ReadAction\",\"target\":[\"https:\\\/\\\/shrimataji.org\\\/test\\\/fi\\\/online-tapahtumat\\\/\"]}]},{\"@type\":\"ImageObject\",\"inLanguage\":\"en-US\",\"@id\":\"https:\\\/\\\/shrimataji.org\\\/test\\\/fi\\\/online-tapahtumat\\\/#primaryimage\",\"url\":\"https:\\\/\\\/shrimataji.org\\\/test\\\/wp-content\\\/uploads\\\/2023\\\/03\\\/Banner-Footer-Castle-1-scaled.jpg\",\"contentUrl\":\"https:\\\/\\\/shrimataji.org\\\/test\\\/wp-content\\\/uploads\\\/2023\\\/03\\\/Banner-Footer-Castle-1-scaled.jpg\",\"width\":2560,\"height\":905},{\"@type\":\"BreadcrumbList\",\"@id\":\"https:\\\/\\\/shrimataji.org\\\/test\\\/fi\\\/online-tapahtumat\\\/#breadcrumb\",\"itemListElement\":[{\"@type\":\"ListItem\",\"position\":1,\"name\":\"Home\",\"item\":\"https:\\\/\\\/shrimataji.org\\\/test\\\/uk\\\/home-en\\\/\"},{\"@type\":\"ListItem\",\"position\":2,\"name\":\"Online-tapahtumat\"}]},{\"@type\":\"WebSite\",\"@id\":\"https:\\\/\\\/shrimataji.org\\\/test\\\/#website\",\"url\":\"https:\\\/\\\/shrimataji.org\\\/test\\\/\",\"name\":\"Shri Mataji Nirmala Devi\",\"description\":\"A Life Dedicated to Humanity\",\"publisher\":{\"@id\":\"https:\\\/\\\/shrimataji.org\\\/test\\\/#\\\/schema\\\/person\\\/a1b3419c6585f164aa96da1ff85715d1\"},\"potentialAction\":[{\"@type\":\"SearchAction\",\"target\":{\"@type\":\"EntryPoint\",\"urlTemplate\":\"https:\\\/\\\/shrimataji.org\\\/test\\\/?s={search_term_string}\"},\"query-input\":{\"@type\":\"PropertyValueSpecification\",\"valueRequired\":true,\"valueName\":\"search_term_string\"}}],\"inLanguage\":\"en-US\"},{\"@type\":[\"Person\",\"Organization\"],\"@id\":\"https:\\\/\\\/shrimataji.org\\\/test\\\/#\\\/schema\\\/person\\\/a1b3419c6585f164aa96da1ff85715d1\",\"name\":\"Nirmala Shrivastava\",\"image\":{\"@type\":\"ImageObject\",\"inLanguage\":\"en-US\",\"@id\":\"https:\\\/\\\/shrimataji.org\\\/test\\\/wp-content\\\/uploads\\\/2023\\\/02\\\/SMO_LOGO-03.svg\",\"url\":\"https:\\\/\\\/shrimataji.org\\\/test\\\/wp-content\\\/uploads\\\/2023\\\/02\\\/SMO_LOGO-03.svg\",\"contentUrl\":\"https:\\\/\\\/shrimataji.org\\\/test\\\/wp-content\\\/uploads\\\/2023\\\/02\\\/SMO_LOGO-03.svg\",\"width\":\"1024\",\"height\":\"1024\",\"caption\":\"Nirmala Shrivastava\"},\"logo\":{\"@id\":\"https:\\\/\\\/shrimataji.org\\\/test\\\/wp-content\\\/uploads\\\/2023\\\/02\\\/SMO_LOGO-03.svg\"},\"sameAs\":[\"https:\\\/\\\/shrimataji.org\\\/test\",\"https:\\\/\\\/www.facebook.com\\\/shrimataji\",\"https:\\\/\\\/x.com\\\/shrimataji\",\"https:\\\/\\\/www.youtube.com\\\/@Shri_Mataji_Nirmala_Devi\\\/featured\"]}]}<\/script>\n<!-- \/ Yoast SEO plugin. -->","yoast_head_json":{"title":"Online-tapahtumat - TEST - SMND","robots":{"index":"noindex","follow":"follow","max-snippet":"max-snippet:-1","max-image-preview":"max-image-preview:large","max-video-preview":"max-video-preview:-1"},"og_locale":"en_US","og_type":"article","og_title":"Online-tapahtumat - TEST - SMND","og_description":"Online-tapahtumat Dhyananjali &#8211; Valikoima Tagoren meditatiivisia lauluja. 6. toukokuuta klo 18:30 CET Nobel-palkitun Tagoren laulut ovat inspiroineet sukupolvien ajan musiikin yst\u00e4vi\u00e4 sek\u00e4 l\u00e4ntisess\u00e4 ett\u00e4 it\u00e4isess\u00e4 maailmassa. H\u00e4nen laulujensa kuunteleminen meditatiivisessa tilassa lis\u00e4\u00e4 niiden syvien tunteiden hienojakoista kokemusta, jotka osuvat syd\u00e4memme sointuihin. Tagoren runoja suuresti kunnioittaneen H\u00e4nen Pyhyytens\u00e4 Shri Mataji Nirmala Devin satavuotisjuhlavuoden kunniaksi sahaja-joogit ymp\u00e4ri&hellip; Read more","og_url":"https:\/\/shrimataji.org\/test\/fi\/online-tapahtumat\/","og_site_name":"TEST - SMND","article_publisher":"https:\/\/www.facebook.com\/shrimataji","article_modified_time":"2025-04-23T14:35:12+00:00","og_image":[{"width":2560,"height":905,"url":"https:\/\/shrimataji.org\/test\/wp-content\/uploads\/2023\/03\/Banner-Footer-Castle-1-scaled.jpg","type":"image\/jpeg"}],"twitter_card":"summary_large_image","twitter_site":"@shrimataji","twitter_misc":{"Est. reading time":"1 minute"},"schema":{"@context":"https:\/\/schema.org","@graph":[{"@type":"WebPage","@id":"https:\/\/shrimataji.org\/test\/fi\/online-tapahtumat\/","url":"https:\/\/shrimataji.org\/test\/fi\/online-tapahtumat\/","name":"Online-tapahtumat - TEST - SMND","isPartOf":{"@id":"https:\/\/shrimataji.org\/test\/#website"},"primaryImageOfPage":{"@id":"https:\/\/shrimataji.org\/test\/fi\/online-tapahtumat\/#primaryimage"},"image":{"@id":"https:\/\/shrimataji.org\/test\/fi\/online-tapahtumat\/#primaryimage"},"thumbnailUrl":"https:\/\/shrimataji.org\/test\/wp-content\/uploads\/2023\/03\/Banner-Footer-Castle-1-scaled.jpg","datePublished":"2023-03-18T21:15:49+00:00","dateModified":"2025-04-23T14:35:12+00:00","breadcrumb":{"@id":"https:\/\/shrimataji.org\/test\/fi\/online-tapahtumat\/#breadcrumb"},"inLanguage":"en-US","potentialAction":[{"@type":"ReadAction","target":["https:\/\/shrimataji.org\/test\/fi\/online-tapahtumat\/"]}]},{"@type":"ImageObject","inLanguage":"en-US","@id":"https:\/\/shrimataji.org\/test\/fi\/online-tapahtumat\/#primaryimage","url":"https:\/\/shrimataji.org\/test\/wp-content\/uploads\/2023\/03\/Banner-Footer-Castle-1-scaled.jpg","contentUrl":"https:\/\/shrimataji.org\/test\/wp-content\/uploads\/2023\/03\/Banner-Footer-Castle-1-scaled.jpg","width":2560,"height":905},{"@type":"BreadcrumbList","@id":"https:\/\/shrimataji.org\/test\/fi\/online-tapahtumat\/#breadcrumb","itemListElement":[{"@type":"ListItem","position":1,"name":"Home","item":"https:\/\/shrimataji.org\/test\/uk\/home-en\/"},{"@type":"ListItem","position":2,"name":"Online-tapahtumat"}]},{"@type":"WebSite","@id":"https:\/\/shrimataji.org\/test\/#website","url":"https:\/\/shrimataji.org\/test\/","name":"Shri Mataji Nirmala Devi","description":"A Life Dedicated to Humanity","publisher":{"@id":"https:\/\/shrimataji.org\/test\/#\/schema\/person\/a1b3419c6585f164aa96da1ff85715d1"},"potentialAction":[{"@type":"SearchAction","target":{"@type":"EntryPoint","urlTemplate":"https:\/\/shrimataji.org\/test\/?s={search_term_string}"},"query-input":{"@type":"PropertyValueSpecification","valueRequired":true,"valueName":"search_term_string"}}],"inLanguage":"en-US"},{"@type":["Person","Organization"],"@id":"https:\/\/shrimataji.org\/test\/#\/schema\/person\/a1b3419c6585f164aa96da1ff85715d1","name":"Nirmala Shrivastava","image":{"@type":"ImageObject","inLanguage":"en-US","@id":"https:\/\/shrimataji.org\/test\/wp-content\/uploads\/2023\/02\/SMO_LOGO-03.svg","url":"https:\/\/shrimataji.org\/test\/wp-content\/uploads\/2023\/02\/SMO_LOGO-03.svg","contentUrl":"https:\/\/shrimataji.org\/test\/wp-content\/uploads\/2023\/02\/SMO_LOGO-03.svg","width":"1024","height":"1024","caption":"Nirmala Shrivastava"},"logo":{"@id":"https:\/\/shrimataji.org\/test\/wp-content\/uploads\/2023\/02\/SMO_LOGO-03.svg"},"sameAs":["https:\/\/shrimataji.org\/test","https:\/\/www.facebook.com\/shrimataji","https:\/\/x.com\/shrimataji","https:\/\/www.youtube.com\/@Shri_Mataji_Nirmala_Devi\/featured"]}]}},"lang":"fi","translations":{"fi":12609,"am":18045,"th":20011,"hu":19528,"en":9878,"sq":18446,"zh":17343,"tr":10190,"pt":10400,"de":10674,"fr":10772,"it":10870,"es":10967,"ja":11264,"ru":11452,"bn":11644,"te":11752,"sw":11875,"he":12023,"el":12315,"sk":12413,"fa":12511,"bg":13359,"ro":14433,"cs":14626,"nl":16606,"ku":16766,"ar":16942,"be":18653,"kn":18927,"uk":20669,"ml":20964,"gu":28878,"pa":29038},"pll_sync_post":[],"_links":{"self":[{"href":"https:\/\/shrimataji.org\/test\/wp-json\/wp\/v2\/pages\/12609","targetHints":{"allow":["GET"]}}],"collection":[{"href":"https:\/\/shrimataji.org\/test\/wp-json\/wp\/v2\/pages"}],"about":[{"href":"https:\/\/shrimataji.org\/test\/wp-json\/wp\/v2\/types\/page"}],"author":[{"embeddable":true,"href":"https:\/\/shrimataji.org\/test\/wp-json\/wp\/v2\/users\/29"}],"replies":[{"embeddable":true,"href":"https:\/\/shrimataji.org\/test\/wp-json\/wp\/v2\/comments?post=12609"}],"version-history":[{"count":0,"href":"https:\/\/shrimataji.org\/test\/wp-json\/wp\/v2\/pages\/12609\/revisions"}],"wp:featuredmedia":[{"embeddable":true,"href":"https:\/\/shrimataji.org\/test\/wp-json\/wp\/v2\/media\/9552"}],"wp:attachment":[{"href":"https:\/\/shrimataji.org\/test\/wp-json\/wp\/v2\/media?parent=12609"}],"curies":[{"name":"wp","href":"https:\/\/api.w.org\/{rel}","templated":true}]}}