{"id":12611,"date":"2022-01-29T10:23:24","date_gmt":"2022-01-29T10:23:24","guid":{"rendered":"https:\/\/test.shrimataji.org\/?page_id=6404"},"modified":"2025-06-09T18:25:47","modified_gmt":"2025-06-09T18:25:47","slug":"paramchaitanya-kaikkialla-lasna","status":"publish","type":"page","link":"https:\/\/shrimataji.org\/test\/fi\/paramchaitanya-kaikkialla-lasna\/","title":{"rendered":"Paramchaitanya \u2013 kaikkialla l\u00e4sn\u00e4"},"content":{"rendered":"\n\n\t<h1>Paramchaitanya &#8211; kaikkialla l\u00e4sn\u00e4<\/h1>\n<h2>Jumalallinen viile\u00e4 tuulahdus tiedostamattomasta<\/h2>\n<div class=\"su-quote su-quote-style-default\"><div class=\"su-quote-inner su-u-clearfix su-u-trim\">Joka p\u00e4iv\u00e4 n\u00e4emme siementen it\u00e4v\u00e4n, kukkien kukkivan ja hedelmien kypsyv\u00e4n, mutta emme ajattele, miten se tapahtuu. On olemassa voima, joka tekee t\u00e4m\u00e4n ty\u00f6n, se on Jumalallisen rakkauden kaikkialla l\u00e4sn\u00e4 oleva voima. Nyt on tullut aika tuntea t\u00e4m\u00e4 voima sis\u00e4ll\u00e4mme olevan instrumentin kautta. T\u00e4st\u00e4 instrumentista ei ole hy\u00f6ty\u00e4, ellei sit\u00e4 ole kytketty verkkoon. Emme tied\u00e4 potentiaaliamme, kauneuttamme, mutta kun t\u00e4m\u00e4 yhteys p\u00e4\u00e4verkkoon on luotu, tulemme yll\u00e4ttym\u00e4\u00e4n saaduista dynaamisista tuloksista.<\/div><\/div>\n<p><strong>Eri kulttuureissa on monia nimi\u00e4 t\u00e4lle Jumalan rakkauden universaalille voimalle:<\/strong> <strong>Pneuma (kreikaksi), Ruach (hepreaksi), Assas (arabiaksi), Tao (kiinaksi), Pyh\u00e4n Hengen tuuli, el\u00e4m\u00e4n vesi.<\/strong> <strong>Ne kaikki tarkoittavat kuitenkin samaa asiaa, rakastavaa, \u00e4lyk\u00e4st\u00e4, kaiken kattavaa luomisen energiaa.<\/strong> <strong>Tietoisuus ja energia ovat ensisijaisia tekij\u00f6it\u00e4.<\/strong> <strong>Kaikki muu on toissijaista.<\/strong> <strong>T\u00e4m\u00e4 kausaalienergia l\u00e4p\u00e4isee koko kosmoksen.<\/strong> <strong>Shri Mataji kutsuu t\u00e4t\u00e4 kaikkialla l\u00e4sn\u00e4 olevaa energiaa &#8220;Paramchaitanyaksi&#8221;.<\/strong><\/p>\n<p>T\u00e4m\u00e4 kaikkialla l\u00e4sn\u00e4 oleva energia tuntuu viile\u00e4n\u00e4 tuulahduksena tai &#8220;v\u00e4r\u00e4htelyn\u00e4&#8221; itseoivalluksen j\u00e4lkeen, erityisesti p\u00e4\u00e4laen yl\u00e4puolella ja k\u00e4mmeniss\u00e4. Meditaatiossa, kun Kundaliini nousee eri chakrojen l\u00e4pi, voimme tuntea sen selk\u00e4rangassamme kunkin chakran kohdalla ja joskus my\u00f6s chakroja vastaavissa sormissa. N\u00e4m\u00e4 v\u00e4r\u00e4htelyt eiv\u00e4t ainoastaan anna meille t\u00e4ydellist\u00e4 kuvaa todellisuudesta, vaan ne my\u00f6s ty\u00f6st\u00e4v\u00e4t kokonaisuutta, niin ett\u00e4 se on suotuisa meille, kanssaihmisillemme ja koko meit\u00e4 ymp\u00e4r\u00f6iv\u00e4lle luonnolle.<\/p>\n<p>Monet Sahaja Yogaa harjoittavat olivat h\u00e4mm\u00e4styneit\u00e4 n\u00e4iden Jumalallisen rakkauden v\u00e4r\u00e4htelyjen t\u00e4sm\u00e4llisyydest\u00e4 ja tehokkuudesta; ne ymp\u00e4r\u00f6iv\u00e4t meid\u00e4t t\u00e4ysin ja ohjaavat meit\u00e4 jokap\u00e4iv\u00e4isess\u00e4 el\u00e4m\u00e4ss\u00e4mme puuttumatta vapaaseen tahtoomme. Yksinkertainen vertaus on kaikkialle ulottuva internet-media, jonka avulla voimme ratkaista monia ongelmia, joita kohtaamme jokap\u00e4iv\u00e4isess\u00e4 el\u00e4m\u00e4ss\u00e4mme, ilman ett\u00e4 tarvitsisimme asiantuntijatietoa joltakin tietylt\u00e4 el\u00e4m\u00e4nalueelta. Aivan kuten internetiss\u00e4, meid\u00e4n on vain oltava oikealla tavalla yhteydess\u00e4 t\u00e4h\u00e4n kaikkialla l\u00e4sn\u00e4 olevaan voimaan, mink\u00e4 voimme helposti saavuttaa p\u00e4ivitt\u00e4isess\u00e4 meditaatiossamme.<\/p>\n<div class=\"su-quote su-quote-style-default\"><div class=\"su-quote-inner su-u-clearfix su-u-trim\">Sahaja-joogien on nyt hyvin helppoa selvitt\u00e4\u00e4, onko jokin asia todellinen vai ep\u00e4todellinen, onko se totuus vai ep\u00e4totuus, onko se rakkautta vai vihaa. Vain v\u00e4r\u00e4htelyjen kautta sen voi tiet\u00e4\u00e4. Mutta kun menn\u00e4\u00e4n t\u00e4t\u00e4 pidemm\u00e4lle, on tiedett\u00e4v\u00e4, mit\u00e4 n\u00e4m\u00e4 v\u00e4r\u00e4htelyt ovat ja mist\u00e4 ne ovat muodostuneet. Mik\u00e4 on se hienojakoinen voima, joka on n\u00e4iden v\u00e4r\u00e4htelyjen takana? Me kutsumme sit\u00e4 Paramchaitanyaksi.<\/div><\/div>\n\t\t<iframe loading=\"lazy\" title=\"Paramchaitanya\" width=\"1920\" height=\"1080\" src=\"https:\/\/www.youtube.com\/embed\/Er_H-whvfWQ?feature=oembed\" frameborder=\"0\" allow=\"accelerometer; autoplay; clipboard-write; encrypted-media; gyroscope; picture-in-picture; web-share\" allowfullscreen><\/iframe>\t\n\n","protected":false},"excerpt":{"rendered":"<p>Paramchaitanya &#8211; kaikkialla l\u00e4sn\u00e4 Jumalallinen viile\u00e4 tuulahdus tiedostamattomasta Eri kulttuureissa on monia nimi\u00e4 t\u00e4lle Jumalan rakkauden universaalille voimalle: Pneuma (kreikaksi), Ruach (hepreaksi), Assas (arabiaksi), Tao (kiinaksi), Pyh\u00e4n Hengen tuuli, el\u00e4m\u00e4n vesi. Ne kaikki tarkoittavat kuitenkin samaa asiaa, rakastavaa, \u00e4lyk\u00e4st\u00e4, kaiken kattavaa luomisen energiaa. Tietoisuus ja energia ovat ensisijaisia tekij\u00f6it\u00e4. Kaikki muu on toissijaista. T\u00e4m\u00e4 kausaalienergia&hellip; <br \/> <a class=\"read-more\" href=\"https:\/\/shrimataji.org\/test\/fi\/paramchaitanya-kaikkialla-lasna\/\">Read more<\/a><\/p>\n","protected":false},"author":29,"featured_media":9245,"parent":0,"menu_order":0,"comment_status":"closed","ping_status":"closed","template":"","meta":{"inline_featured_image":false,"footnotes":""},"class_list":["post-12611","page","type-page","status-publish","has-post-thumbnail","hentry"],"yoast_head":"<!-- This site is optimized with the Yoast SEO plugin v27.4 - https:\/\/yoast.com\/product\/yoast-seo-wordpress\/ -->\n<title>Paramchaitanya \u2013 kaikkialla l\u00e4sn\u00e4 - TEST - SMND<\/title>\n<meta name=\"robots\" content=\"noindex, follow, max-snippet:-1, max-image-preview:large, max-video-preview:-1\" \/>\n<meta property=\"og:locale\" content=\"en_US\" \/>\n<meta property=\"og:type\" content=\"article\" \/>\n<meta property=\"og:title\" content=\"Paramchaitanya \u2013 kaikkialla l\u00e4sn\u00e4 - TEST - SMND\" \/>\n<meta property=\"og:description\" content=\"Paramchaitanya &#8211; kaikkialla l\u00e4sn\u00e4 Jumalallinen viile\u00e4 tuulahdus tiedostamattomasta Eri kulttuureissa on monia nimi\u00e4 t\u00e4lle Jumalan rakkauden universaalille voimalle: Pneuma (kreikaksi), Ruach (hepreaksi), Assas (arabiaksi), Tao (kiinaksi), Pyh\u00e4n Hengen tuuli, el\u00e4m\u00e4n vesi. Ne kaikki tarkoittavat kuitenkin samaa asiaa, rakastavaa, \u00e4lyk\u00e4st\u00e4, kaiken kattavaa luomisen energiaa. Tietoisuus ja energia ovat ensisijaisia tekij\u00f6it\u00e4. Kaikki muu on toissijaista. T\u00e4m\u00e4 kausaalienergia&hellip; Read more\" \/>\n<meta property=\"og:url\" content=\"https:\/\/shrimataji.org\/test\/fi\/paramchaitanya-kaikkialla-lasna\/\" \/>\n<meta property=\"og:site_name\" content=\"TEST - SMND\" \/>\n<meta property=\"article:publisher\" content=\"https:\/\/www.facebook.com\/shrimataji\" \/>\n<meta property=\"article:modified_time\" content=\"2025-06-09T18:25:47+00:00\" \/>\n<meta property=\"og:image\" content=\"https:\/\/shrimataji.org\/test\/wp-content\/uploads\/2023\/03\/10_Banner-SY-Paramchaitanya-scaled.jpg\" \/>\n\t<meta property=\"og:image:width\" content=\"2560\" \/>\n\t<meta property=\"og:image:height\" content=\"905\" \/>\n\t<meta property=\"og:image:type\" content=\"image\/jpeg\" \/>\n<meta name=\"twitter:card\" content=\"summary_large_image\" \/>\n<meta name=\"twitter:site\" content=\"@shrimataji\" \/>\n<meta name=\"twitter:label1\" content=\"Est. reading time\" \/>\n\t<meta name=\"twitter:data1\" content=\"2 minutes\" \/>\n<script type=\"application\/ld+json\" class=\"yoast-schema-graph\">{\"@context\":\"https:\\\/\\\/schema.org\",\"@graph\":[{\"@type\":\"WebPage\",\"@id\":\"https:\\\/\\\/shrimataji.org\\\/test\\\/fi\\\/paramchaitanya-kaikkialla-lasna\\\/\",\"url\":\"https:\\\/\\\/shrimataji.org\\\/test\\\/fi\\\/paramchaitanya-kaikkialla-lasna\\\/\",\"name\":\"Paramchaitanya \u2013 kaikkialla l\u00e4sn\u00e4 - TEST - SMND\",\"isPartOf\":{\"@id\":\"https:\\\/\\\/shrimataji.org\\\/test\\\/#website\"},\"primaryImageOfPage\":{\"@id\":\"https:\\\/\\\/shrimataji.org\\\/test\\\/fi\\\/paramchaitanya-kaikkialla-lasna\\\/#primaryimage\"},\"image\":{\"@id\":\"https:\\\/\\\/shrimataji.org\\\/test\\\/fi\\\/paramchaitanya-kaikkialla-lasna\\\/#primaryimage\"},\"thumbnailUrl\":\"https:\\\/\\\/shrimataji.org\\\/test\\\/wp-content\\\/uploads\\\/2023\\\/03\\\/10_Banner-SY-Paramchaitanya-scaled.jpg\",\"datePublished\":\"2022-01-29T10:23:24+00:00\",\"dateModified\":\"2025-06-09T18:25:47+00:00\",\"breadcrumb\":{\"@id\":\"https:\\\/\\\/shrimataji.org\\\/test\\\/fi\\\/paramchaitanya-kaikkialla-lasna\\\/#breadcrumb\"},\"inLanguage\":\"en-US\",\"potentialAction\":[{\"@type\":\"ReadAction\",\"target\":[\"https:\\\/\\\/shrimataji.org\\\/test\\\/fi\\\/paramchaitanya-kaikkialla-lasna\\\/\"]}]},{\"@type\":\"ImageObject\",\"inLanguage\":\"en-US\",\"@id\":\"https:\\\/\\\/shrimataji.org\\\/test\\\/fi\\\/paramchaitanya-kaikkialla-lasna\\\/#primaryimage\",\"url\":\"https:\\\/\\\/shrimataji.org\\\/test\\\/wp-content\\\/uploads\\\/2023\\\/03\\\/10_Banner-SY-Paramchaitanya-scaled.jpg\",\"contentUrl\":\"https:\\\/\\\/shrimataji.org\\\/test\\\/wp-content\\\/uploads\\\/2023\\\/03\\\/10_Banner-SY-Paramchaitanya-scaled.jpg\",\"width\":2560,\"height\":905},{\"@type\":\"BreadcrumbList\",\"@id\":\"https:\\\/\\\/shrimataji.org\\\/test\\\/fi\\\/paramchaitanya-kaikkialla-lasna\\\/#breadcrumb\",\"itemListElement\":[{\"@type\":\"ListItem\",\"position\":1,\"name\":\"Home\",\"item\":\"https:\\\/\\\/shrimataji.org\\\/test\\\/uk\\\/home-en\\\/\"},{\"@type\":\"ListItem\",\"position\":2,\"name\":\"Paramchaitanya \u2013 kaikkialla l\u00e4sn\u00e4\"}]},{\"@type\":\"WebSite\",\"@id\":\"https:\\\/\\\/shrimataji.org\\\/test\\\/#website\",\"url\":\"https:\\\/\\\/shrimataji.org\\\/test\\\/\",\"name\":\"Shri Mataji Nirmala Devi\",\"description\":\"A Life Dedicated to Humanity\",\"publisher\":{\"@id\":\"https:\\\/\\\/shrimataji.org\\\/test\\\/#\\\/schema\\\/person\\\/a1b3419c6585f164aa96da1ff85715d1\"},\"potentialAction\":[{\"@type\":\"SearchAction\",\"target\":{\"@type\":\"EntryPoint\",\"urlTemplate\":\"https:\\\/\\\/shrimataji.org\\\/test\\\/?s={search_term_string}\"},\"query-input\":{\"@type\":\"PropertyValueSpecification\",\"valueRequired\":true,\"valueName\":\"search_term_string\"}}],\"inLanguage\":\"en-US\"},{\"@type\":[\"Person\",\"Organization\"],\"@id\":\"https:\\\/\\\/shrimataji.org\\\/test\\\/#\\\/schema\\\/person\\\/a1b3419c6585f164aa96da1ff85715d1\",\"name\":\"Nirmala Shrivastava\",\"image\":{\"@type\":\"ImageObject\",\"inLanguage\":\"en-US\",\"@id\":\"https:\\\/\\\/shrimataji.org\\\/test\\\/wp-content\\\/uploads\\\/2023\\\/02\\\/SMO_LOGO-03.svg\",\"url\":\"https:\\\/\\\/shrimataji.org\\\/test\\\/wp-content\\\/uploads\\\/2023\\\/02\\\/SMO_LOGO-03.svg\",\"contentUrl\":\"https:\\\/\\\/shrimataji.org\\\/test\\\/wp-content\\\/uploads\\\/2023\\\/02\\\/SMO_LOGO-03.svg\",\"width\":\"1024\",\"height\":\"1024\",\"caption\":\"Nirmala Shrivastava\"},\"logo\":{\"@id\":\"https:\\\/\\\/shrimataji.org\\\/test\\\/wp-content\\\/uploads\\\/2023\\\/02\\\/SMO_LOGO-03.svg\"},\"sameAs\":[\"https:\\\/\\\/shrimataji.org\\\/test\",\"https:\\\/\\\/www.facebook.com\\\/shrimataji\",\"https:\\\/\\\/x.com\\\/shrimataji\",\"https:\\\/\\\/www.youtube.com\\\/@Shri_Mataji_Nirmala_Devi\\\/featured\"]}]}<\/script>\n<!-- \/ Yoast SEO plugin. -->","yoast_head_json":{"title":"Paramchaitanya \u2013 kaikkialla l\u00e4sn\u00e4 - TEST - SMND","robots":{"index":"noindex","follow":"follow","max-snippet":"max-snippet:-1","max-image-preview":"max-image-preview:large","max-video-preview":"max-video-preview:-1"},"og_locale":"en_US","og_type":"article","og_title":"Paramchaitanya \u2013 kaikkialla l\u00e4sn\u00e4 - TEST - SMND","og_description":"Paramchaitanya &#8211; kaikkialla l\u00e4sn\u00e4 Jumalallinen viile\u00e4 tuulahdus tiedostamattomasta Eri kulttuureissa on monia nimi\u00e4 t\u00e4lle Jumalan rakkauden universaalille voimalle: Pneuma (kreikaksi), Ruach (hepreaksi), Assas (arabiaksi), Tao (kiinaksi), Pyh\u00e4n Hengen tuuli, el\u00e4m\u00e4n vesi. Ne kaikki tarkoittavat kuitenkin samaa asiaa, rakastavaa, \u00e4lyk\u00e4st\u00e4, kaiken kattavaa luomisen energiaa. Tietoisuus ja energia ovat ensisijaisia tekij\u00f6it\u00e4. Kaikki muu on toissijaista. T\u00e4m\u00e4 kausaalienergia&hellip; Read more","og_url":"https:\/\/shrimataji.org\/test\/fi\/paramchaitanya-kaikkialla-lasna\/","og_site_name":"TEST - SMND","article_publisher":"https:\/\/www.facebook.com\/shrimataji","article_modified_time":"2025-06-09T18:25:47+00:00","og_image":[{"width":2560,"height":905,"url":"https:\/\/shrimataji.org\/test\/wp-content\/uploads\/2023\/03\/10_Banner-SY-Paramchaitanya-scaled.jpg","type":"image\/jpeg"}],"twitter_card":"summary_large_image","twitter_site":"@shrimataji","twitter_misc":{"Est. reading time":"2 minutes"},"schema":{"@context":"https:\/\/schema.org","@graph":[{"@type":"WebPage","@id":"https:\/\/shrimataji.org\/test\/fi\/paramchaitanya-kaikkialla-lasna\/","url":"https:\/\/shrimataji.org\/test\/fi\/paramchaitanya-kaikkialla-lasna\/","name":"Paramchaitanya \u2013 kaikkialla l\u00e4sn\u00e4 - TEST - SMND","isPartOf":{"@id":"https:\/\/shrimataji.org\/test\/#website"},"primaryImageOfPage":{"@id":"https:\/\/shrimataji.org\/test\/fi\/paramchaitanya-kaikkialla-lasna\/#primaryimage"},"image":{"@id":"https:\/\/shrimataji.org\/test\/fi\/paramchaitanya-kaikkialla-lasna\/#primaryimage"},"thumbnailUrl":"https:\/\/shrimataji.org\/test\/wp-content\/uploads\/2023\/03\/10_Banner-SY-Paramchaitanya-scaled.jpg","datePublished":"2022-01-29T10:23:24+00:00","dateModified":"2025-06-09T18:25:47+00:00","breadcrumb":{"@id":"https:\/\/shrimataji.org\/test\/fi\/paramchaitanya-kaikkialla-lasna\/#breadcrumb"},"inLanguage":"en-US","potentialAction":[{"@type":"ReadAction","target":["https:\/\/shrimataji.org\/test\/fi\/paramchaitanya-kaikkialla-lasna\/"]}]},{"@type":"ImageObject","inLanguage":"en-US","@id":"https:\/\/shrimataji.org\/test\/fi\/paramchaitanya-kaikkialla-lasna\/#primaryimage","url":"https:\/\/shrimataji.org\/test\/wp-content\/uploads\/2023\/03\/10_Banner-SY-Paramchaitanya-scaled.jpg","contentUrl":"https:\/\/shrimataji.org\/test\/wp-content\/uploads\/2023\/03\/10_Banner-SY-Paramchaitanya-scaled.jpg","width":2560,"height":905},{"@type":"BreadcrumbList","@id":"https:\/\/shrimataji.org\/test\/fi\/paramchaitanya-kaikkialla-lasna\/#breadcrumb","itemListElement":[{"@type":"ListItem","position":1,"name":"Home","item":"https:\/\/shrimataji.org\/test\/uk\/home-en\/"},{"@type":"ListItem","position":2,"name":"Paramchaitanya \u2013 kaikkialla l\u00e4sn\u00e4"}]},{"@type":"WebSite","@id":"https:\/\/shrimataji.org\/test\/#website","url":"https:\/\/shrimataji.org\/test\/","name":"Shri Mataji Nirmala Devi","description":"A Life Dedicated to Humanity","publisher":{"@id":"https:\/\/shrimataji.org\/test\/#\/schema\/person\/a1b3419c6585f164aa96da1ff85715d1"},"potentialAction":[{"@type":"SearchAction","target":{"@type":"EntryPoint","urlTemplate":"https:\/\/shrimataji.org\/test\/?s={search_term_string}"},"query-input":{"@type":"PropertyValueSpecification","valueRequired":true,"valueName":"search_term_string"}}],"inLanguage":"en-US"},{"@type":["Person","Organization"],"@id":"https:\/\/shrimataji.org\/test\/#\/schema\/person\/a1b3419c6585f164aa96da1ff85715d1","name":"Nirmala Shrivastava","image":{"@type":"ImageObject","inLanguage":"en-US","@id":"https:\/\/shrimataji.org\/test\/wp-content\/uploads\/2023\/02\/SMO_LOGO-03.svg","url":"https:\/\/shrimataji.org\/test\/wp-content\/uploads\/2023\/02\/SMO_LOGO-03.svg","contentUrl":"https:\/\/shrimataji.org\/test\/wp-content\/uploads\/2023\/02\/SMO_LOGO-03.svg","width":"1024","height":"1024","caption":"Nirmala Shrivastava"},"logo":{"@id":"https:\/\/shrimataji.org\/test\/wp-content\/uploads\/2023\/02\/SMO_LOGO-03.svg"},"sameAs":["https:\/\/shrimataji.org\/test","https:\/\/www.facebook.com\/shrimataji","https:\/\/x.com\/shrimataji","https:\/\/www.youtube.com\/@Shri_Mataji_Nirmala_Devi\/featured"]}]}},"lang":"fi","translations":{"fi":12611,"ur":37475,"en":6404,"am":18048,"th":20016,"hu":19532,"sq":18449,"zh":17346,"hi":8298,"tr":10192,"pt":10402,"de":10676,"fr":10774,"it":10872,"es":10969,"ja":11266,"ru":11454,"bn":11646,"te":11754,"sw":11877,"he":12025,"el":12317,"sk":12415,"fa":12513,"bg":13388,"ro":14462,"cs":14655,"nl":16609,"ku":16769,"ar":16945,"be":18656,"kn":18930,"mr":20380,"uk":20674,"ml":20969,"ta":22767,"sv":23037,"gu":28881,"pa":29041,"fil":29485,"da":37786,"pl":37998,"nn":38338},"pll_sync_post":[],"_links":{"self":[{"href":"https:\/\/shrimataji.org\/test\/wp-json\/wp\/v2\/pages\/12611","targetHints":{"allow":["GET"]}}],"collection":[{"href":"https:\/\/shrimataji.org\/test\/wp-json\/wp\/v2\/pages"}],"about":[{"href":"https:\/\/shrimataji.org\/test\/wp-json\/wp\/v2\/types\/page"}],"author":[{"embeddable":true,"href":"https:\/\/shrimataji.org\/test\/wp-json\/wp\/v2\/users\/29"}],"replies":[{"embeddable":true,"href":"https:\/\/shrimataji.org\/test\/wp-json\/wp\/v2\/comments?post=12611"}],"version-history":[{"count":0,"href":"https:\/\/shrimataji.org\/test\/wp-json\/wp\/v2\/pages\/12611\/revisions"}],"wp:featuredmedia":[{"embeddable":true,"href":"https:\/\/shrimataji.org\/test\/wp-json\/wp\/v2\/media\/9245"}],"wp:attachment":[{"href":"https:\/\/shrimataji.org\/test\/wp-json\/wp\/v2\/media?parent=12611"}],"curies":[{"name":"wp","href":"https:\/\/api.w.org\/{rel}","templated":true}]}}