{"id":12612,"date":"2022-01-29T10:34:53","date_gmt":"2022-01-29T10:34:53","guid":{"rendered":"https:\/\/test.shrimataji.org\/?page_id=6414"},"modified":"2025-09-20T21:08:16","modified_gmt":"2025-09-20T21:08:16","slug":"pingala-nadi-fi","status":"publish","type":"page","link":"https:\/\/shrimataji.org\/test\/fi\/pingala-nadi-fi\/","title":{"rendered":"Pingala-nadi FIN"},"content":{"rendered":"\n\n\t<h1>Pingala-nadi<\/h1>\n<h2>Toiminta ja \u00e4lykkyys<\/h2>\n\t<h4>Oikeanpuoleinen energiakanavamme (sanskritiksi Pingala-nadi), joka tunnetaan my\u00f6s aurinkokanavana, alkaa toisesta energiakeskuksesta (Swadhisthan-chakra) ja kiertyy kehomme oikeaa puolta pitkin yl\u00f6sp\u00e4in, p\u00e4\u00e4ttyen kuin ilmapallo aivojemme vasempaan aivopuoliskoon.<\/h4>\n<p>Shri Mataji kuvaa t\u00e4t\u00e4 ilmapalloa egon psyykkiseksi ilmentym\u00e4ksi. Ego antaa meille tunteen yksil\u00f6llisyydest\u00e4 ja itsest\u00e4, joka eroaa muista. Ego antaa meid\u00e4n suhtautua itseemme &#8220;min\u00e4n\u00e4&#8221;.<\/p>\n\t\t\t\t<a href=\"https:\/\/shrimataji.org\/test\/wp-content\/uploads\/2023\/02\/3_Pingala-01.png\"  target=\"_blank\" rel=\"noopener\"  itemprop=\"url\">\n\t\t\t\t<img loading=\"lazy\" decoding=\"async\" src=\"https:\/\/shrimataji.org\/test\/wp-content\/uploads\/2025\/04\/Pingala-01-1-scaled.png\" alt=\"Pingala-01\" itemprop=\"image\" height=\"2560\" width=\"2415\" title=\"Pingala-01\" onerror=\"this.style.display='none'\"  \/>\n\t\t\t\t<\/a>\n\t<div class=\"su-quote su-quote-style-default\"><div class=\"su-quote-inner su-u-clearfix su-u-trim\">&#8230;t\u00e4m\u00e4 j\u00e4nnittyneisyys tulee meihin, koska ty\u00f6skentelemme liikaa oikealla puolellamme, kuten n\u00e4ette tuossa, t\u00e4m\u00e4 keltainen viiva&#8230; siit\u00e4 kehittyy toinen ik\u00e4v\u00e4 asia, jota kutsutaan egoksi: tunnemme ett\u00e4 me teemme sen itse. Siin\u00e4 ei ole mit\u00e4\u00e4n v\u00e4\u00e4r\u00e4\u00e4, ei mit\u00e4\u00e4n v\u00e4\u00e4r\u00e4\u00e4, koska tiet\u00e4m\u00e4tt\u00f6myys antaa teille ajatuksen, ett\u00e4 &#8220;min\u00e4 teen t\u00e4m\u00e4n ty\u00f6n&#8221;.<\/div><\/div>\n\t<iframe loading=\"lazy\" title=\"Pingala Nadi\" width=\"1920\" height=\"1080\" src=\"https:\/\/www.youtube.com\/embed\/lV4Sh2Mgp2Y?feature=oembed\" frameborder=\"0\" allow=\"accelerometer; autoplay; clipboard-write; encrypted-media; gyroscope; picture-in-picture; web-share\" allowfullscreen><\/iframe>\n\t<p>Toiminta ja suunnittelu ovat oikeaan energiakanavaan liittyvi\u00e4 olennaisia ominaisuuksia. N\u00e4m\u00e4 n\u00e4k\u00f6kohdat ilmenev\u00e4t my\u00f6s hermoyhteyksin\u00e4 vasemmassa aivopuoliskossa. Ne ohjaavat mentaalisia ja fyysisi\u00e4 toimintojamme. Oikean puolen energian tarve voi kuitenkin joskus olla niin suuri, ett\u00e4 vasen puoli heikkenee. Kun n\u00e4in tapahtuu, halumme iloon voi haihtua, ja saatamme huomata olevamme k\u00e4rttyisi\u00e4 ja \u00e4rtyisi\u00e4. Meist\u00e4 saattaa jopa tuntua silt\u00e4, ett\u00e4 haluaisimme huutaa kaikille tai &#8220;riehua&#8221;, kun pienikin asia menee pieleen. T\u00e4m\u00e4n seurauksena negatiiviset energiat, stressi ja aggressiivisuus jatkavat kasautumistaan. Kohtaamme usein stressaavia ymp\u00e4rist\u00f6j\u00e4 ty\u00f6paikoillamme, kouluissa ja muissa julkisissa paikoissa. Joskus on vaikea yll\u00e4pit\u00e4\u00e4 rauhallista, hoivaavaa kotia, jossa t\u00e4llaiset stressaavat tilanteet jatkuvat kroonisina pitk\u00e4\u00e4n.<\/p>\n<p>Onneksi tietoisuus on ensimm\u00e4inen askel oikean puolen ep\u00e4tasapainon korjaamiseksi. Meditaatio ja Kundaliinienergian k\u00e4ytt\u00e4minen harmonian, rauhan ja ilon palauttamiseksi antaa meille mahdollisuuden l\u00f6yt\u00e4\u00e4 hyvin helposti luonnollisen tasapainotilan.<\/p>\n<p>Yhteenvetona voidaan todeta, ett\u00e4 oikea energiakanavamme vaikuttaa kykyymme suunnitella ja toimia tulevaisuuden hyv\u00e4ksi. Sill\u00e4 on my\u00f6s merkityst\u00e4 negatiivisissa tunteissa, kuten vihassa, \u00e4rtyneisyydess\u00e4 ja stressiss\u00e4. Oikea energiakanavamme antaa meille kyvyn ajatella &#8220;min\u00e4&#8221;, &#8220;minun&#8221; ja &#8220;minua&#8221;. Kun liioittelemme jotakin n\u00e4ist\u00e4 k\u00e4sitteist\u00e4, l\u00e4sn\u00e4olomme aiheuttaa muille ep\u00e4mukavuuden tunnetta. Meditaation avulla voimme kuitenkin tunnistaa, milloin energiamme oikeassa kanavassa on liian korkealla ja milloin on aika rauhoittua ja palata tasapainoon.<\/p>\n<p>Shri Mataji on suositellut hyvin yksinkertaisia tekniikoita, jotka ovat helppoja ja turvallisia ja joiden avulla voimme saattaa oikean puolen tasapainoon.<\/p>\n\n","protected":false},"excerpt":{"rendered":"<p>Pingala-nadi Toiminta ja \u00e4lykkyys Oikeanpuoleinen energiakanavamme (sanskritiksi Pingala-nadi), joka tunnetaan my\u00f6s aurinkokanavana, alkaa toisesta energiakeskuksesta (Swadhisthan-chakra) ja kiertyy kehomme oikeaa puolta pitkin yl\u00f6sp\u00e4in, p\u00e4\u00e4ttyen kuin ilmapallo aivojemme vasempaan aivopuoliskoon. Shri Mataji kuvaa t\u00e4t\u00e4 ilmapalloa egon psyykkiseksi ilmentym\u00e4ksi. Ego antaa meille tunteen yksil\u00f6llisyydest\u00e4 ja itsest\u00e4, joka eroaa muista. Ego antaa meid\u00e4n suhtautua itseemme &#8220;min\u00e4n\u00e4&#8221;. Toiminta ja&hellip; <br \/> <a class=\"read-more\" href=\"https:\/\/shrimataji.org\/test\/fi\/pingala-nadi-fi\/\">Read more<\/a><\/p>\n","protected":false},"author":29,"featured_media":9248,"parent":0,"menu_order":0,"comment_status":"closed","ping_status":"closed","template":"","meta":{"inline_featured_image":false,"footnotes":""},"class_list":["post-12612","page","type-page","status-publish","has-post-thumbnail","hentry"],"yoast_head":"<!-- This site is optimized with the Yoast SEO plugin v27.4 - https:\/\/yoast.com\/product\/yoast-seo-wordpress\/ -->\n<title>Pingala-nadi FIN - TEST - SMND<\/title>\n<meta name=\"robots\" content=\"noindex, follow, max-snippet:-1, max-image-preview:large, max-video-preview:-1\" \/>\n<meta property=\"og:locale\" content=\"en_US\" \/>\n<meta property=\"og:type\" content=\"article\" \/>\n<meta property=\"og:title\" content=\"Pingala-nadi FIN - TEST - SMND\" \/>\n<meta property=\"og:description\" content=\"Pingala-nadi Toiminta ja \u00e4lykkyys Oikeanpuoleinen energiakanavamme (sanskritiksi Pingala-nadi), joka tunnetaan my\u00f6s aurinkokanavana, alkaa toisesta energiakeskuksesta (Swadhisthan-chakra) ja kiertyy kehomme oikeaa puolta pitkin yl\u00f6sp\u00e4in, p\u00e4\u00e4ttyen kuin ilmapallo aivojemme vasempaan aivopuoliskoon. Shri Mataji kuvaa t\u00e4t\u00e4 ilmapalloa egon psyykkiseksi ilmentym\u00e4ksi. Ego antaa meille tunteen yksil\u00f6llisyydest\u00e4 ja itsest\u00e4, joka eroaa muista. Ego antaa meid\u00e4n suhtautua itseemme &#8220;min\u00e4n\u00e4&#8221;. Toiminta ja&hellip; Read more\" \/>\n<meta property=\"og:url\" content=\"https:\/\/shrimataji.org\/test\/fi\/pingala-nadi-fi\/\" \/>\n<meta property=\"og:site_name\" content=\"TEST - SMND\" \/>\n<meta property=\"article:publisher\" content=\"https:\/\/www.facebook.com\/shrimataji\" \/>\n<meta property=\"article:modified_time\" content=\"2025-09-20T21:08:16+00:00\" \/>\n<meta property=\"og:image\" content=\"https:\/\/shrimataji.org\/test\/wp-content\/uploads\/2023\/03\/13_Banner-SY-Pingala-scaled.jpg\" \/>\n\t<meta property=\"og:image:width\" content=\"2560\" \/>\n\t<meta property=\"og:image:height\" content=\"905\" \/>\n\t<meta property=\"og:image:type\" content=\"image\/jpeg\" \/>\n<meta name=\"twitter:card\" content=\"summary_large_image\" \/>\n<meta name=\"twitter:site\" content=\"@shrimataji\" \/>\n<script type=\"application\/ld+json\" class=\"yoast-schema-graph\">{\"@context\":\"https:\\\/\\\/schema.org\",\"@graph\":[{\"@type\":\"WebPage\",\"@id\":\"https:\\\/\\\/shrimataji.org\\\/test\\\/fi\\\/pingala-nadi-fi\\\/\",\"url\":\"https:\\\/\\\/shrimataji.org\\\/test\\\/fi\\\/pingala-nadi-fi\\\/\",\"name\":\"Pingala-nadi FIN - TEST - SMND\",\"isPartOf\":{\"@id\":\"https:\\\/\\\/shrimataji.org\\\/test\\\/#website\"},\"primaryImageOfPage\":{\"@id\":\"https:\\\/\\\/shrimataji.org\\\/test\\\/fi\\\/pingala-nadi-fi\\\/#primaryimage\"},\"image\":{\"@id\":\"https:\\\/\\\/shrimataji.org\\\/test\\\/fi\\\/pingala-nadi-fi\\\/#primaryimage\"},\"thumbnailUrl\":\"https:\\\/\\\/shrimataji.org\\\/test\\\/wp-content\\\/uploads\\\/2023\\\/03\\\/13_Banner-SY-Pingala-scaled.jpg\",\"datePublished\":\"2022-01-29T10:34:53+00:00\",\"dateModified\":\"2025-09-20T21:08:16+00:00\",\"breadcrumb\":{\"@id\":\"https:\\\/\\\/shrimataji.org\\\/test\\\/fi\\\/pingala-nadi-fi\\\/#breadcrumb\"},\"inLanguage\":\"en-US\",\"potentialAction\":[{\"@type\":\"ReadAction\",\"target\":[\"https:\\\/\\\/shrimataji.org\\\/test\\\/fi\\\/pingala-nadi-fi\\\/\"]}]},{\"@type\":\"ImageObject\",\"inLanguage\":\"en-US\",\"@id\":\"https:\\\/\\\/shrimataji.org\\\/test\\\/fi\\\/pingala-nadi-fi\\\/#primaryimage\",\"url\":\"https:\\\/\\\/shrimataji.org\\\/test\\\/wp-content\\\/uploads\\\/2023\\\/03\\\/13_Banner-SY-Pingala-scaled.jpg\",\"contentUrl\":\"https:\\\/\\\/shrimataji.org\\\/test\\\/wp-content\\\/uploads\\\/2023\\\/03\\\/13_Banner-SY-Pingala-scaled.jpg\",\"width\":2560,\"height\":905},{\"@type\":\"BreadcrumbList\",\"@id\":\"https:\\\/\\\/shrimataji.org\\\/test\\\/fi\\\/pingala-nadi-fi\\\/#breadcrumb\",\"itemListElement\":[{\"@type\":\"ListItem\",\"position\":1,\"name\":\"Home\",\"item\":\"https:\\\/\\\/shrimataji.org\\\/test\\\/uk\\\/home-en\\\/\"},{\"@type\":\"ListItem\",\"position\":2,\"name\":\"Pingala-nadi FIN\"}]},{\"@type\":\"WebSite\",\"@id\":\"https:\\\/\\\/shrimataji.org\\\/test\\\/#website\",\"url\":\"https:\\\/\\\/shrimataji.org\\\/test\\\/\",\"name\":\"Shri Mataji Nirmala Devi\",\"description\":\"A Life Dedicated to Humanity\",\"publisher\":{\"@id\":\"https:\\\/\\\/shrimataji.org\\\/test\\\/#\\\/schema\\\/person\\\/a1b3419c6585f164aa96da1ff85715d1\"},\"potentialAction\":[{\"@type\":\"SearchAction\",\"target\":{\"@type\":\"EntryPoint\",\"urlTemplate\":\"https:\\\/\\\/shrimataji.org\\\/test\\\/?s={search_term_string}\"},\"query-input\":{\"@type\":\"PropertyValueSpecification\",\"valueRequired\":true,\"valueName\":\"search_term_string\"}}],\"inLanguage\":\"en-US\"},{\"@type\":[\"Person\",\"Organization\"],\"@id\":\"https:\\\/\\\/shrimataji.org\\\/test\\\/#\\\/schema\\\/person\\\/a1b3419c6585f164aa96da1ff85715d1\",\"name\":\"Nirmala Shrivastava\",\"image\":{\"@type\":\"ImageObject\",\"inLanguage\":\"en-US\",\"@id\":\"https:\\\/\\\/shrimataji.org\\\/test\\\/wp-content\\\/uploads\\\/2023\\\/02\\\/SMO_LOGO-03.svg\",\"url\":\"https:\\\/\\\/shrimataji.org\\\/test\\\/wp-content\\\/uploads\\\/2023\\\/02\\\/SMO_LOGO-03.svg\",\"contentUrl\":\"https:\\\/\\\/shrimataji.org\\\/test\\\/wp-content\\\/uploads\\\/2023\\\/02\\\/SMO_LOGO-03.svg\",\"width\":\"1024\",\"height\":\"1024\",\"caption\":\"Nirmala Shrivastava\"},\"logo\":{\"@id\":\"https:\\\/\\\/shrimataji.org\\\/test\\\/wp-content\\\/uploads\\\/2023\\\/02\\\/SMO_LOGO-03.svg\"},\"sameAs\":[\"https:\\\/\\\/shrimataji.org\\\/test\",\"https:\\\/\\\/www.facebook.com\\\/shrimataji\",\"https:\\\/\\\/x.com\\\/shrimataji\",\"https:\\\/\\\/www.youtube.com\\\/@Shri_Mataji_Nirmala_Devi\\\/featured\"]}]}<\/script>\n<!-- \/ Yoast SEO plugin. -->","yoast_head_json":{"title":"Pingala-nadi FIN - TEST - SMND","robots":{"index":"noindex","follow":"follow","max-snippet":"max-snippet:-1","max-image-preview":"max-image-preview:large","max-video-preview":"max-video-preview:-1"},"og_locale":"en_US","og_type":"article","og_title":"Pingala-nadi FIN - TEST - SMND","og_description":"Pingala-nadi Toiminta ja \u00e4lykkyys Oikeanpuoleinen energiakanavamme (sanskritiksi Pingala-nadi), joka tunnetaan my\u00f6s aurinkokanavana, alkaa toisesta energiakeskuksesta (Swadhisthan-chakra) ja kiertyy kehomme oikeaa puolta pitkin yl\u00f6sp\u00e4in, p\u00e4\u00e4ttyen kuin ilmapallo aivojemme vasempaan aivopuoliskoon. Shri Mataji kuvaa t\u00e4t\u00e4 ilmapalloa egon psyykkiseksi ilmentym\u00e4ksi. Ego antaa meille tunteen yksil\u00f6llisyydest\u00e4 ja itsest\u00e4, joka eroaa muista. Ego antaa meid\u00e4n suhtautua itseemme &#8220;min\u00e4n\u00e4&#8221;. Toiminta ja&hellip; Read more","og_url":"https:\/\/shrimataji.org\/test\/fi\/pingala-nadi-fi\/","og_site_name":"TEST - SMND","article_publisher":"https:\/\/www.facebook.com\/shrimataji","article_modified_time":"2025-09-20T21:08:16+00:00","og_image":[{"width":2560,"height":905,"url":"https:\/\/shrimataji.org\/test\/wp-content\/uploads\/2023\/03\/13_Banner-SY-Pingala-scaled.jpg","type":"image\/jpeg"}],"twitter_card":"summary_large_image","twitter_site":"@shrimataji","schema":{"@context":"https:\/\/schema.org","@graph":[{"@type":"WebPage","@id":"https:\/\/shrimataji.org\/test\/fi\/pingala-nadi-fi\/","url":"https:\/\/shrimataji.org\/test\/fi\/pingala-nadi-fi\/","name":"Pingala-nadi FIN - TEST - SMND","isPartOf":{"@id":"https:\/\/shrimataji.org\/test\/#website"},"primaryImageOfPage":{"@id":"https:\/\/shrimataji.org\/test\/fi\/pingala-nadi-fi\/#primaryimage"},"image":{"@id":"https:\/\/shrimataji.org\/test\/fi\/pingala-nadi-fi\/#primaryimage"},"thumbnailUrl":"https:\/\/shrimataji.org\/test\/wp-content\/uploads\/2023\/03\/13_Banner-SY-Pingala-scaled.jpg","datePublished":"2022-01-29T10:34:53+00:00","dateModified":"2025-09-20T21:08:16+00:00","breadcrumb":{"@id":"https:\/\/shrimataji.org\/test\/fi\/pingala-nadi-fi\/#breadcrumb"},"inLanguage":"en-US","potentialAction":[{"@type":"ReadAction","target":["https:\/\/shrimataji.org\/test\/fi\/pingala-nadi-fi\/"]}]},{"@type":"ImageObject","inLanguage":"en-US","@id":"https:\/\/shrimataji.org\/test\/fi\/pingala-nadi-fi\/#primaryimage","url":"https:\/\/shrimataji.org\/test\/wp-content\/uploads\/2023\/03\/13_Banner-SY-Pingala-scaled.jpg","contentUrl":"https:\/\/shrimataji.org\/test\/wp-content\/uploads\/2023\/03\/13_Banner-SY-Pingala-scaled.jpg","width":2560,"height":905},{"@type":"BreadcrumbList","@id":"https:\/\/shrimataji.org\/test\/fi\/pingala-nadi-fi\/#breadcrumb","itemListElement":[{"@type":"ListItem","position":1,"name":"Home","item":"https:\/\/shrimataji.org\/test\/uk\/home-en\/"},{"@type":"ListItem","position":2,"name":"Pingala-nadi FIN"}]},{"@type":"WebSite","@id":"https:\/\/shrimataji.org\/test\/#website","url":"https:\/\/shrimataji.org\/test\/","name":"Shri Mataji Nirmala Devi","description":"A Life Dedicated to Humanity","publisher":{"@id":"https:\/\/shrimataji.org\/test\/#\/schema\/person\/a1b3419c6585f164aa96da1ff85715d1"},"potentialAction":[{"@type":"SearchAction","target":{"@type":"EntryPoint","urlTemplate":"https:\/\/shrimataji.org\/test\/?s={search_term_string}"},"query-input":{"@type":"PropertyValueSpecification","valueRequired":true,"valueName":"search_term_string"}}],"inLanguage":"en-US"},{"@type":["Person","Organization"],"@id":"https:\/\/shrimataji.org\/test\/#\/schema\/person\/a1b3419c6585f164aa96da1ff85715d1","name":"Nirmala Shrivastava","image":{"@type":"ImageObject","inLanguage":"en-US","@id":"https:\/\/shrimataji.org\/test\/wp-content\/uploads\/2023\/02\/SMO_LOGO-03.svg","url":"https:\/\/shrimataji.org\/test\/wp-content\/uploads\/2023\/02\/SMO_LOGO-03.svg","contentUrl":"https:\/\/shrimataji.org\/test\/wp-content\/uploads\/2023\/02\/SMO_LOGO-03.svg","width":"1024","height":"1024","caption":"Nirmala Shrivastava"},"logo":{"@id":"https:\/\/shrimataji.org\/test\/wp-content\/uploads\/2023\/02\/SMO_LOGO-03.svg"},"sameAs":["https:\/\/shrimataji.org\/test","https:\/\/www.facebook.com\/shrimataji","https:\/\/x.com\/shrimataji","https:\/\/www.youtube.com\/@Shri_Mataji_Nirmala_Devi\/featured"]}]}},"lang":"fi","translations":{"fi":12612,"ur":37477,"en":6414,"am":18050,"th":20019,"hu":19534,"sq":18451,"zh":17348,"hi":8311,"tr":10193,"pt":10403,"de":10677,"fr":10775,"it":10873,"es":10970,"ja":11267,"ru":11455,"bn":11647,"te":11755,"sw":11878,"he":12026,"el":12318,"sk":12416,"fa":12514,"bg":13382,"ro":14456,"cs":14649,"nl":16611,"ku":16771,"ar":16947,"be":18658,"kn":18932,"mr":20383,"uk":20677,"ml":20972,"ta":22769,"sv":23039,"gu":28883,"pa":29043,"fil":29487,"da":37788,"pl":38000,"nn":38340},"pll_sync_post":[],"_links":{"self":[{"href":"https:\/\/shrimataji.org\/test\/wp-json\/wp\/v2\/pages\/12612","targetHints":{"allow":["GET"]}}],"collection":[{"href":"https:\/\/shrimataji.org\/test\/wp-json\/wp\/v2\/pages"}],"about":[{"href":"https:\/\/shrimataji.org\/test\/wp-json\/wp\/v2\/types\/page"}],"author":[{"embeddable":true,"href":"https:\/\/shrimataji.org\/test\/wp-json\/wp\/v2\/users\/29"}],"replies":[{"embeddable":true,"href":"https:\/\/shrimataji.org\/test\/wp-json\/wp\/v2\/comments?post=12612"}],"version-history":[{"count":0,"href":"https:\/\/shrimataji.org\/test\/wp-json\/wp\/v2\/pages\/12612\/revisions"}],"wp:featuredmedia":[{"embeddable":true,"href":"https:\/\/shrimataji.org\/test\/wp-json\/wp\/v2\/media\/9248"}],"wp:attachment":[{"href":"https:\/\/shrimataji.org\/test\/wp-json\/wp\/v2\/media?parent=12612"}],"curies":[{"name":"wp","href":"https:\/\/api.w.org\/{rel}","templated":true}]}}