{"id":12613,"date":"2015-02-02T03:00:00","date_gmt":"2015-02-02T03:00:00","guid":{"rendered":"http:\/\/testwordpress.nirmalnagari.org\/smnd\/index.php\/poems-by-shri-mataji\/"},"modified":"2025-04-23T16:01:22","modified_gmt":"2025-04-23T16:01:22","slug":"shri-matajin-runoja","status":"publish","type":"page","link":"https:\/\/shrimataji.org\/test\/fi\/shri-matajin-runoja\/","title":{"rendered":"Shri Matajin runoja"},"content":{"rendered":"\n\n\t<h1>Haluan olla kuin p\u00f6lyhiukkanen<\/h1>\nHaluan olla kuin p\u00f6lyhiukkanen,<br \/>\njoka liikkuu tuulen mukana.<br \/>\nSe menee kaikkialle.<br \/>\nSe voi istahtaa kuninkaan p\u00e4\u00e4laelle,<br \/>\ntai pudota jonkun jalkojen juureen.<br \/>\nJa se voi istahtaa pienelle kukkaselle,<br \/>\nja se voi menn\u00e4 istumaan minne vain.<br \/>\nMutta haluan olla sellainen p\u00f6lyhiukkanen,<br \/>\njoka tuoksuu,<br \/>\njoka ravitsee,<br \/>\njoka valaisee.\n<p>&nbsp;<\/p>\n<h4><strong>Shri Mataji Nirmala Devi,<\/strong><br \/>\n<strong>seitsem\u00e4nvuotiaana, runo sellaisena kuin H\u00e4n sen kertoi Dhuliassa, Intiassa, 14. tammikuuta 1983.<\/strong><\/h4>\n\t<h1>Kukkaislapsilleni<\/h1>\nOlette vihaisia el\u00e4m\u00e4lle<br \/>\nkuin pienet lapset,<br \/>\njotka ovat kadottaneet \u00c4itins\u00e4 pime\u00e4ss\u00e4.<br \/>\nMurjotatte ep\u00e4toivossanne<br \/>\nturhan matkanne p\u00e4\u00e4ttyess\u00e4.\nPuette yllenne rumuutta l\u00f6yt\u00e4\u00e4ksenne kauneuden.<br \/>\nNime\u00e4tte kaiken v\u00e4\u00e4r\u00e4ksi totuuden nimiss\u00e4.<br \/>\nValutatte tyhjiin tunteenne t\u00e4ytt\u00e4\u00e4ksenne rakkauden maljan.\nSuloiset lapseni, rakkaani,<br \/>\nmiten voisitte saada aikaan rauhaa lietsomalla sotaa,<br \/>\nitse\u00e4nne vastaan, olemustanne vastaan, itse iloa vastaan?<br \/>\nRiitt\u00e4\u00e4 jo kielt\u00e4ymysharjoitus,<br \/>\nkeinotekoinen lohtu.\nNyt voitte lev\u00e4t\u00e4 lootuksen kukalla<br \/>\narmollisen \u00c4itinne syliss\u00e4.<br \/>\nKoristan el\u00e4m\u00e4nne kauniin kukkasin<br \/>\nja t\u00e4yt\u00e4n hetkenne ilon tuoksuilla.\nVoitelen p\u00e4\u00e4nne Jumalallisella rakkaudella,<br \/>\nsill\u00e4 en kest\u00e4 en\u00e4\u00e4 k\u00e4rsimyst\u00e4nne.<br \/>\nSallikaa Minun upottaa teid\u00e4t ilon valtamereen,<br \/>\njotta sulautuisitte osaksi suurempaa,<br \/>\njoka myh\u00e4ilee oman Itsenne verhossa,<br \/>\nsalaa piilossa teit\u00e4 v\u00e4lill\u00e4 koetellen.\nTulkaa tietoisiksi ja n\u00e4ette H\u00e4nen<br \/>\nt\u00e4ytt\u00e4v\u00e4n jokaisen solunne autuaan ilon v\u00e4r\u00e4htelyill\u00e4<br \/>\nja peitt\u00e4v\u00e4n valolla koko maailmankaikkeuden.\n<p>&nbsp;<\/p>\n<h4>Shri Mataji Nirmala Devi USA:n etsij\u00f6ille ensimm\u00e4isell\u00e4 matkallaan sinne vuonna 1972<\/h4>\n\t<h1>N\u00e4en vuoren<\/h1>\nIkkunastani n\u00e4en vuoren,<br \/>\nkuin vanha tiet\u00e4j\u00e4 se seisoo siell\u00e4,<br \/>\nei halua mit\u00e4\u00e4n, on vain t\u00e4ynn\u00e4 rakkautta.<br \/>\nNiin monta puuta, monta kukkaa<br \/>\nvuorelta on viety aina,<br \/>\nmutta huomio sen ei h\u00e4iriinny.<br \/>\nJa kun alkaa sataa,<br \/>\non kuin monta purkautuvaa pilve\u00e4<br \/>\nt\u00e4ytt\u00e4isi vuoren vehreydell\u00e4.<br \/>\nMyrsky voi nousta korkealle<br \/>\nja t\u00e4ytt\u00e4\u00e4 j\u00e4rven my\u00f6t\u00e4tunnolla.<br \/>\nJa joet virtaavat alas<br \/>\nkohti luokseen kutsuvaa merta.<br \/>\nAurinko luo pilvi\u00e4 ja<br \/>\ntuuli kuljettaa h\u00f6yhensiivill\u00e4\u00e4n<br \/>\nsadetta vuorille.<br \/>\nT\u00e4t\u00e4 ikuista leikki\u00e4<br \/>\nvuori katselee,<br \/>\nvaan ei halua mit\u00e4\u00e4n.\n<p>&nbsp;<\/p>\n<h4>Shri Mataji Nirmala Devi, 2002.<\/h4>\n\n","protected":false},"excerpt":{"rendered":"<p>Haluan olla kuin p\u00f6lyhiukkanen Haluan olla kuin p\u00f6lyhiukkanen, joka liikkuu tuulen mukana. Se menee kaikkialle. Se voi istahtaa kuninkaan p\u00e4\u00e4laelle, tai pudota jonkun jalkojen juureen. Ja se voi istahtaa pienelle kukkaselle, ja se voi menn\u00e4 istumaan minne vain. Mutta haluan olla sellainen p\u00f6lyhiukkanen, joka tuoksuu, joka ravitsee, joka valaisee. &nbsp; Shri Mataji Nirmala Devi, seitsem\u00e4nvuotiaana,&hellip; <br \/> <a class=\"read-more\" href=\"https:\/\/shrimataji.org\/test\/fi\/shri-matajin-runoja\/\">Read more<\/a><\/p>\n","protected":false},"author":29,"featured_media":150,"parent":0,"menu_order":0,"comment_status":"closed","ping_status":"closed","template":"","meta":{"inline_featured_image":false,"footnotes":""},"class_list":["post-12613","page","type-page","status-publish","has-post-thumbnail","hentry"],"yoast_head":"<!-- This site is optimized with the Yoast SEO plugin v27.4 - https:\/\/yoast.com\/product\/yoast-seo-wordpress\/ -->\n<title>Shri Matajin runoja - TEST - SMND<\/title>\n<meta name=\"robots\" content=\"noindex, follow, max-snippet:-1, max-image-preview:large, max-video-preview:-1\" \/>\n<meta property=\"og:locale\" content=\"en_US\" \/>\n<meta property=\"og:type\" content=\"article\" \/>\n<meta property=\"og:title\" content=\"Shri Matajin runoja - TEST - SMND\" \/>\n<meta property=\"og:description\" content=\"Haluan olla kuin p\u00f6lyhiukkanen Haluan olla kuin p\u00f6lyhiukkanen, joka liikkuu tuulen mukana. Se menee kaikkialle. Se voi istahtaa kuninkaan p\u00e4\u00e4laelle, tai pudota jonkun jalkojen juureen. Ja se voi istahtaa pienelle kukkaselle, ja se voi menn\u00e4 istumaan minne vain. Mutta haluan olla sellainen p\u00f6lyhiukkanen, joka tuoksuu, joka ravitsee, joka valaisee. &nbsp; Shri Mataji Nirmala Devi, seitsem\u00e4nvuotiaana,&hellip; Read more\" \/>\n<meta property=\"og:url\" content=\"https:\/\/shrimataji.org\/test\/fi\/shri-matajin-runoja\/\" \/>\n<meta property=\"og:site_name\" content=\"TEST - SMND\" \/>\n<meta property=\"article:publisher\" content=\"https:\/\/www.facebook.com\/shrimataji\" \/>\n<meta property=\"article:modified_time\" content=\"2025-04-23T16:01:22+00:00\" \/>\n<meta property=\"og:image\" content=\"https:\/\/shrimataji.org\/test\/wp-content\/uploads\/2018\/07\/media_originals\/images\/headers-general\/artwork-by-meredith-cooper-australia.jpg\" \/>\n\t<meta property=\"og:image:width\" content=\"990\" \/>\n\t<meta property=\"og:image:height\" content=\"350\" \/>\n\t<meta property=\"og:image:type\" content=\"image\/jpeg\" \/>\n<meta name=\"twitter:card\" content=\"summary_large_image\" \/>\n<meta name=\"twitter:site\" content=\"@shrimataji\" \/>\n<meta name=\"twitter:label1\" content=\"Est. reading time\" \/>\n\t<meta name=\"twitter:data1\" content=\"2 minutes\" \/>\n<script type=\"application\/ld+json\" class=\"yoast-schema-graph\">{\"@context\":\"https:\\\/\\\/schema.org\",\"@graph\":[{\"@type\":\"WebPage\",\"@id\":\"https:\\\/\\\/shrimataji.org\\\/test\\\/fi\\\/shri-matajin-runoja\\\/\",\"url\":\"https:\\\/\\\/shrimataji.org\\\/test\\\/fi\\\/shri-matajin-runoja\\\/\",\"name\":\"Shri Matajin runoja - TEST - SMND\",\"isPartOf\":{\"@id\":\"https:\\\/\\\/shrimataji.org\\\/test\\\/#website\"},\"primaryImageOfPage\":{\"@id\":\"https:\\\/\\\/shrimataji.org\\\/test\\\/fi\\\/shri-matajin-runoja\\\/#primaryimage\"},\"image\":{\"@id\":\"https:\\\/\\\/shrimataji.org\\\/test\\\/fi\\\/shri-matajin-runoja\\\/#primaryimage\"},\"thumbnailUrl\":\"https:\\\/\\\/shrimataji.org\\\/test\\\/wp-content\\\/uploads\\\/2018\\\/07\\\/media_originals\\\/images\\\/headers-general\\\/artwork-by-meredith-cooper-australia.jpg\",\"datePublished\":\"2015-02-02T03:00:00+00:00\",\"dateModified\":\"2025-04-23T16:01:22+00:00\",\"breadcrumb\":{\"@id\":\"https:\\\/\\\/shrimataji.org\\\/test\\\/fi\\\/shri-matajin-runoja\\\/#breadcrumb\"},\"inLanguage\":\"en-US\",\"potentialAction\":[{\"@type\":\"ReadAction\",\"target\":[\"https:\\\/\\\/shrimataji.org\\\/test\\\/fi\\\/shri-matajin-runoja\\\/\"]}]},{\"@type\":\"ImageObject\",\"inLanguage\":\"en-US\",\"@id\":\"https:\\\/\\\/shrimataji.org\\\/test\\\/fi\\\/shri-matajin-runoja\\\/#primaryimage\",\"url\":\"https:\\\/\\\/shrimataji.org\\\/test\\\/wp-content\\\/uploads\\\/2018\\\/07\\\/media_originals\\\/images\\\/headers-general\\\/artwork-by-meredith-cooper-australia.jpg\",\"contentUrl\":\"https:\\\/\\\/shrimataji.org\\\/test\\\/wp-content\\\/uploads\\\/2018\\\/07\\\/media_originals\\\/images\\\/headers-general\\\/artwork-by-meredith-cooper-australia.jpg\",\"width\":990,\"height\":350},{\"@type\":\"BreadcrumbList\",\"@id\":\"https:\\\/\\\/shrimataji.org\\\/test\\\/fi\\\/shri-matajin-runoja\\\/#breadcrumb\",\"itemListElement\":[{\"@type\":\"ListItem\",\"position\":1,\"name\":\"Home\",\"item\":\"https:\\\/\\\/shrimataji.org\\\/test\\\/uk\\\/home-en\\\/\"},{\"@type\":\"ListItem\",\"position\":2,\"name\":\"Shri Matajin runoja\"}]},{\"@type\":\"WebSite\",\"@id\":\"https:\\\/\\\/shrimataji.org\\\/test\\\/#website\",\"url\":\"https:\\\/\\\/shrimataji.org\\\/test\\\/\",\"name\":\"Shri Mataji Nirmala Devi\",\"description\":\"A Life Dedicated to Humanity\",\"publisher\":{\"@id\":\"https:\\\/\\\/shrimataji.org\\\/test\\\/#\\\/schema\\\/person\\\/a1b3419c6585f164aa96da1ff85715d1\"},\"potentialAction\":[{\"@type\":\"SearchAction\",\"target\":{\"@type\":\"EntryPoint\",\"urlTemplate\":\"https:\\\/\\\/shrimataji.org\\\/test\\\/?s={search_term_string}\"},\"query-input\":{\"@type\":\"PropertyValueSpecification\",\"valueRequired\":true,\"valueName\":\"search_term_string\"}}],\"inLanguage\":\"en-US\"},{\"@type\":[\"Person\",\"Organization\"],\"@id\":\"https:\\\/\\\/shrimataji.org\\\/test\\\/#\\\/schema\\\/person\\\/a1b3419c6585f164aa96da1ff85715d1\",\"name\":\"Nirmala Shrivastava\",\"image\":{\"@type\":\"ImageObject\",\"inLanguage\":\"en-US\",\"@id\":\"https:\\\/\\\/shrimataji.org\\\/test\\\/wp-content\\\/uploads\\\/2023\\\/02\\\/SMO_LOGO-03.svg\",\"url\":\"https:\\\/\\\/shrimataji.org\\\/test\\\/wp-content\\\/uploads\\\/2023\\\/02\\\/SMO_LOGO-03.svg\",\"contentUrl\":\"https:\\\/\\\/shrimataji.org\\\/test\\\/wp-content\\\/uploads\\\/2023\\\/02\\\/SMO_LOGO-03.svg\",\"width\":\"1024\",\"height\":\"1024\",\"caption\":\"Nirmala Shrivastava\"},\"logo\":{\"@id\":\"https:\\\/\\\/shrimataji.org\\\/test\\\/wp-content\\\/uploads\\\/2023\\\/02\\\/SMO_LOGO-03.svg\"},\"sameAs\":[\"https:\\\/\\\/shrimataji.org\\\/test\",\"https:\\\/\\\/www.facebook.com\\\/shrimataji\",\"https:\\\/\\\/x.com\\\/shrimataji\",\"https:\\\/\\\/www.youtube.com\\\/@Shri_Mataji_Nirmala_Devi\\\/featured\"]}]}<\/script>\n<!-- \/ Yoast SEO plugin. -->","yoast_head_json":{"title":"Shri Matajin runoja - TEST - SMND","robots":{"index":"noindex","follow":"follow","max-snippet":"max-snippet:-1","max-image-preview":"max-image-preview:large","max-video-preview":"max-video-preview:-1"},"og_locale":"en_US","og_type":"article","og_title":"Shri Matajin runoja - TEST - SMND","og_description":"Haluan olla kuin p\u00f6lyhiukkanen Haluan olla kuin p\u00f6lyhiukkanen, joka liikkuu tuulen mukana. Se menee kaikkialle. Se voi istahtaa kuninkaan p\u00e4\u00e4laelle, tai pudota jonkun jalkojen juureen. Ja se voi istahtaa pienelle kukkaselle, ja se voi menn\u00e4 istumaan minne vain. Mutta haluan olla sellainen p\u00f6lyhiukkanen, joka tuoksuu, joka ravitsee, joka valaisee. &nbsp; Shri Mataji Nirmala Devi, seitsem\u00e4nvuotiaana,&hellip; Read more","og_url":"https:\/\/shrimataji.org\/test\/fi\/shri-matajin-runoja\/","og_site_name":"TEST - SMND","article_publisher":"https:\/\/www.facebook.com\/shrimataji","article_modified_time":"2025-04-23T16:01:22+00:00","og_image":[{"width":990,"height":350,"url":"https:\/\/shrimataji.org\/test\/wp-content\/uploads\/2018\/07\/media_originals\/images\/headers-general\/artwork-by-meredith-cooper-australia.jpg","type":"image\/jpeg"}],"twitter_card":"summary_large_image","twitter_site":"@shrimataji","twitter_misc":{"Est. reading time":"2 minutes"},"schema":{"@context":"https:\/\/schema.org","@graph":[{"@type":"WebPage","@id":"https:\/\/shrimataji.org\/test\/fi\/shri-matajin-runoja\/","url":"https:\/\/shrimataji.org\/test\/fi\/shri-matajin-runoja\/","name":"Shri Matajin runoja - TEST - SMND","isPartOf":{"@id":"https:\/\/shrimataji.org\/test\/#website"},"primaryImageOfPage":{"@id":"https:\/\/shrimataji.org\/test\/fi\/shri-matajin-runoja\/#primaryimage"},"image":{"@id":"https:\/\/shrimataji.org\/test\/fi\/shri-matajin-runoja\/#primaryimage"},"thumbnailUrl":"https:\/\/shrimataji.org\/test\/wp-content\/uploads\/2018\/07\/media_originals\/images\/headers-general\/artwork-by-meredith-cooper-australia.jpg","datePublished":"2015-02-02T03:00:00+00:00","dateModified":"2025-04-23T16:01:22+00:00","breadcrumb":{"@id":"https:\/\/shrimataji.org\/test\/fi\/shri-matajin-runoja\/#breadcrumb"},"inLanguage":"en-US","potentialAction":[{"@type":"ReadAction","target":["https:\/\/shrimataji.org\/test\/fi\/shri-matajin-runoja\/"]}]},{"@type":"ImageObject","inLanguage":"en-US","@id":"https:\/\/shrimataji.org\/test\/fi\/shri-matajin-runoja\/#primaryimage","url":"https:\/\/shrimataji.org\/test\/wp-content\/uploads\/2018\/07\/media_originals\/images\/headers-general\/artwork-by-meredith-cooper-australia.jpg","contentUrl":"https:\/\/shrimataji.org\/test\/wp-content\/uploads\/2018\/07\/media_originals\/images\/headers-general\/artwork-by-meredith-cooper-australia.jpg","width":990,"height":350},{"@type":"BreadcrumbList","@id":"https:\/\/shrimataji.org\/test\/fi\/shri-matajin-runoja\/#breadcrumb","itemListElement":[{"@type":"ListItem","position":1,"name":"Home","item":"https:\/\/shrimataji.org\/test\/uk\/home-en\/"},{"@type":"ListItem","position":2,"name":"Shri Matajin runoja"}]},{"@type":"WebSite","@id":"https:\/\/shrimataji.org\/test\/#website","url":"https:\/\/shrimataji.org\/test\/","name":"Shri Mataji Nirmala Devi","description":"A Life Dedicated to Humanity","publisher":{"@id":"https:\/\/shrimataji.org\/test\/#\/schema\/person\/a1b3419c6585f164aa96da1ff85715d1"},"potentialAction":[{"@type":"SearchAction","target":{"@type":"EntryPoint","urlTemplate":"https:\/\/shrimataji.org\/test\/?s={search_term_string}"},"query-input":{"@type":"PropertyValueSpecification","valueRequired":true,"valueName":"search_term_string"}}],"inLanguage":"en-US"},{"@type":["Person","Organization"],"@id":"https:\/\/shrimataji.org\/test\/#\/schema\/person\/a1b3419c6585f164aa96da1ff85715d1","name":"Nirmala Shrivastava","image":{"@type":"ImageObject","inLanguage":"en-US","@id":"https:\/\/shrimataji.org\/test\/wp-content\/uploads\/2023\/02\/SMO_LOGO-03.svg","url":"https:\/\/shrimataji.org\/test\/wp-content\/uploads\/2023\/02\/SMO_LOGO-03.svg","contentUrl":"https:\/\/shrimataji.org\/test\/wp-content\/uploads\/2023\/02\/SMO_LOGO-03.svg","width":"1024","height":"1024","caption":"Nirmala Shrivastava"},"logo":{"@id":"https:\/\/shrimataji.org\/test\/wp-content\/uploads\/2023\/02\/SMO_LOGO-03.svg"},"sameAs":["https:\/\/shrimataji.org\/test","https:\/\/www.facebook.com\/shrimataji","https:\/\/x.com\/shrimataji","https:\/\/www.youtube.com\/@Shri_Mataji_Nirmala_Devi\/featured"]}]}},"lang":"fi","translations":{"fi":12613,"ur":37479,"en":428,"am":18052,"th":20022,"hu":19536,"sq":18453,"zh":17350,"hi":7608,"tr":10194,"pt":10404,"de":10678,"fr":10776,"it":10874,"es":10971,"ja":11268,"ru":11456,"bn":11648,"te":11756,"sw":11879,"he":12027,"el":12319,"sk":12417,"fa":12515,"bg":13489,"ro":14564,"cs":14757,"nl":16613,"ku":16773,"ar":16949,"be":18660,"kn":18934,"mr":20386,"uk":20680,"ml":20975,"ta":22771,"sv":23041,"gu":28885,"pa":29045,"fil":29489,"da":37790,"pl":38002,"nn":38342},"pll_sync_post":[],"_links":{"self":[{"href":"https:\/\/shrimataji.org\/test\/wp-json\/wp\/v2\/pages\/12613","targetHints":{"allow":["GET"]}}],"collection":[{"href":"https:\/\/shrimataji.org\/test\/wp-json\/wp\/v2\/pages"}],"about":[{"href":"https:\/\/shrimataji.org\/test\/wp-json\/wp\/v2\/types\/page"}],"author":[{"embeddable":true,"href":"https:\/\/shrimataji.org\/test\/wp-json\/wp\/v2\/users\/29"}],"replies":[{"embeddable":true,"href":"https:\/\/shrimataji.org\/test\/wp-json\/wp\/v2\/comments?post=12613"}],"version-history":[{"count":0,"href":"https:\/\/shrimataji.org\/test\/wp-json\/wp\/v2\/pages\/12613\/revisions"}],"wp:featuredmedia":[{"embeddable":true,"href":"https:\/\/shrimataji.org\/test\/wp-json\/wp\/v2\/media\/150"}],"wp:attachment":[{"href":"https:\/\/shrimataji.org\/test\/wp-json\/wp\/v2\/media?parent=12613"}],"curies":[{"name":"wp","href":"https:\/\/api.w.org\/{rel}","templated":true}]}}