{"id":12614,"date":"2015-11-02T21:00:00","date_gmt":"2015-11-02T21:00:00","guid":{"rendered":"http:\/\/testwordpress.nirmalnagari.org\/smnd\/index.php\/press\/"},"modified":"2025-07-19T19:00:17","modified_gmt":"2025-07-19T19:00:17","slug":"lehdisto-ja-muu-media","status":"publish","type":"page","link":"https:\/\/shrimataji.org\/test\/fi\/lehdisto-ja-muu-media\/","title":{"rendered":"Lehdist\u00f6 ja muu media"},"content":{"rendered":"\n\n\t<h1>Lehdist\u00f6 ja muu media<\/h1>\n<h2>Dokumentit<\/h2>\n<p>Valitse asiakirja, jonka haluat ladata:<\/p>\n<ul>\n<li><a href=\"https:\/\/shrimataji.org\/test\/wp-content\/uploads\/2025\/07\/Shri-mataji-nirmala-devi-lyhyt-elamankerta-ja-palkinnotFI.pdf\" target=\"_blank\" rel=\"noopener\">Shri Mataji Nirmala Devi: Lyhyt el\u00e4m\u00e4kerta &amp; palkintoluettelo<\/a><\/li>\n<li><a href=\"https:\/\/shrimataji.org\/test\/wp-content\/uploads\/2025\/07\/Sahaja-yoga-meditation-yhteenvetoFI.pdf\" target=\"_blank\" rel=\"noopener\">Sahaja Yoga -meditaatio: Yhteenveto<\/a><\/li>\n<li><a href=\"https:\/\/shrimataji.org\/test\/wp-content\/uploads\/2020\/06\/A-Brochure-on-H-H-Shri-Mataji-Nirmala-Devi.pdf\" target=\"_blank\" rel=\"noopener\">Juliste Shri Mataji Nirmala Devist\u00e4<\/a><\/li>\n<\/ul>\n\t<h2>Lehtiartikkelit<\/h2>\n<p><a href=\"https:\/\/shrimataji.org\/test\/wp-content\/uploads\/2025\/07\/Shri-Mataji-100-vuotisjuhla-lehdistotiedote.pdf\" target=\"_blank\" rel=\"noopener\">100 vuotta Shri Mataji Nirmala Devin syntym\u00e4st\u00e4<\/a><\/p>\n<p><a href=\"https:\/\/shrimataji.org\/test\/wp-content\/uploads\/2025\/07\/5.-toukokuuta-Sahaja-Yoga-50-vuotta_lehdistotiedote.pdf\" target=\"_blank\" rel=\"noopener\">Sahaja Yogan 50-vuotisjuhla<\/a><\/p>\n<a href=\"https:\/\/shrimataji.org\/test\/fi\/kansainvalinen-joogan-paiva\/\" target=\"_blank\" rel=\"noopener\">Kansainv\u00e4linen joogan p\u00e4iv\u00e4, 21.kes\u00e4kuuta 2015<br \/>\n<\/a>\n<p><a href=\"https:\/\/shrimataji.org\/test\/fi\/toukokuun-5-paiva-maailman-oivalluspaiva\/\" target=\"_blank\" rel=\"noopener\">5. toukokuuta vietet\u00e4\u00e4n Maailman oivallusp\u00e4iv\u00e4\u00e4 Shri Mataji Nirmala Devin kunniaksi<\/a><\/p>\n<p><a href=\"https:\/\/shrimataji.org\/test\/fi\/sir-c-p-srivastavan-muistokirjoitus\/\" target=\"_blank\" rel=\"noopener\">Muistokirjoitus Sir C.P. Srivastavasta<\/a><\/p>\n\t<h2>Valokuvat<\/h2>\n<p>Tutustu k\u00e4ytt\u00f6ehtosopimukseen ennen alla olevien lehdist\u00f6kuvien lataamista. Kuvat ovat tiff-muodossa ja zip-pakattuina ladattavaksi.<\/p>\n\t\t\t\t<img decoding=\"async\" src=\"https:\/\/shrimataji.org\/test\/wp-content\/uploads\/2023\/03\/Home_1440x775_100_2-scaled.jpg\" alt=\"Home_1440x775_100_2\" itemprop=\"image\" height=\"1378\" width=\"2560\" title=\"Home_1440x775_100_2\" onerror=\"this.style.display='none'\" loading=\"lazy\" \/>\n\t\t\t\t<img decoding=\"async\" src=\"https:\/\/shrimataji.org\/test\/wp-content\/uploads\/2020\/04\/Image-50-years-1920x1080-1.jpg\" alt=\"Image-50-years-1920x1080\" itemprop=\"image\" height=\"1080\" width=\"1920\" title=\"Image-50-years-1920x1080\" onerror=\"this.style.display='none'\" loading=\"lazy\" \/>\n\t<p><img loading=\"lazy\" decoding=\"async\" src=\"https:\/\/shrimataji.org\/test\/wp-content\/uploads\/2018\/07\/media_originals\/images\/shri-mataji-portraits\/shri-mataji-nirmala-devi-lane-cove-sydney-australia-722x1024.jpg\" alt=\"\" width=\"722\" height=\"1024\" \/><\/p>\n\t<p><img loading=\"lazy\" decoding=\"async\" src=\"https:\/\/shrimataji.org\/test\/wp-content\/uploads\/2018\/07\/media_originals\/images\/press\/shri-mataji-nirmala-devi-press-portrait-2-1024x681.jpg\" alt=\"\" width=\"1024\" height=\"681\" \/><\/p>\n<p>&nbsp;<\/p>\n<p><img loading=\"lazy\" decoding=\"async\" src=\"https:\/\/shrimataji.org\/test\/wp-content\/uploads\/2018\/07\/media_originals\/images\/press\/shri-mataji-nirmala-devi-press-portrait-3-1024x726.jpg\" alt=\"\" width=\"1024\" height=\"726\" \/><\/p>\n\t<h4>K\u00e4ytt\u00f6ehdot<\/h4>\n<p>T\u00e4rkeit\u00e4 tietoja dokumenttien, logojen ja valokuvien k\u00e4yt\u00f6st\u00e4:<\/p>\n<p>Kopioimalla tai k\u00e4ytt\u00e4m\u00e4ll\u00e4 yll\u00e4 olevia valokuvia, vahvistat lukeneesi ja hyv\u00e4ksyv\u00e4si alla olevan kuvien k\u00e4ytt\u00f6sopimuksen, joka koskee kaikkien t\u00e4lt\u00e4 verkkosivulta saatujen valokuvien k\u00e4ytt\u00f6\u00e4.<\/p>\n<p>Jos et hyv\u00e4ksy sopimuksen ehtoja, \u00e4l\u00e4 kopioi tai k\u00e4yt\u00e4 kuvaa mill\u00e4\u00e4n tavalla. Jos sinulla on kysytt\u00e4v\u00e4\u00e4, voit kirjoittaa meille osoitteeseen <a href=\"mailto:press@shrimataji.org?subject=Contact%20from%20ShriMataji.org%20Press%20Page\">press@shrimataji.org<\/a>.<\/p>\n<h4>K\u00e4ytt\u00f6sopimus<\/h4>\n<p>T\u00e4m\u00e4n sopimuksen ehtojen mukaisesti voit k\u00e4ytt\u00e4\u00e4 kuvaa vain kokonaisuudessaan lehdist\u00f6n ja tiedotusv\u00e4lineiden toimituksellisessa k\u00e4yt\u00f6ss\u00e4. T\u00e4m\u00e4 k\u00e4ytt\u00f6oikeus on henkil\u00f6kohtainen, etk\u00e4 voi siirt\u00e4\u00e4 sit\u00e4 toiselle osapuolelle. Kuvaa ei saa k\u00e4ytt\u00e4\u00e4 mink\u00e4\u00e4n tuotteen tai teknologian mainostamiseen tai myymiseen (kuten mainoksissa, esitteiss\u00e4, kirjankansissa, arkistokuvissa, t-paidoissa tai muissa myynninedist\u00e4miseen tarkoitetuissa tuotteissa). Et saa muuttaa tai muokata kuvaa kokonaan tai osittain miss\u00e4\u00e4n tilanteessa.<\/p>\n<p>Kaikissa tilanteissa Shri Mataji Nirmala Devi World Foundation on ja pysyy kuvan ainoana ja yksinoikeudellisena omistajana, lukuun ottamatta joitakin valikoituja tapauksia, joissa omistusoikeus on kolmannella osapuolella. Et saa poistaa, muuttaa tai peitt\u00e4\u00e4 valokuvaan liittyvi\u00e4 omistusoikeusmerkint\u00f6j\u00e4, ja jokaisen k\u00e4ytt\u00f6kerran yhteydess\u00e4 on oltava omistusoikeusmerkint\u00e4 kuvan vieress\u00e4.<\/p>\n<p>Kaikki t\u00e4ll\u00e4 sivulla olevat valokuvat, tekstiasiakirjat ja logo ovat Shri Mataji Nirmala Devi World Foundationin tai tiettyjen kolmansien osapuolten tekij\u00e4noikeuksia.<\/p>\n\t<p>\u00a9 Shri Mataji Nirmala Devi Sahaja Yoga World Foundation (Sahaja Yogan maailmans\u00e4\u00e4ti\u00f6) on voittoa tavoittelematon organisaatio, joka on merkitty oikeushenkil\u00f6n\u00e4 Piemonten alueelliseen rekisteriin (prot. nro 747).<\/p>\n\n","protected":false},"excerpt":{"rendered":"<p>Lehdist\u00f6 ja muu media Dokumentit Valitse asiakirja, jonka haluat ladata: Shri Mataji Nirmala Devi: Lyhyt el\u00e4m\u00e4kerta &amp; palkintoluettelo Sahaja Yoga -meditaatio: Yhteenveto Juliste Shri Mataji Nirmala Devist\u00e4 Lehtiartikkelit 100 vuotta Shri Mataji Nirmala Devin syntym\u00e4st\u00e4 Sahaja Yogan 50-vuotisjuhla Kansainv\u00e4linen joogan p\u00e4iv\u00e4, 21.kes\u00e4kuuta 2015 5. toukokuuta vietet\u00e4\u00e4n Maailman oivallusp\u00e4iv\u00e4\u00e4 Shri Mataji Nirmala Devin kunniaksi Muistokirjoitus Sir&hellip; <br \/> <a class=\"read-more\" href=\"https:\/\/shrimataji.org\/test\/fi\/lehdisto-ja-muu-media\/\">Read more<\/a><\/p>\n","protected":false},"author":29,"featured_media":9552,"parent":0,"menu_order":0,"comment_status":"closed","ping_status":"closed","template":"","meta":{"inline_featured_image":false,"footnotes":""},"class_list":["post-12614","page","type-page","status-publish","has-post-thumbnail","hentry"],"yoast_head":"<!-- This site is optimized with the Yoast SEO plugin v27.4 - https:\/\/yoast.com\/product\/yoast-seo-wordpress\/ -->\n<title>Lehdist\u00f6 ja muu media - TEST - SMND<\/title>\n<meta name=\"robots\" content=\"noindex, follow, max-snippet:-1, max-image-preview:large, max-video-preview:-1\" \/>\n<meta property=\"og:locale\" content=\"en_US\" \/>\n<meta property=\"og:type\" content=\"article\" \/>\n<meta property=\"og:title\" content=\"Lehdist\u00f6 ja muu media - TEST - SMND\" \/>\n<meta property=\"og:description\" content=\"Lehdist\u00f6 ja muu media Dokumentit Valitse asiakirja, jonka haluat ladata: Shri Mataji Nirmala Devi: Lyhyt el\u00e4m\u00e4kerta &amp; palkintoluettelo Sahaja Yoga -meditaatio: Yhteenveto Juliste Shri Mataji Nirmala Devist\u00e4 Lehtiartikkelit 100 vuotta Shri Mataji Nirmala Devin syntym\u00e4st\u00e4 Sahaja Yogan 50-vuotisjuhla Kansainv\u00e4linen joogan p\u00e4iv\u00e4, 21.kes\u00e4kuuta 2015 5. toukokuuta vietet\u00e4\u00e4n Maailman oivallusp\u00e4iv\u00e4\u00e4 Shri Mataji Nirmala Devin kunniaksi Muistokirjoitus Sir&hellip; Read more\" \/>\n<meta property=\"og:url\" content=\"https:\/\/shrimataji.org\/test\/fi\/lehdisto-ja-muu-media\/\" \/>\n<meta property=\"og:site_name\" content=\"TEST - SMND\" \/>\n<meta property=\"article:publisher\" content=\"https:\/\/www.facebook.com\/shrimataji\" \/>\n<meta property=\"article:modified_time\" content=\"2025-07-19T19:00:17+00:00\" \/>\n<meta property=\"og:image\" content=\"https:\/\/shrimataji.org\/test\/wp-content\/uploads\/2023\/03\/Banner-Footer-Castle-1-scaled.jpg\" \/>\n\t<meta property=\"og:image:width\" content=\"2560\" \/>\n\t<meta property=\"og:image:height\" content=\"905\" \/>\n\t<meta property=\"og:image:type\" content=\"image\/jpeg\" \/>\n<meta name=\"twitter:card\" content=\"summary_large_image\" \/>\n<meta name=\"twitter:site\" content=\"@shrimataji\" \/>\n<meta name=\"twitter:label1\" content=\"Est. reading time\" \/>\n\t<meta name=\"twitter:data1\" content=\"3 minutes\" \/>\n<script type=\"application\/ld+json\" class=\"yoast-schema-graph\">{\"@context\":\"https:\\\/\\\/schema.org\",\"@graph\":[{\"@type\":\"WebPage\",\"@id\":\"https:\\\/\\\/shrimataji.org\\\/test\\\/fi\\\/lehdisto-ja-muu-media\\\/\",\"url\":\"https:\\\/\\\/shrimataji.org\\\/test\\\/fi\\\/lehdisto-ja-muu-media\\\/\",\"name\":\"Lehdist\u00f6 ja muu media - TEST - SMND\",\"isPartOf\":{\"@id\":\"https:\\\/\\\/shrimataji.org\\\/test\\\/#website\"},\"primaryImageOfPage\":{\"@id\":\"https:\\\/\\\/shrimataji.org\\\/test\\\/fi\\\/lehdisto-ja-muu-media\\\/#primaryimage\"},\"image\":{\"@id\":\"https:\\\/\\\/shrimataji.org\\\/test\\\/fi\\\/lehdisto-ja-muu-media\\\/#primaryimage\"},\"thumbnailUrl\":\"https:\\\/\\\/shrimataji.org\\\/test\\\/wp-content\\\/uploads\\\/2023\\\/03\\\/Banner-Footer-Castle-1-scaled.jpg\",\"datePublished\":\"2015-11-02T21:00:00+00:00\",\"dateModified\":\"2025-07-19T19:00:17+00:00\",\"breadcrumb\":{\"@id\":\"https:\\\/\\\/shrimataji.org\\\/test\\\/fi\\\/lehdisto-ja-muu-media\\\/#breadcrumb\"},\"inLanguage\":\"en-US\",\"potentialAction\":[{\"@type\":\"ReadAction\",\"target\":[\"https:\\\/\\\/shrimataji.org\\\/test\\\/fi\\\/lehdisto-ja-muu-media\\\/\"]}]},{\"@type\":\"ImageObject\",\"inLanguage\":\"en-US\",\"@id\":\"https:\\\/\\\/shrimataji.org\\\/test\\\/fi\\\/lehdisto-ja-muu-media\\\/#primaryimage\",\"url\":\"https:\\\/\\\/shrimataji.org\\\/test\\\/wp-content\\\/uploads\\\/2023\\\/03\\\/Banner-Footer-Castle-1-scaled.jpg\",\"contentUrl\":\"https:\\\/\\\/shrimataji.org\\\/test\\\/wp-content\\\/uploads\\\/2023\\\/03\\\/Banner-Footer-Castle-1-scaled.jpg\",\"width\":2560,\"height\":905},{\"@type\":\"BreadcrumbList\",\"@id\":\"https:\\\/\\\/shrimataji.org\\\/test\\\/fi\\\/lehdisto-ja-muu-media\\\/#breadcrumb\",\"itemListElement\":[{\"@type\":\"ListItem\",\"position\":1,\"name\":\"Home\",\"item\":\"https:\\\/\\\/shrimataji.org\\\/test\\\/uk\\\/home-en\\\/\"},{\"@type\":\"ListItem\",\"position\":2,\"name\":\"Lehdist\u00f6 ja muu media\"}]},{\"@type\":\"WebSite\",\"@id\":\"https:\\\/\\\/shrimataji.org\\\/test\\\/#website\",\"url\":\"https:\\\/\\\/shrimataji.org\\\/test\\\/\",\"name\":\"Shri Mataji Nirmala Devi\",\"description\":\"A Life Dedicated to Humanity\",\"publisher\":{\"@id\":\"https:\\\/\\\/shrimataji.org\\\/test\\\/#\\\/schema\\\/person\\\/a1b3419c6585f164aa96da1ff85715d1\"},\"potentialAction\":[{\"@type\":\"SearchAction\",\"target\":{\"@type\":\"EntryPoint\",\"urlTemplate\":\"https:\\\/\\\/shrimataji.org\\\/test\\\/?s={search_term_string}\"},\"query-input\":{\"@type\":\"PropertyValueSpecification\",\"valueRequired\":true,\"valueName\":\"search_term_string\"}}],\"inLanguage\":\"en-US\"},{\"@type\":[\"Person\",\"Organization\"],\"@id\":\"https:\\\/\\\/shrimataji.org\\\/test\\\/#\\\/schema\\\/person\\\/a1b3419c6585f164aa96da1ff85715d1\",\"name\":\"Nirmala Shrivastava\",\"image\":{\"@type\":\"ImageObject\",\"inLanguage\":\"en-US\",\"@id\":\"https:\\\/\\\/shrimataji.org\\\/test\\\/wp-content\\\/uploads\\\/2023\\\/02\\\/SMO_LOGO-03.svg\",\"url\":\"https:\\\/\\\/shrimataji.org\\\/test\\\/wp-content\\\/uploads\\\/2023\\\/02\\\/SMO_LOGO-03.svg\",\"contentUrl\":\"https:\\\/\\\/shrimataji.org\\\/test\\\/wp-content\\\/uploads\\\/2023\\\/02\\\/SMO_LOGO-03.svg\",\"width\":\"1024\",\"height\":\"1024\",\"caption\":\"Nirmala Shrivastava\"},\"logo\":{\"@id\":\"https:\\\/\\\/shrimataji.org\\\/test\\\/wp-content\\\/uploads\\\/2023\\\/02\\\/SMO_LOGO-03.svg\"},\"sameAs\":[\"https:\\\/\\\/shrimataji.org\\\/test\",\"https:\\\/\\\/www.facebook.com\\\/shrimataji\",\"https:\\\/\\\/x.com\\\/shrimataji\",\"https:\\\/\\\/www.youtube.com\\\/@Shri_Mataji_Nirmala_Devi\\\/featured\"]}]}<\/script>\n<!-- \/ Yoast SEO plugin. -->","yoast_head_json":{"title":"Lehdist\u00f6 ja muu media - TEST - SMND","robots":{"index":"noindex","follow":"follow","max-snippet":"max-snippet:-1","max-image-preview":"max-image-preview:large","max-video-preview":"max-video-preview:-1"},"og_locale":"en_US","og_type":"article","og_title":"Lehdist\u00f6 ja muu media - TEST - SMND","og_description":"Lehdist\u00f6 ja muu media Dokumentit Valitse asiakirja, jonka haluat ladata: Shri Mataji Nirmala Devi: Lyhyt el\u00e4m\u00e4kerta &amp; palkintoluettelo Sahaja Yoga -meditaatio: Yhteenveto Juliste Shri Mataji Nirmala Devist\u00e4 Lehtiartikkelit 100 vuotta Shri Mataji Nirmala Devin syntym\u00e4st\u00e4 Sahaja Yogan 50-vuotisjuhla Kansainv\u00e4linen joogan p\u00e4iv\u00e4, 21.kes\u00e4kuuta 2015 5. toukokuuta vietet\u00e4\u00e4n Maailman oivallusp\u00e4iv\u00e4\u00e4 Shri Mataji Nirmala Devin kunniaksi Muistokirjoitus Sir&hellip; Read more","og_url":"https:\/\/shrimataji.org\/test\/fi\/lehdisto-ja-muu-media\/","og_site_name":"TEST - SMND","article_publisher":"https:\/\/www.facebook.com\/shrimataji","article_modified_time":"2025-07-19T19:00:17+00:00","og_image":[{"width":2560,"height":905,"url":"https:\/\/shrimataji.org\/test\/wp-content\/uploads\/2023\/03\/Banner-Footer-Castle-1-scaled.jpg","type":"image\/jpeg"}],"twitter_card":"summary_large_image","twitter_site":"@shrimataji","twitter_misc":{"Est. reading time":"3 minutes"},"schema":{"@context":"https:\/\/schema.org","@graph":[{"@type":"WebPage","@id":"https:\/\/shrimataji.org\/test\/fi\/lehdisto-ja-muu-media\/","url":"https:\/\/shrimataji.org\/test\/fi\/lehdisto-ja-muu-media\/","name":"Lehdist\u00f6 ja muu media - TEST - SMND","isPartOf":{"@id":"https:\/\/shrimataji.org\/test\/#website"},"primaryImageOfPage":{"@id":"https:\/\/shrimataji.org\/test\/fi\/lehdisto-ja-muu-media\/#primaryimage"},"image":{"@id":"https:\/\/shrimataji.org\/test\/fi\/lehdisto-ja-muu-media\/#primaryimage"},"thumbnailUrl":"https:\/\/shrimataji.org\/test\/wp-content\/uploads\/2023\/03\/Banner-Footer-Castle-1-scaled.jpg","datePublished":"2015-11-02T21:00:00+00:00","dateModified":"2025-07-19T19:00:17+00:00","breadcrumb":{"@id":"https:\/\/shrimataji.org\/test\/fi\/lehdisto-ja-muu-media\/#breadcrumb"},"inLanguage":"en-US","potentialAction":[{"@type":"ReadAction","target":["https:\/\/shrimataji.org\/test\/fi\/lehdisto-ja-muu-media\/"]}]},{"@type":"ImageObject","inLanguage":"en-US","@id":"https:\/\/shrimataji.org\/test\/fi\/lehdisto-ja-muu-media\/#primaryimage","url":"https:\/\/shrimataji.org\/test\/wp-content\/uploads\/2023\/03\/Banner-Footer-Castle-1-scaled.jpg","contentUrl":"https:\/\/shrimataji.org\/test\/wp-content\/uploads\/2023\/03\/Banner-Footer-Castle-1-scaled.jpg","width":2560,"height":905},{"@type":"BreadcrumbList","@id":"https:\/\/shrimataji.org\/test\/fi\/lehdisto-ja-muu-media\/#breadcrumb","itemListElement":[{"@type":"ListItem","position":1,"name":"Home","item":"https:\/\/shrimataji.org\/test\/uk\/home-en\/"},{"@type":"ListItem","position":2,"name":"Lehdist\u00f6 ja muu media"}]},{"@type":"WebSite","@id":"https:\/\/shrimataji.org\/test\/#website","url":"https:\/\/shrimataji.org\/test\/","name":"Shri Mataji Nirmala Devi","description":"A Life Dedicated to Humanity","publisher":{"@id":"https:\/\/shrimataji.org\/test\/#\/schema\/person\/a1b3419c6585f164aa96da1ff85715d1"},"potentialAction":[{"@type":"SearchAction","target":{"@type":"EntryPoint","urlTemplate":"https:\/\/shrimataji.org\/test\/?s={search_term_string}"},"query-input":{"@type":"PropertyValueSpecification","valueRequired":true,"valueName":"search_term_string"}}],"inLanguage":"en-US"},{"@type":["Person","Organization"],"@id":"https:\/\/shrimataji.org\/test\/#\/schema\/person\/a1b3419c6585f164aa96da1ff85715d1","name":"Nirmala Shrivastava","image":{"@type":"ImageObject","inLanguage":"en-US","@id":"https:\/\/shrimataji.org\/test\/wp-content\/uploads\/2023\/02\/SMO_LOGO-03.svg","url":"https:\/\/shrimataji.org\/test\/wp-content\/uploads\/2023\/02\/SMO_LOGO-03.svg","contentUrl":"https:\/\/shrimataji.org\/test\/wp-content\/uploads\/2023\/02\/SMO_LOGO-03.svg","width":"1024","height":"1024","caption":"Nirmala Shrivastava"},"logo":{"@id":"https:\/\/shrimataji.org\/test\/wp-content\/uploads\/2023\/02\/SMO_LOGO-03.svg"},"sameAs":["https:\/\/shrimataji.org\/test","https:\/\/www.facebook.com\/shrimataji","https:\/\/x.com\/shrimataji","https:\/\/www.youtube.com\/@Shri_Mataji_Nirmala_Devi\/featured"]}]}},"lang":"fi","translations":{"fi":12614,"en":426,"am":18054,"th":20025,"hu":19538,"sq":18455,"zh":17352,"hi":8501,"tr":10195,"pt":10405,"de":10679,"fr":10777,"it":10875,"es":10972,"ja":11269,"ru":11457,"bn":11649,"te":11757,"sw":11880,"he":12028,"el":12320,"fa":12516,"bg":13488,"ro":14563,"cs":14756,"nl":16615,"ku":16775,"ar":16951,"be":18662,"kn":18936,"mr":20389,"uk":20683,"ml":20978,"ta":22773,"sv":23043,"pa":29047,"fil":29491},"pll_sync_post":[],"_links":{"self":[{"href":"https:\/\/shrimataji.org\/test\/wp-json\/wp\/v2\/pages\/12614","targetHints":{"allow":["GET"]}}],"collection":[{"href":"https:\/\/shrimataji.org\/test\/wp-json\/wp\/v2\/pages"}],"about":[{"href":"https:\/\/shrimataji.org\/test\/wp-json\/wp\/v2\/types\/page"}],"author":[{"embeddable":true,"href":"https:\/\/shrimataji.org\/test\/wp-json\/wp\/v2\/users\/29"}],"replies":[{"embeddable":true,"href":"https:\/\/shrimataji.org\/test\/wp-json\/wp\/v2\/comments?post=12614"}],"version-history":[{"count":0,"href":"https:\/\/shrimataji.org\/test\/wp-json\/wp\/v2\/pages\/12614\/revisions"}],"wp:featuredmedia":[{"embeddable":true,"href":"https:\/\/shrimataji.org\/test\/wp-json\/wp\/v2\/media\/9552"}],"wp:attachment":[{"href":"https:\/\/shrimataji.org\/test\/wp-json\/wp\/v2\/media?parent=12614"}],"curies":[{"name":"wp","href":"https:\/\/api.w.org\/{rel}","templated":true}]}}