{"id":12616,"date":"2018-07-10T06:54:50","date_gmt":"2018-07-10T06:54:50","guid":{"rendered":"http:\/\/testwordpress.nirmalnagari.org\/smnd\/index.php\/public-life\/"},"modified":"2025-09-02T11:19:01","modified_gmt":"2025-09-02T11:19:01","slug":"julkinen-elama","status":"publish","type":"page","link":"https:\/\/shrimataji.org\/test\/fi\/julkinen-elama\/","title":{"rendered":"Julkinen el\u00e4m\u00e4"},"content":{"rendered":"\n\n\t<h1>Julkinen el\u00e4m\u00e4<\/h1>\n<h2>Koko maailman saataville<\/h2>\n\t<h4>Kun H\u00e4nen lapsensa olivat kasvaneet ja asettuneet aloilleen, Nirmala Srivastava saattoi kiinnitt\u00e4\u00e4 enemm\u00e4n huomiota ja aikaa julkiseen el\u00e4m\u00e4\u00e4n. Kun H\u00e4nen miehens\u00e4 johti YK:n kansainv\u00e4list\u00e4 merenkulkuj\u00e4rjest\u00f6\u00e4 Lontoossa, H\u00e4n aloitti henkisen ty\u00f6ns\u00e4 siell\u00e4 pienen ryhm\u00e4n kanssa. H\u00e4n alkoi my\u00f6s kiert\u00e4\u00e4 ymp\u00e4ri maata, pit\u00e4\u00e4 luentoja sek\u00e4 antaa itseoivalluksen kokemuksia. Nirmala tuli pian tunnetuksi arvonimell\u00e4 Shri Mataji, joka tarkoittaa &#8220;kunnioitettua \u00e4iti\u00e4&#8221;, kun h\u00e4nen l\u00e4hipiirins\u00e4 alkoi tunnistaa H\u00e4nen poikkeukselliset henkiset ja \u00e4idilliset ominaisuutensa.<\/h4>\n\t<p>H\u00e4n ei koskaan pyyt\u00e4nyt maksua luennoistaan eik\u00e4 itseoivalluksesta, ja painotti, ett\u00e4 kaikissa ihmisiss\u00e4 uinuvan henkisen energian her\u00e4\u00e4minen oli heid\u00e4n synnyinoikeutensa, eik\u00e4 siit\u00e4 n\u00e4in ollen voinut maksaa. Shri Matajin kehitt\u00e4m\u00e4n itseoivalluksen kautta tapahtuva meditaatiomenetelm\u00e4 sai nimekseen <a href=\"\"\/site\/sahaja-yoga.html\"\">Sahaja Yoga<\/a>. Keskitt\u00e4m\u00e4ll\u00e4 ponnistelunsa aluksi Yhdistyneeseen kuningaskuntaan, H\u00e4n vei sanomaansa yleis\u00f6lle pieniss\u00e4 ja suurissa kaupungeissa. H\u00e4n kiersi ymp\u00e4ri maata antamassa radio- ja televisiohaastatteluja, pit\u00e4m\u00e4ss\u00e4 luentoja julkisissa saleissa ja viett\u00e4m\u00e4ss\u00e4 tuntikausia yleis\u00f6n joukosta tulleiden yksitt\u00e4isien henkil\u00f6iden kanssa kuunnellen k\u00e4rsiv\u00e4llisesti heid\u00e4n tarinoitaan ja ongelmiaan ja antaen neuvoja.<\/p>\n\t\t<iframe loading=\"lazy\" title=\"The Time For Realization Is Now\" width=\"1920\" height=\"1080\" src=\"https:\/\/www.youtube.com\/embed\/4X6QxLepxT0?feature=oembed\" frameborder=\"0\" allow=\"accelerometer; autoplay; clipboard-write; encrypted-media; gyroscope; picture-in-picture; web-share\" allowfullscreen><\/iframe>\t\n\t<p>N\u00e4in tapahtui 1980-luvulla, kun Shri Mataji alkoi kiert\u00e4\u00e4 Eurooppaa, Australiaa ja Pohjois-Amerikkaa. H\u00e4n opetti Sahaja Yogaa ilmaiseksi kaikille kiinnostuneille ja osallistui vilkkaisiin keskusteluihin ja kysymys- ja vastaustilaisuuksiin henkisyyden roolista nykyaikana.<\/p>\n<p>1990-luvulla H\u00e4nen matkansa ulottuivat Etel\u00e4-Amerikkaan, It\u00e4-Eurooppaan, Aasiaan ja Tyynenmeren alueelle.<\/p>\n<p>H\u00e4nelle my\u00f6nnettiin useita <a href=\"https:\/\/www.deepl.com\/awards\/\">kunniamainintoja ja tohtorin arvonimi\u00e4<\/a> eri puolilla maailmaa sijaitsevista instituutioista. Vuonna 1995 h\u00e4n puhui <a href=\"https:\/\/www.deepl.com\/un-womens-conference\/\">Pekingiss\u00e4 pidetyss\u00e4 nelj\u00e4nness\u00e4 naisten maailmankonferenssissa<\/a>. H\u00e4n puhui my\u00f6s maailmanrauhasta Yhdistyneiss\u00e4 Kansakunnissa.<\/p>\n\t\t\t\t<img decoding=\"async\" src=\"https:\/\/shrimataji.org\/test\/wp-content\/uploads\/2018\/11\/shri-mataji-greeting-the-queen-2.jpg\" alt=\"Shri Mataji with Queen Elizabeth II\" itemprop=\"image\" height=\"320\" width=\"460\" title=\"shri-mataji-greeting-the-queen-2\" onerror=\"this.style.display='none'\" loading=\"lazy\" \/>\n\t\tShri Mataji ja kuningatar Elisabet II\n\t<p>Vuonna 1997 Claes Nobel ilmaisi arvostuksensa Shri Matajia ja Sahaja Yogaa kohtaan, jota h\u00e4n kuvaili &#8220;kiintopisteiksi oikean ja v\u00e4\u00e4r\u00e4n erottamisessa&#8221; ja &#8220;toivon l\u00e4hteeksi ihmiskunnalle&#8221;.<\/p>\n\t<div class=\"su-quote su-quote-style-default\"><div class=\"su-quote-inner su-u-clearfix su-u-trim\">Hy\u00f6ty on saavuttamasi rauha, kehitt\u00e4m\u00e4si rakkaus, my\u00f6t\u00e4tunto, jota pystyt s\u00e4teilem\u00e4\u00e4n, ihmissuhteiden m\u00e4\u00e4r\u00e4 ja yhteys, jonka pystyt saamaan aikaan toisten kanssa.<\/div><\/div>\n\n","protected":false},"excerpt":{"rendered":"<p>Julkinen el\u00e4m\u00e4 Koko maailman saataville Kun H\u00e4nen lapsensa olivat kasvaneet ja asettuneet aloilleen, Nirmala Srivastava saattoi kiinnitt\u00e4\u00e4 enemm\u00e4n huomiota ja aikaa julkiseen el\u00e4m\u00e4\u00e4n. Kun H\u00e4nen miehens\u00e4 johti YK:n kansainv\u00e4list\u00e4 merenkulkuj\u00e4rjest\u00f6\u00e4 Lontoossa, H\u00e4n aloitti henkisen ty\u00f6ns\u00e4 siell\u00e4 pienen ryhm\u00e4n kanssa. H\u00e4n alkoi my\u00f6s kiert\u00e4\u00e4 ymp\u00e4ri maata, pit\u00e4\u00e4 luentoja sek\u00e4 antaa itseoivalluksen kokemuksia. Nirmala tuli pian tunnetuksi&hellip; <br \/> <a class=\"read-more\" href=\"https:\/\/shrimataji.org\/test\/fi\/julkinen-elama\/\">Read more<\/a><\/p>\n","protected":false},"author":29,"featured_media":9514,"parent":0,"menu_order":0,"comment_status":"closed","ping_status":"closed","template":"","meta":{"inline_featured_image":false,"footnotes":""},"class_list":["post-12616","page","type-page","status-publish","has-post-thumbnail","hentry"],"yoast_head":"<!-- This site is optimized with the Yoast SEO plugin v27.4 - https:\/\/yoast.com\/product\/yoast-seo-wordpress\/ -->\n<title>Julkinen el\u00e4m\u00e4 - TEST - SMND<\/title>\n<meta name=\"robots\" content=\"noindex, follow, max-snippet:-1, max-image-preview:large, max-video-preview:-1\" \/>\n<meta property=\"og:locale\" content=\"en_US\" \/>\n<meta property=\"og:type\" content=\"article\" \/>\n<meta property=\"og:title\" content=\"Julkinen el\u00e4m\u00e4 - TEST - SMND\" \/>\n<meta property=\"og:description\" content=\"Julkinen el\u00e4m\u00e4 Koko maailman saataville Kun H\u00e4nen lapsensa olivat kasvaneet ja asettuneet aloilleen, Nirmala Srivastava saattoi kiinnitt\u00e4\u00e4 enemm\u00e4n huomiota ja aikaa julkiseen el\u00e4m\u00e4\u00e4n. Kun H\u00e4nen miehens\u00e4 johti YK:n kansainv\u00e4list\u00e4 merenkulkuj\u00e4rjest\u00f6\u00e4 Lontoossa, H\u00e4n aloitti henkisen ty\u00f6ns\u00e4 siell\u00e4 pienen ryhm\u00e4n kanssa. H\u00e4n alkoi my\u00f6s kiert\u00e4\u00e4 ymp\u00e4ri maata, pit\u00e4\u00e4 luentoja sek\u00e4 antaa itseoivalluksen kokemuksia. Nirmala tuli pian tunnetuksi&hellip; Read more\" \/>\n<meta property=\"og:url\" content=\"https:\/\/shrimataji.org\/test\/fi\/julkinen-elama\/\" \/>\n<meta property=\"og:site_name\" content=\"TEST - SMND\" \/>\n<meta property=\"article:publisher\" content=\"https:\/\/www.facebook.com\/shrimataji\" \/>\n<meta property=\"article:modified_time\" content=\"2025-09-02T11:19:01+00:00\" \/>\n<meta property=\"og:image\" content=\"https:\/\/shrimataji.org\/test\/wp-content\/uploads\/2023\/03\/9_Banner-PublicLife-2-scaled.jpg\" \/>\n\t<meta property=\"og:image:width\" content=\"2560\" \/>\n\t<meta property=\"og:image:height\" content=\"905\" \/>\n\t<meta property=\"og:image:type\" content=\"image\/jpeg\" \/>\n<meta name=\"twitter:card\" content=\"summary_large_image\" \/>\n<meta name=\"twitter:site\" content=\"@shrimataji\" \/>\n<script type=\"application\/ld+json\" class=\"yoast-schema-graph\">{\"@context\":\"https:\\\/\\\/schema.org\",\"@graph\":[{\"@type\":\"WebPage\",\"@id\":\"https:\\\/\\\/shrimataji.org\\\/test\\\/fi\\\/julkinen-elama\\\/\",\"url\":\"https:\\\/\\\/shrimataji.org\\\/test\\\/fi\\\/julkinen-elama\\\/\",\"name\":\"Julkinen el\u00e4m\u00e4 - TEST - SMND\",\"isPartOf\":{\"@id\":\"https:\\\/\\\/shrimataji.org\\\/test\\\/#website\"},\"primaryImageOfPage\":{\"@id\":\"https:\\\/\\\/shrimataji.org\\\/test\\\/fi\\\/julkinen-elama\\\/#primaryimage\"},\"image\":{\"@id\":\"https:\\\/\\\/shrimataji.org\\\/test\\\/fi\\\/julkinen-elama\\\/#primaryimage\"},\"thumbnailUrl\":\"https:\\\/\\\/shrimataji.org\\\/test\\\/wp-content\\\/uploads\\\/2023\\\/03\\\/9_Banner-PublicLife-2-scaled.jpg\",\"datePublished\":\"2018-07-10T06:54:50+00:00\",\"dateModified\":\"2025-09-02T11:19:01+00:00\",\"breadcrumb\":{\"@id\":\"https:\\\/\\\/shrimataji.org\\\/test\\\/fi\\\/julkinen-elama\\\/#breadcrumb\"},\"inLanguage\":\"en-US\",\"potentialAction\":[{\"@type\":\"ReadAction\",\"target\":[\"https:\\\/\\\/shrimataji.org\\\/test\\\/fi\\\/julkinen-elama\\\/\"]}]},{\"@type\":\"ImageObject\",\"inLanguage\":\"en-US\",\"@id\":\"https:\\\/\\\/shrimataji.org\\\/test\\\/fi\\\/julkinen-elama\\\/#primaryimage\",\"url\":\"https:\\\/\\\/shrimataji.org\\\/test\\\/wp-content\\\/uploads\\\/2023\\\/03\\\/9_Banner-PublicLife-2-scaled.jpg\",\"contentUrl\":\"https:\\\/\\\/shrimataji.org\\\/test\\\/wp-content\\\/uploads\\\/2023\\\/03\\\/9_Banner-PublicLife-2-scaled.jpg\",\"width\":2560,\"height\":905},{\"@type\":\"BreadcrumbList\",\"@id\":\"https:\\\/\\\/shrimataji.org\\\/test\\\/fi\\\/julkinen-elama\\\/#breadcrumb\",\"itemListElement\":[{\"@type\":\"ListItem\",\"position\":1,\"name\":\"Home\",\"item\":\"https:\\\/\\\/shrimataji.org\\\/test\\\/uk\\\/home-en\\\/\"},{\"@type\":\"ListItem\",\"position\":2,\"name\":\"Julkinen el\u00e4m\u00e4\"}]},{\"@type\":\"WebSite\",\"@id\":\"https:\\\/\\\/shrimataji.org\\\/test\\\/#website\",\"url\":\"https:\\\/\\\/shrimataji.org\\\/test\\\/\",\"name\":\"Shri Mataji Nirmala Devi\",\"description\":\"A Life Dedicated to Humanity\",\"publisher\":{\"@id\":\"https:\\\/\\\/shrimataji.org\\\/test\\\/#\\\/schema\\\/person\\\/a1b3419c6585f164aa96da1ff85715d1\"},\"potentialAction\":[{\"@type\":\"SearchAction\",\"target\":{\"@type\":\"EntryPoint\",\"urlTemplate\":\"https:\\\/\\\/shrimataji.org\\\/test\\\/?s={search_term_string}\"},\"query-input\":{\"@type\":\"PropertyValueSpecification\",\"valueRequired\":true,\"valueName\":\"search_term_string\"}}],\"inLanguage\":\"en-US\"},{\"@type\":[\"Person\",\"Organization\"],\"@id\":\"https:\\\/\\\/shrimataji.org\\\/test\\\/#\\\/schema\\\/person\\\/a1b3419c6585f164aa96da1ff85715d1\",\"name\":\"Nirmala Shrivastava\",\"image\":{\"@type\":\"ImageObject\",\"inLanguage\":\"en-US\",\"@id\":\"https:\\\/\\\/shrimataji.org\\\/test\\\/wp-content\\\/uploads\\\/2023\\\/02\\\/SMO_LOGO-03.svg\",\"url\":\"https:\\\/\\\/shrimataji.org\\\/test\\\/wp-content\\\/uploads\\\/2023\\\/02\\\/SMO_LOGO-03.svg\",\"contentUrl\":\"https:\\\/\\\/shrimataji.org\\\/test\\\/wp-content\\\/uploads\\\/2023\\\/02\\\/SMO_LOGO-03.svg\",\"width\":\"1024\",\"height\":\"1024\",\"caption\":\"Nirmala Shrivastava\"},\"logo\":{\"@id\":\"https:\\\/\\\/shrimataji.org\\\/test\\\/wp-content\\\/uploads\\\/2023\\\/02\\\/SMO_LOGO-03.svg\"},\"sameAs\":[\"https:\\\/\\\/shrimataji.org\\\/test\",\"https:\\\/\\\/www.facebook.com\\\/shrimataji\",\"https:\\\/\\\/x.com\\\/shrimataji\",\"https:\\\/\\\/www.youtube.com\\\/@Shri_Mataji_Nirmala_Devi\\\/featured\"]}]}<\/script>\n<!-- \/ Yoast SEO plugin. -->","yoast_head_json":{"title":"Julkinen el\u00e4m\u00e4 - TEST - SMND","robots":{"index":"noindex","follow":"follow","max-snippet":"max-snippet:-1","max-image-preview":"max-image-preview:large","max-video-preview":"max-video-preview:-1"},"og_locale":"en_US","og_type":"article","og_title":"Julkinen el\u00e4m\u00e4 - TEST - SMND","og_description":"Julkinen el\u00e4m\u00e4 Koko maailman saataville Kun H\u00e4nen lapsensa olivat kasvaneet ja asettuneet aloilleen, Nirmala Srivastava saattoi kiinnitt\u00e4\u00e4 enemm\u00e4n huomiota ja aikaa julkiseen el\u00e4m\u00e4\u00e4n. Kun H\u00e4nen miehens\u00e4 johti YK:n kansainv\u00e4list\u00e4 merenkulkuj\u00e4rjest\u00f6\u00e4 Lontoossa, H\u00e4n aloitti henkisen ty\u00f6ns\u00e4 siell\u00e4 pienen ryhm\u00e4n kanssa. H\u00e4n alkoi my\u00f6s kiert\u00e4\u00e4 ymp\u00e4ri maata, pit\u00e4\u00e4 luentoja sek\u00e4 antaa itseoivalluksen kokemuksia. Nirmala tuli pian tunnetuksi&hellip; Read more","og_url":"https:\/\/shrimataji.org\/test\/fi\/julkinen-elama\/","og_site_name":"TEST - SMND","article_publisher":"https:\/\/www.facebook.com\/shrimataji","article_modified_time":"2025-09-02T11:19:01+00:00","og_image":[{"width":2560,"height":905,"url":"https:\/\/shrimataji.org\/test\/wp-content\/uploads\/2023\/03\/9_Banner-PublicLife-2-scaled.jpg","type":"image\/jpeg"}],"twitter_card":"summary_large_image","twitter_site":"@shrimataji","schema":{"@context":"https:\/\/schema.org","@graph":[{"@type":"WebPage","@id":"https:\/\/shrimataji.org\/test\/fi\/julkinen-elama\/","url":"https:\/\/shrimataji.org\/test\/fi\/julkinen-elama\/","name":"Julkinen el\u00e4m\u00e4 - TEST - SMND","isPartOf":{"@id":"https:\/\/shrimataji.org\/test\/#website"},"primaryImageOfPage":{"@id":"https:\/\/shrimataji.org\/test\/fi\/julkinen-elama\/#primaryimage"},"image":{"@id":"https:\/\/shrimataji.org\/test\/fi\/julkinen-elama\/#primaryimage"},"thumbnailUrl":"https:\/\/shrimataji.org\/test\/wp-content\/uploads\/2023\/03\/9_Banner-PublicLife-2-scaled.jpg","datePublished":"2018-07-10T06:54:50+00:00","dateModified":"2025-09-02T11:19:01+00:00","breadcrumb":{"@id":"https:\/\/shrimataji.org\/test\/fi\/julkinen-elama\/#breadcrumb"},"inLanguage":"en-US","potentialAction":[{"@type":"ReadAction","target":["https:\/\/shrimataji.org\/test\/fi\/julkinen-elama\/"]}]},{"@type":"ImageObject","inLanguage":"en-US","@id":"https:\/\/shrimataji.org\/test\/fi\/julkinen-elama\/#primaryimage","url":"https:\/\/shrimataji.org\/test\/wp-content\/uploads\/2023\/03\/9_Banner-PublicLife-2-scaled.jpg","contentUrl":"https:\/\/shrimataji.org\/test\/wp-content\/uploads\/2023\/03\/9_Banner-PublicLife-2-scaled.jpg","width":2560,"height":905},{"@type":"BreadcrumbList","@id":"https:\/\/shrimataji.org\/test\/fi\/julkinen-elama\/#breadcrumb","itemListElement":[{"@type":"ListItem","position":1,"name":"Home","item":"https:\/\/shrimataji.org\/test\/uk\/home-en\/"},{"@type":"ListItem","position":2,"name":"Julkinen el\u00e4m\u00e4"}]},{"@type":"WebSite","@id":"https:\/\/shrimataji.org\/test\/#website","url":"https:\/\/shrimataji.org\/test\/","name":"Shri Mataji Nirmala Devi","description":"A Life Dedicated to Humanity","publisher":{"@id":"https:\/\/shrimataji.org\/test\/#\/schema\/person\/a1b3419c6585f164aa96da1ff85715d1"},"potentialAction":[{"@type":"SearchAction","target":{"@type":"EntryPoint","urlTemplate":"https:\/\/shrimataji.org\/test\/?s={search_term_string}"},"query-input":{"@type":"PropertyValueSpecification","valueRequired":true,"valueName":"search_term_string"}}],"inLanguage":"en-US"},{"@type":["Person","Organization"],"@id":"https:\/\/shrimataji.org\/test\/#\/schema\/person\/a1b3419c6585f164aa96da1ff85715d1","name":"Nirmala Shrivastava","image":{"@type":"ImageObject","inLanguage":"en-US","@id":"https:\/\/shrimataji.org\/test\/wp-content\/uploads\/2023\/02\/SMO_LOGO-03.svg","url":"https:\/\/shrimataji.org\/test\/wp-content\/uploads\/2023\/02\/SMO_LOGO-03.svg","contentUrl":"https:\/\/shrimataji.org\/test\/wp-content\/uploads\/2023\/02\/SMO_LOGO-03.svg","width":"1024","height":"1024","caption":"Nirmala Shrivastava"},"logo":{"@id":"https:\/\/shrimataji.org\/test\/wp-content\/uploads\/2023\/02\/SMO_LOGO-03.svg"},"sameAs":["https:\/\/shrimataji.org\/test","https:\/\/www.facebook.com\/shrimataji","https:\/\/x.com\/shrimataji","https:\/\/www.youtube.com\/@Shri_Mataji_Nirmala_Devi\/featured"]}]}},"lang":"fi","translations":{"fi":12616,"ur":37481,"en":438,"am":18056,"th":20029,"hu":19542,"sq":18457,"zh":17354,"tr":10197,"pt":10407,"de":10681,"fr":10779,"it":10877,"es":10974,"ja":11271,"ru":11459,"bn":11651,"te":11759,"sw":11882,"he":12030,"el":12322,"sk":12420,"fa":12518,"bg":13440,"ro":14514,"cs":14707,"nl":16617,"ku":16777,"ar":16953,"be":18664,"kn":18938,"mr":20393,"uk":20687,"ml":20982,"ta":22775,"sv":23045,"gu":28889,"pa":29049,"fil":29493,"da":37792,"pl":38004,"nn":38344},"pll_sync_post":[],"_links":{"self":[{"href":"https:\/\/shrimataji.org\/test\/wp-json\/wp\/v2\/pages\/12616","targetHints":{"allow":["GET"]}}],"collection":[{"href":"https:\/\/shrimataji.org\/test\/wp-json\/wp\/v2\/pages"}],"about":[{"href":"https:\/\/shrimataji.org\/test\/wp-json\/wp\/v2\/types\/page"}],"author":[{"embeddable":true,"href":"https:\/\/shrimataji.org\/test\/wp-json\/wp\/v2\/users\/29"}],"replies":[{"embeddable":true,"href":"https:\/\/shrimataji.org\/test\/wp-json\/wp\/v2\/comments?post=12616"}],"version-history":[{"count":0,"href":"https:\/\/shrimataji.org\/test\/wp-json\/wp\/v2\/pages\/12616\/revisions"}],"wp:featuredmedia":[{"embeddable":true,"href":"https:\/\/shrimataji.org\/test\/wp-json\/wp\/v2\/media\/9514"}],"wp:attachment":[{"href":"https:\/\/shrimataji.org\/test\/wp-json\/wp\/v2\/media?parent=12616"}],"curies":[{"name":"wp","href":"https:\/\/api.w.org\/{rel}","templated":true}]}}