{"id":12617,"date":"2018-07-10T06:54:42","date_gmt":"2018-07-10T06:54:42","guid":{"rendered":"http:\/\/testwordpress.nirmalnagari.org\/smnd\/index.php\/travel\/"},"modified":"2025-06-26T21:47:35","modified_gmt":"2025-06-26T21:47:35","slug":"yleisotilaisuudet","status":"publish","type":"page","link":"https:\/\/shrimataji.org\/test\/fi\/yleisotilaisuudet\/","title":{"rendered":"Yleis\u00f6tilaisuudet"},"content":{"rendered":"\n\n\t<h1>Yleis\u00f6tilaisuudet<\/h1>\n<h2><b>Maailmanlaajuinen matkaohjelma<\/b><\/h2>\n\t<h4>Siit\u00e4 l\u00e4htien, kun Shri Mataji esitteli Sahaja Yogan tekniikan vuonna 1970, H\u00e4n on ollut l\u00e4hes jatkuvasti liikkeell\u00e4: H\u00e4n on pit\u00e4nyt yleis\u00f6tilaisuuksia, antanut haastatteluja tiedotusv\u00e4lineille, puhunut kansainv\u00e4lisiss\u00e4 konferensseissa ja seminaareissa, perustanut kansalaisj\u00e4rjest\u00f6j\u00e4 ja viett\u00e4nyt aikaa &#8220;globaalina perheen\u00e4\u00e4n&#8221; pit\u00e4miens\u00e4 ihmisten kanssa.<\/h4>\n<p>Miss\u00e4\u00e4n ei ollut liian pient\u00e4 tai liian kaukaista paikkaa, johon ei olisi kannattanut menn\u00e4. Himalajan juurilta Australian takamaille, Lontoosta Istanbuliin ja Los Angelesiin, Shri Mataji omisti aikansa itseoivalluskokemuksen antamiseksi kaikille niille, jotka sit\u00e4 halusivat. 1970-luvun alusta 1980-luvulle Shri Mataji kiersi jatkuvasti ja v\u00e4sym\u00e4tt\u00e4 Euroopassa, Australiassa ja Pohjois-Amerikassa. 1990-luvulla H\u00e4nen matkansa ulottuivat Etel\u00e4-Amerikkaan, Afrikkaan, Ven\u00e4j\u00e4lle, It\u00e4-Eurooppaan, Aasiaan ja Tyynenmeren alueelle. Vilkaisu Shri Matajin matkaohjelmaan vuonna 1990 paljastaa, millaista aikataulua H\u00e4n yleens\u00e4 piti yll\u00e4: yli kaksisataa tapahtumaa kahdessakymmeness\u00e4kuudessa maassa, mukaan lukien Brasilia, Intia, Australia, Uusi-Seelanti, Ven\u00e4j\u00e4, Ranska, Englanti, Puola, Espanja, Italia, Yhdysvallat ja monet muut. H\u00e4n matkusti tuona vuonna yli 135 000 kilometri\u00e4, mik\u00e4 vastaa maapallon kiert\u00e4mist\u00e4 kolmeen kertaan.<\/p>\n<p>H\u00e4n teki uskomattoman paljon matkoja. Hieman yli 40 vuoden aikana H\u00e4n opetti ja vakiinnutti Sahaja Yogan yli 100 maassa &#8211; osoitus H\u00e4nen ehtym\u00e4tt\u00f6m\u00e4st\u00e4 energiastaan ja t\u00e4ydellisest\u00e4 omistautumisestaan henkisen muutoksen aikaansaamiseksi kaikkialla.<\/p>\n<p>Alla oleva interaktiivinen kartta sis\u00e4lt\u00e4\u00e4 \u00e4\u00e4ni- ja videolinkkej\u00e4 erilaisista yleis\u00f6tilaisuuksista, mediahaastatteluista, konferensseista, ty\u00f6pajoista ja seminaareista, joissa Shri Mataji on ollut mukana vuosina 1970-2011. Klikkaamalla merkki\u00e4 tai merkkiryhm\u00e4\u00e4 saat lis\u00e4tietoja, mukaan lukien audio-videolinkit kyseisess\u00e4 paikassa tallennettuihin ohjelmiin.<\/p>\n\t<p><iframe loading=\"lazy\" src=\"https:\/\/shrimataji.org\/map\/amruta_map_newest.html\" name=\"travel_frame\" width=\"100%\" height=\"500px\" scrolling=\"no\" allowfullscreen=\"allowfullscreen\"><\/iframe><\/p>\n\t<style>\n    form {\n        display: flex;\n        flex-wrap: wrap;\n        gap: 10px;\n    }\n    label {\n        flex: 1 100px;\n        text-align: right;\n        margin-right: 10px;\n        margin-left: 5px;\n    }\n    select {\n        width: 200px;\n        flex: 1;\n        max-width: 300px;\n        margin-right: 10px;\n        margin-left: 5px;        \n    }\n    .spacer {\n      margin-bottom: 20px;\n    }\n<\/style>\n<form id=\"filterForm\">\n    <label for=\"subtitle\">Videon tekstitys:<\/label>\n    <select id=\"subtitle\" name=\"subtitle\">\n        <option value=\"all\">All<\/option>\n    <\/select>\n    <label for=\"country\">Maa:<\/label>\n    <select id=\"country\" name=\"country\" onchange=\"populateCities(this)\">\n        <option value=\"all\">All<\/option>\n    <\/select>\n    <label for=\"city\">Kaupunki:<\/label>\n    <select id=\"city\" name=\"city\">\n        <option value=\"all\">All<\/option>\n    <\/select>\n    <label for=\"period\">Vuosi:<\/label>\n    <select id=\"period\" name=\"period\">\n        <option value=\"all\">All<\/option>\n    <\/select>\n    <label for=\"category\">Kategoria:<\/label>\n    <select id=\"category\" name=\"category\">\n        <option value=\"all\">All<\/option>\n        <option value=\"Public Program\">Public Program<\/option>\n        <option value=\"Conference\">Conference<\/option>\n        <option value=\"Interview\">Interview<\/option>\n    <\/select>\n        <a target=\"_self\" onclick=\"resetSelectFields()\">Palauta<\/a>\n    <!-- Add additional filter fields or submit button as needed -->\n<\/form>\n\n","protected":false},"excerpt":{"rendered":"<p>Yleis\u00f6tilaisuudet Maailmanlaajuinen matkaohjelma Siit\u00e4 l\u00e4htien, kun Shri Mataji esitteli Sahaja Yogan tekniikan vuonna 1970, H\u00e4n on ollut l\u00e4hes jatkuvasti liikkeell\u00e4: H\u00e4n on pit\u00e4nyt yleis\u00f6tilaisuuksia, antanut haastatteluja tiedotusv\u00e4lineille, puhunut kansainv\u00e4lisiss\u00e4 konferensseissa ja seminaareissa, perustanut kansalaisj\u00e4rjest\u00f6j\u00e4 ja viett\u00e4nyt aikaa &#8220;globaalina perheen\u00e4\u00e4n&#8221; pit\u00e4miens\u00e4 ihmisten kanssa. Miss\u00e4\u00e4n ei ollut liian pient\u00e4 tai liian kaukaista paikkaa, johon ei olisi kannattanut&hellip; <br \/> <a class=\"read-more\" href=\"https:\/\/shrimataji.org\/test\/fi\/yleisotilaisuudet\/\">Read more<\/a><\/p>\n","protected":false},"author":29,"featured_media":112,"parent":0,"menu_order":0,"comment_status":"closed","ping_status":"closed","template":"pro\/page-templates\/full-width-page.php","meta":{"inline_featured_image":false,"footnotes":""},"class_list":["post-12617","page","type-page","status-publish","has-post-thumbnail","hentry"],"yoast_head":"<!-- This site is optimized with the Yoast SEO plugin v27.4 - https:\/\/yoast.com\/product\/yoast-seo-wordpress\/ -->\n<title>Yleis\u00f6tilaisuudet - TEST - SMND<\/title>\n<meta name=\"robots\" content=\"noindex, follow, max-snippet:-1, max-image-preview:large, max-video-preview:-1\" \/>\n<meta property=\"og:locale\" content=\"en_US\" \/>\n<meta property=\"og:type\" content=\"article\" \/>\n<meta property=\"og:title\" content=\"Yleis\u00f6tilaisuudet - TEST - SMND\" \/>\n<meta property=\"og:description\" content=\"Yleis\u00f6tilaisuudet Maailmanlaajuinen matkaohjelma Siit\u00e4 l\u00e4htien, kun Shri Mataji esitteli Sahaja Yogan tekniikan vuonna 1970, H\u00e4n on ollut l\u00e4hes jatkuvasti liikkeell\u00e4: H\u00e4n on pit\u00e4nyt yleis\u00f6tilaisuuksia, antanut haastatteluja tiedotusv\u00e4lineille, puhunut kansainv\u00e4lisiss\u00e4 konferensseissa ja seminaareissa, perustanut kansalaisj\u00e4rjest\u00f6j\u00e4 ja viett\u00e4nyt aikaa &#8220;globaalina perheen\u00e4\u00e4n&#8221; pit\u00e4miens\u00e4 ihmisten kanssa. Miss\u00e4\u00e4n ei ollut liian pient\u00e4 tai liian kaukaista paikkaa, johon ei olisi kannattanut&hellip; Read more\" \/>\n<meta property=\"og:url\" content=\"https:\/\/shrimataji.org\/test\/fi\/yleisotilaisuudet\/\" \/>\n<meta property=\"og:site_name\" content=\"TEST - SMND\" \/>\n<meta property=\"article:publisher\" content=\"https:\/\/www.facebook.com\/shrimataji\" \/>\n<meta property=\"article:modified_time\" content=\"2025-06-26T21:47:35+00:00\" \/>\n<meta property=\"og:image\" content=\"https:\/\/shrimataji.org\/test\/wp-content\/uploads\/2018\/07\/media_originals\/images\/headers-general\/shri-mataji-nirmala-devi-traveling.jpg\" \/>\n\t<meta property=\"og:image:width\" content=\"990\" \/>\n\t<meta property=\"og:image:height\" content=\"350\" \/>\n\t<meta property=\"og:image:type\" content=\"image\/jpeg\" \/>\n<meta name=\"twitter:card\" content=\"summary_large_image\" \/>\n<meta name=\"twitter:site\" content=\"@shrimataji\" \/>\n<meta name=\"twitter:label1\" content=\"Est. reading time\" \/>\n\t<meta name=\"twitter:data1\" content=\"2 minutes\" \/>\n<script type=\"application\/ld+json\" class=\"yoast-schema-graph\">{\"@context\":\"https:\\\/\\\/schema.org\",\"@graph\":[{\"@type\":\"WebPage\",\"@id\":\"https:\\\/\\\/shrimataji.org\\\/test\\\/fi\\\/yleisotilaisuudet\\\/\",\"url\":\"https:\\\/\\\/shrimataji.org\\\/test\\\/fi\\\/yleisotilaisuudet\\\/\",\"name\":\"Yleis\u00f6tilaisuudet - TEST - SMND\",\"isPartOf\":{\"@id\":\"https:\\\/\\\/shrimataji.org\\\/test\\\/#website\"},\"primaryImageOfPage\":{\"@id\":\"https:\\\/\\\/shrimataji.org\\\/test\\\/fi\\\/yleisotilaisuudet\\\/#primaryimage\"},\"image\":{\"@id\":\"https:\\\/\\\/shrimataji.org\\\/test\\\/fi\\\/yleisotilaisuudet\\\/#primaryimage\"},\"thumbnailUrl\":\"https:\\\/\\\/shrimataji.org\\\/test\\\/wp-content\\\/uploads\\\/2018\\\/07\\\/media_originals\\\/images\\\/headers-general\\\/shri-mataji-nirmala-devi-traveling.jpg\",\"datePublished\":\"2018-07-10T06:54:42+00:00\",\"dateModified\":\"2025-06-26T21:47:35+00:00\",\"breadcrumb\":{\"@id\":\"https:\\\/\\\/shrimataji.org\\\/test\\\/fi\\\/yleisotilaisuudet\\\/#breadcrumb\"},\"inLanguage\":\"en-US\",\"potentialAction\":[{\"@type\":\"ReadAction\",\"target\":[\"https:\\\/\\\/shrimataji.org\\\/test\\\/fi\\\/yleisotilaisuudet\\\/\"]}]},{\"@type\":\"ImageObject\",\"inLanguage\":\"en-US\",\"@id\":\"https:\\\/\\\/shrimataji.org\\\/test\\\/fi\\\/yleisotilaisuudet\\\/#primaryimage\",\"url\":\"https:\\\/\\\/shrimataji.org\\\/test\\\/wp-content\\\/uploads\\\/2018\\\/07\\\/media_originals\\\/images\\\/headers-general\\\/shri-mataji-nirmala-devi-traveling.jpg\",\"contentUrl\":\"https:\\\/\\\/shrimataji.org\\\/test\\\/wp-content\\\/uploads\\\/2018\\\/07\\\/media_originals\\\/images\\\/headers-general\\\/shri-mataji-nirmala-devi-traveling.jpg\",\"width\":990,\"height\":350},{\"@type\":\"BreadcrumbList\",\"@id\":\"https:\\\/\\\/shrimataji.org\\\/test\\\/fi\\\/yleisotilaisuudet\\\/#breadcrumb\",\"itemListElement\":[{\"@type\":\"ListItem\",\"position\":1,\"name\":\"Home\",\"item\":\"https:\\\/\\\/shrimataji.org\\\/test\\\/uk\\\/home-en\\\/\"},{\"@type\":\"ListItem\",\"position\":2,\"name\":\"Yleis\u00f6tilaisuudet\"}]},{\"@type\":\"WebSite\",\"@id\":\"https:\\\/\\\/shrimataji.org\\\/test\\\/#website\",\"url\":\"https:\\\/\\\/shrimataji.org\\\/test\\\/\",\"name\":\"Shri Mataji Nirmala Devi\",\"description\":\"A Life Dedicated to Humanity\",\"publisher\":{\"@id\":\"https:\\\/\\\/shrimataji.org\\\/test\\\/#\\\/schema\\\/person\\\/a1b3419c6585f164aa96da1ff85715d1\"},\"potentialAction\":[{\"@type\":\"SearchAction\",\"target\":{\"@type\":\"EntryPoint\",\"urlTemplate\":\"https:\\\/\\\/shrimataji.org\\\/test\\\/?s={search_term_string}\"},\"query-input\":{\"@type\":\"PropertyValueSpecification\",\"valueRequired\":true,\"valueName\":\"search_term_string\"}}],\"inLanguage\":\"en-US\"},{\"@type\":[\"Person\",\"Organization\"],\"@id\":\"https:\\\/\\\/shrimataji.org\\\/test\\\/#\\\/schema\\\/person\\\/a1b3419c6585f164aa96da1ff85715d1\",\"name\":\"Nirmala Shrivastava\",\"image\":{\"@type\":\"ImageObject\",\"inLanguage\":\"en-US\",\"@id\":\"https:\\\/\\\/shrimataji.org\\\/test\\\/wp-content\\\/uploads\\\/2023\\\/02\\\/SMO_LOGO-03.svg\",\"url\":\"https:\\\/\\\/shrimataji.org\\\/test\\\/wp-content\\\/uploads\\\/2023\\\/02\\\/SMO_LOGO-03.svg\",\"contentUrl\":\"https:\\\/\\\/shrimataji.org\\\/test\\\/wp-content\\\/uploads\\\/2023\\\/02\\\/SMO_LOGO-03.svg\",\"width\":\"1024\",\"height\":\"1024\",\"caption\":\"Nirmala Shrivastava\"},\"logo\":{\"@id\":\"https:\\\/\\\/shrimataji.org\\\/test\\\/wp-content\\\/uploads\\\/2023\\\/02\\\/SMO_LOGO-03.svg\"},\"sameAs\":[\"https:\\\/\\\/shrimataji.org\\\/test\",\"https:\\\/\\\/www.facebook.com\\\/shrimataji\",\"https:\\\/\\\/x.com\\\/shrimataji\",\"https:\\\/\\\/www.youtube.com\\\/@Shri_Mataji_Nirmala_Devi\\\/featured\"]}]}<\/script>\n<!-- \/ Yoast SEO plugin. -->","yoast_head_json":{"title":"Yleis\u00f6tilaisuudet - TEST - SMND","robots":{"index":"noindex","follow":"follow","max-snippet":"max-snippet:-1","max-image-preview":"max-image-preview:large","max-video-preview":"max-video-preview:-1"},"og_locale":"en_US","og_type":"article","og_title":"Yleis\u00f6tilaisuudet - TEST - SMND","og_description":"Yleis\u00f6tilaisuudet Maailmanlaajuinen matkaohjelma Siit\u00e4 l\u00e4htien, kun Shri Mataji esitteli Sahaja Yogan tekniikan vuonna 1970, H\u00e4n on ollut l\u00e4hes jatkuvasti liikkeell\u00e4: H\u00e4n on pit\u00e4nyt yleis\u00f6tilaisuuksia, antanut haastatteluja tiedotusv\u00e4lineille, puhunut kansainv\u00e4lisiss\u00e4 konferensseissa ja seminaareissa, perustanut kansalaisj\u00e4rjest\u00f6j\u00e4 ja viett\u00e4nyt aikaa &#8220;globaalina perheen\u00e4\u00e4n&#8221; pit\u00e4miens\u00e4 ihmisten kanssa. Miss\u00e4\u00e4n ei ollut liian pient\u00e4 tai liian kaukaista paikkaa, johon ei olisi kannattanut&hellip; Read more","og_url":"https:\/\/shrimataji.org\/test\/fi\/yleisotilaisuudet\/","og_site_name":"TEST - SMND","article_publisher":"https:\/\/www.facebook.com\/shrimataji","article_modified_time":"2025-06-26T21:47:35+00:00","og_image":[{"width":990,"height":350,"url":"https:\/\/shrimataji.org\/test\/wp-content\/uploads\/2018\/07\/media_originals\/images\/headers-general\/shri-mataji-nirmala-devi-traveling.jpg","type":"image\/jpeg"}],"twitter_card":"summary_large_image","twitter_site":"@shrimataji","twitter_misc":{"Est. reading time":"2 minutes"},"schema":{"@context":"https:\/\/schema.org","@graph":[{"@type":"WebPage","@id":"https:\/\/shrimataji.org\/test\/fi\/yleisotilaisuudet\/","url":"https:\/\/shrimataji.org\/test\/fi\/yleisotilaisuudet\/","name":"Yleis\u00f6tilaisuudet - TEST - SMND","isPartOf":{"@id":"https:\/\/shrimataji.org\/test\/#website"},"primaryImageOfPage":{"@id":"https:\/\/shrimataji.org\/test\/fi\/yleisotilaisuudet\/#primaryimage"},"image":{"@id":"https:\/\/shrimataji.org\/test\/fi\/yleisotilaisuudet\/#primaryimage"},"thumbnailUrl":"https:\/\/shrimataji.org\/test\/wp-content\/uploads\/2018\/07\/media_originals\/images\/headers-general\/shri-mataji-nirmala-devi-traveling.jpg","datePublished":"2018-07-10T06:54:42+00:00","dateModified":"2025-06-26T21:47:35+00:00","breadcrumb":{"@id":"https:\/\/shrimataji.org\/test\/fi\/yleisotilaisuudet\/#breadcrumb"},"inLanguage":"en-US","potentialAction":[{"@type":"ReadAction","target":["https:\/\/shrimataji.org\/test\/fi\/yleisotilaisuudet\/"]}]},{"@type":"ImageObject","inLanguage":"en-US","@id":"https:\/\/shrimataji.org\/test\/fi\/yleisotilaisuudet\/#primaryimage","url":"https:\/\/shrimataji.org\/test\/wp-content\/uploads\/2018\/07\/media_originals\/images\/headers-general\/shri-mataji-nirmala-devi-traveling.jpg","contentUrl":"https:\/\/shrimataji.org\/test\/wp-content\/uploads\/2018\/07\/media_originals\/images\/headers-general\/shri-mataji-nirmala-devi-traveling.jpg","width":990,"height":350},{"@type":"BreadcrumbList","@id":"https:\/\/shrimataji.org\/test\/fi\/yleisotilaisuudet\/#breadcrumb","itemListElement":[{"@type":"ListItem","position":1,"name":"Home","item":"https:\/\/shrimataji.org\/test\/uk\/home-en\/"},{"@type":"ListItem","position":2,"name":"Yleis\u00f6tilaisuudet"}]},{"@type":"WebSite","@id":"https:\/\/shrimataji.org\/test\/#website","url":"https:\/\/shrimataji.org\/test\/","name":"Shri Mataji Nirmala Devi","description":"A Life Dedicated to Humanity","publisher":{"@id":"https:\/\/shrimataji.org\/test\/#\/schema\/person\/a1b3419c6585f164aa96da1ff85715d1"},"potentialAction":[{"@type":"SearchAction","target":{"@type":"EntryPoint","urlTemplate":"https:\/\/shrimataji.org\/test\/?s={search_term_string}"},"query-input":{"@type":"PropertyValueSpecification","valueRequired":true,"valueName":"search_term_string"}}],"inLanguage":"en-US"},{"@type":["Person","Organization"],"@id":"https:\/\/shrimataji.org\/test\/#\/schema\/person\/a1b3419c6585f164aa96da1ff85715d1","name":"Nirmala Shrivastava","image":{"@type":"ImageObject","inLanguage":"en-US","@id":"https:\/\/shrimataji.org\/test\/wp-content\/uploads\/2023\/02\/SMO_LOGO-03.svg","url":"https:\/\/shrimataji.org\/test\/wp-content\/uploads\/2023\/02\/SMO_LOGO-03.svg","contentUrl":"https:\/\/shrimataji.org\/test\/wp-content\/uploads\/2023\/02\/SMO_LOGO-03.svg","width":"1024","height":"1024","caption":"Nirmala Shrivastava"},"logo":{"@id":"https:\/\/shrimataji.org\/test\/wp-content\/uploads\/2023\/02\/SMO_LOGO-03.svg"},"sameAs":["https:\/\/shrimataji.org\/test","https:\/\/www.facebook.com\/shrimataji","https:\/\/x.com\/shrimataji","https:\/\/www.youtube.com\/@Shri_Mataji_Nirmala_Devi\/featured"]}]}},"lang":"fi","translations":{"fi":12617,"ur":37483,"en":394,"pa":25899,"gu":25502,"th":20032,"hu":19544,"sq":18459,"zh":17356,"tr":10198,"pt":10408,"de":10682,"fr":10780,"it":10878,"es":10975,"ja":11272,"ru":11460,"bn":11652,"te":11760,"sw":11883,"he":12031,"pl":12064,"el":12323,"sk":12421,"fa":12519,"bg":13467,"ro":14539,"cs":14732,"nl":16619,"ku":16779,"ar":16955,"be":18666,"kn":18940,"mr":20396,"uk":20690,"ml":20985,"ta":22777,"sv":23047,"bs":27290,"fil":29495,"sd":31002,"da":37794,"nn":38346},"pll_sync_post":[],"_links":{"self":[{"href":"https:\/\/shrimataji.org\/test\/wp-json\/wp\/v2\/pages\/12617","targetHints":{"allow":["GET"]}}],"collection":[{"href":"https:\/\/shrimataji.org\/test\/wp-json\/wp\/v2\/pages"}],"about":[{"href":"https:\/\/shrimataji.org\/test\/wp-json\/wp\/v2\/types\/page"}],"author":[{"embeddable":true,"href":"https:\/\/shrimataji.org\/test\/wp-json\/wp\/v2\/users\/29"}],"replies":[{"embeddable":true,"href":"https:\/\/shrimataji.org\/test\/wp-json\/wp\/v2\/comments?post=12617"}],"version-history":[{"count":0,"href":"https:\/\/shrimataji.org\/test\/wp-json\/wp\/v2\/pages\/12617\/revisions"}],"wp:featuredmedia":[{"embeddable":true,"href":"https:\/\/shrimataji.org\/test\/wp-json\/wp\/v2\/media\/112"}],"wp:attachment":[{"href":"https:\/\/shrimataji.org\/test\/wp-json\/wp\/v2\/media?parent=12617"}],"curies":[{"name":"wp","href":"https:\/\/api.w.org\/{rel}","templated":true}]}}