{"id":12620,"date":"2020-04-20T17:46:08","date_gmt":"2020-04-20T17:46:08","guid":{"rendered":"https:\/\/testwordpress.nirmalnagari.org\/smnd\/?page_id=3434"},"modified":"2025-09-20T21:08:28","modified_gmt":"2025-09-20T21:08:28","slug":"sahaja-yoga-fi","status":"publish","type":"page","link":"https:\/\/shrimataji.org\/test\/fi\/sahaja-yoga-fi\/","title":{"rendered":"Sahaja Yoga FIN"},"content":{"rendered":"\n\n\t<h1>Sahaja Yoga<\/h1>\n<h2>Sis\u00e4inen her\u00e4\u00e4minen itseoivalluksen ja meditaation kautta<\/h2>\n<h4>Shri Mataji Nirmala Devi mullisti joogan harjoittamisen keskushermostossa tapahtuvan itseoivalluksen toteutumisen kautta. Henkisyyden historiassa Shri Mataji on ensimm\u00e4inen ja ainoa henkil\u00f6, joka on tarjonnut itseoivalluksen joukkokokemuksen. H\u00e4n julisti, ett\u00e4 on kaikkien ihmisten syntym\u00e4oikeus &#8211; uskonnosta, rodusta, kansallisuudesta tai olosuhteista riippumatta &#8211; saada itseoivalluksensa. H\u00e4n korosti my\u00f6s, ett\u00e4 totuudesta tai itseoivalluksesta ei voi maksaa, joten itseoivallus on aina ollut ja on edelleen tarjolla ilmaiseksi.<\/h4>\n<p>Shri Mataji syntyi t\u00e4ydellisess\u00e4 itseoivalluksen tilassa, ja jo varhaisesta i\u00e4st\u00e4 l\u00e4htien H\u00e4n halusi jakaa t\u00e4m\u00e4n kallisarvoisen lahjan kaikkien kanssa. H\u00e4nen is\u00e4ns\u00e4 oli se, joka tunnisti t\u00e4m\u00e4n henkisen ihmelapsen ja neuvoi H\u00e4nt\u00e4 ensin etsim\u00e4\u00e4n keinon suurille ihmisjoukoille tapahtuvaan itseoivallukseen, jonka avulla H\u00e4n voisi tavoittaa laajemman maailmanlaajuisen yleis\u00f6n ja hy\u00f6dytt\u00e4\u00e4 ihmiskuntaa. T\u00e4m\u00e4 innoitti Shri Matajin tutkimaan ihmisi\u00e4 nelj\u00e4nkymmenenseitsem\u00e4n vuoden ajan, kun H\u00e4n eli ja oli vuorovaikutuksessa heid\u00e4n kanssaan. Vasta sen j\u00e4lkeen, kun H\u00e4n oli t\u00e4ysin perehtynyt ihmisen psyyken kaikkiin muunnoksiin ja yhdistelmiin, H\u00e4n teki lopullisen p\u00e4\u00e4t\u00f6ksen k\u00e4ynnist\u00e4\u00e4 <a href=\"https:\/\/shrimataji.org\/test\/fi\/sahasrara-chakra-fi\/\">Sahasrara-chakran<\/a> (seitsem\u00e4s henkinen keskus p\u00e4\u00e4n yl\u00e4osassa) avautuminen omassa olemuksessaan, mik\u00e4 antaisi H\u00e4nelle mahdollisuuden t\u00e4ytt\u00e4\u00e4 el\u00e4m\u00e4nteht\u00e4v\u00e4ns\u00e4 kehitt\u00e4\u00e4 ja levitt\u00e4\u00e4 itseoivallusta ja Sahaja Yoga -meditaation harjoittamista laajamittaisesti.<\/p>\n<p><a href=\"https:\/\/shrimataji.org\/test\/fi\/ratkaiseva-hetki\/\">Toukokuun 5. p\u00e4iv\u00e4 vuonna<\/a> 1970 oli historiallinen l\u00e4pimurto ihmiskunnan henkisess\u00e4 kehityksess\u00e4. P\u00e4\u00e4sy sis\u00e4iseen her\u00e4\u00e4miseen itseoivalluksen ja todellisen meditaation kautta ei olisi en\u00e4\u00e4 rajoitettu muutamiin kiihkeisiin joogamestareihin, vaan se olisi nyt suurten ihmisjoukkojen ulottuvilla, kaikkien niiden, jotka etsiv\u00e4t vastausta korkeamman itsetietoisuuden saavuttamiseen. Ainutlaatuinen ero, jonka Shri Mataji toi esiin joogan harjoittamisessa, oli itseoivalluksen toteutuminen heti ensimm\u00e4isest\u00e4 p\u00e4iv\u00e4st\u00e4 l\u00e4htien. Aikaisemmin t\u00e4m\u00e4 oli harvoin mahdollista, vaikka joogaa olisi harjoitettu tiukasti useita vuosia, ellei jopa vuosikymmeni\u00e4 gurun tiiviiss\u00e4 ohjauksessa. Shri Mataji paljasti, ett\u00e4 ihmisen tietoisuus oli saavuttanut evoluutioprosessin huipun ja oli riitt\u00e4v\u00e4n kyps\u00e4 spontaanin itseoivalluksen vastaanottamiseen edellytt\u00e4en, ett\u00e4 auktorisoitu mestari sai k\u00e4ynnist\u00e4\u00e4 selk\u00e4rangan tyvess\u00e4 uinuvan, alkuper\u00e4isen henkisen energian, <a href=\"https:\/\/shrimataji.org\/test\/fi\/kundaliini\/\">Kundalini-shaktin<\/a> (sanskritiksi kaiken l\u00e4p\u00e4isev\u00e4n jumalallisen voiman ker\u00e4lle kiertynyt energia).<\/p>\n<p>Seuraavien nelj\u00e4n vuosikymmenen aikana Shri Mataji vakiinnutti Sahaja Yoga -meditaation. Kuka tahansa, kulttuurisesta, uskonnollisesta, ik\u00e4- tai koulutustaustasta riippumatta, saattoi helposti harjoittaa t\u00e4t\u00e4 joogameditaation muotoa. Lis\u00e4ksi monet, jotka olivat vakiintuneet Sahaja Yogassa, pystyiv\u00e4t vaivattomasti siirt\u00e4m\u00e4\u00e4n itseoivalluksen syv\u00e4llist\u00e4 lahjaa muille, aivan kuten kynttil\u00e4\u00e4 voidaan k\u00e4ytt\u00e4\u00e4 muiden kynttil\u00f6iden sytytt\u00e4miseen. Shri Mataji korosti erityisesti, ett\u00e4 itseoivalluksen antamisesta muille tai Sahaja Yogan tiedon opettamisesta ei voi peri\u00e4 rahaa, sill\u00e4 H\u00e4n itse ei koskaan perinyt maksua t\u00e4m\u00e4n sis\u00e4isen lahjan jakamisesta. T\u00e4m\u00e4 loi pohjan todelliselle suurten joukkojen itseoivallukselle, josta H\u00e4nen is\u00e4ns\u00e4 oli visioinut, kun Shri Mataji oli nuori lapsi.<\/p>\n<p><a href=\"https:\/\/shrimataji.org\/test\/fi\/sahaja-yoga-meditaatio\/\">Sahaja Yoga -meditaatio<\/a> on yksinkertainen ja vaivaton tekniikka, jonka H\u00e4n kehitti yll\u00e4pit\u00e4m\u00e4\u00e4n sis\u00e4ist\u00e4 her\u00e4\u00e4mist\u00e4, joka tapahtuu <a href=\"https:\/\/shrimataji.org\/test\/fi\/itseoivallus\/\">itseoivalluksen<\/a> saamisen kautta. Sana &#8216;sahaja&#8217; tarkoittaa sek\u00e4 &#8216;spontaania&#8217; ett\u00e4 &#8216;mukana syntynytt\u00e4&#8217; ja kuvaa t\u00e4t\u00e4 hienovaraista energiaa (&#8216;Kundaliini&#8217;), joka on olemassa jokaisessa ihmisess\u00e4. Toisin kuin yleisesti luullaan, jooga ei tarkoita sarjaa harjoituksia tai asentoja, vaan itse asiassa se tarkoittaa &#8220;liittymist\u00e4, yhdistymist\u00e4, sulautumista&#8221;. Joogan tavoitteena on saada yksil\u00f6 tiedostamaan itsens\u00e4 todellinen luonne &#8216;<a href=\"https:\/\/shrimataji.org\/test\/fi\/atma-henki\/\">atma<\/a>&#8216; (sanskritiksi t\u00e4m\u00e4 tarkoittaa kaikkialla l\u00e4sn\u00e4 olevan Hengen heijastumista) ja saavuttamaan t\u00e4ydellinen liitto t\u00e4m\u00e4n uuden tietoisuuden kanssa. Aivan kuten vesipisara sulautuu valtamereen, voidaan sanoa, ett\u00e4 yksil\u00f6n tietoisuus sulautuu kollektiiviseen tietoisuuteen. Kun t\u00e4m\u00e4 yhdistyminen tapahtuu, Kundaliinin eheytt\u00e4v\u00e4 voima tuo tasapainon ja rauhan sek\u00e4 yksil\u00f6llisell\u00e4 ett\u00e4 kollektiivisella tasolla.<\/p>\n<div class=\"su-quote su-quote-style-default\"><div class=\"su-quote-inner su-u-clearfix su-u-trim\">Sahaja Yogan merkitys voidaan ymm\u00e4rt\u00e4\u00e4 paremmin, jos jaamme sen osiin: &#8216;saha&#8217; tarkoittaa &#8216;kanssa&#8217; ja &#8216;ja&#8217; tarkoittaa &#8216;syntynyt&#8217;, ja &#8216;yoga&#8217; tarkoittaa &#8216;liittoa&#8217; tai &#8216;tekniikkaa&#8217;. Sahaja Yoga tarkoittaa siis sit\u00e4, ett\u00e4 kehittymisen tekniikka on sis\u00e4\u00e4nrakennettuna meiss\u00e4 jokaisessa.<\/div><\/div>\n\t\t<img decoding=\"async\" data-spai-excluded=\"true\" loading=\"lazy\"  alt=\"YouTube player\"  src=\"https:\/\/i.ytimg.com\/vi\/0isS36I-zu8\/maxresdefault.jpg\"  \/><button aria-label=\"Play\"><\/button><meta itemprop=\"embedUrl\" content=\"https:\/\/www.youtube.com\/embed\/0isS36I-zu8\"\/><meta itemprop=\"name\" content=\"Sahaja Yoga is your birthright\"\/><meta itemprop=\"description\" content=\"YouTube video\"\/><meta itemprop=\"thumbnailUrl\" content=\"https:\/\/i.ytimg.com\/vi\/0isS36I-zu8\/0.jpg\"\/><meta itemprop=\"duration\" content=\"PT1M44S\"\/><meta itemprop=\"uploadDate\" content=\"2022-11-12T03:16:18Z\"\/>\t\n\n","protected":false},"excerpt":{"rendered":"<p>Sahaja Yoga Sis\u00e4inen her\u00e4\u00e4minen itseoivalluksen ja meditaation kautta Shri Mataji Nirmala Devi mullisti joogan harjoittamisen keskushermostossa tapahtuvan itseoivalluksen toteutumisen kautta. Henkisyyden historiassa Shri Mataji on ensimm\u00e4inen ja ainoa henkil\u00f6, joka on tarjonnut itseoivalluksen joukkokokemuksen. H\u00e4n julisti, ett\u00e4 on kaikkien ihmisten syntym\u00e4oikeus &#8211; uskonnosta, rodusta, kansallisuudesta tai olosuhteista riippumatta &#8211; saada itseoivalluksensa. H\u00e4n korosti my\u00f6s, ett\u00e4&hellip; <br \/> <a class=\"read-more\" href=\"https:\/\/shrimataji.org\/test\/fi\/sahaja-yoga-fi\/\">Read more<\/a><\/p>\n","protected":false},"author":29,"featured_media":8561,"parent":0,"menu_order":0,"comment_status":"closed","ping_status":"closed","template":"","meta":{"inline_featured_image":false,"footnotes":""},"class_list":["post-12620","page","type-page","status-publish","has-post-thumbnail","hentry"],"yoast_head":"<!-- This site is optimized with the Yoast SEO plugin v27.4 - https:\/\/yoast.com\/product\/yoast-seo-wordpress\/ -->\n<title>Sahaja Yoga FIN - TEST - SMND<\/title>\n<meta name=\"robots\" content=\"noindex, follow, max-snippet:-1, max-image-preview:large, max-video-preview:-1\" \/>\n<meta property=\"og:locale\" content=\"en_US\" \/>\n<meta property=\"og:type\" content=\"article\" \/>\n<meta property=\"og:title\" content=\"Sahaja Yoga FIN - TEST - SMND\" \/>\n<meta property=\"og:description\" content=\"Sahaja Yoga Sis\u00e4inen her\u00e4\u00e4minen itseoivalluksen ja meditaation kautta Shri Mataji Nirmala Devi mullisti joogan harjoittamisen keskushermostossa tapahtuvan itseoivalluksen toteutumisen kautta. Henkisyyden historiassa Shri Mataji on ensimm\u00e4inen ja ainoa henkil\u00f6, joka on tarjonnut itseoivalluksen joukkokokemuksen. H\u00e4n julisti, ett\u00e4 on kaikkien ihmisten syntym\u00e4oikeus &#8211; uskonnosta, rodusta, kansallisuudesta tai olosuhteista riippumatta &#8211; saada itseoivalluksensa. H\u00e4n korosti my\u00f6s, ett\u00e4&hellip; Read more\" \/>\n<meta property=\"og:url\" content=\"https:\/\/shrimataji.org\/test\/fi\/sahaja-yoga-fi\/\" \/>\n<meta property=\"og:site_name\" content=\"TEST - SMND\" \/>\n<meta property=\"article:publisher\" content=\"https:\/\/www.facebook.com\/shrimataji\" \/>\n<meta property=\"article:modified_time\" content=\"2025-09-20T21:08:28+00:00\" \/>\n<meta property=\"og:image\" content=\"https:\/\/shrimataji.org\/test\/wp-content\/uploads\/2023\/02\/Banner-SY-SY-scaled.jpg\" \/>\n\t<meta property=\"og:image:width\" content=\"2560\" \/>\n\t<meta property=\"og:image:height\" content=\"905\" \/>\n\t<meta property=\"og:image:type\" content=\"image\/jpeg\" \/>\n<meta name=\"twitter:card\" content=\"summary_large_image\" \/>\n<meta name=\"twitter:site\" content=\"@shrimataji\" \/>\n<script type=\"application\/ld+json\" class=\"yoast-schema-graph\">{\"@context\":\"https:\\\/\\\/schema.org\",\"@graph\":[{\"@type\":\"WebPage\",\"@id\":\"https:\\\/\\\/shrimataji.org\\\/test\\\/fi\\\/sahaja-yoga-fi\\\/\",\"url\":\"https:\\\/\\\/shrimataji.org\\\/test\\\/fi\\\/sahaja-yoga-fi\\\/\",\"name\":\"Sahaja Yoga FIN - TEST - SMND\",\"isPartOf\":{\"@id\":\"https:\\\/\\\/shrimataji.org\\\/test\\\/#website\"},\"primaryImageOfPage\":{\"@id\":\"https:\\\/\\\/shrimataji.org\\\/test\\\/fi\\\/sahaja-yoga-fi\\\/#primaryimage\"},\"image\":{\"@id\":\"https:\\\/\\\/shrimataji.org\\\/test\\\/fi\\\/sahaja-yoga-fi\\\/#primaryimage\"},\"thumbnailUrl\":\"https:\\\/\\\/shrimataji.org\\\/test\\\/wp-content\\\/uploads\\\/2023\\\/02\\\/Banner-SY-SY-scaled.jpg\",\"datePublished\":\"2020-04-20T17:46:08+00:00\",\"dateModified\":\"2025-09-20T21:08:28+00:00\",\"breadcrumb\":{\"@id\":\"https:\\\/\\\/shrimataji.org\\\/test\\\/fi\\\/sahaja-yoga-fi\\\/#breadcrumb\"},\"inLanguage\":\"en-US\",\"potentialAction\":[{\"@type\":\"ReadAction\",\"target\":[\"https:\\\/\\\/shrimataji.org\\\/test\\\/fi\\\/sahaja-yoga-fi\\\/\"]}]},{\"@type\":\"ImageObject\",\"inLanguage\":\"en-US\",\"@id\":\"https:\\\/\\\/shrimataji.org\\\/test\\\/fi\\\/sahaja-yoga-fi\\\/#primaryimage\",\"url\":\"https:\\\/\\\/shrimataji.org\\\/test\\\/wp-content\\\/uploads\\\/2023\\\/02\\\/Banner-SY-SY-scaled.jpg\",\"contentUrl\":\"https:\\\/\\\/shrimataji.org\\\/test\\\/wp-content\\\/uploads\\\/2023\\\/02\\\/Banner-SY-SY-scaled.jpg\",\"width\":2560,\"height\":905},{\"@type\":\"BreadcrumbList\",\"@id\":\"https:\\\/\\\/shrimataji.org\\\/test\\\/fi\\\/sahaja-yoga-fi\\\/#breadcrumb\",\"itemListElement\":[{\"@type\":\"ListItem\",\"position\":1,\"name\":\"Home\",\"item\":\"https:\\\/\\\/shrimataji.org\\\/test\\\/uk\\\/home-en\\\/\"},{\"@type\":\"ListItem\",\"position\":2,\"name\":\"Sahaja Yoga FIN\"}]},{\"@type\":\"WebSite\",\"@id\":\"https:\\\/\\\/shrimataji.org\\\/test\\\/#website\",\"url\":\"https:\\\/\\\/shrimataji.org\\\/test\\\/\",\"name\":\"Shri Mataji Nirmala Devi\",\"description\":\"A Life Dedicated to Humanity\",\"publisher\":{\"@id\":\"https:\\\/\\\/shrimataji.org\\\/test\\\/#\\\/schema\\\/person\\\/a1b3419c6585f164aa96da1ff85715d1\"},\"potentialAction\":[{\"@type\":\"SearchAction\",\"target\":{\"@type\":\"EntryPoint\",\"urlTemplate\":\"https:\\\/\\\/shrimataji.org\\\/test\\\/?s={search_term_string}\"},\"query-input\":{\"@type\":\"PropertyValueSpecification\",\"valueRequired\":true,\"valueName\":\"search_term_string\"}}],\"inLanguage\":\"en-US\"},{\"@type\":[\"Person\",\"Organization\"],\"@id\":\"https:\\\/\\\/shrimataji.org\\\/test\\\/#\\\/schema\\\/person\\\/a1b3419c6585f164aa96da1ff85715d1\",\"name\":\"Nirmala Shrivastava\",\"image\":{\"@type\":\"ImageObject\",\"inLanguage\":\"en-US\",\"@id\":\"https:\\\/\\\/shrimataji.org\\\/test\\\/wp-content\\\/uploads\\\/2023\\\/02\\\/SMO_LOGO-03.svg\",\"url\":\"https:\\\/\\\/shrimataji.org\\\/test\\\/wp-content\\\/uploads\\\/2023\\\/02\\\/SMO_LOGO-03.svg\",\"contentUrl\":\"https:\\\/\\\/shrimataji.org\\\/test\\\/wp-content\\\/uploads\\\/2023\\\/02\\\/SMO_LOGO-03.svg\",\"width\":\"1024\",\"height\":\"1024\",\"caption\":\"Nirmala Shrivastava\"},\"logo\":{\"@id\":\"https:\\\/\\\/shrimataji.org\\\/test\\\/wp-content\\\/uploads\\\/2023\\\/02\\\/SMO_LOGO-03.svg\"},\"sameAs\":[\"https:\\\/\\\/shrimataji.org\\\/test\",\"https:\\\/\\\/www.facebook.com\\\/shrimataji\",\"https:\\\/\\\/x.com\\\/shrimataji\",\"https:\\\/\\\/www.youtube.com\\\/@Shri_Mataji_Nirmala_Devi\\\/featured\"]}]}<\/script>\n<!-- \/ Yoast SEO plugin. -->","yoast_head_json":{"title":"Sahaja Yoga FIN - TEST - SMND","robots":{"index":"noindex","follow":"follow","max-snippet":"max-snippet:-1","max-image-preview":"max-image-preview:large","max-video-preview":"max-video-preview:-1"},"og_locale":"en_US","og_type":"article","og_title":"Sahaja Yoga FIN - TEST - SMND","og_description":"Sahaja Yoga Sis\u00e4inen her\u00e4\u00e4minen itseoivalluksen ja meditaation kautta Shri Mataji Nirmala Devi mullisti joogan harjoittamisen keskushermostossa tapahtuvan itseoivalluksen toteutumisen kautta. Henkisyyden historiassa Shri Mataji on ensimm\u00e4inen ja ainoa henkil\u00f6, joka on tarjonnut itseoivalluksen joukkokokemuksen. H\u00e4n julisti, ett\u00e4 on kaikkien ihmisten syntym\u00e4oikeus &#8211; uskonnosta, rodusta, kansallisuudesta tai olosuhteista riippumatta &#8211; saada itseoivalluksensa. H\u00e4n korosti my\u00f6s, ett\u00e4&hellip; Read more","og_url":"https:\/\/shrimataji.org\/test\/fi\/sahaja-yoga-fi\/","og_site_name":"TEST - SMND","article_publisher":"https:\/\/www.facebook.com\/shrimataji","article_modified_time":"2025-09-20T21:08:28+00:00","og_image":[{"width":2560,"height":905,"url":"https:\/\/shrimataji.org\/test\/wp-content\/uploads\/2023\/02\/Banner-SY-SY-scaled.jpg","type":"image\/jpeg"}],"twitter_card":"summary_large_image","twitter_site":"@shrimataji","schema":{"@context":"https:\/\/schema.org","@graph":[{"@type":"WebPage","@id":"https:\/\/shrimataji.org\/test\/fi\/sahaja-yoga-fi\/","url":"https:\/\/shrimataji.org\/test\/fi\/sahaja-yoga-fi\/","name":"Sahaja Yoga FIN - TEST - SMND","isPartOf":{"@id":"https:\/\/shrimataji.org\/test\/#website"},"primaryImageOfPage":{"@id":"https:\/\/shrimataji.org\/test\/fi\/sahaja-yoga-fi\/#primaryimage"},"image":{"@id":"https:\/\/shrimataji.org\/test\/fi\/sahaja-yoga-fi\/#primaryimage"},"thumbnailUrl":"https:\/\/shrimataji.org\/test\/wp-content\/uploads\/2023\/02\/Banner-SY-SY-scaled.jpg","datePublished":"2020-04-20T17:46:08+00:00","dateModified":"2025-09-20T21:08:28+00:00","breadcrumb":{"@id":"https:\/\/shrimataji.org\/test\/fi\/sahaja-yoga-fi\/#breadcrumb"},"inLanguage":"en-US","potentialAction":[{"@type":"ReadAction","target":["https:\/\/shrimataji.org\/test\/fi\/sahaja-yoga-fi\/"]}]},{"@type":"ImageObject","inLanguage":"en-US","@id":"https:\/\/shrimataji.org\/test\/fi\/sahaja-yoga-fi\/#primaryimage","url":"https:\/\/shrimataji.org\/test\/wp-content\/uploads\/2023\/02\/Banner-SY-SY-scaled.jpg","contentUrl":"https:\/\/shrimataji.org\/test\/wp-content\/uploads\/2023\/02\/Banner-SY-SY-scaled.jpg","width":2560,"height":905},{"@type":"BreadcrumbList","@id":"https:\/\/shrimataji.org\/test\/fi\/sahaja-yoga-fi\/#breadcrumb","itemListElement":[{"@type":"ListItem","position":1,"name":"Home","item":"https:\/\/shrimataji.org\/test\/uk\/home-en\/"},{"@type":"ListItem","position":2,"name":"Sahaja Yoga FIN"}]},{"@type":"WebSite","@id":"https:\/\/shrimataji.org\/test\/#website","url":"https:\/\/shrimataji.org\/test\/","name":"Shri Mataji Nirmala Devi","description":"A Life Dedicated to Humanity","publisher":{"@id":"https:\/\/shrimataji.org\/test\/#\/schema\/person\/a1b3419c6585f164aa96da1ff85715d1"},"potentialAction":[{"@type":"SearchAction","target":{"@type":"EntryPoint","urlTemplate":"https:\/\/shrimataji.org\/test\/?s={search_term_string}"},"query-input":{"@type":"PropertyValueSpecification","valueRequired":true,"valueName":"search_term_string"}}],"inLanguage":"en-US"},{"@type":["Person","Organization"],"@id":"https:\/\/shrimataji.org\/test\/#\/schema\/person\/a1b3419c6585f164aa96da1ff85715d1","name":"Nirmala Shrivastava","image":{"@type":"ImageObject","inLanguage":"en-US","@id":"https:\/\/shrimataji.org\/test\/wp-content\/uploads\/2023\/02\/SMO_LOGO-03.svg","url":"https:\/\/shrimataji.org\/test\/wp-content\/uploads\/2023\/02\/SMO_LOGO-03.svg","contentUrl":"https:\/\/shrimataji.org\/test\/wp-content\/uploads\/2023\/02\/SMO_LOGO-03.svg","width":"1024","height":"1024","caption":"Nirmala Shrivastava"},"logo":{"@id":"https:\/\/shrimataji.org\/test\/wp-content\/uploads\/2023\/02\/SMO_LOGO-03.svg"},"sameAs":["https:\/\/shrimataji.org\/test","https:\/\/www.facebook.com\/shrimataji","https:\/\/x.com\/shrimataji","https:\/\/www.youtube.com\/@Shri_Mataji_Nirmala_Devi\/featured"]}]}},"lang":"fi","translations":{"fi":12620,"ur":37488,"en":3434,"pa":25904,"gu":25507,"th":20040,"hu":19550,"sq":18464,"zh":17361,"tr":10201,"pt":10411,"de":10685,"fr":10783,"it":10881,"es":10978,"ja":11276,"ru":11464,"bn":11655,"te":11763,"sw":11886,"he":12034,"el":12326,"sk":12424,"fa":12522,"bg":13428,"ro":14502,"cs":14695,"nl":16624,"ku":16784,"ar":16960,"be":18671,"kn":18945,"mr":20404,"uk":20698,"ml":20993,"ta":22782,"sv":23052,"bs":27292,"fil":29500,"sd":31004,"da":37798,"pl":38008,"nn":38350},"pll_sync_post":[],"_links":{"self":[{"href":"https:\/\/shrimataji.org\/test\/wp-json\/wp\/v2\/pages\/12620","targetHints":{"allow":["GET"]}}],"collection":[{"href":"https:\/\/shrimataji.org\/test\/wp-json\/wp\/v2\/pages"}],"about":[{"href":"https:\/\/shrimataji.org\/test\/wp-json\/wp\/v2\/types\/page"}],"author":[{"embeddable":true,"href":"https:\/\/shrimataji.org\/test\/wp-json\/wp\/v2\/users\/29"}],"replies":[{"embeddable":true,"href":"https:\/\/shrimataji.org\/test\/wp-json\/wp\/v2\/comments?post=12620"}],"version-history":[{"count":0,"href":"https:\/\/shrimataji.org\/test\/wp-json\/wp\/v2\/pages\/12620\/revisions"}],"wp:featuredmedia":[{"embeddable":true,"href":"https:\/\/shrimataji.org\/test\/wp-json\/wp\/v2\/media\/8561"}],"wp:attachment":[{"href":"https:\/\/shrimataji.org\/test\/wp-json\/wp\/v2\/media?parent=12620"}],"curies":[{"name":"wp","href":"https:\/\/api.w.org\/{rel}","templated":true}]}}