{"id":12623,"date":"2022-01-23T03:06:21","date_gmt":"2022-01-23T03:06:21","guid":{"rendered":"https:\/\/test.shrimataji.org\/?page_id=6275"},"modified":"2025-09-02T11:42:14","modified_gmt":"2025-09-02T11:42:14","slug":"sahaja-yoga-meditaatio","status":"publish","type":"page","link":"https:\/\/shrimataji.org\/test\/fi\/sahaja-yoga-meditaatio\/","title":{"rendered":"Sahaja Yoga -meditaatio"},"content":{"rendered":"\n\n\t<h1>Sahaja Yoga -meditaatio<\/h1>\n<h2>Sis\u00e4isen hiljaisuuden voima<\/h2>\n<div class=\"su-quote su-quote-style-default\"><div class=\"su-quote-inner su-u-clearfix su-u-trim\"> Meditaatiota ei voi tehd\u00e4, teid\u00e4n pit\u00e4\u00e4 olla meditaatiossa. Teist\u00e4 tulee meditatiivisia. Olette meditaatiossa koko ajan. <\/div><\/div>\n\t<h4>Meditaatio on sana, jota on m\u00e4\u00e4ritelty ja tulkittu lukemattomilla eri tavoilla, aina jonkin aiheen syv\u00e4llisest\u00e4 pohtimisesta istumiseen hiljaa silm\u00e4t suljettuina ja huomio keskittyneen\u00e4.<\/h4>\n<p>Meditaatio Sahaja Yogassa perustuu <a href=\"https:\/\/shrimataji.org\/test\/fi\/itseoivallus\/\" target=\"_blank\" rel=\"noopener\">itseoivallukseen<\/a>, jossa harjoittajan <a href=\"https:\/\/shrimataji.org\/test\/fi\/kundaliini\/\" target=\"_blank\" rel=\"noopener\">Kundaliini<\/a> (hienojakoinen sis\u00e4inen energia) her\u00e4\u00e4, mik\u00e4 johtaa tilaan, joka tunnetaan nimell\u00e4 &#8216;nirvichar samadhi&#8217; (ajatukseton tietoisuus). T\u00e4ss\u00e4 tilassa mieli vapautuu t\u00e4ysin ajatusten ja tunteiden myrskyisist\u00e4 aalloista ja rauhoittuu kuin tyyni j\u00e4rven pinta, pysyen t\u00e4ysin tietoisena [1a] <a href=\"https:\/\/shrimataji.org\/test\/fi\/atma-henki\/\" target=\"_blank\" rel=\"noopener\">Atman<\/a> (ikuisen, kaikkialla l\u00e4sn\u00e4 olevan Hengen) autuaallisesta sis\u00e4isest\u00e4 ilosta.<\/p>\n\t\t\t\t<a href=\"https:\/\/shrimataji.org\/test\/wp-content\/uploads\/2023\/02\/00_Subtle-System-01.png\"  target=\"_blank\" rel=\"noopener\"  itemprop=\"url\">\n\t\t\t\t<img decoding=\"async\" src=\"https:\/\/shrimataji.org\/test\/wp-content\/uploads\/2025\/04\/Subtle-System-01-scaled.png\" alt=\"Subtle System-01\" itemprop=\"image\" height=\"2560\" width=\"2504\" title=\"Subtle System-01\" onerror=\"this.style.display='none'\" loading=\"lazy\" \/>\n\t\t\t\t<\/a>\n\t<p>Kun yh\u00e4 enemm\u00e4n Kundaliinin s\u00e4ikeit\u00e4 nousee selk\u00e4rankaa pitkin ja valaisee <a href=\"https:\/\/shrimataji.org\/test\/fi\/chakrat-ja-ominaisuudet\/\" target=\"_blank\" rel=\"noopener\">chakroja<\/a> (energiakeskuksia) ja <a href=\"https:\/\/shrimataji.org\/test\/fi\/nadit-ja-kolme-mielialaa\/\" target=\"_blank\" rel=\"noopener\">nadeja <\/a>(energiakanavia), meditoija tulee ilman ponnisteluja tietoiseksi hienorakenteensa sis\u00e4isest\u00e4 tilasta ja tuntee viile\u00e4n tuulen ymp\u00e4r\u00f6iv\u00e4n koko kehoaan, erityisesti p\u00e4\u00e4n fontanellialueella ja k\u00e4mmenill\u00e4. Vain muutaman viikon harjoittelulla voi hallita paitsi oman hienorakenteensa tiedostamisen my\u00f6s kehitt\u00e4\u00e4 riitt\u00e4v\u00e4n herkkyyden aistimaan ymp\u00e4rist\u00f6ns\u00e4 energioita ja jopa l\u00e4hell\u00e4 olevien henkil\u00f6iden hienorakenteen tilan.<\/p>\n\t\t<img decoding=\"async\" data-spai-excluded=\"true\" loading=\"lazy\"  alt=\"YouTube player\"  src=\"https:\/\/i.ytimg.com\/vi\/RA3QEktjJ-Y\/maxresdefault.jpg\"  \/><button aria-label=\"Play\"><\/button><meta itemprop=\"embedUrl\" content=\"https:\/\/www.youtube.com\/embed\/RA3QEktjJ-Y\"\/><meta itemprop=\"name\" content=\"Sahaja Yoga\"\/><meta itemprop=\"description\" content=\"YouTube video\"\/><meta itemprop=\"thumbnailUrl\" content=\"https:\/\/i.ytimg.com\/vi\/RA3QEktjJ-Y\/0.jpg\"\/><meta itemprop=\"duration\" content=\"PT5M52S\"\/><meta itemprop=\"uploadDate\" content=\"2023-01-16T05:39:09Z\"\/>\t\n\t<p>Sahaja Yogan meditaatioharjoitus on yksinkertaista, ja sit\u00e4 voi tehd\u00e4 kotona tai toimistossa, yksin tai yhdess\u00e4 muiden kanssa. Shri Mataji korosti, ett\u00e4 yhteiskunnan j\u00e4tt\u00e4minen taakseen henkisen valaistumisen saavuttamiseksi on tarpeetonta. Tekniikan perustana on t\u00e4m\u00e4n jokaisessa ihmisess\u00e4 olevan energian her\u00e4tt\u00e4minen, ja sen keski\u00f6ss\u00e4 on yksil\u00f6n p\u00e4\u00e4t\u00f6s ottaa se k\u00e4ytt\u00f6\u00f6n ja harjoittaa sit\u00e4. Kyse on pikemminkin vaivattoman meditaation kokemuksesta kuin mist\u00e4\u00e4n tarkkaavaisuus- tai keskittymisharjoituksesta.<\/p>\n\t<div class=\"su-quote su-quote-style-default\"><div class=\"su-quote-inner su-u-clearfix su-u-trim\">Jos et pyri yht\u00e4\u00e4n mihink\u00e4\u00e4n, meditaatio toimii parhaiten. <\/div><\/div>\n\t<p>Australiassa ja Intiassa tehdyt l\u00e4\u00e4ketieteelliset tutkimukset ovat osoittaneet, ett\u00e4 kehon omat parantavat mekanismit aktivoituvat, kun ihminen meditoi ajatuksettomassa tietoisuudessa, mutta ei silloin, kun h\u00e4n k\u00e4ytt\u00e4\u00e4 pelkk\u00e4\u00e4 rentoutusmenetelm\u00e4\u00e4, kuten syv\u00e4\u00e4 hengityst\u00e4 tai visualisointia.<\/p>\n<p>Rentoutusmenetelm\u00e4t ovat tehokkaita stressin v\u00e4hent\u00e4misess\u00e4, mutta ne eiv\u00e4t ole osoittaneet mitattavissa olevia l\u00e4\u00e4ketieteellisi\u00e4 tuloksia, kun taas Sahaja Yoga -meditaatio on. [1b]\n\t\t<iframe loading=\"lazy\" title=\"Meditation Study Finds Improvement\" width=\"1920\" height=\"1080\" src=\"https:\/\/www.youtube.com\/embed\/itvKZ5WxrFs?feature=oembed\" frameborder=\"0\" allow=\"accelerometer; autoplay; clipboard-write; encrypted-media; gyroscope; picture-in-picture; web-share\" allowfullscreen><\/iframe>\t\n\t<p>Sahaja Yoga -meditaation ainutlaatuinen piirre on se, ett\u00e4 se ei tarjoa yht\u00e4 ainoaa m\u00e4\u00e4r\u00e4\u00e4v\u00e4\u00e4 reitti\u00e4 henkisyyteen. Ruokavaliorajoituksia tai uskonnollisia velvoitteita ei ole. Jokaisella harjoittajalla on mahdollisuus valita oma polkunsa, etenemisnopeutensa ja henkiset tavoitteensa. Ket\u00e4\u00e4n yksil\u00f6\u00e4 ei pakoteta kulkemaan mit\u00e4\u00e4n polkua, ei ole m\u00e4\u00e4r\u00e4ttyj\u00e4 sis\u00e4\u00e4ntulopisteit\u00e4, ja jokainen itse suunniteltu reitti on t\u00e4ysin joustava, el\u00e4v\u00e4 prosessi, joka mukautuu erityistarpeisiin tai -olosuhteisiin[2].<\/p>\n\t<p>Eri puolille maailmaa on perustettu<a href=\"https:\/\/shrimataji.org\/test\/fi\/meditaatiokeskukset-maailmalla\/\" target=\"_blank\" rel=\"noopener\">Sahaja Yoga -meditaatiokeskuksia<\/a>, joissa t\u00e4t\u00e4 Shri Matajin esittelem\u00e4\u00e4 tekniikkaa opetetaan ilmaiseksi.<\/p>\n\t<hr \/>\n<p>\u00a01a. <a href=\"about:blank#citation-ref-1a\">^<\/a> 1b. <a href=\"about:blank#citation-ref-1b\">^<\/a> Dr Ramesh Manocha, &#8216;Does Meditation Have a Specific Effect?: A Systematic Experimental Evaluation of a Mental Silence Orientated Definition&#8217; (University of NSW, Australia 2008); e-book: <a href=\"https:\/\/www.sahajbooks.org\/collection\/silence-your-mind\" target=\"_blank\" rel=\"noopener\">&#8216;Silence Your Mind&#8217;<\/a> published by: Hachette Australia 2013; <a href=\"https:\/\/researchingmeditation.org\/\" target=\"_blank\" rel=\"noopener\">Researching Meditation &#8211; The scientific study of meditation<\/a><\/p>\n<p>2.<a href=\"about:blank#citation-ref-2\">^<\/a>\u00a0 Nigel T. Powell, &#8216;<a href=\"https:\/\/www.sahajbooks.org\/collection\/SAHAJA-YOGA-MEDITATION\" target=\"_blank\" rel=\"noopener\">Sahaja Yoga Meditation<\/a>&#8216; London: Corvalis Publishing 2005.<\/p>\n\n","protected":false},"excerpt":{"rendered":"<p>Sahaja Yoga -meditaatio Sis\u00e4isen hiljaisuuden voima Meditaatio on sana, jota on m\u00e4\u00e4ritelty ja tulkittu lukemattomilla eri tavoilla, aina jonkin aiheen syv\u00e4llisest\u00e4 pohtimisesta istumiseen hiljaa silm\u00e4t suljettuina ja huomio keskittyneen\u00e4. Meditaatio Sahaja Yogassa perustuu itseoivallukseen, jossa harjoittajan Kundaliini (hienojakoinen sis\u00e4inen energia) her\u00e4\u00e4, mik\u00e4 johtaa tilaan, joka tunnetaan nimell\u00e4 &#8216;nirvichar samadhi&#8217; (ajatukseton tietoisuus). T\u00e4ss\u00e4 tilassa mieli vapautuu&hellip; <br \/> <a class=\"read-more\" href=\"https:\/\/shrimataji.org\/test\/fi\/sahaja-yoga-meditaatio\/\">Read more<\/a><\/p>\n","protected":false},"author":29,"featured_media":9266,"parent":0,"menu_order":0,"comment_status":"closed","ping_status":"closed","template":"","meta":{"inline_featured_image":false,"footnotes":""},"class_list":["post-12623","page","type-page","status-publish","has-post-thumbnail","hentry"],"yoast_head":"<!-- This site is optimized with the Yoast SEO plugin v27.4 - https:\/\/yoast.com\/product\/yoast-seo-wordpress\/ -->\n<title>Sahaja Yoga -meditaatio - TEST - SMND<\/title>\n<meta name=\"robots\" content=\"noindex, follow, max-snippet:-1, max-image-preview:large, max-video-preview:-1\" \/>\n<meta property=\"og:locale\" content=\"en_US\" \/>\n<meta property=\"og:type\" content=\"article\" \/>\n<meta property=\"og:title\" content=\"Sahaja Yoga -meditaatio - TEST - SMND\" \/>\n<meta property=\"og:description\" content=\"Sahaja Yoga -meditaatio Sis\u00e4isen hiljaisuuden voima Meditaatio on sana, jota on m\u00e4\u00e4ritelty ja tulkittu lukemattomilla eri tavoilla, aina jonkin aiheen syv\u00e4llisest\u00e4 pohtimisesta istumiseen hiljaa silm\u00e4t suljettuina ja huomio keskittyneen\u00e4. Meditaatio Sahaja Yogassa perustuu itseoivallukseen, jossa harjoittajan Kundaliini (hienojakoinen sis\u00e4inen energia) her\u00e4\u00e4, mik\u00e4 johtaa tilaan, joka tunnetaan nimell\u00e4 &#8216;nirvichar samadhi&#8217; (ajatukseton tietoisuus). T\u00e4ss\u00e4 tilassa mieli vapautuu&hellip; Read more\" \/>\n<meta property=\"og:url\" content=\"https:\/\/shrimataji.org\/test\/fi\/sahaja-yoga-meditaatio\/\" \/>\n<meta property=\"og:site_name\" content=\"TEST - SMND\" \/>\n<meta property=\"article:publisher\" content=\"https:\/\/www.facebook.com\/shrimataji\" \/>\n<meta property=\"article:modified_time\" content=\"2025-09-02T11:42:14+00:00\" \/>\n<meta property=\"og:image\" content=\"https:\/\/shrimataji.org\/test\/wp-content\/uploads\/2023\/03\/4_Banner-SY-SYMedit-scaled.jpg\" \/>\n\t<meta property=\"og:image:width\" content=\"2560\" \/>\n\t<meta property=\"og:image:height\" content=\"905\" \/>\n\t<meta property=\"og:image:type\" content=\"image\/jpeg\" \/>\n<meta name=\"twitter:card\" content=\"summary_large_image\" \/>\n<meta name=\"twitter:site\" content=\"@shrimataji\" \/>\n<meta name=\"twitter:label1\" content=\"Est. reading time\" \/>\n\t<meta name=\"twitter:data1\" content=\"3 minutes\" \/>\n<script type=\"application\/ld+json\" class=\"yoast-schema-graph\">{\"@context\":\"https:\\\/\\\/schema.org\",\"@graph\":[{\"@type\":\"WebPage\",\"@id\":\"https:\\\/\\\/shrimataji.org\\\/test\\\/fi\\\/sahaja-yoga-meditaatio\\\/\",\"url\":\"https:\\\/\\\/shrimataji.org\\\/test\\\/fi\\\/sahaja-yoga-meditaatio\\\/\",\"name\":\"Sahaja Yoga -meditaatio - TEST - SMND\",\"isPartOf\":{\"@id\":\"https:\\\/\\\/shrimataji.org\\\/test\\\/#website\"},\"primaryImageOfPage\":{\"@id\":\"https:\\\/\\\/shrimataji.org\\\/test\\\/fi\\\/sahaja-yoga-meditaatio\\\/#primaryimage\"},\"image\":{\"@id\":\"https:\\\/\\\/shrimataji.org\\\/test\\\/fi\\\/sahaja-yoga-meditaatio\\\/#primaryimage\"},\"thumbnailUrl\":\"https:\\\/\\\/shrimataji.org\\\/test\\\/wp-content\\\/uploads\\\/2023\\\/03\\\/4_Banner-SY-SYMedit-scaled.jpg\",\"datePublished\":\"2022-01-23T03:06:21+00:00\",\"dateModified\":\"2025-09-02T11:42:14+00:00\",\"breadcrumb\":{\"@id\":\"https:\\\/\\\/shrimataji.org\\\/test\\\/fi\\\/sahaja-yoga-meditaatio\\\/#breadcrumb\"},\"inLanguage\":\"en-US\",\"potentialAction\":[{\"@type\":\"ReadAction\",\"target\":[\"https:\\\/\\\/shrimataji.org\\\/test\\\/fi\\\/sahaja-yoga-meditaatio\\\/\"]}]},{\"@type\":\"ImageObject\",\"inLanguage\":\"en-US\",\"@id\":\"https:\\\/\\\/shrimataji.org\\\/test\\\/fi\\\/sahaja-yoga-meditaatio\\\/#primaryimage\",\"url\":\"https:\\\/\\\/shrimataji.org\\\/test\\\/wp-content\\\/uploads\\\/2023\\\/03\\\/4_Banner-SY-SYMedit-scaled.jpg\",\"contentUrl\":\"https:\\\/\\\/shrimataji.org\\\/test\\\/wp-content\\\/uploads\\\/2023\\\/03\\\/4_Banner-SY-SYMedit-scaled.jpg\",\"width\":2560,\"height\":905},{\"@type\":\"BreadcrumbList\",\"@id\":\"https:\\\/\\\/shrimataji.org\\\/test\\\/fi\\\/sahaja-yoga-meditaatio\\\/#breadcrumb\",\"itemListElement\":[{\"@type\":\"ListItem\",\"position\":1,\"name\":\"Home\",\"item\":\"https:\\\/\\\/shrimataji.org\\\/test\\\/uk\\\/home-en\\\/\"},{\"@type\":\"ListItem\",\"position\":2,\"name\":\"Sahaja Yoga -meditaatio\"}]},{\"@type\":\"WebSite\",\"@id\":\"https:\\\/\\\/shrimataji.org\\\/test\\\/#website\",\"url\":\"https:\\\/\\\/shrimataji.org\\\/test\\\/\",\"name\":\"Shri Mataji Nirmala Devi\",\"description\":\"A Life Dedicated to Humanity\",\"publisher\":{\"@id\":\"https:\\\/\\\/shrimataji.org\\\/test\\\/#\\\/schema\\\/person\\\/a1b3419c6585f164aa96da1ff85715d1\"},\"potentialAction\":[{\"@type\":\"SearchAction\",\"target\":{\"@type\":\"EntryPoint\",\"urlTemplate\":\"https:\\\/\\\/shrimataji.org\\\/test\\\/?s={search_term_string}\"},\"query-input\":{\"@type\":\"PropertyValueSpecification\",\"valueRequired\":true,\"valueName\":\"search_term_string\"}}],\"inLanguage\":\"en-US\"},{\"@type\":[\"Person\",\"Organization\"],\"@id\":\"https:\\\/\\\/shrimataji.org\\\/test\\\/#\\\/schema\\\/person\\\/a1b3419c6585f164aa96da1ff85715d1\",\"name\":\"Nirmala Shrivastava\",\"image\":{\"@type\":\"ImageObject\",\"inLanguage\":\"en-US\",\"@id\":\"https:\\\/\\\/shrimataji.org\\\/test\\\/wp-content\\\/uploads\\\/2023\\\/02\\\/SMO_LOGO-03.svg\",\"url\":\"https:\\\/\\\/shrimataji.org\\\/test\\\/wp-content\\\/uploads\\\/2023\\\/02\\\/SMO_LOGO-03.svg\",\"contentUrl\":\"https:\\\/\\\/shrimataji.org\\\/test\\\/wp-content\\\/uploads\\\/2023\\\/02\\\/SMO_LOGO-03.svg\",\"width\":\"1024\",\"height\":\"1024\",\"caption\":\"Nirmala Shrivastava\"},\"logo\":{\"@id\":\"https:\\\/\\\/shrimataji.org\\\/test\\\/wp-content\\\/uploads\\\/2023\\\/02\\\/SMO_LOGO-03.svg\"},\"sameAs\":[\"https:\\\/\\\/shrimataji.org\\\/test\",\"https:\\\/\\\/www.facebook.com\\\/shrimataji\",\"https:\\\/\\\/x.com\\\/shrimataji\",\"https:\\\/\\\/www.youtube.com\\\/@Shri_Mataji_Nirmala_Devi\\\/featured\"]}]}<\/script>\n<!-- \/ Yoast SEO plugin. -->","yoast_head_json":{"title":"Sahaja Yoga -meditaatio - TEST - SMND","robots":{"index":"noindex","follow":"follow","max-snippet":"max-snippet:-1","max-image-preview":"max-image-preview:large","max-video-preview":"max-video-preview:-1"},"og_locale":"en_US","og_type":"article","og_title":"Sahaja Yoga -meditaatio - TEST - SMND","og_description":"Sahaja Yoga -meditaatio Sis\u00e4isen hiljaisuuden voima Meditaatio on sana, jota on m\u00e4\u00e4ritelty ja tulkittu lukemattomilla eri tavoilla, aina jonkin aiheen syv\u00e4llisest\u00e4 pohtimisesta istumiseen hiljaa silm\u00e4t suljettuina ja huomio keskittyneen\u00e4. Meditaatio Sahaja Yogassa perustuu itseoivallukseen, jossa harjoittajan Kundaliini (hienojakoinen sis\u00e4inen energia) her\u00e4\u00e4, mik\u00e4 johtaa tilaan, joka tunnetaan nimell\u00e4 &#8216;nirvichar samadhi&#8217; (ajatukseton tietoisuus). T\u00e4ss\u00e4 tilassa mieli vapautuu&hellip; Read more","og_url":"https:\/\/shrimataji.org\/test\/fi\/sahaja-yoga-meditaatio\/","og_site_name":"TEST - SMND","article_publisher":"https:\/\/www.facebook.com\/shrimataji","article_modified_time":"2025-09-02T11:42:14+00:00","og_image":[{"width":2560,"height":905,"url":"https:\/\/shrimataji.org\/test\/wp-content\/uploads\/2023\/03\/4_Banner-SY-SYMedit-scaled.jpg","type":"image\/jpeg"}],"twitter_card":"summary_large_image","twitter_site":"@shrimataji","twitter_misc":{"Est. reading time":"3 minutes"},"schema":{"@context":"https:\/\/schema.org","@graph":[{"@type":"WebPage","@id":"https:\/\/shrimataji.org\/test\/fi\/sahaja-yoga-meditaatio\/","url":"https:\/\/shrimataji.org\/test\/fi\/sahaja-yoga-meditaatio\/","name":"Sahaja Yoga -meditaatio - TEST - SMND","isPartOf":{"@id":"https:\/\/shrimataji.org\/test\/#website"},"primaryImageOfPage":{"@id":"https:\/\/shrimataji.org\/test\/fi\/sahaja-yoga-meditaatio\/#primaryimage"},"image":{"@id":"https:\/\/shrimataji.org\/test\/fi\/sahaja-yoga-meditaatio\/#primaryimage"},"thumbnailUrl":"https:\/\/shrimataji.org\/test\/wp-content\/uploads\/2023\/03\/4_Banner-SY-SYMedit-scaled.jpg","datePublished":"2022-01-23T03:06:21+00:00","dateModified":"2025-09-02T11:42:14+00:00","breadcrumb":{"@id":"https:\/\/shrimataji.org\/test\/fi\/sahaja-yoga-meditaatio\/#breadcrumb"},"inLanguage":"en-US","potentialAction":[{"@type":"ReadAction","target":["https:\/\/shrimataji.org\/test\/fi\/sahaja-yoga-meditaatio\/"]}]},{"@type":"ImageObject","inLanguage":"en-US","@id":"https:\/\/shrimataji.org\/test\/fi\/sahaja-yoga-meditaatio\/#primaryimage","url":"https:\/\/shrimataji.org\/test\/wp-content\/uploads\/2023\/03\/4_Banner-SY-SYMedit-scaled.jpg","contentUrl":"https:\/\/shrimataji.org\/test\/wp-content\/uploads\/2023\/03\/4_Banner-SY-SYMedit-scaled.jpg","width":2560,"height":905},{"@type":"BreadcrumbList","@id":"https:\/\/shrimataji.org\/test\/fi\/sahaja-yoga-meditaatio\/#breadcrumb","itemListElement":[{"@type":"ListItem","position":1,"name":"Home","item":"https:\/\/shrimataji.org\/test\/uk\/home-en\/"},{"@type":"ListItem","position":2,"name":"Sahaja Yoga -meditaatio"}]},{"@type":"WebSite","@id":"https:\/\/shrimataji.org\/test\/#website","url":"https:\/\/shrimataji.org\/test\/","name":"Shri Mataji Nirmala Devi","description":"A Life Dedicated to Humanity","publisher":{"@id":"https:\/\/shrimataji.org\/test\/#\/schema\/person\/a1b3419c6585f164aa96da1ff85715d1"},"potentialAction":[{"@type":"SearchAction","target":{"@type":"EntryPoint","urlTemplate":"https:\/\/shrimataji.org\/test\/?s={search_term_string}"},"query-input":{"@type":"PropertyValueSpecification","valueRequired":true,"valueName":"search_term_string"}}],"inLanguage":"en-US"},{"@type":["Person","Organization"],"@id":"https:\/\/shrimataji.org\/test\/#\/schema\/person\/a1b3419c6585f164aa96da1ff85715d1","name":"Nirmala Shrivastava","image":{"@type":"ImageObject","inLanguage":"en-US","@id":"https:\/\/shrimataji.org\/test\/wp-content\/uploads\/2023\/02\/SMO_LOGO-03.svg","url":"https:\/\/shrimataji.org\/test\/wp-content\/uploads\/2023\/02\/SMO_LOGO-03.svg","contentUrl":"https:\/\/shrimataji.org\/test\/wp-content\/uploads\/2023\/02\/SMO_LOGO-03.svg","width":"1024","height":"1024","caption":"Nirmala Shrivastava"},"logo":{"@id":"https:\/\/shrimataji.org\/test\/wp-content\/uploads\/2023\/02\/SMO_LOGO-03.svg"},"sameAs":["https:\/\/shrimataji.org\/test","https:\/\/www.facebook.com\/shrimataji","https:\/\/x.com\/shrimataji","https:\/\/www.youtube.com\/@Shri_Mataji_Nirmala_Devi\/featured"]}]}},"lang":"fi","translations":{"fi":12623,"ur":37492,"en":7044,"am":18067,"th":20046,"hu":19555,"sq":18468,"zh":17365,"hi":8368,"tr":10204,"pt":10414,"de":10688,"fr":10786,"it":10884,"es":10981,"ja":11279,"ru":11467,"bn":11658,"te":11766,"sw":11889,"he":12037,"el":12329,"sk":12427,"fa":12525,"bg":13411,"ro":14485,"cs":14678,"nl":16628,"ku":16788,"ar":16964,"be":18675,"kn":18949,"mr":20410,"uk":20704,"ml":20999,"ta":22786,"sv":23056,"gu":28896,"pa":29056,"fil":29504,"sd":31006,"da":37802,"pl":38012,"nn":38354},"pll_sync_post":[],"_links":{"self":[{"href":"https:\/\/shrimataji.org\/test\/wp-json\/wp\/v2\/pages\/12623","targetHints":{"allow":["GET"]}}],"collection":[{"href":"https:\/\/shrimataji.org\/test\/wp-json\/wp\/v2\/pages"}],"about":[{"href":"https:\/\/shrimataji.org\/test\/wp-json\/wp\/v2\/types\/page"}],"author":[{"embeddable":true,"href":"https:\/\/shrimataji.org\/test\/wp-json\/wp\/v2\/users\/29"}],"replies":[{"embeddable":true,"href":"https:\/\/shrimataji.org\/test\/wp-json\/wp\/v2\/comments?post=12623"}],"version-history":[{"count":0,"href":"https:\/\/shrimataji.org\/test\/wp-json\/wp\/v2\/pages\/12623\/revisions"}],"wp:featuredmedia":[{"embeddable":true,"href":"https:\/\/shrimataji.org\/test\/wp-json\/wp\/v2\/media\/9266"}],"wp:attachment":[{"href":"https:\/\/shrimataji.org\/test\/wp-json\/wp\/v2\/media?parent=12623"}],"curies":[{"name":"wp","href":"https:\/\/api.w.org\/{rel}","templated":true}]}}