{"id":12630,"date":"2012-11-01T12:00:00","date_gmt":"2012-11-01T12:00:00","guid":{"rendered":"http:\/\/testwordpress.nirmalnagari.org\/smnd\/index.php\/sir-c-p-srivastava\/"},"modified":"2025-09-20T21:09:02","modified_gmt":"2025-09-20T21:09:02","slug":"sir-c-p-srivastava-fi","status":"publish","type":"page","link":"https:\/\/shrimataji.org\/test\/fi\/sir-c-p-srivastava-fi\/","title":{"rendered":"Sir C.P. Srivastava FIN"},"content":{"rendered":"\n\n\t<h1>Sir C.P. Srivastava<\/h1>\n<h2>Sir C.P., &#8216;Diminutive Colossus&#8217; (Pikkuj\u00e4ttil\u00e4inen)<\/h2>\n\t<h4>Shri Mataji Nirmala Devi tunnetaan kaikkialla maailmassa Sahaja Yogan inspiroivana voimana. H\u00e4nen henkisen johtajan maineensa rinnalla on rinnakkainen tarina: H\u00e4nen aviomiehens\u00e4 Sir Chandrika Prasad Srivastavan poikkeuksellinen ura.<\/h4>\n<p>Ne, joilla on ollut onni viett\u00e4\u00e4 henkil\u00f6kohtaisesti aikaa Shri Matajin kanssa, tuntevat my\u00f6s pitk\u00e4n, arvokkaan ja pehme\u00e4ll\u00e4 \u00e4\u00e4nell\u00e4 puhuvan hahmon, &#8216;Sir C.P:n&#8217; &#8211; lempinimi, jolla h\u00e4net tunnettiin.<\/p>\n\t\t\t\t<img decoding=\"async\" src=\"https:\/\/shrimataji.org\/test\/wp-content\/uploads\/2018\/07\/media_originals\/images\/shri-mataji-and-family\/shri-mataji-sir-cp-kalpana-sadhana-family-london-uk.jpg\" alt=\"Sir CP esittelee ritarin arvonime\u00e4\u00e4n Shri Matajin ja tytt\u00e4riens\u00e4 Kalpanan ja Sadhanan rinnalla\" itemprop=\"image\" height=\"2206\" width=\"1500\" title=\"shri-mataji-sir-cp-kalpana-sadhana-family-london-uk\" onerror=\"this.style.display='none'\" loading='lazy' \/>\n\t\tSir CP esittelee ritarin arvonime\u00e4\u00e4n Shri Matajin ja tytt\u00e4riens\u00e4 Kalpanan ja Sadhanan rinnalla\n\t<p>Sir C.P. oli johtavassa asemassa oleva valtiomies, joka toimi nelj\u00e4 per\u00e4kk\u00e4ist\u00e4 kautta YK:n Kansainv\u00e4lisen merenkulkuj\u00e4rjest\u00f6n p\u00e4\u00e4sihteerin\u00e4, jolloin kuningatar Elisabet II l\u00f6i h\u00e4net ritariksi.<\/p>\n<p>Sir C.P. ja Shri Mataji meniv\u00e4t naimisiin, kun h\u00e4n oli suhteellisen tuntematon nuori virkamies Intian julkishallinnossa, ja h\u00e4n on usein huomauttanut, ett\u00e4 h\u00e4nen huima ammatillinen menestyksens\u00e4 johtui suurelta osin siit\u00e4, ett\u00e4 h\u00e4n noudatti vaimonsa neuvoja ja vaistoa.<\/p>\n<p>Pian avioliiton solmimisen j\u00e4lkeen h\u00e4n sai kadehdittavan vaihtoehdon: joko liitty\u00e4 Intian hallinnolliseen eliittiin tai siirty\u00e4 yht\u00e4 arvostettuun &#8211; ellei jopa arvostetumpaan &#8211; diplomaattikuntaan. H\u00e4nen yst\u00e4v\u00e4ns\u00e4 kannustivat h\u00e4nt\u00e4 ryhtym\u00e4\u00e4n diplomaatiksi, koska silloin olisi vain ajan kysymys, milloin h\u00e4nelle tarjottaisiin suurl\u00e4hettil\u00e4\u00e4n virkaa.<\/p>\n<p>Mutta rouva Srivastava sanoi ep\u00e4r\u00f6im\u00e4tt\u00e4: &#8220;Ei, pysyt\u00e4\u00e4n kotimaassa. Palvellaan maatamme t\u00e4\u00e4ll\u00e4.&#8221; Kukaan ei olisi voinut ennustaa, mit\u00e4 seuraavaksi tapahtui, kun useiden odottamattomien sattumusten kautta Sir C.P. nimitettiin Intian p\u00e4\u00e4ministerin Lal Bahadur Shastrin henkil\u00f6kohtaiseksi sihteeriksi.<\/p>\n\t\t<img decoding=\"async\" data-spai-excluded=\"true\" loading=\"lazy\"  alt=\"YouTube player\"  src=\"https:\/\/i.ytimg.com\/vi\/10r04eFnN3w\/maxresdefault.jpg\"  \/><button aria-label=\"Play\"><\/button><meta itemprop=\"embedUrl\" content=\"https:\/\/www.youtube.com\/embed\/10r04eFnN3w\"\/><meta itemprop=\"name\" content=\"What I Have Seen: A Stress Free Life\"\/><meta itemprop=\"description\" content=\"Speaking on the topic of stress management, Sir C.P. Srivastava, the husband of Shri Mataji, describes the value of Sahaja Yoga meditation. His perspective is unique, but not unusual. In this candid speech, he describes himself as a man able to do his job well, but now able to face life devoid of stress. &#039;It is a matter of wanting to achieve that transformation,&#039; he says. Nothing needs to be given up. &#039;I am telling you what I have seen.&#039; More videos at: http:\/\/ShriMataji.org ~ A Life Dedicated to Humanity ~\"\/><meta itemprop=\"thumbnailUrl\" content=\"https:\/\/i.ytimg.com\/vi\/10r04eFnN3w\/0.jpg\"\/><meta itemprop=\"duration\" content=\"PT10M46S\"\/><meta itemprop=\"uploadDate\" content=\"2020-07-20T00:05:20Z\"\/>\t\n\t<p>J\u00e4lkik\u00e4teen ajateltuna t\u00e4m\u00e4 oli sattumaa, koska herra Shastri oli monella tapaa juuri sen Sahaj-filosofian henkil\u00f6itym\u00e4, jota Shri Mataji itse edusti ja jonka H\u00e4n my\u00f6hemmin itse jakoi maailman kanssa. Kun Sir C.P. oli j\u00e4\u00e4nyt el\u00e4kkeelle julkishallinnosta, h\u00e4n kirjoitti j\u00e4lleen vaimonsa rohkaisemana teoksen Lal Bahadur Shastri: a Life of Truth in Politics, jossa h\u00e4n kuvailee Shastrin omaavan monia hindujumaluuden Shri Raman ominaisuuksia: n\u00f6yryytt\u00e4 ja syv\u00e4\u00e4 kunnioitusta kaikkia ihmisi\u00e4 kohtaan yhdistettyn\u00e4 suureen kunnian- ja velvollisuudentuntoon.<\/p>\n\t<p>Sir C.P. kirjoittaa, ett\u00e4 Shastri &#8220;oli todella sitoutunut dharmaan, oikeamielisyyteen, totuuteen ja moraaliin. H\u00e4ness\u00e4 ei ollut asenteellisuutta. H\u00e4ness\u00e4 ei ollut kahtiajakoa. Sis\u00e4ll\u00e4 ei ollut herra Shastria, joka olisi erilainen kuin ulkona oleva herra Shastri. H\u00e4n oli t\u00e4ysin yksi: yksi sis\u00e4lt\u00e4, yksi ulkoa, kaunis sis\u00e4lt\u00e4 ja kaunis ulkoa.&#8221;<\/p>\n<p>Shastri oli hyvin pienikokoinen, hento ja n\u00f6yr\u00e4, mink\u00e4 vuoksi monet ihmiset olettivat, ett\u00e4 h\u00e4nt\u00e4 olisi helppo hallita.<\/p>\n<p>Pian Shastrin tultua p\u00e4\u00e4ministeriksi Pakistan hy\u00f6kk\u00e4si Kashmiriin. Shastrin vastaus oli: &#8220;Olen rauhanomainen mies, mutta olen kunnian mies. P\u00e4\u00e4ministerin\u00e4 velvollisuuteni on puolustaa maatani.&#8221;<\/p>\n<p>Kuten Sir C.P. totesi: &#8220;T\u00e4m\u00e4 rauhan mies seisoi kuin kolossi&#8221;.<\/p>\n\t\t\t\t<img decoding=\"async\" src=\"https:\/\/shrimataji.org\/test\/wp-content\/uploads\/2018\/07\/media_originals\/images\/shri-mataji-and-family\/sir-c.p.-and-naval-officers-near-statue-of-lal-bahadur-shastri.jpg\" alt=\"Sir C.P. ja merivoimien upseerit seisovat Lal Bahadur Shastrin patsaan edess\u00e4\" itemprop=\"image\" height=\"1143\" width=\"1500\" title=\"sir-c\" onerror=\"this.style.display='none'\" loading='lazy' \/>\n\t\tSir C.P. ja merivoimien upseerit seisovat Lal Bahadur Shastrin patsaan edess\u00e4\n\t<h5>&#8220;Lal Bahadur Shastri oli t\u00e4ydellisesti yksi: yksi sis\u00e4lt\u00e4, yksi ulkoa, kaunis sis\u00e4lt\u00e4, kaunis ulkoa.&#8221;<\/h5>\n<h5>Sir C.P. Srivastava, joulukuussa 1994<\/h5>\n\t<p>T\u00e4ss\u00e4 suhteessa Shastri kantoi Mahatma Gandhin sytytt\u00e4m\u00e4\u00e4 soihtua. H\u00e4n jatkoi sanomalla: &#8220;Intiassa on ainutlaatuista se, ett\u00e4 meill\u00e4 on hinduja, muslimeja, kristittyj\u00e4, sikhej\u00e4, parseja ja ihmisi\u00e4 kaikista muista uskonnoista&#8230; mutta emme tuo kaikkea t\u00e4t\u00e4 politiikkaan. T\u00e4m\u00e4 on Intian ja Pakistanin ero. Pakistan julistaa olevansa islamilainen valtio ja k\u00e4ytt\u00e4\u00e4 uskontoa poliittisena tekij\u00e4n\u00e4, kun taas meill\u00e4 intialaisilla on vapaus noudattaa mit\u00e4 tahansa uskontoa ja palvoa haluamallamme tavalla. Mit\u00e4 tulee politiikkaan, jokainen meist\u00e4 on yht\u00e4 paljon intialainen kuin toinenkin.&#8221;<\/p>\n\t<p>My\u00f6hemmin k\u00e4ydyiss\u00e4 rauhanneuvotteluissa Shastri sai kaikki vastapuolet k\u00e4\u00e4ntym\u00e4\u00e4n omalle kannalleen, ja yhdess\u00e4 he solmivat kest\u00e4v\u00e4n rauhan Pakistanin kanssa. Shastri kuoli yll\u00e4tt\u00e4en samojen rauhanneuvottelujen aikana, ilmeisesti syd\u00e4nkohtaukseen. Sir C.P. oli h\u00e4nen vierell\u00e4\u00e4n, kun h\u00e4n kuoli. My\u00f6hemmin h\u00e4n kirjoitti, ettei h\u00e4nell\u00e4 ollut &#8220;mit\u00e4\u00e4n suurempaa etuoikeutta kuin se, ett\u00e4 h\u00e4nell\u00e4 oli tilaisuus palvella Shri Lal Bahadur Shastria&#8221;. <a href=\"https:\/\/www.deepl.com\/en\/translator-windows?windows_app_version=25.1.5.15194%2b743dfcfc0be287cc1c6432c8e06286b753c72e06&amp;theme=0#citation-note-1\">[1]<\/a><\/p>\n<p>Sir C.P. aloitti Lal Bahadur Shastrin innoittamana ja vaimonsa aktiivisella avustuksella ja tuella oman loistokkaan uransa &#8211; ensin korkeana virkamiehen\u00e4 Intian hallinnon palveluksessa, sitten Intian merenkulkulaitoksen puheenjohtajana ja lopulta YK:n Kansainv\u00e4lisen merenkulkuj\u00e4rjest\u00f6n (IMO) historian pitk\u00e4aikaisimpana p\u00e4\u00e4sihteerin\u00e4.<\/p>\n<p>IMO on ainoa YK:n elin, jonka keskuspaikka on Lontoossa, ja juuri niiden kuudentoista vuoden aikana, jotka Sir C.P. palveli siell\u00e4, Shri Mataji otti teht\u00e4v\u00e4kseen esitell\u00e4 <a href=\"https:\/\/shrimataji.org\/test\/fi\/sahaja-yoga-meditaatio\/\">Sahaja Yoga -meditaatiota<\/a> maailmalle.<\/p>\n\t\t\t\t<img decoding=\"async\" src=\"https:\/\/shrimataji.org\/test\/wp-content\/uploads\/2018\/07\/media_originals\/images\/shri-mataji-and-family\/shri-mataji-nirmala-devi-sir-cp-world-maritime-university.jpg\" alt=\"Shri Mataji ja Sir CP Maailman merenkulkuyliopistossa Malm\u00f6ss\u00e4 Ruotsissa\" itemprop=\"image\" height=\"960\" width=\"655\" title=\"shri-mataji-nirmala-devi-sir-cp-world-maritime-university\" onerror=\"this.style.display='none'\" loading='lazy' \/>\n\t\tShri Mataji ja Sir CP Maailman merenkulkuyliopistossa Malm\u00f6ss\u00e4 Ruotsissa\n\t<hr \/>\n<h3>1. <a href=\"#citation-ref-1\">^<\/a><a name=\"citation-note-1\"><\/a> C. P. Srivastava, &#8216;Lal Bahadur Shastri: A Life of Truth in Politics&#8217; New Delhi: Oxford University Press, 1995.<\/h3>\n\n","protected":false},"excerpt":{"rendered":"<p>Sir C.P. Srivastava Sir C.P., &#8216;Diminutive Colossus&#8217; (Pikkuj\u00e4ttil\u00e4inen) Shri Mataji Nirmala Devi tunnetaan kaikkialla maailmassa Sahaja Yogan inspiroivana voimana. H\u00e4nen henkisen johtajan maineensa rinnalla on rinnakkainen tarina: H\u00e4nen aviomiehens\u00e4 Sir Chandrika Prasad Srivastavan poikkeuksellinen ura. Ne, joilla on ollut onni viett\u00e4\u00e4 henkil\u00f6kohtaisesti aikaa Shri Matajin kanssa, tuntevat my\u00f6s pitk\u00e4n, arvokkaan ja pehme\u00e4ll\u00e4 \u00e4\u00e4nell\u00e4 puhuvan hahmon,&hellip; <br \/> <a class=\"read-more\" href=\"https:\/\/shrimataji.org\/test\/fi\/sir-c-p-srivastava-fi\/\">Read more<\/a><\/p>\n","protected":false},"author":29,"featured_media":9513,"parent":0,"menu_order":0,"comment_status":"closed","ping_status":"closed","template":"","meta":{"inline_featured_image":false,"footnotes":""},"class_list":["post-12630","page","type-page","status-publish","has-post-thumbnail","hentry"],"yoast_head":"<!-- This site is optimized with the Yoast SEO plugin v27.4 - https:\/\/yoast.com\/product\/yoast-seo-wordpress\/ -->\n<title>Sir C.P. Srivastava FIN - TEST - SMND<\/title>\n<meta name=\"robots\" content=\"noindex, follow, max-snippet:-1, max-image-preview:large, max-video-preview:-1\" \/>\n<meta property=\"og:locale\" content=\"en_US\" \/>\n<meta property=\"og:type\" content=\"article\" \/>\n<meta property=\"og:title\" content=\"Sir C.P. Srivastava FIN - TEST - SMND\" \/>\n<meta property=\"og:description\" content=\"Sir C.P. Srivastava Sir C.P., &#8216;Diminutive Colossus&#8217; (Pikkuj\u00e4ttil\u00e4inen) Shri Mataji Nirmala Devi tunnetaan kaikkialla maailmassa Sahaja Yogan inspiroivana voimana. H\u00e4nen henkisen johtajan maineensa rinnalla on rinnakkainen tarina: H\u00e4nen aviomiehens\u00e4 Sir Chandrika Prasad Srivastavan poikkeuksellinen ura. Ne, joilla on ollut onni viett\u00e4\u00e4 henkil\u00f6kohtaisesti aikaa Shri Matajin kanssa, tuntevat my\u00f6s pitk\u00e4n, arvokkaan ja pehme\u00e4ll\u00e4 \u00e4\u00e4nell\u00e4 puhuvan hahmon,&hellip; Read more\" \/>\n<meta property=\"og:url\" content=\"https:\/\/shrimataji.org\/test\/fi\/sir-c-p-srivastava-fi\/\" \/>\n<meta property=\"og:site_name\" content=\"TEST - SMND\" \/>\n<meta property=\"article:publisher\" content=\"https:\/\/www.facebook.com\/shrimataji\" \/>\n<meta property=\"article:modified_time\" content=\"2025-09-20T21:09:02+00:00\" \/>\n<meta property=\"og:image\" content=\"https:\/\/shrimataji.org\/test\/wp-content\/uploads\/2023\/03\/8_Banner-Family_CP-2-scaled.jpg\" \/>\n\t<meta property=\"og:image:width\" content=\"2560\" \/>\n\t<meta property=\"og:image:height\" content=\"905\" \/>\n\t<meta property=\"og:image:type\" content=\"image\/jpeg\" \/>\n<meta name=\"twitter:card\" content=\"summary_large_image\" \/>\n<meta name=\"twitter:site\" content=\"@shrimataji\" \/>\n<script type=\"application\/ld+json\" class=\"yoast-schema-graph\">{\"@context\":\"https:\\\/\\\/schema.org\",\"@graph\":[{\"@type\":\"WebPage\",\"@id\":\"https:\\\/\\\/shrimataji.org\\\/test\\\/fi\\\/sir-c-p-srivastava-fi\\\/\",\"url\":\"https:\\\/\\\/shrimataji.org\\\/test\\\/fi\\\/sir-c-p-srivastava-fi\\\/\",\"name\":\"Sir C.P. Srivastava FIN - TEST - SMND\",\"isPartOf\":{\"@id\":\"https:\\\/\\\/shrimataji.org\\\/test\\\/#website\"},\"primaryImageOfPage\":{\"@id\":\"https:\\\/\\\/shrimataji.org\\\/test\\\/fi\\\/sir-c-p-srivastava-fi\\\/#primaryimage\"},\"image\":{\"@id\":\"https:\\\/\\\/shrimataji.org\\\/test\\\/fi\\\/sir-c-p-srivastava-fi\\\/#primaryimage\"},\"thumbnailUrl\":\"https:\\\/\\\/shrimataji.org\\\/test\\\/wp-content\\\/uploads\\\/2023\\\/03\\\/8_Banner-Family_CP-2-scaled.jpg\",\"datePublished\":\"2012-11-01T12:00:00+00:00\",\"dateModified\":\"2025-09-20T21:09:02+00:00\",\"breadcrumb\":{\"@id\":\"https:\\\/\\\/shrimataji.org\\\/test\\\/fi\\\/sir-c-p-srivastava-fi\\\/#breadcrumb\"},\"inLanguage\":\"en-US\",\"potentialAction\":[{\"@type\":\"ReadAction\",\"target\":[\"https:\\\/\\\/shrimataji.org\\\/test\\\/fi\\\/sir-c-p-srivastava-fi\\\/\"]}]},{\"@type\":\"ImageObject\",\"inLanguage\":\"en-US\",\"@id\":\"https:\\\/\\\/shrimataji.org\\\/test\\\/fi\\\/sir-c-p-srivastava-fi\\\/#primaryimage\",\"url\":\"https:\\\/\\\/shrimataji.org\\\/test\\\/wp-content\\\/uploads\\\/2023\\\/03\\\/8_Banner-Family_CP-2-scaled.jpg\",\"contentUrl\":\"https:\\\/\\\/shrimataji.org\\\/test\\\/wp-content\\\/uploads\\\/2023\\\/03\\\/8_Banner-Family_CP-2-scaled.jpg\",\"width\":2560,\"height\":905},{\"@type\":\"BreadcrumbList\",\"@id\":\"https:\\\/\\\/shrimataji.org\\\/test\\\/fi\\\/sir-c-p-srivastava-fi\\\/#breadcrumb\",\"itemListElement\":[{\"@type\":\"ListItem\",\"position\":1,\"name\":\"Home\",\"item\":\"https:\\\/\\\/shrimataji.org\\\/test\\\/uk\\\/home-en\\\/\"},{\"@type\":\"ListItem\",\"position\":2,\"name\":\"Sir C.P. Srivastava FIN\"}]},{\"@type\":\"WebSite\",\"@id\":\"https:\\\/\\\/shrimataji.org\\\/test\\\/#website\",\"url\":\"https:\\\/\\\/shrimataji.org\\\/test\\\/\",\"name\":\"Shri Mataji Nirmala Devi\",\"description\":\"A Life Dedicated to Humanity\",\"publisher\":{\"@id\":\"https:\\\/\\\/shrimataji.org\\\/test\\\/#\\\/schema\\\/person\\\/a1b3419c6585f164aa96da1ff85715d1\"},\"potentialAction\":[{\"@type\":\"SearchAction\",\"target\":{\"@type\":\"EntryPoint\",\"urlTemplate\":\"https:\\\/\\\/shrimataji.org\\\/test\\\/?s={search_term_string}\"},\"query-input\":{\"@type\":\"PropertyValueSpecification\",\"valueRequired\":true,\"valueName\":\"search_term_string\"}}],\"inLanguage\":\"en-US\"},{\"@type\":[\"Person\",\"Organization\"],\"@id\":\"https:\\\/\\\/shrimataji.org\\\/test\\\/#\\\/schema\\\/person\\\/a1b3419c6585f164aa96da1ff85715d1\",\"name\":\"Nirmala Shrivastava\",\"image\":{\"@type\":\"ImageObject\",\"inLanguage\":\"en-US\",\"@id\":\"https:\\\/\\\/shrimataji.org\\\/test\\\/wp-content\\\/uploads\\\/2023\\\/02\\\/SMO_LOGO-03.svg\",\"url\":\"https:\\\/\\\/shrimataji.org\\\/test\\\/wp-content\\\/uploads\\\/2023\\\/02\\\/SMO_LOGO-03.svg\",\"contentUrl\":\"https:\\\/\\\/shrimataji.org\\\/test\\\/wp-content\\\/uploads\\\/2023\\\/02\\\/SMO_LOGO-03.svg\",\"width\":\"1024\",\"height\":\"1024\",\"caption\":\"Nirmala Shrivastava\"},\"logo\":{\"@id\":\"https:\\\/\\\/shrimataji.org\\\/test\\\/wp-content\\\/uploads\\\/2023\\\/02\\\/SMO_LOGO-03.svg\"},\"sameAs\":[\"https:\\\/\\\/shrimataji.org\\\/test\",\"https:\\\/\\\/www.facebook.com\\\/shrimataji\",\"https:\\\/\\\/x.com\\\/shrimataji\",\"https:\\\/\\\/www.youtube.com\\\/@Shri_Mataji_Nirmala_Devi\\\/featured\"]}]}<\/script>\n<!-- \/ Yoast SEO plugin. -->","yoast_head_json":{"title":"Sir C.P. Srivastava FIN - TEST - SMND","robots":{"index":"noindex","follow":"follow","max-snippet":"max-snippet:-1","max-image-preview":"max-image-preview:large","max-video-preview":"max-video-preview:-1"},"og_locale":"en_US","og_type":"article","og_title":"Sir C.P. Srivastava FIN - TEST - SMND","og_description":"Sir C.P. Srivastava Sir C.P., &#8216;Diminutive Colossus&#8217; (Pikkuj\u00e4ttil\u00e4inen) Shri Mataji Nirmala Devi tunnetaan kaikkialla maailmassa Sahaja Yogan inspiroivana voimana. H\u00e4nen henkisen johtajan maineensa rinnalla on rinnakkainen tarina: H\u00e4nen aviomiehens\u00e4 Sir Chandrika Prasad Srivastavan poikkeuksellinen ura. Ne, joilla on ollut onni viett\u00e4\u00e4 henkil\u00f6kohtaisesti aikaa Shri Matajin kanssa, tuntevat my\u00f6s pitk\u00e4n, arvokkaan ja pehme\u00e4ll\u00e4 \u00e4\u00e4nell\u00e4 puhuvan hahmon,&hellip; Read more","og_url":"https:\/\/shrimataji.org\/test\/fi\/sir-c-p-srivastava-fi\/","og_site_name":"TEST - SMND","article_publisher":"https:\/\/www.facebook.com\/shrimataji","article_modified_time":"2025-09-20T21:09:02+00:00","og_image":[{"width":2560,"height":905,"url":"https:\/\/shrimataji.org\/test\/wp-content\/uploads\/2023\/03\/8_Banner-Family_CP-2-scaled.jpg","type":"image\/jpeg"}],"twitter_card":"summary_large_image","twitter_site":"@shrimataji","schema":{"@context":"https:\/\/schema.org","@graph":[{"@type":"WebPage","@id":"https:\/\/shrimataji.org\/test\/fi\/sir-c-p-srivastava-fi\/","url":"https:\/\/shrimataji.org\/test\/fi\/sir-c-p-srivastava-fi\/","name":"Sir C.P. Srivastava FIN - TEST - SMND","isPartOf":{"@id":"https:\/\/shrimataji.org\/test\/#website"},"primaryImageOfPage":{"@id":"https:\/\/shrimataji.org\/test\/fi\/sir-c-p-srivastava-fi\/#primaryimage"},"image":{"@id":"https:\/\/shrimataji.org\/test\/fi\/sir-c-p-srivastava-fi\/#primaryimage"},"thumbnailUrl":"https:\/\/shrimataji.org\/test\/wp-content\/uploads\/2023\/03\/8_Banner-Family_CP-2-scaled.jpg","datePublished":"2012-11-01T12:00:00+00:00","dateModified":"2025-09-20T21:09:02+00:00","breadcrumb":{"@id":"https:\/\/shrimataji.org\/test\/fi\/sir-c-p-srivastava-fi\/#breadcrumb"},"inLanguage":"en-US","potentialAction":[{"@type":"ReadAction","target":["https:\/\/shrimataji.org\/test\/fi\/sir-c-p-srivastava-fi\/"]}]},{"@type":"ImageObject","inLanguage":"en-US","@id":"https:\/\/shrimataji.org\/test\/fi\/sir-c-p-srivastava-fi\/#primaryimage","url":"https:\/\/shrimataji.org\/test\/wp-content\/uploads\/2023\/03\/8_Banner-Family_CP-2-scaled.jpg","contentUrl":"https:\/\/shrimataji.org\/test\/wp-content\/uploads\/2023\/03\/8_Banner-Family_CP-2-scaled.jpg","width":2560,"height":905},{"@type":"BreadcrumbList","@id":"https:\/\/shrimataji.org\/test\/fi\/sir-c-p-srivastava-fi\/#breadcrumb","itemListElement":[{"@type":"ListItem","position":1,"name":"Home","item":"https:\/\/shrimataji.org\/test\/uk\/home-en\/"},{"@type":"ListItem","position":2,"name":"Sir C.P. Srivastava FIN"}]},{"@type":"WebSite","@id":"https:\/\/shrimataji.org\/test\/#website","url":"https:\/\/shrimataji.org\/test\/","name":"Shri Mataji Nirmala Devi","description":"A Life Dedicated to Humanity","publisher":{"@id":"https:\/\/shrimataji.org\/test\/#\/schema\/person\/a1b3419c6585f164aa96da1ff85715d1"},"potentialAction":[{"@type":"SearchAction","target":{"@type":"EntryPoint","urlTemplate":"https:\/\/shrimataji.org\/test\/?s={search_term_string}"},"query-input":{"@type":"PropertyValueSpecification","valueRequired":true,"valueName":"search_term_string"}}],"inLanguage":"en-US"},{"@type":["Person","Organization"],"@id":"https:\/\/shrimataji.org\/test\/#\/schema\/person\/a1b3419c6585f164aa96da1ff85715d1","name":"Nirmala Shrivastava","image":{"@type":"ImageObject","inLanguage":"en-US","@id":"https:\/\/shrimataji.org\/test\/wp-content\/uploads\/2023\/02\/SMO_LOGO-03.svg","url":"https:\/\/shrimataji.org\/test\/wp-content\/uploads\/2023\/02\/SMO_LOGO-03.svg","contentUrl":"https:\/\/shrimataji.org\/test\/wp-content\/uploads\/2023\/02\/SMO_LOGO-03.svg","width":"1024","height":"1024","caption":"Nirmala Shrivastava"},"logo":{"@id":"https:\/\/shrimataji.org\/test\/wp-content\/uploads\/2023\/02\/SMO_LOGO-03.svg"},"sameAs":["https:\/\/shrimataji.org\/test","https:\/\/www.facebook.com\/shrimataji","https:\/\/x.com\/shrimataji","https:\/\/www.youtube.com\/@Shri_Mataji_Nirmala_Devi\/featured"]}]}},"lang":"fi","translations":{"fi":12630,"ur":37505,"en":423,"am":18079,"th":20064,"hu":19568,"sq":18480,"zh":17377,"tr":10212,"pt":10421,"de":10695,"fr":10793,"it":10891,"es":10988,"ja":11286,"ru":11474,"bn":11665,"te":11773,"sw":11896,"he":12044,"el":12336,"sk":12434,"fa":12532,"bg":13492,"ro":14567,"cs":14760,"nl":16640,"ku":16800,"ar":16976,"be":18687,"kn":18961,"mr":20428,"uk":20722,"ml":21017,"ta":22798,"sv":23068,"gu":28904,"pa":29064,"fil":29517,"da":37814,"nn":38366,"pl":39943},"pll_sync_post":[],"_links":{"self":[{"href":"https:\/\/shrimataji.org\/test\/wp-json\/wp\/v2\/pages\/12630","targetHints":{"allow":["GET"]}}],"collection":[{"href":"https:\/\/shrimataji.org\/test\/wp-json\/wp\/v2\/pages"}],"about":[{"href":"https:\/\/shrimataji.org\/test\/wp-json\/wp\/v2\/types\/page"}],"author":[{"embeddable":true,"href":"https:\/\/shrimataji.org\/test\/wp-json\/wp\/v2\/users\/29"}],"replies":[{"embeddable":true,"href":"https:\/\/shrimataji.org\/test\/wp-json\/wp\/v2\/comments?post=12630"}],"version-history":[{"count":0,"href":"https:\/\/shrimataji.org\/test\/wp-json\/wp\/v2\/pages\/12630\/revisions"}],"wp:featuredmedia":[{"embeddable":true,"href":"https:\/\/shrimataji.org\/test\/wp-json\/wp\/v2\/media\/9513"}],"wp:attachment":[{"href":"https:\/\/shrimataji.org\/test\/wp-json\/wp\/v2\/media?parent=12630"}],"curies":[{"name":"wp","href":"https:\/\/api.w.org\/{rel}","templated":true}]}}