{"id":12631,"date":"2018-07-10T06:54:42","date_gmt":"2018-07-10T06:54:42","guid":{"rendered":"http:\/\/testwordpress.nirmalnagari.org\/smnd\/index.php\/work\/"},"modified":"2025-09-02T11:45:32","modified_gmt":"2025-09-02T11:45:32","slug":"yhteiskunnallinen-muutos","status":"publish","type":"page","link":"https:\/\/shrimataji.org\/test\/fi\/yhteiskunnallinen-muutos\/","title":{"rendered":"Yhteiskunnallinen muutos"},"content":{"rendered":"\n\n\t<h1>Yhteiskunnallinen muutos<\/h1>\n<h2>Rakkauden ty\u00f6t\u00e4<\/h2>\n\t<h4>Shri Mataji varttui perheess\u00e4, joka piti uhrautumista korkeimpana kutsumuksena, ja H\u00e4n omisti el\u00e4m\u00e4ns\u00e4 jatkuvalle julkiselle ja henkiselle ty\u00f6lle.<\/h4>\n\t<p>H\u00e4n osallistui jo varhain aktiivisesti Intian vapaustaisteluun. My\u00f6hemmin H\u00e4n jatkoi hyv\u00e4ntahtoista kiinnostustaan ymp\u00e4r\u00f6iv\u00e4\u00e4 maailmaa kohtaan my\u00f6s kiireisen el\u00e4m\u00e4ns\u00e4 keskell\u00e4 arvostetun intialaisen diplomaatin vaimona ja kahden tytt\u00e4ren kasvattajana. Vuonna 1961 Shri Mataji perusti &#8220;Youth Society for Films&#8221; -nuorisoseuran, jonka tarkoituksena oli edist\u00e4\u00e4 nuorten kansallisia, sosiaalisia ja moraalisia arvoja. H\u00e4n oli my\u00f6s Mumbain elokuvasensuurilautakunnan j\u00e4sen.<\/p>\n<p>Sahaja Yoga -meditaation perustajana ja matkustellessaan laajasti ymp\u00e4ri maailmaa H\u00e4n oli vuorovaikutuksessa monenlaisten eri maista, kulttuureista, tulotasoista ja taustoista tulevien ihmisten kanssa ja suhtautui heihin kiinnostuneesti ja vilpitt\u00f6m\u00e4sti. H\u00e4n havaitsi, ett\u00e4 kaikki ihmisten ongelmat johtuvat tiet\u00e4m\u00e4tt\u00f6myydest\u00e4 heid\u00e4n todellisesta sis\u00e4isest\u00e4 potentiaalistaan henkisin\u00e4 olentoina ja ett\u00e4 t\u00e4m\u00e4 potentiaali voidaan helposti hy\u00f6dynt\u00e4\u00e4 itseoivalluksen kautta. Sis\u00e4inen muutos, joka on avain yhteiskunnalliseen muutokseen, toimi kulmakiven\u00e4 kaikille Shri Matajin aloittamille maailmanlaajuisille kansalaisj\u00e4rjest\u00f6ille.<\/p>\n<p>H\u00e4n perusti hyv\u00e4ntekev\u00e4isyysj\u00e4rjest\u00f6j\u00e4, kuten <a href=\"https:\/\/www.nirmalprem.org\/\" target=\"_blank\" rel=\"noopener\">Vishwa Nirmala Prem Ashram<\/a> v\u00e4h\u00e4osaisille naisille ja orpolapsille, perusti kansainv\u00e4lisi\u00e4 kouluja, jotka edist\u00e4v\u00e4t valistunutta koulutusta, perusti kokonaisvaltaisia terveyskeskuksia, loi kansainv\u00e4lisen akatemian, joka edist\u00e4\u00e4 klassista musiikkia ja kuvataiteita, ja paljon muuta. Kaikki n\u00e4m\u00e4 pyrkimykset t\u00e4ydensiv\u00e4t H\u00e4nen maailmanlaajuista ty\u00f6t\u00e4\u00e4n henkisen muutoksen puolesta.<\/p>\n<p>2000-luku asettaa meille monenlaisia haasteita, joihin vastaaminen m\u00e4\u00e4rittelee ja muokkaa huomisen yhteiskunnan uusia normeja. Ihmiset kaikkialla maailmassa etsiv\u00e4t edelleen ratkaisuja n\u00e4ihin haasteisiin, olivatpa ne sitten maailmanlaajuisia pandemioita, ilmastonmuutosta, sosioekonomisia ongelmia, kulttuurisia konflikteja, uskonnollista fanatismia jne., jotka kaikki m\u00e4\u00e4rittelev\u00e4t inhimillisen jalanj\u00e4lkemme t\u00e4ll\u00e4 maapallolla.<\/p>\n<p>Monet yhteiskuntien nykyisist\u00e4 sosiaalisista ja taloudellisista ongelmista johtuvat ahneudesta ja materialismista. Shri Mataji korosti, ett\u00e4 materialismi on v\u00e4\u00e4r\u00e4 asenne materiaa kohtaan ja ett\u00e4 materialla on oma tarkoituksensa, joka on antaa meille iloa. Jos n\u00e4emme esimerkiksi kauniin taideteoksen, voimme ihailla sit\u00e4, mutta meid\u00e4n ei tarvitse omistaa sit\u00e4. Tai jos annamme jollekulle lahjan rakkautemme ilmauksena, k\u00e4yt\u00e4mme materiaa tarkoituksenmukaisella tavalla ja tunnemme todellista tyydytyst\u00e4, joka ylitt\u00e4\u00e4 ostamisesta ja omistamisesta saatavan ohimenev\u00e4n ilon.<\/p>\n<p>Kun kolmas hienojakoinen keskus, joka tunnetaan nimell\u00e4 <a href=\"https:\/\/shrimataji.org\/test\/fi\/nabhi-chakra-fi\/\" target=\"_blank\" rel=\"noopener\">Nabhi-chakra<\/a>, valaistuu <a href=\"https:\/\/shrimataji.org\/test\/fi\/itseoivallus\/\" target=\"_blank\" rel=\"noopener\">itseoivalluksemme<\/a> j\u00e4lkeen <a href=\"https:\/\/shrimataji.org\/test\/fi\/kundaliini\/\" target=\"_blank\" rel=\"noopener\">Kundaliinin<\/a> her\u00e4\u00e4misen kautta, tunnemme itsemme t\u00e4ysin tyytyv\u00e4isiksi ja vapaiksi ahneuden ja omistushalun negatiivisista taipumuksista. N\u00e4emme materian henkisen arvon, jonka tunnemme positiivisena energiana, joka s\u00e4teilee luonnonmateriaalista luoduista esineist\u00e4 ja jopa kauniista k\u00e4sintehdyist\u00e4 k\u00e4sit\u00f6ist\u00e4 ja maalauksista. Shri Mataji selitti t\u00e4llaiset ilmi\u00f6t aineen henkisell\u00e4 kertoimella, jonka voi tuntea itseoivalluksen j\u00e4lkeen.<\/p>\n<p>Mielenkiintoista on, ett\u00e4 hienorakenteessamme olevan toisen keskuksen, <a href=\"https:\/\/shrimataji.org\/test\/fi\/swadhisthan-chakra-fi\/\" target=\"_blank\" rel=\"noopener\">Swadhisthan-chakran<\/a>, valaistuminen parantaa luovuuden tunnettamme, jolloin voimme paitsi arvostaa toisten luovia teoksia, my\u00f6s usein l\u00f6yt\u00e4\u00e4 oman sis\u00e4isen luovan potentiaalimme. Monet Sahaja Yoga -meditaation harjoittajat ovat h\u00e4mm\u00e4styneit\u00e4 omien luovien kykyjens\u00e4 r\u00e4j\u00e4hdysm\u00e4isest\u00e4 kasvusta, joka kaikki tapahtuu spontaanisti puhtaana inspiraationa ja intuitiona.<\/p>\n<p>Shri Mataji ennakoi n\u00e4iden kauniiden hienojakoisten ominaisuuksien ilmenemist\u00e4 paitsi yksil\u00f6ss\u00e4 my\u00f6s kollektiivisena voimana, joka voisi ilmet\u00e4 yhteiskunnassa ja muuttaa ihmiskunnan kurssin itsetuhoisuuden tielt\u00e4 kohti kest\u00e4v\u00e4\u00e4 el\u00e4m\u00e4\u00e4 maapallolla.<\/p>\n<p>Shri Matajin my\u00f6t\u00e4tunto ja huoli ihmiskunnasta toimi kaiken H\u00e4nen toimintansa k\u00e4ytt\u00f6voimana. H\u00e4n ei koskaan kutsunut tekemisi\u00e4\u00e4n &#8220;ty\u00f6ksi&#8221;, vaan pikemminkin rakkauden ty\u00f6ksi, josta H\u00e4n nautti suunnattomasti.<\/p>\n\n","protected":false},"excerpt":{"rendered":"<p>Yhteiskunnallinen muutos Rakkauden ty\u00f6t\u00e4 Shri Mataji varttui perheess\u00e4, joka piti uhrautumista korkeimpana kutsumuksena, ja H\u00e4n omisti el\u00e4m\u00e4ns\u00e4 jatkuvalle julkiselle ja henkiselle ty\u00f6lle. H\u00e4n osallistui jo varhain aktiivisesti Intian vapaustaisteluun. My\u00f6hemmin H\u00e4n jatkoi hyv\u00e4ntahtoista kiinnostustaan ymp\u00e4r\u00f6iv\u00e4\u00e4 maailmaa kohtaan my\u00f6s kiireisen el\u00e4m\u00e4ns\u00e4 keskell\u00e4 arvostetun intialaisen diplomaatin vaimona ja kahden tytt\u00e4ren kasvattajana. Vuonna 1961 Shri Mataji perusti &#8220;Youth&hellip; <br \/> <a class=\"read-more\" href=\"https:\/\/shrimataji.org\/test\/fi\/yhteiskunnallinen-muutos\/\">Read more<\/a><\/p>\n","protected":false},"author":29,"featured_media":127,"parent":0,"menu_order":0,"comment_status":"closed","ping_status":"closed","template":"","meta":{"inline_featured_image":false,"footnotes":""},"class_list":["post-12631","page","type-page","status-publish","has-post-thumbnail","hentry"],"yoast_head":"<!-- This site is optimized with the Yoast SEO plugin v27.4 - https:\/\/yoast.com\/product\/yoast-seo-wordpress\/ -->\n<title>Yhteiskunnallinen muutos - TEST - SMND<\/title>\n<meta name=\"robots\" content=\"noindex, follow, max-snippet:-1, max-image-preview:large, max-video-preview:-1\" \/>\n<meta property=\"og:locale\" content=\"en_US\" \/>\n<meta property=\"og:type\" content=\"article\" \/>\n<meta property=\"og:title\" content=\"Yhteiskunnallinen muutos - TEST - SMND\" \/>\n<meta property=\"og:description\" content=\"Yhteiskunnallinen muutos Rakkauden ty\u00f6t\u00e4 Shri Mataji varttui perheess\u00e4, joka piti uhrautumista korkeimpana kutsumuksena, ja H\u00e4n omisti el\u00e4m\u00e4ns\u00e4 jatkuvalle julkiselle ja henkiselle ty\u00f6lle. H\u00e4n osallistui jo varhain aktiivisesti Intian vapaustaisteluun. My\u00f6hemmin H\u00e4n jatkoi hyv\u00e4ntahtoista kiinnostustaan ymp\u00e4r\u00f6iv\u00e4\u00e4 maailmaa kohtaan my\u00f6s kiireisen el\u00e4m\u00e4ns\u00e4 keskell\u00e4 arvostetun intialaisen diplomaatin vaimona ja kahden tytt\u00e4ren kasvattajana. Vuonna 1961 Shri Mataji perusti &#8220;Youth&hellip; Read more\" \/>\n<meta property=\"og:url\" content=\"https:\/\/shrimataji.org\/test\/fi\/yhteiskunnallinen-muutos\/\" \/>\n<meta property=\"og:site_name\" content=\"TEST - SMND\" \/>\n<meta property=\"article:publisher\" content=\"https:\/\/www.facebook.com\/shrimataji\" \/>\n<meta property=\"article:modified_time\" content=\"2025-09-02T11:45:32+00:00\" \/>\n<meta property=\"og:image\" content=\"https:\/\/shrimataji.org\/test\/wp-content\/uploads\/2018\/07\/media_originals\/images\/headers-general\/shri-mataji-arrival-in-rome-may-1985.jpg\" \/>\n\t<meta property=\"og:image:width\" content=\"990\" \/>\n\t<meta property=\"og:image:height\" content=\"350\" \/>\n\t<meta property=\"og:image:type\" content=\"image\/jpeg\" \/>\n<meta name=\"twitter:card\" content=\"summary_large_image\" \/>\n<meta name=\"twitter:site\" content=\"@shrimataji\" \/>\n<meta name=\"twitter:label1\" content=\"Est. reading time\" \/>\n\t<meta name=\"twitter:data1\" content=\"3 minutes\" \/>\n<script type=\"application\/ld+json\" class=\"yoast-schema-graph\">{\"@context\":\"https:\\\/\\\/schema.org\",\"@graph\":[{\"@type\":\"WebPage\",\"@id\":\"https:\\\/\\\/shrimataji.org\\\/test\\\/fi\\\/yhteiskunnallinen-muutos\\\/\",\"url\":\"https:\\\/\\\/shrimataji.org\\\/test\\\/fi\\\/yhteiskunnallinen-muutos\\\/\",\"name\":\"Yhteiskunnallinen muutos - TEST - SMND\",\"isPartOf\":{\"@id\":\"https:\\\/\\\/shrimataji.org\\\/test\\\/#website\"},\"primaryImageOfPage\":{\"@id\":\"https:\\\/\\\/shrimataji.org\\\/test\\\/fi\\\/yhteiskunnallinen-muutos\\\/#primaryimage\"},\"image\":{\"@id\":\"https:\\\/\\\/shrimataji.org\\\/test\\\/fi\\\/yhteiskunnallinen-muutos\\\/#primaryimage\"},\"thumbnailUrl\":\"https:\\\/\\\/shrimataji.org\\\/test\\\/wp-content\\\/uploads\\\/2018\\\/07\\\/media_originals\\\/images\\\/headers-general\\\/shri-mataji-arrival-in-rome-may-1985.jpg\",\"datePublished\":\"2018-07-10T06:54:42+00:00\",\"dateModified\":\"2025-09-02T11:45:32+00:00\",\"breadcrumb\":{\"@id\":\"https:\\\/\\\/shrimataji.org\\\/test\\\/fi\\\/yhteiskunnallinen-muutos\\\/#breadcrumb\"},\"inLanguage\":\"en-US\",\"potentialAction\":[{\"@type\":\"ReadAction\",\"target\":[\"https:\\\/\\\/shrimataji.org\\\/test\\\/fi\\\/yhteiskunnallinen-muutos\\\/\"]}]},{\"@type\":\"ImageObject\",\"inLanguage\":\"en-US\",\"@id\":\"https:\\\/\\\/shrimataji.org\\\/test\\\/fi\\\/yhteiskunnallinen-muutos\\\/#primaryimage\",\"url\":\"https:\\\/\\\/shrimataji.org\\\/test\\\/wp-content\\\/uploads\\\/2018\\\/07\\\/media_originals\\\/images\\\/headers-general\\\/shri-mataji-arrival-in-rome-may-1985.jpg\",\"contentUrl\":\"https:\\\/\\\/shrimataji.org\\\/test\\\/wp-content\\\/uploads\\\/2018\\\/07\\\/media_originals\\\/images\\\/headers-general\\\/shri-mataji-arrival-in-rome-may-1985.jpg\",\"width\":990,\"height\":350},{\"@type\":\"BreadcrumbList\",\"@id\":\"https:\\\/\\\/shrimataji.org\\\/test\\\/fi\\\/yhteiskunnallinen-muutos\\\/#breadcrumb\",\"itemListElement\":[{\"@type\":\"ListItem\",\"position\":1,\"name\":\"Home\",\"item\":\"https:\\\/\\\/shrimataji.org\\\/test\\\/uk\\\/home-en\\\/\"},{\"@type\":\"ListItem\",\"position\":2,\"name\":\"Yhteiskunnallinen muutos\"}]},{\"@type\":\"WebSite\",\"@id\":\"https:\\\/\\\/shrimataji.org\\\/test\\\/#website\",\"url\":\"https:\\\/\\\/shrimataji.org\\\/test\\\/\",\"name\":\"Shri Mataji Nirmala Devi\",\"description\":\"A Life Dedicated to Humanity\",\"publisher\":{\"@id\":\"https:\\\/\\\/shrimataji.org\\\/test\\\/#\\\/schema\\\/person\\\/a1b3419c6585f164aa96da1ff85715d1\"},\"potentialAction\":[{\"@type\":\"SearchAction\",\"target\":{\"@type\":\"EntryPoint\",\"urlTemplate\":\"https:\\\/\\\/shrimataji.org\\\/test\\\/?s={search_term_string}\"},\"query-input\":{\"@type\":\"PropertyValueSpecification\",\"valueRequired\":true,\"valueName\":\"search_term_string\"}}],\"inLanguage\":\"en-US\"},{\"@type\":[\"Person\",\"Organization\"],\"@id\":\"https:\\\/\\\/shrimataji.org\\\/test\\\/#\\\/schema\\\/person\\\/a1b3419c6585f164aa96da1ff85715d1\",\"name\":\"Nirmala Shrivastava\",\"image\":{\"@type\":\"ImageObject\",\"inLanguage\":\"en-US\",\"@id\":\"https:\\\/\\\/shrimataji.org\\\/test\\\/wp-content\\\/uploads\\\/2023\\\/02\\\/SMO_LOGO-03.svg\",\"url\":\"https:\\\/\\\/shrimataji.org\\\/test\\\/wp-content\\\/uploads\\\/2023\\\/02\\\/SMO_LOGO-03.svg\",\"contentUrl\":\"https:\\\/\\\/shrimataji.org\\\/test\\\/wp-content\\\/uploads\\\/2023\\\/02\\\/SMO_LOGO-03.svg\",\"width\":\"1024\",\"height\":\"1024\",\"caption\":\"Nirmala Shrivastava\"},\"logo\":{\"@id\":\"https:\\\/\\\/shrimataji.org\\\/test\\\/wp-content\\\/uploads\\\/2023\\\/02\\\/SMO_LOGO-03.svg\"},\"sameAs\":[\"https:\\\/\\\/shrimataji.org\\\/test\",\"https:\\\/\\\/www.facebook.com\\\/shrimataji\",\"https:\\\/\\\/x.com\\\/shrimataji\",\"https:\\\/\\\/www.youtube.com\\\/@Shri_Mataji_Nirmala_Devi\\\/featured\"]}]}<\/script>\n<!-- \/ Yoast SEO plugin. -->","yoast_head_json":{"title":"Yhteiskunnallinen muutos - TEST - SMND","robots":{"index":"noindex","follow":"follow","max-snippet":"max-snippet:-1","max-image-preview":"max-image-preview:large","max-video-preview":"max-video-preview:-1"},"og_locale":"en_US","og_type":"article","og_title":"Yhteiskunnallinen muutos - TEST - SMND","og_description":"Yhteiskunnallinen muutos Rakkauden ty\u00f6t\u00e4 Shri Mataji varttui perheess\u00e4, joka piti uhrautumista korkeimpana kutsumuksena, ja H\u00e4n omisti el\u00e4m\u00e4ns\u00e4 jatkuvalle julkiselle ja henkiselle ty\u00f6lle. H\u00e4n osallistui jo varhain aktiivisesti Intian vapaustaisteluun. My\u00f6hemmin H\u00e4n jatkoi hyv\u00e4ntahtoista kiinnostustaan ymp\u00e4r\u00f6iv\u00e4\u00e4 maailmaa kohtaan my\u00f6s kiireisen el\u00e4m\u00e4ns\u00e4 keskell\u00e4 arvostetun intialaisen diplomaatin vaimona ja kahden tytt\u00e4ren kasvattajana. Vuonna 1961 Shri Mataji perusti &#8220;Youth&hellip; Read more","og_url":"https:\/\/shrimataji.org\/test\/fi\/yhteiskunnallinen-muutos\/","og_site_name":"TEST - SMND","article_publisher":"https:\/\/www.facebook.com\/shrimataji","article_modified_time":"2025-09-02T11:45:32+00:00","og_image":[{"width":990,"height":350,"url":"https:\/\/shrimataji.org\/test\/wp-content\/uploads\/2018\/07\/media_originals\/images\/headers-general\/shri-mataji-arrival-in-rome-may-1985.jpg","type":"image\/jpeg"}],"twitter_card":"summary_large_image","twitter_site":"@shrimataji","twitter_misc":{"Est. reading time":"3 minutes"},"schema":{"@context":"https:\/\/schema.org","@graph":[{"@type":"WebPage","@id":"https:\/\/shrimataji.org\/test\/fi\/yhteiskunnallinen-muutos\/","url":"https:\/\/shrimataji.org\/test\/fi\/yhteiskunnallinen-muutos\/","name":"Yhteiskunnallinen muutos - TEST - SMND","isPartOf":{"@id":"https:\/\/shrimataji.org\/test\/#website"},"primaryImageOfPage":{"@id":"https:\/\/shrimataji.org\/test\/fi\/yhteiskunnallinen-muutos\/#primaryimage"},"image":{"@id":"https:\/\/shrimataji.org\/test\/fi\/yhteiskunnallinen-muutos\/#primaryimage"},"thumbnailUrl":"https:\/\/shrimataji.org\/test\/wp-content\/uploads\/2018\/07\/media_originals\/images\/headers-general\/shri-mataji-arrival-in-rome-may-1985.jpg","datePublished":"2018-07-10T06:54:42+00:00","dateModified":"2025-09-02T11:45:32+00:00","breadcrumb":{"@id":"https:\/\/shrimataji.org\/test\/fi\/yhteiskunnallinen-muutos\/#breadcrumb"},"inLanguage":"en-US","potentialAction":[{"@type":"ReadAction","target":["https:\/\/shrimataji.org\/test\/fi\/yhteiskunnallinen-muutos\/"]}]},{"@type":"ImageObject","inLanguage":"en-US","@id":"https:\/\/shrimataji.org\/test\/fi\/yhteiskunnallinen-muutos\/#primaryimage","url":"https:\/\/shrimataji.org\/test\/wp-content\/uploads\/2018\/07\/media_originals\/images\/headers-general\/shri-mataji-arrival-in-rome-may-1985.jpg","contentUrl":"https:\/\/shrimataji.org\/test\/wp-content\/uploads\/2018\/07\/media_originals\/images\/headers-general\/shri-mataji-arrival-in-rome-may-1985.jpg","width":990,"height":350},{"@type":"BreadcrumbList","@id":"https:\/\/shrimataji.org\/test\/fi\/yhteiskunnallinen-muutos\/#breadcrumb","itemListElement":[{"@type":"ListItem","position":1,"name":"Home","item":"https:\/\/shrimataji.org\/test\/uk\/home-en\/"},{"@type":"ListItem","position":2,"name":"Yhteiskunnallinen muutos"}]},{"@type":"WebSite","@id":"https:\/\/shrimataji.org\/test\/#website","url":"https:\/\/shrimataji.org\/test\/","name":"Shri Mataji Nirmala Devi","description":"A Life Dedicated to Humanity","publisher":{"@id":"https:\/\/shrimataji.org\/test\/#\/schema\/person\/a1b3419c6585f164aa96da1ff85715d1"},"potentialAction":[{"@type":"SearchAction","target":{"@type":"EntryPoint","urlTemplate":"https:\/\/shrimataji.org\/test\/?s={search_term_string}"},"query-input":{"@type":"PropertyValueSpecification","valueRequired":true,"valueName":"search_term_string"}}],"inLanguage":"en-US"},{"@type":["Person","Organization"],"@id":"https:\/\/shrimataji.org\/test\/#\/schema\/person\/a1b3419c6585f164aa96da1ff85715d1","name":"Nirmala Shrivastava","image":{"@type":"ImageObject","inLanguage":"en-US","@id":"https:\/\/shrimataji.org\/test\/wp-content\/uploads\/2023\/02\/SMO_LOGO-03.svg","url":"https:\/\/shrimataji.org\/test\/wp-content\/uploads\/2023\/02\/SMO_LOGO-03.svg","contentUrl":"https:\/\/shrimataji.org\/test\/wp-content\/uploads\/2023\/02\/SMO_LOGO-03.svg","width":"1024","height":"1024","caption":"Nirmala Shrivastava"},"logo":{"@id":"https:\/\/shrimataji.org\/test\/wp-content\/uploads\/2023\/02\/SMO_LOGO-03.svg"},"sameAs":["https:\/\/shrimataji.org\/test","https:\/\/www.facebook.com\/shrimataji","https:\/\/x.com\/shrimataji","https:\/\/www.youtube.com\/@Shri_Mataji_Nirmala_Devi\/featured"]}]}},"lang":"fi","translations":{"fi":12631,"ur":37508,"en":392,"pa":25922,"gu":25525,"th":20067,"hu":19570,"sq":18482,"zh":17379,"tr":10214,"pt":10422,"de":10696,"fr":10794,"it":10892,"es":10989,"ja":11287,"ru":11475,"bn":11666,"te":11774,"sw":11897,"he":12045,"el":12337,"sk":12435,"fa":12533,"bg":13465,"ro":14537,"cs":14730,"nl":16642,"ku":16802,"ar":16978,"be":18689,"kn":18963,"mr":20431,"uk":20725,"ml":21020,"ta":22801,"sv":23070,"bs":27298,"fil":29519,"sd":31012,"da":37816,"pl":38026,"nn":38368},"pll_sync_post":[],"_links":{"self":[{"href":"https:\/\/shrimataji.org\/test\/wp-json\/wp\/v2\/pages\/12631","targetHints":{"allow":["GET"]}}],"collection":[{"href":"https:\/\/shrimataji.org\/test\/wp-json\/wp\/v2\/pages"}],"about":[{"href":"https:\/\/shrimataji.org\/test\/wp-json\/wp\/v2\/types\/page"}],"author":[{"embeddable":true,"href":"https:\/\/shrimataji.org\/test\/wp-json\/wp\/v2\/users\/29"}],"replies":[{"embeddable":true,"href":"https:\/\/shrimataji.org\/test\/wp-json\/wp\/v2\/comments?post=12631"}],"version-history":[{"count":0,"href":"https:\/\/shrimataji.org\/test\/wp-json\/wp\/v2\/pages\/12631\/revisions"}],"wp:featuredmedia":[{"embeddable":true,"href":"https:\/\/shrimataji.org\/test\/wp-json\/wp\/v2\/media\/127"}],"wp:attachment":[{"href":"https:\/\/shrimataji.org\/test\/wp-json\/wp\/v2\/media?parent=12631"}],"curies":[{"name":"wp","href":"https:\/\/api.w.org\/{rel}","templated":true}]}}