{"id":12632,"date":"2020-04-13T17:41:10","date_gmt":"2020-04-13T17:41:10","guid":{"rendered":"https:\/\/testwordpress.nirmalnagari.org\/smnd\/?page_id=3082"},"modified":"2025-07-01T20:20:00","modified_gmt":"2025-07-01T20:20:00","slug":"suurten-ihmisjoukkojen-henkinen-heraaminen","status":"publish","type":"page","link":"https:\/\/shrimataji.org\/test\/fi\/suurten-ihmisjoukkojen-henkinen-heraaminen\/","title":{"rendered":"Suurten ihmisjoukkojen henkinen her\u00e4\u00e4minen"},"content":{"rendered":"\n\n\t<h1>Suurten ihmisjoukkojen henkinen her\u00e4\u00e4minen<\/h1>\n<h2>Kumouksellinen muutos kohti maailmanlaajuista valaistumista<\/h2>\n\t<h4>Shri Mataji syntyi kristityille vanhemmille, jotka kunnioittivat kaikkia uskontoja. H\u00e4nen is\u00e4ns\u00e4 Prasad K. Salve oli hyvin kiinnostunut teologiasta ja kannusti lapsiaan ymm\u00e4rt\u00e4m\u00e4\u00e4n kaikkien t\u00e4rkeimpien uskontokuntien periaatteita. H\u00e4n n\u00e4ki, ett\u00e4 ihmiskunnan lopullinen yhten\u00e4isyys riippui yleisest\u00e4 henkisest\u00e4 valaistumisesta, joka lopettaisi uskontoon perustuvat konfliktit, jotka olivat piinanneet maailmaa tuhansia vuosia.<\/h4>\n<p>Shri Matajin vanhemmat saivat inspiraatiota Mahatma Gandhin rauhanomaisesta yhteisty\u00f6st\u00e4 kielt\u00e4ytymisen filosofiasta ja osallistuivat aktiivisesti h\u00e4nen &#8220;Quit India&#8221; -liikkeeseens\u00e4.<a href=\"https:\/\/shrimataji.org\/test\/inter-religious-society\/#citation-note-1\">1<\/a> Nuorena tytt\u00f6n\u00e4 Gandhin ashramissa asuneena Shri Mataji oli hindujen, sikhien, kristittyjen ja muslimien seurassa, joita kaikkia yhdisti yhteinen p\u00e4\u00e4m\u00e4\u00e4r\u00e4: kansallinen vapaus ja itsen\u00e4isyys. My\u00f6hemmin, Intian jakautumisen aikana, kun maa oli jakautunut uskonlahkojen v\u00e4kivaltaisuuksiin, Shri Mataji ja H\u00e4nen perheens\u00e4 tarjosivat suojaa konfliktia pakeneville, riippumatta heid\u00e4n uskonnostaan.<\/p>\n<p>Eletty\u00e4\u00e4n n\u00e4m\u00e4 intensiiviset ja vaikeat ajat Shri Mataji n\u00e4ki itse, ett\u00e4 poliittinen vapaus ei ole lopullinen ratkaisu. H\u00e4n p\u00e4\u00e4tti, ett\u00e4 H\u00e4nen todellinen el\u00e4m\u00e4nteht\u00e4v\u00e4ns\u00e4 oli edist\u00e4\u00e4 ihmiskunnan henkist\u00e4 muutosta. H\u00e4n kuitenkin odotti aikaansa; avioiduttuaan C.P. Srivastavan kanssa Shri Mataji kertoi t\u00e4lle, ett\u00e4 H\u00e4n aloittaisi todellisen kutsumusty\u00f6ns\u00e4 vasta sitten, kun heid\u00e4n lapsensa olivat kasvaneet ja asettuneet aloilleen.<\/p>\n<p>Vasta vuonna 1970 Shri Mataji tunsi vihdoin, ett\u00e4 oli tullut aika aloittaa H\u00e4nen todellinen teht\u00e4v\u00e4ns\u00e4 maan p\u00e4\u00e4ll\u00e4. H\u00e4n oli jo tutkinut ihmisi\u00e4 ja heid\u00e4n ongelmiaan ja tiesi, ett\u00e4 todelliset vastaukset l\u00f6ytyiv\u00e4t ihmisten henkisest\u00e4 her\u00e4\u00e4misest\u00e4, joka oli potentiaali, joka vain odotti k\u00e4ynnistymist\u00e4\u00e4n. H\u00e4n oli tietoinen siit\u00e4, ett\u00e4 uskonnot, vaikka ne perustuivatkin todellisten profeettojen opetuksiin, eiv\u00e4t kyenneet saamaan aikaan t\u00e4t\u00e4 henkist\u00e4 k\u00e4ynnistymist\u00e4 ihmisten tietoisuudessa. Er\u00e4\u00e4n\u00e4 iltana, kun H\u00e4n oli lopen tymp\u00e4\u00e4ntynyt Intiassa toimiviin valeguruihin, jotka ry\u00f6stiv\u00e4t ihmisilt\u00e4 rahaa todellisen henkisyyden lupauksin, H\u00e4n p\u00e4\u00e4tti, ettei en\u00e4\u00e4 odota. Meditoidessaan yksin\u00e4isell\u00e4 rannalla varhain aamulla 5. toukokuuta 1970, uuden kuun y\u00f6n kynnyksell\u00e4, H\u00e4n tunsi luomisen alkuvoiman her\u00e4\u00e4v\u00e4n omassa hienojakoisessa olemuksessaan. T\u00e4m\u00e4 syv\u00e4 henkinen kokemus antoi H\u00e4nelle kaikki vastaukset, joita H\u00e4n oli el\u00e4m\u00e4ss\u00e4\u00e4n etsinyt siit\u00e4, miten saada ikuisen Hengen tietoisuus her\u00e4\u00e4m\u00e4\u00e4n totuutta etsiviss\u00e4 ihmisolennoissa. T\u00e4m\u00e4 historiallinen tapahtuma merkitsi <a href=\"https:\/\/shrimataji.org\/test\/fi\/ratkaiseva-hetki\/\">k\u00e4\u00e4nteentekev\u00e4\u00e4 liikett\u00e4<\/a> H\u00e4nen el\u00e4m\u00e4ss\u00e4\u00e4n, ainutlaatuista massoittaisen henkisen her\u00e4\u00e4misen l\u00f6yt\u00e4mist\u00e4. My\u00f6hemmin H\u00e4n perusti tekniikan, jota H\u00e4n kutsui <a href=\"https:\/\/shrimataji.org\/test\/fi\/sahaja-yoga-fi\/\">Sahaja Yogaksi<\/a>, joka kirjaimellisesti k\u00e4\u00e4nnettyn\u00e4 tarkoittaa yhdistymist\u00e4 jumalallisen ikuisen voiman kanssa, jonka kanssa jokainen ihminen on syntynyt, mutta josta h\u00e4n ei ole tietoinen.<\/p>\n\t<p>Sahaja Yoga on yksinkertainen ja helppo meditaatiomuoto, joka her\u00e4tt\u00e4\u00e4 jokaisessa ihmisess\u00e4 piilev\u00e4n hienovaraisen mutta voimakkaan henkisen energian. T\u00e4m\u00e4 totuuden hetki tunnetaan nimell\u00e4 <a href=\"https:\/\/shrimataji.org\/test\/fi\/itseoivallus\/\">itseoivallus<\/a>, joka oli uskonnollisten mystikkojen vaikeasti saavutettava tavoite kaikkialla maailmassa jo ammoisista ajoista l\u00e4htien.<\/p>\n\t<div class=\"su-quote su-quote-style-default\"><div class=\"su-quote-inner su-u-clearfix su-u-trim\">On olemassa hienojakoinen el\u00e4v\u00e4 voima, joka on Jumalallinen rakkaus, joka tekee kaiken el\u00e4v\u00e4n ty\u00f6n.<\/div><\/div>\n\t<p>Shri Mataji julisti, ett\u00e4 itseoivallus on jotakin, joka voidaan saavuttaa t\u00e4ss\u00e4 ja nyt, eik\u00e4 mik\u00e4\u00e4n kaukainen p\u00e4\u00e4m\u00e4\u00e4r\u00e4, joka on saavutettavissa vain elinik\u00e4isen katumusharjoituksen ja uhrausten kautta. Julkisissa tilaisuuksissaan H\u00e4n sanoi aina: &#8220;Olet oma mestarisi&#8221;, korostaen, ett\u00e4 jokaisen meist\u00e4 on oltava oma opettajansa, luotettava omaan suoraan kokemukseensa totuudesta eik\u00e4 olla riippuvainen v\u00e4lik\u00e4sien johdatuksesta valaistumiseen. Lis\u00e4ksi Shri Mataji teki aina selv\u00e4ksi, ett\u00e4 se, mit\u00e4 H\u00e4n sanoi, oli hypoteesi, joka ihmisten tulisi testata itse, ja ett\u00e4 sokea usko ei johda mihink\u00e4\u00e4n.<\/p>\n<p>Shri Mataji katsoi, ett\u00e4 todellinen uskonto ei perustu dogmiin ja hierarkiaan, vaan pikemminkin absoluuttiseen tietoon itsest\u00e4 henken\u00e4. Kuten H\u00e4n asian ilmaisi, &#8220;Kaikki uskonnot ovat syntyneet yhdest\u00e4 el\u00e4m\u00e4npuusta, joka on henkisyys&#8230; Uskonto on olemassa antaakseen teille rauhaa, iloa, onnellisuutta&#8230; (Niiden v\u00e4lill\u00e4) ei ole mink\u00e4\u00e4nlaista eroa &#8211; mutta (kun) ette tunne itse\u00e4nne, kuinka voisitte tiet\u00e4\u00e4 mit\u00e4\u00e4n uskonnosta? On siis t\u00e4rke\u00e4\u00e4, ett\u00e4 tunnette ennen kaikkea itsenne.&#8221; Kun tunnistatte itsenne henkisen\u00e4 olentona, &#8230;ymm\u00e4rr\u00e4tte, mit\u00e4 uskontoa seuraatte&#8230;(ja)&#8230; ymm\u00e4rr\u00e4te kaikkien n\u00e4iden profeettojen ja gurujen suuruuden&#8230;&#8221;.<\/p>\n<p>Enemm\u00e4n kuin guru tai opettaja, Shri Matajia voisi kuvailla &#8220;henkiseksi \u00e4idiksi&#8221;, jota ohjaavat my\u00f6t\u00e4tunto ja rakkaus ja joka kantaa huolta koko ihmiskunnan hyvinvoinnista ja kehityksest\u00e4. H\u00e4nen n\u00e4kemyksens\u00e4 ja v\u00e4sym\u00e4tt\u00f6mien ponnistelujensa ansiosta Sahaja Yoga on vakiintunut yli sataan maahan, ja miljoonat ihmiset ovat saavuttaneet tasapainon ja tyytyv\u00e4isyyden el\u00e4m\u00e4\u00e4ns\u00e4, ja jotkut ovat voittaneet vakavia psyykkisi\u00e4 ja fyysisi\u00e4 ongelmiaan itseoivalluksen kokemuksen ja <a href=\"https:\/\/shrimataji.org\/test\/fi\/sahaja-yoga-meditaatio\/\">Sahaja Yoga -meditaation<\/a> s\u00e4\u00e4nn\u00f6llisen harjoittamisen kautta.<\/p>\n\t<p>&nbsp;<\/p>\n<hr \/>\n<h3>1. ^MK Gandhin ja Intian kansalliskongressin elokuussa 1942 k\u00e4ynnist\u00e4m\u00e4 kansalaistottelemattomuusliike, jossa kehoitettiin m\u00e4\u00e4r\u00e4tietoiseen mutta passiiviseen vastarintaan Britannian hallintoa vastaan ja osoitettiin mielt\u00e4 &#8220;Britannian hallitun Intiasta vet\u00e4ytymisen&#8221; puolesta (Wikipedia, vapaa tietosanakirja).<\/h3>\n\n","protected":false},"excerpt":{"rendered":"<p>Suurten ihmisjoukkojen henkinen her\u00e4\u00e4minen Kumouksellinen muutos kohti maailmanlaajuista valaistumista Shri Mataji syntyi kristityille vanhemmille, jotka kunnioittivat kaikkia uskontoja. H\u00e4nen is\u00e4ns\u00e4 Prasad K. Salve oli hyvin kiinnostunut teologiasta ja kannusti lapsiaan ymm\u00e4rt\u00e4m\u00e4\u00e4n kaikkien t\u00e4rkeimpien uskontokuntien periaatteita. H\u00e4n n\u00e4ki, ett\u00e4 ihmiskunnan lopullinen yhten\u00e4isyys riippui yleisest\u00e4 henkisest\u00e4 valaistumisesta, joka lopettaisi uskontoon perustuvat konfliktit, jotka olivat piinanneet maailmaa tuhansia&hellip; <br \/> <a class=\"read-more\" href=\"https:\/\/shrimataji.org\/test\/fi\/suurten-ihmisjoukkojen-henkinen-heraaminen\/\">Read more<\/a><\/p>\n","protected":false},"author":29,"featured_media":303,"parent":0,"menu_order":0,"comment_status":"closed","ping_status":"closed","template":"","meta":{"inline_featured_image":false,"footnotes":""},"class_list":["post-12632","page","type-page","status-publish","has-post-thumbnail","hentry"],"yoast_head":"<!-- This site is optimized with the Yoast SEO plugin v27.4 - https:\/\/yoast.com\/product\/yoast-seo-wordpress\/ -->\n<title>Suurten ihmisjoukkojen henkinen her\u00e4\u00e4minen - TEST - SMND<\/title>\n<meta name=\"robots\" content=\"noindex, follow, max-snippet:-1, max-image-preview:large, max-video-preview:-1\" \/>\n<meta property=\"og:locale\" content=\"en_US\" \/>\n<meta property=\"og:type\" content=\"article\" \/>\n<meta property=\"og:title\" content=\"Suurten ihmisjoukkojen henkinen her\u00e4\u00e4minen - TEST - SMND\" \/>\n<meta property=\"og:description\" content=\"Suurten ihmisjoukkojen henkinen her\u00e4\u00e4minen Kumouksellinen muutos kohti maailmanlaajuista valaistumista Shri Mataji syntyi kristityille vanhemmille, jotka kunnioittivat kaikkia uskontoja. H\u00e4nen is\u00e4ns\u00e4 Prasad K. Salve oli hyvin kiinnostunut teologiasta ja kannusti lapsiaan ymm\u00e4rt\u00e4m\u00e4\u00e4n kaikkien t\u00e4rkeimpien uskontokuntien periaatteita. H\u00e4n n\u00e4ki, ett\u00e4 ihmiskunnan lopullinen yhten\u00e4isyys riippui yleisest\u00e4 henkisest\u00e4 valaistumisesta, joka lopettaisi uskontoon perustuvat konfliktit, jotka olivat piinanneet maailmaa tuhansia&hellip; Read more\" \/>\n<meta property=\"og:url\" content=\"https:\/\/shrimataji.org\/test\/fi\/suurten-ihmisjoukkojen-henkinen-heraaminen\/\" \/>\n<meta property=\"og:site_name\" content=\"TEST - SMND\" \/>\n<meta property=\"article:publisher\" content=\"https:\/\/www.facebook.com\/shrimataji\" \/>\n<meta property=\"article:modified_time\" content=\"2025-07-01T20:20:00+00:00\" \/>\n<meta property=\"og:image\" content=\"https:\/\/shrimataji.org\/test\/wp-content\/uploads\/2018\/07\/media_originals\/images\/shri-mataji-with-people\/shri-mataji-with-village-people-in-india.jpg\" \/>\n\t<meta property=\"og:image:width\" content=\"1500\" \/>\n\t<meta property=\"og:image:height\" content=\"980\" \/>\n\t<meta property=\"og:image:type\" content=\"image\/jpeg\" \/>\n<meta name=\"twitter:card\" content=\"summary_large_image\" \/>\n<meta name=\"twitter:site\" content=\"@shrimataji\" \/>\n<meta name=\"twitter:label1\" content=\"Est. reading time\" \/>\n\t<meta name=\"twitter:data1\" content=\"3 minutes\" \/>\n<script type=\"application\/ld+json\" class=\"yoast-schema-graph\">{\"@context\":\"https:\\\/\\\/schema.org\",\"@graph\":[{\"@type\":\"WebPage\",\"@id\":\"https:\\\/\\\/shrimataji.org\\\/test\\\/fi\\\/suurten-ihmisjoukkojen-henkinen-heraaminen\\\/\",\"url\":\"https:\\\/\\\/shrimataji.org\\\/test\\\/fi\\\/suurten-ihmisjoukkojen-henkinen-heraaminen\\\/\",\"name\":\"Suurten ihmisjoukkojen henkinen her\u00e4\u00e4minen - TEST - SMND\",\"isPartOf\":{\"@id\":\"https:\\\/\\\/shrimataji.org\\\/test\\\/#website\"},\"primaryImageOfPage\":{\"@id\":\"https:\\\/\\\/shrimataji.org\\\/test\\\/fi\\\/suurten-ihmisjoukkojen-henkinen-heraaminen\\\/#primaryimage\"},\"image\":{\"@id\":\"https:\\\/\\\/shrimataji.org\\\/test\\\/fi\\\/suurten-ihmisjoukkojen-henkinen-heraaminen\\\/#primaryimage\"},\"thumbnailUrl\":\"https:\\\/\\\/shrimataji.org\\\/test\\\/wp-content\\\/uploads\\\/2018\\\/07\\\/media_originals\\\/images\\\/shri-mataji-with-people\\\/shri-mataji-with-village-people-in-india.jpg\",\"datePublished\":\"2020-04-13T17:41:10+00:00\",\"dateModified\":\"2025-07-01T20:20:00+00:00\",\"breadcrumb\":{\"@id\":\"https:\\\/\\\/shrimataji.org\\\/test\\\/fi\\\/suurten-ihmisjoukkojen-henkinen-heraaminen\\\/#breadcrumb\"},\"inLanguage\":\"en-US\",\"potentialAction\":[{\"@type\":\"ReadAction\",\"target\":[\"https:\\\/\\\/shrimataji.org\\\/test\\\/fi\\\/suurten-ihmisjoukkojen-henkinen-heraaminen\\\/\"]}]},{\"@type\":\"ImageObject\",\"inLanguage\":\"en-US\",\"@id\":\"https:\\\/\\\/shrimataji.org\\\/test\\\/fi\\\/suurten-ihmisjoukkojen-henkinen-heraaminen\\\/#primaryimage\",\"url\":\"https:\\\/\\\/shrimataji.org\\\/test\\\/wp-content\\\/uploads\\\/2018\\\/07\\\/media_originals\\\/images\\\/shri-mataji-with-people\\\/shri-mataji-with-village-people-in-india.jpg\",\"contentUrl\":\"https:\\\/\\\/shrimataji.org\\\/test\\\/wp-content\\\/uploads\\\/2018\\\/07\\\/media_originals\\\/images\\\/shri-mataji-with-people\\\/shri-mataji-with-village-people-in-india.jpg\",\"width\":1500,\"height\":980},{\"@type\":\"BreadcrumbList\",\"@id\":\"https:\\\/\\\/shrimataji.org\\\/test\\\/fi\\\/suurten-ihmisjoukkojen-henkinen-heraaminen\\\/#breadcrumb\",\"itemListElement\":[{\"@type\":\"ListItem\",\"position\":1,\"name\":\"Home\",\"item\":\"https:\\\/\\\/shrimataji.org\\\/test\\\/uk\\\/home-en\\\/\"},{\"@type\":\"ListItem\",\"position\":2,\"name\":\"Suurten ihmisjoukkojen henkinen her\u00e4\u00e4minen\"}]},{\"@type\":\"WebSite\",\"@id\":\"https:\\\/\\\/shrimataji.org\\\/test\\\/#website\",\"url\":\"https:\\\/\\\/shrimataji.org\\\/test\\\/\",\"name\":\"Shri Mataji Nirmala Devi\",\"description\":\"A Life Dedicated to Humanity\",\"publisher\":{\"@id\":\"https:\\\/\\\/shrimataji.org\\\/test\\\/#\\\/schema\\\/person\\\/a1b3419c6585f164aa96da1ff85715d1\"},\"potentialAction\":[{\"@type\":\"SearchAction\",\"target\":{\"@type\":\"EntryPoint\",\"urlTemplate\":\"https:\\\/\\\/shrimataji.org\\\/test\\\/?s={search_term_string}\"},\"query-input\":{\"@type\":\"PropertyValueSpecification\",\"valueRequired\":true,\"valueName\":\"search_term_string\"}}],\"inLanguage\":\"en-US\"},{\"@type\":[\"Person\",\"Organization\"],\"@id\":\"https:\\\/\\\/shrimataji.org\\\/test\\\/#\\\/schema\\\/person\\\/a1b3419c6585f164aa96da1ff85715d1\",\"name\":\"Nirmala Shrivastava\",\"image\":{\"@type\":\"ImageObject\",\"inLanguage\":\"en-US\",\"@id\":\"https:\\\/\\\/shrimataji.org\\\/test\\\/wp-content\\\/uploads\\\/2023\\\/02\\\/SMO_LOGO-03.svg\",\"url\":\"https:\\\/\\\/shrimataji.org\\\/test\\\/wp-content\\\/uploads\\\/2023\\\/02\\\/SMO_LOGO-03.svg\",\"contentUrl\":\"https:\\\/\\\/shrimataji.org\\\/test\\\/wp-content\\\/uploads\\\/2023\\\/02\\\/SMO_LOGO-03.svg\",\"width\":\"1024\",\"height\":\"1024\",\"caption\":\"Nirmala Shrivastava\"},\"logo\":{\"@id\":\"https:\\\/\\\/shrimataji.org\\\/test\\\/wp-content\\\/uploads\\\/2023\\\/02\\\/SMO_LOGO-03.svg\"},\"sameAs\":[\"https:\\\/\\\/shrimataji.org\\\/test\",\"https:\\\/\\\/www.facebook.com\\\/shrimataji\",\"https:\\\/\\\/x.com\\\/shrimataji\",\"https:\\\/\\\/www.youtube.com\\\/@Shri_Mataji_Nirmala_Devi\\\/featured\"]}]}<\/script>\n<!-- \/ Yoast SEO plugin. -->","yoast_head_json":{"title":"Suurten ihmisjoukkojen henkinen her\u00e4\u00e4minen - TEST - SMND","robots":{"index":"noindex","follow":"follow","max-snippet":"max-snippet:-1","max-image-preview":"max-image-preview:large","max-video-preview":"max-video-preview:-1"},"og_locale":"en_US","og_type":"article","og_title":"Suurten ihmisjoukkojen henkinen her\u00e4\u00e4minen - TEST - SMND","og_description":"Suurten ihmisjoukkojen henkinen her\u00e4\u00e4minen Kumouksellinen muutos kohti maailmanlaajuista valaistumista Shri Mataji syntyi kristityille vanhemmille, jotka kunnioittivat kaikkia uskontoja. H\u00e4nen is\u00e4ns\u00e4 Prasad K. Salve oli hyvin kiinnostunut teologiasta ja kannusti lapsiaan ymm\u00e4rt\u00e4m\u00e4\u00e4n kaikkien t\u00e4rkeimpien uskontokuntien periaatteita. H\u00e4n n\u00e4ki, ett\u00e4 ihmiskunnan lopullinen yhten\u00e4isyys riippui yleisest\u00e4 henkisest\u00e4 valaistumisesta, joka lopettaisi uskontoon perustuvat konfliktit, jotka olivat piinanneet maailmaa tuhansia&hellip; Read more","og_url":"https:\/\/shrimataji.org\/test\/fi\/suurten-ihmisjoukkojen-henkinen-heraaminen\/","og_site_name":"TEST - SMND","article_publisher":"https:\/\/www.facebook.com\/shrimataji","article_modified_time":"2025-07-01T20:20:00+00:00","og_image":[{"width":1500,"height":980,"url":"https:\/\/shrimataji.org\/test\/wp-content\/uploads\/2018\/07\/media_originals\/images\/shri-mataji-with-people\/shri-mataji-with-village-people-in-india.jpg","type":"image\/jpeg"}],"twitter_card":"summary_large_image","twitter_site":"@shrimataji","twitter_misc":{"Est. reading time":"3 minutes"},"schema":{"@context":"https:\/\/schema.org","@graph":[{"@type":"WebPage","@id":"https:\/\/shrimataji.org\/test\/fi\/suurten-ihmisjoukkojen-henkinen-heraaminen\/","url":"https:\/\/shrimataji.org\/test\/fi\/suurten-ihmisjoukkojen-henkinen-heraaminen\/","name":"Suurten ihmisjoukkojen henkinen her\u00e4\u00e4minen - TEST - SMND","isPartOf":{"@id":"https:\/\/shrimataji.org\/test\/#website"},"primaryImageOfPage":{"@id":"https:\/\/shrimataji.org\/test\/fi\/suurten-ihmisjoukkojen-henkinen-heraaminen\/#primaryimage"},"image":{"@id":"https:\/\/shrimataji.org\/test\/fi\/suurten-ihmisjoukkojen-henkinen-heraaminen\/#primaryimage"},"thumbnailUrl":"https:\/\/shrimataji.org\/test\/wp-content\/uploads\/2018\/07\/media_originals\/images\/shri-mataji-with-people\/shri-mataji-with-village-people-in-india.jpg","datePublished":"2020-04-13T17:41:10+00:00","dateModified":"2025-07-01T20:20:00+00:00","breadcrumb":{"@id":"https:\/\/shrimataji.org\/test\/fi\/suurten-ihmisjoukkojen-henkinen-heraaminen\/#breadcrumb"},"inLanguage":"en-US","potentialAction":[{"@type":"ReadAction","target":["https:\/\/shrimataji.org\/test\/fi\/suurten-ihmisjoukkojen-henkinen-heraaminen\/"]}]},{"@type":"ImageObject","inLanguage":"en-US","@id":"https:\/\/shrimataji.org\/test\/fi\/suurten-ihmisjoukkojen-henkinen-heraaminen\/#primaryimage","url":"https:\/\/shrimataji.org\/test\/wp-content\/uploads\/2018\/07\/media_originals\/images\/shri-mataji-with-people\/shri-mataji-with-village-people-in-india.jpg","contentUrl":"https:\/\/shrimataji.org\/test\/wp-content\/uploads\/2018\/07\/media_originals\/images\/shri-mataji-with-people\/shri-mataji-with-village-people-in-india.jpg","width":1500,"height":980},{"@type":"BreadcrumbList","@id":"https:\/\/shrimataji.org\/test\/fi\/suurten-ihmisjoukkojen-henkinen-heraaminen\/#breadcrumb","itemListElement":[{"@type":"ListItem","position":1,"name":"Home","item":"https:\/\/shrimataji.org\/test\/uk\/home-en\/"},{"@type":"ListItem","position":2,"name":"Suurten ihmisjoukkojen henkinen her\u00e4\u00e4minen"}]},{"@type":"WebSite","@id":"https:\/\/shrimataji.org\/test\/#website","url":"https:\/\/shrimataji.org\/test\/","name":"Shri Mataji Nirmala Devi","description":"A Life Dedicated to Humanity","publisher":{"@id":"https:\/\/shrimataji.org\/test\/#\/schema\/person\/a1b3419c6585f164aa96da1ff85715d1"},"potentialAction":[{"@type":"SearchAction","target":{"@type":"EntryPoint","urlTemplate":"https:\/\/shrimataji.org\/test\/?s={search_term_string}"},"query-input":{"@type":"PropertyValueSpecification","valueRequired":true,"valueName":"search_term_string"}}],"inLanguage":"en-US"},{"@type":["Person","Organization"],"@id":"https:\/\/shrimataji.org\/test\/#\/schema\/person\/a1b3419c6585f164aa96da1ff85715d1","name":"Nirmala Shrivastava","image":{"@type":"ImageObject","inLanguage":"en-US","@id":"https:\/\/shrimataji.org\/test\/wp-content\/uploads\/2023\/02\/SMO_LOGO-03.svg","url":"https:\/\/shrimataji.org\/test\/wp-content\/uploads\/2023\/02\/SMO_LOGO-03.svg","contentUrl":"https:\/\/shrimataji.org\/test\/wp-content\/uploads\/2023\/02\/SMO_LOGO-03.svg","width":"1024","height":"1024","caption":"Nirmala Shrivastava"},"logo":{"@id":"https:\/\/shrimataji.org\/test\/wp-content\/uploads\/2023\/02\/SMO_LOGO-03.svg"},"sameAs":["https:\/\/shrimataji.org\/test","https:\/\/www.facebook.com\/shrimataji","https:\/\/x.com\/shrimataji","https:\/\/www.youtube.com\/@Shri_Mataji_Nirmala_Devi\/featured"]}]}},"lang":"fi","translations":{"fi":12632,"ur":37510,"en":3082,"am":18083,"th":20070,"hu":19572,"sq":18484,"zh":17381,"tr":10215,"pt":10423,"de":10697,"fr":10795,"it":10893,"es":10990,"ja":11288,"ru":11476,"bn":11667,"te":11775,"sw":11898,"he":12046,"el":12338,"sk":12436,"fa":12534,"bg":13430,"ro":14504,"cs":14697,"nl":16644,"ku":16804,"ar":16980,"be":18691,"kn":18965,"mr":20434,"uk":20728,"ml":21023,"ta":22803,"sv":23072,"gu":28906,"pa":29066,"fil":29521,"da":37818,"pl":38028,"nn":38370},"pll_sync_post":[],"_links":{"self":[{"href":"https:\/\/shrimataji.org\/test\/wp-json\/wp\/v2\/pages\/12632","targetHints":{"allow":["GET"]}}],"collection":[{"href":"https:\/\/shrimataji.org\/test\/wp-json\/wp\/v2\/pages"}],"about":[{"href":"https:\/\/shrimataji.org\/test\/wp-json\/wp\/v2\/types\/page"}],"author":[{"embeddable":true,"href":"https:\/\/shrimataji.org\/test\/wp-json\/wp\/v2\/users\/29"}],"replies":[{"embeddable":true,"href":"https:\/\/shrimataji.org\/test\/wp-json\/wp\/v2\/comments?post=12632"}],"version-history":[{"count":0,"href":"https:\/\/shrimataji.org\/test\/wp-json\/wp\/v2\/pages\/12632\/revisions"}],"wp:featuredmedia":[{"embeddable":true,"href":"https:\/\/shrimataji.org\/test\/wp-json\/wp\/v2\/media\/303"}],"wp:attachment":[{"href":"https:\/\/shrimataji.org\/test\/wp-json\/wp\/v2\/media?parent=12632"}],"curies":[{"name":"wp","href":"https:\/\/api.w.org\/{rel}","templated":true}]}}