{"id":12633,"date":"2022-01-29T10:35:29","date_gmt":"2022-01-29T10:35:29","guid":{"rendered":"https:\/\/test.shrimataji.org\/?page_id=6416"},"modified":"2025-09-20T21:09:12","modified_gmt":"2025-09-20T21:09:12","slug":"sushumna-nadi-fi","status":"publish","type":"page","link":"https:\/\/shrimataji.org\/test\/fi\/sushumna-nadi-fi\/","title":{"rendered":"Sushumna-nadi FIN"},"content":{"rendered":"\n\n\t<h1>Sushumna-nadi<\/h1>\n<h2>Tasapaino ja evoluutio<\/h2>\n\t<h4>Keskell\u00e4 olevaa energiakanavaamme (sanskritiksi Sushumna-nadi) kutsutaan my\u00f6s keskitieksi. Se saa alkunsa ristiluusta selk\u00e4rangan tyvess\u00e4 (jossa <a href=\"https:\/\/shrimataji.org\/test\/fi\/kundaliini\/\" target=\"_blank\" rel=\"noopener\">Kundaliini-energiamme <\/a>sijaitsee) ja yhdistyy <a href=\"https:\/\/shrimataji.org\/test\/fi\/sahasrara-chakra-fi\/\" target=\"_blank\" rel=\"noopener\">Sahasrara-chakraan <\/a>fontanelissa p\u00e4\u00e4n p\u00e4\u00e4ll\u00e4.<\/h4>\n<p>Keskimm\u00e4inen energiakanavamme tukee henkist\u00e4 kasvuamme. T\u00e4m\u00e4 kanava on eritt\u00e4in kehittynyt oivaltaneilla sieluilla ja my\u00f6s niill\u00e4, jotka noudattavat oikeudenmukaista polkua ja pit\u00e4v\u00e4t kiinni hyveist\u00e4. Sushumna-nadin aktivoituminen itseoivalluksen j\u00e4lkeen ilment\u00e4\u00e4 tietoisuudessamme sattwa gunan (oikeamielisyyden asenteen) kauniita ominaisuuksia. T\u00e4m\u00e4 auttaa meit\u00e4 jatkuvaan kehittymiseen keskittym\u00e4ll\u00e4 entist\u00e4 enemm\u00e4n el\u00e4m\u00e4n hienojakoisempiin puoliin.<\/p>\n\t\t\t\t<a href=\"https:\/\/shrimataji.org\/test\/wp-content\/uploads\/2023\/02\/4_Sushumna-Nadi-01.png\"  target=\"_blank\" rel=\"noopener\"  itemprop=\"url\">\n\t\t\t\t<img decoding=\"async\" src=\"https:\/\/shrimataji.org\/test\/wp-content\/uploads\/2025\/04\/Sushumna-Nadi-01-2-scaled.png\" alt=\"Sushumna Nadi-01\" itemprop=\"image\" height=\"2560\" width=\"2418\" title=\"Sushumna Nadi-01\" onerror=\"this.style.display='none'\" loading='lazy' \/>\n\t\t\t\t<\/a>\n\t\t<iframe loading=\"lazy\" title=\"Sushumna Nadi\" width=\"1920\" height=\"1080\" src=\"https:\/\/www.youtube.com\/embed\/1nBAQZ-X5Lk?feature=oembed\" frameborder=\"0\" allow=\"accelerometer; autoplay; clipboard-write; encrypted-media; gyroscope; picture-in-picture; web-share\" allowfullscreen><\/iframe>\t\n\t<p>Koko hienojakoinen j\u00e4rjestelm\u00e4mme on integroitu Sahasrara-chakraan. Siksi se on t\u00e4rkein chakra henkisen kasvumme ja meditaatiomme kannalta. Se on my\u00f6s se chakra, jossa Kundaliinillamme on suurin kyky avautua ja ilment\u00e4\u00e4 korkeampia tietoisuuden tiloja. Keskell\u00e4 olevan energiakanavan esteiden poistaminen on t\u00e4rke\u00e4 osa Sahaja Yoga -meditaatiota. On helppo yll\u00e4pit\u00e4\u00e4 tasapainotilaa, kun keskikanavamme on puhdas. T\u00e4m\u00e4 tasoittaa tiet\u00e4 Kundalinillemme, joka nousee vaivattomasti Sahasrara-chakraan. Kun n\u00e4in tapahtuu, oma Kundaliinimme yhdistyy kaikkialla l\u00e4sn\u00e4 olevaan Jumalalliseen energiaan, joka tunnetaan monilla nimill\u00e4 muinaisissa henkisiss\u00e4 perinteiss\u00e4 ja johon Shri Mataji viittasi nimell\u00e4 <a href=\"https:\/\/shrimataji.org\/test\/fi\/paramchaitanya-kaikkialla-lasna\/\" target=\"_blank\" rel=\"noopener\"><u>Paramchaitanya<\/u><\/a>. Sushumna-nadin oikeanlainen toiminta on ratkaisevan t\u00e4rke\u00e4\u00e4 kaikkien <a href=\"https:\/\/shrimataji.org\/test\/fi\/chakrat-ja-ominaisuudet\/\" target=\"_blank\" rel=\"noopener\"><u>chakrojen<\/u><\/a> ja nadien hienojakoisen energiatasapainon yll\u00e4pit\u00e4miseksi.<\/p>\n<p>Vaikka kaikki saattaa kuulostaa melko monimutkaiselta, Shri Mataji k\u00e4ytti hyvin yksinkertaisia analogioita, jotta tavallinen ihminen ymm\u00e4rt\u00e4isi &#8220;jooga shastran&#8221; (joka tarkoittaa tietoa kurinalaisuudesta sanskritiksi). Yhteenvetona voimme ajatella niit\u00e4 seuraavalla tavalla. Haluamme k\u00e4ytt\u00e4\u00e4 vasenta ja oikeaa energiakanavaamme tasapainottaaksemme tunteitamme, halujamme ja tekojamme, kun el\u00e4mme ja nautimme el\u00e4m\u00e4st\u00e4mme. Tasapainoinen ja tyytyv\u00e4inen el\u00e4m\u00e4 antaa meille mahdollisuuksia k\u00e4ytt\u00e4\u00e4 aikamme hedelm\u00e4llisesti keskittym\u00e4ll\u00e4 maanp\u00e4\u00e4llisen olemassaolomme p\u00e4\u00e4tarkoitukseen, kehitty\u00e4 korkeimpaan mahdolliseen henkiseen potentiaaliimme. N\u00e4in ollen kaikkien kolmen kanavan pit\u00e4minen tasapainossa ja puhtaana antaa meille voimaa hallita el\u00e4m\u00e4\u00e4mme ja kaikkia sen haasteita helposti. Koemme ja nautimme my\u00f6s kaikista el\u00e4m\u00e4n osa-alueista tasapainoisemmin ja mielekk\u00e4\u00e4mmin.<\/p>\n\n","protected":false},"excerpt":{"rendered":"<p>Sushumna-nadi Tasapaino ja evoluutio Keskell\u00e4 olevaa energiakanavaamme (sanskritiksi Sushumna-nadi) kutsutaan my\u00f6s keskitieksi. Se saa alkunsa ristiluusta selk\u00e4rangan tyvess\u00e4 (jossa Kundaliini-energiamme sijaitsee) ja yhdistyy Sahasrara-chakraan fontanelissa p\u00e4\u00e4n p\u00e4\u00e4ll\u00e4. Keskimm\u00e4inen energiakanavamme tukee henkist\u00e4 kasvuamme. T\u00e4m\u00e4 kanava on eritt\u00e4in kehittynyt oivaltaneilla sieluilla ja my\u00f6s niill\u00e4, jotka noudattavat oikeudenmukaista polkua ja pit\u00e4v\u00e4t kiinni hyveist\u00e4. Sushumna-nadin aktivoituminen itseoivalluksen j\u00e4lkeen ilment\u00e4\u00e4&hellip; <br \/> <a class=\"read-more\" href=\"https:\/\/shrimataji.org\/test\/fi\/sushumna-nadi-fi\/\">Read more<\/a><\/p>\n","protected":false},"author":29,"featured_media":9249,"parent":0,"menu_order":0,"comment_status":"closed","ping_status":"closed","template":"","meta":{"inline_featured_image":false,"footnotes":""},"class_list":["post-12633","page","type-page","status-publish","has-post-thumbnail","hentry"],"yoast_head":"<!-- This site is optimized with the Yoast SEO plugin v27.4 - https:\/\/yoast.com\/product\/yoast-seo-wordpress\/ -->\n<title>Sushumna-nadi FIN - TEST - SMND<\/title>\n<meta name=\"robots\" content=\"noindex, follow, max-snippet:-1, max-image-preview:large, max-video-preview:-1\" \/>\n<meta property=\"og:locale\" content=\"en_US\" \/>\n<meta property=\"og:type\" content=\"article\" \/>\n<meta property=\"og:title\" content=\"Sushumna-nadi FIN - TEST - SMND\" \/>\n<meta property=\"og:description\" content=\"Sushumna-nadi Tasapaino ja evoluutio Keskell\u00e4 olevaa energiakanavaamme (sanskritiksi Sushumna-nadi) kutsutaan my\u00f6s keskitieksi. Se saa alkunsa ristiluusta selk\u00e4rangan tyvess\u00e4 (jossa Kundaliini-energiamme sijaitsee) ja yhdistyy Sahasrara-chakraan fontanelissa p\u00e4\u00e4n p\u00e4\u00e4ll\u00e4. Keskimm\u00e4inen energiakanavamme tukee henkist\u00e4 kasvuamme. T\u00e4m\u00e4 kanava on eritt\u00e4in kehittynyt oivaltaneilla sieluilla ja my\u00f6s niill\u00e4, jotka noudattavat oikeudenmukaista polkua ja pit\u00e4v\u00e4t kiinni hyveist\u00e4. Sushumna-nadin aktivoituminen itseoivalluksen j\u00e4lkeen ilment\u00e4\u00e4&hellip; Read more\" \/>\n<meta property=\"og:url\" content=\"https:\/\/shrimataji.org\/test\/fi\/sushumna-nadi-fi\/\" \/>\n<meta property=\"og:site_name\" content=\"TEST - SMND\" \/>\n<meta property=\"article:publisher\" content=\"https:\/\/www.facebook.com\/shrimataji\" \/>\n<meta property=\"article:modified_time\" content=\"2025-09-20T21:09:12+00:00\" \/>\n<meta property=\"og:image\" content=\"https:\/\/shrimataji.org\/test\/wp-content\/uploads\/2023\/03\/14_Banner-SY-Sushumna-scaled.jpg\" \/>\n\t<meta property=\"og:image:width\" content=\"2560\" \/>\n\t<meta property=\"og:image:height\" content=\"905\" \/>\n\t<meta property=\"og:image:type\" content=\"image\/jpeg\" \/>\n<meta name=\"twitter:card\" content=\"summary_large_image\" \/>\n<meta name=\"twitter:site\" content=\"@shrimataji\" \/>\n<meta name=\"twitter:label1\" content=\"Est. reading time\" \/>\n\t<meta name=\"twitter:data1\" content=\"2 minutes\" \/>\n<script type=\"application\/ld+json\" class=\"yoast-schema-graph\">{\"@context\":\"https:\\\/\\\/schema.org\",\"@graph\":[{\"@type\":\"WebPage\",\"@id\":\"https:\\\/\\\/shrimataji.org\\\/test\\\/fi\\\/sushumna-nadi-fi\\\/\",\"url\":\"https:\\\/\\\/shrimataji.org\\\/test\\\/fi\\\/sushumna-nadi-fi\\\/\",\"name\":\"Sushumna-nadi FIN - TEST - SMND\",\"isPartOf\":{\"@id\":\"https:\\\/\\\/shrimataji.org\\\/test\\\/#website\"},\"primaryImageOfPage\":{\"@id\":\"https:\\\/\\\/shrimataji.org\\\/test\\\/fi\\\/sushumna-nadi-fi\\\/#primaryimage\"},\"image\":{\"@id\":\"https:\\\/\\\/shrimataji.org\\\/test\\\/fi\\\/sushumna-nadi-fi\\\/#primaryimage\"},\"thumbnailUrl\":\"https:\\\/\\\/shrimataji.org\\\/test\\\/wp-content\\\/uploads\\\/2023\\\/03\\\/14_Banner-SY-Sushumna-scaled.jpg\",\"datePublished\":\"2022-01-29T10:35:29+00:00\",\"dateModified\":\"2025-09-20T21:09:12+00:00\",\"breadcrumb\":{\"@id\":\"https:\\\/\\\/shrimataji.org\\\/test\\\/fi\\\/sushumna-nadi-fi\\\/#breadcrumb\"},\"inLanguage\":\"en-US\",\"potentialAction\":[{\"@type\":\"ReadAction\",\"target\":[\"https:\\\/\\\/shrimataji.org\\\/test\\\/fi\\\/sushumna-nadi-fi\\\/\"]}]},{\"@type\":\"ImageObject\",\"inLanguage\":\"en-US\",\"@id\":\"https:\\\/\\\/shrimataji.org\\\/test\\\/fi\\\/sushumna-nadi-fi\\\/#primaryimage\",\"url\":\"https:\\\/\\\/shrimataji.org\\\/test\\\/wp-content\\\/uploads\\\/2023\\\/03\\\/14_Banner-SY-Sushumna-scaled.jpg\",\"contentUrl\":\"https:\\\/\\\/shrimataji.org\\\/test\\\/wp-content\\\/uploads\\\/2023\\\/03\\\/14_Banner-SY-Sushumna-scaled.jpg\",\"width\":2560,\"height\":905},{\"@type\":\"BreadcrumbList\",\"@id\":\"https:\\\/\\\/shrimataji.org\\\/test\\\/fi\\\/sushumna-nadi-fi\\\/#breadcrumb\",\"itemListElement\":[{\"@type\":\"ListItem\",\"position\":1,\"name\":\"Home\",\"item\":\"https:\\\/\\\/shrimataji.org\\\/test\\\/uk\\\/home-en\\\/\"},{\"@type\":\"ListItem\",\"position\":2,\"name\":\"Sushumna-nadi FIN\"}]},{\"@type\":\"WebSite\",\"@id\":\"https:\\\/\\\/shrimataji.org\\\/test\\\/#website\",\"url\":\"https:\\\/\\\/shrimataji.org\\\/test\\\/\",\"name\":\"Shri Mataji Nirmala Devi\",\"description\":\"A Life Dedicated to Humanity\",\"publisher\":{\"@id\":\"https:\\\/\\\/shrimataji.org\\\/test\\\/#\\\/schema\\\/person\\\/a1b3419c6585f164aa96da1ff85715d1\"},\"potentialAction\":[{\"@type\":\"SearchAction\",\"target\":{\"@type\":\"EntryPoint\",\"urlTemplate\":\"https:\\\/\\\/shrimataji.org\\\/test\\\/?s={search_term_string}\"},\"query-input\":{\"@type\":\"PropertyValueSpecification\",\"valueRequired\":true,\"valueName\":\"search_term_string\"}}],\"inLanguage\":\"en-US\"},{\"@type\":[\"Person\",\"Organization\"],\"@id\":\"https:\\\/\\\/shrimataji.org\\\/test\\\/#\\\/schema\\\/person\\\/a1b3419c6585f164aa96da1ff85715d1\",\"name\":\"Nirmala Shrivastava\",\"image\":{\"@type\":\"ImageObject\",\"inLanguage\":\"en-US\",\"@id\":\"https:\\\/\\\/shrimataji.org\\\/test\\\/wp-content\\\/uploads\\\/2023\\\/02\\\/SMO_LOGO-03.svg\",\"url\":\"https:\\\/\\\/shrimataji.org\\\/test\\\/wp-content\\\/uploads\\\/2023\\\/02\\\/SMO_LOGO-03.svg\",\"contentUrl\":\"https:\\\/\\\/shrimataji.org\\\/test\\\/wp-content\\\/uploads\\\/2023\\\/02\\\/SMO_LOGO-03.svg\",\"width\":\"1024\",\"height\":\"1024\",\"caption\":\"Nirmala Shrivastava\"},\"logo\":{\"@id\":\"https:\\\/\\\/shrimataji.org\\\/test\\\/wp-content\\\/uploads\\\/2023\\\/02\\\/SMO_LOGO-03.svg\"},\"sameAs\":[\"https:\\\/\\\/shrimataji.org\\\/test\",\"https:\\\/\\\/www.facebook.com\\\/shrimataji\",\"https:\\\/\\\/x.com\\\/shrimataji\",\"https:\\\/\\\/www.youtube.com\\\/@Shri_Mataji_Nirmala_Devi\\\/featured\"]}]}<\/script>\n<!-- \/ Yoast SEO plugin. -->","yoast_head_json":{"title":"Sushumna-nadi FIN - TEST - SMND","robots":{"index":"noindex","follow":"follow","max-snippet":"max-snippet:-1","max-image-preview":"max-image-preview:large","max-video-preview":"max-video-preview:-1"},"og_locale":"en_US","og_type":"article","og_title":"Sushumna-nadi FIN - TEST - SMND","og_description":"Sushumna-nadi Tasapaino ja evoluutio Keskell\u00e4 olevaa energiakanavaamme (sanskritiksi Sushumna-nadi) kutsutaan my\u00f6s keskitieksi. Se saa alkunsa ristiluusta selk\u00e4rangan tyvess\u00e4 (jossa Kundaliini-energiamme sijaitsee) ja yhdistyy Sahasrara-chakraan fontanelissa p\u00e4\u00e4n p\u00e4\u00e4ll\u00e4. Keskimm\u00e4inen energiakanavamme tukee henkist\u00e4 kasvuamme. T\u00e4m\u00e4 kanava on eritt\u00e4in kehittynyt oivaltaneilla sieluilla ja my\u00f6s niill\u00e4, jotka noudattavat oikeudenmukaista polkua ja pit\u00e4v\u00e4t kiinni hyveist\u00e4. Sushumna-nadin aktivoituminen itseoivalluksen j\u00e4lkeen ilment\u00e4\u00e4&hellip; Read more","og_url":"https:\/\/shrimataji.org\/test\/fi\/sushumna-nadi-fi\/","og_site_name":"TEST - SMND","article_publisher":"https:\/\/www.facebook.com\/shrimataji","article_modified_time":"2025-09-20T21:09:12+00:00","og_image":[{"width":2560,"height":905,"url":"https:\/\/shrimataji.org\/test\/wp-content\/uploads\/2023\/03\/14_Banner-SY-Sushumna-scaled.jpg","type":"image\/jpeg"}],"twitter_card":"summary_large_image","twitter_site":"@shrimataji","twitter_misc":{"Est. reading time":"2 minutes"},"schema":{"@context":"https:\/\/schema.org","@graph":[{"@type":"WebPage","@id":"https:\/\/shrimataji.org\/test\/fi\/sushumna-nadi-fi\/","url":"https:\/\/shrimataji.org\/test\/fi\/sushumna-nadi-fi\/","name":"Sushumna-nadi FIN - TEST - SMND","isPartOf":{"@id":"https:\/\/shrimataji.org\/test\/#website"},"primaryImageOfPage":{"@id":"https:\/\/shrimataji.org\/test\/fi\/sushumna-nadi-fi\/#primaryimage"},"image":{"@id":"https:\/\/shrimataji.org\/test\/fi\/sushumna-nadi-fi\/#primaryimage"},"thumbnailUrl":"https:\/\/shrimataji.org\/test\/wp-content\/uploads\/2023\/03\/14_Banner-SY-Sushumna-scaled.jpg","datePublished":"2022-01-29T10:35:29+00:00","dateModified":"2025-09-20T21:09:12+00:00","breadcrumb":{"@id":"https:\/\/shrimataji.org\/test\/fi\/sushumna-nadi-fi\/#breadcrumb"},"inLanguage":"en-US","potentialAction":[{"@type":"ReadAction","target":["https:\/\/shrimataji.org\/test\/fi\/sushumna-nadi-fi\/"]}]},{"@type":"ImageObject","inLanguage":"en-US","@id":"https:\/\/shrimataji.org\/test\/fi\/sushumna-nadi-fi\/#primaryimage","url":"https:\/\/shrimataji.org\/test\/wp-content\/uploads\/2023\/03\/14_Banner-SY-Sushumna-scaled.jpg","contentUrl":"https:\/\/shrimataji.org\/test\/wp-content\/uploads\/2023\/03\/14_Banner-SY-Sushumna-scaled.jpg","width":2560,"height":905},{"@type":"BreadcrumbList","@id":"https:\/\/shrimataji.org\/test\/fi\/sushumna-nadi-fi\/#breadcrumb","itemListElement":[{"@type":"ListItem","position":1,"name":"Home","item":"https:\/\/shrimataji.org\/test\/uk\/home-en\/"},{"@type":"ListItem","position":2,"name":"Sushumna-nadi FIN"}]},{"@type":"WebSite","@id":"https:\/\/shrimataji.org\/test\/#website","url":"https:\/\/shrimataji.org\/test\/","name":"Shri Mataji Nirmala Devi","description":"A Life Dedicated to Humanity","publisher":{"@id":"https:\/\/shrimataji.org\/test\/#\/schema\/person\/a1b3419c6585f164aa96da1ff85715d1"},"potentialAction":[{"@type":"SearchAction","target":{"@type":"EntryPoint","urlTemplate":"https:\/\/shrimataji.org\/test\/?s={search_term_string}"},"query-input":{"@type":"PropertyValueSpecification","valueRequired":true,"valueName":"search_term_string"}}],"inLanguage":"en-US"},{"@type":["Person","Organization"],"@id":"https:\/\/shrimataji.org\/test\/#\/schema\/person\/a1b3419c6585f164aa96da1ff85715d1","name":"Nirmala Shrivastava","image":{"@type":"ImageObject","inLanguage":"en-US","@id":"https:\/\/shrimataji.org\/test\/wp-content\/uploads\/2023\/02\/SMO_LOGO-03.svg","url":"https:\/\/shrimataji.org\/test\/wp-content\/uploads\/2023\/02\/SMO_LOGO-03.svg","contentUrl":"https:\/\/shrimataji.org\/test\/wp-content\/uploads\/2023\/02\/SMO_LOGO-03.svg","width":"1024","height":"1024","caption":"Nirmala Shrivastava"},"logo":{"@id":"https:\/\/shrimataji.org\/test\/wp-content\/uploads\/2023\/02\/SMO_LOGO-03.svg"},"sameAs":["https:\/\/shrimataji.org\/test","https:\/\/www.facebook.com\/shrimataji","https:\/\/x.com\/shrimataji","https:\/\/www.youtube.com\/@Shri_Mataji_Nirmala_Devi\/featured"]}]}},"lang":"fi","translations":{"fi":12633,"ur":37511,"en":6416,"am":18085,"th":20073,"hu":19574,"sq":18486,"zh":17383,"hi":8315,"tr":10216,"pt":10424,"de":10698,"fr":10796,"it":10894,"es":10991,"ja":11289,"ru":11477,"bn":11668,"te":11776,"sw":11899,"he":12047,"el":12339,"sk":12437,"fa":12535,"bg":13380,"ro":14454,"cs":14647,"nl":16645,"ku":16805,"ar":16981,"be":18693,"kn":18967,"mr":20437,"uk":20730,"ml":21025,"ta":22804,"sv":23073,"gu":28908,"pa":29068,"fil":29522,"da":37819,"pl":38029,"nn":38371},"pll_sync_post":[],"_links":{"self":[{"href":"https:\/\/shrimataji.org\/test\/wp-json\/wp\/v2\/pages\/12633","targetHints":{"allow":["GET"]}}],"collection":[{"href":"https:\/\/shrimataji.org\/test\/wp-json\/wp\/v2\/pages"}],"about":[{"href":"https:\/\/shrimataji.org\/test\/wp-json\/wp\/v2\/types\/page"}],"author":[{"embeddable":true,"href":"https:\/\/shrimataji.org\/test\/wp-json\/wp\/v2\/users\/29"}],"replies":[{"embeddable":true,"href":"https:\/\/shrimataji.org\/test\/wp-json\/wp\/v2\/comments?post=12633"}],"version-history":[{"count":0,"href":"https:\/\/shrimataji.org\/test\/wp-json\/wp\/v2\/pages\/12633\/revisions"}],"wp:featuredmedia":[{"embeddable":true,"href":"https:\/\/shrimataji.org\/test\/wp-json\/wp\/v2\/media\/9249"}],"wp:attachment":[{"href":"https:\/\/shrimataji.org\/test\/wp-json\/wp\/v2\/media?parent=12633"}],"curies":[{"name":"wp","href":"https:\/\/api.w.org\/{rel}","templated":true}]}}