{"id":12634,"date":"2022-03-05T07:25:31","date_gmt":"2022-03-05T07:25:31","guid":{"rendered":"https:\/\/test.shrimataji.org\/?page_id=6484"},"modified":"2025-09-20T21:09:19","modified_gmt":"2025-09-20T21:09:19","slug":"swadhisthan-chakra-fi","status":"publish","type":"page","link":"https:\/\/shrimataji.org\/test\/fi\/swadhisthan-chakra-fi\/","title":{"rendered":"Swadhisthan-chakra FIN"},"content":{"rendered":"\n\n\t<h1>Swadhisthan-chakra<\/h1>\n<h2>Intuitio ja luovuus<\/h2>\n<p>I\u00e4n karttuessa olemme intensiivisen ja luovan oppimisprosessin kohteena, joka johtuu kokemuksistamme ja ymp\u00e4rist\u00f6st\u00e4mme. Opimme jatkuvasti uusia asioita.<\/p>\n<p>Toinen keskus on yhteydess\u00e4 luovuutemme l\u00e4hteeseen ja mahdollistaa selke\u00e4n huomion ja henkisen \u00e4lykkyyden. Se kanavoi luovaa inspiraatiotamme ja antaa meille mahdollisuuden kokea kauneutta ymp\u00e4rill\u00e4mme. T\u00e4m\u00e4n keskuksen antama henkinen \u00e4lykkyys ei ole mentaalista, vaan se on suoraa todellisuuden havainnointia. Se voidaan tuntea sormenp\u00e4iss\u00e4 ja se osoittaa hienojakoiset tukoksemme. T\u00e4m\u00e4 on my\u00f6s puhtaan huomiomme keskus, joka antaa meille kyvyn keskitty\u00e4.<\/p>\n\t\t<iframe loading=\"lazy\" title=\"Swadhisthan Chakra\" width=\"1920\" height=\"1080\" src=\"https:\/\/www.youtube.com\/embed\/f4ta5ak6nMg?feature=oembed\" frameborder=\"0\" allow=\"accelerometer; autoplay; clipboard-write; encrypted-media; gyroscope; picture-in-picture; web-share\" allowfullscreen><\/iframe>\t\n\t<p><strong>Sijainti<\/strong>:<\/p>\n<p>Swadhisthan-chakramme sijaitsee ristiluun yl\u00e4puolella olevassa aorttapunoksessa. T\u00e4m\u00e4 chakra ohjaa maksan, munuaisten, pernan, haiman ja naisten lis\u00e4\u00e4ntymiselimien toimintaa. Swadhisthan-chakramme v\u00e4r\u00e4htelyt voi tuntea molempien k\u00e4sien peukaloissa.<\/p>\n<p><strong>V\u00e4ri<\/strong>:<\/p>\n<p>Swadhisthan-chakraa edustaa keltainen v\u00e4ri. Se on yhteydess\u00e4 puhdistavaan tulielementtiin.<\/p>\n<p><strong>Joitakin Swadhisthan-chakran ominaisuuksia:<\/strong><\/p>\n\u2022 Luovuus<br \/>\n\u2022 Kauneuden arvostaminen<br \/>\n\u2022 Inspiraatio<br \/>\n\u2022 Ideoiden luominen<br \/>\n\u2022 H\u00e4iriintym\u00e4t\u00f6n huomio<br \/>\n\u2022 Ter\u00e4v\u00e4 \u00e4lyllinen havaintokyky<br \/>\n\u2022 Puhdas tieto<br \/>\n\u2022 Henkinen tiet\u00e4mys\n\t\t\t\t<a href=\"https:\/\/shrimataji.org\/test\/wp-content\/uploads\/2023\/02\/2-Swadhisthan-01.png\"  target=\"_blank\" rel=\"noopener\"  itemprop=\"url\">\n\t\t\t\t<img decoding=\"async\" src=\"https:\/\/shrimataji.org\/test\/wp-content\/uploads\/2025\/04\/2-Swadhisthan-01-2-scaled.png\" alt=\"2-Swadhisthan-01\" itemprop=\"image\" height=\"2560\" width=\"2402\" title=\"2-Swadhisthan-01\" onerror=\"this.style.display='none'\" loading='lazy' \/>\n\t\t\t\t<\/a>\n\t<p>Swadhisthanin perusominaisuus on luovuus. T\u00e4m\u00e4n chakran kautta syntyy luova energiamme. Swadhisthan hallitsee my\u00f6s huomiota, inspiraatiota ja puhdasta tietoa. Kun avaudumme Swadhisthan-chakran ominaisuuksille, l\u00f6yd\u00e4mme luovuuden kauneuden ja voiman.<\/p>\n<p><strong>Kokemus ja hy\u00f6dyt<\/strong><strong>:<\/strong><\/p>\n<p>Swadhisthan-chakran t\u00e4rkein fysiologinen teht\u00e4v\u00e4 on hajottaa rasvapartikkeleita vatsassa korvaamaan aivojen harmaata ja valkoista ainetta &#8211; &#8220;ajattelun&#8221; ainesta.<\/p>\n<p>Liiallinen ajattelu ja suunnittelu ovat hyvin yleisi\u00e4 nykymaailmassa. Lopulta Swadhisthan-chakran oikea puoli voi uupua kaikesta ajattelusta. Kun n\u00e4in tapahtuu, saatat huomata, ett\u00e4 luovuutesi laantuu ja ty\u00f6st\u00e4si tulee elotonta. Et ehk\u00e4 en\u00e4\u00e4 koe spontaaniutta ja iloa.<\/p>\n<p>T\u00e4m\u00e4 johtuu siit\u00e4, ett\u00e4 Swadhisthan-chakrasi laiminly\u00f6 muita elimi\u00e4, joista sen pit\u00e4isi huolehtia t\u00e4ydent\u00e4\u00e4kseen aivomateriaalia, jonka olet menett\u00e4nyt liiallisen ajattelun vuoksi.<\/p>\n<p>Esimerkiksi maksan on ty\u00f6skennelt\u00e4v\u00e4 enemm\u00e4n tuottaakseen rasvasoluja elimist\u00f6n tarpeisiin. Koska maksa on huomion tyyssija, menet\u00e4t keskittymiskyky\u00e4si ja puhdas ajattelu vaarantuu.<\/p>\n<p>On t\u00e4rke\u00e4\u00e4 tunnistaa ero huomion (joka on Swadhisthan-chakran ominaisuus) ja ajatuksen (joka on sille haitallinen) v\u00e4lill\u00e4. Huomio tarkoittaa tarkkaa havainnointia tai kuuntelemista. Se on puhdasta keskittymist\u00e4 kohteeseen <strong>ilman<\/strong> ajatuksia. Huomio on keskittymist\u00e4, havainnointia ja todistamista.<\/p>\n<p>Saatat esimerkiksi kiinnitt\u00e4\u00e4 huomiosi kukkaan ja arvostaa sen kauneutta ja tuoksua ilman, ett\u00e4 varsinaisesti ajattelet sit\u00e4. Tarkkailet ja ihailet sit\u00e4 ilman, ett\u00e4 mieless\u00e4si py\u00f6rii kysymyksi\u00e4, kuten &#8220;Mik\u00e4 t\u00e4m\u00e4n kukan nimi on?&#8221; tai &#8220;Onkohan t\u00e4m\u00e4 yksivuotinen vai monivuotinen?&#8221;.<\/p>\n<p>Tasapainossa oleva maksa yll\u00e4pit\u00e4\u00e4 ja ravitsee kyky\u00e4si olla tarkkaavainen suodattamalla pois ep\u00e4puhtaudet, h\u00e4iri\u00f6tekij\u00e4t ja ulkoiset h\u00e4iri\u00f6t. Rauha ja hiljaisuus, jotka auttavat sinua meditoimaan tehokkaasti, tulevat t\u00e4st\u00e4 puhdistuneesta huomiosta.<\/p>\n<p>Kun Swadhisthan-chakrasi on tasapainossa, liiallinen ajattelu estyy. Pystyt yll\u00e4pit\u00e4m\u00e4\u00e4n rauhallisen mielen, jossa ei ole huolia, ep\u00e4ilyksi\u00e4, h\u00e4mmennyst\u00e4 ja h\u00e4iri\u00f6tekij\u00f6it\u00e4. Luova ty\u00f6, jota teet t\u00e4ss\u00e4 tasapainoisessa tilassa ollessasi, paranee henkisesti. Siin\u00e4 on &#8220;syd\u00e4nt\u00e4&#8221;.<\/p>\n<p><strong>Itsearviointia<\/strong>:<\/p>\n<p>Jos Swadhisthan-chakrasi on ep\u00e4tasapainossa, saatat huomata, ett\u00e4 sinulla on vaikeuksia meditoida ja k\u00e4rsit yleisest\u00e4 luovuuden puutteesta. Saatat my\u00f6s kokea unettomuutta ja \u00e4rtyneisyytt\u00e4. Muita ep\u00e4tasapainoisen Swadhisthanin oireita ovat sairaudet, kuten diabetes, verisy\u00f6p\u00e4, allergiat ja syd\u00e4nsairaudet.<\/p>\n<p><strong>Ep\u00e4tasapainon syit\u00e4<\/strong><strong>: <\/strong><\/p>\n<ul>\n<li>Liiallinen ajattelu, suunnittelu ja mentaalinen toiminta uuvuttavat t\u00e4m\u00e4n keskuksen. \u00c4\u00e4rimmill\u00e4\u00e4n t\u00e4m\u00e4 voi aiheuttaa henkist\u00e4 loppuunpalamista ja \u00e4\u00e4rimm\u00e4ist\u00e4 v\u00e4symyst\u00e4 fyysisess\u00e4 kehossamme.<\/li>\n<\/ul>\n<p><strong>Tasapainottaminen<\/strong>:<\/p>\n<p>Onneksi meditaatio tarjoaa yksinkertaisen keinon t\u00e4m\u00e4n chakran tasapainottamiseen. Swadhisthan-chakran puhdistamiseksi sinun olisi hyv\u00e4 ottaa <a href=\"https:\/\/shrimataji.org\/test\/wp-content\/uploads\/2025\/07\/Jalkakylpy.pdf\" target=\"_blank\" rel=\"noopener\">jalkakylpy<\/a> p\u00e4ivitt\u00e4in normaalil\u00e4mp\u00f6isess\u00e4 vedess\u00e4.<\/p>\n<p>Jos haluat keskitty\u00e4 oikean Swadhisthan-chakran puhdistamiseen, kylvet\u00e4 jalkojasi meditaation aikana vadissa, jossa on suolaa ja <strong>kylm\u00e4\u00e4<\/strong> (jopa j\u00e4ist\u00e4) vett\u00e4. Voit my\u00f6s asettaa j\u00e4\u00e4pussin oikean Swadhisthanin kohdalle. T\u00e4m\u00e4 sijaitsee juuri sen kohdan yl\u00e4puolella, jossa vartalo yhdistyy oikeaan jalkaan.<\/p>\n<p>Puhdistaaksesi vasenta Swadhisthan-chakraasi, ota jalkakylpy vadissa, jossa on suolaa ja l\u00e4mmint\u00e4\/kuumaa vett\u00e4 (ihollesi sopivaa) meditaation aikana.<\/p>\n<p>Jos sinulla on jatkuvia ongelmia t\u00e4m\u00e4n chakran tasapainon kanssa, voit kokeilla sen puhdistamista kynttil\u00e4n liekill\u00e4. Pid\u00e4 kynttil\u00e4\u00e4 oikeassa k\u00e4dess\u00e4si muutaman senttimetrin p\u00e4\u00e4ss\u00e4 vasemman Swadhisthan-chakrasi edess\u00e4. Vasen Swadhisthan-chakra sijaitsee juuri sen paikan yl\u00e4puolella, miss\u00e4 vartalo yhdistyy vasempaan jalkaan.<\/p>\n\n","protected":false},"excerpt":{"rendered":"<p>Swadhisthan-chakra Intuitio ja luovuus I\u00e4n karttuessa olemme intensiivisen ja luovan oppimisprosessin kohteena, joka johtuu kokemuksistamme ja ymp\u00e4rist\u00f6st\u00e4mme. Opimme jatkuvasti uusia asioita. Toinen keskus on yhteydess\u00e4 luovuutemme l\u00e4hteeseen ja mahdollistaa selke\u00e4n huomion ja henkisen \u00e4lykkyyden. Se kanavoi luovaa inspiraatiotamme ja antaa meille mahdollisuuden kokea kauneutta ymp\u00e4rill\u00e4mme. T\u00e4m\u00e4n keskuksen antama henkinen \u00e4lykkyys ei ole mentaalista, vaan se&hellip; <br \/> <a class=\"read-more\" href=\"https:\/\/shrimataji.org\/test\/fi\/swadhisthan-chakra-fi\/\">Read more<\/a><\/p>\n","protected":false},"author":29,"featured_media":9252,"parent":0,"menu_order":0,"comment_status":"closed","ping_status":"closed","template":"","meta":{"inline_featured_image":false,"footnotes":""},"class_list":["post-12634","page","type-page","status-publish","has-post-thumbnail","hentry"],"yoast_head":"<!-- This site is optimized with the Yoast SEO plugin v27.4 - https:\/\/yoast.com\/product\/yoast-seo-wordpress\/ -->\n<title>Swadhisthan-chakra FIN - TEST - SMND<\/title>\n<meta name=\"robots\" content=\"noindex, follow, max-snippet:-1, max-image-preview:large, max-video-preview:-1\" \/>\n<meta property=\"og:locale\" content=\"en_US\" \/>\n<meta property=\"og:type\" content=\"article\" \/>\n<meta property=\"og:title\" content=\"Swadhisthan-chakra FIN - TEST - SMND\" \/>\n<meta property=\"og:description\" content=\"Swadhisthan-chakra Intuitio ja luovuus I\u00e4n karttuessa olemme intensiivisen ja luovan oppimisprosessin kohteena, joka johtuu kokemuksistamme ja ymp\u00e4rist\u00f6st\u00e4mme. Opimme jatkuvasti uusia asioita. Toinen keskus on yhteydess\u00e4 luovuutemme l\u00e4hteeseen ja mahdollistaa selke\u00e4n huomion ja henkisen \u00e4lykkyyden. Se kanavoi luovaa inspiraatiotamme ja antaa meille mahdollisuuden kokea kauneutta ymp\u00e4rill\u00e4mme. T\u00e4m\u00e4n keskuksen antama henkinen \u00e4lykkyys ei ole mentaalista, vaan se&hellip; Read more\" \/>\n<meta property=\"og:url\" content=\"https:\/\/shrimataji.org\/test\/fi\/swadhisthan-chakra-fi\/\" \/>\n<meta property=\"og:site_name\" content=\"TEST - SMND\" \/>\n<meta property=\"article:publisher\" content=\"https:\/\/www.facebook.com\/shrimataji\" \/>\n<meta property=\"article:modified_time\" content=\"2025-09-20T21:09:19+00:00\" \/>\n<meta property=\"og:image\" content=\"https:\/\/shrimataji.org\/test\/wp-content\/uploads\/2023\/03\/17_Banner-SY-Chakra-swad-scaled.jpg\" \/>\n\t<meta property=\"og:image:width\" content=\"2560\" \/>\n\t<meta property=\"og:image:height\" content=\"905\" \/>\n\t<meta property=\"og:image:type\" content=\"image\/jpeg\" \/>\n<meta name=\"twitter:card\" content=\"summary_large_image\" \/>\n<meta name=\"twitter:site\" content=\"@shrimataji\" \/>\n<meta name=\"twitter:label1\" content=\"Est. reading time\" \/>\n\t<meta name=\"twitter:data1\" content=\"3 minutes\" \/>\n<script type=\"application\/ld+json\" class=\"yoast-schema-graph\">{\"@context\":\"https:\\\/\\\/schema.org\",\"@graph\":[{\"@type\":\"WebPage\",\"@id\":\"https:\\\/\\\/shrimataji.org\\\/test\\\/fi\\\/swadhisthan-chakra-fi\\\/\",\"url\":\"https:\\\/\\\/shrimataji.org\\\/test\\\/fi\\\/swadhisthan-chakra-fi\\\/\",\"name\":\"Swadhisthan-chakra FIN - TEST - SMND\",\"isPartOf\":{\"@id\":\"https:\\\/\\\/shrimataji.org\\\/test\\\/#website\"},\"primaryImageOfPage\":{\"@id\":\"https:\\\/\\\/shrimataji.org\\\/test\\\/fi\\\/swadhisthan-chakra-fi\\\/#primaryimage\"},\"image\":{\"@id\":\"https:\\\/\\\/shrimataji.org\\\/test\\\/fi\\\/swadhisthan-chakra-fi\\\/#primaryimage\"},\"thumbnailUrl\":\"https:\\\/\\\/shrimataji.org\\\/test\\\/wp-content\\\/uploads\\\/2023\\\/03\\\/17_Banner-SY-Chakra-swad-scaled.jpg\",\"datePublished\":\"2022-03-05T07:25:31+00:00\",\"dateModified\":\"2025-09-20T21:09:19+00:00\",\"breadcrumb\":{\"@id\":\"https:\\\/\\\/shrimataji.org\\\/test\\\/fi\\\/swadhisthan-chakra-fi\\\/#breadcrumb\"},\"inLanguage\":\"en-US\",\"potentialAction\":[{\"@type\":\"ReadAction\",\"target\":[\"https:\\\/\\\/shrimataji.org\\\/test\\\/fi\\\/swadhisthan-chakra-fi\\\/\"]}]},{\"@type\":\"ImageObject\",\"inLanguage\":\"en-US\",\"@id\":\"https:\\\/\\\/shrimataji.org\\\/test\\\/fi\\\/swadhisthan-chakra-fi\\\/#primaryimage\",\"url\":\"https:\\\/\\\/shrimataji.org\\\/test\\\/wp-content\\\/uploads\\\/2023\\\/03\\\/17_Banner-SY-Chakra-swad-scaled.jpg\",\"contentUrl\":\"https:\\\/\\\/shrimataji.org\\\/test\\\/wp-content\\\/uploads\\\/2023\\\/03\\\/17_Banner-SY-Chakra-swad-scaled.jpg\",\"width\":2560,\"height\":905},{\"@type\":\"BreadcrumbList\",\"@id\":\"https:\\\/\\\/shrimataji.org\\\/test\\\/fi\\\/swadhisthan-chakra-fi\\\/#breadcrumb\",\"itemListElement\":[{\"@type\":\"ListItem\",\"position\":1,\"name\":\"Home\",\"item\":\"https:\\\/\\\/shrimataji.org\\\/test\\\/uk\\\/home-en\\\/\"},{\"@type\":\"ListItem\",\"position\":2,\"name\":\"Swadhisthan-chakra FIN\"}]},{\"@type\":\"WebSite\",\"@id\":\"https:\\\/\\\/shrimataji.org\\\/test\\\/#website\",\"url\":\"https:\\\/\\\/shrimataji.org\\\/test\\\/\",\"name\":\"Shri Mataji Nirmala Devi\",\"description\":\"A Life Dedicated to Humanity\",\"publisher\":{\"@id\":\"https:\\\/\\\/shrimataji.org\\\/test\\\/#\\\/schema\\\/person\\\/a1b3419c6585f164aa96da1ff85715d1\"},\"potentialAction\":[{\"@type\":\"SearchAction\",\"target\":{\"@type\":\"EntryPoint\",\"urlTemplate\":\"https:\\\/\\\/shrimataji.org\\\/test\\\/?s={search_term_string}\"},\"query-input\":{\"@type\":\"PropertyValueSpecification\",\"valueRequired\":true,\"valueName\":\"search_term_string\"}}],\"inLanguage\":\"en-US\"},{\"@type\":[\"Person\",\"Organization\"],\"@id\":\"https:\\\/\\\/shrimataji.org\\\/test\\\/#\\\/schema\\\/person\\\/a1b3419c6585f164aa96da1ff85715d1\",\"name\":\"Nirmala Shrivastava\",\"image\":{\"@type\":\"ImageObject\",\"inLanguage\":\"en-US\",\"@id\":\"https:\\\/\\\/shrimataji.org\\\/test\\\/wp-content\\\/uploads\\\/2023\\\/02\\\/SMO_LOGO-03.svg\",\"url\":\"https:\\\/\\\/shrimataji.org\\\/test\\\/wp-content\\\/uploads\\\/2023\\\/02\\\/SMO_LOGO-03.svg\",\"contentUrl\":\"https:\\\/\\\/shrimataji.org\\\/test\\\/wp-content\\\/uploads\\\/2023\\\/02\\\/SMO_LOGO-03.svg\",\"width\":\"1024\",\"height\":\"1024\",\"caption\":\"Nirmala Shrivastava\"},\"logo\":{\"@id\":\"https:\\\/\\\/shrimataji.org\\\/test\\\/wp-content\\\/uploads\\\/2023\\\/02\\\/SMO_LOGO-03.svg\"},\"sameAs\":[\"https:\\\/\\\/shrimataji.org\\\/test\",\"https:\\\/\\\/www.facebook.com\\\/shrimataji\",\"https:\\\/\\\/x.com\\\/shrimataji\",\"https:\\\/\\\/www.youtube.com\\\/@Shri_Mataji_Nirmala_Devi\\\/featured\"]}]}<\/script>\n<!-- \/ Yoast SEO plugin. -->","yoast_head_json":{"title":"Swadhisthan-chakra FIN - TEST - SMND","robots":{"index":"noindex","follow":"follow","max-snippet":"max-snippet:-1","max-image-preview":"max-image-preview:large","max-video-preview":"max-video-preview:-1"},"og_locale":"en_US","og_type":"article","og_title":"Swadhisthan-chakra FIN - TEST - SMND","og_description":"Swadhisthan-chakra Intuitio ja luovuus I\u00e4n karttuessa olemme intensiivisen ja luovan oppimisprosessin kohteena, joka johtuu kokemuksistamme ja ymp\u00e4rist\u00f6st\u00e4mme. Opimme jatkuvasti uusia asioita. Toinen keskus on yhteydess\u00e4 luovuutemme l\u00e4hteeseen ja mahdollistaa selke\u00e4n huomion ja henkisen \u00e4lykkyyden. Se kanavoi luovaa inspiraatiotamme ja antaa meille mahdollisuuden kokea kauneutta ymp\u00e4rill\u00e4mme. T\u00e4m\u00e4n keskuksen antama henkinen \u00e4lykkyys ei ole mentaalista, vaan se&hellip; Read more","og_url":"https:\/\/shrimataji.org\/test\/fi\/swadhisthan-chakra-fi\/","og_site_name":"TEST - SMND","article_publisher":"https:\/\/www.facebook.com\/shrimataji","article_modified_time":"2025-09-20T21:09:19+00:00","og_image":[{"width":2560,"height":905,"url":"https:\/\/shrimataji.org\/test\/wp-content\/uploads\/2023\/03\/17_Banner-SY-Chakra-swad-scaled.jpg","type":"image\/jpeg"}],"twitter_card":"summary_large_image","twitter_site":"@shrimataji","twitter_misc":{"Est. reading time":"3 minutes"},"schema":{"@context":"https:\/\/schema.org","@graph":[{"@type":"WebPage","@id":"https:\/\/shrimataji.org\/test\/fi\/swadhisthan-chakra-fi\/","url":"https:\/\/shrimataji.org\/test\/fi\/swadhisthan-chakra-fi\/","name":"Swadhisthan-chakra FIN - TEST - SMND","isPartOf":{"@id":"https:\/\/shrimataji.org\/test\/#website"},"primaryImageOfPage":{"@id":"https:\/\/shrimataji.org\/test\/fi\/swadhisthan-chakra-fi\/#primaryimage"},"image":{"@id":"https:\/\/shrimataji.org\/test\/fi\/swadhisthan-chakra-fi\/#primaryimage"},"thumbnailUrl":"https:\/\/shrimataji.org\/test\/wp-content\/uploads\/2023\/03\/17_Banner-SY-Chakra-swad-scaled.jpg","datePublished":"2022-03-05T07:25:31+00:00","dateModified":"2025-09-20T21:09:19+00:00","breadcrumb":{"@id":"https:\/\/shrimataji.org\/test\/fi\/swadhisthan-chakra-fi\/#breadcrumb"},"inLanguage":"en-US","potentialAction":[{"@type":"ReadAction","target":["https:\/\/shrimataji.org\/test\/fi\/swadhisthan-chakra-fi\/"]}]},{"@type":"ImageObject","inLanguage":"en-US","@id":"https:\/\/shrimataji.org\/test\/fi\/swadhisthan-chakra-fi\/#primaryimage","url":"https:\/\/shrimataji.org\/test\/wp-content\/uploads\/2023\/03\/17_Banner-SY-Chakra-swad-scaled.jpg","contentUrl":"https:\/\/shrimataji.org\/test\/wp-content\/uploads\/2023\/03\/17_Banner-SY-Chakra-swad-scaled.jpg","width":2560,"height":905},{"@type":"BreadcrumbList","@id":"https:\/\/shrimataji.org\/test\/fi\/swadhisthan-chakra-fi\/#breadcrumb","itemListElement":[{"@type":"ListItem","position":1,"name":"Home","item":"https:\/\/shrimataji.org\/test\/uk\/home-en\/"},{"@type":"ListItem","position":2,"name":"Swadhisthan-chakra FIN"}]},{"@type":"WebSite","@id":"https:\/\/shrimataji.org\/test\/#website","url":"https:\/\/shrimataji.org\/test\/","name":"Shri Mataji Nirmala Devi","description":"A Life Dedicated to Humanity","publisher":{"@id":"https:\/\/shrimataji.org\/test\/#\/schema\/person\/a1b3419c6585f164aa96da1ff85715d1"},"potentialAction":[{"@type":"SearchAction","target":{"@type":"EntryPoint","urlTemplate":"https:\/\/shrimataji.org\/test\/?s={search_term_string}"},"query-input":{"@type":"PropertyValueSpecification","valueRequired":true,"valueName":"search_term_string"}}],"inLanguage":"en-US"},{"@type":["Person","Organization"],"@id":"https:\/\/shrimataji.org\/test\/#\/schema\/person\/a1b3419c6585f164aa96da1ff85715d1","name":"Nirmala Shrivastava","image":{"@type":"ImageObject","inLanguage":"en-US","@id":"https:\/\/shrimataji.org\/test\/wp-content\/uploads\/2023\/02\/SMO_LOGO-03.svg","url":"https:\/\/shrimataji.org\/test\/wp-content\/uploads\/2023\/02\/SMO_LOGO-03.svg","contentUrl":"https:\/\/shrimataji.org\/test\/wp-content\/uploads\/2023\/02\/SMO_LOGO-03.svg","width":"1024","height":"1024","caption":"Nirmala Shrivastava"},"logo":{"@id":"https:\/\/shrimataji.org\/test\/wp-content\/uploads\/2023\/02\/SMO_LOGO-03.svg"},"sameAs":["https:\/\/shrimataji.org\/test","https:\/\/www.facebook.com\/shrimataji","https:\/\/x.com\/shrimataji","https:\/\/www.youtube.com\/@Shri_Mataji_Nirmala_Devi\/featured"]}]}},"lang":"fi","translations":{"fi":12634,"ur":37513,"en":6484,"am":18087,"th":20076,"hu":19576,"ar":16983,"sq":18488,"zh":17385,"hi":8323,"tr":10217,"pt":10425,"de":10699,"fr":10797,"it":10895,"es":10992,"ja":11290,"ru":11478,"bn":11669,"te":11777,"sw":11900,"he":12048,"el":12340,"sk":12438,"fa":12536,"bg":13374,"ro":14448,"cs":14641,"nl":16647,"ku":16807,"be":18695,"kn":18969,"mr":20440,"uk":20733,"ml":21028,"ta":22806,"sv":23075,"gu":28910,"pa":29070,"fil":29524,"da":37821,"pl":38031,"nn":38373},"pll_sync_post":[],"_links":{"self":[{"href":"https:\/\/shrimataji.org\/test\/wp-json\/wp\/v2\/pages\/12634","targetHints":{"allow":["GET"]}}],"collection":[{"href":"https:\/\/shrimataji.org\/test\/wp-json\/wp\/v2\/pages"}],"about":[{"href":"https:\/\/shrimataji.org\/test\/wp-json\/wp\/v2\/types\/page"}],"author":[{"embeddable":true,"href":"https:\/\/shrimataji.org\/test\/wp-json\/wp\/v2\/users\/29"}],"replies":[{"embeddable":true,"href":"https:\/\/shrimataji.org\/test\/wp-json\/wp\/v2\/comments?post=12634"}],"version-history":[{"count":0,"href":"https:\/\/shrimataji.org\/test\/wp-json\/wp\/v2\/pages\/12634\/revisions"}],"wp:featuredmedia":[{"embeddable":true,"href":"https:\/\/shrimataji.org\/test\/wp-json\/wp\/v2\/media\/9252"}],"wp:attachment":[{"href":"https:\/\/shrimataji.org\/test\/wp-json\/wp\/v2\/media?parent=12634"}],"curies":[{"name":"wp","href":"https:\/\/api.w.org\/{rel}","templated":true}]}}