{"id":12636,"date":"2012-10-02T12:00:00","date_gmt":"2012-10-02T12:00:00","guid":{"rendered":"http:\/\/testwordpress.nirmalnagari.org\/smnd\/index.php\/that-absolute-truth\/"},"modified":"2025-04-23T20:49:54","modified_gmt":"2025-04-23T20:49:54","slug":"se-absoluuttinen-totuus","status":"publish","type":"page","link":"https:\/\/shrimataji.org\/test\/fi\/se-absoluuttinen-totuus\/","title":{"rendered":"Se absoluuttinen totuus"},"content":{"rendered":"\n\n\t<h1>Se absoluuttinen totuus<\/h1>\n<h2><strong>Ote Sydneyn yliopiston uskontotieteen laitoksella pidetyn yleis\u00f6tilaisuuden puheesta Australiassa, 15. maaliskuuta, 1990<\/strong><\/h2>\n\t<p>Aivan aluksi meid\u00e4n on tiedett\u00e4v\u00e4 yksi asia, ett\u00e4 totuus on sit\u00e4, mit\u00e4 se on. Emme voi organisoida sit\u00e4, emme voi m\u00e4\u00e4r\u00e4t\u00e4 sit\u00e4, emme voi my\u00f6sk\u00e4\u00e4n k\u00e4sitteellist\u00e4\u00e4 sit\u00e4 inhimillisell\u00e4 ymm\u00e4rryksell\u00e4mme. Se on, se oli ja se tulee olemaan. Kaikkien uskontojen olemus, jos se ilmaistaan yhdell\u00e4 rivill\u00e4, on se, ett\u00e4 etsik\u00e4\u00e4 ikuista ja suhtautukaa hetkelliseen kaikella ymm\u00e4rryksell\u00e4 sit\u00e4 kohtaan.<\/p>\n\t\t\t\t<img loading=\"lazy\" decoding=\"async\" src=\"https:\/\/shrimataji.org\/test\/wp-content\/uploads\/2018\/07\/media_originals\/images\/shri-mataji-portraits\/shri-mataji-while-touring-india-1981-to-1982-1024x728.jpg\" alt=\"shri-mataji-while-touring-india-1981-to-1982\" itemprop=\"image\" height=\"728\" width=\"1024\" height=\"728\" width=\"1024\" title=\"shri-mataji-while-touring-india-1981-to-1982\" onerror=\"this.style.display='none'\"  \/>\n\t<p>Ensimm\u00e4inen osa on vaikea: etsi ikuista. Ikuinen on totuus, ja mik\u00e4 on totuus? Kun nyt puhun teille, olette kaikki hyvin kokeneita ja hyvin koulutettuja ihmisi\u00e4. Minun on pyydett\u00e4v\u00e4 teit\u00e4 pit\u00e4m\u00e4\u00e4n mielenne avoimena, suhtautumaan asiaan tieteellisesti, jotta voitte itse n\u00e4hd\u00e4, onko se, mit\u00e4 sanon, totuus vai ei, voitte kokea sen ja suhtautua kaikkeen t\u00e4h\u00e4n puheeseen hypoteesina. Ja jos se osoittautuu totuudeksi, meid\u00e4n on rehellisesti hyv\u00e4ksytt\u00e4v\u00e4 se.<\/p>\n<p>On kaksi asiaa, joita emme ehk\u00e4 hyv\u00e4ksy, mutta ne ovat olemassa. Toinen niist\u00e4 on se, ett\u00e4 koko t\u00e4m\u00e4 maailmankaikkeus, koko t\u00e4m\u00e4 luomakunta on Jumalan rakkauden kaikkialla vaikuttavan voiman ravitsema ja siit\u00e4 huolehtiva. Nykyp\u00e4iv\u00e4n\u00e4 jopa Jumalan nimen mainitseminen on liikaa. T\u00e4t\u00e4 kutsutaan sanskritin kielell\u00e4 nimell\u00e4 Paramachaitanya, Koraanissa sit\u00e4 kutsutaan nimell\u00e4 Ruh, Raamatussa nimell\u00e4 Jumalan rakkauden kaikkialla vaikuttava voima tai Jumaluuden kaikkialla vaikuttava voima. Se, mit\u00e4 me kutsumme henkisyydeksi, jumaluus on sen ydin. T\u00e4m\u00e4 on ensimm\u00e4inen totuus.<\/p>\n\t<p>Ja toinen totuus on, ett\u00e4 emme ole t\u00e4m\u00e4 keho, t\u00e4m\u00e4 mieli, tunteet, ego emmek\u00e4 ajatukset. Olemme sen lis\u00e4ksi henki, olemme puhdas henki. N\u00e4m\u00e4 kaksi asiaa on sanottu kaikissa uskonnoissa, mill\u00e4 tahansa tavalla niist\u00e4 sitten onkin puhuttu.<\/p>\n<p>Ennen vanhaan, kun etsiminen alkoi Intiassa, Intialla oli tiettyj\u00e4 etuja muihin maihin verrattuna. Ensinn\u00e4kin ilmasto on niin hyv\u00e4, ett\u00e4 voi el\u00e4\u00e4 vaikka viidakossa ilman suurempia ongelmia. Kun l\u00e4nness\u00e4 sanoisimme, ett\u00e4 ihmiset alkoivat kasvaa ulosp\u00e4in kuin puu, intialaiset alkoivat kasvaa alasp\u00e4in juurilleen. Ja he l\u00f6ysiv\u00e4t Sahaja Yogan jo kauan sitten.<\/p>\n<p>Se ei ole mik\u00e4\u00e4n uudenaikainen asia, vaan muinainen hyv\u00e4ksytty menetelm\u00e4, jolla saavutetaan yhteys Jumalaan, ja se on jooga. Sahaja tarkoittaa &#8220;syntynyt kanssasi&#8221; &#8211; &#8220;saha&#8221; on &#8220;kanssasi&#8221;, &#8220;ja&#8221; on &#8220;syntynyt&#8221;. Kanssanne syntynyt tarkoittaa oikeutta saada tuo yhteys Jumalallisen voimaan.<\/p>\n\t<p>Mutta sahaja tarkoittaa my\u00f6s &#8220;spontaania&#8221;, koska t\u00e4m\u00e4 on el\u00e4v\u00e4 voima, joka toteuttaa sen. Sis\u00e4ll\u00e4mme on el\u00e4v\u00e4 voima, joka on tehnyt meist\u00e4 ihmisolentoja ameeba-asteelta l\u00e4htien. Ja nyt on olemassa toinen j\u00e4\u00e4nnevoima, jonka teht\u00e4v\u00e4 on yhdist\u00e4\u00e4 meid\u00e4t Jumalaan. T\u00e4m\u00e4 on sanan jooga todellinen merkitys. Jokaisella ihmisell\u00e4 on oikeus yhdisty\u00e4 tuohon kaikkialla l\u00e4sn\u00e4 olevaan voimaan. T\u00e4m\u00e4 on siis evoluutiomme viimeinen l\u00e4pimurto.<\/p>\n<p>Kuten tied\u00e4tte, ihmisen tasolla el\u00e4mme suhteellisessa maailmassa. Jotkut sanovat, ett\u00e4 t\u00e4m\u00e4 on hyv\u00e4, jotkut sanovat, ett\u00e4 tuo on hyv\u00e4. Kaikkialla kiistell\u00e4\u00e4n. Mutta jos se on absoluuttinen totuus, siit\u00e4 ei pit\u00e4isi olla kahta mielipidett\u00e4. Meid\u00e4n on siis hyvin n\u00f6yr\u00e4sti hyv\u00e4ksytt\u00e4v\u00e4, ettemme ole viel\u00e4 saavuttaneet sit\u00e4 absoluuttista totuutta, joka todistaa Jumalan olemassaolon, joka todistaa t\u00e4m\u00e4n kaikkialla vaikuttavan voiman olemassaolon, joka todistaa sen oikeellisuuden, mit\u00e4 suuret profeetat, suuret inkarnaatiot ovat meille opettaneet.<\/p>\n\t<p><img loading=\"lazy\" decoding=\"async\" src=\"https:\/\/shrimataji.org\/test\/wp-content\/uploads\/2018\/07\/media_originals\/images\/shri-mataji-portraits\/shri-mataji-nirmala-devi-portrait.jpg\" alt=\"\" width=\"906\" height=\"598\" \/><\/p>\n\t<p>Uskonnot ovat tietysti ajautuneet harhaan ja eksyksiin ihmisten toiminnan vuoksi, ja ne ovat saattaneet n\u00e4enn\u00e4isesti pyrki\u00e4 olemaan erilaisia, mutta ne olivat kuin kukkia el\u00e4m\u00e4npuussa eri aikoina, ajan tarpeen mukaan &#8211; sanskritin sana t\u00e4h\u00e4n on &#8216;samayachaa&#8217;. Ajan tarpeen mukaan oli erilaisia ilmenemismuotoja, mutta ne kaikki luotiin yhdelle el\u00e4m\u00e4npuulle. Mutta ihmiset repiv\u00e4t niit\u00e4 ja alkoivat sanoa: &#8220;T\u00e4m\u00e4 on minun. T\u00e4m\u00e4 on minun&#8221;, ja alettiin tapella kuolleiden kukkien kanssa. N\u00e4in nykyajan ongelmat syntyv\u00e4t.<\/p>\n\t<div class=\"su-quote su-quote-style-default\"><div class=\"su-quote-inner su-u-clearfix su-u-trim\"> Teid\u00e4n ei tarvitse uskoa sokeasti mihink\u00e4\u00e4n. Sokea usko johtaa fanaattisuuteen. Teid\u00e4n ei pit\u00e4isi uskoa sokeasti lainkaan. Teid\u00e4n on koettava. <\/div><\/div>\n\t<p>Pyhimyksiss\u00e4 ei ollut mit\u00e4\u00e4n vikaa, profeetoissa ei ollut mit\u00e4\u00e4n vikaa eik\u00e4 inkarnaatioissa ollut mit\u00e4\u00e4n vikaa. He kaikki ovat tehneet sit\u00e4, mik\u00e4 on ollut parasta meille, ja he ovat yritt\u00e4neet kertoa meille aika ajoin evoluutiomme aikana, mit\u00e4 meid\u00e4n pit\u00e4\u00e4 tehd\u00e4. Mutta enimm\u00e4kseen he ovat k\u00e4sitelleet ohimenevi\u00e4 asioita, sit\u00e4, miten ei pid\u00e4 antautua el\u00e4m\u00e4n ohimeneviin nautintoihin vaan etsi\u00e4 ikuista&#8230;<\/p>\n\n","protected":false},"excerpt":{"rendered":"<p>Se absoluuttinen totuus Ote Sydneyn yliopiston uskontotieteen laitoksella pidetyn yleis\u00f6tilaisuuden puheesta Australiassa, 15. maaliskuuta, 1990 Aivan aluksi meid\u00e4n on tiedett\u00e4v\u00e4 yksi asia, ett\u00e4 totuus on sit\u00e4, mit\u00e4 se on. Emme voi organisoida sit\u00e4, emme voi m\u00e4\u00e4r\u00e4t\u00e4 sit\u00e4, emme voi my\u00f6sk\u00e4\u00e4n k\u00e4sitteellist\u00e4\u00e4 sit\u00e4 inhimillisell\u00e4 ymm\u00e4rryksell\u00e4mme. Se on, se oli ja se tulee olemaan. Kaikkien uskontojen olemus,&hellip; <br \/> <a class=\"read-more\" href=\"https:\/\/shrimataji.org\/test\/fi\/se-absoluuttinen-totuus\/\">Read more<\/a><\/p>\n","protected":false},"author":29,"featured_media":133,"parent":0,"menu_order":0,"comment_status":"closed","ping_status":"closed","template":"","meta":{"inline_featured_image":false,"footnotes":""},"class_list":["post-12636","page","type-page","status-publish","has-post-thumbnail","hentry"],"yoast_head":"<!-- This site is optimized with the Yoast SEO plugin v27.4 - https:\/\/yoast.com\/product\/yoast-seo-wordpress\/ -->\n<title>Se absoluuttinen totuus - TEST - SMND<\/title>\n<meta name=\"robots\" content=\"noindex, follow, max-snippet:-1, max-image-preview:large, max-video-preview:-1\" \/>\n<meta property=\"og:locale\" content=\"en_US\" \/>\n<meta property=\"og:type\" content=\"article\" \/>\n<meta property=\"og:title\" content=\"Se absoluuttinen totuus - TEST - SMND\" \/>\n<meta property=\"og:description\" content=\"Se absoluuttinen totuus Ote Sydneyn yliopiston uskontotieteen laitoksella pidetyn yleis\u00f6tilaisuuden puheesta Australiassa, 15. maaliskuuta, 1990 Aivan aluksi meid\u00e4n on tiedett\u00e4v\u00e4 yksi asia, ett\u00e4 totuus on sit\u00e4, mit\u00e4 se on. Emme voi organisoida sit\u00e4, emme voi m\u00e4\u00e4r\u00e4t\u00e4 sit\u00e4, emme voi my\u00f6sk\u00e4\u00e4n k\u00e4sitteellist\u00e4\u00e4 sit\u00e4 inhimillisell\u00e4 ymm\u00e4rryksell\u00e4mme. Se on, se oli ja se tulee olemaan. Kaikkien uskontojen olemus,&hellip; Read more\" \/>\n<meta property=\"og:url\" content=\"https:\/\/shrimataji.org\/test\/fi\/se-absoluuttinen-totuus\/\" \/>\n<meta property=\"og:site_name\" content=\"TEST - SMND\" \/>\n<meta property=\"article:publisher\" content=\"https:\/\/www.facebook.com\/shrimataji\" \/>\n<meta property=\"article:modified_time\" content=\"2025-04-23T20:49:54+00:00\" \/>\n<meta property=\"og:image\" content=\"https:\/\/shrimataji.org\/test\/wp-content\/uploads\/2018\/07\/media_originals\/images\/headers-general\/pink-flower-soft.jpg\" \/>\n\t<meta property=\"og:image:width\" content=\"990\" \/>\n\t<meta property=\"og:image:height\" content=\"350\" \/>\n\t<meta property=\"og:image:type\" content=\"image\/jpeg\" \/>\n<meta name=\"twitter:card\" content=\"summary_large_image\" \/>\n<meta name=\"twitter:site\" content=\"@shrimataji\" \/>\n<script type=\"application\/ld+json\" class=\"yoast-schema-graph\">{\"@context\":\"https:\\\/\\\/schema.org\",\"@graph\":[{\"@type\":\"WebPage\",\"@id\":\"https:\\\/\\\/shrimataji.org\\\/test\\\/fi\\\/se-absoluuttinen-totuus\\\/\",\"url\":\"https:\\\/\\\/shrimataji.org\\\/test\\\/fi\\\/se-absoluuttinen-totuus\\\/\",\"name\":\"Se absoluuttinen totuus - TEST - SMND\",\"isPartOf\":{\"@id\":\"https:\\\/\\\/shrimataji.org\\\/test\\\/#website\"},\"primaryImageOfPage\":{\"@id\":\"https:\\\/\\\/shrimataji.org\\\/test\\\/fi\\\/se-absoluuttinen-totuus\\\/#primaryimage\"},\"image\":{\"@id\":\"https:\\\/\\\/shrimataji.org\\\/test\\\/fi\\\/se-absoluuttinen-totuus\\\/#primaryimage\"},\"thumbnailUrl\":\"https:\\\/\\\/shrimataji.org\\\/test\\\/wp-content\\\/uploads\\\/2018\\\/07\\\/media_originals\\\/images\\\/headers-general\\\/pink-flower-soft.jpg\",\"datePublished\":\"2012-10-02T12:00:00+00:00\",\"dateModified\":\"2025-04-23T20:49:54+00:00\",\"breadcrumb\":{\"@id\":\"https:\\\/\\\/shrimataji.org\\\/test\\\/fi\\\/se-absoluuttinen-totuus\\\/#breadcrumb\"},\"inLanguage\":\"en-US\",\"potentialAction\":[{\"@type\":\"ReadAction\",\"target\":[\"https:\\\/\\\/shrimataji.org\\\/test\\\/fi\\\/se-absoluuttinen-totuus\\\/\"]}]},{\"@type\":\"ImageObject\",\"inLanguage\":\"en-US\",\"@id\":\"https:\\\/\\\/shrimataji.org\\\/test\\\/fi\\\/se-absoluuttinen-totuus\\\/#primaryimage\",\"url\":\"https:\\\/\\\/shrimataji.org\\\/test\\\/wp-content\\\/uploads\\\/2018\\\/07\\\/media_originals\\\/images\\\/headers-general\\\/pink-flower-soft.jpg\",\"contentUrl\":\"https:\\\/\\\/shrimataji.org\\\/test\\\/wp-content\\\/uploads\\\/2018\\\/07\\\/media_originals\\\/images\\\/headers-general\\\/pink-flower-soft.jpg\",\"width\":990,\"height\":350},{\"@type\":\"BreadcrumbList\",\"@id\":\"https:\\\/\\\/shrimataji.org\\\/test\\\/fi\\\/se-absoluuttinen-totuus\\\/#breadcrumb\",\"itemListElement\":[{\"@type\":\"ListItem\",\"position\":1,\"name\":\"Home\",\"item\":\"https:\\\/\\\/shrimataji.org\\\/test\\\/uk\\\/home-en\\\/\"},{\"@type\":\"ListItem\",\"position\":2,\"name\":\"Se absoluuttinen totuus\"}]},{\"@type\":\"WebSite\",\"@id\":\"https:\\\/\\\/shrimataji.org\\\/test\\\/#website\",\"url\":\"https:\\\/\\\/shrimataji.org\\\/test\\\/\",\"name\":\"Shri Mataji Nirmala Devi\",\"description\":\"A Life Dedicated to Humanity\",\"publisher\":{\"@id\":\"https:\\\/\\\/shrimataji.org\\\/test\\\/#\\\/schema\\\/person\\\/a1b3419c6585f164aa96da1ff85715d1\"},\"potentialAction\":[{\"@type\":\"SearchAction\",\"target\":{\"@type\":\"EntryPoint\",\"urlTemplate\":\"https:\\\/\\\/shrimataji.org\\\/test\\\/?s={search_term_string}\"},\"query-input\":{\"@type\":\"PropertyValueSpecification\",\"valueRequired\":true,\"valueName\":\"search_term_string\"}}],\"inLanguage\":\"en-US\"},{\"@type\":[\"Person\",\"Organization\"],\"@id\":\"https:\\\/\\\/shrimataji.org\\\/test\\\/#\\\/schema\\\/person\\\/a1b3419c6585f164aa96da1ff85715d1\",\"name\":\"Nirmala Shrivastava\",\"image\":{\"@type\":\"ImageObject\",\"inLanguage\":\"en-US\",\"@id\":\"https:\\\/\\\/shrimataji.org\\\/test\\\/wp-content\\\/uploads\\\/2023\\\/02\\\/SMO_LOGO-03.svg\",\"url\":\"https:\\\/\\\/shrimataji.org\\\/test\\\/wp-content\\\/uploads\\\/2023\\\/02\\\/SMO_LOGO-03.svg\",\"contentUrl\":\"https:\\\/\\\/shrimataji.org\\\/test\\\/wp-content\\\/uploads\\\/2023\\\/02\\\/SMO_LOGO-03.svg\",\"width\":\"1024\",\"height\":\"1024\",\"caption\":\"Nirmala Shrivastava\"},\"logo\":{\"@id\":\"https:\\\/\\\/shrimataji.org\\\/test\\\/wp-content\\\/uploads\\\/2023\\\/02\\\/SMO_LOGO-03.svg\"},\"sameAs\":[\"https:\\\/\\\/shrimataji.org\\\/test\",\"https:\\\/\\\/www.facebook.com\\\/shrimataji\",\"https:\\\/\\\/x.com\\\/shrimataji\",\"https:\\\/\\\/www.youtube.com\\\/@Shri_Mataji_Nirmala_Devi\\\/featured\"]}]}<\/script>\n<!-- \/ Yoast SEO plugin. -->","yoast_head_json":{"title":"Se absoluuttinen totuus - TEST - SMND","robots":{"index":"noindex","follow":"follow","max-snippet":"max-snippet:-1","max-image-preview":"max-image-preview:large","max-video-preview":"max-video-preview:-1"},"og_locale":"en_US","og_type":"article","og_title":"Se absoluuttinen totuus - TEST - SMND","og_description":"Se absoluuttinen totuus Ote Sydneyn yliopiston uskontotieteen laitoksella pidetyn yleis\u00f6tilaisuuden puheesta Australiassa, 15. maaliskuuta, 1990 Aivan aluksi meid\u00e4n on tiedett\u00e4v\u00e4 yksi asia, ett\u00e4 totuus on sit\u00e4, mit\u00e4 se on. Emme voi organisoida sit\u00e4, emme voi m\u00e4\u00e4r\u00e4t\u00e4 sit\u00e4, emme voi my\u00f6sk\u00e4\u00e4n k\u00e4sitteellist\u00e4\u00e4 sit\u00e4 inhimillisell\u00e4 ymm\u00e4rryksell\u00e4mme. Se on, se oli ja se tulee olemaan. Kaikkien uskontojen olemus,&hellip; Read more","og_url":"https:\/\/shrimataji.org\/test\/fi\/se-absoluuttinen-totuus\/","og_site_name":"TEST - SMND","article_publisher":"https:\/\/www.facebook.com\/shrimataji","article_modified_time":"2025-04-23T20:49:54+00:00","og_image":[{"width":990,"height":350,"url":"https:\/\/shrimataji.org\/test\/wp-content\/uploads\/2018\/07\/media_originals\/images\/headers-general\/pink-flower-soft.jpg","type":"image\/jpeg"}],"twitter_card":"summary_large_image","twitter_site":"@shrimataji","schema":{"@context":"https:\/\/schema.org","@graph":[{"@type":"WebPage","@id":"https:\/\/shrimataji.org\/test\/fi\/se-absoluuttinen-totuus\/","url":"https:\/\/shrimataji.org\/test\/fi\/se-absoluuttinen-totuus\/","name":"Se absoluuttinen totuus - TEST - SMND","isPartOf":{"@id":"https:\/\/shrimataji.org\/test\/#website"},"primaryImageOfPage":{"@id":"https:\/\/shrimataji.org\/test\/fi\/se-absoluuttinen-totuus\/#primaryimage"},"image":{"@id":"https:\/\/shrimataji.org\/test\/fi\/se-absoluuttinen-totuus\/#primaryimage"},"thumbnailUrl":"https:\/\/shrimataji.org\/test\/wp-content\/uploads\/2018\/07\/media_originals\/images\/headers-general\/pink-flower-soft.jpg","datePublished":"2012-10-02T12:00:00+00:00","dateModified":"2025-04-23T20:49:54+00:00","breadcrumb":{"@id":"https:\/\/shrimataji.org\/test\/fi\/se-absoluuttinen-totuus\/#breadcrumb"},"inLanguage":"en-US","potentialAction":[{"@type":"ReadAction","target":["https:\/\/shrimataji.org\/test\/fi\/se-absoluuttinen-totuus\/"]}]},{"@type":"ImageObject","inLanguage":"en-US","@id":"https:\/\/shrimataji.org\/test\/fi\/se-absoluuttinen-totuus\/#primaryimage","url":"https:\/\/shrimataji.org\/test\/wp-content\/uploads\/2018\/07\/media_originals\/images\/headers-general\/pink-flower-soft.jpg","contentUrl":"https:\/\/shrimataji.org\/test\/wp-content\/uploads\/2018\/07\/media_originals\/images\/headers-general\/pink-flower-soft.jpg","width":990,"height":350},{"@type":"BreadcrumbList","@id":"https:\/\/shrimataji.org\/test\/fi\/se-absoluuttinen-totuus\/#breadcrumb","itemListElement":[{"@type":"ListItem","position":1,"name":"Home","item":"https:\/\/shrimataji.org\/test\/uk\/home-en\/"},{"@type":"ListItem","position":2,"name":"Se absoluuttinen totuus"}]},{"@type":"WebSite","@id":"https:\/\/shrimataji.org\/test\/#website","url":"https:\/\/shrimataji.org\/test\/","name":"Shri Mataji Nirmala Devi","description":"A Life Dedicated to Humanity","publisher":{"@id":"https:\/\/shrimataji.org\/test\/#\/schema\/person\/a1b3419c6585f164aa96da1ff85715d1"},"potentialAction":[{"@type":"SearchAction","target":{"@type":"EntryPoint","urlTemplate":"https:\/\/shrimataji.org\/test\/?s={search_term_string}"},"query-input":{"@type":"PropertyValueSpecification","valueRequired":true,"valueName":"search_term_string"}}],"inLanguage":"en-US"},{"@type":["Person","Organization"],"@id":"https:\/\/shrimataji.org\/test\/#\/schema\/person\/a1b3419c6585f164aa96da1ff85715d1","name":"Nirmala Shrivastava","image":{"@type":"ImageObject","inLanguage":"en-US","@id":"https:\/\/shrimataji.org\/test\/wp-content\/uploads\/2023\/02\/SMO_LOGO-03.svg","url":"https:\/\/shrimataji.org\/test\/wp-content\/uploads\/2023\/02\/SMO_LOGO-03.svg","contentUrl":"https:\/\/shrimataji.org\/test\/wp-content\/uploads\/2023\/02\/SMO_LOGO-03.svg","width":"1024","height":"1024","caption":"Nirmala Shrivastava"},"logo":{"@id":"https:\/\/shrimataji.org\/test\/wp-content\/uploads\/2023\/02\/SMO_LOGO-03.svg"},"sameAs":["https:\/\/shrimataji.org\/test","https:\/\/www.facebook.com\/shrimataji","https:\/\/x.com\/shrimataji","https:\/\/www.youtube.com\/@Shri_Mataji_Nirmala_Devi\/featured"]}]}},"lang":"fi","translations":{"fi":12636,"ur":37515,"en":430,"am":18090,"th":20081,"hu":19580,"ar":16986,"sq":18491,"zh":17388,"tr":10219,"pt":10427,"de":10701,"fr":10799,"it":10897,"es":10994,"ja":11292,"ru":11480,"bn":11671,"te":11779,"sw":11902,"he":12050,"el":12342,"sk":12440,"fa":12538,"bg":13496,"ro":14571,"cs":14764,"nl":16650,"ku":16810,"be":18698,"kn":18972,"mr":20445,"uk":20738,"ml":21033,"ta":22809,"sv":23078,"gu":28913,"pa":29073,"fil":29527,"da":37823,"pl":38033,"nn":38375},"pll_sync_post":[],"_links":{"self":[{"href":"https:\/\/shrimataji.org\/test\/wp-json\/wp\/v2\/pages\/12636","targetHints":{"allow":["GET"]}}],"collection":[{"href":"https:\/\/shrimataji.org\/test\/wp-json\/wp\/v2\/pages"}],"about":[{"href":"https:\/\/shrimataji.org\/test\/wp-json\/wp\/v2\/types\/page"}],"author":[{"embeddable":true,"href":"https:\/\/shrimataji.org\/test\/wp-json\/wp\/v2\/users\/29"}],"replies":[{"embeddable":true,"href":"https:\/\/shrimataji.org\/test\/wp-json\/wp\/v2\/comments?post=12636"}],"version-history":[{"count":0,"href":"https:\/\/shrimataji.org\/test\/wp-json\/wp\/v2\/pages\/12636\/revisions"}],"wp:featuredmedia":[{"embeddable":true,"href":"https:\/\/shrimataji.org\/test\/wp-json\/wp\/v2\/media\/133"}],"wp:attachment":[{"href":"https:\/\/shrimataji.org\/test\/wp-json\/wp\/v2\/media?parent=12636"}],"curies":[{"name":"wp","href":"https:\/\/api.w.org\/{rel}","templated":true}]}}