{"id":12637,"date":"2022-01-29T09:27:08","date_gmt":"2022-01-29T09:27:08","guid":{"rendered":"https:\/\/test.shrimataji.org\/?page_id=6380"},"modified":"2025-09-02T11:38:59","modified_gmt":"2025-09-02T11:38:59","slug":"sisaisen-kasvun-taito","status":"publish","type":"page","link":"https:\/\/shrimataji.org\/test\/fi\/sisaisen-kasvun-taito\/","title":{"rendered":"Sis\u00e4isen kasvun taito"},"content":{"rendered":"\n\n\t<h1>Sis\u00e4isen kasvun taito<\/h1>\n<h2>L\u00f6yd\u00e4 todellinen sis\u00e4inen potentiaalisi<\/h2>\n<div class=\"su-quote su-quote-style-default\"><div class=\"su-quote-inner su-u-clearfix su-u-trim\"> Kun olette alkaneet ymm\u00e4rt\u00e4\u00e4 ulkoisen kasvun, joka teid\u00e4n on toteutettava, on oltava my\u00f6s sis\u00e4ist\u00e4 kasvua. Kuten puussa, kun puu kasvaa korkeammalle, juurten on my\u00f6s kasvettava. <\/div><\/div>\n<h4>Sis\u00e4inen kasvumme <a href=\"https:\/\/shrimataji.org\/test\/fi\/sahaja-yoga-meditaatio\/\" target=\"_blank\" rel=\"noopener\">Sahaja Yoga -meditaatiossa<\/a> on t\u00e4ysin luonnollista ja spontaania. Ei ole mit\u00e4\u00e4n erityist\u00e4 tekniikkaa, jota voisimme k\u00e4ytt\u00e4\u00e4 mielemme tai \u00e4lymme avulla pakottaaksemme tai vaikuttaaksemme t\u00e4h\u00e4n sis\u00e4iseen kasvuun. Aivan kuten ei ole mit\u00e4\u00e4n erityist\u00e4 tekniikkaa, jonka avulla siemenest\u00e4 tulee kasvi tai kukasta hedelm\u00e4, vaan Luonto\u00e4iti tuo spontaanisti esiin kaikki n\u00e4m\u00e4 luonnolliset tapahtumat, vain <a href=\"https:\/\/shrimataji.org\/test\/fi\/kundaliini\/\" target=\"_blank\" rel=\"noopener\">Kundaliini<\/a>, joka on \u00e4idillinen hoivaava voima sis\u00e4ll\u00e4mme, muokkaa koko hienojakoista j\u00e4rjestelm\u00e4\u00e4 monimutkaisen <a href=\"https:\/\/shrimataji.org\/test\/fi\/chakrat-ja-ominaisuudet\/\" target=\"_blank\" rel=\"noopener\">chakrojen<\/a> ja <a href=\"https:\/\/shrimataji.org\/test\/fi\/nadit-ja-kolme-mielialaa\/\" target=\"_blank\" rel=\"noopener\">nadien<\/a> verkoston kautta kehitt\u00e4\u00e4kseen t\u00e4ysin henkist\u00e4 tietoisuuttamme.<\/h4>\n<p>T\u00e4ydellisen henkisen tietoisuuden kautta tulemme yhdeksi todellisen sis\u00e4isen potentiaalimme kanssa, joka yhdist\u00e4\u00e4 kokonaisvaltaisesti kehomme, mielemme, tunteemme ja \u00e4lymme. Ennen itseoivallusta syd\u00e4memme haluaa jotakin, \u00e4lymme ajattelee jotakin muuta ja kehomme reagoi jotenkin muuten. Sahaja Yoga -meditaation s\u00e4\u00e4nn\u00f6llinen harjoittaminen luo syd\u00e4men, huomion, mielen, kehon ja \u00e4lyn hienojakoisen yhteyden, jonka avulla voimme kokea t\u00e4ydellisen virtauksen tilan jokaisella el\u00e4m\u00e4mme osa-alueella.<\/p>\n<p>Kun saavutamme t\u00e4m\u00e4n sis\u00e4isen harmonian, huomaamme, ett\u00e4 se vaikuttaa syv\u00e4llisesti ymp\u00e4rist\u00f6\u00f6mme, olipa kyse sitten ty\u00f6st\u00e4, perheest\u00e4 tai yhteiskunnasta, jossa el\u00e4mme. Meid\u00e4n ei tarvitse ajatella tietyll\u00e4 tavalla tai sanoa jotakin tietyll\u00e4 tavalla, vaan henkiset auramme (syd\u00e4nt\u00e4mme ja chakrojamme ymp\u00e4r\u00f6i seitsem\u00e4n auraa) todella valaistuvat ja ovat dynaamisessa vuorovaikutuksessa kaiken sen kanssa, mik\u00e4 ymp\u00e4r\u00f6i el\u00e4m\u00e4\u00e4mme.<\/p>\n<div class=\"su-quote su-quote-style-default\"><div class=\"su-quote-inner su-u-clearfix su-u-trim\"> Se ei ole mit\u00e4\u00e4n muuta kuin juuriemme sis\u00e4ist\u00e4 kasvua, joka saavutetaan Kundaliinin nousun kautta&#8230; Teid\u00e4n on siis vain annettava aikaa ja tultava kollektiiviin ja kehitytt\u00e4v\u00e4 Sahaja Yogassa. <\/div><\/div>\n\n","protected":false},"excerpt":{"rendered":"<p>Sis\u00e4isen kasvun taito L\u00f6yd\u00e4 todellinen sis\u00e4inen potentiaalisi Sis\u00e4inen kasvumme Sahaja Yoga -meditaatiossa on t\u00e4ysin luonnollista ja spontaania. Ei ole mit\u00e4\u00e4n erityist\u00e4 tekniikkaa, jota voisimme k\u00e4ytt\u00e4\u00e4 mielemme tai \u00e4lymme avulla pakottaaksemme tai vaikuttaaksemme t\u00e4h\u00e4n sis\u00e4iseen kasvuun. Aivan kuten ei ole mit\u00e4\u00e4n erityist\u00e4 tekniikkaa, jonka avulla siemenest\u00e4 tulee kasvi tai kukasta hedelm\u00e4, vaan Luonto\u00e4iti tuo spontaanisti esiin&hellip; <br \/> <a class=\"read-more\" href=\"https:\/\/shrimataji.org\/test\/fi\/sisaisen-kasvun-taito\/\">Read more<\/a><\/p>\n","protected":false},"author":29,"featured_media":9258,"parent":0,"menu_order":0,"comment_status":"closed","ping_status":"closed","template":"","meta":{"inline_featured_image":false,"footnotes":""},"class_list":["post-12637","page","type-page","status-publish","has-post-thumbnail","hentry"],"yoast_head":"<!-- This site is optimized with the Yoast SEO plugin v27.4 - https:\/\/yoast.com\/product\/yoast-seo-wordpress\/ -->\n<title>Sis\u00e4isen kasvun taito - TEST - SMND<\/title>\n<meta name=\"robots\" content=\"noindex, follow, max-snippet:-1, max-image-preview:large, max-video-preview:-1\" \/>\n<meta property=\"og:locale\" content=\"en_US\" \/>\n<meta property=\"og:type\" content=\"article\" \/>\n<meta property=\"og:title\" content=\"Sis\u00e4isen kasvun taito - TEST - SMND\" \/>\n<meta property=\"og:description\" content=\"Sis\u00e4isen kasvun taito L\u00f6yd\u00e4 todellinen sis\u00e4inen potentiaalisi Sis\u00e4inen kasvumme Sahaja Yoga -meditaatiossa on t\u00e4ysin luonnollista ja spontaania. Ei ole mit\u00e4\u00e4n erityist\u00e4 tekniikkaa, jota voisimme k\u00e4ytt\u00e4\u00e4 mielemme tai \u00e4lymme avulla pakottaaksemme tai vaikuttaaksemme t\u00e4h\u00e4n sis\u00e4iseen kasvuun. Aivan kuten ei ole mit\u00e4\u00e4n erityist\u00e4 tekniikkaa, jonka avulla siemenest\u00e4 tulee kasvi tai kukasta hedelm\u00e4, vaan Luonto\u00e4iti tuo spontaanisti esiin&hellip; Read more\" \/>\n<meta property=\"og:url\" content=\"https:\/\/shrimataji.org\/test\/fi\/sisaisen-kasvun-taito\/\" \/>\n<meta property=\"og:site_name\" content=\"TEST - SMND\" \/>\n<meta property=\"article:publisher\" content=\"https:\/\/www.facebook.com\/shrimataji\" \/>\n<meta property=\"article:modified_time\" content=\"2025-09-02T11:38:59+00:00\" \/>\n<meta property=\"og:image\" content=\"https:\/\/shrimataji.org\/test\/wp-content\/uploads\/2023\/03\/23_Banner-SY-Growth-scaled.jpg\" \/>\n\t<meta property=\"og:image:width\" content=\"2560\" \/>\n\t<meta property=\"og:image:height\" content=\"905\" \/>\n\t<meta property=\"og:image:type\" content=\"image\/jpeg\" \/>\n<meta name=\"twitter:card\" content=\"summary_large_image\" \/>\n<meta name=\"twitter:site\" content=\"@shrimataji\" \/>\n<meta name=\"twitter:label1\" content=\"Est. reading time\" \/>\n\t<meta name=\"twitter:data1\" content=\"2 minutes\" \/>\n<script type=\"application\/ld+json\" class=\"yoast-schema-graph\">{\"@context\":\"https:\\\/\\\/schema.org\",\"@graph\":[{\"@type\":\"WebPage\",\"@id\":\"https:\\\/\\\/shrimataji.org\\\/test\\\/fi\\\/sisaisen-kasvun-taito\\\/\",\"url\":\"https:\\\/\\\/shrimataji.org\\\/test\\\/fi\\\/sisaisen-kasvun-taito\\\/\",\"name\":\"Sis\u00e4isen kasvun taito - TEST - SMND\",\"isPartOf\":{\"@id\":\"https:\\\/\\\/shrimataji.org\\\/test\\\/#website\"},\"primaryImageOfPage\":{\"@id\":\"https:\\\/\\\/shrimataji.org\\\/test\\\/fi\\\/sisaisen-kasvun-taito\\\/#primaryimage\"},\"image\":{\"@id\":\"https:\\\/\\\/shrimataji.org\\\/test\\\/fi\\\/sisaisen-kasvun-taito\\\/#primaryimage\"},\"thumbnailUrl\":\"https:\\\/\\\/shrimataji.org\\\/test\\\/wp-content\\\/uploads\\\/2023\\\/03\\\/23_Banner-SY-Growth-scaled.jpg\",\"datePublished\":\"2022-01-29T09:27:08+00:00\",\"dateModified\":\"2025-09-02T11:38:59+00:00\",\"breadcrumb\":{\"@id\":\"https:\\\/\\\/shrimataji.org\\\/test\\\/fi\\\/sisaisen-kasvun-taito\\\/#breadcrumb\"},\"inLanguage\":\"en-US\",\"potentialAction\":[{\"@type\":\"ReadAction\",\"target\":[\"https:\\\/\\\/shrimataji.org\\\/test\\\/fi\\\/sisaisen-kasvun-taito\\\/\"]}]},{\"@type\":\"ImageObject\",\"inLanguage\":\"en-US\",\"@id\":\"https:\\\/\\\/shrimataji.org\\\/test\\\/fi\\\/sisaisen-kasvun-taito\\\/#primaryimage\",\"url\":\"https:\\\/\\\/shrimataji.org\\\/test\\\/wp-content\\\/uploads\\\/2023\\\/03\\\/23_Banner-SY-Growth-scaled.jpg\",\"contentUrl\":\"https:\\\/\\\/shrimataji.org\\\/test\\\/wp-content\\\/uploads\\\/2023\\\/03\\\/23_Banner-SY-Growth-scaled.jpg\",\"width\":2560,\"height\":905},{\"@type\":\"BreadcrumbList\",\"@id\":\"https:\\\/\\\/shrimataji.org\\\/test\\\/fi\\\/sisaisen-kasvun-taito\\\/#breadcrumb\",\"itemListElement\":[{\"@type\":\"ListItem\",\"position\":1,\"name\":\"Home\",\"item\":\"https:\\\/\\\/shrimataji.org\\\/test\\\/uk\\\/home-en\\\/\"},{\"@type\":\"ListItem\",\"position\":2,\"name\":\"Sis\u00e4isen kasvun taito\"}]},{\"@type\":\"WebSite\",\"@id\":\"https:\\\/\\\/shrimataji.org\\\/test\\\/#website\",\"url\":\"https:\\\/\\\/shrimataji.org\\\/test\\\/\",\"name\":\"Shri Mataji Nirmala Devi\",\"description\":\"A Life Dedicated to Humanity\",\"publisher\":{\"@id\":\"https:\\\/\\\/shrimataji.org\\\/test\\\/#\\\/schema\\\/person\\\/a1b3419c6585f164aa96da1ff85715d1\"},\"potentialAction\":[{\"@type\":\"SearchAction\",\"target\":{\"@type\":\"EntryPoint\",\"urlTemplate\":\"https:\\\/\\\/shrimataji.org\\\/test\\\/?s={search_term_string}\"},\"query-input\":{\"@type\":\"PropertyValueSpecification\",\"valueRequired\":true,\"valueName\":\"search_term_string\"}}],\"inLanguage\":\"en-US\"},{\"@type\":[\"Person\",\"Organization\"],\"@id\":\"https:\\\/\\\/shrimataji.org\\\/test\\\/#\\\/schema\\\/person\\\/a1b3419c6585f164aa96da1ff85715d1\",\"name\":\"Nirmala Shrivastava\",\"image\":{\"@type\":\"ImageObject\",\"inLanguage\":\"en-US\",\"@id\":\"https:\\\/\\\/shrimataji.org\\\/test\\\/wp-content\\\/uploads\\\/2023\\\/02\\\/SMO_LOGO-03.svg\",\"url\":\"https:\\\/\\\/shrimataji.org\\\/test\\\/wp-content\\\/uploads\\\/2023\\\/02\\\/SMO_LOGO-03.svg\",\"contentUrl\":\"https:\\\/\\\/shrimataji.org\\\/test\\\/wp-content\\\/uploads\\\/2023\\\/02\\\/SMO_LOGO-03.svg\",\"width\":\"1024\",\"height\":\"1024\",\"caption\":\"Nirmala Shrivastava\"},\"logo\":{\"@id\":\"https:\\\/\\\/shrimataji.org\\\/test\\\/wp-content\\\/uploads\\\/2023\\\/02\\\/SMO_LOGO-03.svg\"},\"sameAs\":[\"https:\\\/\\\/shrimataji.org\\\/test\",\"https:\\\/\\\/www.facebook.com\\\/shrimataji\",\"https:\\\/\\\/x.com\\\/shrimataji\",\"https:\\\/\\\/www.youtube.com\\\/@Shri_Mataji_Nirmala_Devi\\\/featured\"]}]}<\/script>\n<!-- \/ Yoast SEO plugin. -->","yoast_head_json":{"title":"Sis\u00e4isen kasvun taito - TEST - SMND","robots":{"index":"noindex","follow":"follow","max-snippet":"max-snippet:-1","max-image-preview":"max-image-preview:large","max-video-preview":"max-video-preview:-1"},"og_locale":"en_US","og_type":"article","og_title":"Sis\u00e4isen kasvun taito - TEST - SMND","og_description":"Sis\u00e4isen kasvun taito L\u00f6yd\u00e4 todellinen sis\u00e4inen potentiaalisi Sis\u00e4inen kasvumme Sahaja Yoga -meditaatiossa on t\u00e4ysin luonnollista ja spontaania. Ei ole mit\u00e4\u00e4n erityist\u00e4 tekniikkaa, jota voisimme k\u00e4ytt\u00e4\u00e4 mielemme tai \u00e4lymme avulla pakottaaksemme tai vaikuttaaksemme t\u00e4h\u00e4n sis\u00e4iseen kasvuun. Aivan kuten ei ole mit\u00e4\u00e4n erityist\u00e4 tekniikkaa, jonka avulla siemenest\u00e4 tulee kasvi tai kukasta hedelm\u00e4, vaan Luonto\u00e4iti tuo spontaanisti esiin&hellip; Read more","og_url":"https:\/\/shrimataji.org\/test\/fi\/sisaisen-kasvun-taito\/","og_site_name":"TEST - SMND","article_publisher":"https:\/\/www.facebook.com\/shrimataji","article_modified_time":"2025-09-02T11:38:59+00:00","og_image":[{"width":2560,"height":905,"url":"https:\/\/shrimataji.org\/test\/wp-content\/uploads\/2023\/03\/23_Banner-SY-Growth-scaled.jpg","type":"image\/jpeg"}],"twitter_card":"summary_large_image","twitter_site":"@shrimataji","twitter_misc":{"Est. reading time":"2 minutes"},"schema":{"@context":"https:\/\/schema.org","@graph":[{"@type":"WebPage","@id":"https:\/\/shrimataji.org\/test\/fi\/sisaisen-kasvun-taito\/","url":"https:\/\/shrimataji.org\/test\/fi\/sisaisen-kasvun-taito\/","name":"Sis\u00e4isen kasvun taito - TEST - SMND","isPartOf":{"@id":"https:\/\/shrimataji.org\/test\/#website"},"primaryImageOfPage":{"@id":"https:\/\/shrimataji.org\/test\/fi\/sisaisen-kasvun-taito\/#primaryimage"},"image":{"@id":"https:\/\/shrimataji.org\/test\/fi\/sisaisen-kasvun-taito\/#primaryimage"},"thumbnailUrl":"https:\/\/shrimataji.org\/test\/wp-content\/uploads\/2023\/03\/23_Banner-SY-Growth-scaled.jpg","datePublished":"2022-01-29T09:27:08+00:00","dateModified":"2025-09-02T11:38:59+00:00","breadcrumb":{"@id":"https:\/\/shrimataji.org\/test\/fi\/sisaisen-kasvun-taito\/#breadcrumb"},"inLanguage":"en-US","potentialAction":[{"@type":"ReadAction","target":["https:\/\/shrimataji.org\/test\/fi\/sisaisen-kasvun-taito\/"]}]},{"@type":"ImageObject","inLanguage":"en-US","@id":"https:\/\/shrimataji.org\/test\/fi\/sisaisen-kasvun-taito\/#primaryimage","url":"https:\/\/shrimataji.org\/test\/wp-content\/uploads\/2023\/03\/23_Banner-SY-Growth-scaled.jpg","contentUrl":"https:\/\/shrimataji.org\/test\/wp-content\/uploads\/2023\/03\/23_Banner-SY-Growth-scaled.jpg","width":2560,"height":905},{"@type":"BreadcrumbList","@id":"https:\/\/shrimataji.org\/test\/fi\/sisaisen-kasvun-taito\/#breadcrumb","itemListElement":[{"@type":"ListItem","position":1,"name":"Home","item":"https:\/\/shrimataji.org\/test\/uk\/home-en\/"},{"@type":"ListItem","position":2,"name":"Sis\u00e4isen kasvun taito"}]},{"@type":"WebSite","@id":"https:\/\/shrimataji.org\/test\/#website","url":"https:\/\/shrimataji.org\/test\/","name":"Shri Mataji Nirmala Devi","description":"A Life Dedicated to Humanity","publisher":{"@id":"https:\/\/shrimataji.org\/test\/#\/schema\/person\/a1b3419c6585f164aa96da1ff85715d1"},"potentialAction":[{"@type":"SearchAction","target":{"@type":"EntryPoint","urlTemplate":"https:\/\/shrimataji.org\/test\/?s={search_term_string}"},"query-input":{"@type":"PropertyValueSpecification","valueRequired":true,"valueName":"search_term_string"}}],"inLanguage":"en-US"},{"@type":["Person","Organization"],"@id":"https:\/\/shrimataji.org\/test\/#\/schema\/person\/a1b3419c6585f164aa96da1ff85715d1","name":"Nirmala Shrivastava","image":{"@type":"ImageObject","inLanguage":"en-US","@id":"https:\/\/shrimataji.org\/test\/wp-content\/uploads\/2023\/02\/SMO_LOGO-03.svg","url":"https:\/\/shrimataji.org\/test\/wp-content\/uploads\/2023\/02\/SMO_LOGO-03.svg","contentUrl":"https:\/\/shrimataji.org\/test\/wp-content\/uploads\/2023\/02\/SMO_LOGO-03.svg","width":"1024","height":"1024","caption":"Nirmala Shrivastava"},"logo":{"@id":"https:\/\/shrimataji.org\/test\/wp-content\/uploads\/2023\/02\/SMO_LOGO-03.svg"},"sameAs":["https:\/\/shrimataji.org\/test","https:\/\/www.facebook.com\/shrimataji","https:\/\/x.com\/shrimataji","https:\/\/www.youtube.com\/@Shri_Mataji_Nirmala_Devi\/featured"]}]}},"lang":"fi","translations":{"fi":12637,"ur":37517,"en":6380,"am":18092,"th":20084,"hu":19582,"ar":16988,"sq":18493,"zh":17390,"hi":7883,"tr":10220,"pt":10428,"de":10702,"fr":10800,"it":10898,"es":10995,"ja":11293,"ru":11481,"bn":11672,"te":11780,"sw":11903,"he":12051,"el":12343,"sk":12441,"fa":12539,"bg":13405,"ro":14479,"cs":14672,"nl":16652,"ku":16812,"be":18700,"kn":18974,"mr":20448,"uk":20741,"ml":21036,"ta":22811,"sv":23080,"gu":28915,"pa":29075,"fil":29529,"da":37825,"pl":38035,"nn":38377},"pll_sync_post":[],"_links":{"self":[{"href":"https:\/\/shrimataji.org\/test\/wp-json\/wp\/v2\/pages\/12637","targetHints":{"allow":["GET"]}}],"collection":[{"href":"https:\/\/shrimataji.org\/test\/wp-json\/wp\/v2\/pages"}],"about":[{"href":"https:\/\/shrimataji.org\/test\/wp-json\/wp\/v2\/types\/page"}],"author":[{"embeddable":true,"href":"https:\/\/shrimataji.org\/test\/wp-json\/wp\/v2\/users\/29"}],"replies":[{"embeddable":true,"href":"https:\/\/shrimataji.org\/test\/wp-json\/wp\/v2\/comments?post=12637"}],"version-history":[{"count":0,"href":"https:\/\/shrimataji.org\/test\/wp-json\/wp\/v2\/pages\/12637\/revisions"}],"wp:featuredmedia":[{"embeddable":true,"href":"https:\/\/shrimataji.org\/test\/wp-json\/wp\/v2\/media\/9258"}],"wp:attachment":[{"href":"https:\/\/shrimataji.org\/test\/wp-json\/wp\/v2\/media?parent=12637"}],"curies":[{"name":"wp","href":"https:\/\/api.w.org\/{rel}","templated":true}]}}