{"id":12638,"date":"2018-07-10T06:54:50","date_gmt":"2018-07-10T06:54:50","guid":{"rendered":"http:\/\/testwordpress.nirmalnagari.org\/smnd\/index.php\/the-culmination\/"},"modified":"2025-04-23T21:07:35","modified_gmt":"2025-04-23T21:07:35","slug":"kulminaatio","status":"publish","type":"page","link":"https:\/\/shrimataji.org\/test\/fi\/kulminaatio\/","title":{"rendered":"Kulminaatio"},"content":{"rendered":"\n\n\t<h1>Kulminaatio<\/h1>\n<h2>N\u00f6yr\u00e4 kunnioitus<\/h2>\n\t<h4>Shri Mataji tiesi jo varhain, ett\u00e4 H\u00e4nen perimm\u00e4inen tavoitteensa oli vaikuttaa ihmiskunnan henkiseen kehitykseen. Silti vasta 47-vuotiaana, kun H\u00e4nen kaksi tyt\u00e4rt\u00e4\u00e4n olivat naimisissa, Shri Mataji aloitti el\u00e4m\u00e4\u00e4ns\u00e4 m\u00e4\u00e4ritt\u00e4v\u00e4n ty\u00f6n.<\/h4>\n<h4>\u00a0<\/h4>\n\t<p>K\u00e4\u00e4nnekohta tapahtui Nargolissa, pieness\u00e4 kyl\u00e4ss\u00e4 Gujaratin osavaltiossa Intiassa. Toukokuun 5. p\u00e4iv\u00e4n\u00e4 1970 syv\u00e4n meditaation j\u00e4lkeen Shri Mataji sai syv\u00e4llisen tietoisuuden ja totuuden kokemuksen, joka inspiroi H\u00e4nen toimintaansa seuraavat nelj\u00e4kymment\u00e4 vuotta.<\/p>\n\t\t\t\t<img loading=\"lazy\" decoding=\"async\" src=\"https:\/\/shrimataji.org\/test\/wp-content\/uploads\/2018\/07\/media_originals\/images\/shri-mataji-teaching-sahaja-yoga\/shri-mataji-nirmala-devi-teaching-sahaja-yoga-meditation-in-india.jpg\" alt=\"Shri Mataji opettaa Sahaja Yoga -meditaatiota Intiassa\" itemprop=\"image\" height=\"541\" width=\"721\" title=\"Shri Mataji opettaa Sahaja Yoga -meditaatiota Intiassa\" onerror=\"this.style.display='none'\"  \/>\n\t<p>Siit\u00e4 hetkest\u00e4 l\u00e4htien Shri Mataji omistautui levitt\u00e4m\u00e4\u00e4n sanomaa siit\u00e4, ett\u00e4 itseoivallus on jokaisen ihmisen saavutettavissa harjoittamalla yksinkertaista meditaatiota, jota H\u00e4n kutsui Sahaja Yogaksi &#8211; sanskritinkielinen termi, joka tarkoittaa yksil\u00f6llisen min\u00e4n &#8216;spontaania yhdistymist\u00e4&#8217; universumin &#8216;kaikkialla l\u00e4sn\u00e4 olevaan luovaan energiaan&#8217;. H\u00e4n totesi, ett\u00e4 itseoivallus on vapaasti kaikkien saatavilla, ja osoitti, miten kokemusta voidaan v\u00e4litt\u00e4\u00e4 muille, &#8220;kuin yksi kynttil\u00e4 sytytt\u00e4\u00e4 toisen&#8221;.<\/p>\n<p>Shri Mataji aloitti ty\u00f6ns\u00e4 pienimuotoisesti, muutaman innokkaan &#8216;totuuden etsij\u00e4n&#8217; kanssa Mumbaissa ja Lontoossa. T\u00e4n\u00e4 aikana aina 1980-luvun puoliv\u00e4liin saakka Shri Matajin l\u00e4sn\u00e4olo oli v\u00e4lit\u00f6nt\u00e4 ja hyvin \u00e4idillist\u00e4 &#8211; H\u00e4n valmisti ruokaa, s\u00f6i, k\u00e4vi ostoksilla, k\u00e4vi elokuvissa, puhumattakaan siit\u00e4, ett\u00e4 H\u00e4n meditoi s\u00e4\u00e4nn\u00f6llisesti yh\u00e4 kasvavan henkisen perheens\u00e4 kanssa.<\/p>\n\t<p>H\u00e4nen aviomiehens\u00e4, YK:n Kansainv\u00e4lisen merenkulkuj\u00e4rjest\u00f6n p\u00e4\u00e4sihteeri Sir C.P. Srivastava oli aluksi hieman h\u00e4mm\u00e4stynyt vaimonsa &#8216;avoimien ovien&#8217; politiikasta, mutta aikanaan h\u00e4nkin innostui vaimonsa my\u00f6t\u00e4tunnosta ja halusta auttaa muita. H\u00e4n seurasi, kuinka h\u00e4nen vaimonsa otti ihmisi\u00e4 kotiinsa, antoi heille itseoivalluksen ja huolehti heist\u00e4 sek\u00e4 opetti heit\u00e4 parantamaan itsens\u00e4 Sahaja Yogan tekniikoiden avulla. Er\u00e4\u00e4st\u00e4 t\u00e4llaisesta tapauksesta Sir C.P. kertoi: &#8220;Sitten aloin n\u00e4hd\u00e4 ihmeen tapahtuvan. H\u00e4n kohteli nuorta miest\u00e4 suurella huolenpidolla ja hellyydell\u00e4 sek\u00e4 Sahaja Yogalla, ja poika alkoi muuttua&#8230;&#8221;.<\/p>\n\t<p>Vaikka Shri Matajilla oli jo korkea asema johtavan diplomaatin puolisona, h\u00e4n alkoi toimia yh\u00e4 enemm\u00e4n julkisessa roolissa omana itsen\u00e4\u00e4n &#8211; puhumalla julkisissa tilaisuuksissa, antamalla lehtihaastatteluja, pit\u00e4m\u00e4ll\u00e4 luentoja ja ennen kaikkea jakamalla itseoivalluksen kokemuksen kaikille sit\u00e4 haluaville. H\u00e4n veti ihmisi\u00e4 puoleensa kaikkialla totuuden sanomallaan, ehtym\u00e4tt\u00f6m\u00e4ll\u00e4 energiallaan ja ihastuttavalla huumorintajullaan. Hitaasti mutta varmasti Sahaja Yogan harjoittaminen vakiintui Yhdistyneess\u00e4 kuningaskunnassa ja Intiassa, sitten Euroopassa, Yhdysvalloissa ja lopulta muualla maailmassa.<\/p>\n<p>1990-luvulle tultaessa Shri Matajista oli tullut maailmanlaajuinen persoonallisuus, joka her\u00e4tti mediahuomiota kaikkialla, minne H\u00e4n meni, ja H\u00e4n sai lukuisia kunnianosoituksia ja palkintoja. H\u00e4n oli ehdolla Nobelin rauhanpalkinnon saajaksi, ja Alfred Nobelin veljenpoika ja United Earth Foundationin puheenjohtaja Claes Nobel julisti, ett\u00e4 &#8220;Shri Mataji voimaannuttaa meid\u00e4t tulemaan oman kohtalomme herroiksi&#8221;. H\u00e4net kutsuttiin puhumaan YK:n p\u00e4\u00e4majaan New Yorkiin sek\u00e4 YK:n Naisten konferenssiin Pekingiin. Lukemattomat kaupunki- ja aluehallitukset julistivat H\u00e4nelle oman juhlap\u00e4iv\u00e4n.<\/p>\n<p>Shri Mataji perusti useita kansalaisj\u00e4rjest\u00f6j\u00e4, muun muassa kansainv\u00e4lisen sairaalan ja sy\u00f6p\u00e4tutkimuskeskuksen Mumbain l\u00e4helle ja Nirmal Premin, kodin huono-osaisille naisille New Delhin laitamilla. Viel\u00e4 t\u00e4n\u00e4kin p\u00e4iv\u00e4n\u00e4 n\u00e4m\u00e4 s\u00e4\u00e4ti\u00f6t k\u00e4ytt\u00e4v\u00e4t Sahaja Yogan tekniikoita auttaakseen ihmisi\u00e4 voittamaan sairauksien ja riippuvuuksien kaltaiset ongelmat ja l\u00f6yt\u00e4m\u00e4\u00e4n iloa ja merkityst\u00e4 el\u00e4m\u00e4\u00e4ns\u00e4.<\/p>\n<p>Vaikka Shri Matajista tuli kuuluisuus, H\u00e4n pysyi my\u00f6t\u00e4tuntoisena, yst\u00e4v\u00e4llisen\u00e4 ja vaatimattomana persoonana, joka H\u00e4n oli aina ollut. H\u00e4nen tarkoituksensa ei muuttunut, eik\u00e4 H\u00e4nen viestins\u00e4. Kuten H\u00e4n kirjoitti kirjassaan <i>Meta Modern<\/i> <i>Era<\/i>, &#8220;On olemassa Jumalallisen rakkauden kaikkialla l\u00e4sn\u00e4 oleva ilo, ja haluan kaikkien nauttivan siit\u00e4.&#8221; [1]\n<p>Shri Mataji jatkoi matkustelua ymp\u00e4ri maailmaa el\u00e4m\u00e4ns\u00e4 loppuun asti, vaikka H\u00e4nen julkiset esiintymisens\u00e4 v\u00e4heniv\u00e4tkin my\u00f6hempin\u00e4 vuosina, kun H\u00e4n vietti enemm\u00e4n aikaa l\u00e4himm\u00e4n perheens\u00e4 kanssa.<\/p>\n<p>Helmikuun 23. p\u00e4iv\u00e4n\u00e4 2011 Shri Mataji kuoli rauhallisesti 87-vuotiaana. H\u00e4nen perint\u00f6ns\u00e4 s\u00e4ilyy, sill\u00e4 itseoivalluksen kokemus muuttaa edelleen lukemattomia el\u00e4mi\u00e4.<\/p>\n\t\t\t\t<img loading=\"lazy\" decoding=\"async\" src=\"https:\/\/shrimataji.org\/test\/wp-content\/uploads\/2023\/03\/Nirmaldham_inside.jpg\" alt=\"Nirmal Dham, Delhi, Intia\" itemprop=\"image\" height=\"400\" width=\"600\" title=\"Nirmaldham_inside\" onerror=\"this.style.display='none'\"  \/>\n\t\tNirmal Dham, Delhi, Intia\n\t\t\t\t<img loading=\"lazy\" decoding=\"async\" src=\"https:\/\/shrimataji.org\/test\/wp-content\/uploads\/2023\/03\/Nirmaldham.jpg\" alt=\"Nirmal Dham, Delhi, Intia\" itemprop=\"image\" height=\"521\" width=\"521\" title=\"Nirmaldham\" onerror=\"this.style.display='none'\"  \/>\n\t\tNirmal Dham, Delhi, Intia\n\t<div class=\"su-quote su-quote-style-default\"><div class=\"su-quote-inner su-u-clearfix su-u-trim\">On ymm\u00e4rrett\u00e4v\u00e4, ett\u00e4 meit\u00e4 kaikkia sitoo jokin yhteinen el\u00e4m\u00e4n periaate, ett\u00e4 meill\u00e4 kaikilla on sis\u00e4ll\u00e4mme Kundaliini, meid\u00e4n on kunnioitettava kaikkia ihmisi\u00e4, kaikkia ihmisolentoja, olivatpa he mist\u00e4 tahansa kansakunnasta tai maasta tai mink\u00e4 v\u00e4risi\u00e4 tahansa, koska heill\u00e4 kaikilla on Kundaliini. <\/div><\/div>\n\t<hr \/>\n<h3>1.\u00a0<a href=\"https:\/\/shrimataji.org\/test\/the-culmination\/#citation-ref-1\">^<\/a><a name=\"citation-note-1\"><\/a> Shri Mataji Nirmala Devi, &#8216;Meta Modern Era&#8217; Pune: Vishwa Nirmala Dharma, 1995.<\/h3>\n\n","protected":false},"excerpt":{"rendered":"<p>Kulminaatio N\u00f6yr\u00e4 kunnioitus Shri Mataji tiesi jo varhain, ett\u00e4 H\u00e4nen perimm\u00e4inen tavoitteensa oli vaikuttaa ihmiskunnan henkiseen kehitykseen. Silti vasta 47-vuotiaana, kun H\u00e4nen kaksi tyt\u00e4rt\u00e4\u00e4n olivat naimisissa, Shri Mataji aloitti el\u00e4m\u00e4\u00e4ns\u00e4 m\u00e4\u00e4ritt\u00e4v\u00e4n ty\u00f6n. \u00a0 K\u00e4\u00e4nnekohta tapahtui Nargolissa, pieness\u00e4 kyl\u00e4ss\u00e4 Gujaratin osavaltiossa Intiassa. Toukokuun 5. p\u00e4iv\u00e4n\u00e4 1970 syv\u00e4n meditaation j\u00e4lkeen Shri Mataji sai syv\u00e4llisen tietoisuuden ja totuuden&hellip; <br \/> <a class=\"read-more\" href=\"https:\/\/shrimataji.org\/test\/fi\/kulminaatio\/\">Read more<\/a><\/p>\n","protected":false},"author":29,"featured_media":119,"parent":0,"menu_order":0,"comment_status":"closed","ping_status":"closed","template":"","meta":{"inline_featured_image":false,"footnotes":""},"class_list":["post-12638","page","type-page","status-publish","has-post-thumbnail","hentry"],"yoast_head":"<!-- This site is optimized with the Yoast SEO plugin v27.4 - https:\/\/yoast.com\/product\/yoast-seo-wordpress\/ -->\n<title>Kulminaatio - TEST - SMND<\/title>\n<meta name=\"robots\" content=\"noindex, follow, max-snippet:-1, max-image-preview:large, max-video-preview:-1\" \/>\n<meta property=\"og:locale\" content=\"en_US\" \/>\n<meta property=\"og:type\" content=\"article\" \/>\n<meta property=\"og:title\" content=\"Kulminaatio - TEST - SMND\" \/>\n<meta property=\"og:description\" content=\"Kulminaatio N\u00f6yr\u00e4 kunnioitus Shri Mataji tiesi jo varhain, ett\u00e4 H\u00e4nen perimm\u00e4inen tavoitteensa oli vaikuttaa ihmiskunnan henkiseen kehitykseen. Silti vasta 47-vuotiaana, kun H\u00e4nen kaksi tyt\u00e4rt\u00e4\u00e4n olivat naimisissa, Shri Mataji aloitti el\u00e4m\u00e4\u00e4ns\u00e4 m\u00e4\u00e4ritt\u00e4v\u00e4n ty\u00f6n. \u00a0 K\u00e4\u00e4nnekohta tapahtui Nargolissa, pieness\u00e4 kyl\u00e4ss\u00e4 Gujaratin osavaltiossa Intiassa. Toukokuun 5. p\u00e4iv\u00e4n\u00e4 1970 syv\u00e4n meditaation j\u00e4lkeen Shri Mataji sai syv\u00e4llisen tietoisuuden ja totuuden&hellip; Read more\" \/>\n<meta property=\"og:url\" content=\"https:\/\/shrimataji.org\/test\/fi\/kulminaatio\/\" \/>\n<meta property=\"og:site_name\" content=\"TEST - SMND\" \/>\n<meta property=\"article:publisher\" content=\"https:\/\/www.facebook.com\/shrimataji\" \/>\n<meta property=\"article:modified_time\" content=\"2025-04-23T21:07:35+00:00\" \/>\n<meta property=\"og:image\" content=\"https:\/\/shrimataji.org\/test\/wp-content\/uploads\/2018\/07\/media_originals\/images\/headers-general\/shri-mataji-nirmala-devi-austria.jpg\" \/>\n\t<meta property=\"og:image:width\" content=\"990\" \/>\n\t<meta property=\"og:image:height\" content=\"350\" \/>\n\t<meta property=\"og:image:type\" content=\"image\/jpeg\" \/>\n<meta name=\"twitter:card\" content=\"summary_large_image\" \/>\n<meta name=\"twitter:site\" content=\"@shrimataji\" \/>\n<meta name=\"twitter:label1\" content=\"Est. reading time\" \/>\n\t<meta name=\"twitter:data1\" content=\"4 minutes\" \/>\n<script type=\"application\/ld+json\" class=\"yoast-schema-graph\">{\"@context\":\"https:\\\/\\\/schema.org\",\"@graph\":[{\"@type\":\"WebPage\",\"@id\":\"https:\\\/\\\/shrimataji.org\\\/test\\\/fi\\\/kulminaatio\\\/\",\"url\":\"https:\\\/\\\/shrimataji.org\\\/test\\\/fi\\\/kulminaatio\\\/\",\"name\":\"Kulminaatio - TEST - SMND\",\"isPartOf\":{\"@id\":\"https:\\\/\\\/shrimataji.org\\\/test\\\/#website\"},\"primaryImageOfPage\":{\"@id\":\"https:\\\/\\\/shrimataji.org\\\/test\\\/fi\\\/kulminaatio\\\/#primaryimage\"},\"image\":{\"@id\":\"https:\\\/\\\/shrimataji.org\\\/test\\\/fi\\\/kulminaatio\\\/#primaryimage\"},\"thumbnailUrl\":\"https:\\\/\\\/shrimataji.org\\\/test\\\/wp-content\\\/uploads\\\/2018\\\/07\\\/media_originals\\\/images\\\/headers-general\\\/shri-mataji-nirmala-devi-austria.jpg\",\"datePublished\":\"2018-07-10T06:54:50+00:00\",\"dateModified\":\"2025-04-23T21:07:35+00:00\",\"breadcrumb\":{\"@id\":\"https:\\\/\\\/shrimataji.org\\\/test\\\/fi\\\/kulminaatio\\\/#breadcrumb\"},\"inLanguage\":\"en-US\",\"potentialAction\":[{\"@type\":\"ReadAction\",\"target\":[\"https:\\\/\\\/shrimataji.org\\\/test\\\/fi\\\/kulminaatio\\\/\"]}]},{\"@type\":\"ImageObject\",\"inLanguage\":\"en-US\",\"@id\":\"https:\\\/\\\/shrimataji.org\\\/test\\\/fi\\\/kulminaatio\\\/#primaryimage\",\"url\":\"https:\\\/\\\/shrimataji.org\\\/test\\\/wp-content\\\/uploads\\\/2018\\\/07\\\/media_originals\\\/images\\\/headers-general\\\/shri-mataji-nirmala-devi-austria.jpg\",\"contentUrl\":\"https:\\\/\\\/shrimataji.org\\\/test\\\/wp-content\\\/uploads\\\/2018\\\/07\\\/media_originals\\\/images\\\/headers-general\\\/shri-mataji-nirmala-devi-austria.jpg\",\"width\":990,\"height\":350},{\"@type\":\"BreadcrumbList\",\"@id\":\"https:\\\/\\\/shrimataji.org\\\/test\\\/fi\\\/kulminaatio\\\/#breadcrumb\",\"itemListElement\":[{\"@type\":\"ListItem\",\"position\":1,\"name\":\"Home\",\"item\":\"https:\\\/\\\/shrimataji.org\\\/test\\\/uk\\\/home-en\\\/\"},{\"@type\":\"ListItem\",\"position\":2,\"name\":\"Kulminaatio\"}]},{\"@type\":\"WebSite\",\"@id\":\"https:\\\/\\\/shrimataji.org\\\/test\\\/#website\",\"url\":\"https:\\\/\\\/shrimataji.org\\\/test\\\/\",\"name\":\"Shri Mataji Nirmala Devi\",\"description\":\"A Life Dedicated to Humanity\",\"publisher\":{\"@id\":\"https:\\\/\\\/shrimataji.org\\\/test\\\/#\\\/schema\\\/person\\\/a1b3419c6585f164aa96da1ff85715d1\"},\"potentialAction\":[{\"@type\":\"SearchAction\",\"target\":{\"@type\":\"EntryPoint\",\"urlTemplate\":\"https:\\\/\\\/shrimataji.org\\\/test\\\/?s={search_term_string}\"},\"query-input\":{\"@type\":\"PropertyValueSpecification\",\"valueRequired\":true,\"valueName\":\"search_term_string\"}}],\"inLanguage\":\"en-US\"},{\"@type\":[\"Person\",\"Organization\"],\"@id\":\"https:\\\/\\\/shrimataji.org\\\/test\\\/#\\\/schema\\\/person\\\/a1b3419c6585f164aa96da1ff85715d1\",\"name\":\"Nirmala Shrivastava\",\"image\":{\"@type\":\"ImageObject\",\"inLanguage\":\"en-US\",\"@id\":\"https:\\\/\\\/shrimataji.org\\\/test\\\/wp-content\\\/uploads\\\/2023\\\/02\\\/SMO_LOGO-03.svg\",\"url\":\"https:\\\/\\\/shrimataji.org\\\/test\\\/wp-content\\\/uploads\\\/2023\\\/02\\\/SMO_LOGO-03.svg\",\"contentUrl\":\"https:\\\/\\\/shrimataji.org\\\/test\\\/wp-content\\\/uploads\\\/2023\\\/02\\\/SMO_LOGO-03.svg\",\"width\":\"1024\",\"height\":\"1024\",\"caption\":\"Nirmala Shrivastava\"},\"logo\":{\"@id\":\"https:\\\/\\\/shrimataji.org\\\/test\\\/wp-content\\\/uploads\\\/2023\\\/02\\\/SMO_LOGO-03.svg\"},\"sameAs\":[\"https:\\\/\\\/shrimataji.org\\\/test\",\"https:\\\/\\\/www.facebook.com\\\/shrimataji\",\"https:\\\/\\\/x.com\\\/shrimataji\",\"https:\\\/\\\/www.youtube.com\\\/@Shri_Mataji_Nirmala_Devi\\\/featured\"]}]}<\/script>\n<!-- \/ Yoast SEO plugin. -->","yoast_head_json":{"title":"Kulminaatio - TEST - SMND","robots":{"index":"noindex","follow":"follow","max-snippet":"max-snippet:-1","max-image-preview":"max-image-preview:large","max-video-preview":"max-video-preview:-1"},"og_locale":"en_US","og_type":"article","og_title":"Kulminaatio - TEST - SMND","og_description":"Kulminaatio N\u00f6yr\u00e4 kunnioitus Shri Mataji tiesi jo varhain, ett\u00e4 H\u00e4nen perimm\u00e4inen tavoitteensa oli vaikuttaa ihmiskunnan henkiseen kehitykseen. Silti vasta 47-vuotiaana, kun H\u00e4nen kaksi tyt\u00e4rt\u00e4\u00e4n olivat naimisissa, Shri Mataji aloitti el\u00e4m\u00e4\u00e4ns\u00e4 m\u00e4\u00e4ritt\u00e4v\u00e4n ty\u00f6n. \u00a0 K\u00e4\u00e4nnekohta tapahtui Nargolissa, pieness\u00e4 kyl\u00e4ss\u00e4 Gujaratin osavaltiossa Intiassa. Toukokuun 5. p\u00e4iv\u00e4n\u00e4 1970 syv\u00e4n meditaation j\u00e4lkeen Shri Mataji sai syv\u00e4llisen tietoisuuden ja totuuden&hellip; Read more","og_url":"https:\/\/shrimataji.org\/test\/fi\/kulminaatio\/","og_site_name":"TEST - SMND","article_publisher":"https:\/\/www.facebook.com\/shrimataji","article_modified_time":"2025-04-23T21:07:35+00:00","og_image":[{"width":990,"height":350,"url":"https:\/\/shrimataji.org\/test\/wp-content\/uploads\/2018\/07\/media_originals\/images\/headers-general\/shri-mataji-nirmala-devi-austria.jpg","type":"image\/jpeg"}],"twitter_card":"summary_large_image","twitter_site":"@shrimataji","twitter_misc":{"Est. reading time":"4 minutes"},"schema":{"@context":"https:\/\/schema.org","@graph":[{"@type":"WebPage","@id":"https:\/\/shrimataji.org\/test\/fi\/kulminaatio\/","url":"https:\/\/shrimataji.org\/test\/fi\/kulminaatio\/","name":"Kulminaatio - TEST - SMND","isPartOf":{"@id":"https:\/\/shrimataji.org\/test\/#website"},"primaryImageOfPage":{"@id":"https:\/\/shrimataji.org\/test\/fi\/kulminaatio\/#primaryimage"},"image":{"@id":"https:\/\/shrimataji.org\/test\/fi\/kulminaatio\/#primaryimage"},"thumbnailUrl":"https:\/\/shrimataji.org\/test\/wp-content\/uploads\/2018\/07\/media_originals\/images\/headers-general\/shri-mataji-nirmala-devi-austria.jpg","datePublished":"2018-07-10T06:54:50+00:00","dateModified":"2025-04-23T21:07:35+00:00","breadcrumb":{"@id":"https:\/\/shrimataji.org\/test\/fi\/kulminaatio\/#breadcrumb"},"inLanguage":"en-US","potentialAction":[{"@type":"ReadAction","target":["https:\/\/shrimataji.org\/test\/fi\/kulminaatio\/"]}]},{"@type":"ImageObject","inLanguage":"en-US","@id":"https:\/\/shrimataji.org\/test\/fi\/kulminaatio\/#primaryimage","url":"https:\/\/shrimataji.org\/test\/wp-content\/uploads\/2018\/07\/media_originals\/images\/headers-general\/shri-mataji-nirmala-devi-austria.jpg","contentUrl":"https:\/\/shrimataji.org\/test\/wp-content\/uploads\/2018\/07\/media_originals\/images\/headers-general\/shri-mataji-nirmala-devi-austria.jpg","width":990,"height":350},{"@type":"BreadcrumbList","@id":"https:\/\/shrimataji.org\/test\/fi\/kulminaatio\/#breadcrumb","itemListElement":[{"@type":"ListItem","position":1,"name":"Home","item":"https:\/\/shrimataji.org\/test\/uk\/home-en\/"},{"@type":"ListItem","position":2,"name":"Kulminaatio"}]},{"@type":"WebSite","@id":"https:\/\/shrimataji.org\/test\/#website","url":"https:\/\/shrimataji.org\/test\/","name":"Shri Mataji Nirmala Devi","description":"A Life Dedicated to Humanity","publisher":{"@id":"https:\/\/shrimataji.org\/test\/#\/schema\/person\/a1b3419c6585f164aa96da1ff85715d1"},"potentialAction":[{"@type":"SearchAction","target":{"@type":"EntryPoint","urlTemplate":"https:\/\/shrimataji.org\/test\/?s={search_term_string}"},"query-input":{"@type":"PropertyValueSpecification","valueRequired":true,"valueName":"search_term_string"}}],"inLanguage":"en-US"},{"@type":["Person","Organization"],"@id":"https:\/\/shrimataji.org\/test\/#\/schema\/person\/a1b3419c6585f164aa96da1ff85715d1","name":"Nirmala Shrivastava","image":{"@type":"ImageObject","inLanguage":"en-US","@id":"https:\/\/shrimataji.org\/test\/wp-content\/uploads\/2023\/02\/SMO_LOGO-03.svg","url":"https:\/\/shrimataji.org\/test\/wp-content\/uploads\/2023\/02\/SMO_LOGO-03.svg","contentUrl":"https:\/\/shrimataji.org\/test\/wp-content\/uploads\/2023\/02\/SMO_LOGO-03.svg","width":"1024","height":"1024","caption":"Nirmala Shrivastava"},"logo":{"@id":"https:\/\/shrimataji.org\/test\/wp-content\/uploads\/2023\/02\/SMO_LOGO-03.svg"},"sameAs":["https:\/\/shrimataji.org\/test","https:\/\/www.facebook.com\/shrimataji","https:\/\/x.com\/shrimataji","https:\/\/www.youtube.com\/@Shri_Mataji_Nirmala_Devi\/featured"]}]}},"lang":"fi","translations":{"fi":12638,"ur":37519,"en":446,"am":18094,"th":20087,"hu":19585,"ar":16990,"sq":18495,"zh":17392,"tr":10221,"pt":10429,"de":10703,"fr":10801,"it":10899,"es":10996,"ja":11294,"ru":11482,"bn":11673,"te":11781,"sw":11904,"he":12052,"el":12344,"sk":12442,"fa":12540,"bg":13449,"ro":14523,"cs":14716,"nl":16654,"ku":16814,"be":18702,"kn":18976,"mr":20451,"uk":20744,"ml":21039,"ta":22813,"sv":23082,"gu":28917,"pa":29077,"fil":29531,"da":37827,"pl":38037,"nn":38379},"pll_sync_post":[],"_links":{"self":[{"href":"https:\/\/shrimataji.org\/test\/wp-json\/wp\/v2\/pages\/12638","targetHints":{"allow":["GET"]}}],"collection":[{"href":"https:\/\/shrimataji.org\/test\/wp-json\/wp\/v2\/pages"}],"about":[{"href":"https:\/\/shrimataji.org\/test\/wp-json\/wp\/v2\/types\/page"}],"author":[{"embeddable":true,"href":"https:\/\/shrimataji.org\/test\/wp-json\/wp\/v2\/users\/29"}],"replies":[{"embeddable":true,"href":"https:\/\/shrimataji.org\/test\/wp-json\/wp\/v2\/comments?post=12638"}],"version-history":[{"count":0,"href":"https:\/\/shrimataji.org\/test\/wp-json\/wp\/v2\/pages\/12638\/revisions"}],"wp:featuredmedia":[{"embeddable":true,"href":"https:\/\/shrimataji.org\/test\/wp-json\/wp\/v2\/media\/119"}],"wp:attachment":[{"href":"https:\/\/shrimataji.org\/test\/wp-json\/wp\/v2\/media?parent=12638"}],"curies":[{"name":"wp","href":"https:\/\/api.w.org\/{rel}","templated":true}]}}