{"id":12639,"date":"2012-10-02T13:00:00","date_gmt":"2012-10-02T13:00:00","guid":{"rendered":"http:\/\/testwordpress.nirmalnagari.org\/smnd\/index.php\/the-dignity-of-art\/"},"modified":"2025-04-23T21:10:43","modified_gmt":"2025-04-23T21:10:43","slug":"taiteen-arvokkuus","status":"publish","type":"page","link":"https:\/\/shrimataji.org\/test\/fi\/taiteen-arvokkuus\/","title":{"rendered":"Taiteen arvokkuus"},"content":{"rendered":"\n\n\t<h1>Taiteen arvokkuus<\/h1>\n<h2>Teksti Intiassa vuonna 1961 jaetussa matkamuistokirjasessa<\/h2>\n\t<p>Taiteilijoiden on nostettava yleis\u00f6n silm\u00e4t oman makunsa tasolle, eiv\u00e4tk\u00e4 he saa alentua yleis\u00f6n halpoihin vaatimuksiin ja luopua siten vapaudestaan.<\/p>\n<p>T\u00e4m\u00e4 voidaan tehd\u00e4 ottamalla yhteytt\u00e4 valistuneiden taiteilijoiden koulutus- ja sosiaalilaitoksiin. T\u00e4llaisten taiteilijoiden ajatuksia voidaan levitt\u00e4\u00e4 lehtien ja sanomalehtien artikkeleiden avulla. N\u00e4ytelmien, elokuvien ja radiokeskustelujen avulla ihmisi\u00e4 voidaan valistaa ymm\u00e4rt\u00e4m\u00e4\u00e4n todellista taidetta. N\u00e4in voidaan s\u00e4ilytt\u00e4\u00e4 taiteen arvokkuus.<\/p>\n<p>Kun taiteilija p\u00e4\u00e4see n\u00e4iden yhteis\u00f6jen kautta kosketuksiin suuren yleis\u00f6n kanssa, h\u00e4nen sosiaalinen min\u00e4ns\u00e4 kehittyy ter\u00e4v\u00e4mm\u00e4ksi ja herkemm\u00e4ksi. Se reagoi pienimp\u00e4\u00e4nkin levottomuuteen kansakunnassa, pienimp\u00e4\u00e4nkin ep\u00e4tasapainoon yhteiskunnassa.<\/p>\n<p>Jos h\u00e4n n\u00e4kee spitaalisen kadulla, h\u00e4nen syd\u00e4meens\u00e4 nousee sellainen my\u00f6t\u00e4tunto, ett\u00e4 h\u00e4n voi taiteen avulla luoda ilmapiirin, jonka avulla sosiaality\u00f6ntekij\u00e4t, l\u00e4\u00e4k\u00e4rit, tiedemiehet ja valtiovallan edustajat joutuvat miettim\u00e4\u00e4n ratkaisua spitaaliongelmiin.<\/p>\n<p>Jos taiteilija havaitsee maanmiestens\u00e4 olevan ep\u00e4is\u00e4nmaallisia tai pelkurimaisia, h\u00e4n voi muiden kautta luoda heid\u00e4n mieless\u00e4\u00e4n syv\u00e4\u00e4 kunnioitusta. T\u00e4llainen on taiteilijan motivoiva voima.<\/p>\n<p>He ovat luomakunnan kauneimpia kukkia, Luojan suloisimpia unelmia ja ihmisyhteis\u00f6n rakkaimpia osia. Ehk\u00e4 he eiv\u00e4t tied\u00e4, kuinka paljon katsojat rakastavat, palvovat ja seuraavat heit\u00e4&#8230;<\/p>\n\n","protected":false},"excerpt":{"rendered":"<p>Taiteen arvokkuus Teksti Intiassa vuonna 1961 jaetussa matkamuistokirjasessa Taiteilijoiden on nostettava yleis\u00f6n silm\u00e4t oman makunsa tasolle, eiv\u00e4tk\u00e4 he saa alentua yleis\u00f6n halpoihin vaatimuksiin ja luopua siten vapaudestaan. T\u00e4m\u00e4 voidaan tehd\u00e4 ottamalla yhteytt\u00e4 valistuneiden taiteilijoiden koulutus- ja sosiaalilaitoksiin. T\u00e4llaisten taiteilijoiden ajatuksia voidaan levitt\u00e4\u00e4 lehtien ja sanomalehtien artikkeleiden avulla. N\u00e4ytelmien, elokuvien ja radiokeskustelujen avulla ihmisi\u00e4 voidaan valistaa&hellip; <br \/> <a class=\"read-more\" href=\"https:\/\/shrimataji.org\/test\/fi\/taiteen-arvokkuus\/\">Read more<\/a><\/p>\n","protected":false},"author":29,"featured_media":131,"parent":0,"menu_order":0,"comment_status":"closed","ping_status":"closed","template":"","meta":{"inline_featured_image":false,"footnotes":""},"class_list":["post-12639","page","type-page","status-publish","has-post-thumbnail","hentry"],"yoast_head":"<!-- This site is optimized with the Yoast SEO plugin v27.4 - https:\/\/yoast.com\/product\/yoast-seo-wordpress\/ -->\n<title>Taiteen arvokkuus - TEST - SMND<\/title>\n<meta name=\"robots\" content=\"noindex, follow, max-snippet:-1, max-image-preview:large, max-video-preview:-1\" \/>\n<meta property=\"og:locale\" content=\"en_US\" \/>\n<meta property=\"og:type\" content=\"article\" \/>\n<meta property=\"og:title\" content=\"Taiteen arvokkuus - TEST - SMND\" \/>\n<meta property=\"og:description\" content=\"Taiteen arvokkuus Teksti Intiassa vuonna 1961 jaetussa matkamuistokirjasessa Taiteilijoiden on nostettava yleis\u00f6n silm\u00e4t oman makunsa tasolle, eiv\u00e4tk\u00e4 he saa alentua yleis\u00f6n halpoihin vaatimuksiin ja luopua siten vapaudestaan. T\u00e4m\u00e4 voidaan tehd\u00e4 ottamalla yhteytt\u00e4 valistuneiden taiteilijoiden koulutus- ja sosiaalilaitoksiin. T\u00e4llaisten taiteilijoiden ajatuksia voidaan levitt\u00e4\u00e4 lehtien ja sanomalehtien artikkeleiden avulla. N\u00e4ytelmien, elokuvien ja radiokeskustelujen avulla ihmisi\u00e4 voidaan valistaa&hellip; Read more\" \/>\n<meta property=\"og:url\" content=\"https:\/\/shrimataji.org\/test\/fi\/taiteen-arvokkuus\/\" \/>\n<meta property=\"og:site_name\" content=\"TEST - SMND\" \/>\n<meta property=\"article:publisher\" content=\"https:\/\/www.facebook.com\/shrimataji\" \/>\n<meta property=\"article:modified_time\" content=\"2025-04-23T21:10:43+00:00\" \/>\n<meta property=\"og:image\" content=\"https:\/\/shrimataji.org\/test\/wp-content\/uploads\/2018\/07\/media_originals\/images\/headers-general\/queen-mayas-dream-by-graham-brown.jpg\" \/>\n\t<meta property=\"og:image:width\" content=\"990\" \/>\n\t<meta property=\"og:image:height\" content=\"350\" \/>\n\t<meta property=\"og:image:type\" content=\"image\/jpeg\" \/>\n<meta name=\"twitter:card\" content=\"summary_large_image\" \/>\n<meta name=\"twitter:site\" content=\"@shrimataji\" \/>\n<script type=\"application\/ld+json\" class=\"yoast-schema-graph\">{\"@context\":\"https:\\\/\\\/schema.org\",\"@graph\":[{\"@type\":\"WebPage\",\"@id\":\"https:\\\/\\\/shrimataji.org\\\/test\\\/fi\\\/taiteen-arvokkuus\\\/\",\"url\":\"https:\\\/\\\/shrimataji.org\\\/test\\\/fi\\\/taiteen-arvokkuus\\\/\",\"name\":\"Taiteen arvokkuus - TEST - SMND\",\"isPartOf\":{\"@id\":\"https:\\\/\\\/shrimataji.org\\\/test\\\/#website\"},\"primaryImageOfPage\":{\"@id\":\"https:\\\/\\\/shrimataji.org\\\/test\\\/fi\\\/taiteen-arvokkuus\\\/#primaryimage\"},\"image\":{\"@id\":\"https:\\\/\\\/shrimataji.org\\\/test\\\/fi\\\/taiteen-arvokkuus\\\/#primaryimage\"},\"thumbnailUrl\":\"https:\\\/\\\/shrimataji.org\\\/test\\\/wp-content\\\/uploads\\\/2018\\\/07\\\/media_originals\\\/images\\\/headers-general\\\/queen-mayas-dream-by-graham-brown.jpg\",\"datePublished\":\"2012-10-02T13:00:00+00:00\",\"dateModified\":\"2025-04-23T21:10:43+00:00\",\"breadcrumb\":{\"@id\":\"https:\\\/\\\/shrimataji.org\\\/test\\\/fi\\\/taiteen-arvokkuus\\\/#breadcrumb\"},\"inLanguage\":\"en-US\",\"potentialAction\":[{\"@type\":\"ReadAction\",\"target\":[\"https:\\\/\\\/shrimataji.org\\\/test\\\/fi\\\/taiteen-arvokkuus\\\/\"]}]},{\"@type\":\"ImageObject\",\"inLanguage\":\"en-US\",\"@id\":\"https:\\\/\\\/shrimataji.org\\\/test\\\/fi\\\/taiteen-arvokkuus\\\/#primaryimage\",\"url\":\"https:\\\/\\\/shrimataji.org\\\/test\\\/wp-content\\\/uploads\\\/2018\\\/07\\\/media_originals\\\/images\\\/headers-general\\\/queen-mayas-dream-by-graham-brown.jpg\",\"contentUrl\":\"https:\\\/\\\/shrimataji.org\\\/test\\\/wp-content\\\/uploads\\\/2018\\\/07\\\/media_originals\\\/images\\\/headers-general\\\/queen-mayas-dream-by-graham-brown.jpg\",\"width\":990,\"height\":350},{\"@type\":\"BreadcrumbList\",\"@id\":\"https:\\\/\\\/shrimataji.org\\\/test\\\/fi\\\/taiteen-arvokkuus\\\/#breadcrumb\",\"itemListElement\":[{\"@type\":\"ListItem\",\"position\":1,\"name\":\"Home\",\"item\":\"https:\\\/\\\/shrimataji.org\\\/test\\\/uk\\\/home-en\\\/\"},{\"@type\":\"ListItem\",\"position\":2,\"name\":\"Taiteen arvokkuus\"}]},{\"@type\":\"WebSite\",\"@id\":\"https:\\\/\\\/shrimataji.org\\\/test\\\/#website\",\"url\":\"https:\\\/\\\/shrimataji.org\\\/test\\\/\",\"name\":\"Shri Mataji Nirmala Devi\",\"description\":\"A Life Dedicated to Humanity\",\"publisher\":{\"@id\":\"https:\\\/\\\/shrimataji.org\\\/test\\\/#\\\/schema\\\/person\\\/a1b3419c6585f164aa96da1ff85715d1\"},\"potentialAction\":[{\"@type\":\"SearchAction\",\"target\":{\"@type\":\"EntryPoint\",\"urlTemplate\":\"https:\\\/\\\/shrimataji.org\\\/test\\\/?s={search_term_string}\"},\"query-input\":{\"@type\":\"PropertyValueSpecification\",\"valueRequired\":true,\"valueName\":\"search_term_string\"}}],\"inLanguage\":\"en-US\"},{\"@type\":[\"Person\",\"Organization\"],\"@id\":\"https:\\\/\\\/shrimataji.org\\\/test\\\/#\\\/schema\\\/person\\\/a1b3419c6585f164aa96da1ff85715d1\",\"name\":\"Nirmala Shrivastava\",\"image\":{\"@type\":\"ImageObject\",\"inLanguage\":\"en-US\",\"@id\":\"https:\\\/\\\/shrimataji.org\\\/test\\\/wp-content\\\/uploads\\\/2023\\\/02\\\/SMO_LOGO-03.svg\",\"url\":\"https:\\\/\\\/shrimataji.org\\\/test\\\/wp-content\\\/uploads\\\/2023\\\/02\\\/SMO_LOGO-03.svg\",\"contentUrl\":\"https:\\\/\\\/shrimataji.org\\\/test\\\/wp-content\\\/uploads\\\/2023\\\/02\\\/SMO_LOGO-03.svg\",\"width\":\"1024\",\"height\":\"1024\",\"caption\":\"Nirmala Shrivastava\"},\"logo\":{\"@id\":\"https:\\\/\\\/shrimataji.org\\\/test\\\/wp-content\\\/uploads\\\/2023\\\/02\\\/SMO_LOGO-03.svg\"},\"sameAs\":[\"https:\\\/\\\/shrimataji.org\\\/test\",\"https:\\\/\\\/www.facebook.com\\\/shrimataji\",\"https:\\\/\\\/x.com\\\/shrimataji\",\"https:\\\/\\\/www.youtube.com\\\/@Shri_Mataji_Nirmala_Devi\\\/featured\"]}]}<\/script>\n<!-- \/ Yoast SEO plugin. -->","yoast_head_json":{"title":"Taiteen arvokkuus - TEST - SMND","robots":{"index":"noindex","follow":"follow","max-snippet":"max-snippet:-1","max-image-preview":"max-image-preview:large","max-video-preview":"max-video-preview:-1"},"og_locale":"en_US","og_type":"article","og_title":"Taiteen arvokkuus - TEST - SMND","og_description":"Taiteen arvokkuus Teksti Intiassa vuonna 1961 jaetussa matkamuistokirjasessa Taiteilijoiden on nostettava yleis\u00f6n silm\u00e4t oman makunsa tasolle, eiv\u00e4tk\u00e4 he saa alentua yleis\u00f6n halpoihin vaatimuksiin ja luopua siten vapaudestaan. T\u00e4m\u00e4 voidaan tehd\u00e4 ottamalla yhteytt\u00e4 valistuneiden taiteilijoiden koulutus- ja sosiaalilaitoksiin. T\u00e4llaisten taiteilijoiden ajatuksia voidaan levitt\u00e4\u00e4 lehtien ja sanomalehtien artikkeleiden avulla. N\u00e4ytelmien, elokuvien ja radiokeskustelujen avulla ihmisi\u00e4 voidaan valistaa&hellip; Read more","og_url":"https:\/\/shrimataji.org\/test\/fi\/taiteen-arvokkuus\/","og_site_name":"TEST - SMND","article_publisher":"https:\/\/www.facebook.com\/shrimataji","article_modified_time":"2025-04-23T21:10:43+00:00","og_image":[{"width":990,"height":350,"url":"https:\/\/shrimataji.org\/test\/wp-content\/uploads\/2018\/07\/media_originals\/images\/headers-general\/queen-mayas-dream-by-graham-brown.jpg","type":"image\/jpeg"}],"twitter_card":"summary_large_image","twitter_site":"@shrimataji","schema":{"@context":"https:\/\/schema.org","@graph":[{"@type":"WebPage","@id":"https:\/\/shrimataji.org\/test\/fi\/taiteen-arvokkuus\/","url":"https:\/\/shrimataji.org\/test\/fi\/taiteen-arvokkuus\/","name":"Taiteen arvokkuus - TEST - SMND","isPartOf":{"@id":"https:\/\/shrimataji.org\/test\/#website"},"primaryImageOfPage":{"@id":"https:\/\/shrimataji.org\/test\/fi\/taiteen-arvokkuus\/#primaryimage"},"image":{"@id":"https:\/\/shrimataji.org\/test\/fi\/taiteen-arvokkuus\/#primaryimage"},"thumbnailUrl":"https:\/\/shrimataji.org\/test\/wp-content\/uploads\/2018\/07\/media_originals\/images\/headers-general\/queen-mayas-dream-by-graham-brown.jpg","datePublished":"2012-10-02T13:00:00+00:00","dateModified":"2025-04-23T21:10:43+00:00","breadcrumb":{"@id":"https:\/\/shrimataji.org\/test\/fi\/taiteen-arvokkuus\/#breadcrumb"},"inLanguage":"en-US","potentialAction":[{"@type":"ReadAction","target":["https:\/\/shrimataji.org\/test\/fi\/taiteen-arvokkuus\/"]}]},{"@type":"ImageObject","inLanguage":"en-US","@id":"https:\/\/shrimataji.org\/test\/fi\/taiteen-arvokkuus\/#primaryimage","url":"https:\/\/shrimataji.org\/test\/wp-content\/uploads\/2018\/07\/media_originals\/images\/headers-general\/queen-mayas-dream-by-graham-brown.jpg","contentUrl":"https:\/\/shrimataji.org\/test\/wp-content\/uploads\/2018\/07\/media_originals\/images\/headers-general\/queen-mayas-dream-by-graham-brown.jpg","width":990,"height":350},{"@type":"BreadcrumbList","@id":"https:\/\/shrimataji.org\/test\/fi\/taiteen-arvokkuus\/#breadcrumb","itemListElement":[{"@type":"ListItem","position":1,"name":"Home","item":"https:\/\/shrimataji.org\/test\/uk\/home-en\/"},{"@type":"ListItem","position":2,"name":"Taiteen arvokkuus"}]},{"@type":"WebSite","@id":"https:\/\/shrimataji.org\/test\/#website","url":"https:\/\/shrimataji.org\/test\/","name":"Shri Mataji Nirmala Devi","description":"A Life Dedicated to Humanity","publisher":{"@id":"https:\/\/shrimataji.org\/test\/#\/schema\/person\/a1b3419c6585f164aa96da1ff85715d1"},"potentialAction":[{"@type":"SearchAction","target":{"@type":"EntryPoint","urlTemplate":"https:\/\/shrimataji.org\/test\/?s={search_term_string}"},"query-input":{"@type":"PropertyValueSpecification","valueRequired":true,"valueName":"search_term_string"}}],"inLanguage":"en-US"},{"@type":["Person","Organization"],"@id":"https:\/\/shrimataji.org\/test\/#\/schema\/person\/a1b3419c6585f164aa96da1ff85715d1","name":"Nirmala Shrivastava","image":{"@type":"ImageObject","inLanguage":"en-US","@id":"https:\/\/shrimataji.org\/test\/wp-content\/uploads\/2023\/02\/SMO_LOGO-03.svg","url":"https:\/\/shrimataji.org\/test\/wp-content\/uploads\/2023\/02\/SMO_LOGO-03.svg","contentUrl":"https:\/\/shrimataji.org\/test\/wp-content\/uploads\/2023\/02\/SMO_LOGO-03.svg","width":"1024","height":"1024","caption":"Nirmala Shrivastava"},"logo":{"@id":"https:\/\/shrimataji.org\/test\/wp-content\/uploads\/2023\/02\/SMO_LOGO-03.svg"},"sameAs":["https:\/\/shrimataji.org\/test","https:\/\/www.facebook.com\/shrimataji","https:\/\/x.com\/shrimataji","https:\/\/www.youtube.com\/@Shri_Mataji_Nirmala_Devi\/featured"]}]}},"lang":"fi","translations":{"fi":12639,"ur":37521,"en":431,"am":18096,"th":20090,"hu":19588,"ar":16992,"sq":18497,"zh":17394,"tr":10222,"pt":10430,"de":10704,"fr":10802,"it":10900,"es":10997,"ja":11295,"ru":11483,"bn":11674,"te":11782,"sw":11905,"he":12053,"el":12345,"sk":12443,"fa":12541,"bg":13494,"ro":14569,"cs":14762,"nl":16656,"ku":16816,"be":18704,"kn":18978,"mr":20454,"uk":20747,"ml":21042,"ta":22815,"sv":23084,"gu":28919,"pa":29079,"fil":29533,"da":37829,"pl":38039,"nn":38381},"pll_sync_post":[],"_links":{"self":[{"href":"https:\/\/shrimataji.org\/test\/wp-json\/wp\/v2\/pages\/12639","targetHints":{"allow":["GET"]}}],"collection":[{"href":"https:\/\/shrimataji.org\/test\/wp-json\/wp\/v2\/pages"}],"about":[{"href":"https:\/\/shrimataji.org\/test\/wp-json\/wp\/v2\/types\/page"}],"author":[{"embeddable":true,"href":"https:\/\/shrimataji.org\/test\/wp-json\/wp\/v2\/users\/29"}],"replies":[{"embeddable":true,"href":"https:\/\/shrimataji.org\/test\/wp-json\/wp\/v2\/comments?post=12639"}],"version-history":[{"count":0,"href":"https:\/\/shrimataji.org\/test\/wp-json\/wp\/v2\/pages\/12639\/revisions"}],"wp:featuredmedia":[{"embeddable":true,"href":"https:\/\/shrimataji.org\/test\/wp-json\/wp\/v2\/media\/131"}],"wp:attachment":[{"href":"https:\/\/shrimataji.org\/test\/wp-json\/wp\/v2\/media?parent=12639"}],"curies":[{"name":"wp","href":"https:\/\/api.w.org\/{rel}","templated":true}]}}