{"id":12640,"date":"2018-07-10T06:55:02","date_gmt":"2018-07-10T06:55:02","guid":{"rendered":"http:\/\/testwordpress.nirmalnagari.org\/smnd\/index.php\/the-international-day-of-yoga\/"},"modified":"2025-07-13T09:07:09","modified_gmt":"2025-07-13T09:07:09","slug":"kansainvalinen-joogan-paiva","status":"publish","type":"page","link":"https:\/\/shrimataji.org\/test\/fi\/kansainvalinen-joogan-paiva\/","title":{"rendered":"Kansainv\u00e4linen joogan p\u00e4iv\u00e4"},"content":{"rendered":"\n\n\t<h1>Kansainv\u00e4linen joogan p\u00e4iv\u00e4<\/h1>\n<h2>Lehdist\u00f6tiedote Milano, 21. kes\u00e4kuuta 2015<\/h2>\n<p>Sahaja Yoga tervehtii Kansainv\u00e4list\u00e4 joogan p\u00e4iv\u00e4\u00e4 t\u00e4m\u00e4n muinaisen tekniikan todellisen merkityksen kautta.<\/p>\nJoogan ikivanhan harjoittamisen juhlaa vietet\u00e4\u00e4n t\u00e4n\u00e4\u00e4n aikana, jolloin maailmaan kohdistuu yh\u00e4 enemm\u00e4n myllerryst\u00e4 ja ep\u00e4varmuutta. Meneill\u00e4\u00e4n oleva talouskriisi, ekologiset ongelmat ja v\u00e4est\u00f6nkasvun paineet ovat aiheuttaneet syv\u00e4\u00e4 levottomuutta monissa osissa maailmaa, mink\u00e4 vuoksi monet ovat kokeneet tarpeelliseksi palata henkisen alkuper\u00e4mme juurille ja yritt\u00e4\u00e4 l\u00f6yt\u00e4\u00e4 tarkoitus t\u00e4lle kaikelle.<br \/>\n\n<p>Todellinen aito jooga on paljon muutamaa mantraa ja fyysist\u00e4 kehon v\u00e4\u00e4ntely\u00e4 syvemp\u00e4\u00e4. Se saa aikaan perustavanlaatuisen muutoksen yksil\u00f6n k\u00e4sityksiss\u00e4, todellisen tietoisuuden her\u00e4\u00e4misen &#8211; eik\u00e4 t\u00e4m\u00e4 ole miss\u00e4\u00e4n voimakkaammin havaittavissa kuin Sahaja Yogan harjoittamisen kautta. T\u00e4m\u00e4n ainutlaatuisen meditaation esitteli maailmalle vuonna 1970 Shri Mataji Nirmala Devi <a href=\"https:\/\/shrimataji.org\/test\">(www.shrimataji.org<\/a>), yksi maailman rakastetuimmista henkisist\u00e4 opettajista, joka oli kahdesti ehdolla Nobelin rauhanpalkinnon saajaksi ja joka omisti el\u00e4m\u00e4ns\u00e4 valaistuneen itseoivalluksen voiman tuomiseen maailmalle.<\/p>\n<p>Toisin kuin muut harjoitukset, joista perit\u00e4\u00e4n maksua, Sahaja Yoga keskittyy itse meditaatioon eik\u00e4 niink\u00e4\u00e4n kirjoihin tai kalliisiin kursseihin. Opittuaan perusasiat siit\u00e4, miten meditoida ja saavuttaa ajatukseton tietoisuus, jokainen harjoittaja l\u00e4htee henkil\u00f6kohtaiselle l\u00f6yt\u00f6retkelle meditaation kautta, josta kaikki fyysinen, henkinen ja emotionaalinen hyvinvointi kumpuaa. Ei ole tenttej\u00e4, ei aikatauluja eik\u00e4 tarttuvia mainoslauseita, vain meditaatio ja sen tuottama syv\u00e4, sis\u00e4inen hiljaisuus.<\/p>\n<p>Ymp\u00e4ri maailmaa kymmenet tuhannet Sahaja Yogan harjoittajat ovat l\u00f6yt\u00e4neet sis\u00e4isen rauhan, joka syntyy, kun yhdist\u00e4mme itsemme kollektiiviseen tietoisuuteen joogan avulla, ja joka viikko tuhannet muut osallistuvat ilmaisille viikoittaisille tunneille 126 maassa l\u00f6yt\u00e4\u00e4kseen itse, miten heid\u00e4n el\u00e4m\u00e4ns\u00e4 voi muuttua vain muutaman minuutin p\u00e4ivitt\u00e4isell\u00e4 meditaatiolla. Tunneista ei koskaan veloiteta rahaa, ja jokaista harjoittajaa kannustetaan tutkimaan t\u00e4t\u00e4 syv\u00e4llisint\u00e4 kokemusta omaan tahtiinsa.<\/p>\n<p>Todellisella joogalla on voima muuttaa paitsi yksitt\u00e4isten ihmisten my\u00f6s kokonaisten yhteis\u00f6jen el\u00e4m\u00e4\u00e4, eik\u00e4 se ole miss\u00e4\u00e4n niin ilmeist\u00e4 kuin Sahaja Yoga -ohjelmissa, joilla autetaan k\u00f6yhi\u00e4 alueita eri puolilla maailmaa. Pohjois-Intian k\u00f6yhtyneist\u00e4 viljelysmaista L\u00e4hi-id\u00e4n sodan runtelemiin pakolaisleireihin l\u00f6ytyy Sahaja Yoga -meditaatio-ohjelmia, jotka pyrkiv\u00e4t vaikuttamaan, tuomaan rauhaa ja parannusta traumaattiseen el\u00e4m\u00e4\u00e4n. Shri Matajin ty\u00f6 ja h\u00e4nen visionsa jatkuvat kaikkialla siell\u00e4, miss\u00e4 tarvitaan henkisyytt\u00e4 palauttamaan aito rakkaus ja ihmisyys.<\/p>\n<p>Milanossa, Italiassa, j\u00e4rjestett\u00e4v\u00e4n EXPO 2015 -tapahtuman k\u00e4vij\u00e4t saavat lis\u00e4tietoja India Basmati -osastolta tai vierailemalla <a href=\"https:\/\/www.deepl.com\/en\/%E2%80%9Dhttps:\/\/live.sahajayoga.it%E2%80%9D\">osoitteessa live.sahajayoga.it<\/a> Kansainv\u00e4lisen joogan p\u00e4iv\u00e4n 2015 kunniaksi j\u00e4rjestett\u00e4v\u00e4ss\u00e4 online-esittelyseminaarissa.<\/p>\n<p>\u00a0<\/p>\n\n","protected":false},"excerpt":{"rendered":"<p>Kansainv\u00e4linen joogan p\u00e4iv\u00e4 Lehdist\u00f6tiedote Milano, 21. kes\u00e4kuuta 2015 Sahaja Yoga tervehtii Kansainv\u00e4list\u00e4 joogan p\u00e4iv\u00e4\u00e4 t\u00e4m\u00e4n muinaisen tekniikan todellisen merkityksen kautta. Joogan ikivanhan harjoittamisen juhlaa vietet\u00e4\u00e4n t\u00e4n\u00e4\u00e4n aikana, jolloin maailmaan kohdistuu yh\u00e4 enemm\u00e4n myllerryst\u00e4 ja ep\u00e4varmuutta. Meneill\u00e4\u00e4n oleva talouskriisi, ekologiset ongelmat ja v\u00e4est\u00f6nkasvun paineet ovat aiheuttaneet syv\u00e4\u00e4 levottomuutta monissa osissa maailmaa, mink\u00e4 vuoksi monet ovat kokeneet&hellip; <br \/> <a class=\"read-more\" href=\"https:\/\/shrimataji.org\/test\/fi\/kansainvalinen-joogan-paiva\/\">Read more<\/a><\/p>\n","protected":false},"author":29,"featured_media":0,"parent":0,"menu_order":0,"comment_status":"closed","ping_status":"closed","template":"","meta":{"inline_featured_image":false,"footnotes":""},"class_list":["post-12640","page","type-page","status-publish","hentry"],"yoast_head":"<!-- This site is optimized with the Yoast SEO plugin v27.4 - https:\/\/yoast.com\/product\/yoast-seo-wordpress\/ -->\n<title>Kansainv\u00e4linen joogan p\u00e4iv\u00e4 - TEST - SMND<\/title>\n<meta name=\"robots\" content=\"noindex, follow, max-snippet:-1, max-image-preview:large, max-video-preview:-1\" \/>\n<meta property=\"og:locale\" content=\"en_US\" \/>\n<meta property=\"og:type\" content=\"article\" \/>\n<meta property=\"og:title\" content=\"Kansainv\u00e4linen joogan p\u00e4iv\u00e4 - TEST - SMND\" \/>\n<meta property=\"og:description\" content=\"Kansainv\u00e4linen joogan p\u00e4iv\u00e4 Lehdist\u00f6tiedote Milano, 21. kes\u00e4kuuta 2015 Sahaja Yoga tervehtii Kansainv\u00e4list\u00e4 joogan p\u00e4iv\u00e4\u00e4 t\u00e4m\u00e4n muinaisen tekniikan todellisen merkityksen kautta. Joogan ikivanhan harjoittamisen juhlaa vietet\u00e4\u00e4n t\u00e4n\u00e4\u00e4n aikana, jolloin maailmaan kohdistuu yh\u00e4 enemm\u00e4n myllerryst\u00e4 ja ep\u00e4varmuutta. Meneill\u00e4\u00e4n oleva talouskriisi, ekologiset ongelmat ja v\u00e4est\u00f6nkasvun paineet ovat aiheuttaneet syv\u00e4\u00e4 levottomuutta monissa osissa maailmaa, mink\u00e4 vuoksi monet ovat kokeneet&hellip; Read more\" \/>\n<meta property=\"og:url\" content=\"https:\/\/shrimataji.org\/test\/fi\/kansainvalinen-joogan-paiva\/\" \/>\n<meta property=\"og:site_name\" content=\"TEST - SMND\" \/>\n<meta property=\"article:publisher\" content=\"https:\/\/www.facebook.com\/shrimataji\" \/>\n<meta property=\"article:modified_time\" content=\"2025-07-13T09:07:09+00:00\" \/>\n<meta property=\"og:image\" content=\"https:\/\/shrimataji.org\/test\/wp-content\/uploads\/2018\/07\/fp11-e1588597806347.jpg\" \/>\n\t<meta property=\"og:image:width\" content=\"707\" \/>\n\t<meta property=\"og:image:height\" content=\"700\" \/>\n\t<meta property=\"og:image:type\" content=\"image\/jpeg\" \/>\n<meta name=\"twitter:card\" content=\"summary_large_image\" \/>\n<meta name=\"twitter:site\" content=\"@shrimataji\" \/>\n<meta name=\"twitter:label1\" content=\"Est. reading time\" \/>\n\t<meta name=\"twitter:data1\" content=\"2 minutes\" \/>\n<script type=\"application\/ld+json\" class=\"yoast-schema-graph\">{\"@context\":\"https:\\\/\\\/schema.org\",\"@graph\":[{\"@type\":\"WebPage\",\"@id\":\"https:\\\/\\\/shrimataji.org\\\/test\\\/fi\\\/kansainvalinen-joogan-paiva\\\/\",\"url\":\"https:\\\/\\\/shrimataji.org\\\/test\\\/fi\\\/kansainvalinen-joogan-paiva\\\/\",\"name\":\"Kansainv\u00e4linen joogan p\u00e4iv\u00e4 - TEST - SMND\",\"isPartOf\":{\"@id\":\"https:\\\/\\\/shrimataji.org\\\/test\\\/#website\"},\"datePublished\":\"2018-07-10T06:55:02+00:00\",\"dateModified\":\"2025-07-13T09:07:09+00:00\",\"breadcrumb\":{\"@id\":\"https:\\\/\\\/shrimataji.org\\\/test\\\/fi\\\/kansainvalinen-joogan-paiva\\\/#breadcrumb\"},\"inLanguage\":\"en-US\",\"potentialAction\":[{\"@type\":\"ReadAction\",\"target\":[\"https:\\\/\\\/shrimataji.org\\\/test\\\/fi\\\/kansainvalinen-joogan-paiva\\\/\"]}]},{\"@type\":\"BreadcrumbList\",\"@id\":\"https:\\\/\\\/shrimataji.org\\\/test\\\/fi\\\/kansainvalinen-joogan-paiva\\\/#breadcrumb\",\"itemListElement\":[{\"@type\":\"ListItem\",\"position\":1,\"name\":\"Home\",\"item\":\"https:\\\/\\\/shrimataji.org\\\/test\\\/uk\\\/home-en\\\/\"},{\"@type\":\"ListItem\",\"position\":2,\"name\":\"Kansainv\u00e4linen joogan p\u00e4iv\u00e4\"}]},{\"@type\":\"WebSite\",\"@id\":\"https:\\\/\\\/shrimataji.org\\\/test\\\/#website\",\"url\":\"https:\\\/\\\/shrimataji.org\\\/test\\\/\",\"name\":\"Shri Mataji Nirmala Devi\",\"description\":\"A Life Dedicated to Humanity\",\"publisher\":{\"@id\":\"https:\\\/\\\/shrimataji.org\\\/test\\\/#\\\/schema\\\/person\\\/a1b3419c6585f164aa96da1ff85715d1\"},\"potentialAction\":[{\"@type\":\"SearchAction\",\"target\":{\"@type\":\"EntryPoint\",\"urlTemplate\":\"https:\\\/\\\/shrimataji.org\\\/test\\\/?s={search_term_string}\"},\"query-input\":{\"@type\":\"PropertyValueSpecification\",\"valueRequired\":true,\"valueName\":\"search_term_string\"}}],\"inLanguage\":\"en-US\"},{\"@type\":[\"Person\",\"Organization\"],\"@id\":\"https:\\\/\\\/shrimataji.org\\\/test\\\/#\\\/schema\\\/person\\\/a1b3419c6585f164aa96da1ff85715d1\",\"name\":\"Nirmala Shrivastava\",\"image\":{\"@type\":\"ImageObject\",\"inLanguage\":\"en-US\",\"@id\":\"https:\\\/\\\/shrimataji.org\\\/test\\\/wp-content\\\/uploads\\\/2023\\\/02\\\/SMO_LOGO-03.svg\",\"url\":\"https:\\\/\\\/shrimataji.org\\\/test\\\/wp-content\\\/uploads\\\/2023\\\/02\\\/SMO_LOGO-03.svg\",\"contentUrl\":\"https:\\\/\\\/shrimataji.org\\\/test\\\/wp-content\\\/uploads\\\/2023\\\/02\\\/SMO_LOGO-03.svg\",\"width\":\"1024\",\"height\":\"1024\",\"caption\":\"Nirmala Shrivastava\"},\"logo\":{\"@id\":\"https:\\\/\\\/shrimataji.org\\\/test\\\/wp-content\\\/uploads\\\/2023\\\/02\\\/SMO_LOGO-03.svg\"},\"sameAs\":[\"https:\\\/\\\/shrimataji.org\\\/test\",\"https:\\\/\\\/www.facebook.com\\\/shrimataji\",\"https:\\\/\\\/x.com\\\/shrimataji\",\"https:\\\/\\\/www.youtube.com\\\/@Shri_Mataji_Nirmala_Devi\\\/featured\"]}]}<\/script>\n<!-- \/ Yoast SEO plugin. -->","yoast_head_json":{"title":"Kansainv\u00e4linen joogan p\u00e4iv\u00e4 - TEST - SMND","robots":{"index":"noindex","follow":"follow","max-snippet":"max-snippet:-1","max-image-preview":"max-image-preview:large","max-video-preview":"max-video-preview:-1"},"og_locale":"en_US","og_type":"article","og_title":"Kansainv\u00e4linen joogan p\u00e4iv\u00e4 - TEST - SMND","og_description":"Kansainv\u00e4linen joogan p\u00e4iv\u00e4 Lehdist\u00f6tiedote Milano, 21. kes\u00e4kuuta 2015 Sahaja Yoga tervehtii Kansainv\u00e4list\u00e4 joogan p\u00e4iv\u00e4\u00e4 t\u00e4m\u00e4n muinaisen tekniikan todellisen merkityksen kautta. Joogan ikivanhan harjoittamisen juhlaa vietet\u00e4\u00e4n t\u00e4n\u00e4\u00e4n aikana, jolloin maailmaan kohdistuu yh\u00e4 enemm\u00e4n myllerryst\u00e4 ja ep\u00e4varmuutta. Meneill\u00e4\u00e4n oleva talouskriisi, ekologiset ongelmat ja v\u00e4est\u00f6nkasvun paineet ovat aiheuttaneet syv\u00e4\u00e4 levottomuutta monissa osissa maailmaa, mink\u00e4 vuoksi monet ovat kokeneet&hellip; Read more","og_url":"https:\/\/shrimataji.org\/test\/fi\/kansainvalinen-joogan-paiva\/","og_site_name":"TEST - SMND","article_publisher":"https:\/\/www.facebook.com\/shrimataji","article_modified_time":"2025-07-13T09:07:09+00:00","og_image":[{"width":707,"height":700,"url":"https:\/\/shrimataji.org\/test\/wp-content\/uploads\/2018\/07\/fp11-e1588597806347.jpg","type":"image\/jpeg"}],"twitter_card":"summary_large_image","twitter_site":"@shrimataji","twitter_misc":{"Est. reading time":"2 minutes"},"schema":{"@context":"https:\/\/schema.org","@graph":[{"@type":"WebPage","@id":"https:\/\/shrimataji.org\/test\/fi\/kansainvalinen-joogan-paiva\/","url":"https:\/\/shrimataji.org\/test\/fi\/kansainvalinen-joogan-paiva\/","name":"Kansainv\u00e4linen joogan p\u00e4iv\u00e4 - TEST - SMND","isPartOf":{"@id":"https:\/\/shrimataji.org\/test\/#website"},"datePublished":"2018-07-10T06:55:02+00:00","dateModified":"2025-07-13T09:07:09+00:00","breadcrumb":{"@id":"https:\/\/shrimataji.org\/test\/fi\/kansainvalinen-joogan-paiva\/#breadcrumb"},"inLanguage":"en-US","potentialAction":[{"@type":"ReadAction","target":["https:\/\/shrimataji.org\/test\/fi\/kansainvalinen-joogan-paiva\/"]}]},{"@type":"BreadcrumbList","@id":"https:\/\/shrimataji.org\/test\/fi\/kansainvalinen-joogan-paiva\/#breadcrumb","itemListElement":[{"@type":"ListItem","position":1,"name":"Home","item":"https:\/\/shrimataji.org\/test\/uk\/home-en\/"},{"@type":"ListItem","position":2,"name":"Kansainv\u00e4linen joogan p\u00e4iv\u00e4"}]},{"@type":"WebSite","@id":"https:\/\/shrimataji.org\/test\/#website","url":"https:\/\/shrimataji.org\/test\/","name":"Shri Mataji Nirmala Devi","description":"A Life Dedicated to Humanity","publisher":{"@id":"https:\/\/shrimataji.org\/test\/#\/schema\/person\/a1b3419c6585f164aa96da1ff85715d1"},"potentialAction":[{"@type":"SearchAction","target":{"@type":"EntryPoint","urlTemplate":"https:\/\/shrimataji.org\/test\/?s={search_term_string}"},"query-input":{"@type":"PropertyValueSpecification","valueRequired":true,"valueName":"search_term_string"}}],"inLanguage":"en-US"},{"@type":["Person","Organization"],"@id":"https:\/\/shrimataji.org\/test\/#\/schema\/person\/a1b3419c6585f164aa96da1ff85715d1","name":"Nirmala Shrivastava","image":{"@type":"ImageObject","inLanguage":"en-US","@id":"https:\/\/shrimataji.org\/test\/wp-content\/uploads\/2023\/02\/SMO_LOGO-03.svg","url":"https:\/\/shrimataji.org\/test\/wp-content\/uploads\/2023\/02\/SMO_LOGO-03.svg","contentUrl":"https:\/\/shrimataji.org\/test\/wp-content\/uploads\/2023\/02\/SMO_LOGO-03.svg","width":"1024","height":"1024","caption":"Nirmala Shrivastava"},"logo":{"@id":"https:\/\/shrimataji.org\/test\/wp-content\/uploads\/2023\/02\/SMO_LOGO-03.svg"},"sameAs":["https:\/\/shrimataji.org\/test","https:\/\/www.facebook.com\/shrimataji","https:\/\/x.com\/shrimataji","https:\/\/www.youtube.com\/@Shri_Mataji_Nirmala_Devi\/featured"]}]}},"lang":"fi","translations":{"fi":12640,"en":505,"am":18098,"th":20093,"hu":19591,"ar":16994,"sq":18499,"zh":17396,"tr":10223,"pt":10431,"de":10705,"fr":10803,"it":10901,"es":10998,"ja":11296,"ru":11484,"bn":11675,"te":11783,"sw":11906,"he":12054,"el":12346,"sk":12444,"fa":12542,"bg":13432,"ro":14506,"cs":14699,"nl":16658,"ku":16818,"be":18706,"kn":18980,"uk":20750,"ml":21045,"ta":22817,"sv":23086,"gu":28921,"pa":29081,"fil":29535},"pll_sync_post":[],"_links":{"self":[{"href":"https:\/\/shrimataji.org\/test\/wp-json\/wp\/v2\/pages\/12640","targetHints":{"allow":["GET"]}}],"collection":[{"href":"https:\/\/shrimataji.org\/test\/wp-json\/wp\/v2\/pages"}],"about":[{"href":"https:\/\/shrimataji.org\/test\/wp-json\/wp\/v2\/types\/page"}],"author":[{"embeddable":true,"href":"https:\/\/shrimataji.org\/test\/wp-json\/wp\/v2\/users\/29"}],"replies":[{"embeddable":true,"href":"https:\/\/shrimataji.org\/test\/wp-json\/wp\/v2\/comments?post=12640"}],"version-history":[{"count":0,"href":"https:\/\/shrimataji.org\/test\/wp-json\/wp\/v2\/pages\/12640\/revisions"}],"wp:attachment":[{"href":"https:\/\/shrimataji.org\/test\/wp-json\/wp\/v2\/media?parent=12640"}],"curies":[{"name":"wp","href":"https:\/\/api.w.org\/{rel}","templated":true}]}}