{"id":12641,"date":"2018-07-10T06:54:50","date_gmt":"2018-07-10T06:54:50","guid":{"rendered":"http:\/\/testwordpress.nirmalnagari.org\/smnd\/index.php\/the-widening-circle\/"},"modified":"2025-04-23T21:28:00","modified_gmt":"2025-04-23T21:28:00","slug":"laajeneva-piiri","status":"publish","type":"page","link":"https:\/\/shrimataji.org\/test\/fi\/laajeneva-piiri\/","title":{"rendered":"Laajeneva piiri"},"content":{"rendered":"\n\n\t<h1>Laajeneva piiri<\/h1>\n<h2><b>Muutoksen tuulet<\/b><\/h2>\n\t<h4>Intian ensimm\u00e4inen p\u00e4\u00e4ministeri Jawaharlal Nehru kuoli 27. toukokuuta 1964. <a href=\"https:\/\/shrimataji.org\/test\/sir-c-p-srivastava-3\/\">Sir C.P.<\/a> oli Isossa-Britanniassa osallistumassa merenkulkukonferenssiin. Tiistaina 2. kes\u00e4kuuta tuli tieto, ett\u00e4 Lal Bahadur Shastri oli valittu kongressipuolueen uudeksi johtajaksi ja ett\u00e4 h\u00e4nest\u00e4 teht\u00e4isiin pian Intian toinen p\u00e4\u00e4ministeri.<\/h4>\n\t<p>Kun Sir C.P. palasi Isosta-Britanniasta Mumbaihin, sanomalehdet kertoivat, ett\u00e4 Shastri oli sairastunut. Shri Mataji kehotti miest\u00e4\u00e4n l\u00e4htem\u00e4\u00e4n v\u00e4litt\u00f6m\u00e4sti New Delhiin tarjoamaan palveluksiaan herra Shastrille. H\u00e4n oli vahvasti sit\u00e4 mielt\u00e4, ett\u00e4 koska Lal Bahadur Shastri luotti H\u00e4nen mieheens\u00e4, h\u00e4nen velvollisuutensa oli auttaa h\u00e4nt\u00e4 kaikin mahdollisin tavoin.<\/p>\n<p>Muutamaa p\u00e4iv\u00e4\u00e4 my\u00f6hemmin osallistuessaan kokoukseen New Delhiss\u00e4 Sir C.P. p\u00e4\u00e4si tapaamaan toipuvaa Shastria.<\/p>\n<p>T\u00e4m\u00e4n sattumalta syntyneen tapaamisen aikana Lal Bahadur Shastri pyysi Shri Matajin aviomiest\u00e4 p\u00e4\u00e4ministerin apulaissihteeriksi, joka ty\u00f6skentelisi h\u00e4nen rinnallaan Intian kansan palveluksessa.<\/p>\n\t\t\t\t<img loading=\"lazy\" decoding=\"async\" src=\"https:\/\/shrimataji.org\/test\/wp-content\/uploads\/2018\/07\/media_originals\/images\/shri-mataji-with-people\/shri-mataji-introducing-guests-to-lal-bahadur-shastri-in-mumbai.jpg\" alt=\"Shri Mataji esittelee vieraita Lal Bahadur Shastrille Mumbaissa\" itemprop=\"image\" height=\"452\" width=\"674\" title=\"Shri Mataji introducing guests to Lal Bahadur Shastri in Mumbai\" onerror=\"this.style.display='none'\"  \/>\n\t\tShri Mataji esittelee vieraita Lal Bahadur Shastrille Mumbaissa\n\t<p>El\u00e4m\u00e4kerrassa <em>Lal Bahadur Shastri, a Life of Truth in Politics<\/em> Sir C.P. muisteli: &#8220;Kun me molemmat vierailimme p\u00e4\u00e4ministeri Shastrin luona, h\u00e4n puhui Nirmalan kanssa usein pyhimyksist\u00e4 ja tiet\u00e4jist\u00e4 sek\u00e4 uskonnosta ja henkisyydest\u00e4, alueista, joista Nirmalalla oli paljon tietoa, ja h\u00e4n jopa rohkaisi Nirmalaa liittym\u00e4\u00e4n Intian kongressipuolueeseen. Nirmala oli kuitenkin enemm\u00e4n taipumusta henkisyyteen eik\u00e4 politiikkaan.&#8221;<\/p>\n<p>Vuosien mittaan, kun H\u00e4nen miehens\u00e4 oli keskittynyt valtiollisiin asioihin, Shri Mataji oli hyvin vaiteliaasti toimiva sosiaality\u00f6ntekij\u00e4. H\u00e4n ker\u00e4si rahaa parantolaa varten l\u00e4hell\u00e4 Chandrapuria Maharashtrassa. H\u00e4nest\u00e4 tuli &#8220;Sokeiden yst\u00e4v\u00e4t&#8221; -nimisen yhdistyksen puheenjohtaja. Meerutissa H\u00e4n perusti pakolaiskodin, invalidien kodin ja avusti suurta spitaalisten kotia.<\/p>\n\t<p>Lokakuussa 1969 Shri Matajin ensimm\u00e4inen tyt\u00e4r Kalpana meni naimisiin Prabhat Shrivastavin kanssa Mumbaissa.<\/p>\n\t\t\t\t<img loading=\"lazy\" decoding=\"async\" src=\"https:\/\/shrimataji.org\/test\/wp-content\/uploads\/2018\/07\/media_originals\/images\/shri-mataji-and-family\/shri-mataji-with-daughter-kalpana-upon-her-marriage.jpg\" alt=\"Shri Mataji tytt\u00e4rens\u00e4 Kalpanan kanssa\nt\u00e4m\u00e4n h\u00e4iss\u00e4\" itemprop=\"image\" height=\"1440\" width=\"1085\" title=\"shri-mataji-with-daughter-kalpana-upon-her-marriage\" onerror=\"this.style.display='none'\"  \/>\n\t\tShri Mataji tytt\u00e4rens\u00e4 Kalpanan kanssa\nt\u00e4m\u00e4n h\u00e4iss\u00e4\n\t\t\t\t<img loading=\"lazy\" decoding=\"async\" src=\"https:\/\/shrimataji.org\/test\/wp-content\/uploads\/2018\/07\/media_originals\/images\/shri-mataji-and-family\/shri-mataji-with-sir-cp-and-prabhat-at-daughter-kalpanas-wedding.jpg\" alt=\"Shri Mataji Sir CP:n ja v\u00e4vyn Prabhatin kanssa tytt\u00e4rens\u00e4 Kalpanan h\u00e4iss\u00e4\" itemprop=\"image\" height=\"817\" width=\"1105\" title=\"shri-mataji-with-sir-cp-and-prabhat-at-daughter-kalpanas-wedding\" onerror=\"this.style.display='none'\"  \/>\n\t\tShri Mataji Sir CP:n ja v\u00e4vyn Prabhatin kanssa tytt\u00e4rens\u00e4 Kalpanan h\u00e4iss\u00e4\n\t<p>Lokakuun alussa vuonna 1970 Shri Matajin oma \u00e4iti sairastui vakavasti. H\u00e4n palasi ulkomaanmatkalta katsomaan \u00e4iti\u00e4\u00e4n ja yll\u00e4tt\u00e4en l\u00f6ysi t\u00e4m\u00e4n hyv\u00e4ntuulisena. \u00c4iti kysyi h\u00e4nelt\u00e4, oliko H\u00e4n l\u00f6yt\u00e4nyt sen, mit\u00e4 is\u00e4 halusi H\u00e4nen l\u00f6yt\u00e4v\u00e4n. Niinp\u00e4 Shri Mataji kertoi \u00e4idille, ett\u00e4 H\u00e4n oli l\u00f6yt\u00e4nyt menetelm\u00e4n, joka perustuu joukko-oivallukseen. Sunnuntaina 11. lokakuuta 1970 h\u00e4nen \u00e4itins\u00e4 Cornelia Karuna Salve kuoli Nagpurissa.<\/p>\n<p>Pian t\u00e4m\u00e4n j\u00e4lkeen Shri Mataji kutsuttiin Air India -yhti\u00f6n ensimm\u00e4iselle lennolle Pariisiin, mink\u00e4 j\u00e4lkeen H\u00e4n matkusti Teheraniin tapaamaan nuorempaa velje\u00e4\u00e4n H.P. Salvea, jonka lentoyhti\u00f6 oli l\u00e4hett\u00e4nyt sinne. <a href=\"https:\/\/shrimataji.org\/test\/the-widening-circle\/#citation-note-1\">[1]<\/a><\/p>\n<p>Vietetty\u00e4\u00e4n aikaa h\u00e4nen kanssaan H.P. alkoi v\u00e4hitellen huomata, ett\u00e4 jokin oli muuttunut h\u00e4nen isosiskossaan. Itse asiassa H\u00e4nell\u00e4 oli tuohon aikaan Intiassa noin 12 seuraajaa, jotka alkoivat kiinnostua Shri Matajista opettajana ja guruna.<\/p>\n<p>Paljastettuaan veljelleen, ett\u00e4 tiistaina 5. toukokuuta 1970 H\u00e4n oli todellakin kokenut voimakkaan muutoksen, Shri Mataji ilmaisi halunsa antaa itseoivalluksen muutamalle h\u00e4nen henkisyydest\u00e4 kiinnostuneelle yst\u00e4v\u00e4lleen. Palattuaan Teheraniin Shirazin tutustumismatkalta H.P. Salve soitti muutamalle yst\u00e4v\u00e4lleen ja j\u00e4rjesti illallisen ja hengellisen tapaamisen Shri Matajin kanssa. Seuraavana p\u00e4iv\u00e4n\u00e4 noin 20 yst\u00e4v\u00e4\u00e4, joista osa oli lehdist\u00f6n edustajia, tulivat h\u00e4nen kotiinsa illalliselle ja, mik\u00e4 viel\u00e4 t\u00e4rke\u00e4mp\u00e4\u00e4, saamaan henkisen her\u00e4\u00e4misen.<\/p>\n<p>H.P. Salve muisteli: &#8220;Er\u00e4s herra, tohtori Divan, itseoivalluksen saatuaan n\u00e4ytti huokuvan santelipuun tuoksua p\u00e4\u00e4laeltaan. Olin melko yll\u00e4ttynyt siit\u00e4, miten Shri Mataji pystyi l\u00e4hett\u00e4m\u00e4\u00e4n t\u00e4llaisen tuoksun jonkun kehoon istumalla niin et\u00e4\u00e4ll\u00e4. Samaan aikaan er\u00e4s parsi-nainen, joka tuli paikalle kainalosauvojen varassa, koska h\u00e4nell\u00e4 oli akuutti niveltulehdus, ja kun h\u00e4n l\u00e4hti itseoivalluksensa j\u00e4lkeen, h\u00e4n k\u00e4veli ilman kainalosauvoja ja h\u00e4net n\u00e4htiin seuraavana p\u00e4iv\u00e4n\u00e4 ajamassa autollaan.&#8221;<\/p>\n<p>Seuraavana p\u00e4iv\u00e4n\u00e4 Teheranin johtavat englanninkieliset sanomalehdet julkaisivat tapahtuman uutisena ja kertoivat, ett\u00e4 tapahtumalla oli silminn\u00e4kij\u00f6it\u00e4, mink\u00e4 j\u00e4lkeen monet ihmiset ker\u00e4\u00e4ntyiv\u00e4t tapaamaan Shri Matajia. Kuten H\u00e4nen veljens\u00e4 asian ilmaisi: &#8220;H\u00e4nen suosionsa oli niin suuri, ett\u00e4 kun H\u00e4n tuli Teheraniin, esittelin h\u00e4net siskonani, mutta kun H\u00e4n l\u00e4hti, minut esiteltiin H\u00e4nen veljen\u00e4\u00e4n.&#8221; Ennen pitk\u00e4\u00e4 H.P. Salvea alettiin puhutella Babamamana, joka on lempinimi &#8220;\u00e4idin veljelle&#8221;.<\/p>\n\t<h5>&#8220;Kaikkein kaunein asia, jonka voimme kokea, on mystiikka. Se on kaiken todellisen taiteen ja tieteen l\u00e4hde.&#8221;<\/h5>\n<h5>Albert Einstein<\/h5>\n\t<hr \/>\n<h3>1. <a href=\"#citation-ref-1\">^ <\/a><a name=\"citation-note-1\"><\/a>H. P. Salve, &#8216;My Memoirs&#8217; New Delhi: Life Eternal Trust, 2000.<\/h3>\n\n","protected":false},"excerpt":{"rendered":"<p>Laajeneva piiri Muutoksen tuulet Intian ensimm\u00e4inen p\u00e4\u00e4ministeri Jawaharlal Nehru kuoli 27. toukokuuta 1964. Sir C.P. oli Isossa-Britanniassa osallistumassa merenkulkukonferenssiin. Tiistaina 2. kes\u00e4kuuta tuli tieto, ett\u00e4 Lal Bahadur Shastri oli valittu kongressipuolueen uudeksi johtajaksi ja ett\u00e4 h\u00e4nest\u00e4 teht\u00e4isiin pian Intian toinen p\u00e4\u00e4ministeri. Kun Sir C.P. palasi Isosta-Britanniasta Mumbaihin, sanomalehdet kertoivat, ett\u00e4 Shastri oli sairastunut. Shri Mataji&hellip; <br \/> <a class=\"read-more\" href=\"https:\/\/shrimataji.org\/test\/fi\/laajeneva-piiri\/\">Read more<\/a><\/p>\n","protected":false},"author":29,"featured_media":9515,"parent":0,"menu_order":0,"comment_status":"closed","ping_status":"closed","template":"","meta":{"inline_featured_image":false,"footnotes":""},"class_list":["post-12641","page","type-page","status-publish","has-post-thumbnail","hentry"],"yoast_head":"<!-- This site is optimized with the Yoast SEO plugin v27.4 - https:\/\/yoast.com\/product\/yoast-seo-wordpress\/ -->\n<title>Laajeneva piiri - TEST - SMND<\/title>\n<meta name=\"robots\" content=\"noindex, follow, max-snippet:-1, max-image-preview:large, max-video-preview:-1\" \/>\n<meta property=\"og:locale\" content=\"en_US\" \/>\n<meta property=\"og:type\" content=\"article\" \/>\n<meta property=\"og:title\" content=\"Laajeneva piiri - TEST - SMND\" \/>\n<meta property=\"og:description\" content=\"Laajeneva piiri Muutoksen tuulet Intian ensimm\u00e4inen p\u00e4\u00e4ministeri Jawaharlal Nehru kuoli 27. toukokuuta 1964. Sir C.P. oli Isossa-Britanniassa osallistumassa merenkulkukonferenssiin. Tiistaina 2. kes\u00e4kuuta tuli tieto, ett\u00e4 Lal Bahadur Shastri oli valittu kongressipuolueen uudeksi johtajaksi ja ett\u00e4 h\u00e4nest\u00e4 teht\u00e4isiin pian Intian toinen p\u00e4\u00e4ministeri. Kun Sir C.P. palasi Isosta-Britanniasta Mumbaihin, sanomalehdet kertoivat, ett\u00e4 Shastri oli sairastunut. Shri Mataji&hellip; Read more\" \/>\n<meta property=\"og:url\" content=\"https:\/\/shrimataji.org\/test\/fi\/laajeneva-piiri\/\" \/>\n<meta property=\"og:site_name\" content=\"TEST - SMND\" \/>\n<meta property=\"article:publisher\" content=\"https:\/\/www.facebook.com\/shrimataji\" \/>\n<meta property=\"article:modified_time\" content=\"2025-04-23T21:28:00+00:00\" \/>\n<meta property=\"og:image\" content=\"https:\/\/shrimataji.org\/test\/wp-content\/uploads\/2023\/03\/10_Banner-PublicLife-WideningCircle_2-scaled.jpg\" \/>\n\t<meta property=\"og:image:width\" content=\"2560\" \/>\n\t<meta property=\"og:image:height\" content=\"905\" \/>\n\t<meta property=\"og:image:type\" content=\"image\/jpeg\" \/>\n<meta name=\"twitter:card\" content=\"summary_large_image\" \/>\n<meta name=\"twitter:site\" content=\"@shrimataji\" \/>\n<script type=\"application\/ld+json\" class=\"yoast-schema-graph\">{\"@context\":\"https:\\\/\\\/schema.org\",\"@graph\":[{\"@type\":\"WebPage\",\"@id\":\"https:\\\/\\\/shrimataji.org\\\/test\\\/fi\\\/laajeneva-piiri\\\/\",\"url\":\"https:\\\/\\\/shrimataji.org\\\/test\\\/fi\\\/laajeneva-piiri\\\/\",\"name\":\"Laajeneva piiri - TEST - SMND\",\"isPartOf\":{\"@id\":\"https:\\\/\\\/shrimataji.org\\\/test\\\/#website\"},\"primaryImageOfPage\":{\"@id\":\"https:\\\/\\\/shrimataji.org\\\/test\\\/fi\\\/laajeneva-piiri\\\/#primaryimage\"},\"image\":{\"@id\":\"https:\\\/\\\/shrimataji.org\\\/test\\\/fi\\\/laajeneva-piiri\\\/#primaryimage\"},\"thumbnailUrl\":\"https:\\\/\\\/shrimataji.org\\\/test\\\/wp-content\\\/uploads\\\/2023\\\/03\\\/10_Banner-PublicLife-WideningCircle_2-scaled.jpg\",\"datePublished\":\"2018-07-10T06:54:50+00:00\",\"dateModified\":\"2025-04-23T21:28:00+00:00\",\"breadcrumb\":{\"@id\":\"https:\\\/\\\/shrimataji.org\\\/test\\\/fi\\\/laajeneva-piiri\\\/#breadcrumb\"},\"inLanguage\":\"en-US\",\"potentialAction\":[{\"@type\":\"ReadAction\",\"target\":[\"https:\\\/\\\/shrimataji.org\\\/test\\\/fi\\\/laajeneva-piiri\\\/\"]}]},{\"@type\":\"ImageObject\",\"inLanguage\":\"en-US\",\"@id\":\"https:\\\/\\\/shrimataji.org\\\/test\\\/fi\\\/laajeneva-piiri\\\/#primaryimage\",\"url\":\"https:\\\/\\\/shrimataji.org\\\/test\\\/wp-content\\\/uploads\\\/2023\\\/03\\\/10_Banner-PublicLife-WideningCircle_2-scaled.jpg\",\"contentUrl\":\"https:\\\/\\\/shrimataji.org\\\/test\\\/wp-content\\\/uploads\\\/2023\\\/03\\\/10_Banner-PublicLife-WideningCircle_2-scaled.jpg\",\"width\":2560,\"height\":905},{\"@type\":\"BreadcrumbList\",\"@id\":\"https:\\\/\\\/shrimataji.org\\\/test\\\/fi\\\/laajeneva-piiri\\\/#breadcrumb\",\"itemListElement\":[{\"@type\":\"ListItem\",\"position\":1,\"name\":\"Home\",\"item\":\"https:\\\/\\\/shrimataji.org\\\/test\\\/uk\\\/home-en\\\/\"},{\"@type\":\"ListItem\",\"position\":2,\"name\":\"Laajeneva piiri\"}]},{\"@type\":\"WebSite\",\"@id\":\"https:\\\/\\\/shrimataji.org\\\/test\\\/#website\",\"url\":\"https:\\\/\\\/shrimataji.org\\\/test\\\/\",\"name\":\"Shri Mataji Nirmala Devi\",\"description\":\"A Life Dedicated to Humanity\",\"publisher\":{\"@id\":\"https:\\\/\\\/shrimataji.org\\\/test\\\/#\\\/schema\\\/person\\\/a1b3419c6585f164aa96da1ff85715d1\"},\"potentialAction\":[{\"@type\":\"SearchAction\",\"target\":{\"@type\":\"EntryPoint\",\"urlTemplate\":\"https:\\\/\\\/shrimataji.org\\\/test\\\/?s={search_term_string}\"},\"query-input\":{\"@type\":\"PropertyValueSpecification\",\"valueRequired\":true,\"valueName\":\"search_term_string\"}}],\"inLanguage\":\"en-US\"},{\"@type\":[\"Person\",\"Organization\"],\"@id\":\"https:\\\/\\\/shrimataji.org\\\/test\\\/#\\\/schema\\\/person\\\/a1b3419c6585f164aa96da1ff85715d1\",\"name\":\"Nirmala Shrivastava\",\"image\":{\"@type\":\"ImageObject\",\"inLanguage\":\"en-US\",\"@id\":\"https:\\\/\\\/shrimataji.org\\\/test\\\/wp-content\\\/uploads\\\/2023\\\/02\\\/SMO_LOGO-03.svg\",\"url\":\"https:\\\/\\\/shrimataji.org\\\/test\\\/wp-content\\\/uploads\\\/2023\\\/02\\\/SMO_LOGO-03.svg\",\"contentUrl\":\"https:\\\/\\\/shrimataji.org\\\/test\\\/wp-content\\\/uploads\\\/2023\\\/02\\\/SMO_LOGO-03.svg\",\"width\":\"1024\",\"height\":\"1024\",\"caption\":\"Nirmala Shrivastava\"},\"logo\":{\"@id\":\"https:\\\/\\\/shrimataji.org\\\/test\\\/wp-content\\\/uploads\\\/2023\\\/02\\\/SMO_LOGO-03.svg\"},\"sameAs\":[\"https:\\\/\\\/shrimataji.org\\\/test\",\"https:\\\/\\\/www.facebook.com\\\/shrimataji\",\"https:\\\/\\\/x.com\\\/shrimataji\",\"https:\\\/\\\/www.youtube.com\\\/@Shri_Mataji_Nirmala_Devi\\\/featured\"]}]}<\/script>\n<!-- \/ Yoast SEO plugin. -->","yoast_head_json":{"title":"Laajeneva piiri - TEST - SMND","robots":{"index":"noindex","follow":"follow","max-snippet":"max-snippet:-1","max-image-preview":"max-image-preview:large","max-video-preview":"max-video-preview:-1"},"og_locale":"en_US","og_type":"article","og_title":"Laajeneva piiri - TEST - SMND","og_description":"Laajeneva piiri Muutoksen tuulet Intian ensimm\u00e4inen p\u00e4\u00e4ministeri Jawaharlal Nehru kuoli 27. toukokuuta 1964. Sir C.P. oli Isossa-Britanniassa osallistumassa merenkulkukonferenssiin. Tiistaina 2. kes\u00e4kuuta tuli tieto, ett\u00e4 Lal Bahadur Shastri oli valittu kongressipuolueen uudeksi johtajaksi ja ett\u00e4 h\u00e4nest\u00e4 teht\u00e4isiin pian Intian toinen p\u00e4\u00e4ministeri. Kun Sir C.P. palasi Isosta-Britanniasta Mumbaihin, sanomalehdet kertoivat, ett\u00e4 Shastri oli sairastunut. Shri Mataji&hellip; Read more","og_url":"https:\/\/shrimataji.org\/test\/fi\/laajeneva-piiri\/","og_site_name":"TEST - SMND","article_publisher":"https:\/\/www.facebook.com\/shrimataji","article_modified_time":"2025-04-23T21:28:00+00:00","og_image":[{"width":2560,"height":905,"url":"https:\/\/shrimataji.org\/test\/wp-content\/uploads\/2023\/03\/10_Banner-PublicLife-WideningCircle_2-scaled.jpg","type":"image\/jpeg"}],"twitter_card":"summary_large_image","twitter_site":"@shrimataji","schema":{"@context":"https:\/\/schema.org","@graph":[{"@type":"WebPage","@id":"https:\/\/shrimataji.org\/test\/fi\/laajeneva-piiri\/","url":"https:\/\/shrimataji.org\/test\/fi\/laajeneva-piiri\/","name":"Laajeneva piiri - TEST - SMND","isPartOf":{"@id":"https:\/\/shrimataji.org\/test\/#website"},"primaryImageOfPage":{"@id":"https:\/\/shrimataji.org\/test\/fi\/laajeneva-piiri\/#primaryimage"},"image":{"@id":"https:\/\/shrimataji.org\/test\/fi\/laajeneva-piiri\/#primaryimage"},"thumbnailUrl":"https:\/\/shrimataji.org\/test\/wp-content\/uploads\/2023\/03\/10_Banner-PublicLife-WideningCircle_2-scaled.jpg","datePublished":"2018-07-10T06:54:50+00:00","dateModified":"2025-04-23T21:28:00+00:00","breadcrumb":{"@id":"https:\/\/shrimataji.org\/test\/fi\/laajeneva-piiri\/#breadcrumb"},"inLanguage":"en-US","potentialAction":[{"@type":"ReadAction","target":["https:\/\/shrimataji.org\/test\/fi\/laajeneva-piiri\/"]}]},{"@type":"ImageObject","inLanguage":"en-US","@id":"https:\/\/shrimataji.org\/test\/fi\/laajeneva-piiri\/#primaryimage","url":"https:\/\/shrimataji.org\/test\/wp-content\/uploads\/2023\/03\/10_Banner-PublicLife-WideningCircle_2-scaled.jpg","contentUrl":"https:\/\/shrimataji.org\/test\/wp-content\/uploads\/2023\/03\/10_Banner-PublicLife-WideningCircle_2-scaled.jpg","width":2560,"height":905},{"@type":"BreadcrumbList","@id":"https:\/\/shrimataji.org\/test\/fi\/laajeneva-piiri\/#breadcrumb","itemListElement":[{"@type":"ListItem","position":1,"name":"Home","item":"https:\/\/shrimataji.org\/test\/uk\/home-en\/"},{"@type":"ListItem","position":2,"name":"Laajeneva piiri"}]},{"@type":"WebSite","@id":"https:\/\/shrimataji.org\/test\/#website","url":"https:\/\/shrimataji.org\/test\/","name":"Shri Mataji Nirmala Devi","description":"A Life Dedicated to Humanity","publisher":{"@id":"https:\/\/shrimataji.org\/test\/#\/schema\/person\/a1b3419c6585f164aa96da1ff85715d1"},"potentialAction":[{"@type":"SearchAction","target":{"@type":"EntryPoint","urlTemplate":"https:\/\/shrimataji.org\/test\/?s={search_term_string}"},"query-input":{"@type":"PropertyValueSpecification","valueRequired":true,"valueName":"search_term_string"}}],"inLanguage":"en-US"},{"@type":["Person","Organization"],"@id":"https:\/\/shrimataji.org\/test\/#\/schema\/person\/a1b3419c6585f164aa96da1ff85715d1","name":"Nirmala Shrivastava","image":{"@type":"ImageObject","inLanguage":"en-US","@id":"https:\/\/shrimataji.org\/test\/wp-content\/uploads\/2023\/02\/SMO_LOGO-03.svg","url":"https:\/\/shrimataji.org\/test\/wp-content\/uploads\/2023\/02\/SMO_LOGO-03.svg","contentUrl":"https:\/\/shrimataji.org\/test\/wp-content\/uploads\/2023\/02\/SMO_LOGO-03.svg","width":"1024","height":"1024","caption":"Nirmala Shrivastava"},"logo":{"@id":"https:\/\/shrimataji.org\/test\/wp-content\/uploads\/2023\/02\/SMO_LOGO-03.svg"},"sameAs":["https:\/\/shrimataji.org\/test","https:\/\/www.facebook.com\/shrimataji","https:\/\/x.com\/shrimataji","https:\/\/www.youtube.com\/@Shri_Mataji_Nirmala_Devi\/featured"]}]}},"lang":"fi","translations":{"fi":12641,"ur":37524,"en":37234,"hu":19593,"am":18099,"th":20095,"ar":16995,"sq":18500,"zh":17397,"hi":8269,"tr":10224,"pt":10432,"de":10706,"fr":10804,"it":10902,"es":10999,"ja":11297,"ru":11485,"bn":11676,"te":11784,"sw":11907,"he":12055,"el":12347,"sk":12445,"fa":12543,"bg":13447,"ro":14521,"cs":14714,"nl":16659,"ku":16819,"be":18707,"kn":18981,"mr":20459,"uk":20752,"ml":21047,"ta":22818,"sv":23087,"gu":28922,"pa":29082,"fil":29536,"da":37831,"pl":38041,"nn":38383},"pll_sync_post":[],"_links":{"self":[{"href":"https:\/\/shrimataji.org\/test\/wp-json\/wp\/v2\/pages\/12641","targetHints":{"allow":["GET"]}}],"collection":[{"href":"https:\/\/shrimataji.org\/test\/wp-json\/wp\/v2\/pages"}],"about":[{"href":"https:\/\/shrimataji.org\/test\/wp-json\/wp\/v2\/types\/page"}],"author":[{"embeddable":true,"href":"https:\/\/shrimataji.org\/test\/wp-json\/wp\/v2\/users\/29"}],"replies":[{"embeddable":true,"href":"https:\/\/shrimataji.org\/test\/wp-json\/wp\/v2\/comments?post=12641"}],"version-history":[{"count":0,"href":"https:\/\/shrimataji.org\/test\/wp-json\/wp\/v2\/pages\/12641\/revisions"}],"wp:featuredmedia":[{"embeddable":true,"href":"https:\/\/shrimataji.org\/test\/wp-json\/wp\/v2\/media\/9515"}],"wp:attachment":[{"href":"https:\/\/shrimataji.org\/test\/wp-json\/wp\/v2\/media?parent=12641"}],"curies":[{"name":"wp","href":"https:\/\/api.w.org\/{rel}","templated":true}]}}