{"id":12642,"date":"2018-07-10T06:54:54","date_gmt":"2018-07-10T06:54:54","guid":{"rendered":"http:\/\/testwordpress.nirmalnagari.org\/smnd\/index.php\/thoughtless-awareness\/"},"modified":"2025-04-23T21:30:45","modified_gmt":"2025-04-23T21:30:45","slug":"ajatukseton-tietoisuus","status":"publish","type":"page","link":"https:\/\/shrimataji.org\/test\/fi\/ajatukseton-tietoisuus\/","title":{"rendered":"Ajatukseton tietoisuus"},"content":{"rendered":"\n\n\t<h1>Ajatukseton tietoisuus<\/h1>\n<h2>Otteita neuvoista, jotka annettiin 27. maaliskuuta 1994, 5. hein\u00e4kuuta 1998 ja kansainv\u00e4lisess\u00e4 seminaarissa vuonna 1994.<\/h2>\n\t<p>Olette tietoisia, mutta ilman ajatuksia. Se on paikka, jossa olette nykyhetkess\u00e4 ja olette rauhallisia. Se on tila, jossa kasvatte henkisesti.<\/p>\n\t<p>Ajatukseton tietoisuus on ensimm\u00e4inen kaunis tila, joka teid\u00e4n pit\u00e4\u00e4 saavuttaa. Se antaa teille rauhan ja todistajan tilan, jossa voitte nauttia el\u00e4m\u00e4n draamasta, nauttia erilaisista ihmisist\u00e4 samalla kun kasvatte itsess\u00e4nne.<\/p>\n<p>Nautitte kaikesta mik\u00e4 on luotu kauniisti. Ette ajattele sit\u00e4. Ette reagoi. Reaktio on se, ett\u00e4 on iloa. Miten kaunista se onkaan. Ette ajattele, kuka sen on tehnyt, kuinka paljon se maksaa &#8211; ette mit\u00e4\u00e4n sellaista. Teist\u00e4 tulee ajatuksettomia. Ja ajatukseton tietoisuus ei ole mit\u00e4\u00e4n muuta kuin t\u00e4llaista ylitsevuotavaa ilon tunnetta &#8211; iloa, joka ei ole onnea eik\u00e4 onnettomuutta, vaan ainutkertaista.<\/p>\n<p>Sit\u00e4 ei voi sanoin kuvailla, mutta sen voi todella tuntea sisimm\u00e4ss\u00e4\u00e4n, tuon ilon siit\u00e4, ett\u00e4 on oma itsens\u00e4. Kun teist\u00e4 tulee ajatukseton, voitte n\u00e4hd\u00e4 ja tuntea todellisuuden.<\/p>\n\t<p><img loading=\"lazy\" decoding=\"async\" src=\"https:\/\/shrimataji.org\/test\/wp-content\/uploads\/2018\/07\/media_originals\/images\/flowers\/rose-flower-yellow-by-vera-subkus-201x300.jpg\" alt=\"\" width=\"201\" height=\"300\" \/><\/p>\n\n","protected":false},"excerpt":{"rendered":"<p>Ajatukseton tietoisuus Otteita neuvoista, jotka annettiin 27. maaliskuuta 1994, 5. hein\u00e4kuuta 1998 ja kansainv\u00e4lisess\u00e4 seminaarissa vuonna 1994. Olette tietoisia, mutta ilman ajatuksia. Se on paikka, jossa olette nykyhetkess\u00e4 ja olette rauhallisia. Se on tila, jossa kasvatte henkisesti. Ajatukseton tietoisuus on ensimm\u00e4inen kaunis tila, joka teid\u00e4n pit\u00e4\u00e4 saavuttaa. Se antaa teille rauhan ja todistajan tilan, jossa&hellip; <br \/> <a class=\"read-more\" href=\"https:\/\/shrimataji.org\/test\/fi\/ajatukseton-tietoisuus\/\">Read more<\/a><\/p>\n","protected":false},"author":29,"featured_media":102,"parent":0,"menu_order":0,"comment_status":"closed","ping_status":"closed","template":"","meta":{"inline_featured_image":false,"footnotes":""},"class_list":["post-12642","page","type-page","status-publish","has-post-thumbnail","hentry"],"yoast_head":"<!-- This site is optimized with the Yoast SEO plugin v27.4 - https:\/\/yoast.com\/product\/yoast-seo-wordpress\/ -->\n<title>Ajatukseton tietoisuus - TEST - SMND<\/title>\n<meta name=\"robots\" content=\"noindex, follow, max-snippet:-1, max-image-preview:large, max-video-preview:-1\" \/>\n<meta property=\"og:locale\" content=\"en_US\" \/>\n<meta property=\"og:type\" content=\"article\" \/>\n<meta property=\"og:title\" content=\"Ajatukseton tietoisuus - TEST - SMND\" \/>\n<meta property=\"og:description\" content=\"Ajatukseton tietoisuus Otteita neuvoista, jotka annettiin 27. maaliskuuta 1994, 5. hein\u00e4kuuta 1998 ja kansainv\u00e4lisess\u00e4 seminaarissa vuonna 1994. Olette tietoisia, mutta ilman ajatuksia. Se on paikka, jossa olette nykyhetkess\u00e4 ja olette rauhallisia. Se on tila, jossa kasvatte henkisesti. Ajatukseton tietoisuus on ensimm\u00e4inen kaunis tila, joka teid\u00e4n pit\u00e4\u00e4 saavuttaa. Se antaa teille rauhan ja todistajan tilan, jossa&hellip; Read more\" \/>\n<meta property=\"og:url\" content=\"https:\/\/shrimataji.org\/test\/fi\/ajatukseton-tietoisuus\/\" \/>\n<meta property=\"og:site_name\" content=\"TEST - SMND\" \/>\n<meta property=\"article:publisher\" content=\"https:\/\/www.facebook.com\/shrimataji\" \/>\n<meta property=\"article:modified_time\" content=\"2025-04-23T21:30:45+00:00\" \/>\n<meta property=\"og:image\" content=\"https:\/\/shrimataji.org\/test\/wp-content\/uploads\/2018\/07\/media_originals\/images\/headers-general\/thoughtless-awareness-is-peace-and-joy.jpg\" \/>\n\t<meta property=\"og:image:width\" content=\"990\" \/>\n\t<meta property=\"og:image:height\" content=\"350\" \/>\n\t<meta property=\"og:image:type\" content=\"image\/jpeg\" \/>\n<meta name=\"twitter:card\" content=\"summary_large_image\" \/>\n<meta name=\"twitter:site\" content=\"@shrimataji\" \/>\n<script type=\"application\/ld+json\" class=\"yoast-schema-graph\">{\"@context\":\"https:\\\/\\\/schema.org\",\"@graph\":[{\"@type\":\"WebPage\",\"@id\":\"https:\\\/\\\/shrimataji.org\\\/test\\\/fi\\\/ajatukseton-tietoisuus\\\/\",\"url\":\"https:\\\/\\\/shrimataji.org\\\/test\\\/fi\\\/ajatukseton-tietoisuus\\\/\",\"name\":\"Ajatukseton tietoisuus - TEST - SMND\",\"isPartOf\":{\"@id\":\"https:\\\/\\\/shrimataji.org\\\/test\\\/#website\"},\"primaryImageOfPage\":{\"@id\":\"https:\\\/\\\/shrimataji.org\\\/test\\\/fi\\\/ajatukseton-tietoisuus\\\/#primaryimage\"},\"image\":{\"@id\":\"https:\\\/\\\/shrimataji.org\\\/test\\\/fi\\\/ajatukseton-tietoisuus\\\/#primaryimage\"},\"thumbnailUrl\":\"https:\\\/\\\/shrimataji.org\\\/test\\\/wp-content\\\/uploads\\\/2018\\\/07\\\/media_originals\\\/images\\\/headers-general\\\/thoughtless-awareness-is-peace-and-joy.jpg\",\"datePublished\":\"2018-07-10T06:54:54+00:00\",\"dateModified\":\"2025-04-23T21:30:45+00:00\",\"breadcrumb\":{\"@id\":\"https:\\\/\\\/shrimataji.org\\\/test\\\/fi\\\/ajatukseton-tietoisuus\\\/#breadcrumb\"},\"inLanguage\":\"en-US\",\"potentialAction\":[{\"@type\":\"ReadAction\",\"target\":[\"https:\\\/\\\/shrimataji.org\\\/test\\\/fi\\\/ajatukseton-tietoisuus\\\/\"]}]},{\"@type\":\"ImageObject\",\"inLanguage\":\"en-US\",\"@id\":\"https:\\\/\\\/shrimataji.org\\\/test\\\/fi\\\/ajatukseton-tietoisuus\\\/#primaryimage\",\"url\":\"https:\\\/\\\/shrimataji.org\\\/test\\\/wp-content\\\/uploads\\\/2018\\\/07\\\/media_originals\\\/images\\\/headers-general\\\/thoughtless-awareness-is-peace-and-joy.jpg\",\"contentUrl\":\"https:\\\/\\\/shrimataji.org\\\/test\\\/wp-content\\\/uploads\\\/2018\\\/07\\\/media_originals\\\/images\\\/headers-general\\\/thoughtless-awareness-is-peace-and-joy.jpg\",\"width\":990,\"height\":350},{\"@type\":\"BreadcrumbList\",\"@id\":\"https:\\\/\\\/shrimataji.org\\\/test\\\/fi\\\/ajatukseton-tietoisuus\\\/#breadcrumb\",\"itemListElement\":[{\"@type\":\"ListItem\",\"position\":1,\"name\":\"Home\",\"item\":\"https:\\\/\\\/shrimataji.org\\\/test\\\/uk\\\/home-en\\\/\"},{\"@type\":\"ListItem\",\"position\":2,\"name\":\"Ajatukseton tietoisuus\"}]},{\"@type\":\"WebSite\",\"@id\":\"https:\\\/\\\/shrimataji.org\\\/test\\\/#website\",\"url\":\"https:\\\/\\\/shrimataji.org\\\/test\\\/\",\"name\":\"Shri Mataji Nirmala Devi\",\"description\":\"A Life Dedicated to Humanity\",\"publisher\":{\"@id\":\"https:\\\/\\\/shrimataji.org\\\/test\\\/#\\\/schema\\\/person\\\/a1b3419c6585f164aa96da1ff85715d1\"},\"potentialAction\":[{\"@type\":\"SearchAction\",\"target\":{\"@type\":\"EntryPoint\",\"urlTemplate\":\"https:\\\/\\\/shrimataji.org\\\/test\\\/?s={search_term_string}\"},\"query-input\":{\"@type\":\"PropertyValueSpecification\",\"valueRequired\":true,\"valueName\":\"search_term_string\"}}],\"inLanguage\":\"en-US\"},{\"@type\":[\"Person\",\"Organization\"],\"@id\":\"https:\\\/\\\/shrimataji.org\\\/test\\\/#\\\/schema\\\/person\\\/a1b3419c6585f164aa96da1ff85715d1\",\"name\":\"Nirmala Shrivastava\",\"image\":{\"@type\":\"ImageObject\",\"inLanguage\":\"en-US\",\"@id\":\"https:\\\/\\\/shrimataji.org\\\/test\\\/wp-content\\\/uploads\\\/2023\\\/02\\\/SMO_LOGO-03.svg\",\"url\":\"https:\\\/\\\/shrimataji.org\\\/test\\\/wp-content\\\/uploads\\\/2023\\\/02\\\/SMO_LOGO-03.svg\",\"contentUrl\":\"https:\\\/\\\/shrimataji.org\\\/test\\\/wp-content\\\/uploads\\\/2023\\\/02\\\/SMO_LOGO-03.svg\",\"width\":\"1024\",\"height\":\"1024\",\"caption\":\"Nirmala Shrivastava\"},\"logo\":{\"@id\":\"https:\\\/\\\/shrimataji.org\\\/test\\\/wp-content\\\/uploads\\\/2023\\\/02\\\/SMO_LOGO-03.svg\"},\"sameAs\":[\"https:\\\/\\\/shrimataji.org\\\/test\",\"https:\\\/\\\/www.facebook.com\\\/shrimataji\",\"https:\\\/\\\/x.com\\\/shrimataji\",\"https:\\\/\\\/www.youtube.com\\\/@Shri_Mataji_Nirmala_Devi\\\/featured\"]}]}<\/script>\n<!-- \/ Yoast SEO plugin. -->","yoast_head_json":{"title":"Ajatukseton tietoisuus - TEST - SMND","robots":{"index":"noindex","follow":"follow","max-snippet":"max-snippet:-1","max-image-preview":"max-image-preview:large","max-video-preview":"max-video-preview:-1"},"og_locale":"en_US","og_type":"article","og_title":"Ajatukseton tietoisuus - TEST - SMND","og_description":"Ajatukseton tietoisuus Otteita neuvoista, jotka annettiin 27. maaliskuuta 1994, 5. hein\u00e4kuuta 1998 ja kansainv\u00e4lisess\u00e4 seminaarissa vuonna 1994. Olette tietoisia, mutta ilman ajatuksia. Se on paikka, jossa olette nykyhetkess\u00e4 ja olette rauhallisia. Se on tila, jossa kasvatte henkisesti. Ajatukseton tietoisuus on ensimm\u00e4inen kaunis tila, joka teid\u00e4n pit\u00e4\u00e4 saavuttaa. Se antaa teille rauhan ja todistajan tilan, jossa&hellip; Read more","og_url":"https:\/\/shrimataji.org\/test\/fi\/ajatukseton-tietoisuus\/","og_site_name":"TEST - SMND","article_publisher":"https:\/\/www.facebook.com\/shrimataji","article_modified_time":"2025-04-23T21:30:45+00:00","og_image":[{"width":990,"height":350,"url":"https:\/\/shrimataji.org\/test\/wp-content\/uploads\/2018\/07\/media_originals\/images\/headers-general\/thoughtless-awareness-is-peace-and-joy.jpg","type":"image\/jpeg"}],"twitter_card":"summary_large_image","twitter_site":"@shrimataji","schema":{"@context":"https:\/\/schema.org","@graph":[{"@type":"WebPage","@id":"https:\/\/shrimataji.org\/test\/fi\/ajatukseton-tietoisuus\/","url":"https:\/\/shrimataji.org\/test\/fi\/ajatukseton-tietoisuus\/","name":"Ajatukseton tietoisuus - TEST - SMND","isPartOf":{"@id":"https:\/\/shrimataji.org\/test\/#website"},"primaryImageOfPage":{"@id":"https:\/\/shrimataji.org\/test\/fi\/ajatukseton-tietoisuus\/#primaryimage"},"image":{"@id":"https:\/\/shrimataji.org\/test\/fi\/ajatukseton-tietoisuus\/#primaryimage"},"thumbnailUrl":"https:\/\/shrimataji.org\/test\/wp-content\/uploads\/2018\/07\/media_originals\/images\/headers-general\/thoughtless-awareness-is-peace-and-joy.jpg","datePublished":"2018-07-10T06:54:54+00:00","dateModified":"2025-04-23T21:30:45+00:00","breadcrumb":{"@id":"https:\/\/shrimataji.org\/test\/fi\/ajatukseton-tietoisuus\/#breadcrumb"},"inLanguage":"en-US","potentialAction":[{"@type":"ReadAction","target":["https:\/\/shrimataji.org\/test\/fi\/ajatukseton-tietoisuus\/"]}]},{"@type":"ImageObject","inLanguage":"en-US","@id":"https:\/\/shrimataji.org\/test\/fi\/ajatukseton-tietoisuus\/#primaryimage","url":"https:\/\/shrimataji.org\/test\/wp-content\/uploads\/2018\/07\/media_originals\/images\/headers-general\/thoughtless-awareness-is-peace-and-joy.jpg","contentUrl":"https:\/\/shrimataji.org\/test\/wp-content\/uploads\/2018\/07\/media_originals\/images\/headers-general\/thoughtless-awareness-is-peace-and-joy.jpg","width":990,"height":350},{"@type":"BreadcrumbList","@id":"https:\/\/shrimataji.org\/test\/fi\/ajatukseton-tietoisuus\/#breadcrumb","itemListElement":[{"@type":"ListItem","position":1,"name":"Home","item":"https:\/\/shrimataji.org\/test\/uk\/home-en\/"},{"@type":"ListItem","position":2,"name":"Ajatukseton tietoisuus"}]},{"@type":"WebSite","@id":"https:\/\/shrimataji.org\/test\/#website","url":"https:\/\/shrimataji.org\/test\/","name":"Shri Mataji Nirmala Devi","description":"A Life Dedicated to Humanity","publisher":{"@id":"https:\/\/shrimataji.org\/test\/#\/schema\/person\/a1b3419c6585f164aa96da1ff85715d1"},"potentialAction":[{"@type":"SearchAction","target":{"@type":"EntryPoint","urlTemplate":"https:\/\/shrimataji.org\/test\/?s={search_term_string}"},"query-input":{"@type":"PropertyValueSpecification","valueRequired":true,"valueName":"search_term_string"}}],"inLanguage":"en-US"},{"@type":["Person","Organization"],"@id":"https:\/\/shrimataji.org\/test\/#\/schema\/person\/a1b3419c6585f164aa96da1ff85715d1","name":"Nirmala Shrivastava","image":{"@type":"ImageObject","inLanguage":"en-US","@id":"https:\/\/shrimataji.org\/test\/wp-content\/uploads\/2023\/02\/SMO_LOGO-03.svg","url":"https:\/\/shrimataji.org\/test\/wp-content\/uploads\/2023\/02\/SMO_LOGO-03.svg","contentUrl":"https:\/\/shrimataji.org\/test\/wp-content\/uploads\/2023\/02\/SMO_LOGO-03.svg","width":"1024","height":"1024","caption":"Nirmala Shrivastava"},"logo":{"@id":"https:\/\/shrimataji.org\/test\/wp-content\/uploads\/2023\/02\/SMO_LOGO-03.svg"},"sameAs":["https:\/\/shrimataji.org\/test","https:\/\/www.facebook.com\/shrimataji","https:\/\/x.com\/shrimataji","https:\/\/www.youtube.com\/@Shri_Mataji_Nirmala_Devi\/featured"]}]}},"lang":"fi","translations":{"fi":12642,"ur":37526,"en":452,"am":18101,"th":20098,"hu":19596,"ar":16997,"sq":18502,"zh":17399,"tr":10225,"pt":10433,"de":10707,"fr":10805,"it":10903,"es":11000,"ja":11298,"ru":11486,"bn":11677,"te":11785,"sw":11908,"he":12056,"el":12348,"sk":12446,"fa":12544,"bg":13435,"ro":14509,"cs":14702,"nl":16661,"ku":16821,"be":18709,"kn":18983,"mr":20462,"uk":20755,"ml":21050,"ta":22820,"sv":23089,"gu":28924,"pa":29084,"fil":29538,"da":37833,"pl":38043,"nn":38385},"pll_sync_post":[],"_links":{"self":[{"href":"https:\/\/shrimataji.org\/test\/wp-json\/wp\/v2\/pages\/12642","targetHints":{"allow":["GET"]}}],"collection":[{"href":"https:\/\/shrimataji.org\/test\/wp-json\/wp\/v2\/pages"}],"about":[{"href":"https:\/\/shrimataji.org\/test\/wp-json\/wp\/v2\/types\/page"}],"author":[{"embeddable":true,"href":"https:\/\/shrimataji.org\/test\/wp-json\/wp\/v2\/users\/29"}],"replies":[{"embeddable":true,"href":"https:\/\/shrimataji.org\/test\/wp-json\/wp\/v2\/comments?post=12642"}],"version-history":[{"count":0,"href":"https:\/\/shrimataji.org\/test\/wp-json\/wp\/v2\/pages\/12642\/revisions"}],"wp:featuredmedia":[{"embeddable":true,"href":"https:\/\/shrimataji.org\/test\/wp-json\/wp\/v2\/media\/102"}],"wp:attachment":[{"href":"https:\/\/shrimataji.org\/test\/wp-json\/wp\/v2\/media?parent=12642"}],"curies":[{"name":"wp","href":"https:\/\/api.w.org\/{rel}","templated":true}]}}