{"id":12644,"date":"2012-10-02T02:00:00","date_gmt":"2012-10-02T02:00:00","guid":{"rendered":"http:\/\/testwordpress.nirmalnagari.org\/smnd\/index.php\/un-womens-conference\/"},"modified":"2025-04-23T21:40:26","modified_gmt":"2025-04-23T21:40:26","slug":"yk-neljas-naisten-maailmankonferenssi","status":"publish","type":"page","link":"https:\/\/shrimataji.org\/test\/fi\/yk-neljas-naisten-maailmankonferenssi\/","title":{"rendered":"YK:n nelj\u00e4s Naisten maailmankonferenssi"},"content":{"rendered":"\n\n\t<h1>YK:n nelj\u00e4s Naisten maailmankonferenssi<\/h1>\n<h2>Ote Pekingiss\u00e4 syyskuussa 1995 pidetyst\u00e4 alueidenv\u00e4lisest\u00e4 py\u00f6re\u00e4n p\u00f6yd\u00e4n keskustelusta<\/h2>\n\t<h4>Syyskuussa 1995 Pekingiss\u00e4 Kiinassa pidetty nelj\u00e4s maailmankonferenssi oli huipentuma kolmessa edellisess\u00e4 naisia ja sukupuolten tasa-arvoa k\u00e4sitelleess\u00e4 maailmanlaajuisessa konferenssissa tehdyille poliittisille sopimuksille. Pekingiss\u00e4 189 maata hyv\u00e4ksyi yksimielisesti naisten vaikutusvallan lis\u00e4\u00e4mist\u00e4 koskevan toimintaohjelman, jota pidet\u00e4\u00e4n sukupuolten tasa-arvoa koskevana keskeisen\u00e4 maailmanlaajuisena poliittisena asiakirjana.<\/h4>\n<p>Shri Mataji kutsuttiin vierailevaksi puhujaksi t\u00e4h\u00e4n maailmanlaajuiseen foorumiin. H\u00e4n oli aina ilmaissut n\u00e4kemyksens\u00e4 naisten roolista hyvin selv\u00e4sti. Heill\u00e4 on yht\u00e4 t\u00e4rke\u00e4 rooli t\u00e4ss\u00e4 maailmassa kuin miehill\u00e4kin, mutta heid\u00e4n pit\u00e4isi hy\u00f6dynt\u00e4\u00e4 sukupuolten v\u00e4lisi\u00e4 eroja sen sijaan, ett\u00e4 yritt\u00e4isiv\u00e4t saada ne vastaamaan toisiaan. Oikea tasapaino miesten ja naisten v\u00e4lill\u00e4 on elint\u00e4rke\u00e4\u00e4 vakaan ja rauhanomaisen yhteiskunnan rakentamisessa. Tarvitaan erojen tunnustamista ja toistensa vahvuuksien kunnioittamista. H\u00e4n muistutti kerta toisensa j\u00e4lkeen, ett\u00e4 kaikkien, niin miesten kuin naistenkin, oli l\u00f6ydett\u00e4v\u00e4 sis\u00e4inen tasapaino luontaisten &#8220;maskuliinisten&#8221; ja &#8220;feminiinisten&#8221; puoliensa v\u00e4lill\u00e4. Se, miss\u00e4 naiset voisivat todella vaikuttaa, oli kuitenkin sosiaalisella tasolla.<\/p>\n\t<div class=\"su-quote su-quote-style-default\"><div class=\"su-quote-inner su-u-clearfix su-u-trim\"> Totuus on, ett\u00e4 naiset ovat jokaisen sivilisaation ja jokaisen maan potentiaalinen voima. On selv\u00e4\u00e4, ett\u00e4 naiset ovat koko ihmiskunnan luojia ja yll\u00e4pit\u00e4ji\u00e4. T\u00e4m\u00e4 on rooli, jonka kaikkivaltias Jumala on antanut ja heille sen osoittanut. <\/div><\/div>\n\t<p>Shri Mataji ei koskaan pit\u00e4nyt itse\u00e4\u00e4n poliittisena aktivistina. H\u00e4nen visionsa oli sek\u00e4 miesten ett\u00e4 naisten sis\u00e4inen muutos itseoivalluksen kautta, jolloin he saavuttavat luonnollisen tasapainon. T\u00e4m\u00e4 itsemuutos oli avain monien niiden ongelmien ratkaisemiseksi, joita naiset kohtaavat miesten hallitsemassa maailmassa.<\/p>\n<p>&#8220;Siemenet eiv\u00e4t voi luoda mit\u00e4\u00e4n itsest\u00e4\u00e4n. \u00c4iti Maa on se, joka antaa kukat, hedelm\u00e4t ja muut antimet. Samoin nainen on se, joka luo lapsen, joka hoitaa vauvaa ja lopulta kasvattaa huomisp\u00e4iv\u00e4n kansalaisia. Naisten on siksi asetuttava \u00c4iti Maan rinnalle koko ihmiskunnan rakentajiksi&#8221;.<\/p>\n\t<p>Koska Shri Mataji oli asunut sek\u00e4 id\u00e4ss\u00e4 ett\u00e4 l\u00e4nness\u00e4 ja matkustellut paljon, H\u00e4n n\u00e4ki eroja siin\u00e4, miten naisia kohdellaan, ja vaikka H\u00e4n my\u00f6nsi, ett\u00e4 monilla oli j\u00e4rkytt\u00e4v\u00e4n v\u00e4h\u00e4n oikeuksia, H\u00e4nt\u00e4 huolestutti erityisesti naisia kohtaan osoitetun kunnioituksen puute.<\/p>\n\t<div class=\"su-quote su-quote-style-default\"><div class=\"su-quote-inner su-u-clearfix su-u-trim\">Kotimaassani on sanonta &#8216;Yatra narya pujyante tatra ramante devata&#8217;, joka tarkoittaa, ett\u00e4 &#8216;siell\u00e4 miss\u00e4 naisia kunnioitetaan ja he ovat kunniallisia, siell\u00e4 asuvat hyvinvointimme jumalat&#8217;.<\/div><\/div>\n\t<p>Kun sek\u00e4 miehet ett\u00e4 naiset ymm\u00e4rt\u00e4isiv\u00e4t oman arvonsa ja toistensa arvot, mik\u00e4 H\u00e4nen mielest\u00e4\u00e4n voitaisiin saavuttaa itseoivalluksen avulla, ihmiskunnan v\u00e4lille syntyisi harmonia.<\/p>\n<p>&#8220;Niinp\u00e4 meid\u00e4n on t\u00e4ll\u00e4 hetkell\u00e4 ymm\u00e4rrett\u00e4v\u00e4 t\u00e4m\u00e4n suuren voiman arvo, jonka Luojamme on meille antanut. Mutta mit\u00e4 havaitsemme? Olipa kyse id\u00e4st\u00e4 tai l\u00e4nnest\u00e4, naiset eiv\u00e4t ole kyenneet t\u00e4ysin osoittamaan suuruuttaan.&#8221;<\/p>\n<p>Shri Mataji kannatti naisten yht\u00e4l\u00e4isi\u00e4 oikeuksia koulutukseen, uraan, turvalliseen elinymp\u00e4rist\u00f6\u00f6n ja oikeudelliseen suojaan.<\/p>\n<p>&#8220;En suinkaan v\u00e4it\u00e4, ett\u00e4 naisen ainoa rooli ihmisyhteiskunnassa olisi \u00e4idin rooli, lasten synnytt\u00e4j\u00e4n ja huoltajan rooli tai vaimon tai sisaren rooli. Naisilla on t\u00e4ysi oikeus osallistua tasavertaisina kumppaneina kaikkiin el\u00e4m\u00e4n osa-alueisiin: sosiaaliseen, kulttuuriseen, poliittiseen, taloudelliseen, hallinnolliseen ja muuhun &#8230; Mutta jos he ovat \u00e4itej\u00e4, heill\u00e4 on suuri vastuu lapsistaan ja yhteiskunnasta.&#8221;<\/p>\n<p>Shri Mataji kuitenkin koki, ett\u00e4 sukupuolten v\u00e4linen ep\u00e4tasapaino voidaan todella korjata vasta, kun k\u00e4\u00e4nnymme sisimp\u00e4\u00e4mme ja annamme itseoivalluksen voiman ohjata meit\u00e4.<\/p>\n<p>&#8220;Tarvitsemme tasapainoa n\u00e4iden kahden \u00e4\u00e4rip\u00e4\u00e4n v\u00e4lill\u00e4. Tarvitsemme naisen tasavertaisena mutta ei samanlaisena kumppanina miesten rinnalle&#8230;&#8221;<\/p>\n\t<div class=\"su-quote su-quote-style-default\"><div class=\"su-quote-inner su-u-clearfix su-u-trim\">Tarvitsemme tasapainoisia naisia, jotta ihmiskunta olisi tasapainoinen ja sis\u00e4isesti rauhallinen.<\/div><\/div>\n\t<iframe loading=\"lazy\" title=\"UN Women\u00b4s Conference\" width=\"1920\" height=\"1080\" src=\"https:\/\/www.youtube.com\/embed\/_v6jiBJ-jdg?feature=oembed\" frameborder=\"0\" allow=\"accelerometer; autoplay; clipboard-write; encrypted-media; gyroscope; picture-in-picture; web-share\" allowfullscreen><\/iframe>\n\n","protected":false},"excerpt":{"rendered":"<p>YK:n nelj\u00e4s Naisten maailmankonferenssi Ote Pekingiss\u00e4 syyskuussa 1995 pidetyst\u00e4 alueidenv\u00e4lisest\u00e4 py\u00f6re\u00e4n p\u00f6yd\u00e4n keskustelusta Syyskuussa 1995 Pekingiss\u00e4 Kiinassa pidetty nelj\u00e4s maailmankonferenssi oli huipentuma kolmessa edellisess\u00e4 naisia ja sukupuolten tasa-arvoa k\u00e4sitelleess\u00e4 maailmanlaajuisessa konferenssissa tehdyille poliittisille sopimuksille. Pekingiss\u00e4 189 maata hyv\u00e4ksyi yksimielisesti naisten vaikutusvallan lis\u00e4\u00e4mist\u00e4 koskevan toimintaohjelman, jota pidet\u00e4\u00e4n sukupuolten tasa-arvoa koskevana keskeisen\u00e4 maailmanlaajuisena poliittisena asiakirjana. Shri Mataji&hellip; <br \/> <a class=\"read-more\" href=\"https:\/\/shrimataji.org\/test\/fi\/yk-neljas-naisten-maailmankonferenssi\/\">Read more<\/a><\/p>\n","protected":false},"author":29,"featured_media":109,"parent":0,"menu_order":0,"comment_status":"closed","ping_status":"closed","template":"","meta":{"inline_featured_image":false,"footnotes":""},"class_list":["post-12644","page","type-page","status-publish","has-post-thumbnail","hentry"],"yoast_head":"<!-- This site is optimized with the Yoast SEO plugin v27.4 - https:\/\/yoast.com\/product\/yoast-seo-wordpress\/ -->\n<title>YK:n nelj\u00e4s Naisten maailmankonferenssi - TEST - SMND<\/title>\n<meta name=\"robots\" content=\"noindex, follow, max-snippet:-1, max-image-preview:large, max-video-preview:-1\" \/>\n<meta property=\"og:locale\" content=\"en_US\" \/>\n<meta property=\"og:type\" content=\"article\" \/>\n<meta property=\"og:title\" content=\"YK:n nelj\u00e4s Naisten maailmankonferenssi - TEST - SMND\" \/>\n<meta property=\"og:description\" content=\"YK:n nelj\u00e4s Naisten maailmankonferenssi Ote Pekingiss\u00e4 syyskuussa 1995 pidetyst\u00e4 alueidenv\u00e4lisest\u00e4 py\u00f6re\u00e4n p\u00f6yd\u00e4n keskustelusta Syyskuussa 1995 Pekingiss\u00e4 Kiinassa pidetty nelj\u00e4s maailmankonferenssi oli huipentuma kolmessa edellisess\u00e4 naisia ja sukupuolten tasa-arvoa k\u00e4sitelleess\u00e4 maailmanlaajuisessa konferenssissa tehdyille poliittisille sopimuksille. Pekingiss\u00e4 189 maata hyv\u00e4ksyi yksimielisesti naisten vaikutusvallan lis\u00e4\u00e4mist\u00e4 koskevan toimintaohjelman, jota pidet\u00e4\u00e4n sukupuolten tasa-arvoa koskevana keskeisen\u00e4 maailmanlaajuisena poliittisena asiakirjana. Shri Mataji&hellip; Read more\" \/>\n<meta property=\"og:url\" content=\"https:\/\/shrimataji.org\/test\/fi\/yk-neljas-naisten-maailmankonferenssi\/\" \/>\n<meta property=\"og:site_name\" content=\"TEST - SMND\" \/>\n<meta property=\"article:publisher\" content=\"https:\/\/www.facebook.com\/shrimataji\" \/>\n<meta property=\"article:modified_time\" content=\"2025-04-23T21:40:26+00:00\" \/>\n<meta property=\"og:image\" content=\"https:\/\/shrimataji.org\/test\/wp-content\/uploads\/2018\/07\/media_originals\/images\/headers-general\/shri-mataji-speaking-at-the-un-womens-conference-in-beijing-1995.jpg\" \/>\n\t<meta property=\"og:image:width\" content=\"990\" \/>\n\t<meta property=\"og:image:height\" content=\"350\" \/>\n\t<meta property=\"og:image:type\" content=\"image\/jpeg\" \/>\n<meta name=\"twitter:card\" content=\"summary_large_image\" \/>\n<meta name=\"twitter:site\" content=\"@shrimataji\" \/>\n<script type=\"application\/ld+json\" class=\"yoast-schema-graph\">{\"@context\":\"https:\\\/\\\/schema.org\",\"@graph\":[{\"@type\":\"WebPage\",\"@id\":\"https:\\\/\\\/shrimataji.org\\\/test\\\/fi\\\/yk-neljas-naisten-maailmankonferenssi\\\/\",\"url\":\"https:\\\/\\\/shrimataji.org\\\/test\\\/fi\\\/yk-neljas-naisten-maailmankonferenssi\\\/\",\"name\":\"YK:n nelj\u00e4s Naisten maailmankonferenssi - TEST - SMND\",\"isPartOf\":{\"@id\":\"https:\\\/\\\/shrimataji.org\\\/test\\\/#website\"},\"primaryImageOfPage\":{\"@id\":\"https:\\\/\\\/shrimataji.org\\\/test\\\/fi\\\/yk-neljas-naisten-maailmankonferenssi\\\/#primaryimage\"},\"image\":{\"@id\":\"https:\\\/\\\/shrimataji.org\\\/test\\\/fi\\\/yk-neljas-naisten-maailmankonferenssi\\\/#primaryimage\"},\"thumbnailUrl\":\"https:\\\/\\\/shrimataji.org\\\/test\\\/wp-content\\\/uploads\\\/2018\\\/07\\\/media_originals\\\/images\\\/headers-general\\\/shri-mataji-speaking-at-the-un-womens-conference-in-beijing-1995.jpg\",\"datePublished\":\"2012-10-02T02:00:00+00:00\",\"dateModified\":\"2025-04-23T21:40:26+00:00\",\"breadcrumb\":{\"@id\":\"https:\\\/\\\/shrimataji.org\\\/test\\\/fi\\\/yk-neljas-naisten-maailmankonferenssi\\\/#breadcrumb\"},\"inLanguage\":\"en-US\",\"potentialAction\":[{\"@type\":\"ReadAction\",\"target\":[\"https:\\\/\\\/shrimataji.org\\\/test\\\/fi\\\/yk-neljas-naisten-maailmankonferenssi\\\/\"]}]},{\"@type\":\"ImageObject\",\"inLanguage\":\"en-US\",\"@id\":\"https:\\\/\\\/shrimataji.org\\\/test\\\/fi\\\/yk-neljas-naisten-maailmankonferenssi\\\/#primaryimage\",\"url\":\"https:\\\/\\\/shrimataji.org\\\/test\\\/wp-content\\\/uploads\\\/2018\\\/07\\\/media_originals\\\/images\\\/headers-general\\\/shri-mataji-speaking-at-the-un-womens-conference-in-beijing-1995.jpg\",\"contentUrl\":\"https:\\\/\\\/shrimataji.org\\\/test\\\/wp-content\\\/uploads\\\/2018\\\/07\\\/media_originals\\\/images\\\/headers-general\\\/shri-mataji-speaking-at-the-un-womens-conference-in-beijing-1995.jpg\",\"width\":990,\"height\":350},{\"@type\":\"BreadcrumbList\",\"@id\":\"https:\\\/\\\/shrimataji.org\\\/test\\\/fi\\\/yk-neljas-naisten-maailmankonferenssi\\\/#breadcrumb\",\"itemListElement\":[{\"@type\":\"ListItem\",\"position\":1,\"name\":\"Home\",\"item\":\"https:\\\/\\\/shrimataji.org\\\/test\\\/uk\\\/home-en\\\/\"},{\"@type\":\"ListItem\",\"position\":2,\"name\":\"YK:n nelj\u00e4s Naisten maailmankonferenssi\"}]},{\"@type\":\"WebSite\",\"@id\":\"https:\\\/\\\/shrimataji.org\\\/test\\\/#website\",\"url\":\"https:\\\/\\\/shrimataji.org\\\/test\\\/\",\"name\":\"Shri Mataji Nirmala Devi\",\"description\":\"A Life Dedicated to Humanity\",\"publisher\":{\"@id\":\"https:\\\/\\\/shrimataji.org\\\/test\\\/#\\\/schema\\\/person\\\/a1b3419c6585f164aa96da1ff85715d1\"},\"potentialAction\":[{\"@type\":\"SearchAction\",\"target\":{\"@type\":\"EntryPoint\",\"urlTemplate\":\"https:\\\/\\\/shrimataji.org\\\/test\\\/?s={search_term_string}\"},\"query-input\":{\"@type\":\"PropertyValueSpecification\",\"valueRequired\":true,\"valueName\":\"search_term_string\"}}],\"inLanguage\":\"en-US\"},{\"@type\":[\"Person\",\"Organization\"],\"@id\":\"https:\\\/\\\/shrimataji.org\\\/test\\\/#\\\/schema\\\/person\\\/a1b3419c6585f164aa96da1ff85715d1\",\"name\":\"Nirmala Shrivastava\",\"image\":{\"@type\":\"ImageObject\",\"inLanguage\":\"en-US\",\"@id\":\"https:\\\/\\\/shrimataji.org\\\/test\\\/wp-content\\\/uploads\\\/2023\\\/02\\\/SMO_LOGO-03.svg\",\"url\":\"https:\\\/\\\/shrimataji.org\\\/test\\\/wp-content\\\/uploads\\\/2023\\\/02\\\/SMO_LOGO-03.svg\",\"contentUrl\":\"https:\\\/\\\/shrimataji.org\\\/test\\\/wp-content\\\/uploads\\\/2023\\\/02\\\/SMO_LOGO-03.svg\",\"width\":\"1024\",\"height\":\"1024\",\"caption\":\"Nirmala Shrivastava\"},\"logo\":{\"@id\":\"https:\\\/\\\/shrimataji.org\\\/test\\\/wp-content\\\/uploads\\\/2023\\\/02\\\/SMO_LOGO-03.svg\"},\"sameAs\":[\"https:\\\/\\\/shrimataji.org\\\/test\",\"https:\\\/\\\/www.facebook.com\\\/shrimataji\",\"https:\\\/\\\/x.com\\\/shrimataji\",\"https:\\\/\\\/www.youtube.com\\\/@Shri_Mataji_Nirmala_Devi\\\/featured\"]}]}<\/script>\n<!-- \/ Yoast SEO plugin. -->","yoast_head_json":{"title":"YK:n nelj\u00e4s Naisten maailmankonferenssi - TEST - SMND","robots":{"index":"noindex","follow":"follow","max-snippet":"max-snippet:-1","max-image-preview":"max-image-preview:large","max-video-preview":"max-video-preview:-1"},"og_locale":"en_US","og_type":"article","og_title":"YK:n nelj\u00e4s Naisten maailmankonferenssi - TEST - SMND","og_description":"YK:n nelj\u00e4s Naisten maailmankonferenssi Ote Pekingiss\u00e4 syyskuussa 1995 pidetyst\u00e4 alueidenv\u00e4lisest\u00e4 py\u00f6re\u00e4n p\u00f6yd\u00e4n keskustelusta Syyskuussa 1995 Pekingiss\u00e4 Kiinassa pidetty nelj\u00e4s maailmankonferenssi oli huipentuma kolmessa edellisess\u00e4 naisia ja sukupuolten tasa-arvoa k\u00e4sitelleess\u00e4 maailmanlaajuisessa konferenssissa tehdyille poliittisille sopimuksille. Pekingiss\u00e4 189 maata hyv\u00e4ksyi yksimielisesti naisten vaikutusvallan lis\u00e4\u00e4mist\u00e4 koskevan toimintaohjelman, jota pidet\u00e4\u00e4n sukupuolten tasa-arvoa koskevana keskeisen\u00e4 maailmanlaajuisena poliittisena asiakirjana. Shri Mataji&hellip; Read more","og_url":"https:\/\/shrimataji.org\/test\/fi\/yk-neljas-naisten-maailmankonferenssi\/","og_site_name":"TEST - SMND","article_publisher":"https:\/\/www.facebook.com\/shrimataji","article_modified_time":"2025-04-23T21:40:26+00:00","og_image":[{"width":990,"height":350,"url":"https:\/\/shrimataji.org\/test\/wp-content\/uploads\/2018\/07\/media_originals\/images\/headers-general\/shri-mataji-speaking-at-the-un-womens-conference-in-beijing-1995.jpg","type":"image\/jpeg"}],"twitter_card":"summary_large_image","twitter_site":"@shrimataji","schema":{"@context":"https:\/\/schema.org","@graph":[{"@type":"WebPage","@id":"https:\/\/shrimataji.org\/test\/fi\/yk-neljas-naisten-maailmankonferenssi\/","url":"https:\/\/shrimataji.org\/test\/fi\/yk-neljas-naisten-maailmankonferenssi\/","name":"YK:n nelj\u00e4s Naisten maailmankonferenssi - TEST - SMND","isPartOf":{"@id":"https:\/\/shrimataji.org\/test\/#website"},"primaryImageOfPage":{"@id":"https:\/\/shrimataji.org\/test\/fi\/yk-neljas-naisten-maailmankonferenssi\/#primaryimage"},"image":{"@id":"https:\/\/shrimataji.org\/test\/fi\/yk-neljas-naisten-maailmankonferenssi\/#primaryimage"},"thumbnailUrl":"https:\/\/shrimataji.org\/test\/wp-content\/uploads\/2018\/07\/media_originals\/images\/headers-general\/shri-mataji-speaking-at-the-un-womens-conference-in-beijing-1995.jpg","datePublished":"2012-10-02T02:00:00+00:00","dateModified":"2025-04-23T21:40:26+00:00","breadcrumb":{"@id":"https:\/\/shrimataji.org\/test\/fi\/yk-neljas-naisten-maailmankonferenssi\/#breadcrumb"},"inLanguage":"en-US","potentialAction":[{"@type":"ReadAction","target":["https:\/\/shrimataji.org\/test\/fi\/yk-neljas-naisten-maailmankonferenssi\/"]}]},{"@type":"ImageObject","inLanguage":"en-US","@id":"https:\/\/shrimataji.org\/test\/fi\/yk-neljas-naisten-maailmankonferenssi\/#primaryimage","url":"https:\/\/shrimataji.org\/test\/wp-content\/uploads\/2018\/07\/media_originals\/images\/headers-general\/shri-mataji-speaking-at-the-un-womens-conference-in-beijing-1995.jpg","contentUrl":"https:\/\/shrimataji.org\/test\/wp-content\/uploads\/2018\/07\/media_originals\/images\/headers-general\/shri-mataji-speaking-at-the-un-womens-conference-in-beijing-1995.jpg","width":990,"height":350},{"@type":"BreadcrumbList","@id":"https:\/\/shrimataji.org\/test\/fi\/yk-neljas-naisten-maailmankonferenssi\/#breadcrumb","itemListElement":[{"@type":"ListItem","position":1,"name":"Home","item":"https:\/\/shrimataji.org\/test\/uk\/home-en\/"},{"@type":"ListItem","position":2,"name":"YK:n nelj\u00e4s Naisten maailmankonferenssi"}]},{"@type":"WebSite","@id":"https:\/\/shrimataji.org\/test\/#website","url":"https:\/\/shrimataji.org\/test\/","name":"Shri Mataji Nirmala Devi","description":"A Life Dedicated to Humanity","publisher":{"@id":"https:\/\/shrimataji.org\/test\/#\/schema\/person\/a1b3419c6585f164aa96da1ff85715d1"},"potentialAction":[{"@type":"SearchAction","target":{"@type":"EntryPoint","urlTemplate":"https:\/\/shrimataji.org\/test\/?s={search_term_string}"},"query-input":{"@type":"PropertyValueSpecification","valueRequired":true,"valueName":"search_term_string"}}],"inLanguage":"en-US"},{"@type":["Person","Organization"],"@id":"https:\/\/shrimataji.org\/test\/#\/schema\/person\/a1b3419c6585f164aa96da1ff85715d1","name":"Nirmala Shrivastava","image":{"@type":"ImageObject","inLanguage":"en-US","@id":"https:\/\/shrimataji.org\/test\/wp-content\/uploads\/2023\/02\/SMO_LOGO-03.svg","url":"https:\/\/shrimataji.org\/test\/wp-content\/uploads\/2023\/02\/SMO_LOGO-03.svg","contentUrl":"https:\/\/shrimataji.org\/test\/wp-content\/uploads\/2023\/02\/SMO_LOGO-03.svg","width":"1024","height":"1024","caption":"Nirmala Shrivastava"},"logo":{"@id":"https:\/\/shrimataji.org\/test\/wp-content\/uploads\/2023\/02\/SMO_LOGO-03.svg"},"sameAs":["https:\/\/shrimataji.org\/test","https:\/\/www.facebook.com\/shrimataji","https:\/\/x.com\/shrimataji","https:\/\/www.youtube.com\/@Shri_Mataji_Nirmala_Devi\/featured"]}]}},"lang":"fi","translations":{"fi":12644,"ur":37528,"en":427,"am":18103,"th":20101,"hu":19599,"ar":16999,"sq":18504,"zh":17401,"tr":10227,"pt":10434,"de":10709,"fr":10807,"it":10905,"es":11001,"ja":11299,"ru":11487,"bn":11679,"te":11787,"sw":11910,"he":12058,"el":12350,"sk":12448,"fa":12546,"bg":13498,"ro":14573,"cs":14766,"nl":16663,"ku":16823,"be":18711,"kn":18985,"mr":20465,"uk":20758,"ml":21053,"ta":22822,"sv":23091,"gu":28926,"pa":29086,"fil":29540,"da":37835,"pl":38045,"nn":38387},"pll_sync_post":[],"_links":{"self":[{"href":"https:\/\/shrimataji.org\/test\/wp-json\/wp\/v2\/pages\/12644","targetHints":{"allow":["GET"]}}],"collection":[{"href":"https:\/\/shrimataji.org\/test\/wp-json\/wp\/v2\/pages"}],"about":[{"href":"https:\/\/shrimataji.org\/test\/wp-json\/wp\/v2\/types\/page"}],"author":[{"embeddable":true,"href":"https:\/\/shrimataji.org\/test\/wp-json\/wp\/v2\/users\/29"}],"replies":[{"embeddable":true,"href":"https:\/\/shrimataji.org\/test\/wp-json\/wp\/v2\/comments?post=12644"}],"version-history":[{"count":0,"href":"https:\/\/shrimataji.org\/test\/wp-json\/wp\/v2\/pages\/12644\/revisions"}],"wp:featuredmedia":[{"embeddable":true,"href":"https:\/\/shrimataji.org\/test\/wp-json\/wp\/v2\/media\/109"}],"wp:attachment":[{"href":"https:\/\/shrimataji.org\/test\/wp-json\/wp\/v2\/media?parent=12644"}],"curies":[{"name":"wp","href":"https:\/\/api.w.org\/{rel}","templated":true}]}}