{"id":12645,"date":"2011-10-05T02:00:00","date_gmt":"2011-10-05T02:00:00","guid":{"rendered":"http:\/\/testwordpress.nirmalnagari.org\/smnd\/index.php\/uniting-the-nations\/"},"modified":"2025-04-23T21:49:07","modified_gmt":"2025-04-23T21:49:07","slug":"kansakuntien-yhdistaminen","status":"publish","type":"page","link":"https:\/\/shrimataji.org\/test\/fi\/kansakuntien-yhdistaminen\/","title":{"rendered":"Kansakuntien yhdist\u00e4minen"},"content":{"rendered":"\n\n\t<h1>Kansakuntien yhdist\u00e4minen<\/h1>\n<h2>Maailmanlaajuinen muutos &#8211; yli rajojen<\/h2>\n\t<h4>Yleis\u00f6 Dag Hammarskjold -auditoriossa oli pieni. Viisikymment\u00e4 ty\u00f6ntekij\u00e4\u00e4 kokoontui keskikokoiseen teatteriin alkuillasta. Yhdistyneet Kansakunnat oli perustanut ja hyv\u00e4ksynyt uuden Sahaja Meditaatio -yhdistyksen vain kaksi p\u00e4iv\u00e4\u00e4 aiemmin, ja nyt j\u00e4senet kokoontuivat kuulemaan p\u00e4\u00e4puhujaa.<\/h4>\n\t<p>T\u00e4m\u00e4 oli tauko heid\u00e4n ty\u00f6pisteist\u00e4\u00e4n, kokouksista ja maailmanlaajuisista huolenaiheista. Se oli tilaisuus kuulla Shri Mataji Nirmala Devin sanoja, tilaisuus k\u00e4\u00e4nt\u00e4\u00e4 katseensa sis\u00e4\u00e4np\u00e4in. Aiheena oli henkinen valaistuminen, maailmanlaajuinen rauha ja parempi maailma. P\u00e4iv\u00e4 oli kes\u00e4kuun 6. vuonna 1990. Tapahtumapaikkana oli Yhdistyneiden Kansakuntien p\u00e4\u00e4maja New Yorkissa.<\/p>\n<p>Ehk\u00e4 YK:n henkil\u00f6kunnan mieliss\u00e4 oli tuona p\u00e4iv\u00e4n\u00e4 Neuvostoliiton lupaus Euroopan asev\u00e4hennyksist\u00e4. Tai ehk\u00e4 jotkut olivat antamassa apua YK:n henkil\u00f6st\u00f6n poistumiselle Liberiasta uuden sis\u00e4llissodan seurauksena.<\/p>\n<p>Maailma n\u00e4ytti olevan t\u00e4ynn\u00e4 myllerryst\u00e4 ja muutoksia. Pekingin Tiananmenin aukiolla j\u00e4rjestettyjen mielenosoitusten ja veril\u00f6ylyn ensimm\u00e4ist\u00e4 vuosip\u00e4iv\u00e4\u00e4 oli vietetty vain p\u00e4ivi\u00e4 aiemmin. Kukaan ei osannut ennakoida, mit\u00e4 tapahtuisi seuraavaksi.<\/p>\n\t\t\t\t<img loading=\"lazy\" decoding=\"async\" src=\"https:\/\/shrimataji.org\/test\/wp-content\/uploads\/2018\/07\/media_originals\/images\/shri-mataji-portraits\/shri-mataji-nirmala-devi-portrait-smiling-1024x681.jpg\" alt=\"shri-mataji-nirmala-devi-portrait-smiling\" itemprop=\"image\" height=\"681\" width=\"1024\" height=\"681\" width=\"1024\" title=\"shri-mataji-nirmala-devi-portrait-smiling\" onerror=\"this.style.display='none'\"  \/>\n\t<p>Kahdentoista kuukauden kuluessa Neuvostoliittoa ei en\u00e4\u00e4 olisi olemassa. Sen tilalle perustettaisiin uusi itsen\u00e4isten valtioiden yhteis\u00f6. Romaniassa oli jo pidetty vapaat vaalit sen j\u00e4lkeen, kun Berliinin muuri oli edellisen\u00e4 vuonna purettu. Alle nelj\u00e4ss\u00e4 kuukaudessa It\u00e4- ja L\u00e4nsi-Saksan yhdistyminen saataisiin p\u00e4\u00e4t\u00f6kseen. Ja alle kahden kuukauden kuluttua Irak hy\u00f6kk\u00e4isi Kuwaitiin. Yhdistyneiden Kansakuntien rakennuksesta tulisi pian entist\u00e4kin vilkkaampi paikka. Nyt oli aika pys\u00e4hty\u00e4 ja kuunnella.<\/p>\n<p>Tuona keskiviikkoiltana Shri Mataji puhui rauhallisesti yleis\u00f6lle. H\u00e4nen s\u00e4vyns\u00e4 oli intiimi. H\u00e4n valitsi sanansa vastaamaan yleis\u00f6n tarpeita, ja kuten aina, H\u00e4n puhui termein, jotka olivat sek\u00e4 maailmanlaajuisia ett\u00e4 henkil\u00f6kohtaisia.<\/p>\n\t<div class=\"su-quote su-quote-style-default\"><div class=\"su-quote-inner su-u-clearfix su-u-trim\">Viestini ihmiskunnalle on, ett\u00e4 teid\u00e4n kaikkien pit\u00e4\u00e4 muuttua, teid\u00e4n pit\u00e4\u00e4 muuttua hengeksi, sill\u00e4 n\u00e4in te tunnette itsenne. <\/div><\/div>\n\t<p>Puheessaan Shri Mataji puhui totuudesta ja tarpeesta toteuttaa Yhdistyneiden Kansakuntien kollektiivinen doktriini. H\u00e4n puhui Kundaliinin roolista t\u00e4m\u00e4n toteutumisen aikaansaamisessa.<\/p>\n<p>&#8220;Puhumme ekologisista ongelmista&#8221;, H\u00e4n sanoi, &#8220;t\u00e4st\u00e4 ja tuosta ongelmasta, mutta emme mieti, miten p\u00e4\u00e4sisimme niist\u00e4 eroon. Jos YK:n on tarkoitus ilmaista itse\u00e4\u00e4n todellisuudessa, sanoisin, ett\u00e4 YK:n ihmisten on ensin saatava itseoivalluksensa, ja sitten he voivat ymm\u00e4rt\u00e4\u00e4, mit\u00e4 he ovat&#8230; Heill\u00e4 on niin monia keinoja ja niin monia valtuuksia, joita he voivat k\u00e4ytt\u00e4\u00e4. Ja t\u00e4m\u00e4 on rakkauden voima.&#8221;<\/p>\n<p>Puheenvuoronsa lopuksi H\u00e4n antoi itseoivalluksen. L\u00e4hes kukaan ei uskaltautunut ulos salista ennen kuin oli saanut kokemuksen ja sen j\u00e4lkeen tervehtinyt henkil\u00f6kohtaisesti Shri Matajia. Useimmat ilmoittautuivat jatkokursseille.<\/p>\n<p>YK:ssa esiintymist\u00e4\u00e4n edelt\u00e4v\u00e4ll\u00e4 viikolla Shri Mataji oli pit\u00e4nyt samanlaisia puheita Miamissa ja San Diegossa. Alkuvuodesta H\u00e4n oli puhunut Australiassa, Intiassa, Italiassa, Uudessa-Seelannissa, Ven\u00e4j\u00e4ll\u00e4, Singaporessa ja Yhdistyneess\u00e4 kuningaskunnassa. L\u00e4\u00e4ketieteellinen konferenssi Moskovassa, lehdist\u00f6tilaisuus Kalkutassa, Perthiss\u00e4, Melbournessa, Cairnsissa, Sydneyss\u00e4, Bangaloressa, Hyderabadissa, Jaipurissa, Leningradissa ja Aucklandissa &#8211; h\u00e4nen esiintymisens\u00e4 vuoden aikana l\u00e4hestyiv\u00e4t jo sataa, ja oli vasta kes\u00e4kuu.<\/p>\n<p>Ennen vuoden loppua Shri Mataji teki yli 200 pys\u00e4hdyst\u00e4 26 maassa ymp\u00e4ri maailmaa. H\u00e4nen matkansa vuonna 1990 olivat yhteens\u00e4 yli 135 000 kilometri\u00e4 &#8211; matkareitti, jonka useimmat ihmiset kokisivat uuvuttavaksi. Mutta se ei j\u00e4\u00e4nyt t\u00e4h\u00e4n, sill\u00e4 suunniteltujen puheiden lis\u00e4ksi oli lukemattomia ep\u00e4virallisia tilaisuuksia kodeissa ja lentokentill\u00e4, saleissa ja kouluissa. Jokainen keskustelu, jokainen puhe oli erilainen. Mutta jokainen oli my\u00f6s samanlainen, huolen ja oivalluksen, huumorin ja rakkauden s\u00e4vytt\u00e4m\u00e4. Jokainen puhe palveli samaa tarkoitusta. Siin\u00e4 k\u00e4siteltiin henkisen yl\u00f6snousemuksen tarvetta.<\/p>\n<p>Kun joku toinen voisi sanoa: &#8220;Ole parempi itsesi&#8221;, Shri Mataji tavoitteli viel\u00e4 korkeampaa tasoa: &#8220;Ole todellinen itsesi.&#8221;<\/p>\nVuosi 1990 ei ollut ep\u00e4tavallinen. 1970-luvun lopusta, 80- ja 90-luvuilla ja uudella vuosisadalla H\u00e4nen matkansa ja ty\u00f6ns\u00e4 paremman maailman luomiseksi jatkuivat. Sanomalehdet eiv\u00e4t juurikaan uutisoineet H\u00e4nen matkoistaan, mutta metamodernissa maailmassa valaistumista etsivilt\u00e4 ne eiv\u00e4t j\u00e4\u00e4neet huomaamatta.\n\n","protected":false},"excerpt":{"rendered":"<p>Kansakuntien yhdist\u00e4minen Maailmanlaajuinen muutos &#8211; yli rajojen Yleis\u00f6 Dag Hammarskjold -auditoriossa oli pieni. Viisikymment\u00e4 ty\u00f6ntekij\u00e4\u00e4 kokoontui keskikokoiseen teatteriin alkuillasta. Yhdistyneet Kansakunnat oli perustanut ja hyv\u00e4ksynyt uuden Sahaja Meditaatio -yhdistyksen vain kaksi p\u00e4iv\u00e4\u00e4 aiemmin, ja nyt j\u00e4senet kokoontuivat kuulemaan p\u00e4\u00e4puhujaa. T\u00e4m\u00e4 oli tauko heid\u00e4n ty\u00f6pisteist\u00e4\u00e4n, kokouksista ja maailmanlaajuisista huolenaiheista. Se oli tilaisuus kuulla Shri Mataji Nirmala&hellip; <br \/> <a class=\"read-more\" href=\"https:\/\/shrimataji.org\/test\/fi\/kansakuntien-yhdistaminen\/\">Read more<\/a><\/p>\n","protected":false},"author":29,"featured_media":121,"parent":0,"menu_order":0,"comment_status":"closed","ping_status":"closed","template":"","meta":{"inline_featured_image":false,"footnotes":""},"class_list":["post-12645","page","type-page","status-publish","has-post-thumbnail","hentry"],"yoast_head":"<!-- This site is optimized with the Yoast SEO plugin v27.4 - https:\/\/yoast.com\/product\/yoast-seo-wordpress\/ -->\n<title>Kansakuntien yhdist\u00e4minen - TEST - SMND<\/title>\n<meta name=\"robots\" content=\"noindex, follow, max-snippet:-1, max-image-preview:large, max-video-preview:-1\" \/>\n<meta property=\"og:locale\" content=\"en_US\" \/>\n<meta property=\"og:type\" content=\"article\" \/>\n<meta property=\"og:title\" content=\"Kansakuntien yhdist\u00e4minen - TEST - SMND\" \/>\n<meta property=\"og:description\" content=\"Kansakuntien yhdist\u00e4minen Maailmanlaajuinen muutos &#8211; yli rajojen Yleis\u00f6 Dag Hammarskjold -auditoriossa oli pieni. Viisikymment\u00e4 ty\u00f6ntekij\u00e4\u00e4 kokoontui keskikokoiseen teatteriin alkuillasta. Yhdistyneet Kansakunnat oli perustanut ja hyv\u00e4ksynyt uuden Sahaja Meditaatio -yhdistyksen vain kaksi p\u00e4iv\u00e4\u00e4 aiemmin, ja nyt j\u00e4senet kokoontuivat kuulemaan p\u00e4\u00e4puhujaa. T\u00e4m\u00e4 oli tauko heid\u00e4n ty\u00f6pisteist\u00e4\u00e4n, kokouksista ja maailmanlaajuisista huolenaiheista. Se oli tilaisuus kuulla Shri Mataji Nirmala&hellip; Read more\" \/>\n<meta property=\"og:url\" content=\"https:\/\/shrimataji.org\/test\/fi\/kansakuntien-yhdistaminen\/\" \/>\n<meta property=\"og:site_name\" content=\"TEST - SMND\" \/>\n<meta property=\"article:publisher\" content=\"https:\/\/www.facebook.com\/shrimataji\" \/>\n<meta property=\"article:modified_time\" content=\"2025-04-23T21:49:07+00:00\" \/>\n<meta property=\"og:image\" content=\"https:\/\/shrimataji.org\/test\/wp-content\/uploads\/2018\/07\/media_originals\/images\/headers-general\/shri-mataji-nirmala-devi-arrives-near-vienna-austria-2009.jpg\" \/>\n\t<meta property=\"og:image:width\" content=\"990\" \/>\n\t<meta property=\"og:image:height\" content=\"350\" \/>\n\t<meta property=\"og:image:type\" content=\"image\/jpeg\" \/>\n<meta name=\"twitter:card\" content=\"summary_large_image\" \/>\n<meta name=\"twitter:site\" content=\"@shrimataji\" \/>\n<script type=\"application\/ld+json\" class=\"yoast-schema-graph\">{\"@context\":\"https:\\\/\\\/schema.org\",\"@graph\":[{\"@type\":\"WebPage\",\"@id\":\"https:\\\/\\\/shrimataji.org\\\/test\\\/fi\\\/kansakuntien-yhdistaminen\\\/\",\"url\":\"https:\\\/\\\/shrimataji.org\\\/test\\\/fi\\\/kansakuntien-yhdistaminen\\\/\",\"name\":\"Kansakuntien yhdist\u00e4minen - TEST - SMND\",\"isPartOf\":{\"@id\":\"https:\\\/\\\/shrimataji.org\\\/test\\\/#website\"},\"primaryImageOfPage\":{\"@id\":\"https:\\\/\\\/shrimataji.org\\\/test\\\/fi\\\/kansakuntien-yhdistaminen\\\/#primaryimage\"},\"image\":{\"@id\":\"https:\\\/\\\/shrimataji.org\\\/test\\\/fi\\\/kansakuntien-yhdistaminen\\\/#primaryimage\"},\"thumbnailUrl\":\"https:\\\/\\\/shrimataji.org\\\/test\\\/wp-content\\\/uploads\\\/2018\\\/07\\\/media_originals\\\/images\\\/headers-general\\\/shri-mataji-nirmala-devi-arrives-near-vienna-austria-2009.jpg\",\"datePublished\":\"2011-10-05T02:00:00+00:00\",\"dateModified\":\"2025-04-23T21:49:07+00:00\",\"breadcrumb\":{\"@id\":\"https:\\\/\\\/shrimataji.org\\\/test\\\/fi\\\/kansakuntien-yhdistaminen\\\/#breadcrumb\"},\"inLanguage\":\"en-US\",\"potentialAction\":[{\"@type\":\"ReadAction\",\"target\":[\"https:\\\/\\\/shrimataji.org\\\/test\\\/fi\\\/kansakuntien-yhdistaminen\\\/\"]}]},{\"@type\":\"ImageObject\",\"inLanguage\":\"en-US\",\"@id\":\"https:\\\/\\\/shrimataji.org\\\/test\\\/fi\\\/kansakuntien-yhdistaminen\\\/#primaryimage\",\"url\":\"https:\\\/\\\/shrimataji.org\\\/test\\\/wp-content\\\/uploads\\\/2018\\\/07\\\/media_originals\\\/images\\\/headers-general\\\/shri-mataji-nirmala-devi-arrives-near-vienna-austria-2009.jpg\",\"contentUrl\":\"https:\\\/\\\/shrimataji.org\\\/test\\\/wp-content\\\/uploads\\\/2018\\\/07\\\/media_originals\\\/images\\\/headers-general\\\/shri-mataji-nirmala-devi-arrives-near-vienna-austria-2009.jpg\",\"width\":990,\"height\":350},{\"@type\":\"BreadcrumbList\",\"@id\":\"https:\\\/\\\/shrimataji.org\\\/test\\\/fi\\\/kansakuntien-yhdistaminen\\\/#breadcrumb\",\"itemListElement\":[{\"@type\":\"ListItem\",\"position\":1,\"name\":\"Home\",\"item\":\"https:\\\/\\\/shrimataji.org\\\/test\\\/uk\\\/home-en\\\/\"},{\"@type\":\"ListItem\",\"position\":2,\"name\":\"Kansakuntien yhdist\u00e4minen\"}]},{\"@type\":\"WebSite\",\"@id\":\"https:\\\/\\\/shrimataji.org\\\/test\\\/#website\",\"url\":\"https:\\\/\\\/shrimataji.org\\\/test\\\/\",\"name\":\"Shri Mataji Nirmala Devi\",\"description\":\"A Life Dedicated to Humanity\",\"publisher\":{\"@id\":\"https:\\\/\\\/shrimataji.org\\\/test\\\/#\\\/schema\\\/person\\\/a1b3419c6585f164aa96da1ff85715d1\"},\"potentialAction\":[{\"@type\":\"SearchAction\",\"target\":{\"@type\":\"EntryPoint\",\"urlTemplate\":\"https:\\\/\\\/shrimataji.org\\\/test\\\/?s={search_term_string}\"},\"query-input\":{\"@type\":\"PropertyValueSpecification\",\"valueRequired\":true,\"valueName\":\"search_term_string\"}}],\"inLanguage\":\"en-US\"},{\"@type\":[\"Person\",\"Organization\"],\"@id\":\"https:\\\/\\\/shrimataji.org\\\/test\\\/#\\\/schema\\\/person\\\/a1b3419c6585f164aa96da1ff85715d1\",\"name\":\"Nirmala Shrivastava\",\"image\":{\"@type\":\"ImageObject\",\"inLanguage\":\"en-US\",\"@id\":\"https:\\\/\\\/shrimataji.org\\\/test\\\/wp-content\\\/uploads\\\/2023\\\/02\\\/SMO_LOGO-03.svg\",\"url\":\"https:\\\/\\\/shrimataji.org\\\/test\\\/wp-content\\\/uploads\\\/2023\\\/02\\\/SMO_LOGO-03.svg\",\"contentUrl\":\"https:\\\/\\\/shrimataji.org\\\/test\\\/wp-content\\\/uploads\\\/2023\\\/02\\\/SMO_LOGO-03.svg\",\"width\":\"1024\",\"height\":\"1024\",\"caption\":\"Nirmala Shrivastava\"},\"logo\":{\"@id\":\"https:\\\/\\\/shrimataji.org\\\/test\\\/wp-content\\\/uploads\\\/2023\\\/02\\\/SMO_LOGO-03.svg\"},\"sameAs\":[\"https:\\\/\\\/shrimataji.org\\\/test\",\"https:\\\/\\\/www.facebook.com\\\/shrimataji\",\"https:\\\/\\\/x.com\\\/shrimataji\",\"https:\\\/\\\/www.youtube.com\\\/@Shri_Mataji_Nirmala_Devi\\\/featured\"]}]}<\/script>\n<!-- \/ Yoast SEO plugin. -->","yoast_head_json":{"title":"Kansakuntien yhdist\u00e4minen - TEST - SMND","robots":{"index":"noindex","follow":"follow","max-snippet":"max-snippet:-1","max-image-preview":"max-image-preview:large","max-video-preview":"max-video-preview:-1"},"og_locale":"en_US","og_type":"article","og_title":"Kansakuntien yhdist\u00e4minen - TEST - SMND","og_description":"Kansakuntien yhdist\u00e4minen Maailmanlaajuinen muutos &#8211; yli rajojen Yleis\u00f6 Dag Hammarskjold -auditoriossa oli pieni. Viisikymment\u00e4 ty\u00f6ntekij\u00e4\u00e4 kokoontui keskikokoiseen teatteriin alkuillasta. Yhdistyneet Kansakunnat oli perustanut ja hyv\u00e4ksynyt uuden Sahaja Meditaatio -yhdistyksen vain kaksi p\u00e4iv\u00e4\u00e4 aiemmin, ja nyt j\u00e4senet kokoontuivat kuulemaan p\u00e4\u00e4puhujaa. T\u00e4m\u00e4 oli tauko heid\u00e4n ty\u00f6pisteist\u00e4\u00e4n, kokouksista ja maailmanlaajuisista huolenaiheista. Se oli tilaisuus kuulla Shri Mataji Nirmala&hellip; Read more","og_url":"https:\/\/shrimataji.org\/test\/fi\/kansakuntien-yhdistaminen\/","og_site_name":"TEST - SMND","article_publisher":"https:\/\/www.facebook.com\/shrimataji","article_modified_time":"2025-04-23T21:49:07+00:00","og_image":[{"width":990,"height":350,"url":"https:\/\/shrimataji.org\/test\/wp-content\/uploads\/2018\/07\/media_originals\/images\/headers-general\/shri-mataji-nirmala-devi-arrives-near-vienna-austria-2009.jpg","type":"image\/jpeg"}],"twitter_card":"summary_large_image","twitter_site":"@shrimataji","schema":{"@context":"https:\/\/schema.org","@graph":[{"@type":"WebPage","@id":"https:\/\/shrimataji.org\/test\/fi\/kansakuntien-yhdistaminen\/","url":"https:\/\/shrimataji.org\/test\/fi\/kansakuntien-yhdistaminen\/","name":"Kansakuntien yhdist\u00e4minen - TEST - SMND","isPartOf":{"@id":"https:\/\/shrimataji.org\/test\/#website"},"primaryImageOfPage":{"@id":"https:\/\/shrimataji.org\/test\/fi\/kansakuntien-yhdistaminen\/#primaryimage"},"image":{"@id":"https:\/\/shrimataji.org\/test\/fi\/kansakuntien-yhdistaminen\/#primaryimage"},"thumbnailUrl":"https:\/\/shrimataji.org\/test\/wp-content\/uploads\/2018\/07\/media_originals\/images\/headers-general\/shri-mataji-nirmala-devi-arrives-near-vienna-austria-2009.jpg","datePublished":"2011-10-05T02:00:00+00:00","dateModified":"2025-04-23T21:49:07+00:00","breadcrumb":{"@id":"https:\/\/shrimataji.org\/test\/fi\/kansakuntien-yhdistaminen\/#breadcrumb"},"inLanguage":"en-US","potentialAction":[{"@type":"ReadAction","target":["https:\/\/shrimataji.org\/test\/fi\/kansakuntien-yhdistaminen\/"]}]},{"@type":"ImageObject","inLanguage":"en-US","@id":"https:\/\/shrimataji.org\/test\/fi\/kansakuntien-yhdistaminen\/#primaryimage","url":"https:\/\/shrimataji.org\/test\/wp-content\/uploads\/2018\/07\/media_originals\/images\/headers-general\/shri-mataji-nirmala-devi-arrives-near-vienna-austria-2009.jpg","contentUrl":"https:\/\/shrimataji.org\/test\/wp-content\/uploads\/2018\/07\/media_originals\/images\/headers-general\/shri-mataji-nirmala-devi-arrives-near-vienna-austria-2009.jpg","width":990,"height":350},{"@type":"BreadcrumbList","@id":"https:\/\/shrimataji.org\/test\/fi\/kansakuntien-yhdistaminen\/#breadcrumb","itemListElement":[{"@type":"ListItem","position":1,"name":"Home","item":"https:\/\/shrimataji.org\/test\/uk\/home-en\/"},{"@type":"ListItem","position":2,"name":"Kansakuntien yhdist\u00e4minen"}]},{"@type":"WebSite","@id":"https:\/\/shrimataji.org\/test\/#website","url":"https:\/\/shrimataji.org\/test\/","name":"Shri Mataji Nirmala Devi","description":"A Life Dedicated to Humanity","publisher":{"@id":"https:\/\/shrimataji.org\/test\/#\/schema\/person\/a1b3419c6585f164aa96da1ff85715d1"},"potentialAction":[{"@type":"SearchAction","target":{"@type":"EntryPoint","urlTemplate":"https:\/\/shrimataji.org\/test\/?s={search_term_string}"},"query-input":{"@type":"PropertyValueSpecification","valueRequired":true,"valueName":"search_term_string"}}],"inLanguage":"en-US"},{"@type":["Person","Organization"],"@id":"https:\/\/shrimataji.org\/test\/#\/schema\/person\/a1b3419c6585f164aa96da1ff85715d1","name":"Nirmala Shrivastava","image":{"@type":"ImageObject","inLanguage":"en-US","@id":"https:\/\/shrimataji.org\/test\/wp-content\/uploads\/2023\/02\/SMO_LOGO-03.svg","url":"https:\/\/shrimataji.org\/test\/wp-content\/uploads\/2023\/02\/SMO_LOGO-03.svg","contentUrl":"https:\/\/shrimataji.org\/test\/wp-content\/uploads\/2023\/02\/SMO_LOGO-03.svg","width":"1024","height":"1024","caption":"Nirmala Shrivastava"},"logo":{"@id":"https:\/\/shrimataji.org\/test\/wp-content\/uploads\/2023\/02\/SMO_LOGO-03.svg"},"sameAs":["https:\/\/shrimataji.org\/test","https:\/\/www.facebook.com\/shrimataji","https:\/\/x.com\/shrimataji","https:\/\/www.youtube.com\/@Shri_Mataji_Nirmala_Devi\/featured"]}]}},"lang":"fi","translations":{"fi":12645,"ur":37530,"en":445,"am":18105,"th":20104,"hu":19602,"ar":17001,"sq":18506,"zh":17403,"tr":10228,"pt":10435,"de":10710,"fr":10808,"it":10906,"es":11002,"ja":11300,"ru":11488,"bn":11680,"te":11788,"sw":11911,"he":12059,"el":12351,"sk":12449,"fa":12547,"bg":13508,"ro":14583,"cs":14776,"nl":16665,"ku":16825,"be":18713,"kn":18987,"mr":20468,"uk":20761,"ml":21056,"ta":22824,"sv":23093,"gu":28928,"pa":29088,"fil":29542,"da":37837,"pl":38047,"nn":38389},"pll_sync_post":[],"_links":{"self":[{"href":"https:\/\/shrimataji.org\/test\/wp-json\/wp\/v2\/pages\/12645","targetHints":{"allow":["GET"]}}],"collection":[{"href":"https:\/\/shrimataji.org\/test\/wp-json\/wp\/v2\/pages"}],"about":[{"href":"https:\/\/shrimataji.org\/test\/wp-json\/wp\/v2\/types\/page"}],"author":[{"embeddable":true,"href":"https:\/\/shrimataji.org\/test\/wp-json\/wp\/v2\/users\/29"}],"replies":[{"embeddable":true,"href":"https:\/\/shrimataji.org\/test\/wp-json\/wp\/v2\/comments?post=12645"}],"version-history":[{"count":0,"href":"https:\/\/shrimataji.org\/test\/wp-json\/wp\/v2\/pages\/12645\/revisions"}],"wp:featuredmedia":[{"embeddable":true,"href":"https:\/\/shrimataji.org\/test\/wp-json\/wp\/v2\/media\/121"}],"wp:attachment":[{"href":"https:\/\/shrimataji.org\/test\/wp-json\/wp\/v2\/media?parent=12645"}],"curies":[{"name":"wp","href":"https:\/\/api.w.org\/{rel}","templated":true}]}}