{"id":12648,"date":"2022-03-05T07:52:48","date_gmt":"2022-03-05T07:52:48","guid":{"rendered":"https:\/\/test.shrimataji.org\/?page_id=6494"},"modified":"2025-09-20T21:09:38","modified_gmt":"2025-09-20T21:09:38","slug":"vishuddhi-chakra-fi","status":"publish","type":"page","link":"https:\/\/shrimataji.org\/test\/fi\/vishuddhi-chakra-fi\/","title":{"rendered":"Vishuddhi-chakra FIN"},"content":{"rendered":"\n\n\t<h1>Vishuddhi-chakra<\/h1>\n<h2>Kommunikointi, itsetunto, diplomatia<\/h2>\n<h4>Ihmisten yhteiskunnan kehityst\u00e4 on jalostettu ja muokattu sukupolvien ajan tehokkaiden viestint\u00e4taitojen avulla. Vishuddhi-chakra on keskus, jonka avulla voimme siirty\u00e4 yksil\u00f6llisest\u00e4 tietoisuudestamme kollektiiviseen tietoisuuteen. Se on yhteytemme toisiin ja auttaa vaalimaan herkkyytt\u00e4mme kanssaihmisi\u00e4 kohtaan. Opimme tunnistamaan sen t\u00e4rke\u00e4n hy\u00f6dyn, joka saadaan kollektiivisesta hyv\u00e4ntahtoisuudesta yksil\u00f6llisen hy\u00f6dyn sijaan, ja sen, ett\u00e4 yhdess\u00e4 olemme kaikki yht\u00e4.<\/h4>\n<div class=\"su-quote su-quote-style-default\"><div class=\"su-quote-inner su-u-clearfix su-u-trim\"> Shri Krishna sanoi hyvin kauniisti: &#8220;Satyam Vade, Hitam Vade, Priyam Vade&#8221;. Eli: &#8220;Se, mik\u00e4 on hy\u00f6dyllist\u00e4 ja rakastavaa Henke\u00e4 kohtaan on se, mit\u00e4 on ilmaistava.&#8221; Ehk\u00e4 se on loukkaavaa sill\u00e4 hetkell\u00e4, mutta my\u00f6hemmin siit\u00e4 voi tulla hy\u00f6dyllist\u00e4 ja rakastavaa. Kaikesta t\u00e4st\u00e4 ymm\u00e4rryksest\u00e4 huolimatta unohdamme joskus, ett\u00e4 Jumala on Rakkaus. Ja totuus on my\u00f6s rakkautta. <\/div><\/div>\n<p>Toinen hieno ominaisuus, joka avautuu persoonallisuudessamme t\u00e4m\u00e4n chakran avautuessa, on diplomaattisuus. Diplomaattina hallitsemme karismaattisen kommunikaation taidon, mutta emme mink\u00e4\u00e4n mit\u00e4tt\u00f6m\u00e4n henkil\u00f6kohtaisen hy\u00f6dyn, vallan tai rahan vuoksi, vaan suuremman hyv\u00e4n vuoksi. Meditatiivinen ja introspektiivinen keskittymisemme t\u00e4h\u00e4n viidenteen keskukseen antaa meille mahdollisuuden k\u00e4sitell\u00e4 spontaanisti ja selke\u00e4sti kaikenlaisia suhteita.<\/p>\n\t\t<iframe loading=\"lazy\" title=\"Vishuddhi Chakra\" width=\"1920\" height=\"1080\" src=\"https:\/\/www.youtube.com\/embed\/LLi3R16u62Y?feature=oembed\" frameborder=\"0\" allow=\"accelerometer; autoplay; clipboard-write; encrypted-media; gyroscope; picture-in-picture; web-share\" allowfullscreen><\/iframe>\t\n\t<p><strong>Sijainti<\/strong>:<\/p>\n<p>Vishuddhi-chakramme sijaitsee kaulassa selk\u00e4rangan takaosassa suunnilleen olkap\u00e4iden korkeudella. Vishuddhi-chakran v\u00e4r\u00e4htelyt voidaan tuntea molempien k\u00e4sien etusormissa. Vasen etusormi vastaa vasenta Vishuddhia ja oikea etusormi oikeaa Vishuddhia.<\/p>\n<p><strong>V\u00e4ri<\/strong>:<\/p>\n<p>Vishuddhi Chakraa edustaa vaaleansininen v\u00e4ri. Se on yhteydess\u00e4 puhdistavaan eetterielementtiin.<\/p>\n<p><strong>Vishuddhi-chakran ominaisuuksia ovat:<\/strong><\/p>\n\u2022 Positiiviset ihmissuhteet<br \/>\n\u2022 Tehokas kommunikointi<br \/>\n\u2022 Kohteliaisuus<br \/>\n\u2022 Diplomatia<br \/>\n\u2022 Yhteis\u00f6llisyyden tunne<br \/>\n\u2022 Miellytt\u00e4v\u00e4 persoonallisuus\n\t\t\t\t<a href=\"https:\/\/shrimataji.org\/test\/wp-content\/uploads\/2023\/02\/5-Vishuddhi-01.png\"  target=\"_blank\" rel=\"noopener\"  itemprop=\"url\">\n\t\t\t\t<img decoding=\"async\" src=\"https:\/\/shrimataji.org\/test\/wp-content\/uploads\/2025\/04\/5-Vishuddhi-01-2-scaled.png\" alt=\"5-Vishuddhi-01\" itemprop=\"image\" height=\"2560\" width=\"2402\" title=\"5-Vishuddhi-01\" onerror=\"this.style.display='none'\" loading='lazy' \/>\n\t\t\t\t<\/a>\n\t<p>Vishuddhi-chakran tarjoamiin perusominaisuuksiin kuuluvat tehokas viestint\u00e4 ja yhteis\u00f6llisyys. Kun Vishuddhi on tasapainossa, tunnemme olevamme sopusoinnussa muun ihmiskunnan kanssa.<\/p>\n<p>Vishuddhi-chakran avaaminen s\u00e4\u00e4nn\u00f6llisen meditaation avulla antaa meille mahdollisuuden kehitt\u00e4\u00e4 diplomaattisia taitoja, ja l\u00f6yd\u00e4mme lempe\u00e4n ja yst\u00e4v\u00e4llisen tavan kommunikoida muiden kanssa, mik\u00e4 tapahtuu luonnostaan ilman, ett\u00e4 meid\u00e4n tarvitsee osallistua t\u00e4t\u00e4 aihetta k\u00e4sitteleville kursseille. T\u00e4m\u00e4n chakran kehittyminen antaa meille my\u00f6s kyvyn hyv\u00e4ksy\u00e4 puutteet ja haasteet ilman syyllisyytt\u00e4 ja mahdollistaa sopivan, hyv\u00e4ntahtoisen ratkaisun l\u00f6yt\u00e4misen.<\/p>\n<p><strong>Kokemukset ja hy\u00f6dyt<\/strong><\/p>\n<p>Vishuddhi-chakra s\u00e4\u00e4telee kaulaa, kurkkua, k\u00e4si\u00e4, kasvoja, korvia, suuta ja hampaita. Se ohjaa my\u00f6s viestint\u00e4taitojamme.<\/p>\n<p>Kun Vishuddhi-chakra on tasapainossa, meill\u00e4 on tasapainoinen n\u00e4kym\u00e4 el\u00e4m\u00e4mme tapahtumiin. Haasteisiin voi suhtautua rauhallisemmin. Tunnemme itsemme optimistisiksi jopa ylivoimaisissa tilanteissa. Vishuddhi-chakran avulla voimme tunnistaa, ett\u00e4 ulkoiset tapahtumat ovat olemassa meid\u00e4n ulkopuolellamme. T\u00e4m\u00e4n seurauksena kykenemme todistamaan niit\u00e4 rauhallisesti.<\/p>\n<p>Tasapainoinen Vishuddhi on olennaisen t\u00e4rke\u00e4 henkisen\u00e4 olentona kasvamiselle. Se on olennainen my\u00f6s my\u00f6nteisten ja terveiden ihmissuhteiden kasvulle. Diplomatia ja kunnioitus lis\u00e4\u00e4ntyv\u00e4t molemmat t\u00e4m\u00e4n chakran vahvuuden ansiosta. Sahaja Yogan meditaatioharjoitus antaa meille mahdollisuuden antaa energiaa ja suojella sek\u00e4 Vishuddhi-chakran vasenta ett\u00e4 oikeaa puolta. Voimme my\u00f6s antaa energiaa t\u00e4lle chakralle, kun puhumme syd\u00e4mest\u00e4 ja kehumme mieluummin kuin kritisoimme.<\/p>\n<p><strong>Itsearviointi<\/strong>:<\/p>\n<p>Jos Vishuddhi-chakra ei ole tasapainossa, saatamme kokea itsekunnioituksen puutetta ja syyllisyyden tunteita. Saatamme my\u00f6s kokea ajoittaista ylireagointia ja aggressiivista kommunikointia. Liiallinen puhuminen tai huutaminen voi joskus aiheuttaa tukoksen oikeassa Vishuddhi-chakrassa. Kipu tai tulehdus korvissa tai hampaissa voi viitata Vishuddhi-chakran tukokseen. Syyllisyydentunteet voivat ilmet\u00e4 kipein\u00e4 tai kirein\u00e4 hartioina ja niskana. T\u00e4m\u00e4 voi viitata vasemman Vishuddhi-chakran ep\u00e4tasapainoon. Toistuvat flunssat, poskiontelo- ja keuhkoputkentulehdukset voivat viitata oikean Vishuddhin ep\u00e4tasapainoon. Sopimattomat tai kielletyt suhteet voivat my\u00f6s aiheuttaa ep\u00e4tasapainoa Vishuddhi-chakrassa.<\/p>\n<p><strong>Ep\u00e4tasapainon syit\u00e4<\/strong>:<\/p>\n<ul>\n<li>Syyllisyys ja itsekunnioituksen puute.<\/li>\n<li>Liiallinen ja tarpeettoman aggressiivinen \u00e4\u00e4nenk\u00e4ytt\u00f6.<\/li>\n<li>Sarkasmi, \u00e4\u00e4nen korottaminen vihaisena, puheessa esiintyv\u00e4 oveluus.<\/li>\n<\/ul>\n<p><strong>Tasapainotus:<\/strong><\/p>\n<p>Jos haluaa tasapainottaa Vishuddhi-chakraa, voi asettaa oikean k\u00e4den muutaman sentin p\u00e4\u00e4h\u00e4n chakran sijainnista, k\u00e4mmen sis\u00e4\u00e4np\u00e4in. Kun energia tuntuu virtaavan k\u00e4den kautta, py\u00f6rit\u00e4 sit\u00e4 chakran ymp\u00e4rill\u00e4 my\u00f6t\u00e4p\u00e4iv\u00e4\u00e4n. Toista t\u00e4t\u00e4 useita kertoja.<\/p>\n<p>Vasemman Vishuddhin puhdistamiseksi pid\u00e4 kynttil\u00e4nliekki\u00e4 muutaman sentin p\u00e4\u00e4ss\u00e4 kaulan ja vasemman olkap\u00e4\u00e4n yhtym\u00e4kohdasta. Py\u00f6rit\u00e4 liekki\u00e4 varovasti ja hitaasti my\u00f6t\u00e4p\u00e4iv\u00e4\u00e4n chakran ymp\u00e4rill\u00e4.<\/p>\n\n","protected":false},"excerpt":{"rendered":"<p>Vishuddhi-chakra Kommunikointi, itsetunto, diplomatia Ihmisten yhteiskunnan kehityst\u00e4 on jalostettu ja muokattu sukupolvien ajan tehokkaiden viestint\u00e4taitojen avulla. Vishuddhi-chakra on keskus, jonka avulla voimme siirty\u00e4 yksil\u00f6llisest\u00e4 tietoisuudestamme kollektiiviseen tietoisuuteen. Se on yhteytemme toisiin ja auttaa vaalimaan herkkyytt\u00e4mme kanssaihmisi\u00e4 kohtaan. Opimme tunnistamaan sen t\u00e4rke\u00e4n hy\u00f6dyn, joka saadaan kollektiivisesta hyv\u00e4ntahtoisuudesta yksil\u00f6llisen hy\u00f6dyn sijaan, ja sen, ett\u00e4 yhdess\u00e4 olemme kaikki&hellip; <br \/> <a class=\"read-more\" href=\"https:\/\/shrimataji.org\/test\/fi\/vishuddhi-chakra-fi\/\">Read more<\/a><\/p>\n","protected":false},"author":29,"featured_media":9255,"parent":0,"menu_order":0,"comment_status":"closed","ping_status":"closed","template":"","meta":{"inline_featured_image":false,"footnotes":""},"class_list":["post-12648","page","type-page","status-publish","has-post-thumbnail","hentry"],"yoast_head":"<!-- This site is optimized with the Yoast SEO plugin v27.4 - https:\/\/yoast.com\/product\/yoast-seo-wordpress\/ -->\n<title>Vishuddhi-chakra FIN - TEST - SMND<\/title>\n<meta name=\"robots\" content=\"noindex, follow, max-snippet:-1, max-image-preview:large, max-video-preview:-1\" \/>\n<meta property=\"og:locale\" content=\"en_US\" \/>\n<meta property=\"og:type\" content=\"article\" \/>\n<meta property=\"og:title\" content=\"Vishuddhi-chakra FIN - TEST - SMND\" \/>\n<meta property=\"og:description\" content=\"Vishuddhi-chakra Kommunikointi, itsetunto, diplomatia Ihmisten yhteiskunnan kehityst\u00e4 on jalostettu ja muokattu sukupolvien ajan tehokkaiden viestint\u00e4taitojen avulla. Vishuddhi-chakra on keskus, jonka avulla voimme siirty\u00e4 yksil\u00f6llisest\u00e4 tietoisuudestamme kollektiiviseen tietoisuuteen. Se on yhteytemme toisiin ja auttaa vaalimaan herkkyytt\u00e4mme kanssaihmisi\u00e4 kohtaan. Opimme tunnistamaan sen t\u00e4rke\u00e4n hy\u00f6dyn, joka saadaan kollektiivisesta hyv\u00e4ntahtoisuudesta yksil\u00f6llisen hy\u00f6dyn sijaan, ja sen, ett\u00e4 yhdess\u00e4 olemme kaikki&hellip; Read more\" \/>\n<meta property=\"og:url\" content=\"https:\/\/shrimataji.org\/test\/fi\/vishuddhi-chakra-fi\/\" \/>\n<meta property=\"og:site_name\" content=\"TEST - SMND\" \/>\n<meta property=\"article:publisher\" content=\"https:\/\/www.facebook.com\/shrimataji\" \/>\n<meta property=\"article:modified_time\" content=\"2025-09-20T21:09:38+00:00\" \/>\n<meta property=\"og:image\" content=\"https:\/\/shrimataji.org\/test\/wp-content\/uploads\/2023\/03\/20_Banner-SY-Chakra-vishu-scaled.jpg\" \/>\n\t<meta property=\"og:image:width\" content=\"2560\" \/>\n\t<meta property=\"og:image:height\" content=\"905\" \/>\n\t<meta property=\"og:image:type\" content=\"image\/jpeg\" \/>\n<meta name=\"twitter:card\" content=\"summary_large_image\" \/>\n<meta name=\"twitter:site\" content=\"@shrimataji\" \/>\n<meta name=\"twitter:label1\" content=\"Est. reading time\" \/>\n\t<meta name=\"twitter:data1\" content=\"4 minutes\" \/>\n<script type=\"application\/ld+json\" class=\"yoast-schema-graph\">{\"@context\":\"https:\\\/\\\/schema.org\",\"@graph\":[{\"@type\":\"WebPage\",\"@id\":\"https:\\\/\\\/shrimataji.org\\\/test\\\/fi\\\/vishuddhi-chakra-fi\\\/\",\"url\":\"https:\\\/\\\/shrimataji.org\\\/test\\\/fi\\\/vishuddhi-chakra-fi\\\/\",\"name\":\"Vishuddhi-chakra FIN - TEST - SMND\",\"isPartOf\":{\"@id\":\"https:\\\/\\\/shrimataji.org\\\/test\\\/#website\"},\"primaryImageOfPage\":{\"@id\":\"https:\\\/\\\/shrimataji.org\\\/test\\\/fi\\\/vishuddhi-chakra-fi\\\/#primaryimage\"},\"image\":{\"@id\":\"https:\\\/\\\/shrimataji.org\\\/test\\\/fi\\\/vishuddhi-chakra-fi\\\/#primaryimage\"},\"thumbnailUrl\":\"https:\\\/\\\/shrimataji.org\\\/test\\\/wp-content\\\/uploads\\\/2023\\\/03\\\/20_Banner-SY-Chakra-vishu-scaled.jpg\",\"datePublished\":\"2022-03-05T07:52:48+00:00\",\"dateModified\":\"2025-09-20T21:09:38+00:00\",\"breadcrumb\":{\"@id\":\"https:\\\/\\\/shrimataji.org\\\/test\\\/fi\\\/vishuddhi-chakra-fi\\\/#breadcrumb\"},\"inLanguage\":\"en-US\",\"potentialAction\":[{\"@type\":\"ReadAction\",\"target\":[\"https:\\\/\\\/shrimataji.org\\\/test\\\/fi\\\/vishuddhi-chakra-fi\\\/\"]}]},{\"@type\":\"ImageObject\",\"inLanguage\":\"en-US\",\"@id\":\"https:\\\/\\\/shrimataji.org\\\/test\\\/fi\\\/vishuddhi-chakra-fi\\\/#primaryimage\",\"url\":\"https:\\\/\\\/shrimataji.org\\\/test\\\/wp-content\\\/uploads\\\/2023\\\/03\\\/20_Banner-SY-Chakra-vishu-scaled.jpg\",\"contentUrl\":\"https:\\\/\\\/shrimataji.org\\\/test\\\/wp-content\\\/uploads\\\/2023\\\/03\\\/20_Banner-SY-Chakra-vishu-scaled.jpg\",\"width\":2560,\"height\":905},{\"@type\":\"BreadcrumbList\",\"@id\":\"https:\\\/\\\/shrimataji.org\\\/test\\\/fi\\\/vishuddhi-chakra-fi\\\/#breadcrumb\",\"itemListElement\":[{\"@type\":\"ListItem\",\"position\":1,\"name\":\"Home\",\"item\":\"https:\\\/\\\/shrimataji.org\\\/test\\\/uk\\\/home-en\\\/\"},{\"@type\":\"ListItem\",\"position\":2,\"name\":\"Vishuddhi-chakra FIN\"}]},{\"@type\":\"WebSite\",\"@id\":\"https:\\\/\\\/shrimataji.org\\\/test\\\/#website\",\"url\":\"https:\\\/\\\/shrimataji.org\\\/test\\\/\",\"name\":\"Shri Mataji Nirmala Devi\",\"description\":\"A Life Dedicated to Humanity\",\"publisher\":{\"@id\":\"https:\\\/\\\/shrimataji.org\\\/test\\\/#\\\/schema\\\/person\\\/a1b3419c6585f164aa96da1ff85715d1\"},\"potentialAction\":[{\"@type\":\"SearchAction\",\"target\":{\"@type\":\"EntryPoint\",\"urlTemplate\":\"https:\\\/\\\/shrimataji.org\\\/test\\\/?s={search_term_string}\"},\"query-input\":{\"@type\":\"PropertyValueSpecification\",\"valueRequired\":true,\"valueName\":\"search_term_string\"}}],\"inLanguage\":\"en-US\"},{\"@type\":[\"Person\",\"Organization\"],\"@id\":\"https:\\\/\\\/shrimataji.org\\\/test\\\/#\\\/schema\\\/person\\\/a1b3419c6585f164aa96da1ff85715d1\",\"name\":\"Nirmala Shrivastava\",\"image\":{\"@type\":\"ImageObject\",\"inLanguage\":\"en-US\",\"@id\":\"https:\\\/\\\/shrimataji.org\\\/test\\\/wp-content\\\/uploads\\\/2023\\\/02\\\/SMO_LOGO-03.svg\",\"url\":\"https:\\\/\\\/shrimataji.org\\\/test\\\/wp-content\\\/uploads\\\/2023\\\/02\\\/SMO_LOGO-03.svg\",\"contentUrl\":\"https:\\\/\\\/shrimataji.org\\\/test\\\/wp-content\\\/uploads\\\/2023\\\/02\\\/SMO_LOGO-03.svg\",\"width\":\"1024\",\"height\":\"1024\",\"caption\":\"Nirmala Shrivastava\"},\"logo\":{\"@id\":\"https:\\\/\\\/shrimataji.org\\\/test\\\/wp-content\\\/uploads\\\/2023\\\/02\\\/SMO_LOGO-03.svg\"},\"sameAs\":[\"https:\\\/\\\/shrimataji.org\\\/test\",\"https:\\\/\\\/www.facebook.com\\\/shrimataji\",\"https:\\\/\\\/x.com\\\/shrimataji\",\"https:\\\/\\\/www.youtube.com\\\/@Shri_Mataji_Nirmala_Devi\\\/featured\"]}]}<\/script>\n<!-- \/ Yoast SEO plugin. -->","yoast_head_json":{"title":"Vishuddhi-chakra FIN - TEST - SMND","robots":{"index":"noindex","follow":"follow","max-snippet":"max-snippet:-1","max-image-preview":"max-image-preview:large","max-video-preview":"max-video-preview:-1"},"og_locale":"en_US","og_type":"article","og_title":"Vishuddhi-chakra FIN - TEST - SMND","og_description":"Vishuddhi-chakra Kommunikointi, itsetunto, diplomatia Ihmisten yhteiskunnan kehityst\u00e4 on jalostettu ja muokattu sukupolvien ajan tehokkaiden viestint\u00e4taitojen avulla. Vishuddhi-chakra on keskus, jonka avulla voimme siirty\u00e4 yksil\u00f6llisest\u00e4 tietoisuudestamme kollektiiviseen tietoisuuteen. Se on yhteytemme toisiin ja auttaa vaalimaan herkkyytt\u00e4mme kanssaihmisi\u00e4 kohtaan. Opimme tunnistamaan sen t\u00e4rke\u00e4n hy\u00f6dyn, joka saadaan kollektiivisesta hyv\u00e4ntahtoisuudesta yksil\u00f6llisen hy\u00f6dyn sijaan, ja sen, ett\u00e4 yhdess\u00e4 olemme kaikki&hellip; Read more","og_url":"https:\/\/shrimataji.org\/test\/fi\/vishuddhi-chakra-fi\/","og_site_name":"TEST - SMND","article_publisher":"https:\/\/www.facebook.com\/shrimataji","article_modified_time":"2025-09-20T21:09:38+00:00","og_image":[{"width":2560,"height":905,"url":"https:\/\/shrimataji.org\/test\/wp-content\/uploads\/2023\/03\/20_Banner-SY-Chakra-vishu-scaled.jpg","type":"image\/jpeg"}],"twitter_card":"summary_large_image","twitter_site":"@shrimataji","twitter_misc":{"Est. reading time":"4 minutes"},"schema":{"@context":"https:\/\/schema.org","@graph":[{"@type":"WebPage","@id":"https:\/\/shrimataji.org\/test\/fi\/vishuddhi-chakra-fi\/","url":"https:\/\/shrimataji.org\/test\/fi\/vishuddhi-chakra-fi\/","name":"Vishuddhi-chakra FIN - TEST - SMND","isPartOf":{"@id":"https:\/\/shrimataji.org\/test\/#website"},"primaryImageOfPage":{"@id":"https:\/\/shrimataji.org\/test\/fi\/vishuddhi-chakra-fi\/#primaryimage"},"image":{"@id":"https:\/\/shrimataji.org\/test\/fi\/vishuddhi-chakra-fi\/#primaryimage"},"thumbnailUrl":"https:\/\/shrimataji.org\/test\/wp-content\/uploads\/2023\/03\/20_Banner-SY-Chakra-vishu-scaled.jpg","datePublished":"2022-03-05T07:52:48+00:00","dateModified":"2025-09-20T21:09:38+00:00","breadcrumb":{"@id":"https:\/\/shrimataji.org\/test\/fi\/vishuddhi-chakra-fi\/#breadcrumb"},"inLanguage":"en-US","potentialAction":[{"@type":"ReadAction","target":["https:\/\/shrimataji.org\/test\/fi\/vishuddhi-chakra-fi\/"]}]},{"@type":"ImageObject","inLanguage":"en-US","@id":"https:\/\/shrimataji.org\/test\/fi\/vishuddhi-chakra-fi\/#primaryimage","url":"https:\/\/shrimataji.org\/test\/wp-content\/uploads\/2023\/03\/20_Banner-SY-Chakra-vishu-scaled.jpg","contentUrl":"https:\/\/shrimataji.org\/test\/wp-content\/uploads\/2023\/03\/20_Banner-SY-Chakra-vishu-scaled.jpg","width":2560,"height":905},{"@type":"BreadcrumbList","@id":"https:\/\/shrimataji.org\/test\/fi\/vishuddhi-chakra-fi\/#breadcrumb","itemListElement":[{"@type":"ListItem","position":1,"name":"Home","item":"https:\/\/shrimataji.org\/test\/uk\/home-en\/"},{"@type":"ListItem","position":2,"name":"Vishuddhi-chakra FIN"}]},{"@type":"WebSite","@id":"https:\/\/shrimataji.org\/test\/#website","url":"https:\/\/shrimataji.org\/test\/","name":"Shri Mataji Nirmala Devi","description":"A Life Dedicated to Humanity","publisher":{"@id":"https:\/\/shrimataji.org\/test\/#\/schema\/person\/a1b3419c6585f164aa96da1ff85715d1"},"potentialAction":[{"@type":"SearchAction","target":{"@type":"EntryPoint","urlTemplate":"https:\/\/shrimataji.org\/test\/?s={search_term_string}"},"query-input":{"@type":"PropertyValueSpecification","valueRequired":true,"valueName":"search_term_string"}}],"inLanguage":"en-US"},{"@type":["Person","Organization"],"@id":"https:\/\/shrimataji.org\/test\/#\/schema\/person\/a1b3419c6585f164aa96da1ff85715d1","name":"Nirmala Shrivastava","image":{"@type":"ImageObject","inLanguage":"en-US","@id":"https:\/\/shrimataji.org\/test\/wp-content\/uploads\/2023\/02\/SMO_LOGO-03.svg","url":"https:\/\/shrimataji.org\/test\/wp-content\/uploads\/2023\/02\/SMO_LOGO-03.svg","contentUrl":"https:\/\/shrimataji.org\/test\/wp-content\/uploads\/2023\/02\/SMO_LOGO-03.svg","width":"1024","height":"1024","caption":"Nirmala Shrivastava"},"logo":{"@id":"https:\/\/shrimataji.org\/test\/wp-content\/uploads\/2023\/02\/SMO_LOGO-03.svg"},"sameAs":["https:\/\/shrimataji.org\/test","https:\/\/www.facebook.com\/shrimataji","https:\/\/x.com\/shrimataji","https:\/\/www.youtube.com\/@Shri_Mataji_Nirmala_Devi\/featured"]}]}},"lang":"fi","translations":{"fi":12648,"ur":37534,"en":6494,"am":18109,"th":20110,"hu":19608,"ar":17005,"sq":18510,"zh":17407,"hi":8265,"tr":10231,"pt":10438,"de":10713,"fr":10811,"it":10909,"es":11005,"ja":11303,"ru":11491,"bn":11683,"te":11791,"sw":11914,"he":12062,"el":12354,"sk":12452,"fa":12550,"bg":13368,"ro":14442,"cs":14635,"nl":16669,"ku":16829,"be":18717,"kn":18991,"mr":20474,"uk":20767,"ml":21062,"ta":22828,"sv":23097,"gu":28932,"pa":29092,"fil":29546,"da":37841,"pl":38051,"nn":38393},"pll_sync_post":[],"_links":{"self":[{"href":"https:\/\/shrimataji.org\/test\/wp-json\/wp\/v2\/pages\/12648","targetHints":{"allow":["GET"]}}],"collection":[{"href":"https:\/\/shrimataji.org\/test\/wp-json\/wp\/v2\/pages"}],"about":[{"href":"https:\/\/shrimataji.org\/test\/wp-json\/wp\/v2\/types\/page"}],"author":[{"embeddable":true,"href":"https:\/\/shrimataji.org\/test\/wp-json\/wp\/v2\/users\/29"}],"replies":[{"embeddable":true,"href":"https:\/\/shrimataji.org\/test\/wp-json\/wp\/v2\/comments?post=12648"}],"version-history":[{"count":0,"href":"https:\/\/shrimataji.org\/test\/wp-json\/wp\/v2\/pages\/12648\/revisions"}],"wp:featuredmedia":[{"embeddable":true,"href":"https:\/\/shrimataji.org\/test\/wp-json\/wp\/v2\/media\/9255"}],"wp:attachment":[{"href":"https:\/\/shrimataji.org\/test\/wp-json\/wp\/v2\/media?parent=12648"}],"curies":[{"name":"wp","href":"https:\/\/api.w.org\/{rel}","templated":true}]}}