{"id":14435,"date":"2023-02-20T03:40:29","date_gmt":"2023-02-20T03:40:29","guid":{"rendered":"https:\/\/shrimataji.org\/test\/?page_id=8414"},"modified":"2025-05-31T14:55:45","modified_gmt":"2025-05-31T14:55:45","slug":"early-life","status":"publish","type":"page","link":"https:\/\/shrimataji.org\/test\/ro\/shrimataji\/early-life\/","title":{"rendered":"Anii de tinere\u021be"},"content":{"rendered":"\n\n\t<h1>Anii de tinere\u021be<\/h1>\n<h2>De la mi\u0219carea pentru libertate a lui Gandhi la o er\u0103 a Realiz\u0103rii Sinelui \u00een mas\u0103<\/h2>\n\t<p>Mahatma Gandhi a l\u0103sat o impresie de neuitat tuturor celor care l-au \u00eent\u00e2lnit, inclusiv unei feti\u021be care obi\u0219nuia s\u0103 stea la ashram-ul s\u0103u. Aceast\u0103 feti\u021b\u0103 era Shri Mataji, pe care el a poreclit-o Nepali, datorit\u0103 tr\u0103s\u0103turilor ei asem\u0103n\u0103toare celor nepaleze.<\/p>\n<p>De la v\u00e2rsta de \u0219apte ani, Shri Mataji a petrecut mult timp cu Gandhi la ashram-ul s\u0103u. \u201eEl st\u0103tea cu Mine, \u0219i \u00eemi punea serios \u00eentreb\u0103ri foarte dulci&#8221;, \u0219i-a amintit Shri Mataji, care \u00eel \u00eenso\u021bea adesea \u00een timpul plimb\u0103rilor de diminea\u021b\u0103 \u00eenainte de rug\u0103ciunile colective.<\/p>\n\t\t\t\t<img decoding=\"async\" src=\"https:\/\/shrimataji.org\/test\/wp-content\/uploads\/2018\/07\/media_originals\/images\/shri-mataji-and-family\/shri-mataji-as-a-young-child.jpg\" alt=\"shri-mataji-as-a-young-child\" itemprop=\"image\" height=\"407\" width=\"640\" title=\"shri-mataji-as-a-young-child\" onerror=\"this.style.display='none'\" loading='lazy' \/>\n\t<p>\u201eA fost un maestru foarte strict, dar o persoan\u0103 extrem de iubitoare \u0219i plin\u0103 de compasiune&#8221;, a spus Shri Mataji. \u201e\u00centotdeauna \u00eemi vorbea \u00eentr-un fel anume de parc\u0103 a\u0219 fi fost o bunic\u0103, \u0219i obi\u0219nuia s\u0103 discute diverse lucruri cu Mine. Era surprinz\u0103tor pentru to\u021bi ceilal\u021bi \u00eentr-un fel, de parc\u0103 Eu \u00eei p\u0103ream mai \u00een\u021beleapt\u0103 dec\u00e2t restul lumii. \u0218i spunea c\u0103 uneori un sfat mai bun poate veni de la copii dec\u00e2t de la persoanele mai \u00een v\u00e2rst\u0103.&#8221;<\/p>\n<p>Mai t\u00e2rziu, Shri Mataji l-a l\u0103udat pe Gandhi pentru c\u0103 a stabilizat baza pentru dharma, religia interioar\u0103, sau principiile morale \u00een \u021bara sa. El i-a \u00eencurajat pe oameni s\u0103 citeasc\u0103 Biblia, s\u0103 \u00een\u021beleag\u0103 Bhagavad Gita, s\u0103 cunoasc\u0103 toate marile scripturi \u0219i marii profe\u021bi ai lumii \u0219i s\u0103-i \u00een\u021beleag\u0103 \u00eentr-un mod integrat.<\/p>\n<p>\u00cen timpul conversa\u021biilor cu Gandhi, ei au explorat nu numai natura inerent\u0103 a personalit\u0103\u021bii umane, ci \u0219i c\u0103ile \u0219i mijloacele de a aduce eliberarea social\u0103 \u0219i spiritual\u0103. C\u00e2nd a fost \u00eentrebat\u0103 despre experien\u021ba Ei cu Gandhi, Shri Mataji a povestit una dintre discu\u021biile lor: Gandhi era foarte strict cu regulile lui \u0219i cerea oamenilor s\u0103 se trezeasc\u0103 la 4 diminea\u021b\u0103, s\u0103 posteasc\u0103 \u0219i a\u0219a mai departe, iar Shri Mataji i-a spus: \u201eE\u0219ti prea strict&#8230; nu e prea mult?&#8221;<\/p>\n<p>Gandhi a explicat c\u0103 era necesar s\u0103 existe o disciplin\u0103 strict\u0103 \u00een perioadele de urgen\u021b\u0103, c\u00e2nd mi\u0219carea pentru libertatea \u021b\u0103rii \u00eencepea s\u0103 ia av\u00e2nt..<\/p>\n<p>La aceasta, Shri Mataji a sugerat: \u201eBapu, dac\u0103 vrei s\u0103 disciplinezi oamenii, de ce s\u0103 nu le dai disciplin\u0103 din interior?&#8221;<\/p>\n<p>Gandhi a \u00eentrebat cum ar fi fost posibil? Ea l-a asigurat c\u0103 transformarea interioar\u0103 era r\u0103spunsul. Dar el a explicat: \u201e\u00cen primul r\u00e2nd, trebuie s\u0103 fim liberi (de st\u0103p\u00e2nirea britanic\u0103). Dac\u0103 nu suntem liberi, de ce ne putem bucura? Nu putem vorbi despre asta. Oamenii vor spune c\u0103 nici m\u0103car nu suntem liberi, cum putem vorbi de libertatea Spiritului? Ar trebui s\u0103 ne eliber\u0103m mai \u00eent\u00e2i de domina\u021bia str\u0103in\u0103&#8221;.<\/p>\n<p>\u00cen anii urm\u0103tori, mesajul lui Gandhi s-a r\u0103sp\u00e2ndit \u00een mas\u0103, de la fermierii analfabe\u021bi p\u00e2n\u0103 la clasele mai privilegiate \u0219i la cei mai educa\u021bi membri ai societ\u0103\u021bii. Shri Mataji a luat parte la lupta pentru libertate, fiind un exemplu de urmat \u0219i pentru al\u021bi studen\u021bi.<\/p>\n<p>\u00cen 1947, India a devenit \u00een sf\u00e2r\u0219it o na\u021biune liber\u0103. Au trecut mul\u021bi ani de la discu\u021biile din copil\u0103rie ale lui Shri Mataji cu Gandhi, dar nu cu mult \u00eenainte de ultimele lui zile, el a cerut s\u0103 o vad\u0103. \u201eL-am \u00eent\u00e2lnit&#8230; imediat m-a recunoscut&#8221;, \u0219i-a amintit Shri Mataji. \u201eEl a spus: \u201eVino la mine dup\u0103 rug\u0103ciune&#8221;. C\u00e2nd ne-am \u00eent\u00e2lnit, mi-a spus: \u201eAcum po\u021bi s\u0103-\u021bi \u00eencepi munca de construc\u021bie. \u00cencepe-\u021bi munca de construc\u021bie&#8230;&#8221;<\/p>\n<p>Shri Mataji a continuat s\u0103 studieze diferitele probleme cu care se confrunt\u0103 fiin\u021bele umane, precum \u0219i posibilele solu\u021bii. Au mai trecut mul\u021bi ani p\u00e2n\u0103 s\u0103-\u0219i \u00eenceap\u0103 munca de transformare prin Sahaja Yoga. A\u0219a cum Gandhi a ridicat masele \u0219i \u0219i-a \u00eendrumat \u021bara c\u0103tre libertate, munca lui Shri Mataji avea s\u0103 transforme nu doar c\u00e2\u021biva indivizi, ci mii \u0219i mii de oameni din \u00eentreaga lume. Sosise timpul libert\u0103\u021bii interioare.<\/p>\n\t\t<img decoding=\"async\" data-spai-excluded=\"true\" loading=\"lazy\"  alt=\"YouTube player\"  src=\"https:\/\/i.ytimg.com\/vi\/R3BuPaDgo4c\/maxresdefault.jpg\"  \/><button aria-label=\"Play\"><\/button><meta itemprop=\"embedUrl\" content=\"https:\/\/www.youtube.com\/embed\/R3BuPaDgo4c\"\/><meta itemprop=\"name\" content=\"Her Studies, Indian Independence, Gandhi\"\/><meta itemprop=\"description\" content=\"Shri Mataji describes her childhood and remarkable father who took her, aged 7, to meet Mahatma Gandhi. Recognizing her spiritual depths he asked the little girl to stay at his ashram and often consulted her on profound matters. She and her family were deeply committed to the freedom movement and endured great hardships. After Independence her father was the only Christian to be elected to the Central Assembly. Shri Mataji studied medicine and married Sir C.P. Srivastava. More videos at: http:\/\/ShriMataji.org ~ A Life Dedicated to Humanity ~\"\/><meta itemprop=\"thumbnailUrl\" content=\"https:\/\/i.ytimg.com\/vi\/R3BuPaDgo4c\/0.jpg\"\/><meta itemprop=\"duration\" content=\"PT6M33S\"\/><meta itemprop=\"uploadDate\" content=\"2020-07-19T23:59:15Z\"\/>\t\n\t<div class=\"su-quote su-quote-style-default\"><div class=\"su-quote-inner su-u-clearfix su-u-trim\">Un lider politic nu trebuie s\u0103-\u0219i fac\u0103 griji \u00een privin\u021ba spiritului \u0219i religiei, dar el a considerat c\u0103 \u021bara noastr\u0103 este \u021bara yog\u0103i (a conexiunii cu Divinitatea)&#8230; Principala contribu\u021bie a lui Gandhi a fost aceea de a stabili echilibrul \u00een oameni \u0219i de a-i face mai m\u00e2ndri c\u0103 sunt indieni, \u00eendep\u0103rt\u00e2nd mentalitatea de sclavi care se strecurase \u00een noi.<\/div><\/div>\n\t\t\t\t<img decoding=\"async\" src=\"https:\/\/shrimataji.org\/test\/wp-content\/uploads\/2025\/05\/RO_Chhindwara_Final-1920x516-1.webp\" alt=\"Locul de na\u0219tere al Sfin\u021biei Sale Shri Mataji Nirmala Devi, Chhindwara, India\" itemprop=\"image\" height=\"516\" width=\"1920\" title=\"Ro_Chhindwara_Final-1920x516-1\" onerror=\"this.style.display='none'\" loading='lazy' \/>\n\t\tLocul de na\u0219tere al Sfin\u021biei Sale Shri Mataji Nirmala Devi, Chhindwara, India\n\n","protected":false},"excerpt":{"rendered":"<p>Anii de tinere\u021be De la mi\u0219carea pentru libertate a lui Gandhi la o er\u0103 a Realiz\u0103rii Sinelui \u00een mas\u0103 Mahatma Gandhi a l\u0103sat o impresie de neuitat tuturor celor care l-au \u00eent\u00e2lnit, inclusiv unei feti\u021be care obi\u0219nuia s\u0103 stea la ashram-ul s\u0103u. Aceast\u0103 feti\u021b\u0103 era Shri Mataji, pe care el a poreclit-o Nepali, datorit\u0103 tr\u0103s\u0103turilor&hellip; <br \/> <a class=\"read-more\" href=\"https:\/\/shrimataji.org\/test\/ro\/shrimataji\/early-life\/\">Read more<\/a><\/p>\n","protected":false},"author":56,"featured_media":14436,"parent":14535,"menu_order":0,"comment_status":"closed","ping_status":"closed","template":"","meta":{"inline_featured_image":false,"footnotes":""},"class_list":["post-14435","page","type-page","status-publish","has-post-thumbnail","hentry"],"yoast_head":"<!-- This site is optimized with the Yoast SEO plugin v27.4 - https:\/\/yoast.com\/product\/yoast-seo-wordpress\/ -->\n<title>Anii de tinere\u021be - TEST - SMND<\/title>\n<meta name=\"robots\" content=\"noindex, follow, max-snippet:-1, max-image-preview:large, max-video-preview:-1\" \/>\n<meta property=\"og:locale\" content=\"en_US\" \/>\n<meta property=\"og:type\" content=\"article\" \/>\n<meta property=\"og:title\" content=\"Anii de tinere\u021be - TEST - SMND\" \/>\n<meta property=\"og:description\" content=\"Anii de tinere\u021be De la mi\u0219carea pentru libertate a lui Gandhi la o er\u0103 a Realiz\u0103rii Sinelui \u00een mas\u0103 Mahatma Gandhi a l\u0103sat o impresie de neuitat tuturor celor care l-au \u00eent\u00e2lnit, inclusiv unei feti\u021be care obi\u0219nuia s\u0103 stea la ashram-ul s\u0103u. Aceast\u0103 feti\u021b\u0103 era Shri Mataji, pe care el a poreclit-o Nepali, datorit\u0103 tr\u0103s\u0103turilor&hellip; Read more\" \/>\n<meta property=\"og:url\" content=\"https:\/\/shrimataji.org\/test\/ro\/shrimataji\/early-life\/\" \/>\n<meta property=\"og:site_name\" content=\"TEST - SMND\" \/>\n<meta property=\"article:publisher\" content=\"https:\/\/www.facebook.com\/shrimataji\" \/>\n<meta property=\"article:modified_time\" content=\"2025-05-31T14:55:45+00:00\" \/>\n<meta property=\"og:image\" content=\"https:\/\/shrimataji.org\/test\/wp-content\/uploads\/2023\/03\/1_Banner_EarlyLife-scaled.jpg\" \/>\n\t<meta property=\"og:image:width\" content=\"2560\" \/>\n\t<meta property=\"og:image:height\" content=\"905\" \/>\n\t<meta property=\"og:image:type\" content=\"image\/jpeg\" \/>\n<meta name=\"twitter:card\" content=\"summary_large_image\" \/>\n<meta name=\"twitter:site\" content=\"@shrimataji\" \/>\n<meta name=\"twitter:label1\" content=\"Est. reading time\" \/>\n\t<meta name=\"twitter:data1\" content=\"4 minutes\" \/>\n<script type=\"application\/ld+json\" class=\"yoast-schema-graph\">{\"@context\":\"https:\\\/\\\/schema.org\",\"@graph\":[{\"@type\":\"WebPage\",\"@id\":\"https:\\\/\\\/shrimataji.org\\\/test\\\/ro\\\/shrimataji\\\/early-life\\\/\",\"url\":\"https:\\\/\\\/shrimataji.org\\\/test\\\/ro\\\/shrimataji\\\/early-life\\\/\",\"name\":\"Anii de tinere\u021be - TEST - SMND\",\"isPartOf\":{\"@id\":\"https:\\\/\\\/shrimataji.org\\\/test\\\/#website\"},\"primaryImageOfPage\":{\"@id\":\"https:\\\/\\\/shrimataji.org\\\/test\\\/ro\\\/shrimataji\\\/early-life\\\/#primaryimage\"},\"image\":{\"@id\":\"https:\\\/\\\/shrimataji.org\\\/test\\\/ro\\\/shrimataji\\\/early-life\\\/#primaryimage\"},\"thumbnailUrl\":\"https:\\\/\\\/shrimataji.org\\\/test\\\/wp-content\\\/uploads\\\/2023\\\/03\\\/1_Banner_EarlyLife-scaled.jpg\",\"datePublished\":\"2023-02-20T03:40:29+00:00\",\"dateModified\":\"2025-05-31T14:55:45+00:00\",\"breadcrumb\":{\"@id\":\"https:\\\/\\\/shrimataji.org\\\/test\\\/ro\\\/shrimataji\\\/early-life\\\/#breadcrumb\"},\"inLanguage\":\"en-US\",\"potentialAction\":[{\"@type\":\"ReadAction\",\"target\":[\"https:\\\/\\\/shrimataji.org\\\/test\\\/ro\\\/shrimataji\\\/early-life\\\/\"]}]},{\"@type\":\"ImageObject\",\"inLanguage\":\"en-US\",\"@id\":\"https:\\\/\\\/shrimataji.org\\\/test\\\/ro\\\/shrimataji\\\/early-life\\\/#primaryimage\",\"url\":\"https:\\\/\\\/shrimataji.org\\\/test\\\/wp-content\\\/uploads\\\/2023\\\/03\\\/1_Banner_EarlyLife-scaled.jpg\",\"contentUrl\":\"https:\\\/\\\/shrimataji.org\\\/test\\\/wp-content\\\/uploads\\\/2023\\\/03\\\/1_Banner_EarlyLife-scaled.jpg\",\"width\":2560,\"height\":905},{\"@type\":\"BreadcrumbList\",\"@id\":\"https:\\\/\\\/shrimataji.org\\\/test\\\/ro\\\/shrimataji\\\/early-life\\\/#breadcrumb\",\"itemListElement\":[{\"@type\":\"ListItem\",\"position\":1,\"name\":\"Home\",\"item\":\"https:\\\/\\\/shrimataji.org\\\/test\\\/uk\\\/home-en\\\/\"},{\"@type\":\"ListItem\",\"position\":2,\"name\":\"Shri Mataji RO\",\"item\":\"https:\\\/\\\/shrimataji.org\\\/test\\\/ro\\\/shrimataji\\\/\"},{\"@type\":\"ListItem\",\"position\":3,\"name\":\"Anii de tinere\u021be\"}]},{\"@type\":\"WebSite\",\"@id\":\"https:\\\/\\\/shrimataji.org\\\/test\\\/#website\",\"url\":\"https:\\\/\\\/shrimataji.org\\\/test\\\/\",\"name\":\"Shri Mataji Nirmala Devi\",\"description\":\"A Life Dedicated to Humanity\",\"publisher\":{\"@id\":\"https:\\\/\\\/shrimataji.org\\\/test\\\/#\\\/schema\\\/person\\\/a1b3419c6585f164aa96da1ff85715d1\"},\"potentialAction\":[{\"@type\":\"SearchAction\",\"target\":{\"@type\":\"EntryPoint\",\"urlTemplate\":\"https:\\\/\\\/shrimataji.org\\\/test\\\/?s={search_term_string}\"},\"query-input\":{\"@type\":\"PropertyValueSpecification\",\"valueRequired\":true,\"valueName\":\"search_term_string\"}}],\"inLanguage\":\"en-US\"},{\"@type\":[\"Person\",\"Organization\"],\"@id\":\"https:\\\/\\\/shrimataji.org\\\/test\\\/#\\\/schema\\\/person\\\/a1b3419c6585f164aa96da1ff85715d1\",\"name\":\"Nirmala Shrivastava\",\"image\":{\"@type\":\"ImageObject\",\"inLanguage\":\"en-US\",\"@id\":\"https:\\\/\\\/shrimataji.org\\\/test\\\/wp-content\\\/uploads\\\/2023\\\/02\\\/SMO_LOGO-03.svg\",\"url\":\"https:\\\/\\\/shrimataji.org\\\/test\\\/wp-content\\\/uploads\\\/2023\\\/02\\\/SMO_LOGO-03.svg\",\"contentUrl\":\"https:\\\/\\\/shrimataji.org\\\/test\\\/wp-content\\\/uploads\\\/2023\\\/02\\\/SMO_LOGO-03.svg\",\"width\":\"1024\",\"height\":\"1024\",\"caption\":\"Nirmala Shrivastava\"},\"logo\":{\"@id\":\"https:\\\/\\\/shrimataji.org\\\/test\\\/wp-content\\\/uploads\\\/2023\\\/02\\\/SMO_LOGO-03.svg\"},\"sameAs\":[\"https:\\\/\\\/shrimataji.org\\\/test\",\"https:\\\/\\\/www.facebook.com\\\/shrimataji\",\"https:\\\/\\\/x.com\\\/shrimataji\",\"https:\\\/\\\/www.youtube.com\\\/@Shri_Mataji_Nirmala_Devi\\\/featured\"]}]}<\/script>\n<!-- \/ Yoast SEO plugin. -->","yoast_head_json":{"title":"Anii de tinere\u021be - TEST - SMND","robots":{"index":"noindex","follow":"follow","max-snippet":"max-snippet:-1","max-image-preview":"max-image-preview:large","max-video-preview":"max-video-preview:-1"},"og_locale":"en_US","og_type":"article","og_title":"Anii de tinere\u021be - TEST - SMND","og_description":"Anii de tinere\u021be De la mi\u0219carea pentru libertate a lui Gandhi la o er\u0103 a Realiz\u0103rii Sinelui \u00een mas\u0103 Mahatma Gandhi a l\u0103sat o impresie de neuitat tuturor celor care l-au \u00eent\u00e2lnit, inclusiv unei feti\u021be care obi\u0219nuia s\u0103 stea la ashram-ul s\u0103u. Aceast\u0103 feti\u021b\u0103 era Shri Mataji, pe care el a poreclit-o Nepali, datorit\u0103 tr\u0103s\u0103turilor&hellip; Read more","og_url":"https:\/\/shrimataji.org\/test\/ro\/shrimataji\/early-life\/","og_site_name":"TEST - SMND","article_publisher":"https:\/\/www.facebook.com\/shrimataji","article_modified_time":"2025-05-31T14:55:45+00:00","og_image":[{"width":2560,"height":905,"url":"https:\/\/shrimataji.org\/test\/wp-content\/uploads\/2023\/03\/1_Banner_EarlyLife-scaled.jpg","type":"image\/jpeg"}],"twitter_card":"summary_large_image","twitter_site":"@shrimataji","twitter_misc":{"Est. reading time":"4 minutes"},"schema":{"@context":"https:\/\/schema.org","@graph":[{"@type":"WebPage","@id":"https:\/\/shrimataji.org\/test\/ro\/shrimataji\/early-life\/","url":"https:\/\/shrimataji.org\/test\/ro\/shrimataji\/early-life\/","name":"Anii de tinere\u021be - TEST - SMND","isPartOf":{"@id":"https:\/\/shrimataji.org\/test\/#website"},"primaryImageOfPage":{"@id":"https:\/\/shrimataji.org\/test\/ro\/shrimataji\/early-life\/#primaryimage"},"image":{"@id":"https:\/\/shrimataji.org\/test\/ro\/shrimataji\/early-life\/#primaryimage"},"thumbnailUrl":"https:\/\/shrimataji.org\/test\/wp-content\/uploads\/2023\/03\/1_Banner_EarlyLife-scaled.jpg","datePublished":"2023-02-20T03:40:29+00:00","dateModified":"2025-05-31T14:55:45+00:00","breadcrumb":{"@id":"https:\/\/shrimataji.org\/test\/ro\/shrimataji\/early-life\/#breadcrumb"},"inLanguage":"en-US","potentialAction":[{"@type":"ReadAction","target":["https:\/\/shrimataji.org\/test\/ro\/shrimataji\/early-life\/"]}]},{"@type":"ImageObject","inLanguage":"en-US","@id":"https:\/\/shrimataji.org\/test\/ro\/shrimataji\/early-life\/#primaryimage","url":"https:\/\/shrimataji.org\/test\/wp-content\/uploads\/2023\/03\/1_Banner_EarlyLife-scaled.jpg","contentUrl":"https:\/\/shrimataji.org\/test\/wp-content\/uploads\/2023\/03\/1_Banner_EarlyLife-scaled.jpg","width":2560,"height":905},{"@type":"BreadcrumbList","@id":"https:\/\/shrimataji.org\/test\/ro\/shrimataji\/early-life\/#breadcrumb","itemListElement":[{"@type":"ListItem","position":1,"name":"Home","item":"https:\/\/shrimataji.org\/test\/uk\/home-en\/"},{"@type":"ListItem","position":2,"name":"Shri Mataji RO","item":"https:\/\/shrimataji.org\/test\/ro\/shrimataji\/"},{"@type":"ListItem","position":3,"name":"Anii de tinere\u021be"}]},{"@type":"WebSite","@id":"https:\/\/shrimataji.org\/test\/#website","url":"https:\/\/shrimataji.org\/test\/","name":"Shri Mataji Nirmala Devi","description":"A Life Dedicated to Humanity","publisher":{"@id":"https:\/\/shrimataji.org\/test\/#\/schema\/person\/a1b3419c6585f164aa96da1ff85715d1"},"potentialAction":[{"@type":"SearchAction","target":{"@type":"EntryPoint","urlTemplate":"https:\/\/shrimataji.org\/test\/?s={search_term_string}"},"query-input":{"@type":"PropertyValueSpecification","valueRequired":true,"valueName":"search_term_string"}}],"inLanguage":"en-US"},{"@type":["Person","Organization"],"@id":"https:\/\/shrimataji.org\/test\/#\/schema\/person\/a1b3419c6585f164aa96da1ff85715d1","name":"Nirmala Shrivastava","image":{"@type":"ImageObject","inLanguage":"en-US","@id":"https:\/\/shrimataji.org\/test\/wp-content\/uploads\/2023\/02\/SMO_LOGO-03.svg","url":"https:\/\/shrimataji.org\/test\/wp-content\/uploads\/2023\/02\/SMO_LOGO-03.svg","contentUrl":"https:\/\/shrimataji.org\/test\/wp-content\/uploads\/2023\/02\/SMO_LOGO-03.svg","width":"1024","height":"1024","caption":"Nirmala Shrivastava"},"logo":{"@id":"https:\/\/shrimataji.org\/test\/wp-content\/uploads\/2023\/02\/SMO_LOGO-03.svg"},"sameAs":["https:\/\/shrimataji.org\/test","https:\/\/www.facebook.com\/shrimataji","https:\/\/x.com\/shrimataji","https:\/\/www.youtube.com\/@Shri_Mataji_Nirmala_Devi\/featured"]}]}},"lang":"ro","translations":{"ro":14435,"ur":37411,"en":8414,"am":18348,"th":19917,"hu":19457,"sq":18383,"zh":17280,"hi":8389,"tr":10148,"pt":10361,"de":10635,"fr":10733,"it":10831,"es":10928,"ja":11225,"ru":11413,"bn":11605,"te":11713,"sw":11836,"he":11984,"el":12275,"sk":12373,"fa":12471,"fi":12569,"bg":13361,"cs":14628,"nl":16543,"ku":16703,"ar":16879,"be":18590,"kn":18864,"mr":20281,"uk":20573,"ml":20872,"ta":22698,"sv":22971,"gu":28819,"pa":28977,"fil":29417,"da":37725,"pl":37942,"nn":38277},"pll_sync_post":[],"_links":{"self":[{"href":"https:\/\/shrimataji.org\/test\/wp-json\/wp\/v2\/pages\/14435","targetHints":{"allow":["GET"]}}],"collection":[{"href":"https:\/\/shrimataji.org\/test\/wp-json\/wp\/v2\/pages"}],"about":[{"href":"https:\/\/shrimataji.org\/test\/wp-json\/wp\/v2\/types\/page"}],"author":[{"embeddable":true,"href":"https:\/\/shrimataji.org\/test\/wp-json\/wp\/v2\/users\/56"}],"replies":[{"embeddable":true,"href":"https:\/\/shrimataji.org\/test\/wp-json\/wp\/v2\/comments?post=14435"}],"version-history":[{"count":0,"href":"https:\/\/shrimataji.org\/test\/wp-json\/wp\/v2\/pages\/14435\/revisions"}],"up":[{"embeddable":true,"href":"https:\/\/shrimataji.org\/test\/wp-json\/wp\/v2\/pages\/14535"}],"wp:featuredmedia":[{"embeddable":true,"href":"https:\/\/shrimataji.org\/test\/wp-json\/wp\/v2\/media\/14436"}],"wp:attachment":[{"href":"https:\/\/shrimataji.org\/test\/wp-json\/wp\/v2\/media?parent=14435"}],"curies":[{"name":"wp","href":"https:\/\/api.w.org\/{rel}","templated":true}]}}