{"id":14487,"date":"2022-01-23T02:49:35","date_gmt":"2022-01-23T02:49:35","guid":{"rendered":"https:\/\/test.shrimataji.org\/?page_id=6269"},"modified":"2024-12-12T23:06:41","modified_gmt":"2024-12-12T23:06:41","slug":"experienta-realizarii-sinelui","status":"publish","type":"page","link":"https:\/\/shrimataji.org\/test\/ro\/experienta-realizarii-sinelui\/","title":{"rendered":"Experimenta\u021bi Realizarea Sinelui"},"content":{"rendered":"\n\n\t<h1><strong>Experimenta\u021bi Realizarea Sinelui<\/strong><\/h1>\n<h2><strong>Ave\u021bi nevoie doar de o dorin\u021b\u0103 pur\u0103<\/strong><\/h2>\n<div class=\"su-quote su-quote-style-default\"><div class=\"su-quote-inner su-u-clearfix su-u-trim\"><em>Este dreptul fiec\u0103ruia s\u0103 ating\u0103 aceast\u0103 stare de evolu\u021bie \u0219i tot ceea ce este necesar este deja construit \u00een voi. Dar, fiindc\u0103 v\u0103 respect libertatea, trebuie s\u0103 ave\u021bi dorin\u021ba de a atinge aceast\u0103 stare, ea nu poate fi for\u021bat\u0103<\/em> <\/div><\/div>\n\t<h4>Shri Mataji este singurul maestru spiritual din istoria omenirii care a oferit experien\u021ba Realiz\u0103rii Sinelui \u00een mas\u0103 \u00een \u00eentreaga lume, \u00een mii de programe publice. Milioane de oameni au beneficiat de aceast\u0103 experien\u021b\u0103 unic\u0103, fapt care a devenit un punct de cotitur\u0103 \u00een via\u021ba lor. C\u0103ut\u0103torii care particip\u0103 la programe, experimenteaz\u0103 Realizarea Sinelui ca pe o stare de lini\u0219te interioar\u0103 complet\u0103, o stare de relaxare fizic\u0103 \u0219i adesea percep o adiere mai cald\u0103 sau mai r\u0103coroas\u0103 \u00een palme \u0219i uneori pe \u00eentregul corp.<\/h4>\n<p>Urm\u0103torii pa\u0219i v\u0103 vor ajuta s\u0103 v\u0103 preg\u0103ti\u021bi pentru experien\u021ba Realiz\u0103rii Sinelui: Sta\u021bi confortabil cu spatele drept; scoaterea pantofilor ar putea ajuta, de asemenea, deoarece Mama P\u0103m\u00e2nt aspir\u0103 toate energiile negative prin picioarele noastre.<\/p>\n<p>Pune\u021bi ambele m\u00e2ini \u00een poal\u0103 cu palmele deschise \u00een sus. Pentru a v\u0103 stabiliza aten\u021bia, pute\u021bi urm\u0103ri imaginea cu Shri Mataji pe ecran. Odat\u0103 ce v-a\u021bi stabilit lini\u0219tea \u00een interior, \u00eencerca\u021bi s\u0103 v\u0103 urm\u0103ri\u021bi g\u00e2ndurile.<\/p>\n<p>Dac\u0103 experimenta\u021bi o lini\u0219te interioar\u0103 complet\u0103 \u0219i poate sim\u021bi\u021bi o adiere bl\u00e2nd\u0103 r\u0103coroas\u0103 \u00een palme sau deasupra \u00a0capului \u00een zona fontanelei, s\u0103 \u0219ti\u021bi c\u0103 sunte\u021bi un suflet realizat \u0219i c\u0103 a\u021bi atins \u00een mod spontan Realizarea Sinelui. Acesta este un \u00eenceput foarte bun \u0219i pa\u0219ii urm\u0103tori v\u0103 vor ajuta s\u0103 v\u0103 aprofunda\u021bi experien\u021ba medita\u021biei.<\/p>\n<p>&nbsp;<\/p>\n\t\t\t\t<img loading=\"lazy\" decoding=\"async\" src=\"https:\/\/shrimataji.org\/test\/wp-content\/uploads\/2023\/02\/ShriMataji_BW.webp\" alt=\"ShriMataji_BW\" itemprop=\"image\" height=\"960\" width=\"671\" title=\"ShriMataji_BW\" onerror=\"this.style.display='none'\"  \/>\n\t<p>De\u0219i se \u00eent\u00e2mpl\u0103 foarte rar ca unii oameni s\u0103 nu fi perceput Realizarea Sinelui complet\u0103 \u00een fa\u021ba lui Shri Mataji sau a fotografiei Sale, este benefic s\u0103 folosi\u021bi medita\u021bia ghidat\u0103 pentru Realizarea Sinelui pe care Shri Mataji a demonstrat-o de mii de ori \u00een \u00eentreaga lume.<\/p>\n\t<p>Pentru a urma medita\u021bia ghidat\u0103 cu Shri Mataji \u00een videoclipul \u00eenso\u021bitor, ar fi util s\u0103 v\u0103 familiariza\u021bi cu pa\u0219ii, deoarece ve\u021bi face \u00eentregul exerci\u021biu cu ochii \u00eenchi\u0219i. \u00cenchiderea ochilor ne ajut\u0103 s\u0103 experiment\u0103m mai profund Realizarea Sinelui \u0219i starea meditativ\u0103 care urmeaz\u0103 imediat. Pute\u021bi studia cu aten\u021bie secven\u021ba ilustra\u021biilor \u0219i a textului de mai jos pentru a determina pozi\u021bia corect\u0103 a m\u00e2inii pe corp spre care v\u0103 va ghida Shri Mataji \u00een exerci\u021biul de Realizarea Sinelui, \u00eempreun\u0103 cu afirma\u021biile pentru fiecare pozi\u021bie.<\/p>\n<p>Pe parcursul \u00eentregii sesiuni de Realizarea Sinelui, vom plasa <strong>m\u00e2na dreapt\u0103<\/strong> pe centrii energetici afla\u021bi de-a lungul p\u0103r\u021bii st\u00e2ngi a corpului \u0219i vom p\u0103stra <strong>palma m\u00e2inii st\u00e2ngi<\/strong> deschis\u0103, a\u0219a cum se arat\u0103 \u00een schi\u021bele urm\u0103toare.<\/p>\n\t\t\t\t<img loading=\"lazy\" decoding=\"async\" src=\"https:\/\/shrimataji.org\/test\/wp-content\/uploads\/2024\/11\/ro-man-1.png\" alt=\"pasul-1\" itemprop=\"image\" height=\"808\" width=\"546\" title=\"pasul-1\" onerror=\"this.style.display='none'\"  \/>\n\t\t\t\t<img loading=\"lazy\" decoding=\"async\" src=\"https:\/\/shrimataji.org\/test\/wp-content\/uploads\/2024\/11\/ro-man-2a.png\" alt=\"pasul-2\" itemprop=\"image\" height=\"808\" width=\"546\" title=\"pasul-2\" onerror=\"this.style.display='none'\"  \/>\n\t\t\t\t<img loading=\"lazy\" decoding=\"async\" src=\"https:\/\/shrimataji.org\/test\/wp-content\/uploads\/2024\/11\/ro-man-3.png\" alt=\"pasul-3\" itemprop=\"image\" height=\"808\" width=\"546\" title=\"pasul-3\" onerror=\"this.style.display='none'\"  \/>\n\t\t\t\t<img loading=\"lazy\" decoding=\"async\" src=\"https:\/\/shrimataji.org\/test\/wp-content\/uploads\/2024\/11\/ro-man-4.png\" alt=\"pasul-4\" itemprop=\"image\" height=\"808\" width=\"546\" title=\"pasul-4\" onerror=\"this.style.display='none'\"  \/>\n\t\t\t\t<img loading=\"lazy\" decoding=\"async\" src=\"https:\/\/shrimataji.org\/test\/wp-content\/uploads\/2024\/11\/ro-man-5.png\" alt=\"pasul-5\" itemprop=\"image\" height=\"808\" width=\"546\" title=\"pasul-5\" onerror=\"this.style.display='none'\"  \/>\n\t\t\t\t<img loading=\"lazy\" decoding=\"async\" src=\"https:\/\/shrimataji.org\/test\/wp-content\/uploads\/2024\/11\/ro-man-6.png\" alt=\"pasul-6\" itemprop=\"image\" height=\"808\" width=\"546\" title=\"pasul-6\" onerror=\"this.style.display='none'\"  \/>\n\t\t\t\t<img loading=\"lazy\" decoding=\"async\" src=\"https:\/\/shrimataji.org\/test\/wp-content\/uploads\/2024\/11\/ro-man-7.png\" alt=\"pasul-7\" itemprop=\"image\" height=\"808\" width=\"546\" title=\"pasul-7\" onerror=\"this.style.display='none'\"  \/>\n\t\t\t\t<img loading=\"lazy\" decoding=\"async\" src=\"https:\/\/shrimataji.org\/test\/wp-content\/uploads\/2024\/11\/ro-man-8.png\" alt=\"pasul-8\" itemprop=\"image\" height=\"808\" width=\"546\" title=\"pasul-8\" onerror=\"this.style.display='none'\"  \/>\n\t\t\t\t<img loading=\"lazy\" decoding=\"async\" src=\"https:\/\/shrimataji.org\/test\/wp-content\/uploads\/2024\/11\/ro-man-09.png\" alt=\"pasul 9\" itemprop=\"image\" height=\"808\" width=\"546\" title=\"pasul 9\" onerror=\"this.style.display='none'\"  \/>\n\t<img decoding=\"async\" data-spai-excluded=\"true\" loading=\"lazy\"  alt=\"YouTube player\"  src=\"https:\/\/i.ytimg.com\/vi\/s59fA73PZXg\/maxresdefault.jpg\"  \/><button aria-label=\"Play\"><\/button><meta itemprop=\"embedUrl\" content=\"https:\/\/www.youtube.com\/embed\/s59fA73PZXg\"\/><meta itemprop=\"name\" content=\"Shri Mataji gives Self Realization RO\"\/><meta itemprop=\"description\" content=\"YouTube video\"\/><meta itemprop=\"thumbnailUrl\" content=\"https:\/\/i.ytimg.com\/vi\/s59fA73PZXg\/0.jpg\"\/><meta itemprop=\"duration\" content=\"PT10M45S\"\/><meta itemprop=\"uploadDate\" content=\"2024-12-01T21:21:56Z\"\/>\n\t<p>Acum, la sf\u00e2r\u0219itul medita\u021biei ghidate, observa\u021bi dac\u0103 v\u0103 sim\u021bi\u021bi relaxa\u021bi \u0219i dac\u0103 g\u00e2ndurile dvs. s-au calmat \u0219i au disp\u0103rut treptat. Aceasta este prima stare de medita\u021bie &#8211; starea de con\u0219tiin\u021b\u0103 f\u0103r\u0103 g\u00e2nduri. Este o stare de pur\u0103 \u00a0con\u0219tientizare plin\u0103 de pace a fiin\u021bei voastre \u0219i a lumii \u00eenconjur\u0103toare.<\/p>\n<p>Acum vede\u021bi dac\u0103 pute\u021bi sim\u021bi o senza\u021bie de adiere u\u0219oar\u0103 r\u0103coroas\u0103 \u00een palme \u0219i deasupra capului \u00een zona osului fontanelei. Ar putea fi cald la \u00eenceput, ceea ce este un semn c\u0103 energia voastr\u0103 Kundalini v\u0103 purific\u0103 sistemul subtil, dar se va r\u0103ci \u00een cele din urm\u0103. O pute\u021bi verifica pun\u00e2nd palma st\u00e2ng\u0103 pu\u021bin deasupra capului, apoi \u00eencerc\u00e2nd cu palma dreapt\u0103.<\/p>\n<p>Dac\u0103 nu pute\u021bi s\u0103 percepe\u021bi aceste lucruri, cauzele pot fi multiple. Una dintre cele mai comune este c\u0103 nu suntem capabili s\u0103 iert\u0103m. Poate fi de ajutor dac\u0103 spune\u021bi din inim\u0103 de c\u00e2teva ori: \u201eMam\u0103 (sau pute\u021bi spune Shri Mataji), iert pe toat\u0103 lumea&#8221; \u0219i verifica\u021bi din nou dac\u0103 sim\u021bi\u021bi briza r\u0103coroas\u0103 deasupra capului.<\/p>\n<p>Acesta este \u00eenceputul c\u0103l\u0103toriei voastre interioare \u00eentr-un nou t\u0103r\u00e2m al existen\u021bei spirituale eterne, pe care \u00eel pute\u021bi explora acum \u00een deplin\u0103 pace \u0219i armonie. Men\u021bin\u00e2nd aceast\u0103 nou\u0103 con\u0219tientizare prin medita\u021bie regulat\u0103, ve\u021bi putea sim\u021bi starea propriului vostru sistem subtil, precum \u0219i a celorlal\u021bi oameni \u00een v\u00e2rful degetelor voastre \u0219i le ve\u021bi putea corecta folosind propria voastr\u0103 energie spiritual\u0103 \u00eenn\u0103scut\u0103 &#8211; Kundalini.<\/p>\n<p>Urm\u0103toarele sec\u021biuni v\u0103 vor ajuta s\u0103 afla\u021bi mai multe despre medita\u021bia Sahaja Yoga \u0219i, de asemenea, despre cum pute\u021bi practica o medita\u021bie simpl\u0103 f\u0103r\u0103 efort acas\u0103. Sec\u021biunea despre medita\u021bia colectiv\u0103 v\u0103 va familiariza cu aspectul medita\u021biei colective, conform \u00eenv\u0103\u021b\u0103turilor primite de la Shri Mataji \u0219i ve\u021bi putea g\u0103si centrele de medita\u021bie Sahaja Yoga din \u00eentreaga lume.<\/p>\n\n","protected":false},"excerpt":{"rendered":"<p>Experimenta\u021bi Realizarea Sinelui Ave\u021bi nevoie doar de o dorin\u021b\u0103 pur\u0103 Shri Mataji este singurul maestru spiritual din istoria omenirii care a oferit experien\u021ba Realiz\u0103rii Sinelui \u00een mas\u0103 \u00een \u00eentreaga lume, \u00een mii de programe publice. Milioane de oameni au beneficiat de aceast\u0103 experien\u021b\u0103 unic\u0103, fapt care a devenit un punct de cotitur\u0103 \u00een via\u021ba lor.&hellip; <br \/> <a class=\"read-more\" href=\"https:\/\/shrimataji.org\/test\/ro\/experienta-realizarii-sinelui\/\">Read more<\/a><\/p>\n","protected":false},"author":56,"featured_media":14488,"parent":0,"menu_order":0,"comment_status":"closed","ping_status":"closed","template":"","meta":{"inline_featured_image":false,"footnotes":""},"class_list":["post-14487","page","type-page","status-publish","has-post-thumbnail","hentry"],"yoast_head":"<!-- This site is optimized with the Yoast SEO plugin v27.4 - https:\/\/yoast.com\/product\/yoast-seo-wordpress\/ -->\n<title>Experimenta\u021bi Realizarea Sinelui - TEST - SMND<\/title>\n<meta name=\"robots\" content=\"noindex, follow, max-snippet:-1, max-image-preview:large, max-video-preview:-1\" \/>\n<meta property=\"og:locale\" content=\"en_US\" \/>\n<meta property=\"og:type\" content=\"article\" \/>\n<meta property=\"og:title\" content=\"Experimenta\u021bi Realizarea Sinelui - TEST - SMND\" \/>\n<meta property=\"og:description\" content=\"Experimenta\u021bi Realizarea Sinelui Ave\u021bi nevoie doar de o dorin\u021b\u0103 pur\u0103 Shri Mataji este singurul maestru spiritual din istoria omenirii care a oferit experien\u021ba Realiz\u0103rii Sinelui \u00een mas\u0103 \u00een \u00eentreaga lume, \u00een mii de programe publice. Milioane de oameni au beneficiat de aceast\u0103 experien\u021b\u0103 unic\u0103, fapt care a devenit un punct de cotitur\u0103 \u00een via\u021ba lor.&hellip; Read more\" \/>\n<meta property=\"og:url\" content=\"https:\/\/shrimataji.org\/test\/ro\/experienta-realizarii-sinelui\/\" \/>\n<meta property=\"og:site_name\" content=\"TEST - SMND\" \/>\n<meta property=\"article:publisher\" content=\"https:\/\/www.facebook.com\/shrimataji\" \/>\n<meta property=\"article:modified_time\" content=\"2024-12-12T23:06:41+00:00\" \/>\n<meta property=\"og:image\" content=\"https:\/\/shrimataji.org\/test\/wp-content\/uploads\/2023\/03\/3_Banner-SY-Experience-2-scaled.jpg\" \/>\n\t<meta property=\"og:image:width\" content=\"2560\" \/>\n\t<meta property=\"og:image:height\" content=\"905\" \/>\n\t<meta property=\"og:image:type\" content=\"image\/jpeg\" \/>\n<meta name=\"twitter:card\" content=\"summary_large_image\" \/>\n<meta name=\"twitter:site\" content=\"@shrimataji\" \/>\n<meta name=\"twitter:label1\" content=\"Est. reading time\" \/>\n\t<meta name=\"twitter:data1\" content=\"6 minutes\" \/>\n<script type=\"application\/ld+json\" class=\"yoast-schema-graph\">{\"@context\":\"https:\\\/\\\/schema.org\",\"@graph\":[{\"@type\":\"WebPage\",\"@id\":\"https:\\\/\\\/shrimataji.org\\\/test\\\/ro\\\/experienta-realizarii-sinelui\\\/\",\"url\":\"https:\\\/\\\/shrimataji.org\\\/test\\\/ro\\\/experienta-realizarii-sinelui\\\/\",\"name\":\"Experimenta\u021bi Realizarea Sinelui - TEST - SMND\",\"isPartOf\":{\"@id\":\"https:\\\/\\\/shrimataji.org\\\/test\\\/#website\"},\"primaryImageOfPage\":{\"@id\":\"https:\\\/\\\/shrimataji.org\\\/test\\\/ro\\\/experienta-realizarii-sinelui\\\/#primaryimage\"},\"image\":{\"@id\":\"https:\\\/\\\/shrimataji.org\\\/test\\\/ro\\\/experienta-realizarii-sinelui\\\/#primaryimage\"},\"thumbnailUrl\":\"https:\\\/\\\/shrimataji.org\\\/test\\\/wp-content\\\/uploads\\\/2023\\\/03\\\/3_Banner-SY-Experience-2-scaled.jpg\",\"datePublished\":\"2022-01-23T02:49:35+00:00\",\"dateModified\":\"2024-12-12T23:06:41+00:00\",\"breadcrumb\":{\"@id\":\"https:\\\/\\\/shrimataji.org\\\/test\\\/ro\\\/experienta-realizarii-sinelui\\\/#breadcrumb\"},\"inLanguage\":\"en-US\",\"potentialAction\":[{\"@type\":\"ReadAction\",\"target\":[\"https:\\\/\\\/shrimataji.org\\\/test\\\/ro\\\/experienta-realizarii-sinelui\\\/\"]}]},{\"@type\":\"ImageObject\",\"inLanguage\":\"en-US\",\"@id\":\"https:\\\/\\\/shrimataji.org\\\/test\\\/ro\\\/experienta-realizarii-sinelui\\\/#primaryimage\",\"url\":\"https:\\\/\\\/shrimataji.org\\\/test\\\/wp-content\\\/uploads\\\/2023\\\/03\\\/3_Banner-SY-Experience-2-scaled.jpg\",\"contentUrl\":\"https:\\\/\\\/shrimataji.org\\\/test\\\/wp-content\\\/uploads\\\/2023\\\/03\\\/3_Banner-SY-Experience-2-scaled.jpg\",\"width\":2560,\"height\":905},{\"@type\":\"BreadcrumbList\",\"@id\":\"https:\\\/\\\/shrimataji.org\\\/test\\\/ro\\\/experienta-realizarii-sinelui\\\/#breadcrumb\",\"itemListElement\":[{\"@type\":\"ListItem\",\"position\":1,\"name\":\"Home\",\"item\":\"https:\\\/\\\/shrimataji.org\\\/test\\\/uk\\\/home-en\\\/\"},{\"@type\":\"ListItem\",\"position\":2,\"name\":\"Experimenta\u021bi Realizarea Sinelui\"}]},{\"@type\":\"WebSite\",\"@id\":\"https:\\\/\\\/shrimataji.org\\\/test\\\/#website\",\"url\":\"https:\\\/\\\/shrimataji.org\\\/test\\\/\",\"name\":\"Shri Mataji Nirmala Devi\",\"description\":\"A Life Dedicated to Humanity\",\"publisher\":{\"@id\":\"https:\\\/\\\/shrimataji.org\\\/test\\\/#\\\/schema\\\/person\\\/a1b3419c6585f164aa96da1ff85715d1\"},\"potentialAction\":[{\"@type\":\"SearchAction\",\"target\":{\"@type\":\"EntryPoint\",\"urlTemplate\":\"https:\\\/\\\/shrimataji.org\\\/test\\\/?s={search_term_string}\"},\"query-input\":{\"@type\":\"PropertyValueSpecification\",\"valueRequired\":true,\"valueName\":\"search_term_string\"}}],\"inLanguage\":\"en-US\"},{\"@type\":[\"Person\",\"Organization\"],\"@id\":\"https:\\\/\\\/shrimataji.org\\\/test\\\/#\\\/schema\\\/person\\\/a1b3419c6585f164aa96da1ff85715d1\",\"name\":\"Nirmala Shrivastava\",\"image\":{\"@type\":\"ImageObject\",\"inLanguage\":\"en-US\",\"@id\":\"https:\\\/\\\/shrimataji.org\\\/test\\\/wp-content\\\/uploads\\\/2023\\\/02\\\/SMO_LOGO-03.svg\",\"url\":\"https:\\\/\\\/shrimataji.org\\\/test\\\/wp-content\\\/uploads\\\/2023\\\/02\\\/SMO_LOGO-03.svg\",\"contentUrl\":\"https:\\\/\\\/shrimataji.org\\\/test\\\/wp-content\\\/uploads\\\/2023\\\/02\\\/SMO_LOGO-03.svg\",\"width\":\"1024\",\"height\":\"1024\",\"caption\":\"Nirmala Shrivastava\"},\"logo\":{\"@id\":\"https:\\\/\\\/shrimataji.org\\\/test\\\/wp-content\\\/uploads\\\/2023\\\/02\\\/SMO_LOGO-03.svg\"},\"sameAs\":[\"https:\\\/\\\/shrimataji.org\\\/test\",\"https:\\\/\\\/www.facebook.com\\\/shrimataji\",\"https:\\\/\\\/x.com\\\/shrimataji\",\"https:\\\/\\\/www.youtube.com\\\/@Shri_Mataji_Nirmala_Devi\\\/featured\"]}]}<\/script>\n<!-- \/ Yoast SEO plugin. -->","yoast_head_json":{"title":"Experimenta\u021bi Realizarea Sinelui - TEST - SMND","robots":{"index":"noindex","follow":"follow","max-snippet":"max-snippet:-1","max-image-preview":"max-image-preview:large","max-video-preview":"max-video-preview:-1"},"og_locale":"en_US","og_type":"article","og_title":"Experimenta\u021bi Realizarea Sinelui - TEST - SMND","og_description":"Experimenta\u021bi Realizarea Sinelui Ave\u021bi nevoie doar de o dorin\u021b\u0103 pur\u0103 Shri Mataji este singurul maestru spiritual din istoria omenirii care a oferit experien\u021ba Realiz\u0103rii Sinelui \u00een mas\u0103 \u00een \u00eentreaga lume, \u00een mii de programe publice. Milioane de oameni au beneficiat de aceast\u0103 experien\u021b\u0103 unic\u0103, fapt care a devenit un punct de cotitur\u0103 \u00een via\u021ba lor.&hellip; Read more","og_url":"https:\/\/shrimataji.org\/test\/ro\/experienta-realizarii-sinelui\/","og_site_name":"TEST - SMND","article_publisher":"https:\/\/www.facebook.com\/shrimataji","article_modified_time":"2024-12-12T23:06:41+00:00","og_image":[{"width":2560,"height":905,"url":"https:\/\/shrimataji.org\/test\/wp-content\/uploads\/2023\/03\/3_Banner-SY-Experience-2-scaled.jpg","type":"image\/jpeg"}],"twitter_card":"summary_large_image","twitter_site":"@shrimataji","twitter_misc":{"Est. reading time":"6 minutes"},"schema":{"@context":"https:\/\/schema.org","@graph":[{"@type":"WebPage","@id":"https:\/\/shrimataji.org\/test\/ro\/experienta-realizarii-sinelui\/","url":"https:\/\/shrimataji.org\/test\/ro\/experienta-realizarii-sinelui\/","name":"Experimenta\u021bi Realizarea Sinelui - TEST - SMND","isPartOf":{"@id":"https:\/\/shrimataji.org\/test\/#website"},"primaryImageOfPage":{"@id":"https:\/\/shrimataji.org\/test\/ro\/experienta-realizarii-sinelui\/#primaryimage"},"image":{"@id":"https:\/\/shrimataji.org\/test\/ro\/experienta-realizarii-sinelui\/#primaryimage"},"thumbnailUrl":"https:\/\/shrimataji.org\/test\/wp-content\/uploads\/2023\/03\/3_Banner-SY-Experience-2-scaled.jpg","datePublished":"2022-01-23T02:49:35+00:00","dateModified":"2024-12-12T23:06:41+00:00","breadcrumb":{"@id":"https:\/\/shrimataji.org\/test\/ro\/experienta-realizarii-sinelui\/#breadcrumb"},"inLanguage":"en-US","potentialAction":[{"@type":"ReadAction","target":["https:\/\/shrimataji.org\/test\/ro\/experienta-realizarii-sinelui\/"]}]},{"@type":"ImageObject","inLanguage":"en-US","@id":"https:\/\/shrimataji.org\/test\/ro\/experienta-realizarii-sinelui\/#primaryimage","url":"https:\/\/shrimataji.org\/test\/wp-content\/uploads\/2023\/03\/3_Banner-SY-Experience-2-scaled.jpg","contentUrl":"https:\/\/shrimataji.org\/test\/wp-content\/uploads\/2023\/03\/3_Banner-SY-Experience-2-scaled.jpg","width":2560,"height":905},{"@type":"BreadcrumbList","@id":"https:\/\/shrimataji.org\/test\/ro\/experienta-realizarii-sinelui\/#breadcrumb","itemListElement":[{"@type":"ListItem","position":1,"name":"Home","item":"https:\/\/shrimataji.org\/test\/uk\/home-en\/"},{"@type":"ListItem","position":2,"name":"Experimenta\u021bi Realizarea Sinelui"}]},{"@type":"WebSite","@id":"https:\/\/shrimataji.org\/test\/#website","url":"https:\/\/shrimataji.org\/test\/","name":"Shri Mataji Nirmala Devi","description":"A Life Dedicated to Humanity","publisher":{"@id":"https:\/\/shrimataji.org\/test\/#\/schema\/person\/a1b3419c6585f164aa96da1ff85715d1"},"potentialAction":[{"@type":"SearchAction","target":{"@type":"EntryPoint","urlTemplate":"https:\/\/shrimataji.org\/test\/?s={search_term_string}"},"query-input":{"@type":"PropertyValueSpecification","valueRequired":true,"valueName":"search_term_string"}}],"inLanguage":"en-US"},{"@type":["Person","Organization"],"@id":"https:\/\/shrimataji.org\/test\/#\/schema\/person\/a1b3419c6585f164aa96da1ff85715d1","name":"Nirmala Shrivastava","image":{"@type":"ImageObject","inLanguage":"en-US","@id":"https:\/\/shrimataji.org\/test\/wp-content\/uploads\/2023\/02\/SMO_LOGO-03.svg","url":"https:\/\/shrimataji.org\/test\/wp-content\/uploads\/2023\/02\/SMO_LOGO-03.svg","contentUrl":"https:\/\/shrimataji.org\/test\/wp-content\/uploads\/2023\/02\/SMO_LOGO-03.svg","width":"1024","height":"1024","caption":"Nirmala Shrivastava"},"logo":{"@id":"https:\/\/shrimataji.org\/test\/wp-content\/uploads\/2023\/02\/SMO_LOGO-03.svg"},"sameAs":["https:\/\/shrimataji.org\/test","https:\/\/www.facebook.com\/shrimataji","https:\/\/x.com\/shrimataji","https:\/\/www.youtube.com\/@Shri_Mataji_Nirmala_Devi\/featured"]}]}},"lang":"ro","translations":{"ro":14487,"ur":37424,"en":7043,"pa":25836,"gu":25439,"th":19936,"hu":19470,"sq":18396,"zh":17293,"hi":8277,"tr":10155,"pt":10368,"de":10642,"fr":10740,"it":10838,"es":10935,"ja":11232,"ru":11420,"bn":11612,"te":11720,"sw":11843,"he":11991,"el":12282,"sk":12380,"fa":12478,"fi":12576,"bg":13413,"cs":14680,"nl":16556,"ku":16716,"ar":16892,"be":18603,"kn":18877,"mr":20300,"uk":20592,"ml":20891,"ta":22711,"sv":22984,"bs":27284,"fil":29430,"sd":30998,"da":37738,"pl":37955,"nn":38290},"pll_sync_post":[],"_links":{"self":[{"href":"https:\/\/shrimataji.org\/test\/wp-json\/wp\/v2\/pages\/14487","targetHints":{"allow":["GET"]}}],"collection":[{"href":"https:\/\/shrimataji.org\/test\/wp-json\/wp\/v2\/pages"}],"about":[{"href":"https:\/\/shrimataji.org\/test\/wp-json\/wp\/v2\/types\/page"}],"author":[{"embeddable":true,"href":"https:\/\/shrimataji.org\/test\/wp-json\/wp\/v2\/users\/56"}],"replies":[{"embeddable":true,"href":"https:\/\/shrimataji.org\/test\/wp-json\/wp\/v2\/comments?post=14487"}],"version-history":[{"count":0,"href":"https:\/\/shrimataji.org\/test\/wp-json\/wp\/v2\/pages\/14487\/revisions"}],"wp:featuredmedia":[{"embeddable":true,"href":"https:\/\/shrimataji.org\/test\/wp-json\/wp\/v2\/media\/14488"}],"wp:attachment":[{"href":"https:\/\/shrimataji.org\/test\/wp-json\/wp\/v2\/media?parent=14487"}],"curies":[{"name":"wp","href":"https:\/\/api.w.org\/{rel}","templated":true}]}}