{"id":14502,"date":"2020-04-20T17:46:08","date_gmt":"2020-04-20T17:46:08","guid":{"rendered":"https:\/\/testwordpress.nirmalnagari.org\/smnd\/?page_id=3434"},"modified":"2024-12-12T23:06:41","modified_gmt":"2024-12-12T23:06:41","slug":"sahaja-yoga","status":"publish","type":"page","link":"https:\/\/shrimataji.org\/test\/ro\/sahaja-yoga\/","title":{"rendered":"Sahaja Yoga RO"},"content":{"rendered":"\n\n\t<h1>Sahaja Yoga<\/h1>\n<h2><strong>Trezirea interioar\u0103 prin Realizarea Sinelui \u0219i medita\u021bie <\/strong><\/h2>\n<h4><strong>Shri Mataji Nirmala Devi a revolu\u021bionat practica yoga prin actualizarea Realiz\u0103rii Sinelui la nivelul sistemului nervos central <\/strong>\u00cen istoria spiritualit\u0103\u021bii, Shri Mataji este prima \u0219i singura persoan\u0103 capabil\u0103 s\u0103 ofere experien\u021ba Realiz\u0103rii Sinelui \u00een mas\u0103. Ea a declarat c\u0103 este dreptul \u00eenn\u0103scut al tuturor fiin\u021belor umane de a-\u0219i primi Realizarea Sinelui, indiferent de religie, ras\u0103, sau na\u021bionalitate. Ea a insistat de asemenea, c\u0103 nu se poate pl\u0103ti pentru adev\u0103r sau pentru cunoa\u0219terea propriului sine, de aceea Realizarea Sinelui\u00a0 a fost \u0219i va fi\u00a0 mereu oferit\u0103 gratuit.<\/h4>\n<p>Shri Mataji s-a n\u0103scut cu energia Kundalini complet trezit\u0103 \u0219i \u00eenc\u0103 de la o v\u00e2rst\u0103 fraged\u0103 \u0219i-a dorit s\u0103 \u00eemp\u0103rt\u0103\u0219easc\u0103 acest dar pre\u021bios tuturor oamenilor. Tat\u0103l Ei a fost cel care a recunoscut \u00een Ea aceast\u0103 miraculoas\u0103 capacitate spiritual\u0103. El a sf\u0103tuit-o s\u0103 g\u0103seasc\u0103 mai \u00eent\u00e2i o modalitate de a da Realizarea Sinelui \u00een mas\u0103, lucru care s\u0103-i permit\u0103 s\u0103 ajung\u0103 la un public c\u00e2t mai larg, spre binele \u00eentregii umanit\u0103\u021bi. Acest lucru a inspirat-o pe Shri Mataji s\u0103 studieze oamenii timp de 47 de ani, tr\u0103ind \u0219i interac\u021bion\u00e2nd cu ei. Abia dup\u0103 ce a \u00een\u021beles pe deplin toate combina\u021biile \u0219i permut\u0103rile psihicului uman, a luat decizia de a deschide chakra Sahasrara (al \u0219aptelea centru energetic din cre\u0219tetul capului) \u00een interiorul propriei Sale fiin\u021be. Acest lucru i-a permis s\u0103-\u0219i \u00eendeplineasc\u0103 misiunea vie\u021bii, aceea de a d\u0103rui oamenilor evolu\u021bia spiritual\u0103 prin Realizarea Sinelui \u0219i medita\u021bia Sahaja Yoga la nivel colectiv.<\/p>\n<p>La data de 5 mai 1970, a avut loc un salt istoric \u00een evolu\u021bia spiritual\u0103 a omenirii. Dintr-odat\u0103 accesul la o con\u0219tiin\u021b\u0103 superioar\u0103 prin Realizarea Sinelui \u0219i medita\u021bie nu mai erau rezervate doar c\u00e2torva mae\u0219tri autentici, ci au devenit accesibile tuturor celor care c\u0103utau o cunoa\u0219tere mai \u00eenalt\u0103 a sinelui lor. Diferen\u021ba unic\u0103 pe care Shri Mataji a adus-o \u00een practica yoga a fost posibilitatea de a ob\u021bine Realizarea Sinelui \u00eenc\u0103 din prima zi. Anterior, acest lucru era rareori posibil chiar \u0219i dup\u0103 o practic\u0103 yoga riguroas\u0103 de-a lungul multor ani, poate chiar decenii, sub \u00eendrumarea atent\u0103 a unui guru. Shri Mataji a dezv\u0103luit faptul c\u0103 aceast\u0103 con\u0219tiin\u021b\u0103 uman\u0103 a atins un nivel \u00eenalt \u00een procesul evolutiv, devenind suficient de matur\u0103 pentru a primi Realizarea Sinelui \u00een mod spontan, dac\u0103 exist\u0103 un maestru spiritual autentic, care s\u0103 poat\u0103 trezi aceast\u0103 energie spiritual\u0103 primordial\u0103, Kundalini shakti (\u00een limba sanscrit\u0103 \u00eensemn\u00e2nd energia \u00een form\u0103 de spiral\u0103 a Atotp\u0103trunz\u0103toarei Puteri Divine), aflat\u0103 \u00een stare latent\u0103 la baza coloanei vertebrale.<\/p>\n<p>\u00cen urm\u0103toarele patru decenii, Shri Mataji a r\u0103sp\u00e2ndit \u0219i stabilizat practica medita\u021biei Sahaja Yoga. Oricine putea practica cu u\u0219urin\u021b\u0103 aceast\u0103 form\u0103 de yoga, indiferent de cultur\u0103, religie, v\u00e2rst\u0103 sau educa\u021bie. Mai mult chiar, cei care s-au stabilizat \u00een Sahaja Yoga au primit puterea de a transmite \u0219i ei mai departe darul pre\u021bios al Realiz\u0103rii Sinelui, la fel cum o lum\u00e2nare aprins\u0103 poate la r\u00e2ndul ei s\u0103 aprind\u0103 multe alte lum\u00e2n\u0103ri. Shri Mataji a subliniat \u00een mod special c\u0103 pentru Realizarea Sinelui sau pentru predarea cuno\u0219tin\u021belor de Sahaja Yoga nu se poate pl\u0103ti, pentru c\u0103 acesta este un drept \u00eenn\u0103scut al fiec\u0103rei persoane. \u00cen acest mod, Shri Mataji a pus bazele unei adev\u0103rate mi\u0219c\u0103ri spirituale bazat\u0103 pe Realizarea Sinelui \u00een mas\u0103, pe care tat\u0103l Ei \u0219i-a imaginat-o \u00eenc\u0103 de pe vremea c\u00e2nd Ea era un copil.<\/p>\n<p>Medita\u021bia Sahaja Yoga este o tehnic\u0103 simpl\u0103, lipsit\u0103 de \u00a0efort, pe care Shri Mataji a dezvoltat-o \u200b\u200bpentru a sus\u021bine transformarea interioar\u0103 care \u00eencepe prin Realizarea Sinelui. Cuv\u00e2ntul Sahaja \u00eenseamn\u0103 at\u00e2t \u201espontan&#8221;, c\u00e2t \u0219i \u201e\u00eenn\u0103scut&#8221;, descriind aceast\u0103 energie subtil\u0103 numit\u0103\u00a0 Kundalini, care exist\u0103 \u00een fiecare fiin\u021b\u0103 uman\u0103. Contrar credin\u021bei populare, yoga nu \u00eenseamn\u0103 o serie de exerci\u021bii fizice sau asane. Cuv\u00e2ntul yoga din limba sanscrit\u0103 \u00eenseamn\u0103 a lega, a uni, a contopi. Scopul yoga este de a face individul con\u0219tient de adev\u0103rata sa natur\u0103 divin\u0103, cea a propriului sine numit ,,Atma&#8221;(\u00een sanscrit\u0103 \u00eensemn\u00e2nd reflectarea Spiritului Divin atotp\u0103trunz\u0103tor) \u0219i de a atinge uniunea complet\u0103 cu aceast\u0103 nou\u0103 stare de con\u0219tiin\u021b\u0103. A\u0219a cum o pic\u0103tur\u0103 de ap\u0103 se contope\u0219te cu oceanul, se poate spune c\u0103 \u0219i con\u0219tiin\u021ba individual\u0103 se contope\u0219te cu con\u0219tiin\u021ba divin\u0103. C\u00e2nd are loc aceast\u0103 unire, for\u021ba integratoare a lui Kundalini aduce echilibru \u0219i pace at\u00e2t la nivel individual, c\u00e2t \u0219i la nivel colectiv.<\/p>\n<div class=\"su-quote su-quote-style-default\"><div class=\"su-quote-inner su-u-clearfix su-u-trim\">Semnifica\u021bia termenului de Sahaja Yoga poate fi \u00een\u021beleas\u0103 mai bine dac\u0103 o \u00eemp\u0103r\u021bim \u00een p\u0103r\u021bile sale componente: \u201eSaha&#8221; \u00eenseamn\u0103 \u201ecu&#8221; \u0219i \u201eja&#8221; \u00eenseamn\u0103 \u201en\u0103scut&#8221;, iar \u201eyoga&#8221; este uniunea sau \u201etehnica&#8221;. Deci Sahaja Yoga \u00eenseamn\u0103 c\u0103 tehnica evolu\u021biei este \u00eenn\u0103scut\u0103 \u00een fiecare dintre noi.<\/div><\/div>\n\t<img decoding=\"async\" data-spai-excluded=\"true\" loading=\"lazy\"  alt=\"YouTube player\"  src=\"https:\/\/i.ytimg.com\/vi\/0isS36I-zu8\/maxresdefault.jpg\"  \/><button aria-label=\"Play\"><\/button><meta itemprop=\"embedUrl\" content=\"https:\/\/www.youtube.com\/embed\/0isS36I-zu8\"\/><meta itemprop=\"name\" content=\"Sahaja Yoga is your birthright\"\/><meta itemprop=\"description\" content=\"YouTube video\"\/><meta itemprop=\"thumbnailUrl\" content=\"https:\/\/i.ytimg.com\/vi\/0isS36I-zu8\/0.jpg\"\/><meta itemprop=\"duration\" content=\"PT1M44S\"\/><meta itemprop=\"uploadDate\" content=\"2022-11-12T03:16:18Z\"\/>\n\n","protected":false},"excerpt":{"rendered":"<p>Sahaja Yoga Trezirea interioar\u0103 prin Realizarea Sinelui \u0219i medita\u021bie Shri Mataji Nirmala Devi a revolu\u021bionat practica yoga prin actualizarea Realiz\u0103rii Sinelui la nivelul sistemului nervos central \u00cen istoria spiritualit\u0103\u021bii, Shri Mataji este prima \u0219i singura persoan\u0103 capabil\u0103 s\u0103 ofere experien\u021ba Realiz\u0103rii Sinelui \u00een mas\u0103. Ea a declarat c\u0103 este dreptul \u00eenn\u0103scut al tuturor fiin\u021belor umane&hellip; <br \/> <a class=\"read-more\" href=\"https:\/\/shrimataji.org\/test\/ro\/sahaja-yoga\/\">Read more<\/a><\/p>\n","protected":false},"author":56,"featured_media":14503,"parent":0,"menu_order":0,"comment_status":"closed","ping_status":"closed","template":"","meta":{"inline_featured_image":false,"footnotes":""},"class_list":["post-14502","page","type-page","status-publish","has-post-thumbnail","hentry"],"yoast_head":"<!-- This site is optimized with the Yoast SEO plugin v27.4 - https:\/\/yoast.com\/product\/yoast-seo-wordpress\/ -->\n<title>Sahaja Yoga RO - TEST - SMND<\/title>\n<meta name=\"robots\" content=\"noindex, follow, max-snippet:-1, max-image-preview:large, max-video-preview:-1\" \/>\n<meta property=\"og:locale\" content=\"en_US\" \/>\n<meta property=\"og:type\" content=\"article\" \/>\n<meta property=\"og:title\" content=\"Sahaja Yoga RO - TEST - SMND\" \/>\n<meta property=\"og:description\" content=\"Sahaja Yoga Trezirea interioar\u0103 prin Realizarea Sinelui \u0219i medita\u021bie Shri Mataji Nirmala Devi a revolu\u021bionat practica yoga prin actualizarea Realiz\u0103rii Sinelui la nivelul sistemului nervos central \u00cen istoria spiritualit\u0103\u021bii, Shri Mataji este prima \u0219i singura persoan\u0103 capabil\u0103 s\u0103 ofere experien\u021ba Realiz\u0103rii Sinelui \u00een mas\u0103. Ea a declarat c\u0103 este dreptul \u00eenn\u0103scut al tuturor fiin\u021belor umane&hellip; Read more\" \/>\n<meta property=\"og:url\" content=\"https:\/\/shrimataji.org\/test\/ro\/sahaja-yoga\/\" \/>\n<meta property=\"og:site_name\" content=\"TEST - SMND\" \/>\n<meta property=\"article:publisher\" content=\"https:\/\/www.facebook.com\/shrimataji\" \/>\n<meta property=\"article:modified_time\" content=\"2024-12-12T23:06:41+00:00\" \/>\n<meta property=\"og:image\" content=\"https:\/\/shrimataji.org\/test\/wp-content\/uploads\/2023\/02\/Banner-SY-SY-scaled.jpg\" \/>\n\t<meta property=\"og:image:width\" content=\"2560\" \/>\n\t<meta property=\"og:image:height\" content=\"905\" \/>\n\t<meta property=\"og:image:type\" content=\"image\/jpeg\" \/>\n<meta name=\"twitter:card\" content=\"summary_large_image\" \/>\n<meta name=\"twitter:site\" content=\"@shrimataji\" \/>\n<meta name=\"twitter:label1\" content=\"Est. reading time\" \/>\n\t<meta name=\"twitter:data1\" content=\"4 minutes\" \/>\n<script type=\"application\/ld+json\" class=\"yoast-schema-graph\">{\"@context\":\"https:\\\/\\\/schema.org\",\"@graph\":[{\"@type\":\"WebPage\",\"@id\":\"https:\\\/\\\/shrimataji.org\\\/test\\\/ro\\\/sahaja-yoga\\\/\",\"url\":\"https:\\\/\\\/shrimataji.org\\\/test\\\/ro\\\/sahaja-yoga\\\/\",\"name\":\"Sahaja Yoga RO - TEST - SMND\",\"isPartOf\":{\"@id\":\"https:\\\/\\\/shrimataji.org\\\/test\\\/#website\"},\"primaryImageOfPage\":{\"@id\":\"https:\\\/\\\/shrimataji.org\\\/test\\\/ro\\\/sahaja-yoga\\\/#primaryimage\"},\"image\":{\"@id\":\"https:\\\/\\\/shrimataji.org\\\/test\\\/ro\\\/sahaja-yoga\\\/#primaryimage\"},\"thumbnailUrl\":\"https:\\\/\\\/shrimataji.org\\\/test\\\/wp-content\\\/uploads\\\/2023\\\/02\\\/Banner-SY-SY-scaled.jpg\",\"datePublished\":\"2020-04-20T17:46:08+00:00\",\"dateModified\":\"2024-12-12T23:06:41+00:00\",\"breadcrumb\":{\"@id\":\"https:\\\/\\\/shrimataji.org\\\/test\\\/ro\\\/sahaja-yoga\\\/#breadcrumb\"},\"inLanguage\":\"en-US\",\"potentialAction\":[{\"@type\":\"ReadAction\",\"target\":[\"https:\\\/\\\/shrimataji.org\\\/test\\\/ro\\\/sahaja-yoga\\\/\"]}]},{\"@type\":\"ImageObject\",\"inLanguage\":\"en-US\",\"@id\":\"https:\\\/\\\/shrimataji.org\\\/test\\\/ro\\\/sahaja-yoga\\\/#primaryimage\",\"url\":\"https:\\\/\\\/shrimataji.org\\\/test\\\/wp-content\\\/uploads\\\/2023\\\/02\\\/Banner-SY-SY-scaled.jpg\",\"contentUrl\":\"https:\\\/\\\/shrimataji.org\\\/test\\\/wp-content\\\/uploads\\\/2023\\\/02\\\/Banner-SY-SY-scaled.jpg\",\"width\":2560,\"height\":905},{\"@type\":\"BreadcrumbList\",\"@id\":\"https:\\\/\\\/shrimataji.org\\\/test\\\/ro\\\/sahaja-yoga\\\/#breadcrumb\",\"itemListElement\":[{\"@type\":\"ListItem\",\"position\":1,\"name\":\"Home\",\"item\":\"https:\\\/\\\/shrimataji.org\\\/test\\\/uk\\\/home-en\\\/\"},{\"@type\":\"ListItem\",\"position\":2,\"name\":\"Sahaja Yoga RO\"}]},{\"@type\":\"WebSite\",\"@id\":\"https:\\\/\\\/shrimataji.org\\\/test\\\/#website\",\"url\":\"https:\\\/\\\/shrimataji.org\\\/test\\\/\",\"name\":\"Shri Mataji Nirmala Devi\",\"description\":\"A Life Dedicated to Humanity\",\"publisher\":{\"@id\":\"https:\\\/\\\/shrimataji.org\\\/test\\\/#\\\/schema\\\/person\\\/a1b3419c6585f164aa96da1ff85715d1\"},\"potentialAction\":[{\"@type\":\"SearchAction\",\"target\":{\"@type\":\"EntryPoint\",\"urlTemplate\":\"https:\\\/\\\/shrimataji.org\\\/test\\\/?s={search_term_string}\"},\"query-input\":{\"@type\":\"PropertyValueSpecification\",\"valueRequired\":true,\"valueName\":\"search_term_string\"}}],\"inLanguage\":\"en-US\"},{\"@type\":[\"Person\",\"Organization\"],\"@id\":\"https:\\\/\\\/shrimataji.org\\\/test\\\/#\\\/schema\\\/person\\\/a1b3419c6585f164aa96da1ff85715d1\",\"name\":\"Nirmala Shrivastava\",\"image\":{\"@type\":\"ImageObject\",\"inLanguage\":\"en-US\",\"@id\":\"https:\\\/\\\/shrimataji.org\\\/test\\\/wp-content\\\/uploads\\\/2023\\\/02\\\/SMO_LOGO-03.svg\",\"url\":\"https:\\\/\\\/shrimataji.org\\\/test\\\/wp-content\\\/uploads\\\/2023\\\/02\\\/SMO_LOGO-03.svg\",\"contentUrl\":\"https:\\\/\\\/shrimataji.org\\\/test\\\/wp-content\\\/uploads\\\/2023\\\/02\\\/SMO_LOGO-03.svg\",\"width\":\"1024\",\"height\":\"1024\",\"caption\":\"Nirmala Shrivastava\"},\"logo\":{\"@id\":\"https:\\\/\\\/shrimataji.org\\\/test\\\/wp-content\\\/uploads\\\/2023\\\/02\\\/SMO_LOGO-03.svg\"},\"sameAs\":[\"https:\\\/\\\/shrimataji.org\\\/test\",\"https:\\\/\\\/www.facebook.com\\\/shrimataji\",\"https:\\\/\\\/x.com\\\/shrimataji\",\"https:\\\/\\\/www.youtube.com\\\/@Shri_Mataji_Nirmala_Devi\\\/featured\"]}]}<\/script>\n<!-- \/ Yoast SEO plugin. -->","yoast_head_json":{"title":"Sahaja Yoga RO - TEST - SMND","robots":{"index":"noindex","follow":"follow","max-snippet":"max-snippet:-1","max-image-preview":"max-image-preview:large","max-video-preview":"max-video-preview:-1"},"og_locale":"en_US","og_type":"article","og_title":"Sahaja Yoga RO - TEST - SMND","og_description":"Sahaja Yoga Trezirea interioar\u0103 prin Realizarea Sinelui \u0219i medita\u021bie Shri Mataji Nirmala Devi a revolu\u021bionat practica yoga prin actualizarea Realiz\u0103rii Sinelui la nivelul sistemului nervos central \u00cen istoria spiritualit\u0103\u021bii, Shri Mataji este prima \u0219i singura persoan\u0103 capabil\u0103 s\u0103 ofere experien\u021ba Realiz\u0103rii Sinelui \u00een mas\u0103. Ea a declarat c\u0103 este dreptul \u00eenn\u0103scut al tuturor fiin\u021belor umane&hellip; Read more","og_url":"https:\/\/shrimataji.org\/test\/ro\/sahaja-yoga\/","og_site_name":"TEST - SMND","article_publisher":"https:\/\/www.facebook.com\/shrimataji","article_modified_time":"2024-12-12T23:06:41+00:00","og_image":[{"width":2560,"height":905,"url":"https:\/\/shrimataji.org\/test\/wp-content\/uploads\/2023\/02\/Banner-SY-SY-scaled.jpg","type":"image\/jpeg"}],"twitter_card":"summary_large_image","twitter_site":"@shrimataji","twitter_misc":{"Est. reading time":"4 minutes"},"schema":{"@context":"https:\/\/schema.org","@graph":[{"@type":"WebPage","@id":"https:\/\/shrimataji.org\/test\/ro\/sahaja-yoga\/","url":"https:\/\/shrimataji.org\/test\/ro\/sahaja-yoga\/","name":"Sahaja Yoga RO - TEST - SMND","isPartOf":{"@id":"https:\/\/shrimataji.org\/test\/#website"},"primaryImageOfPage":{"@id":"https:\/\/shrimataji.org\/test\/ro\/sahaja-yoga\/#primaryimage"},"image":{"@id":"https:\/\/shrimataji.org\/test\/ro\/sahaja-yoga\/#primaryimage"},"thumbnailUrl":"https:\/\/shrimataji.org\/test\/wp-content\/uploads\/2023\/02\/Banner-SY-SY-scaled.jpg","datePublished":"2020-04-20T17:46:08+00:00","dateModified":"2024-12-12T23:06:41+00:00","breadcrumb":{"@id":"https:\/\/shrimataji.org\/test\/ro\/sahaja-yoga\/#breadcrumb"},"inLanguage":"en-US","potentialAction":[{"@type":"ReadAction","target":["https:\/\/shrimataji.org\/test\/ro\/sahaja-yoga\/"]}]},{"@type":"ImageObject","inLanguage":"en-US","@id":"https:\/\/shrimataji.org\/test\/ro\/sahaja-yoga\/#primaryimage","url":"https:\/\/shrimataji.org\/test\/wp-content\/uploads\/2023\/02\/Banner-SY-SY-scaled.jpg","contentUrl":"https:\/\/shrimataji.org\/test\/wp-content\/uploads\/2023\/02\/Banner-SY-SY-scaled.jpg","width":2560,"height":905},{"@type":"BreadcrumbList","@id":"https:\/\/shrimataji.org\/test\/ro\/sahaja-yoga\/#breadcrumb","itemListElement":[{"@type":"ListItem","position":1,"name":"Home","item":"https:\/\/shrimataji.org\/test\/uk\/home-en\/"},{"@type":"ListItem","position":2,"name":"Sahaja Yoga RO"}]},{"@type":"WebSite","@id":"https:\/\/shrimataji.org\/test\/#website","url":"https:\/\/shrimataji.org\/test\/","name":"Shri Mataji Nirmala Devi","description":"A Life Dedicated to Humanity","publisher":{"@id":"https:\/\/shrimataji.org\/test\/#\/schema\/person\/a1b3419c6585f164aa96da1ff85715d1"},"potentialAction":[{"@type":"SearchAction","target":{"@type":"EntryPoint","urlTemplate":"https:\/\/shrimataji.org\/test\/?s={search_term_string}"},"query-input":{"@type":"PropertyValueSpecification","valueRequired":true,"valueName":"search_term_string"}}],"inLanguage":"en-US"},{"@type":["Person","Organization"],"@id":"https:\/\/shrimataji.org\/test\/#\/schema\/person\/a1b3419c6585f164aa96da1ff85715d1","name":"Nirmala Shrivastava","image":{"@type":"ImageObject","inLanguage":"en-US","@id":"https:\/\/shrimataji.org\/test\/wp-content\/uploads\/2023\/02\/SMO_LOGO-03.svg","url":"https:\/\/shrimataji.org\/test\/wp-content\/uploads\/2023\/02\/SMO_LOGO-03.svg","contentUrl":"https:\/\/shrimataji.org\/test\/wp-content\/uploads\/2023\/02\/SMO_LOGO-03.svg","width":"1024","height":"1024","caption":"Nirmala Shrivastava"},"logo":{"@id":"https:\/\/shrimataji.org\/test\/wp-content\/uploads\/2023\/02\/SMO_LOGO-03.svg"},"sameAs":["https:\/\/shrimataji.org\/test","https:\/\/www.facebook.com\/shrimataji","https:\/\/x.com\/shrimataji","https:\/\/www.youtube.com\/@Shri_Mataji_Nirmala_Devi\/featured"]}]}},"lang":"ro","translations":{"ro":14502,"ur":37488,"en":3434,"pa":25904,"gu":25507,"th":20040,"hu":19550,"sq":18464,"zh":17361,"tr":10201,"pt":10411,"de":10685,"fr":10783,"it":10881,"es":10978,"ja":11276,"ru":11464,"bn":11655,"te":11763,"sw":11886,"he":12034,"el":12326,"sk":12424,"fa":12522,"fi":12620,"bg":13428,"cs":14695,"nl":16624,"ku":16784,"ar":16960,"be":18671,"kn":18945,"mr":20404,"uk":20698,"ml":20993,"ta":22782,"sv":23052,"bs":27292,"fil":29500,"sd":31004,"da":37798,"pl":38008,"nn":38350},"pll_sync_post":[],"_links":{"self":[{"href":"https:\/\/shrimataji.org\/test\/wp-json\/wp\/v2\/pages\/14502","targetHints":{"allow":["GET"]}}],"collection":[{"href":"https:\/\/shrimataji.org\/test\/wp-json\/wp\/v2\/pages"}],"about":[{"href":"https:\/\/shrimataji.org\/test\/wp-json\/wp\/v2\/types\/page"}],"author":[{"embeddable":true,"href":"https:\/\/shrimataji.org\/test\/wp-json\/wp\/v2\/users\/56"}],"replies":[{"embeddable":true,"href":"https:\/\/shrimataji.org\/test\/wp-json\/wp\/v2\/comments?post=14502"}],"version-history":[{"count":0,"href":"https:\/\/shrimataji.org\/test\/wp-json\/wp\/v2\/pages\/14502\/revisions"}],"wp:featuredmedia":[{"embeddable":true,"href":"https:\/\/shrimataji.org\/test\/wp-json\/wp\/v2\/media\/14503"}],"wp:attachment":[{"href":"https:\/\/shrimataji.org\/test\/wp-json\/wp\/v2\/media?parent=14502"}],"curies":[{"name":"wp","href":"https:\/\/api.w.org\/{rel}","templated":true}]}}