{"id":14504,"date":"2020-04-13T17:41:10","date_gmt":"2020-04-13T17:41:10","guid":{"rendered":"https:\/\/testwordpress.nirmalnagari.org\/smnd\/?page_id=3082"},"modified":"2025-05-31T16:04:03","modified_gmt":"2025-05-31T16:04:03","slug":"trezirea-spirituala-in-masa","status":"publish","type":"page","link":"https:\/\/shrimataji.org\/test\/ro\/trezirea-spirituala-in-masa\/","title":{"rendered":"Trezirea spiritual\u0103 \u00een mas\u0103"},"content":{"rendered":"\n\n\t<h1>Trezirea Spiritual\u0103 \u00een Mas\u0103<\/h1>\n<h2>O Schimbare Revolu\u021bionar\u0103 c\u0103tre Iluminarea Global\u0103<\/h2>\n\t<h4>Shri Mataji s-a n\u0103scut din p\u0103rin\u021bi cre\u0219tini care aveau un respect profund pentru toate religiile. Tat\u0103l, Prasad K. Salve, a fost fascinat de teologie \u0219i \u0219i-a \u00eencurajat copiii s\u0103 \u00een\u021beleag\u0103 principiile tuturor religiilor importante. El \u0219i-a dat seama c\u0103 o posibil\u0103 unitate a omenirii depindea de iluminarea spiritual\u0103 \u00een mas\u0103, care avea s\u0103 pun\u0103 cap\u0103t conflictelor ap\u0103rute din motive religioase, ce afectaser\u0103 lumea de mii de ani.<\/h4>\n<p>P\u0103rin\u021bii lui Shri Mataji au fost adep\u021bii principiilor lui Mahatma Gandhi de non-cooperare pa\u0219nic\u0103 \u0219i au participat activ la mi\u0219carea Quit India&#8221;.[1] Fiind o fat\u0103 t\u00e2n\u0103r\u0103 care tr\u0103ia \u00een ashram-ul lui Gandhi, Shri Mataji era \u00een compania hindu\u0219ilor, sikh\u0219ilor, cre\u0219tinilor \u0219i musulmanilor &#8211; to\u021bi uni\u021bi de scopul comun al libert\u0103\u021bii \u0219i independen\u021bei na\u021bionale. Mai t\u00e2rziu, \u00een timpul \u00eemp\u0103r\u021birii Indiei, cu \u021bara sf\u00e2\u0219iat\u0103 de violen\u021be sectare, Shri Mataji \u0219i familia sa au dat ad\u0103post celor care fugeau de conflict, indiferent de religia lor.<\/p>\n<p>Dup\u0103 ce a tr\u0103it aceste vremuri intense \u0219i dificile, Shri Mataji \u0219i-a dat seama c\u0103 libertatea politic\u0103 nu este solu\u021bia final\u0103. Ea a \u0219tiut mereu c\u0103 adev\u0103rata Sa misiune \u00een via\u021b\u0103 era s\u0103 aduc\u0103 o contribu\u021bie major\u0103 la transformarea spiritual\u0103 a omenirii. A avut nevoie totu\u0219i de timp; la c\u0103s\u0103toria cu C.P. Srivastava, Shri Mataji i-a spus c\u0103 se va angaja \u00een adev\u0103rata Ei voca\u021bie numai dup\u0103 ce copiii lor vor fi mari \u0219i a\u0219eza\u021bi la casele lor.<\/p>\n<p>Astfel, abia \u00een 1970, Shri Mataji a sim\u021bit \u00een sf\u00e2r\u0219it c\u0103 a sosit momentul s\u0103-\u0219i \u00eenceap\u0103 adev\u0103rata misiune pe p\u0103m\u00e2nt. Ea studiase deja fiin\u021bele umane \u0219i problemele lor \u0219i \u0219tia c\u0103 adev\u0103ratele solu\u021bii constau \u00een trezirea lor spiritual\u0103, \u00een activarea acelui poten\u021bial care era deja preg\u0103tit \u00een interiorul lor \u0219i a\u0219tepta s\u0103 fie declan\u0219at. Ea era con\u0219tient\u0103 de faptul c\u0103 religiile, de\u0219i bazate pe \u00eenv\u0103\u021b\u0103turile adev\u0103ra\u021bilor profe\u021bi, nu erau capabile s\u0103 genereze aceast\u0103 declan\u0219are spiritual\u0103 \u00een con\u0219tiin\u021ba uman\u0103. \u00centr-o sear\u0103, dup\u0103 ce fusese dezgustat\u0103 de fal\u0219ii guru din India care jefuiau oamenii cer\u00e2ndu-le bani \u0219i min\u021bindu-i c\u0103 vor primi adev\u0103rata spiritualitate, Ea a decis s\u0103 nu mai a\u0219tepte. \u00cen timp ce medita pe o plaj\u0103 singuratic\u0103, \u00een diminea\u021ba zilei de 5 mai 1970, la v\u00e2rful unei nop\u021bi de lun\u0103 nou\u0103, Ea a avut experien\u021ba trezirii acestei Puteri primordiale a crea\u021biei \u00een propria Sa fiin\u021b\u0103 subtil\u0103. Aceast\u0103 experien\u021b\u0103 spiritual\u0103 profund\u0103 i-a adus toate r\u0103spunsurile pe care le c\u0103utase \u00eentreaga via\u021b\u0103, cu privire la modul \u00een care poate fi declan\u0219at procesul con\u0219tientiz\u0103rii Spiritului etern \u00een fiin\u021bele umane. Acest eveniment istoric a marcat <a href=\"https:\/\/shrimataji.org\/test\/ro\/a-pivotal-moment\/\">momentul esen\u021bial<\/a> din via\u021ba Sa, \u0219i a dus la descoperirea modalit\u0103\u021bii care face posibil\u0103 trezirea spiritual\u0103 \u00een mas\u0103. Mai t\u00e2rziu, Shri Mataji a fondat o tehnic\u0103 pe care a numit-o <a href=\"https:\/\/shrimataji.org\/test\/ro\/sahaja-yoga\/\">Sahaja Yoga<\/a>, care \u00een traducere \u00eenseamn\u0103 unirea spontan\u0103 cu Puterea divin\u0103 etern\u0103 cu care se na\u0219te fiecare fiin\u021b\u0103 uman\u0103, f\u0103r\u0103 a fi con\u0219tient\u0103 de acest lucru.<\/p>\n\t<p>Sahaja Yoga este o form\u0103 simpl\u0103 \u0219i u\u0219oar\u0103 de medita\u021bie, prin care se treze\u0219te acea energie spiritual\u0103 subtil\u0103, ce rezid\u0103 \u00een fiecare fiin\u021b\u0103 uman\u0103. Acest moment al adev\u0103rului este cunoscut sub numele de <a href=\"https:\/\/shrimataji.org\/test\/ro\/self-realization\/\">Realizarea Sinelui<\/a>. Aceast\u0103 experien\u021b\u0103 a fost scopul tuturor misticilor religio\u0219i din \u00eentreaga lume, \u00eenc\u0103 din vremuri imemoriale.<\/p>\n\t<div class=\"su-quote su-quote-style-default\"><div class=\"su-quote-inner su-u-clearfix su-u-trim\">Exist\u0103 o Putere vie subtil\u0103, care este Iubirea divin\u0103, cea care face toat\u0103 lucrarea vie. <\/div><\/div>\n\t<p>Shri Mataji a declarat c\u0103 Realizarea Sinelui este ceva ce poate fi atins aici \u0219i acum, \u0219i nu un scop \u00eendep\u0103rtat, dob\u00e2ndit printr-o via\u021b\u0103 de peniten\u021be \u0219i sacrificiu. La programele publice Ea spunea mereu: \u201esunte\u021bi propriul vostru st\u0103p\u00e2n, propriul maestru&#8221;, subliniind c\u0103 fiecare dintre noi trebuie s\u0103 fie propriul s\u0103u profesor, baz\u00e2ndu-ne direct pe propria noastr\u0103 experien\u021b\u0103 a adev\u0103rului \u0219i nu depinz\u00e2nd de un intermediar care s\u0103 ne conduc\u0103 la Iluminare. Mai mult dec\u00e2t at\u00e2t, Shri Mataji a subliniat \u00eentotdeauna s\u0103 lu\u0103m ceea ce ne spune ca pe o ipotez\u0103 \u0219i apoi s\u0103 o verific\u0103m noi \u00een\u0219ine, deoarece credin\u021ba oarb\u0103 nu ne va duce nic\u0103ieri.<\/p>\n<p>Shri Mataji a sus\u021binut c\u0103 adev\u0103rata religie nu se bazeaz\u0103 pe dogm\u0103 \u0219i ierarhie, ci mai degrab\u0103 pe o cunoa\u0219tere absolut\u0103 a propriului sine, care este o reflectare a Divinit\u0103\u021bii. Dup\u0103 cum a spus Ea, \u201etoate religiile au ap\u0103rut dintr-un singur arbore al vie\u021bii, care este spiritualitatea&#8230; Religiile exist\u0103 pentru a v\u0103 oferi pace, bucurie, fericire&#8230; Nu este nicio diferen\u021b\u0103 \u00een esen\u021ba lor &#8211; dar dac\u0103 nu cuno\u0219ti adev\u0103rul despre tine \u00eensu\u021bi, cum vei putea \u00een\u021belege ceva despre religie? Deci este important ca, \u00een primul r\u00e2nd, s\u0103 te cuno\u0219ti pe tine \u00eensu\u021bi. C\u00e2nd v\u0103 recunoa\u0219te\u021bi voi \u00een\u0219iv\u0103 ca fiin\u021b\u0103 spiritual\u0103&#8230;ve\u021bi \u00een\u021belege orice religie pe care o urma\u021bi&#8230;\u0219i m\u0103re\u021bia tuturor acestor profe\u021bi \u0219i guru&#8221;.<\/p>\n<p>Mai mult dec\u00e2t un guru sau un profesor, Shri Mataji ar putea fi descris\u0103 ca o \u201eMam\u0103 spiritual\u0103&#8221;, condus\u0103 de compasiune \u0219i iubire \u0219i preocupat\u0103 de bun\u0103starea \u0219i evolu\u021bia \u00eentregii umanit\u0103\u021bi. Datorit\u0103 viziunii \u0219i eforturilor Sale neobosite, Sahaja Yoga a fost stabilizat\u0103 \u00een peste o sut\u0103 de \u021b\u0103ri \u0219i milioane de oameni au atins echilibrul \u0219i satisfac\u021bia \u00een via\u021ba lor, unii dep\u0103\u0219ind dizabilit\u0103\u021bi fizice \u0219i psihice grave prin experien\u021ba Realiz\u0103rii Sinelui \u0219i practica regulat\u0103 a <a href=\"https:\/\/shrimataji.org\/test\/ro\/sahaja-yoga-meditation-2\/\">medita\u021biei Sahaja Yoga<\/a>.<\/p>\n\t<p>&nbsp;<\/p>\n<hr \/>\n<h3>1. ^ O mi\u0219care de nesupunere civic\u0103 lansat\u0103 de MK Gandhi \u0219i Congresul Na\u021bional Indian \u00een august 1942, care a cerut rezisten\u021b\u0103 hot\u0103r\u00e2t\u0103, dar pasiv\u0103 la st\u0103p\u00e2nirea britanic\u0103 \u0219i pentru \u201eo retragere ordonat\u0103 a britanicilor&#8221; din India. <em>(Sursa: Wikipedia)<\/em><\/h3>\n\n","protected":false},"excerpt":{"rendered":"<p>Trezirea Spiritual\u0103 \u00een Mas\u0103 O Schimbare Revolu\u021bionar\u0103 c\u0103tre Iluminarea Global\u0103 Shri Mataji s-a n\u0103scut din p\u0103rin\u021bi cre\u0219tini care aveau un respect profund pentru toate religiile. Tat\u0103l, Prasad K. Salve, a fost fascinat de teologie \u0219i \u0219i-a \u00eencurajat copiii s\u0103 \u00een\u021beleag\u0103 principiile tuturor religiilor importante. El \u0219i-a dat seama c\u0103 o posibil\u0103 unitate a omenirii depindea&hellip; <br \/> <a class=\"read-more\" href=\"https:\/\/shrimataji.org\/test\/ro\/trezirea-spirituala-in-masa\/\">Read more<\/a><\/p>\n","protected":false},"author":56,"featured_media":14505,"parent":0,"menu_order":0,"comment_status":"closed","ping_status":"closed","template":"","meta":{"inline_featured_image":false,"footnotes":""},"class_list":["post-14504","page","type-page","status-publish","has-post-thumbnail","hentry"],"yoast_head":"<!-- This site is optimized with the Yoast SEO plugin v27.4 - https:\/\/yoast.com\/product\/yoast-seo-wordpress\/ -->\n<title>Trezirea spiritual\u0103 \u00een mas\u0103 - TEST - SMND<\/title>\n<meta name=\"robots\" content=\"noindex, follow, max-snippet:-1, max-image-preview:large, max-video-preview:-1\" \/>\n<meta property=\"og:locale\" content=\"en_US\" \/>\n<meta property=\"og:type\" content=\"article\" \/>\n<meta property=\"og:title\" content=\"Trezirea spiritual\u0103 \u00een mas\u0103 - TEST - SMND\" \/>\n<meta property=\"og:description\" content=\"Trezirea Spiritual\u0103 \u00een Mas\u0103 O Schimbare Revolu\u021bionar\u0103 c\u0103tre Iluminarea Global\u0103 Shri Mataji s-a n\u0103scut din p\u0103rin\u021bi cre\u0219tini care aveau un respect profund pentru toate religiile. Tat\u0103l, Prasad K. Salve, a fost fascinat de teologie \u0219i \u0219i-a \u00eencurajat copiii s\u0103 \u00een\u021beleag\u0103 principiile tuturor religiilor importante. El \u0219i-a dat seama c\u0103 o posibil\u0103 unitate a omenirii depindea&hellip; Read more\" \/>\n<meta property=\"og:url\" content=\"https:\/\/shrimataji.org\/test\/ro\/trezirea-spirituala-in-masa\/\" \/>\n<meta property=\"og:site_name\" content=\"TEST - SMND\" \/>\n<meta property=\"article:publisher\" content=\"https:\/\/www.facebook.com\/shrimataji\" \/>\n<meta property=\"article:modified_time\" content=\"2025-05-31T16:04:03+00:00\" \/>\n<meta property=\"og:image\" content=\"https:\/\/shrimataji.org\/test\/wp-content\/uploads\/2018\/07\/media_originals\/images\/shri-mataji-with-people\/shri-mataji-with-village-people-in-india.jpg\" \/>\n\t<meta property=\"og:image:width\" content=\"1500\" \/>\n\t<meta property=\"og:image:height\" content=\"980\" \/>\n\t<meta property=\"og:image:type\" content=\"image\/jpeg\" \/>\n<meta name=\"twitter:card\" content=\"summary_large_image\" \/>\n<meta name=\"twitter:site\" content=\"@shrimataji\" \/>\n<meta name=\"twitter:label1\" content=\"Est. reading time\" \/>\n\t<meta name=\"twitter:data1\" content=\"4 minutes\" \/>\n<script type=\"application\/ld+json\" class=\"yoast-schema-graph\">{\"@context\":\"https:\\\/\\\/schema.org\",\"@graph\":[{\"@type\":\"WebPage\",\"@id\":\"https:\\\/\\\/shrimataji.org\\\/test\\\/ro\\\/trezirea-spirituala-in-masa\\\/\",\"url\":\"https:\\\/\\\/shrimataji.org\\\/test\\\/ro\\\/trezirea-spirituala-in-masa\\\/\",\"name\":\"Trezirea spiritual\u0103 \u00een mas\u0103 - TEST - SMND\",\"isPartOf\":{\"@id\":\"https:\\\/\\\/shrimataji.org\\\/test\\\/#website\"},\"primaryImageOfPage\":{\"@id\":\"https:\\\/\\\/shrimataji.org\\\/test\\\/ro\\\/trezirea-spirituala-in-masa\\\/#primaryimage\"},\"image\":{\"@id\":\"https:\\\/\\\/shrimataji.org\\\/test\\\/ro\\\/trezirea-spirituala-in-masa\\\/#primaryimage\"},\"thumbnailUrl\":\"https:\\\/\\\/shrimataji.org\\\/test\\\/wp-content\\\/uploads\\\/2018\\\/07\\\/media_originals\\\/images\\\/shri-mataji-with-people\\\/shri-mataji-with-village-people-in-india.jpg\",\"datePublished\":\"2020-04-13T17:41:10+00:00\",\"dateModified\":\"2025-05-31T16:04:03+00:00\",\"breadcrumb\":{\"@id\":\"https:\\\/\\\/shrimataji.org\\\/test\\\/ro\\\/trezirea-spirituala-in-masa\\\/#breadcrumb\"},\"inLanguage\":\"en-US\",\"potentialAction\":[{\"@type\":\"ReadAction\",\"target\":[\"https:\\\/\\\/shrimataji.org\\\/test\\\/ro\\\/trezirea-spirituala-in-masa\\\/\"]}]},{\"@type\":\"ImageObject\",\"inLanguage\":\"en-US\",\"@id\":\"https:\\\/\\\/shrimataji.org\\\/test\\\/ro\\\/trezirea-spirituala-in-masa\\\/#primaryimage\",\"url\":\"https:\\\/\\\/shrimataji.org\\\/test\\\/wp-content\\\/uploads\\\/2018\\\/07\\\/media_originals\\\/images\\\/shri-mataji-with-people\\\/shri-mataji-with-village-people-in-india.jpg\",\"contentUrl\":\"https:\\\/\\\/shrimataji.org\\\/test\\\/wp-content\\\/uploads\\\/2018\\\/07\\\/media_originals\\\/images\\\/shri-mataji-with-people\\\/shri-mataji-with-village-people-in-india.jpg\",\"width\":1500,\"height\":980},{\"@type\":\"BreadcrumbList\",\"@id\":\"https:\\\/\\\/shrimataji.org\\\/test\\\/ro\\\/trezirea-spirituala-in-masa\\\/#breadcrumb\",\"itemListElement\":[{\"@type\":\"ListItem\",\"position\":1,\"name\":\"Home\",\"item\":\"https:\\\/\\\/shrimataji.org\\\/test\\\/uk\\\/home-en\\\/\"},{\"@type\":\"ListItem\",\"position\":2,\"name\":\"Trezirea spiritual\u0103 \u00een mas\u0103\"}]},{\"@type\":\"WebSite\",\"@id\":\"https:\\\/\\\/shrimataji.org\\\/test\\\/#website\",\"url\":\"https:\\\/\\\/shrimataji.org\\\/test\\\/\",\"name\":\"Shri Mataji Nirmala Devi\",\"description\":\"A Life Dedicated to Humanity\",\"publisher\":{\"@id\":\"https:\\\/\\\/shrimataji.org\\\/test\\\/#\\\/schema\\\/person\\\/a1b3419c6585f164aa96da1ff85715d1\"},\"potentialAction\":[{\"@type\":\"SearchAction\",\"target\":{\"@type\":\"EntryPoint\",\"urlTemplate\":\"https:\\\/\\\/shrimataji.org\\\/test\\\/?s={search_term_string}\"},\"query-input\":{\"@type\":\"PropertyValueSpecification\",\"valueRequired\":true,\"valueName\":\"search_term_string\"}}],\"inLanguage\":\"en-US\"},{\"@type\":[\"Person\",\"Organization\"],\"@id\":\"https:\\\/\\\/shrimataji.org\\\/test\\\/#\\\/schema\\\/person\\\/a1b3419c6585f164aa96da1ff85715d1\",\"name\":\"Nirmala Shrivastava\",\"image\":{\"@type\":\"ImageObject\",\"inLanguage\":\"en-US\",\"@id\":\"https:\\\/\\\/shrimataji.org\\\/test\\\/wp-content\\\/uploads\\\/2023\\\/02\\\/SMO_LOGO-03.svg\",\"url\":\"https:\\\/\\\/shrimataji.org\\\/test\\\/wp-content\\\/uploads\\\/2023\\\/02\\\/SMO_LOGO-03.svg\",\"contentUrl\":\"https:\\\/\\\/shrimataji.org\\\/test\\\/wp-content\\\/uploads\\\/2023\\\/02\\\/SMO_LOGO-03.svg\",\"width\":\"1024\",\"height\":\"1024\",\"caption\":\"Nirmala Shrivastava\"},\"logo\":{\"@id\":\"https:\\\/\\\/shrimataji.org\\\/test\\\/wp-content\\\/uploads\\\/2023\\\/02\\\/SMO_LOGO-03.svg\"},\"sameAs\":[\"https:\\\/\\\/shrimataji.org\\\/test\",\"https:\\\/\\\/www.facebook.com\\\/shrimataji\",\"https:\\\/\\\/x.com\\\/shrimataji\",\"https:\\\/\\\/www.youtube.com\\\/@Shri_Mataji_Nirmala_Devi\\\/featured\"]}]}<\/script>\n<!-- \/ Yoast SEO plugin. -->","yoast_head_json":{"title":"Trezirea spiritual\u0103 \u00een mas\u0103 - TEST - SMND","robots":{"index":"noindex","follow":"follow","max-snippet":"max-snippet:-1","max-image-preview":"max-image-preview:large","max-video-preview":"max-video-preview:-1"},"og_locale":"en_US","og_type":"article","og_title":"Trezirea spiritual\u0103 \u00een mas\u0103 - TEST - SMND","og_description":"Trezirea Spiritual\u0103 \u00een Mas\u0103 O Schimbare Revolu\u021bionar\u0103 c\u0103tre Iluminarea Global\u0103 Shri Mataji s-a n\u0103scut din p\u0103rin\u021bi cre\u0219tini care aveau un respect profund pentru toate religiile. Tat\u0103l, Prasad K. Salve, a fost fascinat de teologie \u0219i \u0219i-a \u00eencurajat copiii s\u0103 \u00een\u021beleag\u0103 principiile tuturor religiilor importante. El \u0219i-a dat seama c\u0103 o posibil\u0103 unitate a omenirii depindea&hellip; Read more","og_url":"https:\/\/shrimataji.org\/test\/ro\/trezirea-spirituala-in-masa\/","og_site_name":"TEST - SMND","article_publisher":"https:\/\/www.facebook.com\/shrimataji","article_modified_time":"2025-05-31T16:04:03+00:00","og_image":[{"width":1500,"height":980,"url":"https:\/\/shrimataji.org\/test\/wp-content\/uploads\/2018\/07\/media_originals\/images\/shri-mataji-with-people\/shri-mataji-with-village-people-in-india.jpg","type":"image\/jpeg"}],"twitter_card":"summary_large_image","twitter_site":"@shrimataji","twitter_misc":{"Est. reading time":"4 minutes"},"schema":{"@context":"https:\/\/schema.org","@graph":[{"@type":"WebPage","@id":"https:\/\/shrimataji.org\/test\/ro\/trezirea-spirituala-in-masa\/","url":"https:\/\/shrimataji.org\/test\/ro\/trezirea-spirituala-in-masa\/","name":"Trezirea spiritual\u0103 \u00een mas\u0103 - TEST - SMND","isPartOf":{"@id":"https:\/\/shrimataji.org\/test\/#website"},"primaryImageOfPage":{"@id":"https:\/\/shrimataji.org\/test\/ro\/trezirea-spirituala-in-masa\/#primaryimage"},"image":{"@id":"https:\/\/shrimataji.org\/test\/ro\/trezirea-spirituala-in-masa\/#primaryimage"},"thumbnailUrl":"https:\/\/shrimataji.org\/test\/wp-content\/uploads\/2018\/07\/media_originals\/images\/shri-mataji-with-people\/shri-mataji-with-village-people-in-india.jpg","datePublished":"2020-04-13T17:41:10+00:00","dateModified":"2025-05-31T16:04:03+00:00","breadcrumb":{"@id":"https:\/\/shrimataji.org\/test\/ro\/trezirea-spirituala-in-masa\/#breadcrumb"},"inLanguage":"en-US","potentialAction":[{"@type":"ReadAction","target":["https:\/\/shrimataji.org\/test\/ro\/trezirea-spirituala-in-masa\/"]}]},{"@type":"ImageObject","inLanguage":"en-US","@id":"https:\/\/shrimataji.org\/test\/ro\/trezirea-spirituala-in-masa\/#primaryimage","url":"https:\/\/shrimataji.org\/test\/wp-content\/uploads\/2018\/07\/media_originals\/images\/shri-mataji-with-people\/shri-mataji-with-village-people-in-india.jpg","contentUrl":"https:\/\/shrimataji.org\/test\/wp-content\/uploads\/2018\/07\/media_originals\/images\/shri-mataji-with-people\/shri-mataji-with-village-people-in-india.jpg","width":1500,"height":980},{"@type":"BreadcrumbList","@id":"https:\/\/shrimataji.org\/test\/ro\/trezirea-spirituala-in-masa\/#breadcrumb","itemListElement":[{"@type":"ListItem","position":1,"name":"Home","item":"https:\/\/shrimataji.org\/test\/uk\/home-en\/"},{"@type":"ListItem","position":2,"name":"Trezirea spiritual\u0103 \u00een mas\u0103"}]},{"@type":"WebSite","@id":"https:\/\/shrimataji.org\/test\/#website","url":"https:\/\/shrimataji.org\/test\/","name":"Shri Mataji Nirmala Devi","description":"A Life Dedicated to Humanity","publisher":{"@id":"https:\/\/shrimataji.org\/test\/#\/schema\/person\/a1b3419c6585f164aa96da1ff85715d1"},"potentialAction":[{"@type":"SearchAction","target":{"@type":"EntryPoint","urlTemplate":"https:\/\/shrimataji.org\/test\/?s={search_term_string}"},"query-input":{"@type":"PropertyValueSpecification","valueRequired":true,"valueName":"search_term_string"}}],"inLanguage":"en-US"},{"@type":["Person","Organization"],"@id":"https:\/\/shrimataji.org\/test\/#\/schema\/person\/a1b3419c6585f164aa96da1ff85715d1","name":"Nirmala Shrivastava","image":{"@type":"ImageObject","inLanguage":"en-US","@id":"https:\/\/shrimataji.org\/test\/wp-content\/uploads\/2023\/02\/SMO_LOGO-03.svg","url":"https:\/\/shrimataji.org\/test\/wp-content\/uploads\/2023\/02\/SMO_LOGO-03.svg","contentUrl":"https:\/\/shrimataji.org\/test\/wp-content\/uploads\/2023\/02\/SMO_LOGO-03.svg","width":"1024","height":"1024","caption":"Nirmala Shrivastava"},"logo":{"@id":"https:\/\/shrimataji.org\/test\/wp-content\/uploads\/2023\/02\/SMO_LOGO-03.svg"},"sameAs":["https:\/\/shrimataji.org\/test","https:\/\/www.facebook.com\/shrimataji","https:\/\/x.com\/shrimataji","https:\/\/www.youtube.com\/@Shri_Mataji_Nirmala_Devi\/featured"]}]}},"lang":"ro","translations":{"ro":14504,"ur":37510,"en":3082,"am":18083,"th":20070,"hu":19572,"sq":18484,"zh":17381,"tr":10215,"pt":10423,"de":10697,"fr":10795,"it":10893,"es":10990,"ja":11288,"ru":11476,"bn":11667,"te":11775,"sw":11898,"he":12046,"el":12338,"sk":12436,"fa":12534,"fi":12632,"bg":13430,"cs":14697,"nl":16644,"ku":16804,"ar":16980,"be":18691,"kn":18965,"mr":20434,"uk":20728,"ml":21023,"ta":22803,"sv":23072,"gu":28906,"pa":29066,"fil":29521,"da":37818,"pl":38028,"nn":38370},"pll_sync_post":[],"_links":{"self":[{"href":"https:\/\/shrimataji.org\/test\/wp-json\/wp\/v2\/pages\/14504","targetHints":{"allow":["GET"]}}],"collection":[{"href":"https:\/\/shrimataji.org\/test\/wp-json\/wp\/v2\/pages"}],"about":[{"href":"https:\/\/shrimataji.org\/test\/wp-json\/wp\/v2\/types\/page"}],"author":[{"embeddable":true,"href":"https:\/\/shrimataji.org\/test\/wp-json\/wp\/v2\/users\/56"}],"replies":[{"embeddable":true,"href":"https:\/\/shrimataji.org\/test\/wp-json\/wp\/v2\/comments?post=14504"}],"version-history":[{"count":0,"href":"https:\/\/shrimataji.org\/test\/wp-json\/wp\/v2\/pages\/14504\/revisions"}],"wp:featuredmedia":[{"embeddable":true,"href":"https:\/\/shrimataji.org\/test\/wp-json\/wp\/v2\/media\/14505"}],"wp:attachment":[{"href":"https:\/\/shrimataji.org\/test\/wp-json\/wp\/v2\/media?parent=14504"}],"curies":[{"name":"wp","href":"https:\/\/api.w.org\/{rel}","templated":true}]}}