{"id":14512,"date":"2018-07-10T06:54:50","date_gmt":"2018-07-10T06:54:50","guid":{"rendered":"http:\/\/testwordpress.nirmalnagari.org\/smnd\/index.php\/awards\/"},"modified":"2025-07-20T08:08:38","modified_gmt":"2025-07-20T08:08:38","slug":"premii","status":"publish","type":"page","link":"https:\/\/shrimataji.org\/test\/ro\/premii\/","title":{"rendered":"Premii"},"content":{"rendered":"\n<h1>Premii<\/h1>\n<h2>Recunoa\u0219tere interna\u021bional\u0103<\/h2>\n\t<h4>Munca umanitar\u0103 \u0219i spiritual\u0103 a lui Shri Mataji atrage admira\u021bia nu numai din partea unui num\u0103r enorm de persoane din peste 95 de na\u021biuni care au beneficiat personal de \u00eenv\u0103\u021b\u0103turile Ei, ci \u0219i din partea guvernelor, demnitarilor, institu\u021biilor de \u00eenv\u0103\u021b\u0103m\u00e2nt \u0219i organiza\u021biilor umanitare.<\/h4>\nRecunosc\u00e2nd natura \u0219tiin\u021bific\u0103 \u0219i u\u0219or de demonstrat a \u00eenv\u0103\u021b\u0103turilor Sale, Academia de Arte \u0219i \u0218tiin\u021be Petrovskaya din Sankt Petersburg i-a acordat lui Shri Mataji calitatea de membru de onoare, afirm\u00e2nd: \u201eSunte\u021bi chiar mai presus dec\u00e2t \u0219tiin\u021ba&#8221;.\n<p>Al\u021bii, precum Claes Nobel, i-au mul\u021bumit pentru c\u0103 a dat speran\u021b\u0103 omenirii. Ea a acceptat toate distinc\u021biile cu umilin\u021ba caracteristic\u0103, l\u0103ud\u00e2nd eforturile celorlal\u021bi \u0219i insist\u00e2nd asupra realiz\u0103rilor colective mai degrab\u0103, dec\u00e2t a celor individuale.<\/p>\n\u00cen ciuda c\u0103l\u0103toriilor Sale sus\u021binute, Shri Mataji nu s-a referit niciodat\u0103 la programul Ei solicitant ca fiind obositor, asem\u0103n\u00e2ndu-l mai degrab\u0103 cu munca unei mame iubitoare care se \u00eengrije\u0219te de bun\u0103starea copiilor S\u0103i.\n\n\t\t<iframe loading=\"lazy\" title=\"Claes Nobel - Tribute to Shri Mataji\" width=\"1920\" height=\"1080\" src=\"https:\/\/www.youtube.com\/embed\/K4ftCStNzWk?feature=oembed\" frameborder=\"0\" allow=\"accelerometer; autoplay; clipboard-write; encrypted-media; gyroscope; picture-in-picture; web-share\" allowfullscreen=\"\"><\/iframe>\t\n\t\t\t\t<img decoding=\"async\" src=\"https:\/\/shrimataji.org\/test\/wp-content\/uploads\/2018\/07\/media_originals\/images\/shri-mataji-with-people\/shri-mataji-at-the-womens-conference-in-beijing-13.09.1995-1024x668.jpg\" alt=\"\u0d10\u0d15\u0d4d\u0d2f\u0d30\u0d3e\u0d37\u0d4d\u0d1f\u0d4d\u0d30\u0d38\u0d2d\u0d2f\u0d41\u0d1f\u0d46 \u0d38\u0d2e\u0d4d\u0d2e\u0d47\u0d33\u0d28\u0d02(\u0d2c\u0d46\u0d2f\u0d4d\u0d1c\u0d3f\u0d19\u0d4d, \u0d1a\u0d48\u0d28 1995)\" itemprop=\"image\" height=\"668\" width=\"1024\" title=\"\u0d10\u0d15\u0d4d\u0d2f\u0d30\u0d3e\u0d37\u0d4d\u0d1f\u0d4d\u0d30\u0d38\u0d2d \u0d38\u0d2e\u0d4d\u0d2e\u0d47\u0d33\u0d28\u0d02(\u0d2c\u0d46\u0d2f\u0d4d\u200c\u0d1c\u0d3f\u0d19\u0d4d\u200c,\u0d1a\u0d48\u0d28 1995 )\" onerror=\"this.style.display='none'\" loading=\"lazy\">\n\t\t\u0d10\u0d15\u0d4d\u0d2f\u0d30\u0d3e\u0d37\u0d4d\u0d1f\u0d4d\u0d30\u0d38\u0d2d\u0d2f\u0d41\u0d1f\u0d46 \u0d38\u0d2e\u0d4d\u0d2e\u0d47\u0d33\u0d28\u0d02(\u0d2c\u0d46\u0d2f\u0d4d\u0d1c\u0d3f\u0d19\u0d4d, \u0d1a\u0d48\u0d28 1995)\n\t<p><strong>O selec\u021bie de premii \u0219i recunoa\u0219teri<\/strong><\/p>\n<p>Shri Mataji a fost recunoscut\u0103 \u00een \u00eentreaga lume de mai multe institu\u021bii prestigioase pentru munca Sa altruist\u0103 \u0219i pentru rezultatele remarcabile ale \u00eenv\u0103\u021b\u0103turilor Sale spirituale prin Sahaja Yoga, dintre care c\u00e2teva sunt enumerate mai jos:<\/p>\n<strong>italia, 1986<\/strong><br>\nA fost declarat\u0103 \u201ePersonalitatea anului&#8221; de c\u0103tre guvernul italian.\n<strong>Moscova, Rusia, 1989<\/strong><br>\nDup\u0103 \u00eent\u00e2lnirea lui Shri Mataji cu ministrul s\u0103n\u0103t\u0103\u021bii al URSS, pentru Sahaja Yoga a fost acordat\u0103 o sponsorizare guvernamental\u0103 complet\u0103, inclusiv finan\u021bare pentru cercetarea \u0219tiin\u021bific\u0103.\n<strong>New York, 1990-1994<\/strong><br>\nA fost invitat\u0103 la ONU timp de patru ani consecutiv, pentru a vorbi despre modalit\u0103\u021bile prin care poate fi atins\u0103 pacea mondial\u0103.\n<strong>Sankt Petersburg, Russia, 1993<\/strong><br>\nA fost numit\u0103 membru de onoare al Academiei de Arte \u0219i \u0218tiin\u021be Petrovskaya. \u00cen istoria Academiei doar 12 persoane au primit aceast\u0103 onoare, Einstein fiind una dintre ele. Shri Mataji a inaugurat prima Conferin\u021b\u0103 Interna\u021bional\u0103 de Medicin\u0103 \u0219i Cunoa\u0219terea Sinelui, care a devenit ulterior un eveniment anual al Academiei.\n<strong>Brazilia, 1994<\/strong><br>\nPrimarul capitalei braziliene Brasilia a primit-o pe Shri Mataji la aeroport, i-a oferit cheia ora\u0219ului \u0219i a sponsorizat toate programele Sale.\n<strong>New York, 1994<\/strong><br>\nZiua de 26 septembrie a fost proclamat\u0103 \u201eZiua Shri Mataji Nirmala Devi&#8221;. A fost organizat\u0103 o  parad\u0103 de bun venit \u00een onoarea Sa \u0219i i s-a pus la dispozi\u021bie o escort\u0103 oficial\u0103, fiind apreciat\u0103 totodat\u0103 asocierea Sa cu Mahatma Gandhi.\n<strong>British Columbia, Canada, 1994<\/strong><br>\nI-a fost oferit\u0103 o scrisoare de bun venit de c\u0103tre premierul provinciei British Columbia, dl. Mike Harcourt, \u00een numele poporului canadian.\n<strong>Rom\u00e2nia 1995<\/strong><br>\nA fost distins\u0103 cu titlul de Doctor onorific \u00een \u0219tiin\u021be cognitive de c\u0103tre rectorul Universit\u0103\u021bii Ecologice Bucure\u0219ti\n<strong>China, 1995<\/strong><br>\nA fost invitat\u0103 oficial de c\u0103tre guvernul chinez pentru a vorbi la Conferin\u021ba Interna\u021bional\u0103 a Femeilor, organizat\u0103 de Na\u021biunile Unite.\n<strong>Pune, India, 1996<\/strong><br>\nCu ocazia celei de-a 700-a anivers\u0103ri a Sf\u00e2ntului Gyaneshwara, Shri Mataji a vorbit la \u201e\u00cent\u00e2lnirea filozofilor lumii &#8217;96 &#8211; Un Parlament al \u0219tiin\u021bei, religiei \u0219i filosofiei&#8221;, unde a fost felicitat\u0103 pentru mi\u0219carea Sa spiritual\u0103 &#8211; Sahaja Yoga.\n<strong>Londra, 1997<\/strong><br>\nDomnul Claes Nobel, nepotul lui Alfred Nobel, pre\u0219edintele United Earth \u0219i al National Society of High School Scholars, a onorat via\u021ba \u0219i opera lui Shri Mataji \u00eentr-un discurs public la Royal Albert Hall.\n<strong>SUA, al 105-lea Congres, 1997 \u0219i al 106-lea Congres, 2000<\/strong><br>\nElogiu citit la Registrul Congresului de c\u0103tre congresmanul Eliot Engle, l\u0103ud\u00e2nd-o pe Shri Mataji pentru munca Sa dedicat\u0103 \u0219i neobosit\u0103 pentru umanitate.\n<strong>Cabella Ligure, Italia, 2006<\/strong><br>\nShri Mataji a primit cet\u0103\u021benia italian\u0103 de onoare, care a fost urmat\u0103 de dezvelirea pietrei de temelie pentru \u201eShri Mataji Nirmala Devi World Foundation of Sahaja Yoga&#8221;. Aceast\u0103 funda\u021bie \u00ee\u0219i are sediul \u00een Cabella Ligure\n\t\t\t\t<img decoding=\"async\" src=\"https:\/\/shrimataji.org\/test\/wp-content\/uploads\/2018\/07\/media_originals\/images\/geographic-locations\/lwp-3459.jpg\" alt=\"\u0d15\u0d3e\u0d2c\u0d46\u0d32\u0d4d\u0d32 \u0d32\u0d3f\u0d17\u0d41\u0d30\u0d46\" itemprop=\"image\" height=\"427\" width=\"640\" title=\"lwp-3459\" onerror=\"this.style.display='none'\" loading=\"lazy\">\n\t\t\u0d15\u0d3e\u0d2c\u0d46\u0d32\u0d4d\u0d32 \u0d32\u0d3f\u0d17\u0d41\u0d30\u0d46\n\t<div class=\"su-quote su-quote-style-default\"><div class=\"su-quote-inner su-u-clearfix su-u-trim\">Pozi\u021bia unei mame este diferit\u0103, aceast\u0103 r\u0103bdare, aceast\u0103 iubire \u0219i aceast\u0103 iertare sunt construite \u00een mod \u00eenn\u0103scut \u00eentr-o mam\u0103&#8230; atitudinea ei este foarte diferit\u0103. Nu o face pentru vreo realizare, pentru faim\u0103, pentru vreun premiu sau altceva&#8230; o face pentru c\u0103 este mam\u0103.<\/div><\/div>\n\n\n\n<p><\/p>\n","protected":false},"excerpt":{"rendered":"<p>Premii Recunoa\u0219tere interna\u021bional\u0103 Munca umanitar\u0103 \u0219i spiritual\u0103 a lui Shri Mataji atrage admira\u021bia nu numai din partea unui num\u0103r enorm de persoane din peste 95 de na\u021biuni care au beneficiat personal de \u00eenv\u0103\u021b\u0103turile Ei, ci \u0219i din partea guvernelor, demnitarilor, institu\u021biilor de \u00eenv\u0103\u021b\u0103m\u00e2nt \u0219i organiza\u021biilor umanitare. Recunosc\u00e2nd natura \u0219tiin\u021bific\u0103 \u0219i u\u0219or de demonstrat a \u00eenv\u0103\u021b\u0103turilor&hellip; <br \/> <a class=\"read-more\" href=\"https:\/\/shrimataji.org\/test\/ro\/premii\/\">Read more<\/a><\/p>\n","protected":false},"author":1,"featured_media":14513,"parent":0,"menu_order":0,"comment_status":"closed","ping_status":"closed","template":"","meta":{"inline_featured_image":false,"footnotes":""},"class_list":["post-14512","page","type-page","status-publish","has-post-thumbnail","hentry"],"yoast_head":"<!-- This site is optimized with the Yoast SEO plugin v27.4 - https:\/\/yoast.com\/product\/yoast-seo-wordpress\/ -->\n<title>Premii - TEST - SMND<\/title>\n<meta name=\"robots\" content=\"noindex, follow, max-snippet:-1, max-image-preview:large, max-video-preview:-1\" \/>\n<meta property=\"og:locale\" content=\"en_US\" \/>\n<meta property=\"og:type\" content=\"article\" \/>\n<meta property=\"og:title\" content=\"Premii - TEST - SMND\" \/>\n<meta property=\"og:description\" content=\"Premii Recunoa\u0219tere interna\u021bional\u0103 Munca umanitar\u0103 \u0219i spiritual\u0103 a lui Shri Mataji atrage admira\u021bia nu numai din partea unui num\u0103r enorm de persoane din peste 95 de na\u021biuni care au beneficiat personal de \u00eenv\u0103\u021b\u0103turile Ei, ci \u0219i din partea guvernelor, demnitarilor, institu\u021biilor de \u00eenv\u0103\u021b\u0103m\u00e2nt \u0219i organiza\u021biilor umanitare. Recunosc\u00e2nd natura \u0219tiin\u021bific\u0103 \u0219i u\u0219or de demonstrat a \u00eenv\u0103\u021b\u0103turilor&hellip; Read more\" \/>\n<meta property=\"og:url\" content=\"https:\/\/shrimataji.org\/test\/ro\/premii\/\" \/>\n<meta property=\"og:site_name\" content=\"TEST - SMND\" \/>\n<meta property=\"article:publisher\" content=\"https:\/\/www.facebook.com\/shrimataji\" \/>\n<meta property=\"article:modified_time\" content=\"2025-07-20T08:08:38+00:00\" \/>\n<meta property=\"og:image\" content=\"https:\/\/shrimataji.org\/test\/wp-content\/uploads\/2018\/07\/media_originals\/images\/headers-life-awards\/shri-mataji-recieves-recognition-in-moscow-russia.jpg\" \/>\n\t<meta property=\"og:image:width\" content=\"990\" \/>\n\t<meta property=\"og:image:height\" content=\"350\" \/>\n\t<meta property=\"og:image:type\" content=\"image\/jpeg\" \/>\n<meta name=\"twitter:card\" content=\"summary_large_image\" \/>\n<meta name=\"twitter:site\" content=\"@shrimataji\" \/>\n<meta name=\"twitter:label1\" content=\"Est. reading time\" \/>\n\t<meta name=\"twitter:data1\" content=\"4 minutes\" \/>\n<script type=\"application\/ld+json\" class=\"yoast-schema-graph\">{\"@context\":\"https:\\\/\\\/schema.org\",\"@graph\":[{\"@type\":\"WebPage\",\"@id\":\"https:\\\/\\\/shrimataji.org\\\/test\\\/ro\\\/premii\\\/\",\"url\":\"https:\\\/\\\/shrimataji.org\\\/test\\\/ro\\\/premii\\\/\",\"name\":\"Premii - TEST - SMND\",\"isPartOf\":{\"@id\":\"https:\\\/\\\/shrimataji.org\\\/test\\\/#website\"},\"primaryImageOfPage\":{\"@id\":\"https:\\\/\\\/shrimataji.org\\\/test\\\/ro\\\/premii\\\/#primaryimage\"},\"image\":{\"@id\":\"https:\\\/\\\/shrimataji.org\\\/test\\\/ro\\\/premii\\\/#primaryimage\"},\"thumbnailUrl\":\"https:\\\/\\\/shrimataji.org\\\/test\\\/wp-content\\\/uploads\\\/2018\\\/07\\\/media_originals\\\/images\\\/headers-life-awards\\\/shri-mataji-recieves-recognition-in-moscow-russia.jpg\",\"datePublished\":\"2018-07-10T06:54:50+00:00\",\"dateModified\":\"2025-07-20T08:08:38+00:00\",\"breadcrumb\":{\"@id\":\"https:\\\/\\\/shrimataji.org\\\/test\\\/ro\\\/premii\\\/#breadcrumb\"},\"inLanguage\":\"en-US\",\"potentialAction\":[{\"@type\":\"ReadAction\",\"target\":[\"https:\\\/\\\/shrimataji.org\\\/test\\\/ro\\\/premii\\\/\"]}]},{\"@type\":\"ImageObject\",\"inLanguage\":\"en-US\",\"@id\":\"https:\\\/\\\/shrimataji.org\\\/test\\\/ro\\\/premii\\\/#primaryimage\",\"url\":\"https:\\\/\\\/shrimataji.org\\\/test\\\/wp-content\\\/uploads\\\/2018\\\/07\\\/media_originals\\\/images\\\/headers-life-awards\\\/shri-mataji-recieves-recognition-in-moscow-russia.jpg\",\"contentUrl\":\"https:\\\/\\\/shrimataji.org\\\/test\\\/wp-content\\\/uploads\\\/2018\\\/07\\\/media_originals\\\/images\\\/headers-life-awards\\\/shri-mataji-recieves-recognition-in-moscow-russia.jpg\",\"width\":990,\"height\":350},{\"@type\":\"BreadcrumbList\",\"@id\":\"https:\\\/\\\/shrimataji.org\\\/test\\\/ro\\\/premii\\\/#breadcrumb\",\"itemListElement\":[{\"@type\":\"ListItem\",\"position\":1,\"name\":\"Home\",\"item\":\"https:\\\/\\\/shrimataji.org\\\/test\\\/uk\\\/home-en\\\/\"},{\"@type\":\"ListItem\",\"position\":2,\"name\":\"Premii\"}]},{\"@type\":\"WebSite\",\"@id\":\"https:\\\/\\\/shrimataji.org\\\/test\\\/#website\",\"url\":\"https:\\\/\\\/shrimataji.org\\\/test\\\/\",\"name\":\"Shri Mataji Nirmala Devi\",\"description\":\"A Life Dedicated to Humanity\",\"publisher\":{\"@id\":\"https:\\\/\\\/shrimataji.org\\\/test\\\/#\\\/schema\\\/person\\\/a1b3419c6585f164aa96da1ff85715d1\"},\"potentialAction\":[{\"@type\":\"SearchAction\",\"target\":{\"@type\":\"EntryPoint\",\"urlTemplate\":\"https:\\\/\\\/shrimataji.org\\\/test\\\/?s={search_term_string}\"},\"query-input\":{\"@type\":\"PropertyValueSpecification\",\"valueRequired\":true,\"valueName\":\"search_term_string\"}}],\"inLanguage\":\"en-US\"},{\"@type\":[\"Person\",\"Organization\"],\"@id\":\"https:\\\/\\\/shrimataji.org\\\/test\\\/#\\\/schema\\\/person\\\/a1b3419c6585f164aa96da1ff85715d1\",\"name\":\"Nirmala Shrivastava\",\"image\":{\"@type\":\"ImageObject\",\"inLanguage\":\"en-US\",\"@id\":\"https:\\\/\\\/shrimataji.org\\\/test\\\/wp-content\\\/uploads\\\/2023\\\/02\\\/SMO_LOGO-03.svg\",\"url\":\"https:\\\/\\\/shrimataji.org\\\/test\\\/wp-content\\\/uploads\\\/2023\\\/02\\\/SMO_LOGO-03.svg\",\"contentUrl\":\"https:\\\/\\\/shrimataji.org\\\/test\\\/wp-content\\\/uploads\\\/2023\\\/02\\\/SMO_LOGO-03.svg\",\"width\":\"1024\",\"height\":\"1024\",\"caption\":\"Nirmala Shrivastava\"},\"logo\":{\"@id\":\"https:\\\/\\\/shrimataji.org\\\/test\\\/wp-content\\\/uploads\\\/2023\\\/02\\\/SMO_LOGO-03.svg\"},\"sameAs\":[\"https:\\\/\\\/shrimataji.org\\\/test\",\"https:\\\/\\\/www.facebook.com\\\/shrimataji\",\"https:\\\/\\\/x.com\\\/shrimataji\",\"https:\\\/\\\/www.youtube.com\\\/@Shri_Mataji_Nirmala_Devi\\\/featured\"]}]}<\/script>\n<!-- \/ Yoast SEO plugin. -->","yoast_head_json":{"title":"Premii - TEST - SMND","robots":{"index":"noindex","follow":"follow","max-snippet":"max-snippet:-1","max-image-preview":"max-image-preview:large","max-video-preview":"max-video-preview:-1"},"og_locale":"en_US","og_type":"article","og_title":"Premii - TEST - SMND","og_description":"Premii Recunoa\u0219tere interna\u021bional\u0103 Munca umanitar\u0103 \u0219i spiritual\u0103 a lui Shri Mataji atrage admira\u021bia nu numai din partea unui num\u0103r enorm de persoane din peste 95 de na\u021biuni care au beneficiat personal de \u00eenv\u0103\u021b\u0103turile Ei, ci \u0219i din partea guvernelor, demnitarilor, institu\u021biilor de \u00eenv\u0103\u021b\u0103m\u00e2nt \u0219i organiza\u021biilor umanitare. Recunosc\u00e2nd natura \u0219tiin\u021bific\u0103 \u0219i u\u0219or de demonstrat a \u00eenv\u0103\u021b\u0103turilor&hellip; Read more","og_url":"https:\/\/shrimataji.org\/test\/ro\/premii\/","og_site_name":"TEST - SMND","article_publisher":"https:\/\/www.facebook.com\/shrimataji","article_modified_time":"2025-07-20T08:08:38+00:00","og_image":[{"width":990,"height":350,"url":"https:\/\/shrimataji.org\/test\/wp-content\/uploads\/2018\/07\/media_originals\/images\/headers-life-awards\/shri-mataji-recieves-recognition-in-moscow-russia.jpg","type":"image\/jpeg"}],"twitter_card":"summary_large_image","twitter_site":"@shrimataji","twitter_misc":{"Est. reading time":"4 minutes"},"schema":{"@context":"https:\/\/schema.org","@graph":[{"@type":"WebPage","@id":"https:\/\/shrimataji.org\/test\/ro\/premii\/","url":"https:\/\/shrimataji.org\/test\/ro\/premii\/","name":"Premii - TEST - SMND","isPartOf":{"@id":"https:\/\/shrimataji.org\/test\/#website"},"primaryImageOfPage":{"@id":"https:\/\/shrimataji.org\/test\/ro\/premii\/#primaryimage"},"image":{"@id":"https:\/\/shrimataji.org\/test\/ro\/premii\/#primaryimage"},"thumbnailUrl":"https:\/\/shrimataji.org\/test\/wp-content\/uploads\/2018\/07\/media_originals\/images\/headers-life-awards\/shri-mataji-recieves-recognition-in-moscow-russia.jpg","datePublished":"2018-07-10T06:54:50+00:00","dateModified":"2025-07-20T08:08:38+00:00","breadcrumb":{"@id":"https:\/\/shrimataji.org\/test\/ro\/premii\/#breadcrumb"},"inLanguage":"en-US","potentialAction":[{"@type":"ReadAction","target":["https:\/\/shrimataji.org\/test\/ro\/premii\/"]}]},{"@type":"ImageObject","inLanguage":"en-US","@id":"https:\/\/shrimataji.org\/test\/ro\/premii\/#primaryimage","url":"https:\/\/shrimataji.org\/test\/wp-content\/uploads\/2018\/07\/media_originals\/images\/headers-life-awards\/shri-mataji-recieves-recognition-in-moscow-russia.jpg","contentUrl":"https:\/\/shrimataji.org\/test\/wp-content\/uploads\/2018\/07\/media_originals\/images\/headers-life-awards\/shri-mataji-recieves-recognition-in-moscow-russia.jpg","width":990,"height":350},{"@type":"BreadcrumbList","@id":"https:\/\/shrimataji.org\/test\/ro\/premii\/#breadcrumb","itemListElement":[{"@type":"ListItem","position":1,"name":"Home","item":"https:\/\/shrimataji.org\/test\/uk\/home-en\/"},{"@type":"ListItem","position":2,"name":"Premii"}]},{"@type":"WebSite","@id":"https:\/\/shrimataji.org\/test\/#website","url":"https:\/\/shrimataji.org\/test\/","name":"Shri Mataji Nirmala Devi","description":"A Life Dedicated to Humanity","publisher":{"@id":"https:\/\/shrimataji.org\/test\/#\/schema\/person\/a1b3419c6585f164aa96da1ff85715d1"},"potentialAction":[{"@type":"SearchAction","target":{"@type":"EntryPoint","urlTemplate":"https:\/\/shrimataji.org\/test\/?s={search_term_string}"},"query-input":{"@type":"PropertyValueSpecification","valueRequired":true,"valueName":"search_term_string"}}],"inLanguage":"en-US"},{"@type":["Person","Organization"],"@id":"https:\/\/shrimataji.org\/test\/#\/schema\/person\/a1b3419c6585f164aa96da1ff85715d1","name":"Nirmala Shrivastava","image":{"@type":"ImageObject","inLanguage":"en-US","@id":"https:\/\/shrimataji.org\/test\/wp-content\/uploads\/2023\/02\/SMO_LOGO-03.svg","url":"https:\/\/shrimataji.org\/test\/wp-content\/uploads\/2023\/02\/SMO_LOGO-03.svg","contentUrl":"https:\/\/shrimataji.org\/test\/wp-content\/uploads\/2023\/02\/SMO_LOGO-03.svg","width":"1024","height":"1024","caption":"Nirmala Shrivastava"},"logo":{"@id":"https:\/\/shrimataji.org\/test\/wp-content\/uploads\/2023\/02\/SMO_LOGO-03.svg"},"sameAs":["https:\/\/shrimataji.org\/test","https:\/\/www.facebook.com\/shrimataji","https:\/\/x.com\/shrimataji","https:\/\/www.youtube.com\/@Shri_Mataji_Nirmala_Devi\/featured"]}]}},"lang":"ro","translations":{"ro":14512,"ur":37691,"en":437,"am":17967,"th":19895,"hu":19442,"sq":18368,"zh":17265,"tr":10136,"pt":10353,"de":10626,"fr":10724,"it":10822,"es":10920,"ja":11217,"ru":11405,"bn":11597,"te":11705,"sw":11828,"he":11976,"el":12267,"sk":12365,"fa":12463,"fi":12561,"bg":13438,"cs":14705,"nl":16528,"ku":16688,"ar":16864,"be":18575,"kn":18849,"mr":20259,"uk":20551,"ml":20850,"ta":22683,"sv":22956,"gu":28804,"pa":28962,"fil":29402,"da":37710,"pl":37927,"nn":38262},"pll_sync_post":[],"_links":{"self":[{"href":"https:\/\/shrimataji.org\/test\/wp-json\/wp\/v2\/pages\/14512","targetHints":{"allow":["GET"]}}],"collection":[{"href":"https:\/\/shrimataji.org\/test\/wp-json\/wp\/v2\/pages"}],"about":[{"href":"https:\/\/shrimataji.org\/test\/wp-json\/wp\/v2\/types\/page"}],"author":[{"embeddable":true,"href":"https:\/\/shrimataji.org\/test\/wp-json\/wp\/v2\/users\/1"}],"replies":[{"embeddable":true,"href":"https:\/\/shrimataji.org\/test\/wp-json\/wp\/v2\/comments?post=14512"}],"version-history":[{"count":0,"href":"https:\/\/shrimataji.org\/test\/wp-json\/wp\/v2\/pages\/14512\/revisions"}],"wp:featuredmedia":[{"embeddable":true,"href":"https:\/\/shrimataji.org\/test\/wp-json\/wp\/v2\/media\/14513"}],"wp:attachment":[{"href":"https:\/\/shrimataji.org\/test\/wp-json\/wp\/v2\/media?parent=14512"}],"curies":[{"name":"wp","href":"https:\/\/api.w.org\/{rel}","templated":true}]}}