{"id":14514,"date":"2018-07-10T06:54:50","date_gmt":"2018-07-10T06:54:50","guid":{"rendered":"http:\/\/testwordpress.nirmalnagari.org\/smnd\/index.php\/public-life\/"},"modified":"2025-06-01T13:02:07","modified_gmt":"2025-06-01T13:02:07","slug":"public-life","status":"publish","type":"page","link":"https:\/\/shrimataji.org\/test\/ro\/public-life\/","title":{"rendered":"Via\u021ba public\u0103"},"content":{"rendered":"\n\n\t<h1>Via\u021ba public\u0103<\/h1>\n<h2>Dedic\u00e2ndu-Se lumii<\/h2>\n\t<h4>Odat\u0103 ce fiicele Ei au crescut \u0219i s-au stabilit la casele lor, Nirmala Srivastava a putut investi mai mult timp \u0219i  aten\u021bie \u00een sfera public\u0103. \u00cen timp ce so\u021bul Ei conducea Organiza\u021bia Maritim\u0103 Interna\u021bional\u0103 a ONU din Londra, Ea \u0219i-a \u00eenceput acolo munca spiritual\u0103, cu un grup mic de oameni. De asemenea, a \u00eenceput s\u0103 fac\u0103 c\u0103l\u0103torii prin \u021bar\u0103, \u021bin\u00e2nd prelegeri \u0219i oferind experien\u021ba Realiz\u0103rii Sinelui. Nirmala avea s\u0103 devin\u0103 cunoscut\u0103 \u00een cur\u00e2nd cu titlul onorific de Shri Mataji, adic\u0103 \u201eMam\u0103 respectat\u0103&#8221;, pentru c\u0103 cei din jurul Ei ajunseser\u0103 s\u0103-i recunoasc\u0103 calit\u0103\u021bile spirituale \u0219i materne excep\u021bionale.<\/h4>\n\t<p>Ea nu a perceput niciodat\u0103 bani pentru aceste prelegeri \u0219i nici pentru Realizarea Sinelui, insist\u00e2nd pe faptul c\u0103 trezirea energiei spirituale latente din interiorul tuturor fiin\u021belor umane era dreptul lor din na\u0219tere \u0219i prin urmare, nu puteau pl\u0103ti pentru acest lucru. Metoda de medita\u021bie bazat\u0103 pe Realizarea Sinelui dezvoltat\u0103 de Shri Mataji a fost numit\u0103 <a href=\"\/site\/sahaja-yoga.html\" target=\"_blank\" rel=\"noopener\">Sahaja Yoga<\/a>. Concentr\u00e2ndu-\u0219i eforturile la \u00eenceput \u00een Regatul Unit, \u0219i-a dus mesajul deopotriv\u0103 c\u0103tre publicul din micile ora\u0219e sau din marile metropole. A c\u0103l\u0103torit prin \u021bar\u0103 d\u00e2nd interviuri la radio \u0219i televiziune, \u021bin\u00e2nd prelegeri \u00een s\u0103lile publice \u0219i petrec\u00e2nd ore \u00eentregi dup\u0103 aceea cu persoanele din audien\u021b\u0103, ascult\u00e2nd cu r\u0103bdare pove\u0219tile \u0219i problemele lor \u0219i oferindu-le sfaturi.<\/p>\n\t\t<iframe loading=\"lazy\" title=\"The Time For Realization Is Now\" width=\"1920\" height=\"1080\" src=\"https:\/\/www.youtube.com\/embed\/4X6QxLepxT0?feature=oembed\" frameborder=\"0\" allow=\"accelerometer; autoplay; clipboard-write; encrypted-media; gyroscope; picture-in-picture; web-share\" allowfullscreen><\/iframe>\t\n\t<p>Acesta avea s\u0103 fie modelul anilor *80, c\u00e2nd Shri Mataji a \u00eenceput s\u0103 c\u0103l\u0103toreasc\u0103 \u00een Europa, Australia \u0219i America de Nord. Ea a predat Sahaja Yoga gratuit tuturor celor interesa\u021bi \u0219i a luat parte la dezbateri aprinse \u0219i la sesiuni de \u00eentreb\u0103ri \u0219i r\u0103spunsuri despre rolul spiritualit\u0103\u021bii \u00een timpurile moderne.<\/p>\n<p>\u00cen anii &#8217;90 c\u0103l\u0103toriile Sale s-au r\u0103sp\u00e2ndit \u00een America de Sud, Europa de Est, Asia \u0219i regiunea Pacificului.<\/p>\n<p>Multe <a href=\"\/awards\/\" target=\"_blank\" rel=\"noopener\">premii onorifice \u0219i distinc\u021bii<\/a> i-au fost acordate de c\u0103tre institu\u021bii din \u00eentreaga lume. \u00cen anul 1995, a luat cuv\u00e2ntul la <a href=\"\/un-womens-conference\/\" target=\"_blank\" rel=\"noopener\">cea de-a patra Conferin\u021b\u0103 Mondial\u0103 a Femeilor de la Beijing<\/a>. A vorbit de asemenea la ONU  despre pacea mondial\u0103.<\/p>\n\t\t\t\t<img decoding=\"async\" src=\"https:\/\/shrimataji.org\/test\/wp-content\/uploads\/2018\/11\/shri-mataji-greeting-the-queen-2.jpg\" alt=\"Shri Mataji with Queen Elizabeth II\" itemprop=\"image\" height=\"320\" width=\"460\" title=\"shri-mataji-greeting-the-queen-2\" onerror=\"this.style.display='none'\" loading='lazy' \/>\n\t\t\u0d0e\u0d32\u0d3f\u0d38\u0d2c\u0d24\u0d4d\u0d24\u0d4d \u0d30\u0d3e\u0d1c\u0d4d\u0d1e\u0d3f\u0d2f\u0d4b\u0d1f\u0d4a\u0d2a\u0d4d\u0d2a\u0d02 \u0d36\u0d4d\u0d30\u0d40 \u0d2e\u0d3e\u0d24\u0d3e\u0d1c\u0d3f\n\t<p>\u00cen 1997, Claes Nobel \u0219i-a exprimat admira\u021bia pentru Shri Mataji \u0219i Sahaja Yoga, pe care le-a descris drept \u201eun punct de referin\u021b\u0103 pentru a deosebi binele de r\u0103u&#8221; \u0219i ca \u201eo surs\u0103 de speran\u021b\u0103 pentru umanitate&#8221;.<\/p>\n\t<div class=\"su-quote su-quote-style-default\"><div class=\"su-quote-inner su-u-clearfix su-u-trim\">C\u00e2\u0219tigul este pacea pe care ai atins-o, dragostea pe care ai dezvoltat-o, compasiunea pe care o po\u021bi emana, multitudinea rela\u021biilor \u0219i raporturilor pe care le po\u021bi stabili cu ceilal\u021bi.<\/div><\/div>\n\n","protected":false},"excerpt":{"rendered":"<p>Via\u021ba public\u0103 Dedic\u00e2ndu-Se lumii Odat\u0103 ce fiicele Ei au crescut \u0219i s-au stabilit la casele lor, Nirmala Srivastava a putut investi mai mult timp \u0219i aten\u021bie \u00een sfera public\u0103. \u00cen timp ce so\u021bul Ei conducea Organiza\u021bia Maritim\u0103 Interna\u021bional\u0103 a ONU din Londra, Ea \u0219i-a \u00eenceput acolo munca spiritual\u0103, cu un grup mic de oameni. De&hellip; <br \/> <a class=\"read-more\" href=\"https:\/\/shrimataji.org\/test\/ro\/public-life\/\">Read more<\/a><\/p>\n","protected":false},"author":1,"featured_media":14515,"parent":0,"menu_order":0,"comment_status":"closed","ping_status":"closed","template":"","meta":{"inline_featured_image":false,"footnotes":""},"class_list":["post-14514","page","type-page","status-publish","has-post-thumbnail","hentry"],"yoast_head":"<!-- This site is optimized with the Yoast SEO plugin v27.4 - https:\/\/yoast.com\/product\/yoast-seo-wordpress\/ -->\n<title>Via\u021ba public\u0103 - TEST - SMND<\/title>\n<meta name=\"robots\" content=\"noindex, follow, max-snippet:-1, max-image-preview:large, max-video-preview:-1\" \/>\n<meta property=\"og:locale\" content=\"en_US\" \/>\n<meta property=\"og:type\" content=\"article\" \/>\n<meta property=\"og:title\" content=\"Via\u021ba public\u0103 - TEST - SMND\" \/>\n<meta property=\"og:description\" content=\"Via\u021ba public\u0103 Dedic\u00e2ndu-Se lumii Odat\u0103 ce fiicele Ei au crescut \u0219i s-au stabilit la casele lor, Nirmala Srivastava a putut investi mai mult timp \u0219i aten\u021bie \u00een sfera public\u0103. \u00cen timp ce so\u021bul Ei conducea Organiza\u021bia Maritim\u0103 Interna\u021bional\u0103 a ONU din Londra, Ea \u0219i-a \u00eenceput acolo munca spiritual\u0103, cu un grup mic de oameni. De&hellip; Read more\" \/>\n<meta property=\"og:url\" content=\"https:\/\/shrimataji.org\/test\/ro\/public-life\/\" \/>\n<meta property=\"og:site_name\" content=\"TEST - SMND\" \/>\n<meta property=\"article:publisher\" content=\"https:\/\/www.facebook.com\/shrimataji\" \/>\n<meta property=\"article:modified_time\" content=\"2025-06-01T13:02:07+00:00\" \/>\n<meta property=\"og:image\" content=\"https:\/\/shrimataji.org\/test\/wp-content\/uploads\/2023\/03\/9_Banner-PublicLife-2-scaled.jpg\" \/>\n\t<meta property=\"og:image:width\" content=\"2560\" \/>\n\t<meta property=\"og:image:height\" content=\"905\" \/>\n\t<meta property=\"og:image:type\" content=\"image\/jpeg\" \/>\n<meta name=\"twitter:card\" content=\"summary_large_image\" \/>\n<meta name=\"twitter:site\" content=\"@shrimataji\" \/>\n<meta name=\"twitter:label1\" content=\"Est. reading time\" \/>\n\t<meta name=\"twitter:data1\" content=\"2 minutes\" \/>\n<script type=\"application\/ld+json\" class=\"yoast-schema-graph\">{\"@context\":\"https:\\\/\\\/schema.org\",\"@graph\":[{\"@type\":\"WebPage\",\"@id\":\"https:\\\/\\\/shrimataji.org\\\/test\\\/ro\\\/public-life\\\/\",\"url\":\"https:\\\/\\\/shrimataji.org\\\/test\\\/ro\\\/public-life\\\/\",\"name\":\"Via\u021ba public\u0103 - TEST - SMND\",\"isPartOf\":{\"@id\":\"https:\\\/\\\/shrimataji.org\\\/test\\\/#website\"},\"primaryImageOfPage\":{\"@id\":\"https:\\\/\\\/shrimataji.org\\\/test\\\/ro\\\/public-life\\\/#primaryimage\"},\"image\":{\"@id\":\"https:\\\/\\\/shrimataji.org\\\/test\\\/ro\\\/public-life\\\/#primaryimage\"},\"thumbnailUrl\":\"https:\\\/\\\/shrimataji.org\\\/test\\\/wp-content\\\/uploads\\\/2023\\\/03\\\/9_Banner-PublicLife-2-scaled.jpg\",\"datePublished\":\"2018-07-10T06:54:50+00:00\",\"dateModified\":\"2025-06-01T13:02:07+00:00\",\"breadcrumb\":{\"@id\":\"https:\\\/\\\/shrimataji.org\\\/test\\\/ro\\\/public-life\\\/#breadcrumb\"},\"inLanguage\":\"en-US\",\"potentialAction\":[{\"@type\":\"ReadAction\",\"target\":[\"https:\\\/\\\/shrimataji.org\\\/test\\\/ro\\\/public-life\\\/\"]}]},{\"@type\":\"ImageObject\",\"inLanguage\":\"en-US\",\"@id\":\"https:\\\/\\\/shrimataji.org\\\/test\\\/ro\\\/public-life\\\/#primaryimage\",\"url\":\"https:\\\/\\\/shrimataji.org\\\/test\\\/wp-content\\\/uploads\\\/2023\\\/03\\\/9_Banner-PublicLife-2-scaled.jpg\",\"contentUrl\":\"https:\\\/\\\/shrimataji.org\\\/test\\\/wp-content\\\/uploads\\\/2023\\\/03\\\/9_Banner-PublicLife-2-scaled.jpg\",\"width\":2560,\"height\":905},{\"@type\":\"BreadcrumbList\",\"@id\":\"https:\\\/\\\/shrimataji.org\\\/test\\\/ro\\\/public-life\\\/#breadcrumb\",\"itemListElement\":[{\"@type\":\"ListItem\",\"position\":1,\"name\":\"Home\",\"item\":\"https:\\\/\\\/shrimataji.org\\\/test\\\/uk\\\/home-en\\\/\"},{\"@type\":\"ListItem\",\"position\":2,\"name\":\"Via\u021ba public\u0103\"}]},{\"@type\":\"WebSite\",\"@id\":\"https:\\\/\\\/shrimataji.org\\\/test\\\/#website\",\"url\":\"https:\\\/\\\/shrimataji.org\\\/test\\\/\",\"name\":\"Shri Mataji Nirmala Devi\",\"description\":\"A Life Dedicated to Humanity\",\"publisher\":{\"@id\":\"https:\\\/\\\/shrimataji.org\\\/test\\\/#\\\/schema\\\/person\\\/a1b3419c6585f164aa96da1ff85715d1\"},\"potentialAction\":[{\"@type\":\"SearchAction\",\"target\":{\"@type\":\"EntryPoint\",\"urlTemplate\":\"https:\\\/\\\/shrimataji.org\\\/test\\\/?s={search_term_string}\"},\"query-input\":{\"@type\":\"PropertyValueSpecification\",\"valueRequired\":true,\"valueName\":\"search_term_string\"}}],\"inLanguage\":\"en-US\"},{\"@type\":[\"Person\",\"Organization\"],\"@id\":\"https:\\\/\\\/shrimataji.org\\\/test\\\/#\\\/schema\\\/person\\\/a1b3419c6585f164aa96da1ff85715d1\",\"name\":\"Nirmala Shrivastava\",\"image\":{\"@type\":\"ImageObject\",\"inLanguage\":\"en-US\",\"@id\":\"https:\\\/\\\/shrimataji.org\\\/test\\\/wp-content\\\/uploads\\\/2023\\\/02\\\/SMO_LOGO-03.svg\",\"url\":\"https:\\\/\\\/shrimataji.org\\\/test\\\/wp-content\\\/uploads\\\/2023\\\/02\\\/SMO_LOGO-03.svg\",\"contentUrl\":\"https:\\\/\\\/shrimataji.org\\\/test\\\/wp-content\\\/uploads\\\/2023\\\/02\\\/SMO_LOGO-03.svg\",\"width\":\"1024\",\"height\":\"1024\",\"caption\":\"Nirmala Shrivastava\"},\"logo\":{\"@id\":\"https:\\\/\\\/shrimataji.org\\\/test\\\/wp-content\\\/uploads\\\/2023\\\/02\\\/SMO_LOGO-03.svg\"},\"sameAs\":[\"https:\\\/\\\/shrimataji.org\\\/test\",\"https:\\\/\\\/www.facebook.com\\\/shrimataji\",\"https:\\\/\\\/x.com\\\/shrimataji\",\"https:\\\/\\\/www.youtube.com\\\/@Shri_Mataji_Nirmala_Devi\\\/featured\"]}]}<\/script>\n<!-- \/ Yoast SEO plugin. -->","yoast_head_json":{"title":"Via\u021ba public\u0103 - TEST - SMND","robots":{"index":"noindex","follow":"follow","max-snippet":"max-snippet:-1","max-image-preview":"max-image-preview:large","max-video-preview":"max-video-preview:-1"},"og_locale":"en_US","og_type":"article","og_title":"Via\u021ba public\u0103 - TEST - SMND","og_description":"Via\u021ba public\u0103 Dedic\u00e2ndu-Se lumii Odat\u0103 ce fiicele Ei au crescut \u0219i s-au stabilit la casele lor, Nirmala Srivastava a putut investi mai mult timp \u0219i aten\u021bie \u00een sfera public\u0103. \u00cen timp ce so\u021bul Ei conducea Organiza\u021bia Maritim\u0103 Interna\u021bional\u0103 a ONU din Londra, Ea \u0219i-a \u00eenceput acolo munca spiritual\u0103, cu un grup mic de oameni. De&hellip; Read more","og_url":"https:\/\/shrimataji.org\/test\/ro\/public-life\/","og_site_name":"TEST - SMND","article_publisher":"https:\/\/www.facebook.com\/shrimataji","article_modified_time":"2025-06-01T13:02:07+00:00","og_image":[{"width":2560,"height":905,"url":"https:\/\/shrimataji.org\/test\/wp-content\/uploads\/2023\/03\/9_Banner-PublicLife-2-scaled.jpg","type":"image\/jpeg"}],"twitter_card":"summary_large_image","twitter_site":"@shrimataji","twitter_misc":{"Est. reading time":"2 minutes"},"schema":{"@context":"https:\/\/schema.org","@graph":[{"@type":"WebPage","@id":"https:\/\/shrimataji.org\/test\/ro\/public-life\/","url":"https:\/\/shrimataji.org\/test\/ro\/public-life\/","name":"Via\u021ba public\u0103 - TEST - SMND","isPartOf":{"@id":"https:\/\/shrimataji.org\/test\/#website"},"primaryImageOfPage":{"@id":"https:\/\/shrimataji.org\/test\/ro\/public-life\/#primaryimage"},"image":{"@id":"https:\/\/shrimataji.org\/test\/ro\/public-life\/#primaryimage"},"thumbnailUrl":"https:\/\/shrimataji.org\/test\/wp-content\/uploads\/2023\/03\/9_Banner-PublicLife-2-scaled.jpg","datePublished":"2018-07-10T06:54:50+00:00","dateModified":"2025-06-01T13:02:07+00:00","breadcrumb":{"@id":"https:\/\/shrimataji.org\/test\/ro\/public-life\/#breadcrumb"},"inLanguage":"en-US","potentialAction":[{"@type":"ReadAction","target":["https:\/\/shrimataji.org\/test\/ro\/public-life\/"]}]},{"@type":"ImageObject","inLanguage":"en-US","@id":"https:\/\/shrimataji.org\/test\/ro\/public-life\/#primaryimage","url":"https:\/\/shrimataji.org\/test\/wp-content\/uploads\/2023\/03\/9_Banner-PublicLife-2-scaled.jpg","contentUrl":"https:\/\/shrimataji.org\/test\/wp-content\/uploads\/2023\/03\/9_Banner-PublicLife-2-scaled.jpg","width":2560,"height":905},{"@type":"BreadcrumbList","@id":"https:\/\/shrimataji.org\/test\/ro\/public-life\/#breadcrumb","itemListElement":[{"@type":"ListItem","position":1,"name":"Home","item":"https:\/\/shrimataji.org\/test\/uk\/home-en\/"},{"@type":"ListItem","position":2,"name":"Via\u021ba public\u0103"}]},{"@type":"WebSite","@id":"https:\/\/shrimataji.org\/test\/#website","url":"https:\/\/shrimataji.org\/test\/","name":"Shri Mataji Nirmala Devi","description":"A Life Dedicated to Humanity","publisher":{"@id":"https:\/\/shrimataji.org\/test\/#\/schema\/person\/a1b3419c6585f164aa96da1ff85715d1"},"potentialAction":[{"@type":"SearchAction","target":{"@type":"EntryPoint","urlTemplate":"https:\/\/shrimataji.org\/test\/?s={search_term_string}"},"query-input":{"@type":"PropertyValueSpecification","valueRequired":true,"valueName":"search_term_string"}}],"inLanguage":"en-US"},{"@type":["Person","Organization"],"@id":"https:\/\/shrimataji.org\/test\/#\/schema\/person\/a1b3419c6585f164aa96da1ff85715d1","name":"Nirmala Shrivastava","image":{"@type":"ImageObject","inLanguage":"en-US","@id":"https:\/\/shrimataji.org\/test\/wp-content\/uploads\/2023\/02\/SMO_LOGO-03.svg","url":"https:\/\/shrimataji.org\/test\/wp-content\/uploads\/2023\/02\/SMO_LOGO-03.svg","contentUrl":"https:\/\/shrimataji.org\/test\/wp-content\/uploads\/2023\/02\/SMO_LOGO-03.svg","width":"1024","height":"1024","caption":"Nirmala Shrivastava"},"logo":{"@id":"https:\/\/shrimataji.org\/test\/wp-content\/uploads\/2023\/02\/SMO_LOGO-03.svg"},"sameAs":["https:\/\/shrimataji.org\/test","https:\/\/www.facebook.com\/shrimataji","https:\/\/x.com\/shrimataji","https:\/\/www.youtube.com\/@Shri_Mataji_Nirmala_Devi\/featured"]}]}},"lang":"ro","translations":{"ro":14514,"ur":37481,"en":438,"am":18056,"th":20029,"hu":19542,"sq":18457,"zh":17354,"tr":10197,"pt":10407,"de":10681,"fr":10779,"it":10877,"es":10974,"ja":11271,"ru":11459,"bn":11651,"te":11759,"sw":11882,"he":12030,"el":12322,"sk":12420,"fa":12518,"fi":12616,"bg":13440,"cs":14707,"nl":16617,"ku":16777,"ar":16953,"be":18664,"kn":18938,"mr":20393,"uk":20687,"ml":20982,"ta":22775,"sv":23045,"gu":28889,"pa":29049,"fil":29493,"da":37792,"pl":38004,"nn":38344},"pll_sync_post":[],"_links":{"self":[{"href":"https:\/\/shrimataji.org\/test\/wp-json\/wp\/v2\/pages\/14514","targetHints":{"allow":["GET"]}}],"collection":[{"href":"https:\/\/shrimataji.org\/test\/wp-json\/wp\/v2\/pages"}],"about":[{"href":"https:\/\/shrimataji.org\/test\/wp-json\/wp\/v2\/types\/page"}],"author":[{"embeddable":true,"href":"https:\/\/shrimataji.org\/test\/wp-json\/wp\/v2\/users\/1"}],"replies":[{"embeddable":true,"href":"https:\/\/shrimataji.org\/test\/wp-json\/wp\/v2\/comments?post=14514"}],"version-history":[{"count":0,"href":"https:\/\/shrimataji.org\/test\/wp-json\/wp\/v2\/pages\/14514\/revisions"}],"wp:featuredmedia":[{"embeddable":true,"href":"https:\/\/shrimataji.org\/test\/wp-json\/wp\/v2\/media\/14515"}],"wp:attachment":[{"href":"https:\/\/shrimataji.org\/test\/wp-json\/wp\/v2\/media?parent=14514"}],"curies":[{"name":"wp","href":"https:\/\/api.w.org\/{rel}","templated":true}]}}